{"id":14473,"date":"2023-07-05T17:04:21","date_gmt":"2023-07-05T23:04:21","guid":{"rendered":"https:\/\/mivoot.com\/gt\/?post_type=product&#038;p=14473"},"modified":"2024-10-24T13:57:46","modified_gmt":"2024-10-24T19:57:46","slug":"audifonos-bluetooth-jbl-endurance-sprint-negro","status":"publish","type":"product","link":"https:\/\/mivoot.com\/gt\/producto\/audifonos-bluetooth-jbl-endurance-sprint-negro\/","title":{"rendered":"Audifonos Bluetooth JBL Endurance Sprint Negro"},"content":{"rendered":"<h2><strong>Descripci\u00f3n del producto<\/strong><\/h2>\n<div class=\"spec-row\"><span class=\"spec-key -full\">No dejes que nada detenga tu entrenamiento. Inal\u00e1mbrico e IPX7 a prueba de agua, los auriculares JBL Endurance SPRINT siempre est\u00e1n listos para funcionar, y con Speed Charge puede obtener hasta una hora de tiempo de escucha despu\u00e9s de cargar la bater\u00eda de 8 horas (m\u00e1x.) Durante solo 10 minutos. Muy c\u00f3modos con las puntas de los o\u00eddos FlexSoft \u2122 y la tecnolog\u00eda TwistLock \u2122, estos botones de ajuste seguros fueron dise\u00f1ados desde cero para amplificar su entrenamiento. Se garantiza que nunca se lastimar\u00e1n ni se caer\u00e1n, mientras que los controles t\u00e1ctiles le permiten administrar f\u00e1cilmente la m\u00fasica y MagHook \u2122 le permite asegurarlos convenientemente al alcance de la mano cuando haya terminado de usarlos.<\/span><\/div>\n<div><\/div>\n<div><\/div>\n<h2 class=\"spec-row\" style=\"text-align: center\"><strong style=\"font-size: 23.04px;text-align: center\">Caracter\u00edsticas<\/strong><\/h2>\n<div>\n<div class=\"expanded-features\">\n<div class=\"expanded-feature -lifestyle not-in-view\">\n<div class=\"copy\">\n<h3 style=\"text-align: center\"><strong><img fetchpriority=\"high\" decoding=\"async\" class=\"alignleft\" src=\"https:\/\/www.jbl.com.au\/on\/demandware.static\/-\/Sites-masterCatalog_Harman\/default\/dw4029c47d\/pdp\/JBL_Endurance_Sprint_Lifestyle_f01.jpg\" width=\"465\" height=\"288\" \/><\/strong><\/h3>\n<h3><\/h3>\n<h3 style=\"text-align: center\"><strong>H<\/strong><strong>asta 8 horas de reproducci\u00f3n inal\u00e1mbrica con bater\u00eda Speed Charge<\/strong><\/h3>\n<p>Bluetooth\u00ae wireless le permite transmitir m\u00fasica de alta calidad sin la preocupaci\u00f3n de que los cables desordenados interfieran con su entrenamiento. En solo 10 minutos, puede encender sus auriculares hasta por una hora de uso.<\/p>\n<\/div>\n<\/div>\n<div class=\"expanded-feature -lifestyle in-view\">\n<p>&nbsp;<\/p>\n<div class=\"copy\">\n<h3><\/h3>\n<\/div>\n<\/div>\n<\/div>\n<\/div>\n<h3><\/h3>\n<p>&nbsp;<\/p>\n<p>&nbsp;<\/p>\n<div>\n<div class=\"expanded-features\">\n<div class=\"expanded-feature -lifestyle in-view\">\n<div class=\"copy\">\n<h3 style=\"text-align: center\"><strong><img decoding=\"async\" class=\"alignright\" src=\"https:\/\/www.jbl.com.au\/on\/demandware.static\/-\/Sites-masterCatalog_Harman\/default\/dw09da1739\/pdp\/JBL_Endurance_Sprint_lifestyle_maghook_f02.png\" width=\"475\" height=\"294\" \/><\/strong><\/h3>\n<\/div>\n<\/div>\n<\/div>\n<\/div>\n<p>&nbsp;<\/p>\n<div>\n<div class=\"expanded-features\">\n<div class=\"expanded-feature -lifestyle in-view\">\n<div class=\"copy\">\n<h3 style=\"text-align: center\"><strong>MagHook \u2122<\/strong><\/h3>\n<\/div>\n<p>El dise\u00f1o seguro del gancho para los o\u00eddos proporciona la m\u00e1xima estabilidad durante el entrenamiento. Cuando no est\u00e1 en uso, el gancho magn\u00e9tico proporciona una soluci\u00f3n de almacenamiento conveniente para sus auriculares. P\u00f3ngase la camisa o alrededor de su bolso para una f\u00e1cil administraci\u00f3n.<\/p>\n<\/div>\n<div class=\"expanded-feature -lifestyle in-view\">\n<div class=\"copy\">\n<h3 style=\"text-align: center\"><\/h3>\n<\/div>\n<\/div>\n<\/div>\n<\/div>\n<h3><\/h3>\n<p>&nbsp;<\/p>\n<p>&nbsp;<\/p>\n<p>&nbsp;<\/p>\n<div>\n<div class=\"expanded-features\">\n<div class=\"expanded-feature -lifestyle in-view\">\n<div class=\"copy\">\n<h3 style=\"text-align: center\"><strong><img decoding=\"async\" class=\"alignleft\" src=\"https:\/\/www.jbl.com.au\/on\/demandware.static\/-\/Sites-masterCatalog_Harman\/default\/dw837fb219\/pdp\/JBL_Endurance_Sprint_lifestyle_neverhurt_f03.png\" width=\"457\" height=\"283\" \/><\/strong><\/h3>\n<\/div>\n<\/div>\n<\/div>\n<\/div>\n<h3><\/h3>\n<p>&nbsp;<\/p>\n<div>\n<div class=\"expanded-features\">\n<div class=\"expanded-feature -lifestyle in-view\">\n<div class=\"copy\">\n<h3><\/h3>\n<h3 style=\"text-align: center\"><strong>Nunca duele. Nunca te caigas.<\/strong><\/h3>\n<p>Gracias a las tecnolog\u00edas TwistLock \u2122 y FlexSoft \u2122, estos auriculares son livianos y est\u00e1n construidos ergon\u00f3micamente para garantizar la comodidad y la estabilidad sin importar el entrenamiento.<\/p>\n<\/div>\n<\/div>\n<\/div>\n<\/div>\n<p>&nbsp;<\/p>\n<p>&nbsp;<\/p>\n<p>&nbsp;<\/p>\n<p>&nbsp;<\/p>\n<div class=\"spec-accordion -active\">\n<h3><strong>Especificaciones generales<\/strong><\/h3>\n<div class=\"accordion-content\">\n<ul>\n<li class=\"spec-row\"><span class=\"spec-key\">Tama\u00f1o del conductor (mm): <\/span><span class=\"spec-value\">10.0<\/span><\/li>\n<\/ul>\n<\/div>\n<\/div>\n<div class=\"spec-accordion -active\">\n<h3><strong>Especificaciones de audi<\/strong><strong>o<\/strong><\/h3>\n<div class=\"accordion-content\">\n<ul>\n<li class=\"spec-row\"><span class=\"spec-key\">N\u00famero de conductores por oreja: <\/span><span class=\"spec-value\">1.0<\/span><\/li>\n<li class=\"spec-row\"><span class=\"spec-key\">Sensibilidad del conductor a 1 kHz \/ 1mW (dB): <\/span><span class=\"spec-value\">-20dB<\/span><\/li>\n<li class=\"spec-row\"><span class=\"spec-key\">Rango din\u00e1mico de respuesta de frecuencia (Hz): <\/span><span class=\"spec-value\">20Hz \u2013 20kHz<\/span><\/li>\n<li class=\"spec-row\"><span class=\"spec-key\">Impedancia (ohmios): <\/span><span class=\"spec-value\">16.0<\/span><\/li>\n<\/ul>\n<\/div>\n<\/div>\n<div class=\"spec-accordion -active\">\n<p><img decoding=\"async\" class=\"alignright\" style=\"font-size: 14.4px\" src=\"https:\/\/www.jbl.com.au\/dw\/image\/v2\/AAUJ_PRD\/on\/demandware.static\/-\/Sites-masterCatalog_Harman\/default\/dw980c26a2\/pdp\/\/JBL_Endurance-Sprint-1605x1605px.png?sw=590&amp;sfrm=png\" \/><\/p>\n<h3><strong>Especificaciones de control y conexi\u00f3n<\/strong><\/h3>\n<div class=\"accordion-content\">\n<ul>\n<li class=\"spec-row\"><span class=\"spec-key\">Versi\u00f3n Bluetooth: <\/span><span class=\"spec-value\">4.2<\/span><\/li>\n<li class=\"spec-row\"><span class=\"spec-key\">Perfiles Bluetooth: <\/span><span class=\"spec-value\">HFP v1.6, A2DP v1.3, AVRCP v1.5<\/span><\/li>\n<li class=\"spec-row\"><span class=\"spec-key\">Frecuencia Bluetooth: <\/span><span class=\"spec-value\">2.402GHz-2.48GHz<\/span><\/li>\n<li class=\"spec-row\"><span class=\"spec-key\">Modulaci\u00f3n transmitida por Bluetooth: <\/span><span class=\"spec-value\">GFSK, \u03c0 \/ 4DQPSK <\/span><span class=\"spec-value\">8DPSK<\/span><\/li>\n<li class=\"spec-row\"><span class=\"spec-key\">Transmisor de alimentaci\u00f3n Bluetooth: <\/span><span class=\"spec-value\">4 dbm<\/span><\/li>\n<\/ul>\n<\/div>\n<\/div>\n<div class=\"spec-accordion -active\">\n<h3><strong>Bater\u00eda<\/strong><\/h3>\n<div class=\"accordion-content\">\n<ul>\n<li class=\"spec-row\"><span class=\"spec-key\">Tiempo de carga (horas desde el vac\u00edo): <\/span><span class=\"spec-value\">TBC<\/span><\/li>\n<li class=\"spec-row\"><span class=\"spec-key\">Tiempo m\u00e1ximo de reproducci\u00f3n de m\u00fasica con ANC apagado (horas): <\/span><span class=\"spec-value\">8.0<\/span><\/li>\n<li class=\"spec-row\"><span class=\"spec-key\">Tiempo m\u00e1ximo de juego (horas): <\/span><span class=\"spec-value\">8<\/span><\/li>\n<\/ul>\n<\/div>\n<\/div>\n<div class=\"spec-accordion -active\">\n<h3><strong>Caracter\u00edsticas<\/strong><\/h3>\n<div class=\"accordion-content\">\n<ul>\n<li class=\"spec-row\"><span class=\"spec-key\">Siri \/ Google ahora: <\/span><span class=\"spec-value\">No<\/span><\/li>\n<li class=\"spec-row\"><span class=\"spec-key\">Llamada manos libres: <\/span><span class=\"spec-value\">Si<\/span><\/li>\n<li class=\"spec-row\"><span class=\"spec-key\">Ajuste seguro: <\/span><span class=\"spec-value\">Si<\/span><\/li>\n<li class=\"spec-row\"><span class=\"spec-key\">Control t\u00e1ctil: <\/span><span class=\"spec-value\">Si<\/span><\/li>\n<li class=\"spec-row\"><span class=\"spec-key\">Twistlock: <\/span><span class=\"spec-value\">Si<\/span><\/li>\n<li class=\"spec-row\"><span class=\"spec-key\">Impermeable: <\/span><span class=\"spec-value\">Si<\/span><\/li>\n<li class=\"spec-row\"><span class=\"spec-key\">En la oreja: <\/span><span class=\"spec-value\">Si<\/span><\/li>\n<li class=\"spec-row\"><span class=\"spec-key\">C\u00f3digo IP: <\/span><span class=\"spec-value\">IPX7<\/span><\/li>\n<li class=\"spec-row\"><span class=\"spec-key\">Micr\u00f3fono incorporado: <\/span><span class=\"spec-value\">Si<\/span><\/li>\n<li class=\"spec-row\"><span class=\"spec-key\">Inal\u00e1mbrico: <\/span><span class=\"spec-value\">Si<\/span><\/li>\n<li class=\"spec-row\"><span class=\"spec-key\">Carga de velocidad: <\/span><span class=\"spec-value\">Si<\/span><\/li>\n<li class=\"spec-row\"><span class=\"spec-key\">Bater\u00eda recargable: <\/span><span class=\"spec-value\">Si<\/span><\/li>\n<\/ul>\n<\/div>\n<\/div>\n","protected":false},"excerpt":{"rendered":"<p>Auriculares deportivos impermeables inal\u00e1mbricos.<br \/>\nSujeci\u00f3n c\u00f3moda. Sujeci\u00f3n segura.<br \/>\nControles t\u00e1ctiles de f\u00e1cil alcance.<br \/>\nHasta 8 horas de reproducci\u00f3n inal\u00e1mbrica con bater\u00eda Speed \u200b\u200bCharge.<br \/>\nDise\u00f1o MagHook.<br \/>\nLlamadas con manos libres.<br \/>\nBluetooth versi\u00f3n 4.2.<br \/>\nCompatible con dispositivos moviles Bluetooth.<br \/>\nDise\u00f1ados ergon\u00f3micamente para garantizar comodidad y estabilidad sin importar el entrenamiento.<\/p>\n","protected":false},"featured_media":23421,"comment_status":"open","ping_status":"closed","template":"","meta":{"jetpack_publicize_message":"","jetpack_publicize_feature_enabled":true,"jetpack_social_post_already_shared":true,"jetpack_social_options":{"image_generator_settings":{"template":"highway","default_image_id":0,"font":"","enabled":false},"version":2}},"pwb-brand":[75],"product_brand":[],"product_cat":[23],"product_tag":[],"class_list":{"0":"post-14473","1":"product","2":"type-product","3":"status-publish","4":"has-post-thumbnail","6":"pwb-brand-jbl","7":"product_cat-audifonos-bluetooth","9":"first","10":"onbackorder","11":"taxable","12":"shipping-taxable","13":"purchasable","14":"product-type-simple"},"yoast_head":"<!-- This site is optimized with the Yoast SEO Premium plugin v25.7.1 (Yoast SEO v26.8) - https:\/\/yoast.com\/product\/yoast-seo-premium-wordpress\/ -->\n<title>Audifonos Bluetooth JBL Endurance Sprint Negro - Mivoot<\/title>\n<meta name=\"robots\" content=\"index, follow, max-snippet:-1, max-image-preview:large, max-video-preview:-1\" \/>\n<link rel=\"canonical\" href=\"https:\/\/mivoot.com\/gt\/producto\/audifonos-bluetooth-jbl-endurance-sprint-negro\/\" \/>\n<meta property=\"og:locale\" content=\"es_ES\" \/>\n<meta property=\"og:type\" content=\"article\" \/>\n<meta property=\"og:title\" content=\"Audifonos Bluetooth JBL Endurance Sprint Negro\" \/>\n<meta property=\"og:description\" content=\"Auriculares deportivos impermeables inal\u00e1mbricos. Sujeci\u00f3n c\u00f3moda. Sujeci\u00f3n segura. Controles t\u00e1ctiles de f\u00e1cil alcance. Hasta 8 horas de reproducci\u00f3n inal\u00e1mbrica con bater\u00eda Speed \u200b\u200bCharge. Dise\u00f1o MagHook. Llamadas con manos libres. Bluetooth versi\u00f3n 4.2. Compatible con dispositivos moviles Bluetooth. Dise\u00f1ados ergon\u00f3micamente para garantizar comodidad y estabilidad sin importar el entrenamiento.\" \/>\n<meta property=\"og:url\" content=\"https:\/\/mivoot.com\/gt\/producto\/audifonos-bluetooth-jbl-endurance-sprint-negro\/\" \/>\n<meta property=\"og:site_name\" content=\"Mivoot\" \/>\n<meta property=\"article:publisher\" content=\"https:\/\/www.facebook.com\/mivootgt\" \/>\n<meta property=\"article:modified_time\" content=\"2024-10-24T19:57:46+00:00\" \/>\n<meta property=\"og:image\" content=\"https:\/\/mivoot.com\/gt\/wp-content\/uploads\/2023\/07\/JBLENDURSPRINTBLK-JBL-1200x1200-1-1-768x768-1.jpg\" \/>\n\t<meta property=\"og:image:width\" content=\"768\" \/>\n\t<meta property=\"og:image:height\" content=\"768\" \/>\n\t<meta property=\"og:image:type\" content=\"image\/jpeg\" \/>\n<meta name=\"twitter:card\" content=\"summary_large_image\" \/>\n<meta name=\"twitter:label1\" content=\"Est. reading time\" \/>\n\t<meta name=\"twitter:data1\" content=\"3 minutos\" \/>\n<script type=\"application\/ld+json\" class=\"yoast-schema-graph\">{\"@context\":\"https:\/\/schema.org\",\"@graph\":[{\"@type\":\"WebPage\",\"@id\":\"https:\/\/mivoot.com\/gt\/producto\/audifonos-bluetooth-jbl-endurance-sprint-negro\/\",\"url\":\"https:\/\/mivoot.com\/gt\/producto\/audifonos-bluetooth-jbl-endurance-sprint-negro\/\",\"name\":\"Audifonos Bluetooth JBL Endurance Sprint Negro - Mivoot\",\"isPartOf\":{\"@id\":\"https:\/\/mivoot.com\/gt\/#website\"},\"primaryImageOfPage\":{\"@id\":\"https:\/\/mivoot.com\/gt\/producto\/audifonos-bluetooth-jbl-endurance-sprint-negro\/#primaryimage\"},\"image\":{\"@id\":\"https:\/\/mivoot.com\/gt\/producto\/audifonos-bluetooth-jbl-endurance-sprint-negro\/#primaryimage\"},\"thumbnailUrl\":\"https:\/\/mivoot.com\/gt\/wp-content\/uploads\/2023\/07\/JBLENDURSPRINTBLK-JBL-1200x1200-1-1-768x768-1.jpg\",\"datePublished\":\"2023-07-05T23:04:21+00:00\",\"dateModified\":\"2024-10-24T19:57:46+00:00\",\"breadcrumb\":{\"@id\":\"https:\/\/mivoot.com\/gt\/producto\/audifonos-bluetooth-jbl-endurance-sprint-negro\/#breadcrumb\"},\"inLanguage\":\"es\",\"potentialAction\":[{\"@type\":\"ReadAction\",\"target\":[\"https:\/\/mivoot.com\/gt\/producto\/audifonos-bluetooth-jbl-endurance-sprint-negro\/\"]}]},{\"@type\":\"ImageObject\",\"inLanguage\":\"es\",\"@id\":\"https:\/\/mivoot.com\/gt\/producto\/audifonos-bluetooth-jbl-endurance-sprint-negro\/#primaryimage\",\"url\":\"https:\/\/mivoot.com\/gt\/wp-content\/uploads\/2023\/07\/JBLENDURSPRINTBLK-JBL-1200x1200-1-1-768x768-1.jpg\",\"contentUrl\":\"https:\/\/mivoot.com\/gt\/wp-content\/uploads\/2023\/07\/JBLENDURSPRINTBLK-JBL-1200x1200-1-1-768x768-1.jpg\",\"width\":768,\"height\":768},{\"@type\":\"BreadcrumbList\",\"@id\":\"https:\/\/mivoot.com\/gt\/producto\/audifonos-bluetooth-jbl-endurance-sprint-negro\/#breadcrumb\",\"itemListElement\":[{\"@type\":\"ListItem\",\"position\":1,\"name\":\"Inicio\",\"item\":\"https:\/\/mivoot.com\/gt\/\"},{\"@type\":\"ListItem\",\"position\":2,\"name\":\"Productos\",\"item\":\"https:\/\/mivoot.com\/gt\/producto\/\"},{\"@type\":\"ListItem\",\"position\":3,\"name\":\"JBL\",\"item\":\"https:\/\/mivoot.com\/gt\/marca\/jbl\/\"},{\"@type\":\"ListItem\",\"position\":4,\"name\":\"Audifonos Bluetooth JBL Endurance Sprint Negro\"}]},{\"@type\":\"WebSite\",\"@id\":\"https:\/\/mivoot.com\/gt\/#website\",\"url\":\"https:\/\/mivoot.com\/gt\/\",\"name\":\"Mivoot\",\"description\":\"Mivoot Guatemala | Tienda Online\",\"publisher\":{\"@id\":\"https:\/\/mivoot.com\/gt\/#organization\"},\"alternateName\":\"mivoot\",\"potentialAction\":[{\"@type\":\"SearchAction\",\"target\":{\"@type\":\"EntryPoint\",\"urlTemplate\":\"https:\/\/mivoot.com\/gt\/?s={search_term_string}\"},\"query-input\":{\"@type\":\"PropertyValueSpecification\",\"valueRequired\":true,\"valueName\":\"search_term_string\"}}],\"inLanguage\":\"es\"},{\"@type\":\"Organization\",\"@id\":\"https:\/\/mivoot.com\/gt\/#organization\",\"name\":\"Mivoot Guatemala\",\"alternateName\":\"mivoot.com\",\"url\":\"https:\/\/mivoot.com\/gt\/\",\"logo\":{\"@type\":\"ImageObject\",\"inLanguage\":\"es\",\"@id\":\"https:\/\/mivoot.com\/gt\/#\/schema\/logo\/image\/\",\"url\":\"https:\/\/mivoot.com\/gt\/wp-content\/uploads\/2023\/03\/cropped-icon.png\",\"contentUrl\":\"https:\/\/mivoot.com\/gt\/wp-content\/uploads\/2023\/03\/cropped-icon.png\",\"width\":512,\"height\":512,\"caption\":\"Mivoot Guatemala\"},\"image\":{\"@id\":\"https:\/\/mivoot.com\/gt\/#\/schema\/logo\/image\/\"},\"sameAs\":[\"https:\/\/www.facebook.com\/mivootgt\",\"https:\/\/instagram.com\/mivoot\"]}]}<\/script>\n<!-- \/ Yoast SEO Premium plugin. -->","yoast_head_json":{"title":"Audifonos Bluetooth JBL Endurance Sprint Negro - Mivoot","robots":{"index":"index","follow":"follow","max-snippet":"max-snippet:-1","max-image-preview":"max-image-preview:large","max-video-preview":"max-video-preview:-1"},"canonical":"https:\/\/mivoot.com\/gt\/producto\/audifonos-bluetooth-jbl-endurance-sprint-negro\/","og_locale":"es_ES","og_type":"article","og_title":"Audifonos Bluetooth JBL Endurance Sprint Negro","og_description":"Auriculares deportivos impermeables inal\u00e1mbricos. Sujeci\u00f3n c\u00f3moda. Sujeci\u00f3n segura. Controles t\u00e1ctiles de f\u00e1cil alcance. Hasta 8 horas de reproducci\u00f3n inal\u00e1mbrica con bater\u00eda Speed \u200b\u200bCharge. Dise\u00f1o MagHook. Llamadas con manos libres. Bluetooth versi\u00f3n 4.2. Compatible con dispositivos moviles Bluetooth. Dise\u00f1ados ergon\u00f3micamente para garantizar comodidad y estabilidad sin importar el entrenamiento.","og_url":"https:\/\/mivoot.com\/gt\/producto\/audifonos-bluetooth-jbl-endurance-sprint-negro\/","og_site_name":"Mivoot","article_publisher":"https:\/\/www.facebook.com\/mivootgt","article_modified_time":"2024-10-24T19:57:46+00:00","og_image":[{"width":768,"height":768,"url":"https:\/\/mivoot.com\/gt\/wp-content\/uploads\/2023\/07\/JBLENDURSPRINTBLK-JBL-1200x1200-1-1-768x768-1.jpg","type":"image\/jpeg"}],"twitter_card":"summary_large_image","twitter_misc":{"Est. reading time":"3 minutos"},"schema":{"@context":"https:\/\/schema.org","@graph":[{"@type":"WebPage","@id":"https:\/\/mivoot.com\/gt\/producto\/audifonos-bluetooth-jbl-endurance-sprint-negro\/","url":"https:\/\/mivoot.com\/gt\/producto\/audifonos-bluetooth-jbl-endurance-sprint-negro\/","name":"Audifonos Bluetooth JBL Endurance Sprint Negro - Mivoot","isPartOf":{"@id":"https:\/\/mivoot.com\/gt\/#website"},"primaryImageOfPage":{"@id":"https:\/\/mivoot.com\/gt\/producto\/audifonos-bluetooth-jbl-endurance-sprint-negro\/#primaryimage"},"image":{"@id":"https:\/\/mivoot.com\/gt\/producto\/audifonos-bluetooth-jbl-endurance-sprint-negro\/#primaryimage"},"thumbnailUrl":"https:\/\/mivoot.com\/gt\/wp-content\/uploads\/2023\/07\/JBLENDURSPRINTBLK-JBL-1200x1200-1-1-768x768-1.jpg","datePublished":"2023-07-05T23:04:21+00:00","dateModified":"2024-10-24T19:57:46+00:00","breadcrumb":{"@id":"https:\/\/mivoot.com\/gt\/producto\/audifonos-bluetooth-jbl-endurance-sprint-negro\/#breadcrumb"},"inLanguage":"es","potentialAction":[{"@type":"ReadAction","target":["https:\/\/mivoot.com\/gt\/producto\/audifonos-bluetooth-jbl-endurance-sprint-negro\/"]}]},{"@type":"ImageObject","inLanguage":"es","@id":"https:\/\/mivoot.com\/gt\/producto\/audifonos-bluetooth-jbl-endurance-sprint-negro\/#primaryimage","url":"https:\/\/mivoot.com\/gt\/wp-content\/uploads\/2023\/07\/JBLENDURSPRINTBLK-JBL-1200x1200-1-1-768x768-1.jpg","contentUrl":"https:\/\/mivoot.com\/gt\/wp-content\/uploads\/2023\/07\/JBLENDURSPRINTBLK-JBL-1200x1200-1-1-768x768-1.jpg","width":768,"height":768},{"@type":"BreadcrumbList","@id":"https:\/\/mivoot.com\/gt\/producto\/audifonos-bluetooth-jbl-endurance-sprint-negro\/#breadcrumb","itemListElement":[{"@type":"ListItem","position":1,"name":"Inicio","item":"https:\/\/mivoot.com\/gt\/"},{"@type":"ListItem","position":2,"name":"Productos","item":"https:\/\/mivoot.com\/gt\/producto\/"},{"@type":"ListItem","position":3,"name":"JBL","item":"https:\/\/mivoot.com\/gt\/marca\/jbl\/"},{"@type":"ListItem","position":4,"name":"Audifonos Bluetooth JBL Endurance Sprint Negro"}]},{"@type":"WebSite","@id":"https:\/\/mivoot.com\/gt\/#website","url":"https:\/\/mivoot.com\/gt\/","name":"Mivoot","description":"Mivoot Guatemala | Tienda Online","publisher":{"@id":"https:\/\/mivoot.com\/gt\/#organization"},"alternateName":"mivoot","potentialAction":[{"@type":"SearchAction","target":{"@type":"EntryPoint","urlTemplate":"https:\/\/mivoot.com\/gt\/?s={search_term_string}"},"query-input":{"@type":"PropertyValueSpecification","valueRequired":true,"valueName":"search_term_string"}}],"inLanguage":"es"},{"@type":"Organization","@id":"https:\/\/mivoot.com\/gt\/#organization","name":"Mivoot Guatemala","alternateName":"mivoot.com","url":"https:\/\/mivoot.com\/gt\/","logo":{"@type":"ImageObject","inLanguage":"es","@id":"https:\/\/mivoot.com\/gt\/#\/schema\/logo\/image\/","url":"https:\/\/mivoot.com\/gt\/wp-content\/uploads\/2023\/03\/cropped-icon.png","contentUrl":"https:\/\/mivoot.com\/gt\/wp-content\/uploads\/2023\/03\/cropped-icon.png","width":512,"height":512,"caption":"Mivoot Guatemala"},"image":{"@id":"https:\/\/mivoot.com\/gt\/#\/schema\/logo\/image\/"},"sameAs":["https:\/\/www.facebook.com\/mivootgt","https:\/\/instagram.com\/mivoot"]}]}},"jetpack_publicize_connections":[],"jetpack_sharing_enabled":true,"brands":[{"id":75,"name":"JBL","slug":"jbl"}],"_links":{"self":[{"href":"https:\/\/mivoot.com\/gt\/wp-json\/wp\/v2\/product\/14473","targetHints":{"allow":["GET"]}}],"collection":[{"href":"https:\/\/mivoot.com\/gt\/wp-json\/wp\/v2\/product"}],"about":[{"href":"https:\/\/mivoot.com\/gt\/wp-json\/wp\/v2\/types\/product"}],"replies":[{"embeddable":true,"href":"https:\/\/mivoot.com\/gt\/wp-json\/wp\/v2\/comments?post=14473"}],"version-history":[{"count":1,"href":"https:\/\/mivoot.com\/gt\/wp-json\/wp\/v2\/product\/14473\/revisions"}],"predecessor-version":[{"id":23424,"href":"https:\/\/mivoot.com\/gt\/wp-json\/wp\/v2\/product\/14473\/revisions\/23424"}],"wp:featuredmedia":[{"embeddable":true,"href":"https:\/\/mivoot.com\/gt\/wp-json\/wp\/v2\/media\/23421"}],"wp:attachment":[{"href":"https:\/\/mivoot.com\/gt\/wp-json\/wp\/v2\/media?parent=14473"}],"wp:term":[{"taxonomy":"pwb-brand","embeddable":true,"href":"https:\/\/mivoot.com\/gt\/wp-json\/wp\/v2\/pwb-brand?post=14473"},{"taxonomy":"product_brand","embeddable":true,"href":"https:\/\/mivoot.com\/gt\/wp-json\/wp\/v2\/product_brand?post=14473"},{"taxonomy":"product_cat","embeddable":true,"href":"https:\/\/mivoot.com\/gt\/wp-json\/wp\/v2\/product_cat?post=14473"},{"taxonomy":"product_tag","embeddable":true,"href":"https:\/\/mivoot.com\/gt\/wp-json\/wp\/v2\/product_tag?post=14473"}],"curies":[{"name":"wp","href":"https:\/\/api.w.org\/{rel}","templated":true}]}}