{"id":14931,"date":"2023-07-29T21:28:48","date_gmt":"2023-07-30T03:28:48","guid":{"rendered":"https:\/\/mivoot.com\/gt\/?post_type=product&#038;p=14931"},"modified":"2024-06-25T10:03:44","modified_gmt":"2024-06-25T16:03:44","slug":"estacion-de-energia-portatil-300w-470-wh-aviva","status":"publish","type":"product","link":"https:\/\/mivoot.com\/gt\/producto\/estacion-de-energia-portatil-300w-470-wh-aviva\/","title":{"rendered":"Estaci\u00f3n de Energ\u00eda Port\u00e1til 300W\/470 Wh Aviva"},"content":{"rendered":"<div class=\"celwidget aplus-module 3p-module-b aplus-standard\" data-csa-c-id=\"qbbv7y-ko5wlo-iav1rf-9e1bcc\" data-cel-widget=\"aplus-3p-module-b\">\n<h2>ESTACION DE ENERGIA<\/h2>\n<p>Perfecto para tus aventuras al aire libre, trabajando desde cualquier lugar o para mantenerse conectado durante un apag\u00f3n<\/p>\n<div class=\"aplus-module-wrapper aplus-3p-fixed-width\"><\/div>\n<\/div>\n<div class=\"celwidget aplus-module 3p-module-b aplus-standard\" data-csa-c-id=\"8pxtz5-wji15z-ecd9ro-pinyrr\" data-cel-widget=\"aplus-3p-module-b\">\n<div class=\"aplus-module-wrapper aplus-3p-fixed-width\"><img decoding=\"async\" class=\"a-spacing-base\" src=\"https:\/\/m.media-amazon.com\/images\/S\/aplus-media\/sc\/2b330353-d754-4645-8389-f78bd5749173.__CR0,460,2000,1237_PT0_SX970_V1___.jpg\" alt=\"aviva M470\" data-src=\"https:\/\/m.media-amazon.com\/images\/S\/aplus-media\/sc\/2b330353-d754-4645-8389-f78bd5749173.__CR0,460,2000,1237_PT0_SX970_V1___.jpg\" \/><\/div>\n<\/div>\n<div class=\"celwidget aplus-module module-4 aplus-standard\" data-csa-c-id=\"njc5mg-pholsn-s6kvmy-oj1np1\" data-cel-widget=\"aplus-module-4\">\n<div class=\"aplus-module-wrapper apm-fixed-width\">\n<div class=\"apm-spacing\">\n<div class=\"apm-floatleft apm-fixed-width\">\n<div class=\"apm-spacing\">\n<table class=\"apm-fixed-width apm-fourthcol-table\">\n<tbody>\n<tr>\n<th class=\"apm-center\">\n<div class=\"apm-fourthcol\">\n<p><img decoding=\"async\" class=\"\" src=\"https:\/\/m.media-amazon.com\/images\/S\/aplus-media\/sc\/bf6c1c71-1a26-488b-b59a-ed2c04d821ee.__CR0,0,2000,2000_PT0_SX220_V1___.jpg\" alt=\"aviva M470\" data-src=\"https:\/\/m.media-amazon.com\/images\/S\/aplus-media\/sc\/bf6c1c71-1a26-488b-b59a-ed2c04d821ee.__CR0,0,2000,2000_PT0_SX220_V1___.jpg\" \/><\/p>\n<\/div>\n<\/th>\n<th class=\"apm-center\">\n<div class=\"apm-fourthcol\">\n<p><img decoding=\"async\" class=\"\" src=\"https:\/\/m.media-amazon.com\/images\/S\/aplus-media\/sc\/91ad9bcf-e8f2-447c-afa5-f84c9ccf16c1.__CR0,0,2000,2000_PT0_SX220_V1___.jpg\" alt=\"aviva M470\" data-src=\"https:\/\/m.media-amazon.com\/images\/S\/aplus-media\/sc\/91ad9bcf-e8f2-447c-afa5-f84c9ccf16c1.__CR0,0,2000,2000_PT0_SX220_V1___.jpg\" \/><\/p>\n<\/div>\n<\/th>\n<th class=\"apm-center\">\n<div class=\"apm-fourthcol\">\n<p><img decoding=\"async\" class=\"\" src=\"https:\/\/m.media-amazon.com\/images\/S\/aplus-media\/sc\/d465ab49-d562-4ad8-9ac8-0aa49eacada5.__CR0,0,2000,2000_PT0_SX220_V1___.jpg\" alt=\"aviva M470\" data-src=\"https:\/\/m.media-amazon.com\/images\/S\/aplus-media\/sc\/d465ab49-d562-4ad8-9ac8-0aa49eacada5.__CR0,0,2000,2000_PT0_SX220_V1___.jpg\" \/><\/p>\n<\/div>\n<\/th>\n<th class=\"apm-center\">\n<div class=\"apm-fourthcol\">\n<p><img decoding=\"async\" class=\"\" src=\"https:\/\/m.media-amazon.com\/images\/S\/aplus-media\/sc\/910e2be5-5aa5-4dfb-b3ab-4178e3d030e3.__CR0,0,2000,2000_PT0_SX220_V1___.jpg\" alt=\"aviva M470\" data-src=\"https:\/\/m.media-amazon.com\/images\/S\/aplus-media\/sc\/910e2be5-5aa5-4dfb-b3ab-4178e3d030e3.__CR0,0,2000,2000_PT0_SX220_V1___.jpg\" \/><\/p>\n<\/div>\n<\/th>\n<\/tr>\n<tr>\n<td class=\"apm-top\">\n<div class=\"apm-fourthcol\">\n<h4 class=\"a-spacing-mini\">Dise\u00f1o port\u00e1til<\/h4>\n<p class=\"a-size-small\">Peque\u00f1o y port\u00e1til mini generador de energ\u00eda mide 11 pulgadas de largo, 6.3 pulgadas de ancho y 8.1 pulgadas de alto para que puedas tomarlo, usarlo y almacenarlo en cualquier lugar.<\/p>\n<\/div>\n<\/td>\n<td class=\"apm-top\">\n<div class=\"apm-fourthcol\">\n<h4 class=\"a-spacing-mini\">Accesorios incluidos<\/h4>\n<p class=\"a-size-small\">El kit incluye (1) cargador de cable de coche de 12 voltios, (1) cable USB-C, (1) adaptador de CA con cable de alimentaci\u00f3n, y (1) manual de usuario.<\/p>\n<\/div>\n<\/td>\n<td class=\"apm-top\">\n<div class=\"apm-fourthcol\">\n<h4 class=\"a-spacing-mini\">Pantalla LCD brillante<\/h4>\n<p class=\"a-size-small\">Cuenta con una pantalla LCD de 4,7 pulgadas que muestra la entrada\/salida de vatios y el estado de la bater\u00eda para que pueda monitorear su consumo de energ\u00eda.<\/p>\n<\/div>\n<\/td>\n<td class=\"apm-top\">\n<div class=\"apm-fourthcol\">\n<h4 class=\"a-spacing-mini\">4 puertos de alimentaci\u00f3n<\/h4>\n<p class=\"a-size-small\">Puede cargar varios dispositivos electr\u00f3nicos a la vez con 4 puertos de alimentaci\u00f3n USB.<\/p>\n<\/div>\n<\/td>\n<\/tr>\n<\/tbody>\n<\/table>\n<\/div>\n<\/div>\n<\/div>\n<\/div>\n<div><\/div>\n<\/div>\n<div class=\"celwidget aplus-module 3p-module-b aplus-standard\" data-csa-c-id=\"8umhtn-sxr6aq-f2ivsr-3b8nrq\" data-cel-widget=\"aplus-3p-module-b\">\n<div class=\"aplus-module-wrapper aplus-3p-fixed-width\"><img decoding=\"async\" class=\"a-spacing-base\" src=\"https:\/\/m.media-amazon.com\/images\/S\/aplus-media\/sc\/1ec67d9e-ee43-41f5-8428-26cd0ac5e8d3.__CR0,365,2000,1237_PT0_SX970_V1___.jpg\" alt=\"aviva M470\" data-src=\"https:\/\/m.media-amazon.com\/images\/S\/aplus-media\/sc\/1ec67d9e-ee43-41f5-8428-26cd0ac5e8d3.__CR0,365,2000,1237_PT0_SX970_V1___.jpg\" \/><\/div>\n<\/div>\n<div class=\"celwidget aplus-module 3p-module-b aplus-standard\" data-csa-c-id=\"807hrw-twso3p-wa0ve-1t95ic\" data-cel-widget=\"aplus-3p-module-b\">\n<div class=\"aplus-module-wrapper aplus-3p-fixed-width\"><img decoding=\"async\" class=\"a-spacing-base\" src=\"https:\/\/m.media-amazon.com\/images\/S\/aplus-media\/sc\/7d0806d7-8150-4fcf-b255-4f7ff4507c9c.__CR0,443,2000,1237_PT0_SX970_V1___.jpg\" alt=\"aviva M470\" data-src=\"https:\/\/m.media-amazon.com\/images\/S\/aplus-media\/sc\/7d0806d7-8150-4fcf-b255-4f7ff4507c9c.__CR0,443,2000,1237_PT0_SX970_V1___.jpg\" \/><\/div>\n<\/div>\n","protected":false},"excerpt":{"rendered":"<p>&#8211; 470 vatios hora de almacenamiento de energ\u00eda de litio<br \/>\n&#8211; Suministro de energ\u00eda USB-C de alta velocidad<br \/>\n&#8211; Gran pantalla LCD para rastrear el uso de energ\u00eda<br \/>\n&#8211; Tecnolog\u00eda Qualcomm\u00ae Quick Charge\u2122<br \/>\n&#8211; Carcasa de policarbonato duradero.<br \/>\n&#8211; El inversor de CA admite dispositivos de hasta 300 W<br \/>\n&#8211; Puertos de salida de CA duales<br \/>\n&#8211; Recarga a trav\u00e9s de CA, 12 V autom\u00e1tico o panel solar (se vende por separado)<br \/>\n&#8211; Dise\u00f1o compacto y ultraport\u00e1til (menos de 12 libras)<br \/>\n&#8211; Capacidad de almacenamiento de energ\u00eda 470 Wh (10,8 V, 43,5 Ah), capacidad m\u00e1xima<br \/>\n&#8211; Capacidad de la bater\u00eda\/paquete de celdas 130,5000mAh @ 3.6V<br \/>\n&#8211; Ciclos de vida \u2265500 ciclos al 80 % de la capacidad<br \/>\n&#8211; Duraci\u00f3n Hasta 6 meses despu\u00e9s de la carga completa; recargar una vez cada 3-6 meses<br \/>\n&#8211; Compatibilidad de potencia 300 W continuos, pico de 500 W<\/p>\n","protected":false},"featured_media":14941,"comment_status":"open","ping_status":"closed","template":"","meta":{"jetpack_publicize_message":"","jetpack_publicize_feature_enabled":true,"jetpack_social_post_already_shared":true,"jetpack_social_options":{"image_generator_settings":{"template":"highway","default_image_id":0,"font":"","enabled":false},"version":2}},"pwb-brand":[448],"product_brand":[],"product_cat":[409,195,194],"product_tag":[],"class_list":{"0":"post-14931","1":"product","2":"type-product","3":"status-publish","4":"has-post-thumbnail","6":"pwb-brand-aviva","7":"product_cat-generador","8":"product_cat-camping","9":"product_cat-herramientacarro","11":"first","12":"instock","13":"taxable","14":"shipping-taxable","15":"purchasable","16":"product-type-simple"},"yoast_head":"<!-- This site is optimized with the Yoast SEO Premium plugin v25.7.1 (Yoast SEO v26.8) - https:\/\/yoast.com\/product\/yoast-seo-premium-wordpress\/ -->\n<title>Estaci\u00f3n de Energ\u00eda Port\u00e1til 300W\/470 Wh Aviva - Mivoot<\/title>\n<meta name=\"robots\" content=\"index, follow, max-snippet:-1, max-image-preview:large, max-video-preview:-1\" \/>\n<link rel=\"canonical\" href=\"https:\/\/mivoot.com\/gt\/producto\/estacion-de-energia-portatil-300w-470-wh-aviva\/\" \/>\n<meta property=\"og:locale\" content=\"es_ES\" \/>\n<meta property=\"og:type\" content=\"article\" \/>\n<meta property=\"og:title\" content=\"Estaci\u00f3n de Energ\u00eda Port\u00e1til 300W\/470 Wh Aviva\" \/>\n<meta property=\"og:description\" content=\"- 470 vatios hora de almacenamiento de energ\u00eda de litio - Suministro de energ\u00eda USB-C de alta velocidad - Gran pantalla LCD para rastrear el uso de energ\u00eda - Tecnolog\u00eda Qualcomm\u00ae Quick Charge\u2122 - Carcasa de policarbonato duradero. - El inversor de CA admite dispositivos de hasta 300 W - Puertos de salida de CA duales - Recarga a trav\u00e9s de CA, 12 V autom\u00e1tico o panel solar (se vende por separado) - Dise\u00f1o compacto y ultraport\u00e1til (menos de 12 libras) - Capacidad de almacenamiento de energ\u00eda 470 Wh (10,8 V, 43,5 Ah), capacidad m\u00e1xima - Capacidad de la bater\u00eda\/paquete de celdas 130,5000mAh @ 3.6V - Ciclos de vida \u2265500 ciclos al 80 % de la capacidad - Duraci\u00f3n Hasta 6 meses despu\u00e9s de la carga completa; recargar una vez cada 3-6 meses - Compatibilidad de potencia 300 W continuos, pico de 500 W\" \/>\n<meta property=\"og:url\" content=\"https:\/\/mivoot.com\/gt\/producto\/estacion-de-energia-portatil-300w-470-wh-aviva\/\" \/>\n<meta property=\"og:site_name\" content=\"Mivoot\" \/>\n<meta property=\"article:publisher\" content=\"https:\/\/www.facebook.com\/mivootgt\" \/>\n<meta property=\"article:modified_time\" content=\"2024-06-25T16:03:44+00:00\" \/>\n<meta property=\"og:image\" content=\"https:\/\/mivoot.com\/gt\/wp-content\/uploads\/2023\/07\/Aviva.jpg\" \/>\n\t<meta property=\"og:image:width\" content=\"500\" \/>\n\t<meta property=\"og:image:height\" content=\"500\" \/>\n\t<meta property=\"og:image:type\" content=\"image\/jpeg\" \/>\n<meta name=\"twitter:card\" content=\"summary_large_image\" \/>\n<meta name=\"twitter:label1\" content=\"Est. reading time\" \/>\n\t<meta name=\"twitter:data1\" content=\"3 minutos\" \/>\n<script type=\"application\/ld+json\" class=\"yoast-schema-graph\">{\"@context\":\"https:\/\/schema.org\",\"@graph\":[{\"@type\":\"WebPage\",\"@id\":\"https:\/\/mivoot.com\/gt\/producto\/estacion-de-energia-portatil-300w-470-wh-aviva\/\",\"url\":\"https:\/\/mivoot.com\/gt\/producto\/estacion-de-energia-portatil-300w-470-wh-aviva\/\",\"name\":\"Estaci\u00f3n de Energ\u00eda Port\u00e1til 300W\/470 Wh Aviva - Mivoot\",\"isPartOf\":{\"@id\":\"https:\/\/mivoot.com\/gt\/#website\"},\"primaryImageOfPage\":{\"@id\":\"https:\/\/mivoot.com\/gt\/producto\/estacion-de-energia-portatil-300w-470-wh-aviva\/#primaryimage\"},\"image\":{\"@id\":\"https:\/\/mivoot.com\/gt\/producto\/estacion-de-energia-portatil-300w-470-wh-aviva\/#primaryimage\"},\"thumbnailUrl\":\"https:\/\/mivoot.com\/gt\/wp-content\/uploads\/2023\/07\/Aviva.jpg\",\"datePublished\":\"2023-07-30T03:28:48+00:00\",\"dateModified\":\"2024-06-25T16:03:44+00:00\",\"breadcrumb\":{\"@id\":\"https:\/\/mivoot.com\/gt\/producto\/estacion-de-energia-portatil-300w-470-wh-aviva\/#breadcrumb\"},\"inLanguage\":\"es\",\"potentialAction\":[{\"@type\":\"ReadAction\",\"target\":[\"https:\/\/mivoot.com\/gt\/producto\/estacion-de-energia-portatil-300w-470-wh-aviva\/\"]}]},{\"@type\":\"ImageObject\",\"inLanguage\":\"es\",\"@id\":\"https:\/\/mivoot.com\/gt\/producto\/estacion-de-energia-portatil-300w-470-wh-aviva\/#primaryimage\",\"url\":\"https:\/\/mivoot.com\/gt\/wp-content\/uploads\/2023\/07\/Aviva.jpg\",\"contentUrl\":\"https:\/\/mivoot.com\/gt\/wp-content\/uploads\/2023\/07\/Aviva.jpg\",\"width\":500,\"height\":500},{\"@type\":\"BreadcrumbList\",\"@id\":\"https:\/\/mivoot.com\/gt\/producto\/estacion-de-energia-portatil-300w-470-wh-aviva\/#breadcrumb\",\"itemListElement\":[{\"@type\":\"ListItem\",\"position\":1,\"name\":\"Inicio\",\"item\":\"https:\/\/mivoot.com\/gt\/\"},{\"@type\":\"ListItem\",\"position\":2,\"name\":\"Productos\",\"item\":\"https:\/\/mivoot.com\/gt\/producto\/\"},{\"@type\":\"ListItem\",\"position\":3,\"name\":\"Aviva\",\"item\":\"https:\/\/mivoot.com\/gt\/marca\/aviva\/\"},{\"@type\":\"ListItem\",\"position\":4,\"name\":\"Estaci\u00f3n de Energ\u00eda Port\u00e1til 300W\/470 Wh Aviva\"}]},{\"@type\":\"WebSite\",\"@id\":\"https:\/\/mivoot.com\/gt\/#website\",\"url\":\"https:\/\/mivoot.com\/gt\/\",\"name\":\"Mivoot\",\"description\":\"Mivoot Guatemala | Tienda Online\",\"publisher\":{\"@id\":\"https:\/\/mivoot.com\/gt\/#organization\"},\"alternateName\":\"mivoot\",\"potentialAction\":[{\"@type\":\"SearchAction\",\"target\":{\"@type\":\"EntryPoint\",\"urlTemplate\":\"https:\/\/mivoot.com\/gt\/?s={search_term_string}\"},\"query-input\":{\"@type\":\"PropertyValueSpecification\",\"valueRequired\":true,\"valueName\":\"search_term_string\"}}],\"inLanguage\":\"es\"},{\"@type\":\"Organization\",\"@id\":\"https:\/\/mivoot.com\/gt\/#organization\",\"name\":\"Mivoot Guatemala\",\"alternateName\":\"mivoot.com\",\"url\":\"https:\/\/mivoot.com\/gt\/\",\"logo\":{\"@type\":\"ImageObject\",\"inLanguage\":\"es\",\"@id\":\"https:\/\/mivoot.com\/gt\/#\/schema\/logo\/image\/\",\"url\":\"https:\/\/mivoot.com\/gt\/wp-content\/uploads\/2023\/03\/cropped-icon.png\",\"contentUrl\":\"https:\/\/mivoot.com\/gt\/wp-content\/uploads\/2023\/03\/cropped-icon.png\",\"width\":512,\"height\":512,\"caption\":\"Mivoot Guatemala\"},\"image\":{\"@id\":\"https:\/\/mivoot.com\/gt\/#\/schema\/logo\/image\/\"},\"sameAs\":[\"https:\/\/www.facebook.com\/mivootgt\",\"https:\/\/instagram.com\/mivoot\"]}]}<\/script>\n<!-- \/ Yoast SEO Premium plugin. -->","yoast_head_json":{"title":"Estaci\u00f3n de Energ\u00eda Port\u00e1til 300W\/470 Wh Aviva - Mivoot","robots":{"index":"index","follow":"follow","max-snippet":"max-snippet:-1","max-image-preview":"max-image-preview:large","max-video-preview":"max-video-preview:-1"},"canonical":"https:\/\/mivoot.com\/gt\/producto\/estacion-de-energia-portatil-300w-470-wh-aviva\/","og_locale":"es_ES","og_type":"article","og_title":"Estaci\u00f3n de Energ\u00eda Port\u00e1til 300W\/470 Wh Aviva","og_description":"- 470 vatios hora de almacenamiento de energ\u00eda de litio - Suministro de energ\u00eda USB-C de alta velocidad - Gran pantalla LCD para rastrear el uso de energ\u00eda - Tecnolog\u00eda Qualcomm\u00ae Quick Charge\u2122 - Carcasa de policarbonato duradero. - El inversor de CA admite dispositivos de hasta 300 W - Puertos de salida de CA duales - Recarga a trav\u00e9s de CA, 12 V autom\u00e1tico o panel solar (se vende por separado) - Dise\u00f1o compacto y ultraport\u00e1til (menos de 12 libras) - Capacidad de almacenamiento de energ\u00eda 470 Wh (10,8 V, 43,5 Ah), capacidad m\u00e1xima - Capacidad de la bater\u00eda\/paquete de celdas 130,5000mAh @ 3.6V - Ciclos de vida \u2265500 ciclos al 80 % de la capacidad - Duraci\u00f3n Hasta 6 meses despu\u00e9s de la carga completa; recargar una vez cada 3-6 meses - Compatibilidad de potencia 300 W continuos, pico de 500 W","og_url":"https:\/\/mivoot.com\/gt\/producto\/estacion-de-energia-portatil-300w-470-wh-aviva\/","og_site_name":"Mivoot","article_publisher":"https:\/\/www.facebook.com\/mivootgt","article_modified_time":"2024-06-25T16:03:44+00:00","og_image":[{"width":500,"height":500,"url":"https:\/\/mivoot.com\/gt\/wp-content\/uploads\/2023\/07\/Aviva.jpg","type":"image\/jpeg"}],"twitter_card":"summary_large_image","twitter_misc":{"Est. reading time":"3 minutos"},"schema":{"@context":"https:\/\/schema.org","@graph":[{"@type":"WebPage","@id":"https:\/\/mivoot.com\/gt\/producto\/estacion-de-energia-portatil-300w-470-wh-aviva\/","url":"https:\/\/mivoot.com\/gt\/producto\/estacion-de-energia-portatil-300w-470-wh-aviva\/","name":"Estaci\u00f3n de Energ\u00eda Port\u00e1til 300W\/470 Wh Aviva - Mivoot","isPartOf":{"@id":"https:\/\/mivoot.com\/gt\/#website"},"primaryImageOfPage":{"@id":"https:\/\/mivoot.com\/gt\/producto\/estacion-de-energia-portatil-300w-470-wh-aviva\/#primaryimage"},"image":{"@id":"https:\/\/mivoot.com\/gt\/producto\/estacion-de-energia-portatil-300w-470-wh-aviva\/#primaryimage"},"thumbnailUrl":"https:\/\/mivoot.com\/gt\/wp-content\/uploads\/2023\/07\/Aviva.jpg","datePublished":"2023-07-30T03:28:48+00:00","dateModified":"2024-06-25T16:03:44+00:00","breadcrumb":{"@id":"https:\/\/mivoot.com\/gt\/producto\/estacion-de-energia-portatil-300w-470-wh-aviva\/#breadcrumb"},"inLanguage":"es","potentialAction":[{"@type":"ReadAction","target":["https:\/\/mivoot.com\/gt\/producto\/estacion-de-energia-portatil-300w-470-wh-aviva\/"]}]},{"@type":"ImageObject","inLanguage":"es","@id":"https:\/\/mivoot.com\/gt\/producto\/estacion-de-energia-portatil-300w-470-wh-aviva\/#primaryimage","url":"https:\/\/mivoot.com\/gt\/wp-content\/uploads\/2023\/07\/Aviva.jpg","contentUrl":"https:\/\/mivoot.com\/gt\/wp-content\/uploads\/2023\/07\/Aviva.jpg","width":500,"height":500},{"@type":"BreadcrumbList","@id":"https:\/\/mivoot.com\/gt\/producto\/estacion-de-energia-portatil-300w-470-wh-aviva\/#breadcrumb","itemListElement":[{"@type":"ListItem","position":1,"name":"Inicio","item":"https:\/\/mivoot.com\/gt\/"},{"@type":"ListItem","position":2,"name":"Productos","item":"https:\/\/mivoot.com\/gt\/producto\/"},{"@type":"ListItem","position":3,"name":"Aviva","item":"https:\/\/mivoot.com\/gt\/marca\/aviva\/"},{"@type":"ListItem","position":4,"name":"Estaci\u00f3n de Energ\u00eda Port\u00e1til 300W\/470 Wh Aviva"}]},{"@type":"WebSite","@id":"https:\/\/mivoot.com\/gt\/#website","url":"https:\/\/mivoot.com\/gt\/","name":"Mivoot","description":"Mivoot Guatemala | Tienda Online","publisher":{"@id":"https:\/\/mivoot.com\/gt\/#organization"},"alternateName":"mivoot","potentialAction":[{"@type":"SearchAction","target":{"@type":"EntryPoint","urlTemplate":"https:\/\/mivoot.com\/gt\/?s={search_term_string}"},"query-input":{"@type":"PropertyValueSpecification","valueRequired":true,"valueName":"search_term_string"}}],"inLanguage":"es"},{"@type":"Organization","@id":"https:\/\/mivoot.com\/gt\/#organization","name":"Mivoot Guatemala","alternateName":"mivoot.com","url":"https:\/\/mivoot.com\/gt\/","logo":{"@type":"ImageObject","inLanguage":"es","@id":"https:\/\/mivoot.com\/gt\/#\/schema\/logo\/image\/","url":"https:\/\/mivoot.com\/gt\/wp-content\/uploads\/2023\/03\/cropped-icon.png","contentUrl":"https:\/\/mivoot.com\/gt\/wp-content\/uploads\/2023\/03\/cropped-icon.png","width":512,"height":512,"caption":"Mivoot Guatemala"},"image":{"@id":"https:\/\/mivoot.com\/gt\/#\/schema\/logo\/image\/"},"sameAs":["https:\/\/www.facebook.com\/mivootgt","https:\/\/instagram.com\/mivoot"]}]}},"jetpack_publicize_connections":[],"jetpack_sharing_enabled":true,"brands":[{"id":448,"name":"Aviva","slug":"aviva"}],"_links":{"self":[{"href":"https:\/\/mivoot.com\/gt\/wp-json\/wp\/v2\/product\/14931","targetHints":{"allow":["GET"]}}],"collection":[{"href":"https:\/\/mivoot.com\/gt\/wp-json\/wp\/v2\/product"}],"about":[{"href":"https:\/\/mivoot.com\/gt\/wp-json\/wp\/v2\/types\/product"}],"replies":[{"embeddable":true,"href":"https:\/\/mivoot.com\/gt\/wp-json\/wp\/v2\/comments?post=14931"}],"version-history":[{"count":1,"href":"https:\/\/mivoot.com\/gt\/wp-json\/wp\/v2\/product\/14931\/revisions"}],"predecessor-version":[{"id":14944,"href":"https:\/\/mivoot.com\/gt\/wp-json\/wp\/v2\/product\/14931\/revisions\/14944"}],"wp:featuredmedia":[{"embeddable":true,"href":"https:\/\/mivoot.com\/gt\/wp-json\/wp\/v2\/media\/14941"}],"wp:attachment":[{"href":"https:\/\/mivoot.com\/gt\/wp-json\/wp\/v2\/media?parent=14931"}],"wp:term":[{"taxonomy":"pwb-brand","embeddable":true,"href":"https:\/\/mivoot.com\/gt\/wp-json\/wp\/v2\/pwb-brand?post=14931"},{"taxonomy":"product_brand","embeddable":true,"href":"https:\/\/mivoot.com\/gt\/wp-json\/wp\/v2\/product_brand?post=14931"},{"taxonomy":"product_cat","embeddable":true,"href":"https:\/\/mivoot.com\/gt\/wp-json\/wp\/v2\/product_cat?post=14931"},{"taxonomy":"product_tag","embeddable":true,"href":"https:\/\/mivoot.com\/gt\/wp-json\/wp\/v2\/product_tag?post=14931"}],"curies":[{"name":"wp","href":"https:\/\/api.w.org\/{rel}","templated":true}]}}