{"id":15071,"date":"2023-08-10T21:36:23","date_gmt":"2023-08-11T03:36:23","guid":{"rendered":"https:\/\/mivoot.com\/gt\/?post_type=product&#038;p=15071"},"modified":"2023-08-10T21:42:55","modified_gmt":"2023-08-11T03:42:55","slug":"botonera-de-expansion-gxp2200ext-grandstream","status":"publish","type":"product","link":"https:\/\/mivoot.com\/gt\/producto\/botonera-de-expansion-gxp2200ext-grandstream\/","title":{"rendered":"Botonera de Expansi\u00f3n para Telefonos IP 20 Botones con pantalla LCD GXP2200EXT Grandstream"},"content":{"rendered":"<p><img decoding=\"async\" src=\"https:\/\/a.allegroimg.com\/original\/116cdc\/476d31f9431db0bce0e165b2b60b\/Sekretarsky-modul-GXP2200EXT-GXP2140-EAN-GTIN-69472737010950\" alt=\"Sekret\u00e1\u0159sk\u00fd modul GXP2200EXT | GXP2140 za 3007 K\u010d od Rzesz\u00f3w - Allegro - (11501647825)\" \/><\/p>\n<p>El m\u00f3dulo de extensi\u00f3n GXP2200EXT es soportado por el GXP2140, GXP2170, GXV3240 y GXP2200. El m\u00f3dulo incluye 20 teclas de extensi\u00f3n de dos colores y dos teclas de flecha para cambiar de p\u00e1gina, permitiendo a cada GXP2200EXT contar con hasta 40 extensiones. Tiene una gran pantalla LCD retroiluminada para f\u00e1cil visualizaci\u00f3n. Se pueden conectar hasta 4 m\u00f3dulos GXP2200EXT para tener un total de 160 contactos\/extensiones.<\/p>\n<p>Este m\u00f3dulo soporta caracter\u00edsticas tradicionales de llamada en cada uno de sus botones programables, incluyendo BLA (bridged line appearance)\/SCA (shared call appearance), BLF (busy lamp field, standard or eventlist), Marcado r\u00e1pido, Presencia, Intercomunicador y Conferencia\/ Transferir\/Redirigir.<\/p>\n<p>El GXP2200EXT es la soluci\u00f3n ideal para usuarios con gran volumen de llamadas, como ejecutivos o recepcionistas. Al usar el GXP2200EXT el usuario puede maximizar su productividad con un monitoreo eficiente y despachando m\u00faltiples llamadas entrantes.<\/p>\n<p><img decoding=\"async\" src=\"https:\/\/media.memoryexpress.com\/Assets\/Products\/MX69913\/gs_gxp2220ext_voip_device_00.jpg\" alt=\"Grandstream GXP2200EXT Extension Module for IP Phones w\/ 40 Lines - VOIP  Phones - Memory Express Inc.\" \/><\/p>\n","protected":false},"excerpt":{"rendered":"<p>Gran visualizaci\u00f3n LCD de 128 x 384 Graphic proporcionando con gr\u00e1ficos<br \/>\nConectar 4 m\u00f3dulos para hasta 160 botones programables<br \/>\n2 extensiones de p\u00e1gina interruptor teclas que permite hasta 40 por m\u00f3dulo de extensi\u00f3n<br \/>\n20 botones programables por m\u00f3dulo<br \/>\nBusy campo de l\u00e1mpara (BLF)<br \/>\nL\u00edneas 20 (Hasta 40 con 2 teclas de cambio de p\u00e1gina, o hasta 160 con 4 m\u00f3dulos<br \/>\nconectados en serie)<br \/>\nTel\u00e9fonos IP Grandstream Compatibles GXP2140, GXP2170 y GXV3240<br \/>\nSoporte de Caracter\u00edsticas Sofisticada Interfaz Gr\u00e1fica de Usuario local accionada desde el tel\u00e9fono base<br \/>\nGXP2140\/GXP2170\/GXV3240; m\u00faltiples estados de l\u00ednea\/llamada<\/p>\n","protected":false},"featured_media":15078,"comment_status":"open","ping_status":"closed","template":"","meta":{"jetpack_publicize_message":"","jetpack_publicize_feature_enabled":true,"jetpack_social_post_already_shared":true,"jetpack_social_options":{"image_generator_settings":{"template":"highway","default_image_id":0,"font":"","enabled":false},"version":2}},"pwb-brand":[451],"product_brand":[],"product_cat":[329],"product_tag":[],"class_list":{"0":"post-15071","1":"product","2":"type-product","3":"status-publish","4":"has-post-thumbnail","6":"pwb-brand-grandstream","7":"product_cat-telefonos-ip","9":"first","10":"instock","11":"taxable","12":"shipping-taxable","13":"purchasable","14":"product-type-simple"},"yoast_head":"<!-- This site is optimized with the Yoast SEO Premium plugin v25.7.1 (Yoast SEO v26.8) - https:\/\/yoast.com\/product\/yoast-seo-premium-wordpress\/ -->\n<title>Botonera de Expansi\u00f3n para Telefonos IP 20 Botones con pantalla LCD GXP2200EXT Grandstream - Mivoot<\/title>\n<meta name=\"robots\" content=\"index, follow, max-snippet:-1, max-image-preview:large, max-video-preview:-1\" \/>\n<link rel=\"canonical\" href=\"https:\/\/mivoot.com\/gt\/producto\/botonera-de-expansion-gxp2200ext-grandstream\/\" \/>\n<meta property=\"og:locale\" content=\"es_ES\" \/>\n<meta property=\"og:type\" content=\"article\" \/>\n<meta property=\"og:title\" content=\"Botonera de Expansi\u00f3n para Telefonos IP 20 Botones con pantalla LCD GXP2200EXT Grandstream\" \/>\n<meta property=\"og:description\" content=\"Gran visualizaci\u00f3n LCD de 128 x 384 Graphic proporcionando con gr\u00e1ficos Conectar 4 m\u00f3dulos para hasta 160 botones programables 2 extensiones de p\u00e1gina interruptor teclas que permite hasta 40 por m\u00f3dulo de extensi\u00f3n 20 botones programables por m\u00f3dulo Busy campo de l\u00e1mpara (BLF) L\u00edneas 20 (Hasta 40 con 2 teclas de cambio de p\u00e1gina, o hasta 160 con 4 m\u00f3dulos conectados en serie) Tel\u00e9fonos IP Grandstream Compatibles GXP2140, GXP2170 y GXV3240 Soporte de Caracter\u00edsticas Sofisticada Interfaz Gr\u00e1fica de Usuario local accionada desde el tel\u00e9fono base GXP2140\/GXP2170\/GXV3240; m\u00faltiples estados de l\u00ednea\/llamada\" \/>\n<meta property=\"og:url\" content=\"https:\/\/mivoot.com\/gt\/producto\/botonera-de-expansion-gxp2200ext-grandstream\/\" \/>\n<meta property=\"og:site_name\" content=\"Mivoot\" \/>\n<meta property=\"article:publisher\" content=\"https:\/\/www.facebook.com\/mivootgt\" \/>\n<meta property=\"article:modified_time\" content=\"2023-08-11T03:42:55+00:00\" \/>\n<meta property=\"og:image\" content=\"https:\/\/mivoot.com\/gt\/wp-content\/uploads\/2023\/08\/GXP2200EXT-l.png\" \/>\n\t<meta property=\"og:image:width\" content=\"1000\" \/>\n\t<meta property=\"og:image:height\" content=\"1000\" \/>\n\t<meta property=\"og:image:type\" content=\"image\/png\" \/>\n<meta name=\"twitter:card\" content=\"summary_large_image\" \/>\n<meta name=\"twitter:label1\" content=\"Est. reading time\" \/>\n\t<meta name=\"twitter:data1\" content=\"2 minutos\" \/>\n<script type=\"application\/ld+json\" class=\"yoast-schema-graph\">{\"@context\":\"https:\/\/schema.org\",\"@graph\":[{\"@type\":\"WebPage\",\"@id\":\"https:\/\/mivoot.com\/gt\/producto\/botonera-de-expansion-gxp2200ext-grandstream\/\",\"url\":\"https:\/\/mivoot.com\/gt\/producto\/botonera-de-expansion-gxp2200ext-grandstream\/\",\"name\":\"Botonera de Expansi\u00f3n para Telefonos IP 20 Botones con pantalla LCD GXP2200EXT Grandstream - Mivoot\",\"isPartOf\":{\"@id\":\"https:\/\/mivoot.com\/gt\/#website\"},\"primaryImageOfPage\":{\"@id\":\"https:\/\/mivoot.com\/gt\/producto\/botonera-de-expansion-gxp2200ext-grandstream\/#primaryimage\"},\"image\":{\"@id\":\"https:\/\/mivoot.com\/gt\/producto\/botonera-de-expansion-gxp2200ext-grandstream\/#primaryimage\"},\"thumbnailUrl\":\"https:\/\/mivoot.com\/gt\/wp-content\/uploads\/2023\/08\/GXP2200EXT-l.png\",\"datePublished\":\"2023-08-11T03:36:23+00:00\",\"dateModified\":\"2023-08-11T03:42:55+00:00\",\"breadcrumb\":{\"@id\":\"https:\/\/mivoot.com\/gt\/producto\/botonera-de-expansion-gxp2200ext-grandstream\/#breadcrumb\"},\"inLanguage\":\"es\",\"potentialAction\":[{\"@type\":\"ReadAction\",\"target\":[\"https:\/\/mivoot.com\/gt\/producto\/botonera-de-expansion-gxp2200ext-grandstream\/\"]}]},{\"@type\":\"ImageObject\",\"inLanguage\":\"es\",\"@id\":\"https:\/\/mivoot.com\/gt\/producto\/botonera-de-expansion-gxp2200ext-grandstream\/#primaryimage\",\"url\":\"https:\/\/mivoot.com\/gt\/wp-content\/uploads\/2023\/08\/GXP2200EXT-l.png\",\"contentUrl\":\"https:\/\/mivoot.com\/gt\/wp-content\/uploads\/2023\/08\/GXP2200EXT-l.png\",\"width\":1000,\"height\":1000},{\"@type\":\"BreadcrumbList\",\"@id\":\"https:\/\/mivoot.com\/gt\/producto\/botonera-de-expansion-gxp2200ext-grandstream\/#breadcrumb\",\"itemListElement\":[{\"@type\":\"ListItem\",\"position\":1,\"name\":\"Inicio\",\"item\":\"https:\/\/mivoot.com\/gt\/\"},{\"@type\":\"ListItem\",\"position\":2,\"name\":\"Productos\",\"item\":\"https:\/\/mivoot.com\/gt\/producto\/\"},{\"@type\":\"ListItem\",\"position\":3,\"name\":\"Grandstream\",\"item\":\"https:\/\/mivoot.com\/gt\/marca\/grandstream\/\"},{\"@type\":\"ListItem\",\"position\":4,\"name\":\"Botonera de Expansi\u00f3n para Telefonos IP 20 Botones con pantalla LCD GXP2200EXT Grandstream\"}]},{\"@type\":\"WebSite\",\"@id\":\"https:\/\/mivoot.com\/gt\/#website\",\"url\":\"https:\/\/mivoot.com\/gt\/\",\"name\":\"Mivoot\",\"description\":\"Mivoot Guatemala | Tienda Online\",\"publisher\":{\"@id\":\"https:\/\/mivoot.com\/gt\/#organization\"},\"alternateName\":\"mivoot\",\"potentialAction\":[{\"@type\":\"SearchAction\",\"target\":{\"@type\":\"EntryPoint\",\"urlTemplate\":\"https:\/\/mivoot.com\/gt\/?s={search_term_string}\"},\"query-input\":{\"@type\":\"PropertyValueSpecification\",\"valueRequired\":true,\"valueName\":\"search_term_string\"}}],\"inLanguage\":\"es\"},{\"@type\":\"Organization\",\"@id\":\"https:\/\/mivoot.com\/gt\/#organization\",\"name\":\"Mivoot Guatemala\",\"alternateName\":\"mivoot.com\",\"url\":\"https:\/\/mivoot.com\/gt\/\",\"logo\":{\"@type\":\"ImageObject\",\"inLanguage\":\"es\",\"@id\":\"https:\/\/mivoot.com\/gt\/#\/schema\/logo\/image\/\",\"url\":\"https:\/\/mivoot.com\/gt\/wp-content\/uploads\/2023\/03\/cropped-icon.png\",\"contentUrl\":\"https:\/\/mivoot.com\/gt\/wp-content\/uploads\/2023\/03\/cropped-icon.png\",\"width\":512,\"height\":512,\"caption\":\"Mivoot Guatemala\"},\"image\":{\"@id\":\"https:\/\/mivoot.com\/gt\/#\/schema\/logo\/image\/\"},\"sameAs\":[\"https:\/\/www.facebook.com\/mivootgt\",\"https:\/\/instagram.com\/mivoot\"]}]}<\/script>\n<!-- \/ Yoast SEO Premium plugin. -->","yoast_head_json":{"title":"Botonera de Expansi\u00f3n para Telefonos IP 20 Botones con pantalla LCD GXP2200EXT Grandstream - Mivoot","robots":{"index":"index","follow":"follow","max-snippet":"max-snippet:-1","max-image-preview":"max-image-preview:large","max-video-preview":"max-video-preview:-1"},"canonical":"https:\/\/mivoot.com\/gt\/producto\/botonera-de-expansion-gxp2200ext-grandstream\/","og_locale":"es_ES","og_type":"article","og_title":"Botonera de Expansi\u00f3n para Telefonos IP 20 Botones con pantalla LCD GXP2200EXT Grandstream","og_description":"Gran visualizaci\u00f3n LCD de 128 x 384 Graphic proporcionando con gr\u00e1ficos Conectar 4 m\u00f3dulos para hasta 160 botones programables 2 extensiones de p\u00e1gina interruptor teclas que permite hasta 40 por m\u00f3dulo de extensi\u00f3n 20 botones programables por m\u00f3dulo Busy campo de l\u00e1mpara (BLF) L\u00edneas 20 (Hasta 40 con 2 teclas de cambio de p\u00e1gina, o hasta 160 con 4 m\u00f3dulos conectados en serie) Tel\u00e9fonos IP Grandstream Compatibles GXP2140, GXP2170 y GXV3240 Soporte de Caracter\u00edsticas Sofisticada Interfaz Gr\u00e1fica de Usuario local accionada desde el tel\u00e9fono base GXP2140\/GXP2170\/GXV3240; m\u00faltiples estados de l\u00ednea\/llamada","og_url":"https:\/\/mivoot.com\/gt\/producto\/botonera-de-expansion-gxp2200ext-grandstream\/","og_site_name":"Mivoot","article_publisher":"https:\/\/www.facebook.com\/mivootgt","article_modified_time":"2023-08-11T03:42:55+00:00","og_image":[{"width":1000,"height":1000,"url":"https:\/\/mivoot.com\/gt\/wp-content\/uploads\/2023\/08\/GXP2200EXT-l.png","type":"image\/png"}],"twitter_card":"summary_large_image","twitter_misc":{"Est. reading time":"2 minutos"},"schema":{"@context":"https:\/\/schema.org","@graph":[{"@type":"WebPage","@id":"https:\/\/mivoot.com\/gt\/producto\/botonera-de-expansion-gxp2200ext-grandstream\/","url":"https:\/\/mivoot.com\/gt\/producto\/botonera-de-expansion-gxp2200ext-grandstream\/","name":"Botonera de Expansi\u00f3n para Telefonos IP 20 Botones con pantalla LCD GXP2200EXT Grandstream - Mivoot","isPartOf":{"@id":"https:\/\/mivoot.com\/gt\/#website"},"primaryImageOfPage":{"@id":"https:\/\/mivoot.com\/gt\/producto\/botonera-de-expansion-gxp2200ext-grandstream\/#primaryimage"},"image":{"@id":"https:\/\/mivoot.com\/gt\/producto\/botonera-de-expansion-gxp2200ext-grandstream\/#primaryimage"},"thumbnailUrl":"https:\/\/mivoot.com\/gt\/wp-content\/uploads\/2023\/08\/GXP2200EXT-l.png","datePublished":"2023-08-11T03:36:23+00:00","dateModified":"2023-08-11T03:42:55+00:00","breadcrumb":{"@id":"https:\/\/mivoot.com\/gt\/producto\/botonera-de-expansion-gxp2200ext-grandstream\/#breadcrumb"},"inLanguage":"es","potentialAction":[{"@type":"ReadAction","target":["https:\/\/mivoot.com\/gt\/producto\/botonera-de-expansion-gxp2200ext-grandstream\/"]}]},{"@type":"ImageObject","inLanguage":"es","@id":"https:\/\/mivoot.com\/gt\/producto\/botonera-de-expansion-gxp2200ext-grandstream\/#primaryimage","url":"https:\/\/mivoot.com\/gt\/wp-content\/uploads\/2023\/08\/GXP2200EXT-l.png","contentUrl":"https:\/\/mivoot.com\/gt\/wp-content\/uploads\/2023\/08\/GXP2200EXT-l.png","width":1000,"height":1000},{"@type":"BreadcrumbList","@id":"https:\/\/mivoot.com\/gt\/producto\/botonera-de-expansion-gxp2200ext-grandstream\/#breadcrumb","itemListElement":[{"@type":"ListItem","position":1,"name":"Inicio","item":"https:\/\/mivoot.com\/gt\/"},{"@type":"ListItem","position":2,"name":"Productos","item":"https:\/\/mivoot.com\/gt\/producto\/"},{"@type":"ListItem","position":3,"name":"Grandstream","item":"https:\/\/mivoot.com\/gt\/marca\/grandstream\/"},{"@type":"ListItem","position":4,"name":"Botonera de Expansi\u00f3n para Telefonos IP 20 Botones con pantalla LCD GXP2200EXT Grandstream"}]},{"@type":"WebSite","@id":"https:\/\/mivoot.com\/gt\/#website","url":"https:\/\/mivoot.com\/gt\/","name":"Mivoot","description":"Mivoot Guatemala | Tienda Online","publisher":{"@id":"https:\/\/mivoot.com\/gt\/#organization"},"alternateName":"mivoot","potentialAction":[{"@type":"SearchAction","target":{"@type":"EntryPoint","urlTemplate":"https:\/\/mivoot.com\/gt\/?s={search_term_string}"},"query-input":{"@type":"PropertyValueSpecification","valueRequired":true,"valueName":"search_term_string"}}],"inLanguage":"es"},{"@type":"Organization","@id":"https:\/\/mivoot.com\/gt\/#organization","name":"Mivoot Guatemala","alternateName":"mivoot.com","url":"https:\/\/mivoot.com\/gt\/","logo":{"@type":"ImageObject","inLanguage":"es","@id":"https:\/\/mivoot.com\/gt\/#\/schema\/logo\/image\/","url":"https:\/\/mivoot.com\/gt\/wp-content\/uploads\/2023\/03\/cropped-icon.png","contentUrl":"https:\/\/mivoot.com\/gt\/wp-content\/uploads\/2023\/03\/cropped-icon.png","width":512,"height":512,"caption":"Mivoot Guatemala"},"image":{"@id":"https:\/\/mivoot.com\/gt\/#\/schema\/logo\/image\/"},"sameAs":["https:\/\/www.facebook.com\/mivootgt","https:\/\/instagram.com\/mivoot"]}]}},"jetpack_publicize_connections":[],"jetpack_sharing_enabled":true,"brands":[{"id":451,"name":"Grandstream","slug":"grandstream"}],"_links":{"self":[{"href":"https:\/\/mivoot.com\/gt\/wp-json\/wp\/v2\/product\/15071","targetHints":{"allow":["GET"]}}],"collection":[{"href":"https:\/\/mivoot.com\/gt\/wp-json\/wp\/v2\/product"}],"about":[{"href":"https:\/\/mivoot.com\/gt\/wp-json\/wp\/v2\/types\/product"}],"replies":[{"embeddable":true,"href":"https:\/\/mivoot.com\/gt\/wp-json\/wp\/v2\/comments?post=15071"}],"version-history":[{"count":3,"href":"https:\/\/mivoot.com\/gt\/wp-json\/wp\/v2\/product\/15071\/revisions"}],"predecessor-version":[{"id":15080,"href":"https:\/\/mivoot.com\/gt\/wp-json\/wp\/v2\/product\/15071\/revisions\/15080"}],"wp:featuredmedia":[{"embeddable":true,"href":"https:\/\/mivoot.com\/gt\/wp-json\/wp\/v2\/media\/15078"}],"wp:attachment":[{"href":"https:\/\/mivoot.com\/gt\/wp-json\/wp\/v2\/media?parent=15071"}],"wp:term":[{"taxonomy":"pwb-brand","embeddable":true,"href":"https:\/\/mivoot.com\/gt\/wp-json\/wp\/v2\/pwb-brand?post=15071"},{"taxonomy":"product_brand","embeddable":true,"href":"https:\/\/mivoot.com\/gt\/wp-json\/wp\/v2\/product_brand?post=15071"},{"taxonomy":"product_cat","embeddable":true,"href":"https:\/\/mivoot.com\/gt\/wp-json\/wp\/v2\/product_cat?post=15071"},{"taxonomy":"product_tag","embeddable":true,"href":"https:\/\/mivoot.com\/gt\/wp-json\/wp\/v2\/product_tag?post=15071"}],"curies":[{"name":"wp","href":"https:\/\/api.w.org\/{rel}","templated":true}]}}