{"id":15207,"date":"2023-08-17T16:31:51","date_gmt":"2023-08-17T22:31:51","guid":{"rendered":"https:\/\/mivoot.com\/gt\/?post_type=product&#038;p=15207"},"modified":"2023-08-17T16:31:53","modified_gmt":"2023-08-17T22:31:53","slug":"enclosure-para-disco-2-5-sata-a-usb-2-0-negro-argom","status":"publish","type":"product","link":"https:\/\/mivoot.com\/gt\/producto\/enclosure-para-disco-2-5-sata-a-usb-2-0-negro-argom\/","title":{"rendered":"Enclosure para Disco 2.5&#8243; SATA a USB 2.0 Negro Argom"},"content":{"rendered":"<p><strong><span>Descripci\u00f3n<\/span><\/strong><br \/>\n<span>Coloque su disco duro ARG-AC-1030 SATA interno de 2,5&#8243; en esta caja de aluminio liviana con una interfaz USB 2.0 y transf\u00f3rmela en una soluci\u00f3n HD externa port\u00e1til con velocidades de transferencia de datos de hasta 480 Mbps. Esta copia de seguridad port\u00e1til para llevar a donde quiera que vaya ofrece una soluci\u00f3n altamente eficiente y econ\u00f3mica.<\/span><\/p>\n<p><span>Esta carcasa Plug &amp; Play con su dise\u00f1o ultradelgado y compacto proporciona una manera r\u00e1pida y f\u00e1cil de agregar m\u00e1s espacio de almacenamiento a su PC de escritorio o port\u00e1til.Descripci\u00f3n Conexi\u00f3n de PC<\/span><\/p>\n<p>&nbsp;<\/p>\n<div class=\"col-lg-6 pt16 pb16\">\n<h2 class=\"te_s_it_heading text-uppercase\">ESPECIFICACIONES<\/h2>\n<div class=\"pb32 pt8 s_hr text-left\">\n<hr class=\"border-600 border-alpha mr-auto s_hr_4px s_hr_solid w-25\" \/>\n<\/div>\n<p class=\"mb16\"><span>Conexi\u00f3n de PC: USB 2.0<\/span><br \/>\n<span>HD Compatibilidad: SATA 2.5 &#8220;hasta 1TB<\/span><br \/>\n<span>Velocidad de datos m\u00e1xima Velocidad: USB hasta 480 Mbps<\/span><br \/>\n<span>Soporte: Hot-Swapping \/ Plug &amp; Play<\/span><br \/>\n<span>Compatible con Windows y Mac OS.<\/span><\/p>\n<\/div>\n<div class=\"col-lg-6 pt16 pb16\">\n<div class=\"t_img_hover_1\"><img decoding=\"async\" class=\"img img-fluid mx-auto\" title=\"\" src=\"https:\/\/www.mytec.com.gt\/web\/image\/923303\/image%20(1).png?access_token=28c284a4-f935-4a64-b71c-3d725fd04fde\" alt=\"Clarico-Text-Image\" data-original-title=\"\" aria-describedby=\"tooltip146000\" \/><\/div>\n<\/div>\n","protected":false},"excerpt":{"rendered":"<p>&#8211; USB 2.0<br \/>\n&#8211; HD Compatibilidad: SATA 2.5&#8243; hasta 1 TB<br \/>\n&#8211; Velocidad m\u00e1xima de datos Velocidad: USB hasta 480 Mbps<br \/>\n&#8211; Soporte: Intercambio en caliente\/Plug &#038; Play<br \/>\n&#8211; Compatible con Windows y Mac OS.<\/p>\n","protected":false},"featured_media":15210,"comment_status":"open","ping_status":"closed","template":"","meta":{"jetpack_publicize_message":"","jetpack_publicize_feature_enabled":true,"jetpack_social_post_already_shared":true,"jetpack_social_options":{"image_generator_settings":{"template":"highway","default_image_id":0,"font":"","enabled":false},"version":2}},"pwb-brand":[76],"product_brand":[],"product_cat":[158],"product_tag":[],"class_list":{"0":"post-15207","1":"product","2":"type-product","3":"status-publish","4":"has-post-thumbnail","6":"pwb-brand-argom","7":"product_cat-disco-duro-externo","9":"first","10":"instock","11":"taxable","12":"shipping-taxable","13":"purchasable","14":"product-type-simple"},"yoast_head":"<!-- This site is optimized with the Yoast SEO Premium plugin v25.7.1 (Yoast SEO v26.8) - https:\/\/yoast.com\/product\/yoast-seo-premium-wordpress\/ -->\n<title>Enclosure para Disco 2.5&quot; SATA a USB 2.0 Negro Argom - Mivoot<\/title>\n<meta name=\"robots\" content=\"index, follow, max-snippet:-1, max-image-preview:large, max-video-preview:-1\" \/>\n<link rel=\"canonical\" href=\"https:\/\/mivoot.com\/gt\/producto\/enclosure-para-disco-2-5-sata-a-usb-2-0-negro-argom\/\" \/>\n<meta property=\"og:locale\" content=\"es_ES\" \/>\n<meta property=\"og:type\" content=\"article\" \/>\n<meta property=\"og:title\" content=\"Enclosure para Disco 2.5&quot; SATA a USB 2.0 Negro Argom\" \/>\n<meta property=\"og:description\" content=\"- USB 2.0 - HD Compatibilidad: SATA 2.5&quot; hasta 1 TB - Velocidad m\u00e1xima de datos Velocidad: USB hasta 480 Mbps - Soporte: Intercambio en caliente\/Plug &amp; Play - Compatible con Windows y Mac OS.\" \/>\n<meta property=\"og:url\" content=\"https:\/\/mivoot.com\/gt\/producto\/enclosure-para-disco-2-5-sata-a-usb-2-0-negro-argom\/\" \/>\n<meta property=\"og:site_name\" content=\"Mivoot\" \/>\n<meta property=\"article:publisher\" content=\"https:\/\/www.facebook.com\/mivootgt\" \/>\n<meta property=\"article:modified_time\" content=\"2023-08-17T22:31:53+00:00\" \/>\n<meta property=\"og:image\" content=\"https:\/\/mivoot.com\/gt\/wp-content\/uploads\/2023\/08\/arg-ac-1030-usb-2_d95c4bc9-69bf-4ef3-b4dd-7b964825757d_2048x.webp\" \/>\n\t<meta property=\"og:image:width\" content=\"1000\" \/>\n\t<meta property=\"og:image:height\" content=\"1000\" \/>\n\t<meta property=\"og:image:type\" content=\"image\/webp\" \/>\n<meta name=\"twitter:card\" content=\"summary_large_image\" \/>\n<meta name=\"twitter:label1\" content=\"Est. reading time\" \/>\n\t<meta name=\"twitter:data1\" content=\"1 minuto\" \/>\n<script type=\"application\/ld+json\" class=\"yoast-schema-graph\">{\"@context\":\"https:\/\/schema.org\",\"@graph\":[{\"@type\":\"WebPage\",\"@id\":\"https:\/\/mivoot.com\/gt\/producto\/enclosure-para-disco-2-5-sata-a-usb-2-0-negro-argom\/\",\"url\":\"https:\/\/mivoot.com\/gt\/producto\/enclosure-para-disco-2-5-sata-a-usb-2-0-negro-argom\/\",\"name\":\"Enclosure para Disco 2.5\\\" SATA a USB 2.0 Negro Argom - Mivoot\",\"isPartOf\":{\"@id\":\"https:\/\/mivoot.com\/gt\/#website\"},\"primaryImageOfPage\":{\"@id\":\"https:\/\/mivoot.com\/gt\/producto\/enclosure-para-disco-2-5-sata-a-usb-2-0-negro-argom\/#primaryimage\"},\"image\":{\"@id\":\"https:\/\/mivoot.com\/gt\/producto\/enclosure-para-disco-2-5-sata-a-usb-2-0-negro-argom\/#primaryimage\"},\"thumbnailUrl\":\"https:\/\/mivoot.com\/gt\/wp-content\/uploads\/2023\/08\/arg-ac-1030-usb-2_d95c4bc9-69bf-4ef3-b4dd-7b964825757d_2048x.webp\",\"datePublished\":\"2023-08-17T22:31:51+00:00\",\"dateModified\":\"2023-08-17T22:31:53+00:00\",\"breadcrumb\":{\"@id\":\"https:\/\/mivoot.com\/gt\/producto\/enclosure-para-disco-2-5-sata-a-usb-2-0-negro-argom\/#breadcrumb\"},\"inLanguage\":\"es\",\"potentialAction\":[{\"@type\":\"ReadAction\",\"target\":[\"https:\/\/mivoot.com\/gt\/producto\/enclosure-para-disco-2-5-sata-a-usb-2-0-negro-argom\/\"]}]},{\"@type\":\"ImageObject\",\"inLanguage\":\"es\",\"@id\":\"https:\/\/mivoot.com\/gt\/producto\/enclosure-para-disco-2-5-sata-a-usb-2-0-negro-argom\/#primaryimage\",\"url\":\"https:\/\/mivoot.com\/gt\/wp-content\/uploads\/2023\/08\/arg-ac-1030-usb-2_d95c4bc9-69bf-4ef3-b4dd-7b964825757d_2048x.webp\",\"contentUrl\":\"https:\/\/mivoot.com\/gt\/wp-content\/uploads\/2023\/08\/arg-ac-1030-usb-2_d95c4bc9-69bf-4ef3-b4dd-7b964825757d_2048x.webp\",\"width\":1000,\"height\":1000},{\"@type\":\"BreadcrumbList\",\"@id\":\"https:\/\/mivoot.com\/gt\/producto\/enclosure-para-disco-2-5-sata-a-usb-2-0-negro-argom\/#breadcrumb\",\"itemListElement\":[{\"@type\":\"ListItem\",\"position\":1,\"name\":\"Inicio\",\"item\":\"https:\/\/mivoot.com\/gt\/\"},{\"@type\":\"ListItem\",\"position\":2,\"name\":\"Productos\",\"item\":\"https:\/\/mivoot.com\/gt\/producto\/\"},{\"@type\":\"ListItem\",\"position\":3,\"name\":\"Argom\",\"item\":\"https:\/\/mivoot.com\/gt\/marca\/argom\/\"},{\"@type\":\"ListItem\",\"position\":4,\"name\":\"Enclosure para Disco 2.5&#8243; SATA a USB 2.0 Negro Argom\"}]},{\"@type\":\"WebSite\",\"@id\":\"https:\/\/mivoot.com\/gt\/#website\",\"url\":\"https:\/\/mivoot.com\/gt\/\",\"name\":\"Mivoot\",\"description\":\"Mivoot Guatemala | Tienda Online\",\"publisher\":{\"@id\":\"https:\/\/mivoot.com\/gt\/#organization\"},\"alternateName\":\"mivoot\",\"potentialAction\":[{\"@type\":\"SearchAction\",\"target\":{\"@type\":\"EntryPoint\",\"urlTemplate\":\"https:\/\/mivoot.com\/gt\/?s={search_term_string}\"},\"query-input\":{\"@type\":\"PropertyValueSpecification\",\"valueRequired\":true,\"valueName\":\"search_term_string\"}}],\"inLanguage\":\"es\"},{\"@type\":\"Organization\",\"@id\":\"https:\/\/mivoot.com\/gt\/#organization\",\"name\":\"Mivoot Guatemala\",\"alternateName\":\"mivoot.com\",\"url\":\"https:\/\/mivoot.com\/gt\/\",\"logo\":{\"@type\":\"ImageObject\",\"inLanguage\":\"es\",\"@id\":\"https:\/\/mivoot.com\/gt\/#\/schema\/logo\/image\/\",\"url\":\"https:\/\/mivoot.com\/gt\/wp-content\/uploads\/2023\/03\/cropped-icon.png\",\"contentUrl\":\"https:\/\/mivoot.com\/gt\/wp-content\/uploads\/2023\/03\/cropped-icon.png\",\"width\":512,\"height\":512,\"caption\":\"Mivoot Guatemala\"},\"image\":{\"@id\":\"https:\/\/mivoot.com\/gt\/#\/schema\/logo\/image\/\"},\"sameAs\":[\"https:\/\/www.facebook.com\/mivootgt\",\"https:\/\/instagram.com\/mivoot\"]}]}<\/script>\n<!-- \/ Yoast SEO Premium plugin. -->","yoast_head_json":{"title":"Enclosure para Disco 2.5\" SATA a USB 2.0 Negro Argom - Mivoot","robots":{"index":"index","follow":"follow","max-snippet":"max-snippet:-1","max-image-preview":"max-image-preview:large","max-video-preview":"max-video-preview:-1"},"canonical":"https:\/\/mivoot.com\/gt\/producto\/enclosure-para-disco-2-5-sata-a-usb-2-0-negro-argom\/","og_locale":"es_ES","og_type":"article","og_title":"Enclosure para Disco 2.5\" SATA a USB 2.0 Negro Argom","og_description":"- USB 2.0 - HD Compatibilidad: SATA 2.5\" hasta 1 TB - Velocidad m\u00e1xima de datos Velocidad: USB hasta 480 Mbps - Soporte: Intercambio en caliente\/Plug & Play - Compatible con Windows y Mac OS.","og_url":"https:\/\/mivoot.com\/gt\/producto\/enclosure-para-disco-2-5-sata-a-usb-2-0-negro-argom\/","og_site_name":"Mivoot","article_publisher":"https:\/\/www.facebook.com\/mivootgt","article_modified_time":"2023-08-17T22:31:53+00:00","og_image":[{"width":1000,"height":1000,"url":"https:\/\/mivoot.com\/gt\/wp-content\/uploads\/2023\/08\/arg-ac-1030-usb-2_d95c4bc9-69bf-4ef3-b4dd-7b964825757d_2048x.webp","type":"image\/webp"}],"twitter_card":"summary_large_image","twitter_misc":{"Est. reading time":"1 minuto"},"schema":{"@context":"https:\/\/schema.org","@graph":[{"@type":"WebPage","@id":"https:\/\/mivoot.com\/gt\/producto\/enclosure-para-disco-2-5-sata-a-usb-2-0-negro-argom\/","url":"https:\/\/mivoot.com\/gt\/producto\/enclosure-para-disco-2-5-sata-a-usb-2-0-negro-argom\/","name":"Enclosure para Disco 2.5\" SATA a USB 2.0 Negro Argom - Mivoot","isPartOf":{"@id":"https:\/\/mivoot.com\/gt\/#website"},"primaryImageOfPage":{"@id":"https:\/\/mivoot.com\/gt\/producto\/enclosure-para-disco-2-5-sata-a-usb-2-0-negro-argom\/#primaryimage"},"image":{"@id":"https:\/\/mivoot.com\/gt\/producto\/enclosure-para-disco-2-5-sata-a-usb-2-0-negro-argom\/#primaryimage"},"thumbnailUrl":"https:\/\/mivoot.com\/gt\/wp-content\/uploads\/2023\/08\/arg-ac-1030-usb-2_d95c4bc9-69bf-4ef3-b4dd-7b964825757d_2048x.webp","datePublished":"2023-08-17T22:31:51+00:00","dateModified":"2023-08-17T22:31:53+00:00","breadcrumb":{"@id":"https:\/\/mivoot.com\/gt\/producto\/enclosure-para-disco-2-5-sata-a-usb-2-0-negro-argom\/#breadcrumb"},"inLanguage":"es","potentialAction":[{"@type":"ReadAction","target":["https:\/\/mivoot.com\/gt\/producto\/enclosure-para-disco-2-5-sata-a-usb-2-0-negro-argom\/"]}]},{"@type":"ImageObject","inLanguage":"es","@id":"https:\/\/mivoot.com\/gt\/producto\/enclosure-para-disco-2-5-sata-a-usb-2-0-negro-argom\/#primaryimage","url":"https:\/\/mivoot.com\/gt\/wp-content\/uploads\/2023\/08\/arg-ac-1030-usb-2_d95c4bc9-69bf-4ef3-b4dd-7b964825757d_2048x.webp","contentUrl":"https:\/\/mivoot.com\/gt\/wp-content\/uploads\/2023\/08\/arg-ac-1030-usb-2_d95c4bc9-69bf-4ef3-b4dd-7b964825757d_2048x.webp","width":1000,"height":1000},{"@type":"BreadcrumbList","@id":"https:\/\/mivoot.com\/gt\/producto\/enclosure-para-disco-2-5-sata-a-usb-2-0-negro-argom\/#breadcrumb","itemListElement":[{"@type":"ListItem","position":1,"name":"Inicio","item":"https:\/\/mivoot.com\/gt\/"},{"@type":"ListItem","position":2,"name":"Productos","item":"https:\/\/mivoot.com\/gt\/producto\/"},{"@type":"ListItem","position":3,"name":"Argom","item":"https:\/\/mivoot.com\/gt\/marca\/argom\/"},{"@type":"ListItem","position":4,"name":"Enclosure para Disco 2.5&#8243; SATA a USB 2.0 Negro Argom"}]},{"@type":"WebSite","@id":"https:\/\/mivoot.com\/gt\/#website","url":"https:\/\/mivoot.com\/gt\/","name":"Mivoot","description":"Mivoot Guatemala | Tienda Online","publisher":{"@id":"https:\/\/mivoot.com\/gt\/#organization"},"alternateName":"mivoot","potentialAction":[{"@type":"SearchAction","target":{"@type":"EntryPoint","urlTemplate":"https:\/\/mivoot.com\/gt\/?s={search_term_string}"},"query-input":{"@type":"PropertyValueSpecification","valueRequired":true,"valueName":"search_term_string"}}],"inLanguage":"es"},{"@type":"Organization","@id":"https:\/\/mivoot.com\/gt\/#organization","name":"Mivoot Guatemala","alternateName":"mivoot.com","url":"https:\/\/mivoot.com\/gt\/","logo":{"@type":"ImageObject","inLanguage":"es","@id":"https:\/\/mivoot.com\/gt\/#\/schema\/logo\/image\/","url":"https:\/\/mivoot.com\/gt\/wp-content\/uploads\/2023\/03\/cropped-icon.png","contentUrl":"https:\/\/mivoot.com\/gt\/wp-content\/uploads\/2023\/03\/cropped-icon.png","width":512,"height":512,"caption":"Mivoot Guatemala"},"image":{"@id":"https:\/\/mivoot.com\/gt\/#\/schema\/logo\/image\/"},"sameAs":["https:\/\/www.facebook.com\/mivootgt","https:\/\/instagram.com\/mivoot"]}]}},"jetpack_publicize_connections":[],"jetpack_sharing_enabled":true,"brands":[{"id":76,"name":"Argom","slug":"argom"}],"_links":{"self":[{"href":"https:\/\/mivoot.com\/gt\/wp-json\/wp\/v2\/product\/15207","targetHints":{"allow":["GET"]}}],"collection":[{"href":"https:\/\/mivoot.com\/gt\/wp-json\/wp\/v2\/product"}],"about":[{"href":"https:\/\/mivoot.com\/gt\/wp-json\/wp\/v2\/types\/product"}],"replies":[{"embeddable":true,"href":"https:\/\/mivoot.com\/gt\/wp-json\/wp\/v2\/comments?post=15207"}],"version-history":[{"count":1,"href":"https:\/\/mivoot.com\/gt\/wp-json\/wp\/v2\/product\/15207\/revisions"}],"predecessor-version":[{"id":15211,"href":"https:\/\/mivoot.com\/gt\/wp-json\/wp\/v2\/product\/15207\/revisions\/15211"}],"wp:featuredmedia":[{"embeddable":true,"href":"https:\/\/mivoot.com\/gt\/wp-json\/wp\/v2\/media\/15210"}],"wp:attachment":[{"href":"https:\/\/mivoot.com\/gt\/wp-json\/wp\/v2\/media?parent=15207"}],"wp:term":[{"taxonomy":"pwb-brand","embeddable":true,"href":"https:\/\/mivoot.com\/gt\/wp-json\/wp\/v2\/pwb-brand?post=15207"},{"taxonomy":"product_brand","embeddable":true,"href":"https:\/\/mivoot.com\/gt\/wp-json\/wp\/v2\/product_brand?post=15207"},{"taxonomy":"product_cat","embeddable":true,"href":"https:\/\/mivoot.com\/gt\/wp-json\/wp\/v2\/product_cat?post=15207"},{"taxonomy":"product_tag","embeddable":true,"href":"https:\/\/mivoot.com\/gt\/wp-json\/wp\/v2\/product_tag?post=15207"}],"curies":[{"name":"wp","href":"https:\/\/api.w.org\/{rel}","templated":true}]}}