{"id":15662,"date":"2023-09-13T16:53:05","date_gmt":"2023-09-13T22:53:05","guid":{"rendered":"https:\/\/mivoot.com\/gt\/?post_type=product&#038;p=15662"},"modified":"2024-10-21T19:41:47","modified_gmt":"2024-10-22T01:41:47","slug":"bombilla-inteligente-luz-calidad-blanca-tapo-l510e","status":"publish","type":"product","link":"https:\/\/mivoot.com\/gt\/producto\/bombilla-inteligente-luz-calidad-blanca-tapo-l510e\/","title":{"rendered":"Bombilla Inteligente Luz Calidad Blanca TAPO L510E TP-Link"},"content":{"rendered":"<h2 class=\"title-pre\" style=\"text-align: center;\">Bombilla LED E27 Blanca C\u00e1lida<\/h2>\n<h3 class=\"title\" style=\"text-align: center;\">Crea tu ambiente ideal vpara cada ocasi\u00f3n<\/h3>\n<h3 class=\"title-sub\" style=\"text-align: center;\">Bombilla\u00a0LED Wi-Fi inteligente<br \/>\n<span class=\"model\">Tapo L510E<\/span><\/h3>\n<p><img decoding=\"async\" src=\"https:\/\/m.media-amazon.com\/images\/S\/aplus-media\/vc\/b4066459-8029-4658-99cb-270299f91c78.__CR0,0,2928,1200_PT0_SX1464_V1___.jpg\" alt=\" \" \/><\/p>\n<div class=\"c section\">\n<div class=\"w1520 section-right\">\n<div class=\"text\">\n<h3 class=\"title\"><strong>Intensidad Regulable<\/strong><\/h3>\n<div class=\"context\">\n<h4 class=\"title-sub\">F\u00e1cil de ajustar<\/h4>\n<p>En pocos segundos puedes regular la intensidad de la bombilla LED, entre 1% y 100%.<\/p>\n<div class=\"control-bar table\">\n<div class=\"td\">\n<h4 class=\"title-sub\"><b>Crea la atm\u00f3sfera ideal para cada momento<\/b><\/h4>\n<p>\u00bfHas encontrado la iluminaci\u00f3n perfecta para ver pel\u00edculas? Gu\u00e1rdala y as\u00ed la tendr\u00e1s a mano para la pr\u00f3xima sesi\u00f3n de cine en casa.<\/p>\n<p><img decoding=\"async\" src=\"https:\/\/m.media-amazon.com\/images\/S\/aplus-media\/vc\/6bcd9e13-8fba-46e6-995b-eb03feebff6a.__CR0,0,2928,1200_PT0_SX1464_V1___.jpg\" alt=\" \" \/><\/p>\n<h3 class=\"title\"><strong>Iluminaci\u00f3n adaptada a tus h\u00e1bitos<\/strong><\/h3>\n<p>Crea horarios y temporizaciones para encender, apagar o cambiar la intensidad\u00a0de la bombilla LED multicolor. Los modos amanecer y atardecer permiten que la luz cambie autom\u00e1ticamente seg\u00fan sale o se pone el sol.<\/p>\n<\/div>\n<div class=\"td progress\">\n<div class=\"inner\">\n<div class=\"percent\"><\/div>\n<div class=\"line\">\n<div><img decoding=\"async\" src=\"https:\/\/m.media-amazon.com\/images\/S\/aplus-media\/vc\/fcc83da8-7500-42c2-ad24-f7f74002e56c.__CR0,0,2928,1200_PT0_SX1464_V1___.jpg\" alt=\" \" \/><\/div>\n<\/div>\n<div class=\"pointer\"><\/div>\n<\/div>\n<\/div>\n<\/div>\n<\/div>\n<\/div>\n<\/div>\n<\/div>\n<div class=\"d section\">\n<div class=\"w1520\">\n<div class=\"text text-2\">\n<div class=\"context-2\">\n<div class=\"icon icon-2\"><img decoding=\"async\" src=\"https:\/\/m.media-amazon.com\/images\/S\/aplus-media-library-service-media\/44f7fd88-9188-4dcc-b4fe-6dc00c86c669.__CR0,0,2928,1200_PT0_SX1464_V1___.jpg\" \/><\/div>\n<\/div>\n<div><div class=\"row\"  id=\"row-417346133\">\n\t<div id=\"col-1320477396\" class=\"col medium-1\/2 large-6\"  >\n\t\t<div class=\"col-inner\"  >\n\t\t\t\n\t\t\t\n<img fetchpriority=\"high\" decoding=\"async\" class=\"alignnone size-full wp-image-15665\" src=\"https:\/\/mivoot.com\/gt\/wp-content\/uploads\/2023\/09\/L510E-Overview-03_normal_1586306796015i.png\" alt=\"\" width=\"590\" height=\"590\" \/>\t\t<\/div>\n\t\t\t<\/div>\n\n\t\n\n\t<div id=\"col-1787693192\" class=\"col medium-1\/2 large-6\"  >\n\t\t<div class=\"col-inner\"  >\n\t\t\t\n\t\t\t\n<img decoding=\"async\" class=\"alignnone size-full wp-image-15664\" src=\"https:\/\/mivoot.com\/gt\/wp-content\/uploads\/2023\/09\/L510E-Overview-02_normal_1586306781529d.png\" alt=\"\" width=\"590\" height=\"590\" \/><\/p>\n\t\t<\/div>\n\t\t\t<\/div>\n\n\t\n<\/div>\n<\/div>\n<\/div>\n<\/div>\n<\/div>\n","protected":false},"excerpt":{"rendered":"<p>&#8211; Luz blanca c\u00e1lida LED. Ilumina tu sal\u00f3n y habitaciones con una luz agradable y acogedora con bajo consumo energ\u00e9tico de 8,7W para 806 l\u00famenes.<br \/>\n&#8211; Luz regulable. Ajusta la intensidad de la luz desde tu m\u00f3vil creando la atm\u00f3sfera perfecta en tu casa para cada ocasi\u00f3n.<br \/>\n&#8211; Horario y temporizador. Puedes establecer diferentes horarios para encender, apagar o cambiar la intensidad de la luz autom\u00e1ticamente.<br \/>\n&#8211; Modo amanecer y atardecer. Enciende y apaga autom\u00e1ticamente la luz al ritmo que marca el d\u00eda natural.<br \/>\n&#8211; Control por voz. Gestiona tus luces f\u00e1cilmente con tu voz gracias a la compatiblidad de Tapo con Alexa y Asistente de Google<br \/>\n&#8211; App m\u00f3vil Tapo. Enciende, apaga y cambiar la intensidad de la bombilla desde el m\u00f3vil en cualquier momento.<br \/>\n&#8211; Modo Ausente. Simula que hay alguien en casa apagando y encendiendo las luces aleatoriamente.<\/p>\n","protected":false},"featured_media":23262,"comment_status":"open","ping_status":"closed","template":"","meta":{"jetpack_publicize_message":"","jetpack_publicize_feature_enabled":true,"jetpack_social_post_already_shared":true,"jetpack_social_options":{"image_generator_settings":{"template":"highway","default_image_id":0,"font":"","enabled":false},"version":2}},"pwb-brand":[458],"product_brand":[],"product_cat":[28],"product_tag":[],"class_list":{"0":"post-15662","1":"product","2":"type-product","3":"status-publish","4":"has-post-thumbnail","6":"pwb-brand-tp-link-tapo","7":"product_cat-smart-home","9":"first","10":"instock","11":"taxable","12":"shipping-taxable","13":"purchasable","14":"product-type-simple"},"yoast_head":"<!-- This site is optimized with the Yoast SEO Premium plugin v25.7.1 (Yoast SEO v26.8) - https:\/\/yoast.com\/product\/yoast-seo-premium-wordpress\/ -->\n<title>Bombilla Inteligente Luz Calidad Blanca TAPO L510E TP-Link - Mivoot<\/title>\n<meta name=\"robots\" content=\"index, follow, max-snippet:-1, max-image-preview:large, max-video-preview:-1\" \/>\n<link rel=\"canonical\" href=\"https:\/\/mivoot.com\/gt\/producto\/bombilla-inteligente-luz-calidad-blanca-tapo-l510e\/\" \/>\n<meta property=\"og:locale\" content=\"es_ES\" \/>\n<meta property=\"og:type\" content=\"article\" \/>\n<meta property=\"og:title\" content=\"Bombilla Inteligente Luz Calidad Blanca TAPO L510E TP-Link\" \/>\n<meta property=\"og:description\" content=\"- Luz blanca c\u00e1lida LED. Ilumina tu sal\u00f3n y habitaciones con una luz agradable y acogedora con bajo consumo energ\u00e9tico de 8,7W para 806 l\u00famenes. - Luz regulable. Ajusta la intensidad de la luz desde tu m\u00f3vil creando la atm\u00f3sfera perfecta en tu casa para cada ocasi\u00f3n. - Horario y temporizador. Puedes establecer diferentes horarios para encender, apagar o cambiar la intensidad de la luz autom\u00e1ticamente. - Modo amanecer y atardecer. Enciende y apaga autom\u00e1ticamente la luz al ritmo que marca el d\u00eda natural. - Control por voz. Gestiona tus luces f\u00e1cilmente con tu voz gracias a la compatiblidad de Tapo con Alexa y Asistente de Google - App m\u00f3vil Tapo. Enciende, apaga y cambiar la intensidad de la bombilla desde el m\u00f3vil en cualquier momento. - Modo Ausente. Simula que hay alguien en casa apagando y encendiendo las luces aleatoriamente.\" \/>\n<meta property=\"og:url\" content=\"https:\/\/mivoot.com\/gt\/producto\/bombilla-inteligente-luz-calidad-blanca-tapo-l510e\/\" \/>\n<meta property=\"og:site_name\" content=\"Mivoot\" \/>\n<meta property=\"article:publisher\" content=\"https:\/\/www.facebook.com\/mivootgt\" \/>\n<meta property=\"article:modified_time\" content=\"2024-10-22T01:41:47+00:00\" \/>\n<meta property=\"og:image\" content=\"https:\/\/mivoot.com\/gt\/wp-content\/uploads\/2023\/09\/TAPO-L510E-01.png\" \/>\n\t<meta property=\"og:image:width\" content=\"590\" \/>\n\t<meta property=\"og:image:height\" content=\"590\" \/>\n\t<meta property=\"og:image:type\" content=\"image\/png\" \/>\n<meta name=\"twitter:card\" content=\"summary_large_image\" \/>\n<meta name=\"twitter:label1\" content=\"Est. reading time\" \/>\n\t<meta name=\"twitter:data1\" content=\"2 minutos\" \/>\n<script type=\"application\/ld+json\" class=\"yoast-schema-graph\">{\"@context\":\"https:\/\/schema.org\",\"@graph\":[{\"@type\":\"WebPage\",\"@id\":\"https:\/\/mivoot.com\/gt\/producto\/bombilla-inteligente-luz-calidad-blanca-tapo-l510e\/\",\"url\":\"https:\/\/mivoot.com\/gt\/producto\/bombilla-inteligente-luz-calidad-blanca-tapo-l510e\/\",\"name\":\"Bombilla Inteligente Luz Calidad Blanca TAPO L510E TP-Link - Mivoot\",\"isPartOf\":{\"@id\":\"https:\/\/mivoot.com\/gt\/#website\"},\"primaryImageOfPage\":{\"@id\":\"https:\/\/mivoot.com\/gt\/producto\/bombilla-inteligente-luz-calidad-blanca-tapo-l510e\/#primaryimage\"},\"image\":{\"@id\":\"https:\/\/mivoot.com\/gt\/producto\/bombilla-inteligente-luz-calidad-blanca-tapo-l510e\/#primaryimage\"},\"thumbnailUrl\":\"https:\/\/mivoot.com\/gt\/wp-content\/uploads\/2023\/09\/TAPO-L510E-01.png\",\"datePublished\":\"2023-09-13T22:53:05+00:00\",\"dateModified\":\"2024-10-22T01:41:47+00:00\",\"breadcrumb\":{\"@id\":\"https:\/\/mivoot.com\/gt\/producto\/bombilla-inteligente-luz-calidad-blanca-tapo-l510e\/#breadcrumb\"},\"inLanguage\":\"es\",\"potentialAction\":[{\"@type\":\"ReadAction\",\"target\":[\"https:\/\/mivoot.com\/gt\/producto\/bombilla-inteligente-luz-calidad-blanca-tapo-l510e\/\"]}]},{\"@type\":\"ImageObject\",\"inLanguage\":\"es\",\"@id\":\"https:\/\/mivoot.com\/gt\/producto\/bombilla-inteligente-luz-calidad-blanca-tapo-l510e\/#primaryimage\",\"url\":\"https:\/\/mivoot.com\/gt\/wp-content\/uploads\/2023\/09\/TAPO-L510E-01.png\",\"contentUrl\":\"https:\/\/mivoot.com\/gt\/wp-content\/uploads\/2023\/09\/TAPO-L510E-01.png\",\"width\":590,\"height\":590},{\"@type\":\"BreadcrumbList\",\"@id\":\"https:\/\/mivoot.com\/gt\/producto\/bombilla-inteligente-luz-calidad-blanca-tapo-l510e\/#breadcrumb\",\"itemListElement\":[{\"@type\":\"ListItem\",\"position\":1,\"name\":\"Inicio\",\"item\":\"https:\/\/mivoot.com\/gt\/\"},{\"@type\":\"ListItem\",\"position\":2,\"name\":\"Productos\",\"item\":\"https:\/\/mivoot.com\/gt\/producto\/\"},{\"@type\":\"ListItem\",\"position\":3,\"name\":\"TP-Link\",\"item\":\"https:\/\/mivoot.com\/gt\/marca\/tp-link\/\"},{\"@type\":\"ListItem\",\"position\":4,\"name\":\"Tp-Link Tapo\",\"item\":\"https:\/\/mivoot.com\/gt\/marca\/tp-link\/tp-link-tapo\/\"},{\"@type\":\"ListItem\",\"position\":5,\"name\":\"Bombilla Inteligente Luz Calidad Blanca TAPO L510E TP-Link\"}]},{\"@type\":\"WebSite\",\"@id\":\"https:\/\/mivoot.com\/gt\/#website\",\"url\":\"https:\/\/mivoot.com\/gt\/\",\"name\":\"Mivoot\",\"description\":\"Mivoot Guatemala | Tienda Online\",\"publisher\":{\"@id\":\"https:\/\/mivoot.com\/gt\/#organization\"},\"alternateName\":\"mivoot\",\"potentialAction\":[{\"@type\":\"SearchAction\",\"target\":{\"@type\":\"EntryPoint\",\"urlTemplate\":\"https:\/\/mivoot.com\/gt\/?s={search_term_string}\"},\"query-input\":{\"@type\":\"PropertyValueSpecification\",\"valueRequired\":true,\"valueName\":\"search_term_string\"}}],\"inLanguage\":\"es\"},{\"@type\":\"Organization\",\"@id\":\"https:\/\/mivoot.com\/gt\/#organization\",\"name\":\"Mivoot Guatemala\",\"alternateName\":\"mivoot.com\",\"url\":\"https:\/\/mivoot.com\/gt\/\",\"logo\":{\"@type\":\"ImageObject\",\"inLanguage\":\"es\",\"@id\":\"https:\/\/mivoot.com\/gt\/#\/schema\/logo\/image\/\",\"url\":\"https:\/\/mivoot.com\/gt\/wp-content\/uploads\/2023\/03\/cropped-icon.png\",\"contentUrl\":\"https:\/\/mivoot.com\/gt\/wp-content\/uploads\/2023\/03\/cropped-icon.png\",\"width\":512,\"height\":512,\"caption\":\"Mivoot Guatemala\"},\"image\":{\"@id\":\"https:\/\/mivoot.com\/gt\/#\/schema\/logo\/image\/\"},\"sameAs\":[\"https:\/\/www.facebook.com\/mivootgt\",\"https:\/\/instagram.com\/mivoot\"]}]}<\/script>\n<!-- \/ Yoast SEO Premium plugin. -->","yoast_head_json":{"title":"Bombilla Inteligente Luz Calidad Blanca TAPO L510E TP-Link - Mivoot","robots":{"index":"index","follow":"follow","max-snippet":"max-snippet:-1","max-image-preview":"max-image-preview:large","max-video-preview":"max-video-preview:-1"},"canonical":"https:\/\/mivoot.com\/gt\/producto\/bombilla-inteligente-luz-calidad-blanca-tapo-l510e\/","og_locale":"es_ES","og_type":"article","og_title":"Bombilla Inteligente Luz Calidad Blanca TAPO L510E TP-Link","og_description":"- Luz blanca c\u00e1lida LED. Ilumina tu sal\u00f3n y habitaciones con una luz agradable y acogedora con bajo consumo energ\u00e9tico de 8,7W para 806 l\u00famenes. - Luz regulable. Ajusta la intensidad de la luz desde tu m\u00f3vil creando la atm\u00f3sfera perfecta en tu casa para cada ocasi\u00f3n. - Horario y temporizador. Puedes establecer diferentes horarios para encender, apagar o cambiar la intensidad de la luz autom\u00e1ticamente. - Modo amanecer y atardecer. Enciende y apaga autom\u00e1ticamente la luz al ritmo que marca el d\u00eda natural. - Control por voz. Gestiona tus luces f\u00e1cilmente con tu voz gracias a la compatiblidad de Tapo con Alexa y Asistente de Google - App m\u00f3vil Tapo. Enciende, apaga y cambiar la intensidad de la bombilla desde el m\u00f3vil en cualquier momento. - Modo Ausente. Simula que hay alguien en casa apagando y encendiendo las luces aleatoriamente.","og_url":"https:\/\/mivoot.com\/gt\/producto\/bombilla-inteligente-luz-calidad-blanca-tapo-l510e\/","og_site_name":"Mivoot","article_publisher":"https:\/\/www.facebook.com\/mivootgt","article_modified_time":"2024-10-22T01:41:47+00:00","og_image":[{"width":590,"height":590,"url":"https:\/\/mivoot.com\/gt\/wp-content\/uploads\/2023\/09\/TAPO-L510E-01.png","type":"image\/png"}],"twitter_card":"summary_large_image","twitter_misc":{"Est. reading time":"2 minutos"},"schema":{"@context":"https:\/\/schema.org","@graph":[{"@type":"WebPage","@id":"https:\/\/mivoot.com\/gt\/producto\/bombilla-inteligente-luz-calidad-blanca-tapo-l510e\/","url":"https:\/\/mivoot.com\/gt\/producto\/bombilla-inteligente-luz-calidad-blanca-tapo-l510e\/","name":"Bombilla Inteligente Luz Calidad Blanca TAPO L510E TP-Link - Mivoot","isPartOf":{"@id":"https:\/\/mivoot.com\/gt\/#website"},"primaryImageOfPage":{"@id":"https:\/\/mivoot.com\/gt\/producto\/bombilla-inteligente-luz-calidad-blanca-tapo-l510e\/#primaryimage"},"image":{"@id":"https:\/\/mivoot.com\/gt\/producto\/bombilla-inteligente-luz-calidad-blanca-tapo-l510e\/#primaryimage"},"thumbnailUrl":"https:\/\/mivoot.com\/gt\/wp-content\/uploads\/2023\/09\/TAPO-L510E-01.png","datePublished":"2023-09-13T22:53:05+00:00","dateModified":"2024-10-22T01:41:47+00:00","breadcrumb":{"@id":"https:\/\/mivoot.com\/gt\/producto\/bombilla-inteligente-luz-calidad-blanca-tapo-l510e\/#breadcrumb"},"inLanguage":"es","potentialAction":[{"@type":"ReadAction","target":["https:\/\/mivoot.com\/gt\/producto\/bombilla-inteligente-luz-calidad-blanca-tapo-l510e\/"]}]},{"@type":"ImageObject","inLanguage":"es","@id":"https:\/\/mivoot.com\/gt\/producto\/bombilla-inteligente-luz-calidad-blanca-tapo-l510e\/#primaryimage","url":"https:\/\/mivoot.com\/gt\/wp-content\/uploads\/2023\/09\/TAPO-L510E-01.png","contentUrl":"https:\/\/mivoot.com\/gt\/wp-content\/uploads\/2023\/09\/TAPO-L510E-01.png","width":590,"height":590},{"@type":"BreadcrumbList","@id":"https:\/\/mivoot.com\/gt\/producto\/bombilla-inteligente-luz-calidad-blanca-tapo-l510e\/#breadcrumb","itemListElement":[{"@type":"ListItem","position":1,"name":"Inicio","item":"https:\/\/mivoot.com\/gt\/"},{"@type":"ListItem","position":2,"name":"Productos","item":"https:\/\/mivoot.com\/gt\/producto\/"},{"@type":"ListItem","position":3,"name":"TP-Link","item":"https:\/\/mivoot.com\/gt\/marca\/tp-link\/"},{"@type":"ListItem","position":4,"name":"Tp-Link Tapo","item":"https:\/\/mivoot.com\/gt\/marca\/tp-link\/tp-link-tapo\/"},{"@type":"ListItem","position":5,"name":"Bombilla Inteligente Luz Calidad Blanca TAPO L510E TP-Link"}]},{"@type":"WebSite","@id":"https:\/\/mivoot.com\/gt\/#website","url":"https:\/\/mivoot.com\/gt\/","name":"Mivoot","description":"Mivoot Guatemala | Tienda Online","publisher":{"@id":"https:\/\/mivoot.com\/gt\/#organization"},"alternateName":"mivoot","potentialAction":[{"@type":"SearchAction","target":{"@type":"EntryPoint","urlTemplate":"https:\/\/mivoot.com\/gt\/?s={search_term_string}"},"query-input":{"@type":"PropertyValueSpecification","valueRequired":true,"valueName":"search_term_string"}}],"inLanguage":"es"},{"@type":"Organization","@id":"https:\/\/mivoot.com\/gt\/#organization","name":"Mivoot Guatemala","alternateName":"mivoot.com","url":"https:\/\/mivoot.com\/gt\/","logo":{"@type":"ImageObject","inLanguage":"es","@id":"https:\/\/mivoot.com\/gt\/#\/schema\/logo\/image\/","url":"https:\/\/mivoot.com\/gt\/wp-content\/uploads\/2023\/03\/cropped-icon.png","contentUrl":"https:\/\/mivoot.com\/gt\/wp-content\/uploads\/2023\/03\/cropped-icon.png","width":512,"height":512,"caption":"Mivoot Guatemala"},"image":{"@id":"https:\/\/mivoot.com\/gt\/#\/schema\/logo\/image\/"},"sameAs":["https:\/\/www.facebook.com\/mivootgt","https:\/\/instagram.com\/mivoot"]}]}},"jetpack_publicize_connections":[],"jetpack_sharing_enabled":true,"brands":[{"id":458,"name":"Tp-Link Tapo","slug":"tp-link-tapo"}],"_links":{"self":[{"href":"https:\/\/mivoot.com\/gt\/wp-json\/wp\/v2\/product\/15662","targetHints":{"allow":["GET"]}}],"collection":[{"href":"https:\/\/mivoot.com\/gt\/wp-json\/wp\/v2\/product"}],"about":[{"href":"https:\/\/mivoot.com\/gt\/wp-json\/wp\/v2\/types\/product"}],"replies":[{"embeddable":true,"href":"https:\/\/mivoot.com\/gt\/wp-json\/wp\/v2\/comments?post=15662"}],"version-history":[{"count":5,"href":"https:\/\/mivoot.com\/gt\/wp-json\/wp\/v2\/product\/15662\/revisions"}],"predecessor-version":[{"id":23269,"href":"https:\/\/mivoot.com\/gt\/wp-json\/wp\/v2\/product\/15662\/revisions\/23269"}],"wp:featuredmedia":[{"embeddable":true,"href":"https:\/\/mivoot.com\/gt\/wp-json\/wp\/v2\/media\/23262"}],"wp:attachment":[{"href":"https:\/\/mivoot.com\/gt\/wp-json\/wp\/v2\/media?parent=15662"}],"wp:term":[{"taxonomy":"pwb-brand","embeddable":true,"href":"https:\/\/mivoot.com\/gt\/wp-json\/wp\/v2\/pwb-brand?post=15662"},{"taxonomy":"product_brand","embeddable":true,"href":"https:\/\/mivoot.com\/gt\/wp-json\/wp\/v2\/product_brand?post=15662"},{"taxonomy":"product_cat","embeddable":true,"href":"https:\/\/mivoot.com\/gt\/wp-json\/wp\/v2\/product_cat?post=15662"},{"taxonomy":"product_tag","embeddable":true,"href":"https:\/\/mivoot.com\/gt\/wp-json\/wp\/v2\/product_tag?post=15662"}],"curies":[{"name":"wp","href":"https:\/\/api.w.org\/{rel}","templated":true}]}}