{"id":15675,"date":"2023-09-14T14:51:17","date_gmt":"2023-09-14T20:51:17","guid":{"rendered":"https:\/\/mivoot.com\/gt\/?post_type=product&#038;p=15675"},"modified":"2023-09-14T14:52:27","modified_gmt":"2023-09-14T20:52:27","slug":"enchufe-inteligente-2pack-wi-fi-tapo-p100-tp-link","status":"publish","type":"product","link":"https:\/\/mivoot.com\/gt\/producto\/enchufe-inteligente-2pack-wi-fi-tapo-p100-tp-link\/","title":{"rendered":"Enchufe Inteligente 2Pack Wi-Fi Tapo P100 TP-Link"},"content":{"rendered":"<p><img decoding=\"async\" src=\"https:\/\/m.media-amazon.com\/images\/S\/aplus-media\/vc\/eaa58ea2-422d-4ff5-b31f-f7cdf772e76d.__CR0,0,2196,900_PT0_SX1464_V1___.jpg\" alt=\"p100\" \/><\/p>\n<h3 class=\"medium\">Controla tu consumo energ\u00e9tico<\/h3>\n<h2 class=\"subtitle regular\">Enchufe Wi-Fi\u00a0Inteligente P100<\/h2>\n<p><img decoding=\"async\" class=\"lazy-load-active\" src=\"https:\/\/m.media-amazon.com\/images\/S\/aplus-media-library-service-media\/97b400ce-21be-4b0d-8081-3d8059c79442.__CR0,0,1464,600_PT0_SX1464_V1___.png\" alt=\"3\" data-src=\"https:\/\/m.media-amazon.com\/images\/S\/aplus-media-library-service-media\/97b400ce-21be-4b0d-8081-3d8059c79442.__CR0,0,1464,600_PT0_SX1464_V1___.png\" \/><\/p>\n<h3 class=\"title\">Lleva una vida m\u00e1s c\u00f3moda mientras\u00a0ahorras\u00a0energ\u00eda<\/h3>\n<p>Con la\u00a0funci\u00f3n Programaci\u00f3n puedes hacer que el enchufe Wi-Fi Inteligente se encienda o apage a determinadas horas varios d\u00edas a la semana, solo los lunes o toda la semana, t\u00fa decides. Adem\u00e1s, con la funci\u00f3n Temporizador puedes cear una cuenta atr\u00e1s para apagar el enchufe, ideal para poner a cargar el m\u00f3vil y ahorrar energ\u00eda.<\/p>\n<p><img decoding=\"async\" class=\"lazy-load-active\" src=\"https:\/\/m.media-amazon.com\/images\/S\/aplus-media-library-service-media\/c9ce005f-4ce9-471f-921c-203103006973.__CR0,0,1464,600_PT0_SX1464_V1___.png\" alt=\"6\" data-src=\"https:\/\/m.media-amazon.com\/images\/S\/aplus-media-library-service-media\/c9ce005f-4ce9-471f-921c-203103006973.__CR0,0,1464,600_PT0_SX1464_V1___.png\" \/><\/p>\n<h3 class=\"title\">Tama\u00f1o Mini lleno de funciones<\/h3>\n<p>El tama\u00f1o del enchufe Wi-Fi inteligente Tapo P110 es muy peque\u00f1o, pero est\u00e1 repleto de funciones para controlar todos los dispositivos y que no bloquea el acceso a los enchufes de alrededor..<\/p>\n<h3 class=\"title\">Con el Modo Ausente, siempre hay alguien en casa<\/h3>\n<p>El Modo Ausente enciende y apaga los enchufes aleatoriamente para que parezca que hay alguien en casa, disuadiendo posibles amenazas y reduciendo el riesgo de robos. Si conectamos una l\u00e1mpara al Tapo P100 esta se enceder\u00e1 y apagar\u00e1 a diferentes horas sin estar pendiente de ello.<\/p>\n<h3 class=\"title\">Controlado por toda la Familia<\/h3>\n<p>Todos los miembros de la familia pueden controlar los dispositivos conectados f\u00e1cilmente.desde la App Tapo.<\/p>\n<div class=\"a-section a-spacing-none premium-aplus-column\">\n<div class=\"a-section a-spacing-none {'column-image'}\"><img decoding=\"async\" class=\"lazy-load-active\" src=\"https:\/\/m.media-amazon.com\/images\/S\/aplus-media-library-service-media\/1a600df8-27a7-4712-9e36-2c03c391e07f.__CR0,0,650,350_PT0_SX650_V1___.png\" alt=\"7\" data-src=\"https:\/\/m.media-amazon.com\/images\/S\/aplus-media-library-service-media\/1a600df8-27a7-4712-9e36-2c03c391e07f.__CR0,0,650,350_PT0_SX650_V1___.png\" \/><\/div>\n<div class=\"a-section a-spacing-none column-heading\">\n<h1 class=\"aplus-h3 a-text-bold\">Away Mode<\/h1>\n<\/div>\n<div class=\"a-section a-spacing-none column-description\">\n<p class=\"aplus-p3\">Away Mode will automatically turn on and off connected appliances, like lamps, to make it appear as if you\u2019re home.<\/p>\n<\/div>\n<\/div>\n<div class=\"a-section a-spacing-none premium-aplus-column\">\n<div class=\"a-section a-spacing-none {'column-image'}\"><img decoding=\"async\" class=\"lazy-load-active\" src=\"https:\/\/m.media-amazon.com\/images\/S\/aplus-media-library-service-media\/a4355925-4ac2-4de3-b81e-fc80b25e4603.__CR0,0,650,350_PT0_SX650_V1___.png\" alt=\"8\" data-src=\"https:\/\/m.media-amazon.com\/images\/S\/aplus-media-library-service-media\/a4355925-4ac2-4de3-b81e-fc80b25e4603.__CR0,0,650,350_PT0_SX650_V1___.png\" \/><\/div>\n<div class=\"a-section a-spacing-none column-heading\">\n<h1 class=\"aplus-h3 a-text-bold\">Group Control<\/h1>\n<\/div>\n<div class=\"a-section a-spacing-none column-description\">\n<p class=\"aplus-p3\">Combine your smart plug with other Tapo Smart devices for convenient group control of multiple Tapo devices at once.<\/p>\n<\/div>\n<\/div>\n<p>&nbsp;<\/p>\n<p>&nbsp;<\/p>\n","protected":false},"excerpt":{"rendered":"<p>\u2013 Control por App. Enciende y apaga los dispositivos conectados desde cualquier lugar con la App Tapo<br \/>\n\u2013 Programa Horarios. Define horarios de encendido y apagado autom\u00e1tico para cada enchufe inteligente.<br \/>\n\u2013 Temporizador. Define para cada enchufe una cuenta atr\u00e1s para su encendido o apagado autom\u00e1tico.<br \/>\n\u2013 Control por Voz. Compatible con Amazon Alexa y el Asistente de Google.<br \/>\n\u2013 Modo Ausente. Tapo enciende y apaga autom\u00e1ticamente los dispositivos a diferentes horas para que parezca que hay alguien en casa<br \/>\n\u2013 Tama\u00f1o Mini. Dise\u00f1o reducido para no bloquear las tomas de corriente cercanas<br \/>\n\u2013 F\u00e1cil Instalaci\u00f3n y control. Configura r\u00e1pidamente el enchufe inteligente Wi-Fi a trav\u00e9s de la App gratuita Tapo<\/p>\n","protected":false},"featured_media":15693,"comment_status":"open","ping_status":"closed","template":"","meta":{"jetpack_publicize_message":"","jetpack_publicize_feature_enabled":true,"jetpack_social_post_already_shared":true,"jetpack_social_options":{"image_generator_settings":{"template":"highway","default_image_id":0,"font":"","enabled":false},"version":2}},"pwb-brand":[320,458],"product_brand":[],"product_cat":[28],"product_tag":[],"class_list":{"0":"post-15675","1":"product","2":"type-product","3":"status-publish","4":"has-post-thumbnail","6":"pwb-brand-tp-link","7":"pwb-brand-tp-link-tapo","8":"product_cat-smart-home","10":"first","11":"instock","12":"taxable","13":"shipping-taxable","14":"purchasable","15":"product-type-simple"},"yoast_head":"<!-- This site is optimized with the Yoast SEO Premium plugin v25.7.1 (Yoast SEO v26.8) - https:\/\/yoast.com\/product\/yoast-seo-premium-wordpress\/ -->\n<title>Enchufe Inteligente 2Pack Wi-Fi Tapo P100 TP-Link - Mivoot<\/title>\n<meta name=\"robots\" content=\"index, follow, max-snippet:-1, max-image-preview:large, max-video-preview:-1\" \/>\n<link rel=\"canonical\" href=\"https:\/\/mivoot.com\/gt\/producto\/enchufe-inteligente-2pack-wi-fi-tapo-p100-tp-link\/\" \/>\n<meta property=\"og:locale\" content=\"es_ES\" \/>\n<meta property=\"og:type\" content=\"article\" \/>\n<meta property=\"og:title\" content=\"Enchufe Inteligente 2Pack Wi-Fi Tapo P100 TP-Link\" \/>\n<meta property=\"og:description\" content=\"\u2013 Control por App. Enciende y apaga los dispositivos conectados desde cualquier lugar con la App Tapo \u2013 Programa Horarios. Define horarios de encendido y apagado autom\u00e1tico para cada enchufe inteligente. \u2013 Temporizador. Define para cada enchufe una cuenta atr\u00e1s para su encendido o apagado autom\u00e1tico. \u2013 Control por Voz. Compatible con Amazon Alexa y el Asistente de Google. \u2013 Modo Ausente. Tapo enciende y apaga autom\u00e1ticamente los dispositivos a diferentes horas para que parezca que hay alguien en casa \u2013 Tama\u00f1o Mini. Dise\u00f1o reducido para no bloquear las tomas de corriente cercanas \u2013 F\u00e1cil Instalaci\u00f3n y control. Configura r\u00e1pidamente el enchufe inteligente Wi-Fi a trav\u00e9s de la App gratuita Tapo\" \/>\n<meta property=\"og:url\" content=\"https:\/\/mivoot.com\/gt\/producto\/enchufe-inteligente-2pack-wi-fi-tapo-p100-tp-link\/\" \/>\n<meta property=\"og:site_name\" content=\"Mivoot\" \/>\n<meta property=\"article:publisher\" content=\"https:\/\/www.facebook.com\/mivootgt\" \/>\n<meta property=\"article:modified_time\" content=\"2023-09-14T20:52:27+00:00\" \/>\n<meta property=\"og:image\" content=\"https:\/\/mivoot.com\/gt\/wp-content\/uploads\/2023\/09\/MINI-TAPO-P100-16.jpg\" \/>\n\t<meta property=\"og:image:width\" content=\"1000\" \/>\n\t<meta property=\"og:image:height\" content=\"1000\" \/>\n\t<meta property=\"og:image:type\" content=\"image\/jpeg\" \/>\n<meta name=\"twitter:card\" content=\"summary_large_image\" \/>\n<meta name=\"twitter:label1\" content=\"Est. reading time\" \/>\n\t<meta name=\"twitter:data1\" content=\"3 minutos\" \/>\n<script type=\"application\/ld+json\" class=\"yoast-schema-graph\">{\"@context\":\"https:\/\/schema.org\",\"@graph\":[{\"@type\":\"WebPage\",\"@id\":\"https:\/\/mivoot.com\/gt\/producto\/enchufe-inteligente-2pack-wi-fi-tapo-p100-tp-link\/\",\"url\":\"https:\/\/mivoot.com\/gt\/producto\/enchufe-inteligente-2pack-wi-fi-tapo-p100-tp-link\/\",\"name\":\"Enchufe Inteligente 2Pack Wi-Fi Tapo P100 TP-Link - Mivoot\",\"isPartOf\":{\"@id\":\"https:\/\/mivoot.com\/gt\/#website\"},\"primaryImageOfPage\":{\"@id\":\"https:\/\/mivoot.com\/gt\/producto\/enchufe-inteligente-2pack-wi-fi-tapo-p100-tp-link\/#primaryimage\"},\"image\":{\"@id\":\"https:\/\/mivoot.com\/gt\/producto\/enchufe-inteligente-2pack-wi-fi-tapo-p100-tp-link\/#primaryimage\"},\"thumbnailUrl\":\"https:\/\/mivoot.com\/gt\/wp-content\/uploads\/2023\/09\/MINI-TAPO-P100-16.jpg\",\"datePublished\":\"2023-09-14T20:51:17+00:00\",\"dateModified\":\"2023-09-14T20:52:27+00:00\",\"breadcrumb\":{\"@id\":\"https:\/\/mivoot.com\/gt\/producto\/enchufe-inteligente-2pack-wi-fi-tapo-p100-tp-link\/#breadcrumb\"},\"inLanguage\":\"es\",\"potentialAction\":[{\"@type\":\"ReadAction\",\"target\":[\"https:\/\/mivoot.com\/gt\/producto\/enchufe-inteligente-2pack-wi-fi-tapo-p100-tp-link\/\"]}]},{\"@type\":\"ImageObject\",\"inLanguage\":\"es\",\"@id\":\"https:\/\/mivoot.com\/gt\/producto\/enchufe-inteligente-2pack-wi-fi-tapo-p100-tp-link\/#primaryimage\",\"url\":\"https:\/\/mivoot.com\/gt\/wp-content\/uploads\/2023\/09\/MINI-TAPO-P100-16.jpg\",\"contentUrl\":\"https:\/\/mivoot.com\/gt\/wp-content\/uploads\/2023\/09\/MINI-TAPO-P100-16.jpg\",\"width\":1000,\"height\":1000},{\"@type\":\"BreadcrumbList\",\"@id\":\"https:\/\/mivoot.com\/gt\/producto\/enchufe-inteligente-2pack-wi-fi-tapo-p100-tp-link\/#breadcrumb\",\"itemListElement\":[{\"@type\":\"ListItem\",\"position\":1,\"name\":\"Inicio\",\"item\":\"https:\/\/mivoot.com\/gt\/\"},{\"@type\":\"ListItem\",\"position\":2,\"name\":\"Productos\",\"item\":\"https:\/\/mivoot.com\/gt\/producto\/\"},{\"@type\":\"ListItem\",\"position\":3,\"name\":\"TP-Link\",\"item\":\"https:\/\/mivoot.com\/gt\/marca\/tp-link\/\"},{\"@type\":\"ListItem\",\"position\":4,\"name\":\"Tp-Link Tapo\",\"item\":\"https:\/\/mivoot.com\/gt\/marca\/tp-link\/tp-link-tapo\/\"},{\"@type\":\"ListItem\",\"position\":5,\"name\":\"Enchufe Inteligente 2Pack Wi-Fi Tapo P100 TP-Link\"}]},{\"@type\":\"WebSite\",\"@id\":\"https:\/\/mivoot.com\/gt\/#website\",\"url\":\"https:\/\/mivoot.com\/gt\/\",\"name\":\"Mivoot\",\"description\":\"Mivoot Guatemala | Tienda Online\",\"publisher\":{\"@id\":\"https:\/\/mivoot.com\/gt\/#organization\"},\"alternateName\":\"mivoot\",\"potentialAction\":[{\"@type\":\"SearchAction\",\"target\":{\"@type\":\"EntryPoint\",\"urlTemplate\":\"https:\/\/mivoot.com\/gt\/?s={search_term_string}\"},\"query-input\":{\"@type\":\"PropertyValueSpecification\",\"valueRequired\":true,\"valueName\":\"search_term_string\"}}],\"inLanguage\":\"es\"},{\"@type\":\"Organization\",\"@id\":\"https:\/\/mivoot.com\/gt\/#organization\",\"name\":\"Mivoot Guatemala\",\"alternateName\":\"mivoot.com\",\"url\":\"https:\/\/mivoot.com\/gt\/\",\"logo\":{\"@type\":\"ImageObject\",\"inLanguage\":\"es\",\"@id\":\"https:\/\/mivoot.com\/gt\/#\/schema\/logo\/image\/\",\"url\":\"https:\/\/mivoot.com\/gt\/wp-content\/uploads\/2023\/03\/cropped-icon.png\",\"contentUrl\":\"https:\/\/mivoot.com\/gt\/wp-content\/uploads\/2023\/03\/cropped-icon.png\",\"width\":512,\"height\":512,\"caption\":\"Mivoot Guatemala\"},\"image\":{\"@id\":\"https:\/\/mivoot.com\/gt\/#\/schema\/logo\/image\/\"},\"sameAs\":[\"https:\/\/www.facebook.com\/mivootgt\",\"https:\/\/instagram.com\/mivoot\"]}]}<\/script>\n<!-- \/ Yoast SEO Premium plugin. -->","yoast_head_json":{"title":"Enchufe Inteligente 2Pack Wi-Fi Tapo P100 TP-Link - Mivoot","robots":{"index":"index","follow":"follow","max-snippet":"max-snippet:-1","max-image-preview":"max-image-preview:large","max-video-preview":"max-video-preview:-1"},"canonical":"https:\/\/mivoot.com\/gt\/producto\/enchufe-inteligente-2pack-wi-fi-tapo-p100-tp-link\/","og_locale":"es_ES","og_type":"article","og_title":"Enchufe Inteligente 2Pack Wi-Fi Tapo P100 TP-Link","og_description":"\u2013 Control por App. Enciende y apaga los dispositivos conectados desde cualquier lugar con la App Tapo \u2013 Programa Horarios. Define horarios de encendido y apagado autom\u00e1tico para cada enchufe inteligente. \u2013 Temporizador. Define para cada enchufe una cuenta atr\u00e1s para su encendido o apagado autom\u00e1tico. \u2013 Control por Voz. Compatible con Amazon Alexa y el Asistente de Google. \u2013 Modo Ausente. Tapo enciende y apaga autom\u00e1ticamente los dispositivos a diferentes horas para que parezca que hay alguien en casa \u2013 Tama\u00f1o Mini. Dise\u00f1o reducido para no bloquear las tomas de corriente cercanas \u2013 F\u00e1cil Instalaci\u00f3n y control. Configura r\u00e1pidamente el enchufe inteligente Wi-Fi a trav\u00e9s de la App gratuita Tapo","og_url":"https:\/\/mivoot.com\/gt\/producto\/enchufe-inteligente-2pack-wi-fi-tapo-p100-tp-link\/","og_site_name":"Mivoot","article_publisher":"https:\/\/www.facebook.com\/mivootgt","article_modified_time":"2023-09-14T20:52:27+00:00","og_image":[{"width":1000,"height":1000,"url":"https:\/\/mivoot.com\/gt\/wp-content\/uploads\/2023\/09\/MINI-TAPO-P100-16.jpg","type":"image\/jpeg"}],"twitter_card":"summary_large_image","twitter_misc":{"Est. reading time":"3 minutos"},"schema":{"@context":"https:\/\/schema.org","@graph":[{"@type":"WebPage","@id":"https:\/\/mivoot.com\/gt\/producto\/enchufe-inteligente-2pack-wi-fi-tapo-p100-tp-link\/","url":"https:\/\/mivoot.com\/gt\/producto\/enchufe-inteligente-2pack-wi-fi-tapo-p100-tp-link\/","name":"Enchufe Inteligente 2Pack Wi-Fi Tapo P100 TP-Link - Mivoot","isPartOf":{"@id":"https:\/\/mivoot.com\/gt\/#website"},"primaryImageOfPage":{"@id":"https:\/\/mivoot.com\/gt\/producto\/enchufe-inteligente-2pack-wi-fi-tapo-p100-tp-link\/#primaryimage"},"image":{"@id":"https:\/\/mivoot.com\/gt\/producto\/enchufe-inteligente-2pack-wi-fi-tapo-p100-tp-link\/#primaryimage"},"thumbnailUrl":"https:\/\/mivoot.com\/gt\/wp-content\/uploads\/2023\/09\/MINI-TAPO-P100-16.jpg","datePublished":"2023-09-14T20:51:17+00:00","dateModified":"2023-09-14T20:52:27+00:00","breadcrumb":{"@id":"https:\/\/mivoot.com\/gt\/producto\/enchufe-inteligente-2pack-wi-fi-tapo-p100-tp-link\/#breadcrumb"},"inLanguage":"es","potentialAction":[{"@type":"ReadAction","target":["https:\/\/mivoot.com\/gt\/producto\/enchufe-inteligente-2pack-wi-fi-tapo-p100-tp-link\/"]}]},{"@type":"ImageObject","inLanguage":"es","@id":"https:\/\/mivoot.com\/gt\/producto\/enchufe-inteligente-2pack-wi-fi-tapo-p100-tp-link\/#primaryimage","url":"https:\/\/mivoot.com\/gt\/wp-content\/uploads\/2023\/09\/MINI-TAPO-P100-16.jpg","contentUrl":"https:\/\/mivoot.com\/gt\/wp-content\/uploads\/2023\/09\/MINI-TAPO-P100-16.jpg","width":1000,"height":1000},{"@type":"BreadcrumbList","@id":"https:\/\/mivoot.com\/gt\/producto\/enchufe-inteligente-2pack-wi-fi-tapo-p100-tp-link\/#breadcrumb","itemListElement":[{"@type":"ListItem","position":1,"name":"Inicio","item":"https:\/\/mivoot.com\/gt\/"},{"@type":"ListItem","position":2,"name":"Productos","item":"https:\/\/mivoot.com\/gt\/producto\/"},{"@type":"ListItem","position":3,"name":"TP-Link","item":"https:\/\/mivoot.com\/gt\/marca\/tp-link\/"},{"@type":"ListItem","position":4,"name":"Tp-Link Tapo","item":"https:\/\/mivoot.com\/gt\/marca\/tp-link\/tp-link-tapo\/"},{"@type":"ListItem","position":5,"name":"Enchufe Inteligente 2Pack Wi-Fi Tapo P100 TP-Link"}]},{"@type":"WebSite","@id":"https:\/\/mivoot.com\/gt\/#website","url":"https:\/\/mivoot.com\/gt\/","name":"Mivoot","description":"Mivoot Guatemala | Tienda Online","publisher":{"@id":"https:\/\/mivoot.com\/gt\/#organization"},"alternateName":"mivoot","potentialAction":[{"@type":"SearchAction","target":{"@type":"EntryPoint","urlTemplate":"https:\/\/mivoot.com\/gt\/?s={search_term_string}"},"query-input":{"@type":"PropertyValueSpecification","valueRequired":true,"valueName":"search_term_string"}}],"inLanguage":"es"},{"@type":"Organization","@id":"https:\/\/mivoot.com\/gt\/#organization","name":"Mivoot Guatemala","alternateName":"mivoot.com","url":"https:\/\/mivoot.com\/gt\/","logo":{"@type":"ImageObject","inLanguage":"es","@id":"https:\/\/mivoot.com\/gt\/#\/schema\/logo\/image\/","url":"https:\/\/mivoot.com\/gt\/wp-content\/uploads\/2023\/03\/cropped-icon.png","contentUrl":"https:\/\/mivoot.com\/gt\/wp-content\/uploads\/2023\/03\/cropped-icon.png","width":512,"height":512,"caption":"Mivoot Guatemala"},"image":{"@id":"https:\/\/mivoot.com\/gt\/#\/schema\/logo\/image\/"},"sameAs":["https:\/\/www.facebook.com\/mivootgt","https:\/\/instagram.com\/mivoot"]}]}},"jetpack_publicize_connections":[],"jetpack_sharing_enabled":true,"brands":[{"id":320,"name":"TP-Link","slug":"tp-link"},{"id":458,"name":"Tp-Link Tapo","slug":"tp-link-tapo"}],"_links":{"self":[{"href":"https:\/\/mivoot.com\/gt\/wp-json\/wp\/v2\/product\/15675","targetHints":{"allow":["GET"]}}],"collection":[{"href":"https:\/\/mivoot.com\/gt\/wp-json\/wp\/v2\/product"}],"about":[{"href":"https:\/\/mivoot.com\/gt\/wp-json\/wp\/v2\/types\/product"}],"replies":[{"embeddable":true,"href":"https:\/\/mivoot.com\/gt\/wp-json\/wp\/v2\/comments?post=15675"}],"version-history":[{"count":2,"href":"https:\/\/mivoot.com\/gt\/wp-json\/wp\/v2\/product\/15675\/revisions"}],"predecessor-version":[{"id":15696,"href":"https:\/\/mivoot.com\/gt\/wp-json\/wp\/v2\/product\/15675\/revisions\/15696"}],"wp:featuredmedia":[{"embeddable":true,"href":"https:\/\/mivoot.com\/gt\/wp-json\/wp\/v2\/media\/15693"}],"wp:attachment":[{"href":"https:\/\/mivoot.com\/gt\/wp-json\/wp\/v2\/media?parent=15675"}],"wp:term":[{"taxonomy":"pwb-brand","embeddable":true,"href":"https:\/\/mivoot.com\/gt\/wp-json\/wp\/v2\/pwb-brand?post=15675"},{"taxonomy":"product_brand","embeddable":true,"href":"https:\/\/mivoot.com\/gt\/wp-json\/wp\/v2\/product_brand?post=15675"},{"taxonomy":"product_cat","embeddable":true,"href":"https:\/\/mivoot.com\/gt\/wp-json\/wp\/v2\/product_cat?post=15675"},{"taxonomy":"product_tag","embeddable":true,"href":"https:\/\/mivoot.com\/gt\/wp-json\/wp\/v2\/product_tag?post=15675"}],"curies":[{"name":"wp","href":"https:\/\/api.w.org\/{rel}","templated":true}]}}