{"id":15698,"date":"2023-09-14T15:01:52","date_gmt":"2023-09-14T21:01:52","guid":{"rendered":"https:\/\/mivoot.com\/gt\/?post_type=product&#038;p=15698"},"modified":"2023-09-14T15:01:53","modified_gmt":"2023-09-14T21:01:53","slug":"bombilla-inteligente-rbd-multicolor-blanca-tapo-l530e","status":"publish","type":"product","link":"https:\/\/mivoot.com\/gt\/producto\/bombilla-inteligente-rbd-multicolor-blanca-tapo-l530e\/","title":{"rendered":"Bombilla Inteligente RBD Multicolor Blanca Tapo L530E"},"content":{"rendered":"<h3 class=\"title\"><span>Transforma instant\u00e1neamente cualquier espacio<\/span><\/h3>\n<h4 class=\"title-sub\"><span>Bombilla de luz Wi-Fi inteligente, multicolor<\/span><br \/>\n<span class=\"model\"><span>Tapo L530E<\/span><\/span><\/h4>\n<h2>Caracter\u00edsticas f\u00edsicas\u00a0Bombilla Smart Wi-Fi TP-Link Tapo L530E<\/h2>\n<p>Para aquellos d\u00edas en los que una luz blanca no es suficiente y quieres a\u00f1adir m\u00e1s colores a tu ma\u00f1ana esta nueva\u00a0Bombilla Smart Wi-Fi TP-Link Tapo L530E te ofrecer\u00e1 una gran multitud de colores para que elijas el que m\u00e1s te guste y crear\u00e1s el ambiente que m\u00e1s te guste o necesites en ese momento.\u00a0Para conseguir ese ambiente con tu\u00a0bombilla inteligente\u00a0TP-Link Tapo L530E tan solo tendr\u00e1s que combinar su brillo, su temperatura del color de\u00a02.500-6.500 K y los colores para crear esa iluminaci\u00f3n personalizada.<\/p>\n<p>Con una opci\u00f3n para regular la intensidad en tu\u00a0Bombilla Smart Wi-Fi TP-Link Tapo L530E entre 1% y un 100%. Adem\u00e1s si encuentras un ajuste que te guste puedes guardarlo para usarla en otro momento. Sobre su temporizador, esta bombilla de TP-Link te da la opci\u00f3n de crear horarios para que puedas encender\u00a0y\u00a0apagar tu bombilla o programar los modos de atardecer o amanecer.<\/p>\n<p>Tambi\u00e9n debes saber que si en tu casa tienes un dispositivo de control por voz como Alexa o Google Home podr\u00e1s conectar tu bombilla\u00a0TP-Link Tapo L530E para poder darle ordenes cuando quieras. Enciende o apaga la luz con tan solo pedirlo. Pero si eres de los que prefiere usar su aplicaci\u00f3n, esta cuenta con la APP Tapo, desde la que tambi\u00e9n podr\u00e1s controlar tu bombilla inteligente.<\/p>\n<p>Como es de sobra conocido en verano pasamos menos tiempo en casa, por ello esta bombilla WiFi\u00a0TP-Link Tapo L530E cuenta con un Modo Ausente gracias al que podr\u00e1 simular que est\u00e1s en casa, ya que apagar\u00e1 o encender\u00e1 las luces para simular que est\u00e1s en casa.<\/p>\n<div class=\"row\"  id=\"row-943194488\">\n\n\t<div id=\"col-1713750572\" class=\"col medium-1\/2 large-6\"  >\n\t\t<div class=\"col-inner\"  >\n\t\t\t\n\t\t\t\n<div class=\"celwidget aplus-module premium-module-2-fullbackground-image aplus-premium\" data-cel-widget=\"aplus-premium-module-2-fullbackground-image\" data-csa-c-id=\"4mbdxv-3aq3qi-2jdxi5-fvfr0n\">\n<div class=\"a-section a-spacing-none premium-aplus premium-aplus-module-2\">\n<div class=\"a-section a-text-center\">\n<p class=\"aplus-description aplus-container-3 aplus-p1\">Dise\u00f1e f\u00e1cilmente escenarios para su rutina diaria o actividades especiales con 16.000.000 matices para elegir.<\/p>\n<\/div>\n<\/div>\n<\/div>\n<div class=\"celwidget aplus-module premium-module-4-two-column-images aplus-premium\" data-cel-widget=\"aplus-premium-module-4-two-column-images\" data-csa-c-id=\"vognlp-fbfw21-mea5gq-ukpz3i\">\n<div class=\"a-section a-spacing-none premium-aplus premium-aplus-module-4 aplus-container-1\">\n<div class=\"a-section a-spacing-none premium-aplus-two-column\">\n<div class=\"a-section a-spacing-none premium-aplus-column\">\n<div class=\"a-section a-spacing-none {'column-image'}\"><img decoding=\"async\" class=\"\" src=\"https:\/\/m.media-amazon.com\/images\/S\/aplus-media\/vc\/d905410a-54a0-4f7c-bcce-198c43d7c8e5.__CR0,323,4000,2154_PT0_SX650_V1___.jpg\" alt=\" \" data-src=\"https:\/\/m.media-amazon.com\/images\/S\/aplus-media\/vc\/d905410a-54a0-4f7c-bcce-198c43d7c8e5.__CR0,323,4000,2154_PT0_SX650_V1___.jpg\" \/><\/div>\n<div class=\"a-section a-spacing-none column-heading\">\n<h1 class=\"aplus-h3 a-text-bold\">Regulable<\/h1>\n<\/div>\n<\/div>\n<\/div>\n<\/div>\n<\/div>\n\t\t<\/div>\n\t\t\t<\/div>\n\n\t\n\n\t<div id=\"col-1550348688\" class=\"col medium-1\/2 large-6\"  >\n\t\t<div class=\"col-inner\"  >\n\t\t\t\n\t\t\t\n<div class=\"a-section a-spacing-none premium-aplus-column\">\n<div class=\"a-section a-spacing-none column-description\">\n<p class=\"aplus-p3\">Gestiona la luz desde tu m\u00f3vil para crear la atm\u00f3sfera ideal en tu hogar en cualquier momento con un rango de atenuaci\u00f3n del 1% al 100%.<\/p>\n<\/div>\n<\/div>\n<div class=\"a-section a-spacing-none premium-aplus-column\">\n<div class=\"a-section a-spacing-none {'column-image'}\"><img decoding=\"async\" class=\"\" src=\"https:\/\/m.media-amazon.com\/images\/S\/aplus-media\/vc\/46c140cb-8d31-483e-9a33-2a6d63a8e892.__CR0,0,4500,2423_PT0_SX650_V1___.jpg\" alt=\" \" data-src=\"https:\/\/m.media-amazon.com\/images\/S\/aplus-media\/vc\/46c140cb-8d31-483e-9a33-2a6d63a8e892.__CR0,0,4500,2423_PT0_SX650_V1___.jpg\" \/><\/div>\n<div class=\"a-section a-spacing-none column-heading\">\n<h1 class=\"aplus-h3 a-text-bold\">2500K-6500K Blanco Ajustable<\/h1>\n<\/div>\n<div class=\"a-section a-spacing-none column-description\">\n<p class=\"aplus-p3\">2500K-4000k es m\u00e1s suave, ideal para un hogar c\u00e1lido.<\/p>\n<p class=\"aplus-p3\">4500k-6500k puede mejorar la eficiencia y ayuda a trabajar y estudiar.<\/p>\n<\/div>\n<\/div>\n\t\t<\/div>\n\t\t\t<\/div>\n\n\t\n<\/div>\n<div class=\"celwidget aplus-module premium-module-4-two-column-images aplus-premium\" data-cel-widget=\"aplus-premium-module-4-two-column-images\" data-csa-c-id=\"vognlp-fbfw21-mea5gq-ukpz3i\">\n<div class=\"a-section a-spacing-none premium-aplus premium-aplus-module-4 aplus-container-1\">\n<div class=\"a-section a-spacing-none premium-aplus-two-column\">\n<div class=\"a-section a-spacing-none premium-aplus-column\">\n<div class=\"a-section a-spacing-none column-description\"><\/div>\n<\/div>\n<div class=\"a-section a-spacing-none premium-aplus-column\">\n<div class=\"a-section a-spacing-none column-description\">\n<p class=\"aplus-p3\">\n<\/div>\n<\/div>\n<\/div>\n<\/div>\n<\/div>\n<div class=\"celwidget aplus-module premium-module-13-carousel aplus-premium\" data-cel-widget=\"aplus-premium-module-13-carousel\" data-csa-c-id=\"b35dcc-z7az69-b2vksf-c25k4b\">\n<div class=\"a-section a-spacing-none premium-aplus premium-aplus-module-13\">\n<h1 class=\"aplus-container-3 aplus-h1 a-text-bold\">Ahorro de Energ\u00eda<\/h1>\n<div class=\"a-section a-spacing-none aplus-carousel-container\">\n<div id=\"premium-aplus-13-carousel-3-id\" class=\"a-begin a-carousel-container a-carousel-display-single a-carousel-transition-slideCircular a-carousel-initialized\" data-a-carousel-options=\"{&quot;peek_percentage&quot;:0,&quot;minimum_gutter_width&quot;:0,&quot;show_partial_next&quot;:false,&quot;name&quot;:&quot;premium-aplus-13-carousel-3&quot;}\" data-a-display-strategy=\"single\" data-a-transition-strategy=\"slideCircular\">\n<div class=\"a-row a-carousel-controls a-carousel-row a-carousel-has-buttons a-carousel-overlay-buttons a-carousel-rounded-buttons\">\n<div class=\"a-carousel-row-inner\">\n<div class=\"a-carousel-col a-carousel-center\">\n<div id=\"anonCarousel4\" class=\"a-carousel-viewport\">\n<div class=\"a-section a-spacing-none aplus-card-description-wrapper\">\n<div class=\"a-section a-spacing-none aplus-card-description aplus-container-1-2\">\n<div class=\"a-section a-spacing-none aplus-card-table-cell\">\n<div class=\"a-section a-spacing-none aplus-text-background aplus-container-1\"><\/div>\n<\/div>\n<\/div>\n<\/div>\n<div class=\"a-section a-spacing-none aplus-card-image\"><img decoding=\"async\" src=\"https:\/\/m.media-amazon.com\/images\/S\/aplus-media-library-service-media\/d197be43-f5cd-4918-9c26-7c7c7346b3a0.__CR0,0,1464,600_PT0_SX1464_V1___.jpg\" alt=\"L530E\" \/><img decoding=\"async\" src=\"https:\/\/m.media-amazon.com\/images\/S\/aplus-media-library-service-media\/44890706-2a66-4ffb-90e4-8142af23e861.__CR0,0,1464,600_PT0_SX1464_V1___.jpg\" alt=\"Tapo Energy\" \/><\/div>\n<\/div>\n<\/div>\n<\/div>\n<\/div>\n<\/div>\n<\/div>\n<\/div>\n<\/div>\n<div class=\"celwidget aplus-module premium-module-4-two-column-images aplus-premium\" data-cel-widget=\"aplus-premium-module-4-two-column-images\" data-csa-c-id=\"bo63lg-g9afex-i7h5er-5yqxni\">\n<div class=\"a-section a-spacing-none premium-aplus premium-aplus-module-4 aplus-container-1\">\n<h1 class=\"a-text-center premium-module-4-heading aplus-h1 a-text-bold\">F\u00e1cil de Controlar con Voz o Tapo App<\/h1>\n<h1><div class=\"row\"  id=\"row-401041629\"><\/h1>\n\n\t<div id=\"col-1999101709\" class=\"col medium-1\/2 large-6\"  >\n\t\t<div class=\"col-inner\"  >\n\t\t\t\n\t\t\t\n<div class=\"a-section a-spacing-none {'column-image'}\"><img decoding=\"async\" class=\"\" src=\"https:\/\/m.media-amazon.com\/images\/S\/aplus-media\/vc\/df4a1ad8-35b8-4dfc-b68c-6cc222fce90d.__CR0,74,978,527_PT0_SX650_V1___.png\" alt=\" \" data-src=\"https:\/\/m.media-amazon.com\/images\/S\/aplus-media\/vc\/df4a1ad8-35b8-4dfc-b68c-6cc222fce90d.__CR0,74,978,527_PT0_SX650_V1___.png\" \/><\/div>\n<div class=\"a-section a-spacing-none column-heading\">\n<h1 class=\"aplus-h3 a-text-bold\">Compatible con Alexa y el Asistente de Google<\/h1>\n<\/div>\n<div class=\"a-section a-spacing-none column-description\">\n<p class=\"aplus-p3\">Compatible con Amazon Alexa y el Asistente de Google liberando tus manos. \u201cAlexa, enciende la luz\u201d o \u201cHey Google, aten\u00faa las luces de mi habitaci\u00f3n\u201d.<\/p>\n<\/div>\n\t\t<\/div>\n\t\t\t<\/div>\n\n\t\n\n\t<div id=\"col-1356383714\" class=\"col medium-1\/2 large-6\"  >\n\t\t<div class=\"col-inner\"  >\n\t\t\t\n\t\t\t\n<div class=\"a-section a-spacing-none {'column-image'}\"><img decoding=\"async\" class=\"\" src=\"https:\/\/m.media-amazon.com\/images\/S\/aplus-media\/vc\/5dcdbf0d-5c4c-424d-8cb2-8d1c7fc3f4bb.__CR482,382,1486,800_PT0_SX650_V1___.png\" alt=\" \" data-src=\"https:\/\/m.media-amazon.com\/images\/S\/aplus-media\/vc\/5dcdbf0d-5c4c-424d-8cb2-8d1c7fc3f4bb.__CR482,382,1486,800_PT0_SX650_V1___.png\" \/><\/div>\n<div class=\"a-section a-spacing-none column-heading\">\n<h1 class=\"aplus-h3 a-text-bold\">Control Desde Cualquier Lugar<\/h1>\n<\/div>\n<div class=\"a-section a-spacing-none column-description\">\n<p class=\"aplus-p3\">Controle su bombilla de luz inteligente desde cualquier lugar con la aplicaci\u00f3n Tapo. Aten\u00fae, encienda o apague, o cambie los colores de su bombilla de forma remota al alcance de su mano.<\/p>\n<\/div>\n\t\t<\/div>\n\t\t\t<\/div>\n\n\t\n<h1><\/div><\/h1>\n<h1 class=\"a-text-center premium-module-4-heading aplus-h1 a-text-bold\"><\/h1>\n<div class=\"a-section a-spacing-none premium-aplus-two-column\">\n<div class=\"a-section a-spacing-none premium-aplus-column\">\n<div class=\"a-section a-spacing-none column-description\">\n<p class=\"aplus-p3\">\n<\/div>\n<\/div>\n<div class=\"a-section a-spacing-none premium-aplus-column\">\n<div class=\"a-section a-spacing-none column-description\">\n<p class=\"aplus-p3\">\n<\/div>\n<\/div>\n<\/div>\n<\/div>\n<\/div>\n<p>&nbsp;<\/p>\n","protected":false},"excerpt":{"rendered":"<p>&#8211; Multicolor: dise\u00f1e f\u00e1cilmente escenarios para su rutina o actividades diarias personalizando el brillo, la temperatura de la luz y los colores, con 16.000.000 de tonos para elegir.<br \/>\n&#8211; Equivalente a 60 vatios: la bombilla LED produce hasta 806 l\u00famenes de brillo blanco y tiene un rango de atenuaci\u00f3n del 1% al 100%.<br \/>\n&#8211; Control por voz: administrar las luces con comandos de voz mientras Tapo funciona con Amazon Alexa y Google Assistant.<br \/>\n&#8211; Control remoto: sacar el tel\u00e9fono para el bolsillo y abra la aplicaci\u00f3n Tapo para controlar la luz de forma remota.<br \/>\n&#8211; Salida de l\u00famenes t\u00edpica\t806 l\u00famenes<br \/>\n&#8211; Potencia de entrada\t8.7 W<br \/>\n&#8211; Temperatura del color\t2,500 K~6,500 K<br \/>\n&#8211; \u00c1ngulo de haz\t220 grados<\/p>\n","protected":false},"featured_media":15705,"comment_status":"open","ping_status":"closed","template":"","meta":{"jetpack_publicize_message":"","jetpack_publicize_feature_enabled":true,"jetpack_social_post_already_shared":true,"jetpack_social_options":{"image_generator_settings":{"template":"highway","default_image_id":0,"font":"","enabled":false},"version":2}},"pwb-brand":[320,458],"product_brand":[],"product_cat":[28],"product_tag":[],"class_list":{"0":"post-15698","1":"product","2":"type-product","3":"status-publish","4":"has-post-thumbnail","6":"pwb-brand-tp-link","7":"pwb-brand-tp-link-tapo","8":"product_cat-smart-home","10":"first","11":"instock","12":"taxable","13":"shipping-taxable","14":"purchasable","15":"product-type-simple"},"yoast_head":"<!-- This site is optimized with the Yoast SEO Premium plugin v25.7.1 (Yoast SEO v26.8) - https:\/\/yoast.com\/product\/yoast-seo-premium-wordpress\/ -->\n<title>Bombilla Inteligente RBD Multicolor Blanca Tapo L530E - Mivoot<\/title>\n<meta name=\"robots\" content=\"index, follow, max-snippet:-1, max-image-preview:large, max-video-preview:-1\" \/>\n<link rel=\"canonical\" href=\"https:\/\/mivoot.com\/gt\/producto\/bombilla-inteligente-rbd-multicolor-blanca-tapo-l530e\/\" \/>\n<meta property=\"og:locale\" content=\"es_ES\" \/>\n<meta property=\"og:type\" content=\"article\" \/>\n<meta property=\"og:title\" content=\"Bombilla Inteligente RBD Multicolor Blanca Tapo L530E\" \/>\n<meta property=\"og:description\" content=\"- Multicolor: dise\u00f1e f\u00e1cilmente escenarios para su rutina o actividades diarias personalizando el brillo, la temperatura de la luz y los colores, con 16.000.000 de tonos para elegir. - Equivalente a 60 vatios: la bombilla LED produce hasta 806 l\u00famenes de brillo blanco y tiene un rango de atenuaci\u00f3n del 1% al 100%. - Control por voz: administrar las luces con comandos de voz mientras Tapo funciona con Amazon Alexa y Google Assistant. - Control remoto: sacar el tel\u00e9fono para el bolsillo y abra la aplicaci\u00f3n Tapo para controlar la luz de forma remota. - Salida de l\u00famenes t\u00edpica 806 l\u00famenes - Potencia de entrada 8.7 W - Temperatura del color 2,500 K~6,500 K - \u00c1ngulo de haz 220 grados\" \/>\n<meta property=\"og:url\" content=\"https:\/\/mivoot.com\/gt\/producto\/bombilla-inteligente-rbd-multicolor-blanca-tapo-l530e\/\" \/>\n<meta property=\"og:site_name\" content=\"Mivoot\" \/>\n<meta property=\"article:publisher\" content=\"https:\/\/www.facebook.com\/mivootgt\" \/>\n<meta property=\"article:modified_time\" content=\"2023-09-14T21:01:53+00:00\" \/>\n<meta property=\"og:image\" content=\"https:\/\/mivoot.com\/gt\/wp-content\/uploads\/2023\/09\/50073836_752427.webp\" \/>\n\t<meta property=\"og:image:width\" content=\"773\" \/>\n\t<meta property=\"og:image:height\" content=\"505\" \/>\n\t<meta property=\"og:image:type\" content=\"image\/webp\" \/>\n<meta name=\"twitter:card\" content=\"summary_large_image\" \/>\n<meta name=\"twitter:label1\" content=\"Est. reading time\" \/>\n\t<meta name=\"twitter:data1\" content=\"4 minutos\" \/>\n<script type=\"application\/ld+json\" class=\"yoast-schema-graph\">{\"@context\":\"https:\/\/schema.org\",\"@graph\":[{\"@type\":\"WebPage\",\"@id\":\"https:\/\/mivoot.com\/gt\/producto\/bombilla-inteligente-rbd-multicolor-blanca-tapo-l530e\/\",\"url\":\"https:\/\/mivoot.com\/gt\/producto\/bombilla-inteligente-rbd-multicolor-blanca-tapo-l530e\/\",\"name\":\"Bombilla Inteligente RBD Multicolor Blanca Tapo L530E - Mivoot\",\"isPartOf\":{\"@id\":\"https:\/\/mivoot.com\/gt\/#website\"},\"primaryImageOfPage\":{\"@id\":\"https:\/\/mivoot.com\/gt\/producto\/bombilla-inteligente-rbd-multicolor-blanca-tapo-l530e\/#primaryimage\"},\"image\":{\"@id\":\"https:\/\/mivoot.com\/gt\/producto\/bombilla-inteligente-rbd-multicolor-blanca-tapo-l530e\/#primaryimage\"},\"thumbnailUrl\":\"https:\/\/mivoot.com\/gt\/wp-content\/uploads\/2023\/09\/50073836_752427.webp\",\"datePublished\":\"2023-09-14T21:01:52+00:00\",\"dateModified\":\"2023-09-14T21:01:53+00:00\",\"breadcrumb\":{\"@id\":\"https:\/\/mivoot.com\/gt\/producto\/bombilla-inteligente-rbd-multicolor-blanca-tapo-l530e\/#breadcrumb\"},\"inLanguage\":\"es\",\"potentialAction\":[{\"@type\":\"ReadAction\",\"target\":[\"https:\/\/mivoot.com\/gt\/producto\/bombilla-inteligente-rbd-multicolor-blanca-tapo-l530e\/\"]}]},{\"@type\":\"ImageObject\",\"inLanguage\":\"es\",\"@id\":\"https:\/\/mivoot.com\/gt\/producto\/bombilla-inteligente-rbd-multicolor-blanca-tapo-l530e\/#primaryimage\",\"url\":\"https:\/\/mivoot.com\/gt\/wp-content\/uploads\/2023\/09\/50073836_752427.webp\",\"contentUrl\":\"https:\/\/mivoot.com\/gt\/wp-content\/uploads\/2023\/09\/50073836_752427.webp\",\"width\":773,\"height\":505},{\"@type\":\"BreadcrumbList\",\"@id\":\"https:\/\/mivoot.com\/gt\/producto\/bombilla-inteligente-rbd-multicolor-blanca-tapo-l530e\/#breadcrumb\",\"itemListElement\":[{\"@type\":\"ListItem\",\"position\":1,\"name\":\"Inicio\",\"item\":\"https:\/\/mivoot.com\/gt\/\"},{\"@type\":\"ListItem\",\"position\":2,\"name\":\"Productos\",\"item\":\"https:\/\/mivoot.com\/gt\/producto\/\"},{\"@type\":\"ListItem\",\"position\":3,\"name\":\"TP-Link\",\"item\":\"https:\/\/mivoot.com\/gt\/marca\/tp-link\/\"},{\"@type\":\"ListItem\",\"position\":4,\"name\":\"Tp-Link Tapo\",\"item\":\"https:\/\/mivoot.com\/gt\/marca\/tp-link\/tp-link-tapo\/\"},{\"@type\":\"ListItem\",\"position\":5,\"name\":\"Bombilla Inteligente RBD Multicolor Blanca Tapo L530E\"}]},{\"@type\":\"WebSite\",\"@id\":\"https:\/\/mivoot.com\/gt\/#website\",\"url\":\"https:\/\/mivoot.com\/gt\/\",\"name\":\"Mivoot\",\"description\":\"Mivoot Guatemala | Tienda Online\",\"publisher\":{\"@id\":\"https:\/\/mivoot.com\/gt\/#organization\"},\"alternateName\":\"mivoot\",\"potentialAction\":[{\"@type\":\"SearchAction\",\"target\":{\"@type\":\"EntryPoint\",\"urlTemplate\":\"https:\/\/mivoot.com\/gt\/?s={search_term_string}\"},\"query-input\":{\"@type\":\"PropertyValueSpecification\",\"valueRequired\":true,\"valueName\":\"search_term_string\"}}],\"inLanguage\":\"es\"},{\"@type\":\"Organization\",\"@id\":\"https:\/\/mivoot.com\/gt\/#organization\",\"name\":\"Mivoot Guatemala\",\"alternateName\":\"mivoot.com\",\"url\":\"https:\/\/mivoot.com\/gt\/\",\"logo\":{\"@type\":\"ImageObject\",\"inLanguage\":\"es\",\"@id\":\"https:\/\/mivoot.com\/gt\/#\/schema\/logo\/image\/\",\"url\":\"https:\/\/mivoot.com\/gt\/wp-content\/uploads\/2023\/03\/cropped-icon.png\",\"contentUrl\":\"https:\/\/mivoot.com\/gt\/wp-content\/uploads\/2023\/03\/cropped-icon.png\",\"width\":512,\"height\":512,\"caption\":\"Mivoot Guatemala\"},\"image\":{\"@id\":\"https:\/\/mivoot.com\/gt\/#\/schema\/logo\/image\/\"},\"sameAs\":[\"https:\/\/www.facebook.com\/mivootgt\",\"https:\/\/instagram.com\/mivoot\"]}]}<\/script>\n<!-- \/ Yoast SEO Premium plugin. -->","yoast_head_json":{"title":"Bombilla Inteligente RBD Multicolor Blanca Tapo L530E - Mivoot","robots":{"index":"index","follow":"follow","max-snippet":"max-snippet:-1","max-image-preview":"max-image-preview:large","max-video-preview":"max-video-preview:-1"},"canonical":"https:\/\/mivoot.com\/gt\/producto\/bombilla-inteligente-rbd-multicolor-blanca-tapo-l530e\/","og_locale":"es_ES","og_type":"article","og_title":"Bombilla Inteligente RBD Multicolor Blanca Tapo L530E","og_description":"- Multicolor: dise\u00f1e f\u00e1cilmente escenarios para su rutina o actividades diarias personalizando el brillo, la temperatura de la luz y los colores, con 16.000.000 de tonos para elegir. - Equivalente a 60 vatios: la bombilla LED produce hasta 806 l\u00famenes de brillo blanco y tiene un rango de atenuaci\u00f3n del 1% al 100%. - Control por voz: administrar las luces con comandos de voz mientras Tapo funciona con Amazon Alexa y Google Assistant. - Control remoto: sacar el tel\u00e9fono para el bolsillo y abra la aplicaci\u00f3n Tapo para controlar la luz de forma remota. - Salida de l\u00famenes t\u00edpica 806 l\u00famenes - Potencia de entrada 8.7 W - Temperatura del color 2,500 K~6,500 K - \u00c1ngulo de haz 220 grados","og_url":"https:\/\/mivoot.com\/gt\/producto\/bombilla-inteligente-rbd-multicolor-blanca-tapo-l530e\/","og_site_name":"Mivoot","article_publisher":"https:\/\/www.facebook.com\/mivootgt","article_modified_time":"2023-09-14T21:01:53+00:00","og_image":[{"width":773,"height":505,"url":"https:\/\/mivoot.com\/gt\/wp-content\/uploads\/2023\/09\/50073836_752427.webp","type":"image\/webp"}],"twitter_card":"summary_large_image","twitter_misc":{"Est. reading time":"4 minutos"},"schema":{"@context":"https:\/\/schema.org","@graph":[{"@type":"WebPage","@id":"https:\/\/mivoot.com\/gt\/producto\/bombilla-inteligente-rbd-multicolor-blanca-tapo-l530e\/","url":"https:\/\/mivoot.com\/gt\/producto\/bombilla-inteligente-rbd-multicolor-blanca-tapo-l530e\/","name":"Bombilla Inteligente RBD Multicolor Blanca Tapo L530E - Mivoot","isPartOf":{"@id":"https:\/\/mivoot.com\/gt\/#website"},"primaryImageOfPage":{"@id":"https:\/\/mivoot.com\/gt\/producto\/bombilla-inteligente-rbd-multicolor-blanca-tapo-l530e\/#primaryimage"},"image":{"@id":"https:\/\/mivoot.com\/gt\/producto\/bombilla-inteligente-rbd-multicolor-blanca-tapo-l530e\/#primaryimage"},"thumbnailUrl":"https:\/\/mivoot.com\/gt\/wp-content\/uploads\/2023\/09\/50073836_752427.webp","datePublished":"2023-09-14T21:01:52+00:00","dateModified":"2023-09-14T21:01:53+00:00","breadcrumb":{"@id":"https:\/\/mivoot.com\/gt\/producto\/bombilla-inteligente-rbd-multicolor-blanca-tapo-l530e\/#breadcrumb"},"inLanguage":"es","potentialAction":[{"@type":"ReadAction","target":["https:\/\/mivoot.com\/gt\/producto\/bombilla-inteligente-rbd-multicolor-blanca-tapo-l530e\/"]}]},{"@type":"ImageObject","inLanguage":"es","@id":"https:\/\/mivoot.com\/gt\/producto\/bombilla-inteligente-rbd-multicolor-blanca-tapo-l530e\/#primaryimage","url":"https:\/\/mivoot.com\/gt\/wp-content\/uploads\/2023\/09\/50073836_752427.webp","contentUrl":"https:\/\/mivoot.com\/gt\/wp-content\/uploads\/2023\/09\/50073836_752427.webp","width":773,"height":505},{"@type":"BreadcrumbList","@id":"https:\/\/mivoot.com\/gt\/producto\/bombilla-inteligente-rbd-multicolor-blanca-tapo-l530e\/#breadcrumb","itemListElement":[{"@type":"ListItem","position":1,"name":"Inicio","item":"https:\/\/mivoot.com\/gt\/"},{"@type":"ListItem","position":2,"name":"Productos","item":"https:\/\/mivoot.com\/gt\/producto\/"},{"@type":"ListItem","position":3,"name":"TP-Link","item":"https:\/\/mivoot.com\/gt\/marca\/tp-link\/"},{"@type":"ListItem","position":4,"name":"Tp-Link Tapo","item":"https:\/\/mivoot.com\/gt\/marca\/tp-link\/tp-link-tapo\/"},{"@type":"ListItem","position":5,"name":"Bombilla Inteligente RBD Multicolor Blanca Tapo L530E"}]},{"@type":"WebSite","@id":"https:\/\/mivoot.com\/gt\/#website","url":"https:\/\/mivoot.com\/gt\/","name":"Mivoot","description":"Mivoot Guatemala | Tienda Online","publisher":{"@id":"https:\/\/mivoot.com\/gt\/#organization"},"alternateName":"mivoot","potentialAction":[{"@type":"SearchAction","target":{"@type":"EntryPoint","urlTemplate":"https:\/\/mivoot.com\/gt\/?s={search_term_string}"},"query-input":{"@type":"PropertyValueSpecification","valueRequired":true,"valueName":"search_term_string"}}],"inLanguage":"es"},{"@type":"Organization","@id":"https:\/\/mivoot.com\/gt\/#organization","name":"Mivoot Guatemala","alternateName":"mivoot.com","url":"https:\/\/mivoot.com\/gt\/","logo":{"@type":"ImageObject","inLanguage":"es","@id":"https:\/\/mivoot.com\/gt\/#\/schema\/logo\/image\/","url":"https:\/\/mivoot.com\/gt\/wp-content\/uploads\/2023\/03\/cropped-icon.png","contentUrl":"https:\/\/mivoot.com\/gt\/wp-content\/uploads\/2023\/03\/cropped-icon.png","width":512,"height":512,"caption":"Mivoot Guatemala"},"image":{"@id":"https:\/\/mivoot.com\/gt\/#\/schema\/logo\/image\/"},"sameAs":["https:\/\/www.facebook.com\/mivootgt","https:\/\/instagram.com\/mivoot"]}]}},"jetpack_publicize_connections":[],"jetpack_sharing_enabled":true,"brands":[{"id":320,"name":"TP-Link","slug":"tp-link"},{"id":458,"name":"Tp-Link Tapo","slug":"tp-link-tapo"}],"_links":{"self":[{"href":"https:\/\/mivoot.com\/gt\/wp-json\/wp\/v2\/product\/15698","targetHints":{"allow":["GET"]}}],"collection":[{"href":"https:\/\/mivoot.com\/gt\/wp-json\/wp\/v2\/product"}],"about":[{"href":"https:\/\/mivoot.com\/gt\/wp-json\/wp\/v2\/types\/product"}],"replies":[{"embeddable":true,"href":"https:\/\/mivoot.com\/gt\/wp-json\/wp\/v2\/comments?post=15698"}],"version-history":[{"count":1,"href":"https:\/\/mivoot.com\/gt\/wp-json\/wp\/v2\/product\/15698\/revisions"}],"predecessor-version":[{"id":15707,"href":"https:\/\/mivoot.com\/gt\/wp-json\/wp\/v2\/product\/15698\/revisions\/15707"}],"wp:featuredmedia":[{"embeddable":true,"href":"https:\/\/mivoot.com\/gt\/wp-json\/wp\/v2\/media\/15705"}],"wp:attachment":[{"href":"https:\/\/mivoot.com\/gt\/wp-json\/wp\/v2\/media?parent=15698"}],"wp:term":[{"taxonomy":"pwb-brand","embeddable":true,"href":"https:\/\/mivoot.com\/gt\/wp-json\/wp\/v2\/pwb-brand?post=15698"},{"taxonomy":"product_brand","embeddable":true,"href":"https:\/\/mivoot.com\/gt\/wp-json\/wp\/v2\/product_brand?post=15698"},{"taxonomy":"product_cat","embeddable":true,"href":"https:\/\/mivoot.com\/gt\/wp-json\/wp\/v2\/product_cat?post=15698"},{"taxonomy":"product_tag","embeddable":true,"href":"https:\/\/mivoot.com\/gt\/wp-json\/wp\/v2\/product_tag?post=15698"}],"curies":[{"name":"wp","href":"https:\/\/api.w.org\/{rel}","templated":true}]}}