{"id":15785,"date":"2023-09-18T07:16:20","date_gmt":"2023-09-18T13:16:20","guid":{"rendered":"https:\/\/mivoot.com\/gt\/?post_type=product&#038;p=15785"},"modified":"2023-09-18T07:20:11","modified_gmt":"2023-09-18T13:20:11","slug":"estabilizador-para-camara-3-ejes-dslr-crane-2s","status":"publish","type":"product","link":"https:\/\/mivoot.com\/gt\/producto\/estabilizador-para-camara-3-ejes-dslr-crane-2s\/","title":{"rendered":"Estabilizador para camara 3 ejes DSLR Crane 2S"},"content":{"rendered":"<h1><img decoding=\"async\" src=\"https:\/\/m.media-amazon.com\/images\/S\/aplus-media\/sc\/aec08bf4-2615-4fe9-89b0-d7aca533a552.__CR0,0,970,600_PT0_SX970_V1___.jpg\" alt=\"Barra principal\" \/><\/h1>\n<h1>Dise\u00f1ado para la perfecci\u00f3n<\/h1>\n<p>Ampliamente reconocida como el ejemplo de cardanes port\u00e1tiles de 3 ejes para cineastas profesionales, la serie CRANE 2 se enorgullece de presentarle una nueva obra maestra que fue testigo de numerosos d\u00edas y noches de arduo trabajo del equipo de I+D de ZHIYUN: CRANE 2S.\u00a0Con una alta capacidad de carga y un dise\u00f1o modular, el CRANE 2S est\u00e1 interesado en ofrecer un rendimiento confiable y excelente, incluso en los entornos m\u00e1s desafiantes.<\/p>\n<h2 class=\"total sumTotal2\">La eficiencia en el sitio importa<\/h2>\n<div class=\"supplement sumDes2\">Para asegurarse de que no se pierda ninguna toma decisiva, CRANE 2S cuenta con el nuevo sistema FlexMount que simplifica enormemente el proceso de configuraci\u00f3n y al mismo tiempo protege su c\u00e1mara con un mecanismo de seguridad doble. Incluso puede ajustar el ajuste del bloqueo de seguridad. para satisfacer sus necesidades espec\u00edficas.<\/div>\n<div><\/div>\n<div>\n<div class=\"celwidget aplus-module 3p-module-b aplus-standard\" data-cel-widget=\"aplus-3p-module-b\" data-csa-c-id=\"1b6dc9-owg3xk-yssyma-r67ukq\">\n<div class=\"aplus-module-wrapper aplus-3p-fixed-width\">\n<h3 class=\"a-spacing-mini\">Principales caracter\u00edsticas:<\/h3>\n<ul class=\"a-unordered-list a-vertical\">\n<li><span class=\"a-list-item\">CRANE 2S maneja c\u00e1maras grandes como BMPCC 6K, Panasonic S1H, Canon EOS 1DX Mark II, Nikon D850 con total facilidad.\u00a0M\u00e1s que eso, tambi\u00e9n puedes montarle varios accesorios.<\/span><\/li>\n<li><span class=\"a-list-item\">GR\u00daA 2S: seguimiento panor\u00e1mico, bloqueo, seguimiento, punto de vista de rango completo, v\u00f3rtice, modo Go.\u00a0Modo POV de rango completo, modo Vortex, modo Go<\/span><\/li>\n<li><span class=\"a-list-item\">CRANE 2S presenta el nuevo sistema FlexMount que simplifica enormemente el proceso de configuraci\u00f3n y al mismo tiempo protege su c\u00e1mara con un doble mecanismo de seguridad.<\/span><\/li>\n<li><span class=\"a-list-item\">CRANE 2S viene de serie con un soporte vertical de liberaci\u00f3n r\u00e1pida y una perilla de seguridad para disparos verticales de alta calidad.<\/span><\/li>\n<li><span class=\"a-list-item\">CRANE 2S est\u00e1 equipado con una ranura dedicada para instalar un transmisor de transmisi\u00f3n de im\u00e1genes.<\/span><\/li>\n<li><span class=\"a-list-item\">CRANE 2S admite el control de enfoque digital a trav\u00e9s de la rueda de enfoque incorporada en el card\u00e1n.\u00a0Adem\u00e1s, se ha mejorado la amortiguaci\u00f3n de la rotaci\u00f3n de la rueda de enfoque para mejorar la memoria muscular de los camar\u00f3grafos para enfocar.<\/span><\/li>\n<li><span class=\"a-list-item\">CRANE 2S est\u00e1 equipado con 3 bater\u00edas de iones de litio extra\u00edbles que ofrecen una autonom\u00eda de 12 horas.<\/span><\/li>\n<li><span class=\"a-list-item\">El ecosistema de accesorios TransMount est\u00e1 aqu\u00ed para brindar un mejor servicio a los vide\u00f3grafos con el sistema de transmisi\u00f3n de im\u00e1genes TransMount, kits de configuraci\u00f3n r\u00e1pida, monopi\u00e9, motores de enfoque\/zoom servo, etc.<\/span><\/li>\n<\/ul>\n<p>&nbsp;<\/p>\n<\/div>\n<\/div>\n<div class=\"celwidget aplus-module module-4 aplus-standard\" data-cel-widget=\"aplus-module-4\" data-csa-c-id=\"rbcttv-407qhw-qxxa07-5otm2y\">\n<div class=\"aplus-module-wrapper apm-fixed-width\">\n<div class=\"apm-spacing\">\n<div class=\"apm-floatleft apm-fixed-width\">\n<h3 class=\"a-spacing-small\">Principales caracter\u00edsticas<\/h3>\n<div class=\"apm-spacing\">\n<table class=\"apm-fixed-width apm-fourthcol-table\">\n<tbody>\n<tr>\n<th class=\"apm-center\">\n<div class=\"apm-fourthcol\">\n<p><img decoding=\"async\" class=\"\" src=\"https:\/\/m.media-amazon.com\/images\/S\/aplus-media\/sc\/ff5e90c4-7b4e-482c-bbc6-e079a2c0b2f1.__CR0,0,1500,1500_PT0_SX220_V1___.jpg\" alt=\"liberaci\u00f3n r\u00e1pida\" data-src=\"https:\/\/m.media-amazon.com\/images\/S\/aplus-media\/sc\/ff5e90c4-7b4e-482c-bbc6-e079a2c0b2f1.__CR0,0,1500,1500_PT0_SX220_V1___.jpg\" \/><\/p>\n<\/div>\n<\/th>\n<th class=\"apm-center\">\n<div class=\"apm-fourthcol\">\n<p><img decoding=\"async\" class=\"\" src=\"https:\/\/m.media-amazon.com\/images\/S\/aplus-media\/sc\/700058a3-e190-45b4-a854-a2b0fd1cb394.__CR0,0,1500,1500_PT0_SX220_V1___.jpg\" alt=\"Vertical\" data-src=\"https:\/\/m.media-amazon.com\/images\/S\/aplus-media\/sc\/700058a3-e190-45b4-a854-a2b0fd1cb394.__CR0,0,1500,1500_PT0_SX220_V1___.jpg\" \/><\/p>\n<\/div>\n<\/th>\n<th class=\"apm-center\">\n<div class=\"apm-fourthcol\">\n<p><img decoding=\"async\" class=\"\" src=\"https:\/\/m.media-amazon.com\/images\/S\/aplus-media\/sc\/2a1511b0-eb8a-4b11-a9bf-f596a1016798.__CR0,0,1500,1500_PT0_SX220_V1___.jpg\" alt=\"Dos modos\" data-src=\"https:\/\/m.media-amazon.com\/images\/S\/aplus-media\/sc\/2a1511b0-eb8a-4b11-a9bf-f596a1016798.__CR0,0,1500,1500_PT0_SX220_V1___.jpg\" \/><\/p>\n<\/div>\n<\/th>\n<th class=\"apm-center\">\n<div class=\"apm-fourthcol\">\n<p><img decoding=\"async\" class=\"\" src=\"https:\/\/m.media-amazon.com\/images\/S\/aplus-media\/sc\/a1b8e4f1-b054-41a6-80d1-d52de6170176.__CR0,0,1500,1500_PT0_SX220_V1___.jpg\" alt=\"LCD\" data-src=\"https:\/\/m.media-amazon.com\/images\/S\/aplus-media\/sc\/a1b8e4f1-b054-41a6-80d1-d52de6170176.__CR0,0,1500,1500_PT0_SX220_V1___.jpg\" \/><\/p>\n<\/div>\n<\/th>\n<\/tr>\n<tr>\n<td class=\"apm-top\">\n<div class=\"apm-fourthcol\">\n<h4 class=\"a-spacing-mini\">La eficiencia en el sitio importa<\/h4>\n<p class=\"a-size-small\">CRANE 2S presenta el nuevo sistema FlexMount que simplifica enormemente el proceso de configuraci\u00f3n y al mismo tiempo protege su c\u00e1mara con un doble mecanismo de seguridad.<\/p>\n<\/div>\n<\/td>\n<td class=\"apm-top\">\n<div class=\"apm-fourthcol\">\n<h4 class=\"a-spacing-mini\">Ampl\u00ede sus posibilidades ilimitadas<\/h4>\n<p class=\"a-size-small\">Dise\u00f1ado para una colaboraci\u00f3n en equipo de alta eficiencia, CRANE 2S est\u00e1 equipado con una ranura dedicada para instalar un transmisor de transmisi\u00f3n de im\u00e1genes.<\/p>\n<\/div>\n<\/td>\n<td class=\"apm-top\">\n<div class=\"apm-fourthcol\">\n<h4 class=\"a-spacing-mini\">Control de enfoque mec\u00e1nico y digital preciso<\/h4>\n<p class=\"a-size-small\">CRANE 2S admite el control de enfoque digital a trav\u00e9s de la rueda de enfoque incorporada en el card\u00e1n.\u00a0Adem\u00e1s, se ha mejorado la amortiguaci\u00f3n de la rotaci\u00f3n de la rueda de enfoque para mejorar la memoria muscular de los camar\u00f3grafos para enfocar.<\/p>\n<p class=\"a-size-small\">Aviso: los motores de enfoque deben comprarse adicionalmente.<\/p>\n<\/div>\n<\/td>\n<td class=\"apm-top\">\n<div class=\"apm-fourthcol\">\n<h4 class=\"a-spacing-mini\">Pantalla m\u00e1s grande para aumentar su productividad<\/h4>\n<p class=\"a-size-small\">La nueva pantalla OLED de 0,96&#8243; ofrece una visi\u00f3n m\u00e1s amplia.<\/p>\n<\/div>\n<\/td>\n<\/tr>\n<\/tbody>\n<\/table>\n<\/div>\n<\/div>\n<\/div>\n<\/div>\n<div><\/div>\n<\/div>\n<div class=\"celwidget aplus-module module-4 aplus-standard\" data-cel-widget=\"aplus-module-4\" data-csa-c-id=\"2ogl4o-nr22cw-pagsfl-ag8pm1\">\n<div class=\"aplus-module-wrapper apm-fixed-width\">\n<div class=\"apm-spacing\">\n<div class=\"apm-floatleft apm-fixed-width\">\n<h3 class=\"a-spacing-small\">M\u00e1s caracter\u00edsticas<\/h3>\n<div class=\"apm-spacing\">\n<table class=\"apm-fixed-width apm-fourthcol-table\">\n<tbody>\n<tr>\n<th class=\"apm-center\">\n<div class=\"apm-fourthcol\">\n<p><img decoding=\"async\" class=\"\" src=\"https:\/\/m.media-amazon.com\/images\/S\/aplus-media\/sc\/f27afb4d-134b-4906-9a6a-4c05117ce881.__CR0,0,1500,1500_PT0_SX220_V1___.jpg\" alt=\"bater\u00eda\" data-src=\"https:\/\/m.media-amazon.com\/images\/S\/aplus-media\/sc\/f27afb4d-134b-4906-9a6a-4c05117ce881.__CR0,0,1500,1500_PT0_SX220_V1___.jpg\" \/><\/p>\n<\/div>\n<\/th>\n<th class=\"apm-center\">\n<div class=\"apm-fourthcol\">\n<p><img decoding=\"async\" class=\"\" src=\"https:\/\/m.media-amazon.com\/images\/S\/aplus-media\/sc\/629625f0-fce9-4c67-8e4a-4c49945cd752.__CR0,0,1500,1500_PT0_SX220_V1___.jpg\" alt=\"Bloqueo del eje\" data-src=\"https:\/\/m.media-amazon.com\/images\/S\/aplus-media\/sc\/629625f0-fce9-4c67-8e4a-4c49945cd752.__CR0,0,1500,1500_PT0_SX220_V1___.jpg\" \/><\/p>\n<\/div>\n<\/th>\n<th class=\"apm-center\">\n<div class=\"apm-fourthcol\">\n<p><img decoding=\"async\" class=\"\" src=\"https:\/\/m.media-amazon.com\/images\/S\/aplus-media\/sc\/b0a6645c-96e2-4053-8cf8-816ad74cd632.__CR0,0,1500,1500_PT0_SX220_V1___.jpg\" alt=\"manejar\" data-src=\"https:\/\/m.media-amazon.com\/images\/S\/aplus-media\/sc\/b0a6645c-96e2-4053-8cf8-816ad74cd632.__CR0,0,1500,1500_PT0_SX220_V1___.jpg\" \/><\/p>\n<\/div>\n<\/th>\n<th class=\"apm-center\">\n<div class=\"apm-fourthcol\">\n<p><img decoding=\"async\" class=\"\" src=\"https:\/\/m.media-amazon.com\/images\/S\/aplus-media\/sc\/59052711-8a6a-49aa-82f1-b49601348038.__CR0,0,1500,1500_PT0_SX220_V1___.jpg\" alt=\"Imagen\" data-src=\"https:\/\/m.media-amazon.com\/images\/S\/aplus-media\/sc\/59052711-8a6a-49aa-82f1-b49601348038.__CR0,0,1500,1500_PT0_SX220_V1___.jpg\" \/><\/p>\n<\/div>\n<\/th>\n<\/tr>\n<tr>\n<td class=\"apm-top\">\n<div class=\"apm-fourthcol\">\n<h4 class=\"a-spacing-mini\">Bater\u00edas extra\u00edbles para maximizar el tiempo de ejecuci\u00f3n<\/h4>\n<p class=\"a-size-small\">El CRANE 2S est\u00e1 equipado con 3 bater\u00edas de iones de litio que ofrecen una autonom\u00eda de 12 horas.<\/p>\n<\/div>\n<\/td>\n<td class=\"apm-top\">\n<div class=\"apm-fourthcol\">\n<h4 class=\"a-spacing-mini\">Mecanismo de bloqueo del eje 2.0<\/h4>\n<p class=\"a-size-small\">El mecanismo de bloqueo del eje mejorado 2.0 adopta un dise\u00f1o de bloqueo de dos fases que ofrece cero balanceo del card\u00e1n durante el viaje o el almacenamiento.<\/p>\n<\/div>\n<\/td>\n<td class=\"apm-top\">\n<div class=\"apm-fourthcol\">\n<h4 class=\"a-spacing-mini\">Carga \u00fatil maximizada.\u00a0Peso minimizado<\/h4>\n<p class=\"a-size-small\">El mango del Crane 2S est\u00e1 construido con fibra de carbono, lo que alivia la carga f\u00edsica de los vide\u00f3grafos sin comprometer la capacidad de carga del card\u00e1n.<\/p>\n<\/div>\n<\/td>\n<td class=\"apm-top\">\n<div class=\"apm-fourthcol\">\n<h4 class=\"a-spacing-mini\">Ampl\u00ede sus posibilidades ilimitadas<\/h4>\n<p class=\"a-size-small\">Dise\u00f1ado para una colaboraci\u00f3n en equipo de alta eficiencia, CRANE 2S est\u00e1 equipado con una ranura dedicada para instalar un transmisor de transmisi\u00f3n de im\u00e1genes.<\/p>\n<p class=\"a-size-small\">Aviso: Los accesorios de transmisi\u00f3n de im\u00e1genes deben adquirirse adicionalmente.<\/p>\n<\/div>\n<\/td>\n<\/tr>\n<\/tbody>\n<\/table>\n<\/div>\n<\/div>\n<\/div>\n<\/div>\n<div><\/div>\n<\/div>\n<div class=\"celwidget aplus-module 3p-module-b aplus-standard\" data-cel-widget=\"aplus-3p-module-b\" data-csa-c-id=\"jbh7co-1k5a9g-8tmedb-qycc8m\">\n<div class=\"aplus-module-wrapper aplus-3p-fixed-width\">\n<p><img decoding=\"async\" class=\"a-spacing-base\" src=\"https:\/\/m.media-amazon.com\/images\/S\/aplus-media\/sc\/b89e6b2b-53e5-43b2-85ee-a6859212ec29.__CR0,0,970,600_PT0_SX970_V1___.png\" alt=\"Bar\" data-src=\"https:\/\/m.media-amazon.com\/images\/S\/aplus-media\/sc\/b89e6b2b-53e5-43b2-85ee-a6859212ec29.__CR0,0,970,600_PT0_SX970_V1___.png\" \/><\/p>\n<\/div>\n<\/div>\n<\/div>\n<div><\/div>\n","protected":false},"excerpt":{"rendered":"<p>&#8211; Compatibilidad con c\u00e1maras grandes: BMPCC 6K, S1H, 1DX<br \/>\n&#8211; Soportes de transmisor TransMount dedicados<br \/>\n&#8211; Monturas de c\u00e1mara est\u00e1ndar y verticales<br \/>\n&#8211; Mango de fibra de carbono<br \/>\n&#8211; Rendimiento bajo del volante con retardo de servo<br \/>\n&#8211; Pantalla OLED de 0,96\u2033<br \/>\n&#8211; Panorama y m\u00faltiples funciones de lapso de tiempo<br \/>\n&#8211; Autonom\u00eda de hasta 12 horas<\/p>\n","protected":false},"featured_media":15790,"comment_status":"open","ping_status":"closed","template":"","meta":{"jetpack_publicize_message":"","jetpack_publicize_feature_enabled":true,"jetpack_social_post_already_shared":true,"jetpack_social_options":{"image_generator_settings":{"template":"highway","default_image_id":0,"font":"","enabled":false},"version":2}},"pwb-brand":[426],"product_brand":[],"product_cat":[424],"product_tag":[],"class_list":{"0":"post-15785","1":"product","2":"type-product","3":"status-publish","4":"has-post-thumbnail","6":"pwb-brand-zhiyun","7":"product_cat-estabilizadores","9":"first","10":"instock","11":"taxable","12":"shipping-taxable","13":"purchasable","14":"product-type-simple"},"yoast_head":"<!-- This site is optimized with the Yoast SEO Premium plugin v25.7.1 (Yoast SEO v26.8) - https:\/\/yoast.com\/product\/yoast-seo-premium-wordpress\/ -->\n<title>Estabilizador para camara 3 ejes DSLR Crane 2S - Mivoot<\/title>\n<meta name=\"robots\" content=\"index, follow, max-snippet:-1, max-image-preview:large, max-video-preview:-1\" \/>\n<link rel=\"canonical\" href=\"https:\/\/mivoot.com\/gt\/producto\/estabilizador-para-camara-3-ejes-dslr-crane-2s\/\" \/>\n<meta property=\"og:locale\" content=\"es_ES\" \/>\n<meta property=\"og:type\" content=\"article\" \/>\n<meta property=\"og:title\" content=\"Estabilizador para camara 3 ejes DSLR Crane 2S\" \/>\n<meta property=\"og:description\" content=\"- Compatibilidad con c\u00e1maras grandes: BMPCC 6K, S1H, 1DX - Soportes de transmisor TransMount dedicados - Monturas de c\u00e1mara est\u00e1ndar y verticales - Mango de fibra de carbono - Rendimiento bajo del volante con retardo de servo - Pantalla OLED de 0,96\u2033 - Panorama y m\u00faltiples funciones de lapso de tiempo - Autonom\u00eda de hasta 12 horas\" \/>\n<meta property=\"og:url\" content=\"https:\/\/mivoot.com\/gt\/producto\/estabilizador-para-camara-3-ejes-dslr-crane-2s\/\" \/>\n<meta property=\"og:site_name\" content=\"Mivoot\" \/>\n<meta property=\"article:publisher\" content=\"https:\/\/www.facebook.com\/mivootgt\" \/>\n<meta property=\"article:modified_time\" content=\"2023-09-18T13:20:11+00:00\" \/>\n<meta property=\"og:image\" content=\"https:\/\/mivoot.com\/gt\/wp-content\/uploads\/2023\/09\/captura_de_pantalla_2020-11-24_a_la_s_23.42.55-600x600-1.jpg\" \/>\n\t<meta property=\"og:image:width\" content=\"600\" \/>\n\t<meta property=\"og:image:height\" content=\"600\" \/>\n\t<meta property=\"og:image:type\" content=\"image\/jpeg\" \/>\n<meta name=\"twitter:card\" content=\"summary_large_image\" \/>\n<meta name=\"twitter:label1\" content=\"Est. reading time\" \/>\n\t<meta name=\"twitter:data1\" content=\"5 minutos\" \/>\n<script type=\"application\/ld+json\" class=\"yoast-schema-graph\">{\"@context\":\"https:\/\/schema.org\",\"@graph\":[{\"@type\":\"WebPage\",\"@id\":\"https:\/\/mivoot.com\/gt\/producto\/estabilizador-para-camara-3-ejes-dslr-crane-2s\/\",\"url\":\"https:\/\/mivoot.com\/gt\/producto\/estabilizador-para-camara-3-ejes-dslr-crane-2s\/\",\"name\":\"Estabilizador para camara 3 ejes DSLR Crane 2S - Mivoot\",\"isPartOf\":{\"@id\":\"https:\/\/mivoot.com\/gt\/#website\"},\"primaryImageOfPage\":{\"@id\":\"https:\/\/mivoot.com\/gt\/producto\/estabilizador-para-camara-3-ejes-dslr-crane-2s\/#primaryimage\"},\"image\":{\"@id\":\"https:\/\/mivoot.com\/gt\/producto\/estabilizador-para-camara-3-ejes-dslr-crane-2s\/#primaryimage\"},\"thumbnailUrl\":\"https:\/\/mivoot.com\/gt\/wp-content\/uploads\/2023\/09\/captura_de_pantalla_2020-11-24_a_la_s_23.42.55-600x600-1.jpg\",\"datePublished\":\"2023-09-18T13:16:20+00:00\",\"dateModified\":\"2023-09-18T13:20:11+00:00\",\"breadcrumb\":{\"@id\":\"https:\/\/mivoot.com\/gt\/producto\/estabilizador-para-camara-3-ejes-dslr-crane-2s\/#breadcrumb\"},\"inLanguage\":\"es\",\"potentialAction\":[{\"@type\":\"ReadAction\",\"target\":[\"https:\/\/mivoot.com\/gt\/producto\/estabilizador-para-camara-3-ejes-dslr-crane-2s\/\"]}]},{\"@type\":\"ImageObject\",\"inLanguage\":\"es\",\"@id\":\"https:\/\/mivoot.com\/gt\/producto\/estabilizador-para-camara-3-ejes-dslr-crane-2s\/#primaryimage\",\"url\":\"https:\/\/mivoot.com\/gt\/wp-content\/uploads\/2023\/09\/captura_de_pantalla_2020-11-24_a_la_s_23.42.55-600x600-1.jpg\",\"contentUrl\":\"https:\/\/mivoot.com\/gt\/wp-content\/uploads\/2023\/09\/captura_de_pantalla_2020-11-24_a_la_s_23.42.55-600x600-1.jpg\",\"width\":600,\"height\":600},{\"@type\":\"BreadcrumbList\",\"@id\":\"https:\/\/mivoot.com\/gt\/producto\/estabilizador-para-camara-3-ejes-dslr-crane-2s\/#breadcrumb\",\"itemListElement\":[{\"@type\":\"ListItem\",\"position\":1,\"name\":\"Inicio\",\"item\":\"https:\/\/mivoot.com\/gt\/\"},{\"@type\":\"ListItem\",\"position\":2,\"name\":\"Productos\",\"item\":\"https:\/\/mivoot.com\/gt\/producto\/\"},{\"@type\":\"ListItem\",\"position\":3,\"name\":\"Zhiyun\",\"item\":\"https:\/\/mivoot.com\/gt\/marca\/zhiyun\/\"},{\"@type\":\"ListItem\",\"position\":4,\"name\":\"Estabilizador para camara 3 ejes DSLR Crane 2S\"}]},{\"@type\":\"WebSite\",\"@id\":\"https:\/\/mivoot.com\/gt\/#website\",\"url\":\"https:\/\/mivoot.com\/gt\/\",\"name\":\"Mivoot\",\"description\":\"Mivoot Guatemala | Tienda Online\",\"publisher\":{\"@id\":\"https:\/\/mivoot.com\/gt\/#organization\"},\"alternateName\":\"mivoot\",\"potentialAction\":[{\"@type\":\"SearchAction\",\"target\":{\"@type\":\"EntryPoint\",\"urlTemplate\":\"https:\/\/mivoot.com\/gt\/?s={search_term_string}\"},\"query-input\":{\"@type\":\"PropertyValueSpecification\",\"valueRequired\":true,\"valueName\":\"search_term_string\"}}],\"inLanguage\":\"es\"},{\"@type\":\"Organization\",\"@id\":\"https:\/\/mivoot.com\/gt\/#organization\",\"name\":\"Mivoot Guatemala\",\"alternateName\":\"mivoot.com\",\"url\":\"https:\/\/mivoot.com\/gt\/\",\"logo\":{\"@type\":\"ImageObject\",\"inLanguage\":\"es\",\"@id\":\"https:\/\/mivoot.com\/gt\/#\/schema\/logo\/image\/\",\"url\":\"https:\/\/mivoot.com\/gt\/wp-content\/uploads\/2023\/03\/cropped-icon.png\",\"contentUrl\":\"https:\/\/mivoot.com\/gt\/wp-content\/uploads\/2023\/03\/cropped-icon.png\",\"width\":512,\"height\":512,\"caption\":\"Mivoot Guatemala\"},\"image\":{\"@id\":\"https:\/\/mivoot.com\/gt\/#\/schema\/logo\/image\/\"},\"sameAs\":[\"https:\/\/www.facebook.com\/mivootgt\",\"https:\/\/instagram.com\/mivoot\"]}]}<\/script>\n<!-- \/ Yoast SEO Premium plugin. -->","yoast_head_json":{"title":"Estabilizador para camara 3 ejes DSLR Crane 2S - Mivoot","robots":{"index":"index","follow":"follow","max-snippet":"max-snippet:-1","max-image-preview":"max-image-preview:large","max-video-preview":"max-video-preview:-1"},"canonical":"https:\/\/mivoot.com\/gt\/producto\/estabilizador-para-camara-3-ejes-dslr-crane-2s\/","og_locale":"es_ES","og_type":"article","og_title":"Estabilizador para camara 3 ejes DSLR Crane 2S","og_description":"- Compatibilidad con c\u00e1maras grandes: BMPCC 6K, S1H, 1DX - Soportes de transmisor TransMount dedicados - Monturas de c\u00e1mara est\u00e1ndar y verticales - Mango de fibra de carbono - Rendimiento bajo del volante con retardo de servo - Pantalla OLED de 0,96\u2033 - Panorama y m\u00faltiples funciones de lapso de tiempo - Autonom\u00eda de hasta 12 horas","og_url":"https:\/\/mivoot.com\/gt\/producto\/estabilizador-para-camara-3-ejes-dslr-crane-2s\/","og_site_name":"Mivoot","article_publisher":"https:\/\/www.facebook.com\/mivootgt","article_modified_time":"2023-09-18T13:20:11+00:00","og_image":[{"width":600,"height":600,"url":"https:\/\/mivoot.com\/gt\/wp-content\/uploads\/2023\/09\/captura_de_pantalla_2020-11-24_a_la_s_23.42.55-600x600-1.jpg","type":"image\/jpeg"}],"twitter_card":"summary_large_image","twitter_misc":{"Est. reading time":"5 minutos"},"schema":{"@context":"https:\/\/schema.org","@graph":[{"@type":"WebPage","@id":"https:\/\/mivoot.com\/gt\/producto\/estabilizador-para-camara-3-ejes-dslr-crane-2s\/","url":"https:\/\/mivoot.com\/gt\/producto\/estabilizador-para-camara-3-ejes-dslr-crane-2s\/","name":"Estabilizador para camara 3 ejes DSLR Crane 2S - Mivoot","isPartOf":{"@id":"https:\/\/mivoot.com\/gt\/#website"},"primaryImageOfPage":{"@id":"https:\/\/mivoot.com\/gt\/producto\/estabilizador-para-camara-3-ejes-dslr-crane-2s\/#primaryimage"},"image":{"@id":"https:\/\/mivoot.com\/gt\/producto\/estabilizador-para-camara-3-ejes-dslr-crane-2s\/#primaryimage"},"thumbnailUrl":"https:\/\/mivoot.com\/gt\/wp-content\/uploads\/2023\/09\/captura_de_pantalla_2020-11-24_a_la_s_23.42.55-600x600-1.jpg","datePublished":"2023-09-18T13:16:20+00:00","dateModified":"2023-09-18T13:20:11+00:00","breadcrumb":{"@id":"https:\/\/mivoot.com\/gt\/producto\/estabilizador-para-camara-3-ejes-dslr-crane-2s\/#breadcrumb"},"inLanguage":"es","potentialAction":[{"@type":"ReadAction","target":["https:\/\/mivoot.com\/gt\/producto\/estabilizador-para-camara-3-ejes-dslr-crane-2s\/"]}]},{"@type":"ImageObject","inLanguage":"es","@id":"https:\/\/mivoot.com\/gt\/producto\/estabilizador-para-camara-3-ejes-dslr-crane-2s\/#primaryimage","url":"https:\/\/mivoot.com\/gt\/wp-content\/uploads\/2023\/09\/captura_de_pantalla_2020-11-24_a_la_s_23.42.55-600x600-1.jpg","contentUrl":"https:\/\/mivoot.com\/gt\/wp-content\/uploads\/2023\/09\/captura_de_pantalla_2020-11-24_a_la_s_23.42.55-600x600-1.jpg","width":600,"height":600},{"@type":"BreadcrumbList","@id":"https:\/\/mivoot.com\/gt\/producto\/estabilizador-para-camara-3-ejes-dslr-crane-2s\/#breadcrumb","itemListElement":[{"@type":"ListItem","position":1,"name":"Inicio","item":"https:\/\/mivoot.com\/gt\/"},{"@type":"ListItem","position":2,"name":"Productos","item":"https:\/\/mivoot.com\/gt\/producto\/"},{"@type":"ListItem","position":3,"name":"Zhiyun","item":"https:\/\/mivoot.com\/gt\/marca\/zhiyun\/"},{"@type":"ListItem","position":4,"name":"Estabilizador para camara 3 ejes DSLR Crane 2S"}]},{"@type":"WebSite","@id":"https:\/\/mivoot.com\/gt\/#website","url":"https:\/\/mivoot.com\/gt\/","name":"Mivoot","description":"Mivoot Guatemala | Tienda Online","publisher":{"@id":"https:\/\/mivoot.com\/gt\/#organization"},"alternateName":"mivoot","potentialAction":[{"@type":"SearchAction","target":{"@type":"EntryPoint","urlTemplate":"https:\/\/mivoot.com\/gt\/?s={search_term_string}"},"query-input":{"@type":"PropertyValueSpecification","valueRequired":true,"valueName":"search_term_string"}}],"inLanguage":"es"},{"@type":"Organization","@id":"https:\/\/mivoot.com\/gt\/#organization","name":"Mivoot Guatemala","alternateName":"mivoot.com","url":"https:\/\/mivoot.com\/gt\/","logo":{"@type":"ImageObject","inLanguage":"es","@id":"https:\/\/mivoot.com\/gt\/#\/schema\/logo\/image\/","url":"https:\/\/mivoot.com\/gt\/wp-content\/uploads\/2023\/03\/cropped-icon.png","contentUrl":"https:\/\/mivoot.com\/gt\/wp-content\/uploads\/2023\/03\/cropped-icon.png","width":512,"height":512,"caption":"Mivoot Guatemala"},"image":{"@id":"https:\/\/mivoot.com\/gt\/#\/schema\/logo\/image\/"},"sameAs":["https:\/\/www.facebook.com\/mivootgt","https:\/\/instagram.com\/mivoot"]}]}},"jetpack_publicize_connections":[],"jetpack_sharing_enabled":true,"brands":[{"id":426,"name":"Zhiyun","slug":"zhiyun"}],"_links":{"self":[{"href":"https:\/\/mivoot.com\/gt\/wp-json\/wp\/v2\/product\/15785","targetHints":{"allow":["GET"]}}],"collection":[{"href":"https:\/\/mivoot.com\/gt\/wp-json\/wp\/v2\/product"}],"about":[{"href":"https:\/\/mivoot.com\/gt\/wp-json\/wp\/v2\/types\/product"}],"replies":[{"embeddable":true,"href":"https:\/\/mivoot.com\/gt\/wp-json\/wp\/v2\/comments?post=15785"}],"version-history":[{"count":3,"href":"https:\/\/mivoot.com\/gt\/wp-json\/wp\/v2\/product\/15785\/revisions"}],"predecessor-version":[{"id":15797,"href":"https:\/\/mivoot.com\/gt\/wp-json\/wp\/v2\/product\/15785\/revisions\/15797"}],"wp:featuredmedia":[{"embeddable":true,"href":"https:\/\/mivoot.com\/gt\/wp-json\/wp\/v2\/media\/15790"}],"wp:attachment":[{"href":"https:\/\/mivoot.com\/gt\/wp-json\/wp\/v2\/media?parent=15785"}],"wp:term":[{"taxonomy":"pwb-brand","embeddable":true,"href":"https:\/\/mivoot.com\/gt\/wp-json\/wp\/v2\/pwb-brand?post=15785"},{"taxonomy":"product_brand","embeddable":true,"href":"https:\/\/mivoot.com\/gt\/wp-json\/wp\/v2\/product_brand?post=15785"},{"taxonomy":"product_cat","embeddable":true,"href":"https:\/\/mivoot.com\/gt\/wp-json\/wp\/v2\/product_cat?post=15785"},{"taxonomy":"product_tag","embeddable":true,"href":"https:\/\/mivoot.com\/gt\/wp-json\/wp\/v2\/product_tag?post=15785"}],"curies":[{"name":"wp","href":"https:\/\/api.w.org\/{rel}","templated":true}]}}