{"id":15828,"date":"2023-09-18T07:51:42","date_gmt":"2023-09-18T13:51:42","guid":{"rendered":"https:\/\/mivoot.com\/gt\/?post_type=product&#038;p=15828"},"modified":"2025-05-31T14:17:13","modified_gmt":"2025-05-31T20:17:13","slug":"mini-reflector-luz-portatil-led-60w-molus-g60-combo-zhiyun","status":"publish","type":"product","link":"https:\/\/mivoot.com\/gt\/producto\/mini-reflector-luz-portatil-led-60w-molus-g60-combo-zhiyun\/","title":{"rendered":"Mini Reflector Luz Port\u00e1til LED 60W Molus G60 Combo Zhiyun"},"content":{"rendered":"<p><img decoding=\"async\" src=\"https:\/\/m.media-amazon.com\/images\/S\/aplus-media-library-service-media\/492bae28-4c15-4648-8ace-0756b75aa3a8.__CR0,0,1464,600_PT0_SX1464_V1___.jpg\" alt=\"1\" \/><\/p>\n<h1 style=\"text-align: center;\">Mini Reflector Luz Port\u00e1til LED 60W Molus G60 Combo Zhiyun<\/h1>\n<h2 class=\"aplus-h1 aplus-module-1-heading a-text-bold\">Energ\u00eda a trav\u00e9s del banco de energ\u00eda<\/h2>\n<ul class=\"a-unordered-list a-vertical\">\n<li><span class=\"a-list-item\">La carga r\u00e1pida PD admite una entrada de energ\u00eda m\u00e1xima de 100 W y un m\u00ednimo de 18 W.\u00a0Tambi\u00e9n se admite la carga r\u00e1pida ordinaria.\u00a0Puede comprobar la potencia actual en la pantalla.\u00a0La potencia m\u00e1xima de salida es de 60W.<\/span><\/li>\n<li><span class=\"a-list-item\">ZHIYUN MOLUS G60 hace que la iluminaci\u00f3n profesional sea mucho m\u00e1s sencilla con una salida de alta potencia de 60 W respaldada por el sistema de refrigeraci\u00f3n DynaVort, que sirve como luz de pel\u00edcula universal.<\/span><\/li>\n<\/ul>\n<p>&nbsp;<\/p>\n<p><img decoding=\"async\" src=\"https:\/\/m.media-amazon.com\/images\/S\/aplus-media-library-service-media\/bbaaca53-e81c-477b-a1e4-a1d9fb258c85.__CR0,0,1464,600_PT0_SX1464_V1___.jpg\" alt=\"Alta calidad\" \/><\/p>\n<h2 class=\"a-text-center premium-module-4-heading aplus-h1 a-text-bold\">Sistema de energ\u00eda adaptativo<\/h2>\n<div class=\"a-section a-spacing-none premium-aplus-two-column\">\n<div class=\"a-section a-spacing-none premium-aplus-column\">\n<div class=\"a-section a-spacing-none {'column-image'}\"><img decoding=\"async\" class=\"aligncenter\" src=\"https:\/\/m.media-amazon.com\/images\/S\/aplus-media-library-service-media\/7fb5612b-7ade-4d6f-8b56-c978629ca93c.__CR6,0,1268,683_PT0_SX650_V1___.jpg\" alt=\"poder adaptativo\" data-src=\"https:\/\/m.media-amazon.com\/images\/S\/aplus-media-library-service-media\/7fb5612b-7ade-4d6f-8b56-c978629ca93c.__CR6,0,1268,683_PT0_SX650_V1___.jpg\" \/><\/div>\n<div class=\"a-section a-spacing-none column-heading\">\n<h2 class=\"aplus-h3 a-text-bold\">Fuente de alimentaci\u00f3n tipo C<\/h2>\n<\/div>\n<div class=\"a-section a-spacing-none column-description\">\n<p class=\"aplus-p3\">El sistema de suministro de energ\u00eda integrado adaptativo desarrollado por ZHIYUN proporciona dos soluciones de energ\u00eda: mediante un adaptador de corriente CC o una fuente de alimentaci\u00f3n tipo C de carga r\u00e1pida PD de 100 W.<\/p>\n<\/div>\n<\/div>\n<div class=\"a-section a-spacing-none premium-aplus-column\">\n<div class=\"a-section a-spacing-none {'column-image'}\"><img decoding=\"async\" class=\"aligncenter\" src=\"https:\/\/m.media-amazon.com\/images\/S\/aplus-media-library-service-media\/3b2febae-fcd3-4ee7-8945-50fe25e5ab84.__CR6,0,1268,683_PT0_SX650_V1___.jpg\" alt=\"poder adaptativo\" data-src=\"https:\/\/m.media-amazon.com\/images\/S\/aplus-media-library-service-media\/3b2febae-fcd3-4ee7-8945-50fe25e5ab84.__CR6,0,1268,683_PT0_SX650_V1___.jpg\" \/><\/div>\n<div class=\"a-section a-spacing-none column-heading\">\n<h2 class=\"aplus-h3 a-text-bold\">Adaptador de corriente CC<\/h2>\n<\/div>\n<div class=\"a-section a-spacing-none column-description\">\n<p class=\"aplus-p3\">Con el sistema de suministro de energ\u00eda integrado adaptable, puede alimentar el G60 a trav\u00e9s de un adaptador de corriente CC o un cable tipo C para carga r\u00e1pida PD que permite monitorear la energ\u00eda de entrada.<\/p>\n<p><img decoding=\"async\" src=\"https:\/\/m.media-amazon.com\/images\/S\/aplus-media-library-service-media\/1c17642a-6181-4ff5-896f-713141286a50.__CR0,0,1464,600_PT0_SX1464_V1___.jpg\" alt=\"1\" \/><\/p>\n<p><iframe title=\"Zhiyun MOLUS X100 y G60 \u26a1 Hasta 100 vatios de potencia en la palma de tu mano\" width=\"1020\" height=\"574\" src=\"https:\/\/www.youtube.com\/embed\/g2y6U2zyu9o?feature=oembed&#038;enablejsapi=1&#038;origin=https:\/\/mivoot.com\" frameborder=\"0\" allow=\"accelerometer; autoplay; clipboard-write; encrypted-media; gyroscope; picture-in-picture; web-share\" referrerpolicy=\"strict-origin-when-cross-origin\" allowfullscreen><\/iframe><\/p>\n<p><img decoding=\"async\" src=\"https:\/\/http2.mlstatic.com\/D_NQ_NP_2X_800390-CBT54472752000_032023-F.webp\" \/><\/p>\n<\/div>\n<\/div>\n<\/div>\n","protected":false},"excerpt":{"rendered":"<p>&#8211; Foco LED de tipo COB. Proporciona una luz dura y potente en un tama\u00f1o bolsillo: 90,6 x 67 x 66,9 mil\u00edmetros.<br \/>\n&#8211; El Molus G60 desaf\u00eda las convenciones de la iluminaci\u00f3n para cine, ofreciendo el foco m\u00e1s ligero (300 gramos) y capaz de rendir incre\u00edblemente bien en m\u00faltiples entornos profesionales como retrato, bodeg\u00f3n, anuncios de televisi\u00f3n, entrevistas, etc\u00e9tera.<br \/>\n&#8211; Cuenta con una potencia de salida de 60 vatios que se traduce en 2.376 lux a un metro (con una temperatura de color de 6.500 grados Kelvin).<br \/>\n&#8211; Brillo regulable de 0 a 100.<br \/>\n&#8211; Graba sin miedo: refrigeraci\u00f3n activa y silenciosa gracias al sistema exclusivo DynaVort Cooling System de Zhiyun.<br \/>\n&#8211; Chip LED de temperatura de color variable de 2.700 a 6.500 grados Kelvin.<br \/>\n&#8211; Precisi\u00f3n de color profesional: CRI (RA) de \u2265 96 y TLCI de \u2265 97.<br \/>\n&#8211; La montura ZY permite acoplar varios modificadores de luz dise\u00f1ados espec\u00edficamente para la gama Molus. Si lo prefieres, puedes utilizar cualquier accesorio con montura Bowens gracias al adaptador incluido en la versi\u00f3n Combo.<br \/>\n&#8211; Control remoto v\u00eda Bluetooth con la aplicaci\u00f3n gratuita ZY Vega.<\/p>\n","protected":false},"featured_media":15830,"comment_status":"open","ping_status":"closed","template":"","meta":{"jetpack_publicize_message":"","jetpack_publicize_feature_enabled":true,"jetpack_social_post_already_shared":true,"jetpack_social_options":{"image_generator_settings":{"template":"highway","default_image_id":0,"font":"","enabled":false},"version":2}},"pwb-brand":[426],"product_brand":[],"product_cat":[429],"product_tag":[],"class_list":{"0":"post-15828","1":"product","2":"type-product","3":"status-publish","4":"has-post-thumbnail","6":"pwb-brand-zhiyun","7":"product_cat-iluminacion","9":"first","10":"instock","11":"taxable","12":"shipping-taxable","13":"purchasable","14":"product-type-simple"},"yoast_head":"<!-- This site is optimized with the Yoast SEO Premium plugin v25.7.1 (Yoast SEO v26.8) - https:\/\/yoast.com\/product\/yoast-seo-premium-wordpress\/ -->\n<title>Mini Reflector Luz Port\u00e1til LED 60W Molus G60 Combo Zhiyun - Mivoot<\/title>\n<meta name=\"robots\" content=\"index, follow, max-snippet:-1, max-image-preview:large, max-video-preview:-1\" \/>\n<link rel=\"canonical\" href=\"https:\/\/mivoot.com\/gt\/producto\/mini-reflector-luz-portatil-led-60w-molus-g60-combo-zhiyun\/\" \/>\n<meta property=\"og:locale\" content=\"es_ES\" \/>\n<meta property=\"og:type\" content=\"article\" \/>\n<meta property=\"og:title\" content=\"Mini Reflector Luz Port\u00e1til LED 60W Molus G60 Combo Zhiyun\" \/>\n<meta property=\"og:description\" content=\"- Foco LED de tipo COB. Proporciona una luz dura y potente en un tama\u00f1o bolsillo: 90,6 x 67 x 66,9 mil\u00edmetros. - El Molus G60 desaf\u00eda las convenciones de la iluminaci\u00f3n para cine, ofreciendo el foco m\u00e1s ligero (300 gramos) y capaz de rendir incre\u00edblemente bien en m\u00faltiples entornos profesionales como retrato, bodeg\u00f3n, anuncios de televisi\u00f3n, entrevistas, etc\u00e9tera. - Cuenta con una potencia de salida de 60 vatios que se traduce en 2.376 lux a un metro (con una temperatura de color de 6.500 grados Kelvin). - Brillo regulable de 0 a 100. - Graba sin miedo: refrigeraci\u00f3n activa y silenciosa gracias al sistema exclusivo DynaVort Cooling System de Zhiyun. - Chip LED de temperatura de color variable de 2.700 a 6.500 grados Kelvin. - Precisi\u00f3n de color profesional: CRI (RA) de \u2265 96 y TLCI de \u2265 97. - La montura ZY permite acoplar varios modificadores de luz dise\u00f1ados espec\u00edficamente para la gama Molus. Si lo prefieres, puedes utilizar cualquier accesorio con montura Bowens gracias al adaptador incluido en la versi\u00f3n Combo. - Control remoto v\u00eda Bluetooth con la aplicaci\u00f3n gratuita ZY Vega.\" \/>\n<meta property=\"og:url\" content=\"https:\/\/mivoot.com\/gt\/producto\/mini-reflector-luz-portatil-led-60w-molus-g60-combo-zhiyun\/\" \/>\n<meta property=\"og:site_name\" content=\"Mivoot\" \/>\n<meta property=\"article:publisher\" content=\"https:\/\/www.facebook.com\/mivootgt\" \/>\n<meta property=\"article:modified_time\" content=\"2025-05-31T20:17:13+00:00\" \/>\n<meta property=\"og:image\" content=\"https:\/\/mivoot.com\/gt\/wp-content\/uploads\/2023\/09\/617lPXZ8yML._AC_SL1500_.jpg\" \/>\n\t<meta property=\"og:image:width\" content=\"1409\" \/>\n\t<meta property=\"og:image:height\" content=\"1404\" \/>\n\t<meta property=\"og:image:type\" content=\"image\/jpeg\" \/>\n<meta name=\"twitter:card\" content=\"summary_large_image\" \/>\n<meta name=\"twitter:label1\" content=\"Est. reading time\" \/>\n\t<meta name=\"twitter:data1\" content=\"3 minutos\" \/>\n<script type=\"application\/ld+json\" class=\"yoast-schema-graph\">{\"@context\":\"https:\/\/schema.org\",\"@graph\":[{\"@type\":\"WebPage\",\"@id\":\"https:\/\/mivoot.com\/gt\/producto\/mini-reflector-luz-portatil-led-60w-molus-g60-combo-zhiyun\/\",\"url\":\"https:\/\/mivoot.com\/gt\/producto\/mini-reflector-luz-portatil-led-60w-molus-g60-combo-zhiyun\/\",\"name\":\"Mini Reflector Luz Port\u00e1til LED 60W Molus G60 Combo Zhiyun - Mivoot\",\"isPartOf\":{\"@id\":\"https:\/\/mivoot.com\/gt\/#website\"},\"primaryImageOfPage\":{\"@id\":\"https:\/\/mivoot.com\/gt\/producto\/mini-reflector-luz-portatil-led-60w-molus-g60-combo-zhiyun\/#primaryimage\"},\"image\":{\"@id\":\"https:\/\/mivoot.com\/gt\/producto\/mini-reflector-luz-portatil-led-60w-molus-g60-combo-zhiyun\/#primaryimage\"},\"thumbnailUrl\":\"https:\/\/mivoot.com\/gt\/wp-content\/uploads\/2023\/09\/617lPXZ8yML._AC_SL1500_.jpg\",\"datePublished\":\"2023-09-18T13:51:42+00:00\",\"dateModified\":\"2025-05-31T20:17:13+00:00\",\"breadcrumb\":{\"@id\":\"https:\/\/mivoot.com\/gt\/producto\/mini-reflector-luz-portatil-led-60w-molus-g60-combo-zhiyun\/#breadcrumb\"},\"inLanguage\":\"es\",\"potentialAction\":[{\"@type\":\"ReadAction\",\"target\":[\"https:\/\/mivoot.com\/gt\/producto\/mini-reflector-luz-portatil-led-60w-molus-g60-combo-zhiyun\/\"]}]},{\"@type\":\"ImageObject\",\"inLanguage\":\"es\",\"@id\":\"https:\/\/mivoot.com\/gt\/producto\/mini-reflector-luz-portatil-led-60w-molus-g60-combo-zhiyun\/#primaryimage\",\"url\":\"https:\/\/mivoot.com\/gt\/wp-content\/uploads\/2023\/09\/617lPXZ8yML._AC_SL1500_.jpg\",\"contentUrl\":\"https:\/\/mivoot.com\/gt\/wp-content\/uploads\/2023\/09\/617lPXZ8yML._AC_SL1500_.jpg\",\"width\":1409,\"height\":1404},{\"@type\":\"BreadcrumbList\",\"@id\":\"https:\/\/mivoot.com\/gt\/producto\/mini-reflector-luz-portatil-led-60w-molus-g60-combo-zhiyun\/#breadcrumb\",\"itemListElement\":[{\"@type\":\"ListItem\",\"position\":1,\"name\":\"Inicio\",\"item\":\"https:\/\/mivoot.com\/gt\/\"},{\"@type\":\"ListItem\",\"position\":2,\"name\":\"Productos\",\"item\":\"https:\/\/mivoot.com\/gt\/producto\/\"},{\"@type\":\"ListItem\",\"position\":3,\"name\":\"Zhiyun\",\"item\":\"https:\/\/mivoot.com\/gt\/marca\/zhiyun\/\"},{\"@type\":\"ListItem\",\"position\":4,\"name\":\"Mini Reflector Luz Port\u00e1til LED 60W Molus G60 Combo Zhiyun\"}]},{\"@type\":\"WebSite\",\"@id\":\"https:\/\/mivoot.com\/gt\/#website\",\"url\":\"https:\/\/mivoot.com\/gt\/\",\"name\":\"Mivoot\",\"description\":\"Mivoot Guatemala | Tienda Online\",\"publisher\":{\"@id\":\"https:\/\/mivoot.com\/gt\/#organization\"},\"alternateName\":\"mivoot\",\"potentialAction\":[{\"@type\":\"SearchAction\",\"target\":{\"@type\":\"EntryPoint\",\"urlTemplate\":\"https:\/\/mivoot.com\/gt\/?s={search_term_string}\"},\"query-input\":{\"@type\":\"PropertyValueSpecification\",\"valueRequired\":true,\"valueName\":\"search_term_string\"}}],\"inLanguage\":\"es\"},{\"@type\":\"Organization\",\"@id\":\"https:\/\/mivoot.com\/gt\/#organization\",\"name\":\"Mivoot Guatemala\",\"alternateName\":\"mivoot.com\",\"url\":\"https:\/\/mivoot.com\/gt\/\",\"logo\":{\"@type\":\"ImageObject\",\"inLanguage\":\"es\",\"@id\":\"https:\/\/mivoot.com\/gt\/#\/schema\/logo\/image\/\",\"url\":\"https:\/\/mivoot.com\/gt\/wp-content\/uploads\/2023\/03\/cropped-icon.png\",\"contentUrl\":\"https:\/\/mivoot.com\/gt\/wp-content\/uploads\/2023\/03\/cropped-icon.png\",\"width\":512,\"height\":512,\"caption\":\"Mivoot Guatemala\"},\"image\":{\"@id\":\"https:\/\/mivoot.com\/gt\/#\/schema\/logo\/image\/\"},\"sameAs\":[\"https:\/\/www.facebook.com\/mivootgt\",\"https:\/\/instagram.com\/mivoot\"]}]}<\/script>\n<!-- \/ Yoast SEO Premium plugin. -->","yoast_head_json":{"title":"Mini Reflector Luz Port\u00e1til LED 60W Molus G60 Combo Zhiyun - Mivoot","robots":{"index":"index","follow":"follow","max-snippet":"max-snippet:-1","max-image-preview":"max-image-preview:large","max-video-preview":"max-video-preview:-1"},"canonical":"https:\/\/mivoot.com\/gt\/producto\/mini-reflector-luz-portatil-led-60w-molus-g60-combo-zhiyun\/","og_locale":"es_ES","og_type":"article","og_title":"Mini Reflector Luz Port\u00e1til LED 60W Molus G60 Combo Zhiyun","og_description":"- Foco LED de tipo COB. Proporciona una luz dura y potente en un tama\u00f1o bolsillo: 90,6 x 67 x 66,9 mil\u00edmetros. - El Molus G60 desaf\u00eda las convenciones de la iluminaci\u00f3n para cine, ofreciendo el foco m\u00e1s ligero (300 gramos) y capaz de rendir incre\u00edblemente bien en m\u00faltiples entornos profesionales como retrato, bodeg\u00f3n, anuncios de televisi\u00f3n, entrevistas, etc\u00e9tera. - Cuenta con una potencia de salida de 60 vatios que se traduce en 2.376 lux a un metro (con una temperatura de color de 6.500 grados Kelvin). - Brillo regulable de 0 a 100. - Graba sin miedo: refrigeraci\u00f3n activa y silenciosa gracias al sistema exclusivo DynaVort Cooling System de Zhiyun. - Chip LED de temperatura de color variable de 2.700 a 6.500 grados Kelvin. - Precisi\u00f3n de color profesional: CRI (RA) de \u2265 96 y TLCI de \u2265 97. - La montura ZY permite acoplar varios modificadores de luz dise\u00f1ados espec\u00edficamente para la gama Molus. Si lo prefieres, puedes utilizar cualquier accesorio con montura Bowens gracias al adaptador incluido en la versi\u00f3n Combo. - Control remoto v\u00eda Bluetooth con la aplicaci\u00f3n gratuita ZY Vega.","og_url":"https:\/\/mivoot.com\/gt\/producto\/mini-reflector-luz-portatil-led-60w-molus-g60-combo-zhiyun\/","og_site_name":"Mivoot","article_publisher":"https:\/\/www.facebook.com\/mivootgt","article_modified_time":"2025-05-31T20:17:13+00:00","og_image":[{"width":1409,"height":1404,"url":"https:\/\/mivoot.com\/gt\/wp-content\/uploads\/2023\/09\/617lPXZ8yML._AC_SL1500_.jpg","type":"image\/jpeg"}],"twitter_card":"summary_large_image","twitter_misc":{"Est. reading time":"3 minutos"},"schema":{"@context":"https:\/\/schema.org","@graph":[{"@type":"WebPage","@id":"https:\/\/mivoot.com\/gt\/producto\/mini-reflector-luz-portatil-led-60w-molus-g60-combo-zhiyun\/","url":"https:\/\/mivoot.com\/gt\/producto\/mini-reflector-luz-portatil-led-60w-molus-g60-combo-zhiyun\/","name":"Mini Reflector Luz Port\u00e1til LED 60W Molus G60 Combo Zhiyun - Mivoot","isPartOf":{"@id":"https:\/\/mivoot.com\/gt\/#website"},"primaryImageOfPage":{"@id":"https:\/\/mivoot.com\/gt\/producto\/mini-reflector-luz-portatil-led-60w-molus-g60-combo-zhiyun\/#primaryimage"},"image":{"@id":"https:\/\/mivoot.com\/gt\/producto\/mini-reflector-luz-portatil-led-60w-molus-g60-combo-zhiyun\/#primaryimage"},"thumbnailUrl":"https:\/\/mivoot.com\/gt\/wp-content\/uploads\/2023\/09\/617lPXZ8yML._AC_SL1500_.jpg","datePublished":"2023-09-18T13:51:42+00:00","dateModified":"2025-05-31T20:17:13+00:00","breadcrumb":{"@id":"https:\/\/mivoot.com\/gt\/producto\/mini-reflector-luz-portatil-led-60w-molus-g60-combo-zhiyun\/#breadcrumb"},"inLanguage":"es","potentialAction":[{"@type":"ReadAction","target":["https:\/\/mivoot.com\/gt\/producto\/mini-reflector-luz-portatil-led-60w-molus-g60-combo-zhiyun\/"]}]},{"@type":"ImageObject","inLanguage":"es","@id":"https:\/\/mivoot.com\/gt\/producto\/mini-reflector-luz-portatil-led-60w-molus-g60-combo-zhiyun\/#primaryimage","url":"https:\/\/mivoot.com\/gt\/wp-content\/uploads\/2023\/09\/617lPXZ8yML._AC_SL1500_.jpg","contentUrl":"https:\/\/mivoot.com\/gt\/wp-content\/uploads\/2023\/09\/617lPXZ8yML._AC_SL1500_.jpg","width":1409,"height":1404},{"@type":"BreadcrumbList","@id":"https:\/\/mivoot.com\/gt\/producto\/mini-reflector-luz-portatil-led-60w-molus-g60-combo-zhiyun\/#breadcrumb","itemListElement":[{"@type":"ListItem","position":1,"name":"Inicio","item":"https:\/\/mivoot.com\/gt\/"},{"@type":"ListItem","position":2,"name":"Productos","item":"https:\/\/mivoot.com\/gt\/producto\/"},{"@type":"ListItem","position":3,"name":"Zhiyun","item":"https:\/\/mivoot.com\/gt\/marca\/zhiyun\/"},{"@type":"ListItem","position":4,"name":"Mini Reflector Luz Port\u00e1til LED 60W Molus G60 Combo Zhiyun"}]},{"@type":"WebSite","@id":"https:\/\/mivoot.com\/gt\/#website","url":"https:\/\/mivoot.com\/gt\/","name":"Mivoot","description":"Mivoot Guatemala | Tienda Online","publisher":{"@id":"https:\/\/mivoot.com\/gt\/#organization"},"alternateName":"mivoot","potentialAction":[{"@type":"SearchAction","target":{"@type":"EntryPoint","urlTemplate":"https:\/\/mivoot.com\/gt\/?s={search_term_string}"},"query-input":{"@type":"PropertyValueSpecification","valueRequired":true,"valueName":"search_term_string"}}],"inLanguage":"es"},{"@type":"Organization","@id":"https:\/\/mivoot.com\/gt\/#organization","name":"Mivoot Guatemala","alternateName":"mivoot.com","url":"https:\/\/mivoot.com\/gt\/","logo":{"@type":"ImageObject","inLanguage":"es","@id":"https:\/\/mivoot.com\/gt\/#\/schema\/logo\/image\/","url":"https:\/\/mivoot.com\/gt\/wp-content\/uploads\/2023\/03\/cropped-icon.png","contentUrl":"https:\/\/mivoot.com\/gt\/wp-content\/uploads\/2023\/03\/cropped-icon.png","width":512,"height":512,"caption":"Mivoot Guatemala"},"image":{"@id":"https:\/\/mivoot.com\/gt\/#\/schema\/logo\/image\/"},"sameAs":["https:\/\/www.facebook.com\/mivootgt","https:\/\/instagram.com\/mivoot"]}]}},"jetpack_publicize_connections":[],"jetpack_sharing_enabled":true,"brands":[{"id":426,"name":"Zhiyun","slug":"zhiyun"}],"_links":{"self":[{"href":"https:\/\/mivoot.com\/gt\/wp-json\/wp\/v2\/product\/15828","targetHints":{"allow":["GET"]}}],"collection":[{"href":"https:\/\/mivoot.com\/gt\/wp-json\/wp\/v2\/product"}],"about":[{"href":"https:\/\/mivoot.com\/gt\/wp-json\/wp\/v2\/types\/product"}],"replies":[{"embeddable":true,"href":"https:\/\/mivoot.com\/gt\/wp-json\/wp\/v2\/comments?post=15828"}],"version-history":[{"count":2,"href":"https:\/\/mivoot.com\/gt\/wp-json\/wp\/v2\/product\/15828\/revisions"}],"predecessor-version":[{"id":28446,"href":"https:\/\/mivoot.com\/gt\/wp-json\/wp\/v2\/product\/15828\/revisions\/28446"}],"wp:featuredmedia":[{"embeddable":true,"href":"https:\/\/mivoot.com\/gt\/wp-json\/wp\/v2\/media\/15830"}],"wp:attachment":[{"href":"https:\/\/mivoot.com\/gt\/wp-json\/wp\/v2\/media?parent=15828"}],"wp:term":[{"taxonomy":"pwb-brand","embeddable":true,"href":"https:\/\/mivoot.com\/gt\/wp-json\/wp\/v2\/pwb-brand?post=15828"},{"taxonomy":"product_brand","embeddable":true,"href":"https:\/\/mivoot.com\/gt\/wp-json\/wp\/v2\/product_brand?post=15828"},{"taxonomy":"product_cat","embeddable":true,"href":"https:\/\/mivoot.com\/gt\/wp-json\/wp\/v2\/product_cat?post=15828"},{"taxonomy":"product_tag","embeddable":true,"href":"https:\/\/mivoot.com\/gt\/wp-json\/wp\/v2\/product_tag?post=15828"}],"curies":[{"name":"wp","href":"https:\/\/api.w.org\/{rel}","templated":true}]}}