{"id":15917,"date":"2023-09-19T10:44:44","date_gmt":"2023-09-19T16:44:44","guid":{"rendered":"https:\/\/mivoot.com\/gt\/?post_type=product&#038;p=15917"},"modified":"2024-10-21T19:25:56","modified_gmt":"2024-10-22T01:25:56","slug":"tarjeta-de-red-inalambrica-pci-express-tp-link-tl-wn881nd","status":"publish","type":"product","link":"https:\/\/mivoot.com\/gt\/producto\/tarjeta-de-red-inalambrica-pci-express-tp-link-tl-wn881nd\/","title":{"rendered":"Tarjeta de Red Inal\u00e1mbrica PCI Express 2 Antenas WN881ND TP-Link"},"content":{"rendered":"<h2>Descripci\u00f3n de producto<\/h2>\n<p>La tarjeta de red PCI inal\u00e1mbrico N TL-WN851ND le permite conectar su ordenador de sobremesa a una red inal\u00e1mbrica y acceder a ella a alta velocidad. Conforme con el est\u00e1ndar IEEE 802.11n, ofrece una velocidad inal\u00e1mbrica de hasta 300 Mbps, perfecta para jugar online o el v\u00eddeo en streaming.<\/p>\n<p>&nbsp;<\/p>\n<div class=\"row\"  id=\"row-81374870\">\n\n\t<div id=\"col-1640890746\" class=\"col medium-1\/2 large-6\"  >\n\t\t<div class=\"col-inner\"  >\n\t\t\t\n\t\t\t\n<h3>Tecnolog\u00eda inal\u00e1mbrica N: velocidad y cobertura<\/h3>\n<p>Incorpora la tecnolog\u00eda MIMO (Multiple Input, Multiple Output, m\u00faltiple entrada, m\u00faltiple salida). Ello le permite minimizar las p\u00e9rdidas de se\u00f1al provocadas por la presencia de obst\u00e1culos en las oficinas o apartamentos de gran tama\u00f1o, incluso si se trata de estructuras de acero y hormig\u00f3n. Como resultado de todo ello, es capaz de captar f\u00e1cilmente una se\u00f1al inal\u00e1mbrica emitida a larga distancia a diferencia de si se utiliza un dispositivo 11g de la anterior generaci\u00f3n.<\/p>\n\t\t<\/div>\n\t\t\t<\/div>\n\n\t\n\n\t<div id=\"col-733680268\" class=\"col medium-1\/2 large-6\"  >\n\t\t<div class=\"col-inner\"  >\n\t\t\t\n\t\t\t\n<img decoding=\"async\" src=\"https:\/\/www.imeqmo.com\/web\/image\/54408\" alt=\"Odoo image and text block\" \/><\/p>\n\t\t<\/div>\n\t\t\t<\/div>\n\n\t\n<\/div>\n<p>&nbsp;<\/p>\n<div class=\"row\"  id=\"row-1589318013\">\n\n\t<div id=\"col-690276509\" class=\"col medium-1\/2 large-6\"  >\n\t\t<div class=\"col-inner\"  >\n\t\t\t\n\t\t\t\n<img decoding=\"async\" src=\"https:\/\/www.imeqmo.com\/web\/image\/54412\" alt=\"Odoo text and image block\" \/><\/p>\n\t\t<\/div>\n\t\t\t<\/div>\n\n\t\n\n\t<div id=\"col-884069701\" class=\"col medium-1\/2 large-6\"  >\n\t\t<div class=\"col-inner\"  >\n\t\t\t\n\t\t\t\n<h3>Tecnolog\u00eda CCA: se\u00f1ales inal\u00e1mbricas estables<\/h3>\n<p>La caracter\u00edstica Clear Channel Assessment (CCA) evita autom\u00e1ticamente los conflictos de canal al utilizar la funci\u00f3n de selecci\u00f3n \u00f3ptima de canal a la vez que maximiza los beneficios del agrupamiento de canales para obtener unas mayores prestaciones inal\u00e1mbricas.<\/p>\n\t\t<\/div>\n\t\t\t<\/div>\n\n\t\n<\/div>\n<p>&nbsp;<\/p>\n<div class=\"row\"  id=\"row-610928581\">\n\n\t<div id=\"col-1719131620\" class=\"col medium-1\/2 large-6\"  >\n\t\t<div class=\"col-inner\"  >\n\t\t\t\n\t\t\t\n<h3><img decoding=\"async\" class=\"aligncenter\" src=\"https:\/\/www.imeqmo.com\/web\/image\/54331\" alt=\"Odoo - Sample 2 for three columns\" \/><\/h3>\n<h3 style=\"text-align: center;\">Setup Sencillo<\/h3>\n<p style=\"font-weight: 400; text-align: center;\">Utilizando el interfaz de usuario optimizado y el asistente de configuraci\u00f3n del CD (incluido), le permitir\u00e1 estar \u2018online\u2019 r\u00e1pidamente y f\u00e1cilmente.<\/p>\n\t\t<\/div>\n\t\t\t<\/div>\n\n\t\n\n\t<div id=\"col-124554879\" class=\"col medium-1\/2 large-6\"  >\n\t\t<div class=\"col-inner\"  >\n\t\t\t\n\t\t\t\n<h3><img decoding=\"async\" class=\"aligncenter\" src=\"https:\/\/www.imeqmo.com\/web\/image\/54328\" alt=\"Odoo - Sample 1 for three columns\" \/><\/h3>\n<h3 style=\"text-align: center;\">Encriptaciones WPA \/ WPA2<\/h3>\n<p style=\"font-weight: 400; text-align: center;\">El est\u00e1ndar de encriptaci\u00f3n WPA\/WPA2 asegura que su conexi\u00f3n inal\u00e1mbrica es segura frente a intrusos.<\/p>\n\t\t<\/div>\n\t\t\t<\/div>\n\n\t\n<\/div>\n<p>&nbsp;<\/p>\n<div class=\"row\"  id=\"row-1644732756\">\n\n\t<div id=\"col-1508741544\" class=\"col medium-1\/2 large-6\"  >\n\t\t<div class=\"col-inner\"  >\n\t\t\t\n\t\t\t\n<h3><strong>\u00a0\u2013 Especificaciones T\u00e9cnicas:<\/strong><\/h3>\n<ul>\n<li><strong>Interfaz:<\/strong>\u00a01 PCI Express<\/li>\n<li><strong>Dimensiones:<\/strong>\u00a0120,8 x 78,5 x 21,5 mm<\/li>\n<li><strong>Tipo de Antena:<\/strong>\u00a0Desmontable omnidireccional (RP-SMA)<\/li>\n<li><strong>Ganancia de Antena:<\/strong>\u00a02dBi<\/li>\n<li><strong>Est\u00e1ndares Inal\u00e1mbricos:<\/strong>\u00a0IEEE 802.11n, IEEE 802.11g, IEEE 802.11b<\/li>\n<li><strong>Frecuencia:<\/strong>\u00a02.400-2.4835GHz<\/li>\n<li><strong>Potencia de Transmisi\u00f3n:<\/strong>\u00a0&lt;20dBm(EIRP)<\/li>\n<li><strong>Modos Inal\u00e1mbricos:<\/strong>\u00a0Modos ad-Hoc \/ infraestructura<\/li>\n<li><strong>Seguridad Inal\u00e1mbrica<\/strong>: Support 64\/128 bit WEP, WPA-PSK\/WPA2-PSK<\/li>\n<li><strong>Tecnolog\u00eda de Modulaci\u00f3n:<\/strong>\u00a0DBPSK, DQPSK, CCK, OFDM, 16-QAM, 64-QAM<\/li>\n<li><strong>Requisitos del sistema:<\/strong>\u00a0Windows 11\/10\/8.1\/8\/7, Linux<\/li>\n<\/ul>\n\t\t<\/div>\n\t\t\t<\/div>\n\n\t\n\n\t<div id=\"col-310554197\" class=\"col medium-1\/2 large-6\"  >\n\t\t<div class=\"col-inner\"  >\n\t\t\t\n\t\t\t\n<img decoding=\"async\" src=\"https:\/\/cdn.kemik.gt\/2023\/03\/TL-WN881ND-TPLINK-1200X1200-3.-700x700.jpg\" alt=\"https:\/\/cdn.kemik.gt\/2023\/03\/TL-WN881ND-TPLINK-1200X1200-3.-700x700.jpg\" \/><\/p>\n\t\t<\/div>\n\t\t\t<\/div>\n\n\t\n<\/div>\n","protected":false},"excerpt":{"rendered":"<p>&#8211; El est\u00e1ndar IEEE 802.11n, proporciona velocidad inal\u00e1mbrica de hasta 300Mbps, lo cual es beneficioso para juegos en l\u00ednea o incluso HD streaming de video<br \/>\n&#8211; Ganancia de Antena: 2dBi<br \/>\n&#8211; Velocidad inal\u00e1mbrica N de hasta 300 Mbps<br \/>\n&#8211; El Adaptador PCI Express 2.0 (x1) Inal\u00e1mbrico N TL-WN881ND le permite conectar una computadora de escritorio a una red inal\u00e1mbrica y la conexi\u00f3n a Internet de alta velocidad de acceso.<br \/>\n&#8211; Tipo de Antena: Desmontable Omnidireccional (RP-SMA)<br \/>\n&#8211; Configura f\u00e1cilmente un enlace inal\u00e1mbrico altamente seguro con WPS \u2122 (Configuraci\u00f3n protegida de Wi-Fi)<br \/>\n&#8211; Frecuencia 2.4GHz<\/p>\n","protected":false},"featured_media":23232,"comment_status":"open","ping_status":"closed","template":"","meta":{"jetpack_publicize_message":"","jetpack_publicize_feature_enabled":true,"jetpack_social_post_already_shared":true,"jetpack_social_options":{"image_generator_settings":{"template":"highway","default_image_id":0,"font":"","enabled":false},"version":2}},"pwb-brand":[320],"product_brand":[],"product_cat":[17],"product_tag":[],"class_list":{"0":"post-15917","1":"product","2":"type-product","3":"status-publish","4":"has-post-thumbnail","6":"pwb-brand-tp-link","7":"product_cat-redes-e-internet","9":"first","10":"instock","11":"taxable","12":"shipping-taxable","13":"purchasable","14":"product-type-simple"},"yoast_head":"<!-- This site is optimized with the Yoast SEO Premium plugin v25.7.1 (Yoast SEO v26.8) - https:\/\/yoast.com\/product\/yoast-seo-premium-wordpress\/ -->\n<title>Tarjeta de Red Inal\u00e1mbrica PCI Express 2 Antenas WN881ND TP-Link - Mivoot<\/title>\n<meta name=\"robots\" content=\"index, follow, max-snippet:-1, max-image-preview:large, max-video-preview:-1\" \/>\n<link rel=\"canonical\" href=\"https:\/\/mivoot.com\/gt\/producto\/tarjeta-de-red-inalambrica-pci-express-tp-link-tl-wn881nd\/\" \/>\n<meta property=\"og:locale\" content=\"es_ES\" \/>\n<meta property=\"og:type\" content=\"article\" \/>\n<meta property=\"og:title\" content=\"Tarjeta de Red Inal\u00e1mbrica PCI Express 2 Antenas WN881ND TP-Link\" \/>\n<meta property=\"og:description\" content=\"- El est\u00e1ndar IEEE 802.11n, proporciona velocidad inal\u00e1mbrica de hasta 300Mbps, lo cual es beneficioso para juegos en l\u00ednea o incluso HD streaming de video - Ganancia de Antena: 2dBi - Velocidad inal\u00e1mbrica N de hasta 300 Mbps - El Adaptador PCI Express 2.0 (x1) Inal\u00e1mbrico N TL-WN881ND le permite conectar una computadora de escritorio a una red inal\u00e1mbrica y la conexi\u00f3n a Internet de alta velocidad de acceso. - Tipo de Antena: Desmontable Omnidireccional (RP-SMA) - Configura f\u00e1cilmente un enlace inal\u00e1mbrico altamente seguro con WPS \u2122 (Configuraci\u00f3n protegida de Wi-Fi) - Frecuencia 2.4GHz\" \/>\n<meta property=\"og:url\" content=\"https:\/\/mivoot.com\/gt\/producto\/tarjeta-de-red-inalambrica-pci-express-tp-link-tl-wn881nd\/\" \/>\n<meta property=\"og:site_name\" content=\"Mivoot\" \/>\n<meta property=\"article:publisher\" content=\"https:\/\/www.facebook.com\/mivootgt\" \/>\n<meta property=\"article:modified_time\" content=\"2024-10-22T01:25:56+00:00\" \/>\n<meta property=\"og:image\" content=\"https:\/\/mivoot.com\/gt\/wp-content\/uploads\/2023\/09\/TL-WN881ND-00.jpg\" \/>\n\t<meta property=\"og:image:width\" content=\"590\" \/>\n\t<meta property=\"og:image:height\" content=\"590\" \/>\n\t<meta property=\"og:image:type\" content=\"image\/jpeg\" \/>\n<meta name=\"twitter:card\" content=\"summary_large_image\" \/>\n<meta name=\"twitter:label1\" content=\"Est. reading time\" \/>\n\t<meta name=\"twitter:data1\" content=\"3 minutos\" \/>\n<script type=\"application\/ld+json\" class=\"yoast-schema-graph\">{\"@context\":\"https:\/\/schema.org\",\"@graph\":[{\"@type\":\"WebPage\",\"@id\":\"https:\/\/mivoot.com\/gt\/producto\/tarjeta-de-red-inalambrica-pci-express-tp-link-tl-wn881nd\/\",\"url\":\"https:\/\/mivoot.com\/gt\/producto\/tarjeta-de-red-inalambrica-pci-express-tp-link-tl-wn881nd\/\",\"name\":\"Tarjeta de Red Inal\u00e1mbrica PCI Express 2 Antenas WN881ND TP-Link - Mivoot\",\"isPartOf\":{\"@id\":\"https:\/\/mivoot.com\/gt\/#website\"},\"primaryImageOfPage\":{\"@id\":\"https:\/\/mivoot.com\/gt\/producto\/tarjeta-de-red-inalambrica-pci-express-tp-link-tl-wn881nd\/#primaryimage\"},\"image\":{\"@id\":\"https:\/\/mivoot.com\/gt\/producto\/tarjeta-de-red-inalambrica-pci-express-tp-link-tl-wn881nd\/#primaryimage\"},\"thumbnailUrl\":\"https:\/\/mivoot.com\/gt\/wp-content\/uploads\/2023\/09\/TL-WN881ND-00.jpg\",\"datePublished\":\"2023-09-19T16:44:44+00:00\",\"dateModified\":\"2024-10-22T01:25:56+00:00\",\"breadcrumb\":{\"@id\":\"https:\/\/mivoot.com\/gt\/producto\/tarjeta-de-red-inalambrica-pci-express-tp-link-tl-wn881nd\/#breadcrumb\"},\"inLanguage\":\"es\",\"potentialAction\":[{\"@type\":\"ReadAction\",\"target\":[\"https:\/\/mivoot.com\/gt\/producto\/tarjeta-de-red-inalambrica-pci-express-tp-link-tl-wn881nd\/\"]}]},{\"@type\":\"ImageObject\",\"inLanguage\":\"es\",\"@id\":\"https:\/\/mivoot.com\/gt\/producto\/tarjeta-de-red-inalambrica-pci-express-tp-link-tl-wn881nd\/#primaryimage\",\"url\":\"https:\/\/mivoot.com\/gt\/wp-content\/uploads\/2023\/09\/TL-WN881ND-00.jpg\",\"contentUrl\":\"https:\/\/mivoot.com\/gt\/wp-content\/uploads\/2023\/09\/TL-WN881ND-00.jpg\",\"width\":590,\"height\":590},{\"@type\":\"BreadcrumbList\",\"@id\":\"https:\/\/mivoot.com\/gt\/producto\/tarjeta-de-red-inalambrica-pci-express-tp-link-tl-wn881nd\/#breadcrumb\",\"itemListElement\":[{\"@type\":\"ListItem\",\"position\":1,\"name\":\"Inicio\",\"item\":\"https:\/\/mivoot.com\/gt\/\"},{\"@type\":\"ListItem\",\"position\":2,\"name\":\"Productos\",\"item\":\"https:\/\/mivoot.com\/gt\/producto\/\"},{\"@type\":\"ListItem\",\"position\":3,\"name\":\"TP-Link\",\"item\":\"https:\/\/mivoot.com\/gt\/marca\/tp-link\/\"},{\"@type\":\"ListItem\",\"position\":4,\"name\":\"Tarjeta de Red Inal\u00e1mbrica PCI Express 2 Antenas WN881ND TP-Link\"}]},{\"@type\":\"WebSite\",\"@id\":\"https:\/\/mivoot.com\/gt\/#website\",\"url\":\"https:\/\/mivoot.com\/gt\/\",\"name\":\"Mivoot\",\"description\":\"Mivoot Guatemala | Tienda Online\",\"publisher\":{\"@id\":\"https:\/\/mivoot.com\/gt\/#organization\"},\"alternateName\":\"mivoot\",\"potentialAction\":[{\"@type\":\"SearchAction\",\"target\":{\"@type\":\"EntryPoint\",\"urlTemplate\":\"https:\/\/mivoot.com\/gt\/?s={search_term_string}\"},\"query-input\":{\"@type\":\"PropertyValueSpecification\",\"valueRequired\":true,\"valueName\":\"search_term_string\"}}],\"inLanguage\":\"es\"},{\"@type\":\"Organization\",\"@id\":\"https:\/\/mivoot.com\/gt\/#organization\",\"name\":\"Mivoot Guatemala\",\"alternateName\":\"mivoot.com\",\"url\":\"https:\/\/mivoot.com\/gt\/\",\"logo\":{\"@type\":\"ImageObject\",\"inLanguage\":\"es\",\"@id\":\"https:\/\/mivoot.com\/gt\/#\/schema\/logo\/image\/\",\"url\":\"https:\/\/mivoot.com\/gt\/wp-content\/uploads\/2023\/03\/cropped-icon.png\",\"contentUrl\":\"https:\/\/mivoot.com\/gt\/wp-content\/uploads\/2023\/03\/cropped-icon.png\",\"width\":512,\"height\":512,\"caption\":\"Mivoot Guatemala\"},\"image\":{\"@id\":\"https:\/\/mivoot.com\/gt\/#\/schema\/logo\/image\/\"},\"sameAs\":[\"https:\/\/www.facebook.com\/mivootgt\",\"https:\/\/instagram.com\/mivoot\"]}]}<\/script>\n<!-- \/ Yoast SEO Premium plugin. -->","yoast_head_json":{"title":"Tarjeta de Red Inal\u00e1mbrica PCI Express 2 Antenas WN881ND TP-Link - Mivoot","robots":{"index":"index","follow":"follow","max-snippet":"max-snippet:-1","max-image-preview":"max-image-preview:large","max-video-preview":"max-video-preview:-1"},"canonical":"https:\/\/mivoot.com\/gt\/producto\/tarjeta-de-red-inalambrica-pci-express-tp-link-tl-wn881nd\/","og_locale":"es_ES","og_type":"article","og_title":"Tarjeta de Red Inal\u00e1mbrica PCI Express 2 Antenas WN881ND TP-Link","og_description":"- El est\u00e1ndar IEEE 802.11n, proporciona velocidad inal\u00e1mbrica de hasta 300Mbps, lo cual es beneficioso para juegos en l\u00ednea o incluso HD streaming de video - Ganancia de Antena: 2dBi - Velocidad inal\u00e1mbrica N de hasta 300 Mbps - El Adaptador PCI Express 2.0 (x1) Inal\u00e1mbrico N TL-WN881ND le permite conectar una computadora de escritorio a una red inal\u00e1mbrica y la conexi\u00f3n a Internet de alta velocidad de acceso. - Tipo de Antena: Desmontable Omnidireccional (RP-SMA) - Configura f\u00e1cilmente un enlace inal\u00e1mbrico altamente seguro con WPS \u2122 (Configuraci\u00f3n protegida de Wi-Fi) - Frecuencia 2.4GHz","og_url":"https:\/\/mivoot.com\/gt\/producto\/tarjeta-de-red-inalambrica-pci-express-tp-link-tl-wn881nd\/","og_site_name":"Mivoot","article_publisher":"https:\/\/www.facebook.com\/mivootgt","article_modified_time":"2024-10-22T01:25:56+00:00","og_image":[{"width":590,"height":590,"url":"https:\/\/mivoot.com\/gt\/wp-content\/uploads\/2023\/09\/TL-WN881ND-00.jpg","type":"image\/jpeg"}],"twitter_card":"summary_large_image","twitter_misc":{"Est. reading time":"3 minutos"},"schema":{"@context":"https:\/\/schema.org","@graph":[{"@type":"WebPage","@id":"https:\/\/mivoot.com\/gt\/producto\/tarjeta-de-red-inalambrica-pci-express-tp-link-tl-wn881nd\/","url":"https:\/\/mivoot.com\/gt\/producto\/tarjeta-de-red-inalambrica-pci-express-tp-link-tl-wn881nd\/","name":"Tarjeta de Red Inal\u00e1mbrica PCI Express 2 Antenas WN881ND TP-Link - Mivoot","isPartOf":{"@id":"https:\/\/mivoot.com\/gt\/#website"},"primaryImageOfPage":{"@id":"https:\/\/mivoot.com\/gt\/producto\/tarjeta-de-red-inalambrica-pci-express-tp-link-tl-wn881nd\/#primaryimage"},"image":{"@id":"https:\/\/mivoot.com\/gt\/producto\/tarjeta-de-red-inalambrica-pci-express-tp-link-tl-wn881nd\/#primaryimage"},"thumbnailUrl":"https:\/\/mivoot.com\/gt\/wp-content\/uploads\/2023\/09\/TL-WN881ND-00.jpg","datePublished":"2023-09-19T16:44:44+00:00","dateModified":"2024-10-22T01:25:56+00:00","breadcrumb":{"@id":"https:\/\/mivoot.com\/gt\/producto\/tarjeta-de-red-inalambrica-pci-express-tp-link-tl-wn881nd\/#breadcrumb"},"inLanguage":"es","potentialAction":[{"@type":"ReadAction","target":["https:\/\/mivoot.com\/gt\/producto\/tarjeta-de-red-inalambrica-pci-express-tp-link-tl-wn881nd\/"]}]},{"@type":"ImageObject","inLanguage":"es","@id":"https:\/\/mivoot.com\/gt\/producto\/tarjeta-de-red-inalambrica-pci-express-tp-link-tl-wn881nd\/#primaryimage","url":"https:\/\/mivoot.com\/gt\/wp-content\/uploads\/2023\/09\/TL-WN881ND-00.jpg","contentUrl":"https:\/\/mivoot.com\/gt\/wp-content\/uploads\/2023\/09\/TL-WN881ND-00.jpg","width":590,"height":590},{"@type":"BreadcrumbList","@id":"https:\/\/mivoot.com\/gt\/producto\/tarjeta-de-red-inalambrica-pci-express-tp-link-tl-wn881nd\/#breadcrumb","itemListElement":[{"@type":"ListItem","position":1,"name":"Inicio","item":"https:\/\/mivoot.com\/gt\/"},{"@type":"ListItem","position":2,"name":"Productos","item":"https:\/\/mivoot.com\/gt\/producto\/"},{"@type":"ListItem","position":3,"name":"TP-Link","item":"https:\/\/mivoot.com\/gt\/marca\/tp-link\/"},{"@type":"ListItem","position":4,"name":"Tarjeta de Red Inal\u00e1mbrica PCI Express 2 Antenas WN881ND TP-Link"}]},{"@type":"WebSite","@id":"https:\/\/mivoot.com\/gt\/#website","url":"https:\/\/mivoot.com\/gt\/","name":"Mivoot","description":"Mivoot Guatemala | Tienda Online","publisher":{"@id":"https:\/\/mivoot.com\/gt\/#organization"},"alternateName":"mivoot","potentialAction":[{"@type":"SearchAction","target":{"@type":"EntryPoint","urlTemplate":"https:\/\/mivoot.com\/gt\/?s={search_term_string}"},"query-input":{"@type":"PropertyValueSpecification","valueRequired":true,"valueName":"search_term_string"}}],"inLanguage":"es"},{"@type":"Organization","@id":"https:\/\/mivoot.com\/gt\/#organization","name":"Mivoot Guatemala","alternateName":"mivoot.com","url":"https:\/\/mivoot.com\/gt\/","logo":{"@type":"ImageObject","inLanguage":"es","@id":"https:\/\/mivoot.com\/gt\/#\/schema\/logo\/image\/","url":"https:\/\/mivoot.com\/gt\/wp-content\/uploads\/2023\/03\/cropped-icon.png","contentUrl":"https:\/\/mivoot.com\/gt\/wp-content\/uploads\/2023\/03\/cropped-icon.png","width":512,"height":512,"caption":"Mivoot Guatemala"},"image":{"@id":"https:\/\/mivoot.com\/gt\/#\/schema\/logo\/image\/"},"sameAs":["https:\/\/www.facebook.com\/mivootgt","https:\/\/instagram.com\/mivoot"]}]}},"jetpack_publicize_connections":[],"jetpack_sharing_enabled":true,"brands":[{"id":320,"name":"TP-Link","slug":"tp-link"}],"_links":{"self":[{"href":"https:\/\/mivoot.com\/gt\/wp-json\/wp\/v2\/product\/15917","targetHints":{"allow":["GET"]}}],"collection":[{"href":"https:\/\/mivoot.com\/gt\/wp-json\/wp\/v2\/product"}],"about":[{"href":"https:\/\/mivoot.com\/gt\/wp-json\/wp\/v2\/types\/product"}],"replies":[{"embeddable":true,"href":"https:\/\/mivoot.com\/gt\/wp-json\/wp\/v2\/comments?post=15917"}],"version-history":[{"count":2,"href":"https:\/\/mivoot.com\/gt\/wp-json\/wp\/v2\/product\/15917\/revisions"}],"predecessor-version":[{"id":23239,"href":"https:\/\/mivoot.com\/gt\/wp-json\/wp\/v2\/product\/15917\/revisions\/23239"}],"wp:featuredmedia":[{"embeddable":true,"href":"https:\/\/mivoot.com\/gt\/wp-json\/wp\/v2\/media\/23232"}],"wp:attachment":[{"href":"https:\/\/mivoot.com\/gt\/wp-json\/wp\/v2\/media?parent=15917"}],"wp:term":[{"taxonomy":"pwb-brand","embeddable":true,"href":"https:\/\/mivoot.com\/gt\/wp-json\/wp\/v2\/pwb-brand?post=15917"},{"taxonomy":"product_brand","embeddable":true,"href":"https:\/\/mivoot.com\/gt\/wp-json\/wp\/v2\/product_brand?post=15917"},{"taxonomy":"product_cat","embeddable":true,"href":"https:\/\/mivoot.com\/gt\/wp-json\/wp\/v2\/product_cat?post=15917"},{"taxonomy":"product_tag","embeddable":true,"href":"https:\/\/mivoot.com\/gt\/wp-json\/wp\/v2\/product_tag?post=15917"}],"curies":[{"name":"wp","href":"https:\/\/api.w.org\/{rel}","templated":true}]}}