{"id":15950,"date":"2023-09-19T11:57:01","date_gmt":"2023-09-19T17:57:01","guid":{"rendered":"https:\/\/mivoot.com\/gt\/?post_type=product&#038;p=15950"},"modified":"2023-09-19T11:57:02","modified_gmt":"2023-09-19T17:57:02","slug":"escaner-de-documentos-duplex-a-color-ds-530-ii-epson","status":"publish","type":"product","link":"https:\/\/mivoot.com\/gt\/producto\/escaner-de-documentos-duplex-a-color-ds-530-ii-epson\/","title":{"rendered":"Esc\u00e1ner de Documentos D\u00faplex a Color DS-530 II Epson"},"content":{"rendered":"<h3 class=\"name\">El esc\u00e1ner a color r\u00e1pido y confiable para una gesti\u00f3n de documentos eficiente<\/h3>\n<div class=\"description\">\n<p>El esc\u00e1ner de documentos d\u00faplex a color DS-530 II es la opci\u00f3n inteligente para la gesti\u00f3n de documentos empresariales, ya que ofrece un rendimiento r\u00e1pido y eficiente. Con velocidades de hasta 35 ppm \/ 70 ipm<sup>1<\/sup>, este potente y compacto rendimiento ofrece un ciclo de trabajo m\u00e1ximo diario de hasta 4.000 hojas<sup>2<\/sup>\u00a0e incluye controladores TWAIN e ISIS\u00ae para una integraci\u00f3n perfecta con la mayor\u00eda de los sistemas de gesti\u00f3n de documentos existentes. Las tecnolog\u00edas avanzadas de alimentaci\u00f3n de papel, como la eliminaci\u00f3n de p\u00e1ginas en blanco, la rotaci\u00f3n autom\u00e1tica, el recorte autom\u00e1tico, la detecci\u00f3n de suciedad y la protecci\u00f3n del papel, ayudan a mejorar la productividad, mientras que un alimentador autom\u00e1tico de documentos de 50 p\u00e1ginas ahorra tiempo.<\/p>\n<p><img decoding=\"async\" src=\"https:\/\/cdn.cs.1worldsync.com\/syndication\/mediaserverredirect\/46214f883c427e085874b102ed6f1436\/width(1200).png\" alt=\"Imagen del producto\" \/><\/p>\n<div class=\"text-row\" data-classificationid=\"Specifications Scanner\">\n<h4><strong>Especificaciones del Esc\u00e1ner:<\/strong><\/h4>\n<hr \/>\n<p><strong>Tipo de Esc\u00e1ner:<\/strong>Esc\u00e1ner a color d\u00faplex de una pasada con alimentaci\u00f3n de hojas<\/div>\n<div class=\"text-row\" data-classificationid=\"Specifications Scanner\"><strong>Sensor:<\/strong>Sensor de imagen de contacto a color (CIS)<\/div>\n<div class=\"text-row\" data-classificationid=\"Specifications Scanner\"><strong>Resoluci\u00f3n \u00d3ptica:<\/strong>600 dpi<\/div>\n<div class=\"text-row\" data-classificationid=\"Specifications Scanner\"><strong>Resoluci\u00f3n M\u00e1xima:<\/strong>1.200 dpi interpolada<\/div>\n<div class=\"text-row\" data-classificationid=\"Specifications Scanner\"><strong>Profundidad del Bit de Color:<\/strong>RGB: 30 bits de entrada\/24 bits de salida<\/div>\n<div class=\"text-row\" data-classificationid=\"Specifications Scanner\"><strong>Caracter\u00edsticas del esc\u00e1ner:<\/strong>Carro fijo y documento en movimiento<\/div>\n<div class=\"text-row\" data-classificationid=\"Specifications Scanner\"><strong>M\u00e1xima Superficie de Digitalizaci\u00f3n:<\/strong>M\u00ednimo: 5,1 cm x 5,1 cm (2&#8243; x 2&#8243;)<br \/>\nM\u00e1ximo: 21,6 cm x 609,6 cm (8,5&#8243; x 240&#8243;) a 200 dpi<br \/>\nM\u00e1ximo: 21,6 cm x 546,1 cm (8,5&#8243; x 215&#8243;) a 300 dpi<\/div>\n<div class=\"text-row\" data-classificationid=\"Specifications Scanner\"><strong>Fuente de Luz:<\/strong>LED RGB de 3 colores<\/div>\n<div class=\"text-row\" data-classificationid=\"Specifications Scanner\"><strong>Velocidad de Escaneo:<\/strong>Blanco y negro, color, escala de grises, 300 dpi y 300 dpi: 35 ppm (simplex)\/70 ipm (d\u00faplex)1<\/div>\n<div class=\"text-row\" data-classificationid=\"Automatic Document Feeder\">\n<h4><strong>Alimentador Autom\u00e1tico de Documentos:<\/strong><\/h4>\n<hr \/>\n<p><strong>Capacidad:<\/strong>50 p\u00e1ginas<\/div>\n<div class=\"text-row\" data-classificationid=\"Automatic Document Feeder\"><strong>Ciclo Diario de Trabajo:<\/strong>Hasta 4.000 p\u00e1ginas\u00b2<br \/>\nKit para rodillo: 200.000 ciclos<\/div>\n<div class=\"text-row\" data-classificationid=\"Automatic Document Feeder\"><strong>Peso del Papel:<\/strong>27 g\/m\u00b2 \u2013 413 g\/m\u00b2<\/div>\n<div class=\"text-row\" data-classificationid=\"Automatic Document Feeder\"><strong>Detecci\u00f3n de Doble Alimentaci\u00f3n:<\/strong>S\u00ed<\/div>\n<div class=\"text-row\" data-classificationid=\"General\">\n<h4><strong>General:<\/strong><\/h4>\n<hr \/>\n<p><strong>Sistemas de Operaci\u00f3n:<\/strong>Windows\u00ae 10, Windows\u00ae 8\/8.1, Windows\u00ae 7<br \/>\nMac OS X\u00ae 10.10.x \u2013 Mac OS\u00ae 10.15.x<br \/>\nEl software requiere conexi\u00f3n a internet para descargar e instalar<\/div>\n<div class=\"text-row\" data-classificationid=\"General\"><strong>Humedad:<\/strong>Funcionamiento: 10% &#8211; 80% (sin condensaci\u00f3n)<\/div>\n<div class=\"text-row\" data-classificationid=\"General\"><strong>Temperatura de uso:<\/strong>Funcionamiento: 5 \u00baC a 35 \u00baC (41 \u00baF a 95 \u00baF)<\/div>\n<div class=\"text-row\" data-classificationid=\"General\"><strong>Dimensiones:<\/strong>16,8 cm x 29,5 cm x 17,5 cm (6,6&#8243; x 11,6&#8243; x 6,9&#8243;) (ancho x profundidad x altura)<\/div>\n<div class=\"text-row\" data-classificationid=\"General\"><strong>Peso:<\/strong>3,7 kg<\/div>\n<div class=\"text-row\" data-classificationid=\"General\"><strong>Pa\u00eds de Origen:<\/strong>Indonesia<\/div>\n<\/div>\n","protected":false},"excerpt":{"rendered":"<p>Funciones: Esc\u00e1ner de alimentador autom\u00e1tico de 50 p\u00e1ginas<br \/>\nResoluci\u00f3n \u00f3ptica: 600 dpi<br \/>\nVelocidad de escaneo: 35 ppm \/ 70 ipm1<br \/>\nResoluci\u00f3n M\u00e1xima:1.200 dpi interpolada<br \/>\nProfundidad del Bit de Color:RGB: 30 bits de entrada\/24 bits de salida<br \/>\nCaracter\u00edsticas del esc\u00e1ner:Carro fijo y documento en movimiento<\/p>\n","protected":false},"featured_media":15953,"comment_status":"open","ping_status":"closed","template":"","meta":{"jetpack_publicize_message":"","jetpack_publicize_feature_enabled":true,"jetpack_social_post_already_shared":true,"jetpack_social_options":{"image_generator_settings":{"template":"highway","default_image_id":0,"font":"","enabled":false},"version":2}},"pwb-brand":[188],"product_brand":[],"product_cat":[461],"product_tag":[],"class_list":{"0":"post-15950","1":"product","2":"type-product","3":"status-publish","4":"has-post-thumbnail","6":"pwb-brand-epson","7":"product_cat-escaner","9":"first","10":"instock","11":"sale","12":"taxable","13":"shipping-taxable","14":"purchasable","15":"product-type-simple"},"yoast_head":"<!-- This site is optimized with the Yoast SEO Premium plugin v25.7.1 (Yoast SEO v26.8) - https:\/\/yoast.com\/product\/yoast-seo-premium-wordpress\/ -->\n<title>Esc\u00e1ner de Documentos D\u00faplex a Color DS-530 II Epson - Mivoot<\/title>\n<meta name=\"robots\" content=\"index, follow, max-snippet:-1, max-image-preview:large, max-video-preview:-1\" \/>\n<link rel=\"canonical\" href=\"https:\/\/mivoot.com\/gt\/producto\/escaner-de-documentos-duplex-a-color-ds-530-ii-epson\/\" \/>\n<meta property=\"og:locale\" content=\"es_ES\" \/>\n<meta property=\"og:type\" content=\"article\" \/>\n<meta property=\"og:title\" content=\"Esc\u00e1ner de Documentos D\u00faplex a Color DS-530 II Epson\" \/>\n<meta property=\"og:description\" content=\"Funciones: Esc\u00e1ner de alimentador autom\u00e1tico de 50 p\u00e1ginas Resoluci\u00f3n \u00f3ptica: 600 dpi Velocidad de escaneo: 35 ppm \/ 70 ipm1 Resoluci\u00f3n M\u00e1xima:1.200 dpi interpolada Profundidad del Bit de Color:RGB: 30 bits de entrada\/24 bits de salida Caracter\u00edsticas del esc\u00e1ner:Carro fijo y documento en movimiento\" \/>\n<meta property=\"og:url\" content=\"https:\/\/mivoot.com\/gt\/producto\/escaner-de-documentos-duplex-a-color-ds-530-ii-epson\/\" \/>\n<meta property=\"og:site_name\" content=\"Mivoot\" \/>\n<meta property=\"article:publisher\" content=\"https:\/\/www.facebook.com\/mivootgt\" \/>\n<meta property=\"article:modified_time\" content=\"2023-09-19T17:57:02+00:00\" \/>\n<meta property=\"og:image\" content=\"https:\/\/mivoot.com\/gt\/wp-content\/uploads\/2023\/09\/B11B261202-1000X1000-2-768x768-1.jpg\" \/>\n\t<meta property=\"og:image:width\" content=\"768\" \/>\n\t<meta property=\"og:image:height\" content=\"768\" \/>\n\t<meta property=\"og:image:type\" content=\"image\/jpeg\" \/>\n<meta name=\"twitter:card\" content=\"summary_large_image\" \/>\n<meta name=\"twitter:label1\" content=\"Est. reading time\" \/>\n\t<meta name=\"twitter:data1\" content=\"2 minutos\" \/>\n<script type=\"application\/ld+json\" class=\"yoast-schema-graph\">{\"@context\":\"https:\/\/schema.org\",\"@graph\":[{\"@type\":\"WebPage\",\"@id\":\"https:\/\/mivoot.com\/gt\/producto\/escaner-de-documentos-duplex-a-color-ds-530-ii-epson\/\",\"url\":\"https:\/\/mivoot.com\/gt\/producto\/escaner-de-documentos-duplex-a-color-ds-530-ii-epson\/\",\"name\":\"Esc\u00e1ner de Documentos D\u00faplex a Color DS-530 II Epson - Mivoot\",\"isPartOf\":{\"@id\":\"https:\/\/mivoot.com\/gt\/#website\"},\"primaryImageOfPage\":{\"@id\":\"https:\/\/mivoot.com\/gt\/producto\/escaner-de-documentos-duplex-a-color-ds-530-ii-epson\/#primaryimage\"},\"image\":{\"@id\":\"https:\/\/mivoot.com\/gt\/producto\/escaner-de-documentos-duplex-a-color-ds-530-ii-epson\/#primaryimage\"},\"thumbnailUrl\":\"https:\/\/mivoot.com\/gt\/wp-content\/uploads\/2023\/09\/B11B261202-1000X1000-2-768x768-1.jpg\",\"datePublished\":\"2023-09-19T17:57:01+00:00\",\"dateModified\":\"2023-09-19T17:57:02+00:00\",\"breadcrumb\":{\"@id\":\"https:\/\/mivoot.com\/gt\/producto\/escaner-de-documentos-duplex-a-color-ds-530-ii-epson\/#breadcrumb\"},\"inLanguage\":\"es\",\"potentialAction\":[{\"@type\":\"ReadAction\",\"target\":[\"https:\/\/mivoot.com\/gt\/producto\/escaner-de-documentos-duplex-a-color-ds-530-ii-epson\/\"]}]},{\"@type\":\"ImageObject\",\"inLanguage\":\"es\",\"@id\":\"https:\/\/mivoot.com\/gt\/producto\/escaner-de-documentos-duplex-a-color-ds-530-ii-epson\/#primaryimage\",\"url\":\"https:\/\/mivoot.com\/gt\/wp-content\/uploads\/2023\/09\/B11B261202-1000X1000-2-768x768-1.jpg\",\"contentUrl\":\"https:\/\/mivoot.com\/gt\/wp-content\/uploads\/2023\/09\/B11B261202-1000X1000-2-768x768-1.jpg\",\"width\":768,\"height\":768},{\"@type\":\"BreadcrumbList\",\"@id\":\"https:\/\/mivoot.com\/gt\/producto\/escaner-de-documentos-duplex-a-color-ds-530-ii-epson\/#breadcrumb\",\"itemListElement\":[{\"@type\":\"ListItem\",\"position\":1,\"name\":\"Inicio\",\"item\":\"https:\/\/mivoot.com\/gt\/\"},{\"@type\":\"ListItem\",\"position\":2,\"name\":\"Productos\",\"item\":\"https:\/\/mivoot.com\/gt\/producto\/\"},{\"@type\":\"ListItem\",\"position\":3,\"name\":\"Epson\",\"item\":\"https:\/\/mivoot.com\/gt\/marca\/epson\/\"},{\"@type\":\"ListItem\",\"position\":4,\"name\":\"Esc\u00e1ner de Documentos D\u00faplex a Color DS-530 II Epson\"}]},{\"@type\":\"WebSite\",\"@id\":\"https:\/\/mivoot.com\/gt\/#website\",\"url\":\"https:\/\/mivoot.com\/gt\/\",\"name\":\"Mivoot\",\"description\":\"Mivoot Guatemala | Tienda Online\",\"publisher\":{\"@id\":\"https:\/\/mivoot.com\/gt\/#organization\"},\"alternateName\":\"mivoot\",\"potentialAction\":[{\"@type\":\"SearchAction\",\"target\":{\"@type\":\"EntryPoint\",\"urlTemplate\":\"https:\/\/mivoot.com\/gt\/?s={search_term_string}\"},\"query-input\":{\"@type\":\"PropertyValueSpecification\",\"valueRequired\":true,\"valueName\":\"search_term_string\"}}],\"inLanguage\":\"es\"},{\"@type\":\"Organization\",\"@id\":\"https:\/\/mivoot.com\/gt\/#organization\",\"name\":\"Mivoot Guatemala\",\"alternateName\":\"mivoot.com\",\"url\":\"https:\/\/mivoot.com\/gt\/\",\"logo\":{\"@type\":\"ImageObject\",\"inLanguage\":\"es\",\"@id\":\"https:\/\/mivoot.com\/gt\/#\/schema\/logo\/image\/\",\"url\":\"https:\/\/mivoot.com\/gt\/wp-content\/uploads\/2023\/03\/cropped-icon.png\",\"contentUrl\":\"https:\/\/mivoot.com\/gt\/wp-content\/uploads\/2023\/03\/cropped-icon.png\",\"width\":512,\"height\":512,\"caption\":\"Mivoot Guatemala\"},\"image\":{\"@id\":\"https:\/\/mivoot.com\/gt\/#\/schema\/logo\/image\/\"},\"sameAs\":[\"https:\/\/www.facebook.com\/mivootgt\",\"https:\/\/instagram.com\/mivoot\"]}]}<\/script>\n<!-- \/ Yoast SEO Premium plugin. -->","yoast_head_json":{"title":"Esc\u00e1ner de Documentos D\u00faplex a Color DS-530 II Epson - Mivoot","robots":{"index":"index","follow":"follow","max-snippet":"max-snippet:-1","max-image-preview":"max-image-preview:large","max-video-preview":"max-video-preview:-1"},"canonical":"https:\/\/mivoot.com\/gt\/producto\/escaner-de-documentos-duplex-a-color-ds-530-ii-epson\/","og_locale":"es_ES","og_type":"article","og_title":"Esc\u00e1ner de Documentos D\u00faplex a Color DS-530 II Epson","og_description":"Funciones: Esc\u00e1ner de alimentador autom\u00e1tico de 50 p\u00e1ginas Resoluci\u00f3n \u00f3ptica: 600 dpi Velocidad de escaneo: 35 ppm \/ 70 ipm1 Resoluci\u00f3n M\u00e1xima:1.200 dpi interpolada Profundidad del Bit de Color:RGB: 30 bits de entrada\/24 bits de salida Caracter\u00edsticas del esc\u00e1ner:Carro fijo y documento en movimiento","og_url":"https:\/\/mivoot.com\/gt\/producto\/escaner-de-documentos-duplex-a-color-ds-530-ii-epson\/","og_site_name":"Mivoot","article_publisher":"https:\/\/www.facebook.com\/mivootgt","article_modified_time":"2023-09-19T17:57:02+00:00","og_image":[{"width":768,"height":768,"url":"https:\/\/mivoot.com\/gt\/wp-content\/uploads\/2023\/09\/B11B261202-1000X1000-2-768x768-1.jpg","type":"image\/jpeg"}],"twitter_card":"summary_large_image","twitter_misc":{"Est. reading time":"2 minutos"},"schema":{"@context":"https:\/\/schema.org","@graph":[{"@type":"WebPage","@id":"https:\/\/mivoot.com\/gt\/producto\/escaner-de-documentos-duplex-a-color-ds-530-ii-epson\/","url":"https:\/\/mivoot.com\/gt\/producto\/escaner-de-documentos-duplex-a-color-ds-530-ii-epson\/","name":"Esc\u00e1ner de Documentos D\u00faplex a Color DS-530 II Epson - Mivoot","isPartOf":{"@id":"https:\/\/mivoot.com\/gt\/#website"},"primaryImageOfPage":{"@id":"https:\/\/mivoot.com\/gt\/producto\/escaner-de-documentos-duplex-a-color-ds-530-ii-epson\/#primaryimage"},"image":{"@id":"https:\/\/mivoot.com\/gt\/producto\/escaner-de-documentos-duplex-a-color-ds-530-ii-epson\/#primaryimage"},"thumbnailUrl":"https:\/\/mivoot.com\/gt\/wp-content\/uploads\/2023\/09\/B11B261202-1000X1000-2-768x768-1.jpg","datePublished":"2023-09-19T17:57:01+00:00","dateModified":"2023-09-19T17:57:02+00:00","breadcrumb":{"@id":"https:\/\/mivoot.com\/gt\/producto\/escaner-de-documentos-duplex-a-color-ds-530-ii-epson\/#breadcrumb"},"inLanguage":"es","potentialAction":[{"@type":"ReadAction","target":["https:\/\/mivoot.com\/gt\/producto\/escaner-de-documentos-duplex-a-color-ds-530-ii-epson\/"]}]},{"@type":"ImageObject","inLanguage":"es","@id":"https:\/\/mivoot.com\/gt\/producto\/escaner-de-documentos-duplex-a-color-ds-530-ii-epson\/#primaryimage","url":"https:\/\/mivoot.com\/gt\/wp-content\/uploads\/2023\/09\/B11B261202-1000X1000-2-768x768-1.jpg","contentUrl":"https:\/\/mivoot.com\/gt\/wp-content\/uploads\/2023\/09\/B11B261202-1000X1000-2-768x768-1.jpg","width":768,"height":768},{"@type":"BreadcrumbList","@id":"https:\/\/mivoot.com\/gt\/producto\/escaner-de-documentos-duplex-a-color-ds-530-ii-epson\/#breadcrumb","itemListElement":[{"@type":"ListItem","position":1,"name":"Inicio","item":"https:\/\/mivoot.com\/gt\/"},{"@type":"ListItem","position":2,"name":"Productos","item":"https:\/\/mivoot.com\/gt\/producto\/"},{"@type":"ListItem","position":3,"name":"Epson","item":"https:\/\/mivoot.com\/gt\/marca\/epson\/"},{"@type":"ListItem","position":4,"name":"Esc\u00e1ner de Documentos D\u00faplex a Color DS-530 II Epson"}]},{"@type":"WebSite","@id":"https:\/\/mivoot.com\/gt\/#website","url":"https:\/\/mivoot.com\/gt\/","name":"Mivoot","description":"Mivoot Guatemala | Tienda Online","publisher":{"@id":"https:\/\/mivoot.com\/gt\/#organization"},"alternateName":"mivoot","potentialAction":[{"@type":"SearchAction","target":{"@type":"EntryPoint","urlTemplate":"https:\/\/mivoot.com\/gt\/?s={search_term_string}"},"query-input":{"@type":"PropertyValueSpecification","valueRequired":true,"valueName":"search_term_string"}}],"inLanguage":"es"},{"@type":"Organization","@id":"https:\/\/mivoot.com\/gt\/#organization","name":"Mivoot Guatemala","alternateName":"mivoot.com","url":"https:\/\/mivoot.com\/gt\/","logo":{"@type":"ImageObject","inLanguage":"es","@id":"https:\/\/mivoot.com\/gt\/#\/schema\/logo\/image\/","url":"https:\/\/mivoot.com\/gt\/wp-content\/uploads\/2023\/03\/cropped-icon.png","contentUrl":"https:\/\/mivoot.com\/gt\/wp-content\/uploads\/2023\/03\/cropped-icon.png","width":512,"height":512,"caption":"Mivoot Guatemala"},"image":{"@id":"https:\/\/mivoot.com\/gt\/#\/schema\/logo\/image\/"},"sameAs":["https:\/\/www.facebook.com\/mivootgt","https:\/\/instagram.com\/mivoot"]}]}},"jetpack_publicize_connections":[],"jetpack_sharing_enabled":true,"brands":[{"id":188,"name":"Epson","slug":"epson"}],"_links":{"self":[{"href":"https:\/\/mivoot.com\/gt\/wp-json\/wp\/v2\/product\/15950","targetHints":{"allow":["GET"]}}],"collection":[{"href":"https:\/\/mivoot.com\/gt\/wp-json\/wp\/v2\/product"}],"about":[{"href":"https:\/\/mivoot.com\/gt\/wp-json\/wp\/v2\/types\/product"}],"replies":[{"embeddable":true,"href":"https:\/\/mivoot.com\/gt\/wp-json\/wp\/v2\/comments?post=15950"}],"version-history":[{"count":1,"href":"https:\/\/mivoot.com\/gt\/wp-json\/wp\/v2\/product\/15950\/revisions"}],"predecessor-version":[{"id":15959,"href":"https:\/\/mivoot.com\/gt\/wp-json\/wp\/v2\/product\/15950\/revisions\/15959"}],"wp:featuredmedia":[{"embeddable":true,"href":"https:\/\/mivoot.com\/gt\/wp-json\/wp\/v2\/media\/15953"}],"wp:attachment":[{"href":"https:\/\/mivoot.com\/gt\/wp-json\/wp\/v2\/media?parent=15950"}],"wp:term":[{"taxonomy":"pwb-brand","embeddable":true,"href":"https:\/\/mivoot.com\/gt\/wp-json\/wp\/v2\/pwb-brand?post=15950"},{"taxonomy":"product_brand","embeddable":true,"href":"https:\/\/mivoot.com\/gt\/wp-json\/wp\/v2\/product_brand?post=15950"},{"taxonomy":"product_cat","embeddable":true,"href":"https:\/\/mivoot.com\/gt\/wp-json\/wp\/v2\/product_cat?post=15950"},{"taxonomy":"product_tag","embeddable":true,"href":"https:\/\/mivoot.com\/gt\/wp-json\/wp\/v2\/product_tag?post=15950"}],"curies":[{"name":"wp","href":"https:\/\/api.w.org\/{rel}","templated":true}]}}