{"id":16347,"date":"2023-10-10T19:21:14","date_gmt":"2023-10-11T01:21:14","guid":{"rendered":"https:\/\/mivoot.com\/gt\/?post_type=product&#038;p=16347"},"modified":"2023-10-12T18:51:56","modified_gmt":"2023-10-13T00:51:56","slug":"escaner-de-manos-libres-1d-2d-serie-ds9300-zebra","status":"publish","type":"product","link":"https:\/\/mivoot.com\/gt\/producto\/escaner-de-manos-libres-1d-2d-serie-ds9300-zebra\/","title":{"rendered":"Esc\u00e1ner de manos libres 1D\/2D serie DS9300 Zebra"},"content":{"rendered":"\t\t<div data-elementor-type=\"product-post\" data-elementor-id=\"16347\" class=\"elementor elementor-16347\">\n\t\t\t\t\t\t<section class=\"elementor-section elementor-top-section elementor-element elementor-element-632c66d elementor-section-boxed elementor-section-height-default elementor-section-height-default\" data-id=\"632c66d\" data-element_type=\"section\">\n\t\t\t\t\t\t<div class=\"elementor-container elementor-column-gap-default\">\n\t\t\t\t\t<div class=\"elementor-column elementor-col-33 elementor-top-column elementor-element elementor-element-361600b\" data-id=\"361600b\" data-element_type=\"column\">\n\t\t\t<div class=\"elementor-widget-wrap elementor-element-populated\">\n\t\t\t\t\t\t<div class=\"elementor-element elementor-element-b508535 elementor-widget elementor-widget-image\" data-id=\"b508535\" data-element_type=\"widget\" data-widget_type=\"image.default\">\n\t\t\t\t<div class=\"elementor-widget-container\">\n\t\t\t\t\t\t\t\t\t\t\t\t\t\t\t<img fetchpriority=\"high\" decoding=\"async\" width=\"1020\" height=\"816\" src=\"https:\/\/mivoot.com\/gt\/wp-content\/uploads\/2023\/10\/ZEBRA-2.jpg\" class=\"attachment-large size-large wp-image-16364\" alt=\"\" srcset=\"https:\/\/mivoot.com\/gt\/wp-content\/uploads\/2023\/10\/ZEBRA-2.jpg 1920w, https:\/\/mivoot.com\/gt\/wp-content\/uploads\/2023\/10\/ZEBRA-2-410x328.jpg 410w, https:\/\/mivoot.com\/gt\/wp-content\/uploads\/2023\/10\/ZEBRA-2-64x51.jpg 64w, https:\/\/mivoot.com\/gt\/wp-content\/uploads\/2023\/10\/ZEBRA-2-300x240.jpg 300w, https:\/\/mivoot.com\/gt\/wp-content\/uploads\/2023\/10\/ZEBRA-2-768x614.jpg 768w, https:\/\/mivoot.com\/gt\/wp-content\/uploads\/2023\/10\/ZEBRA-2-1536x1229.jpg 1536w, https:\/\/mivoot.com\/gt\/wp-content\/uploads\/2023\/10\/ZEBRA-2-600x480.jpg 600w\" sizes=\"(max-width: 1020px) 100vw, 1020px\" \/>\t\t\t\t\t\t\t\t\t\t\t\t\t\t\t<\/div>\n\t\t\t\t<\/div>\n\t\t\t\t\t<\/div>\n\t\t<\/div>\n\t\t\t\t<div class=\"elementor-column elementor-col-33 elementor-top-column elementor-element elementor-element-d0032a4\" data-id=\"d0032a4\" data-element_type=\"column\">\n\t\t\t<div class=\"elementor-widget-wrap elementor-element-populated\">\n\t\t\t\t\t\t<div class=\"elementor-element elementor-element-0b20e06 elementor-widget elementor-widget-image\" data-id=\"0b20e06\" data-element_type=\"widget\" data-widget_type=\"image.default\">\n\t\t\t\t<div class=\"elementor-widget-container\">\n\t\t\t\t\t\t\t\t\t\t\t\t\t\t\t<img decoding=\"async\" width=\"1020\" height=\"816\" src=\"https:\/\/mivoot.com\/gt\/wp-content\/uploads\/2023\/10\/ZEBRA-4.jpg\" class=\"attachment-large size-large wp-image-16362\" alt=\"\" srcset=\"https:\/\/mivoot.com\/gt\/wp-content\/uploads\/2023\/10\/ZEBRA-4.jpg 1920w, https:\/\/mivoot.com\/gt\/wp-content\/uploads\/2023\/10\/ZEBRA-4-410x328.jpg 410w, https:\/\/mivoot.com\/gt\/wp-content\/uploads\/2023\/10\/ZEBRA-4-64x51.jpg 64w, https:\/\/mivoot.com\/gt\/wp-content\/uploads\/2023\/10\/ZEBRA-4-300x240.jpg 300w, https:\/\/mivoot.com\/gt\/wp-content\/uploads\/2023\/10\/ZEBRA-4-768x614.jpg 768w, https:\/\/mivoot.com\/gt\/wp-content\/uploads\/2023\/10\/ZEBRA-4-1536x1229.jpg 1536w, https:\/\/mivoot.com\/gt\/wp-content\/uploads\/2023\/10\/ZEBRA-4-600x480.jpg 600w\" sizes=\"(max-width: 1020px) 100vw, 1020px\" \/>\t\t\t\t\t\t\t\t\t\t\t\t\t\t\t<\/div>\n\t\t\t\t<\/div>\n\t\t\t\t\t<\/div>\n\t\t<\/div>\n\t\t\t\t<div class=\"elementor-column elementor-col-33 elementor-top-column elementor-element elementor-element-d8dec6c\" data-id=\"d8dec6c\" data-element_type=\"column\">\n\t\t\t<div class=\"elementor-widget-wrap elementor-element-populated\">\n\t\t\t\t\t\t<div class=\"elementor-element elementor-element-9e1143d elementor-widget elementor-widget-image\" data-id=\"9e1143d\" data-element_type=\"widget\" data-widget_type=\"image.default\">\n\t\t\t\t<div class=\"elementor-widget-container\">\n\t\t\t\t\t\t\t\t\t\t\t\t\t\t\t<img decoding=\"async\" width=\"1020\" height=\"816\" src=\"https:\/\/mivoot.com\/gt\/wp-content\/uploads\/2023\/10\/ZEBRA-3.jpg\" class=\"attachment-large size-large wp-image-16363\" alt=\"\" srcset=\"https:\/\/mivoot.com\/gt\/wp-content\/uploads\/2023\/10\/ZEBRA-3.jpg 1920w, https:\/\/mivoot.com\/gt\/wp-content\/uploads\/2023\/10\/ZEBRA-3-410x328.jpg 410w, https:\/\/mivoot.com\/gt\/wp-content\/uploads\/2023\/10\/ZEBRA-3-64x51.jpg 64w, https:\/\/mivoot.com\/gt\/wp-content\/uploads\/2023\/10\/ZEBRA-3-300x240.jpg 300w, https:\/\/mivoot.com\/gt\/wp-content\/uploads\/2023\/10\/ZEBRA-3-768x614.jpg 768w, https:\/\/mivoot.com\/gt\/wp-content\/uploads\/2023\/10\/ZEBRA-3-1536x1229.jpg 1536w, https:\/\/mivoot.com\/gt\/wp-content\/uploads\/2023\/10\/ZEBRA-3-600x480.jpg 600w\" sizes=\"(max-width: 1020px) 100vw, 1020px\" \/>\t\t\t\t\t\t\t\t\t\t\t\t\t\t\t<\/div>\n\t\t\t\t<\/div>\n\t\t\t\t\t<\/div>\n\t\t<\/div>\n\t\t\t\t\t<\/div>\n\t\t<\/section>\n\t\t\t\t<section class=\"elementor-section elementor-top-section elementor-element elementor-element-daca7f4 elementor-section-boxed elementor-section-height-default elementor-section-height-default\" data-id=\"daca7f4\" data-element_type=\"section\">\n\t\t\t\t\t\t<div class=\"elementor-container elementor-column-gap-default\">\n\t\t\t\t\t<div class=\"elementor-column elementor-col-33 elementor-top-column elementor-element elementor-element-b3ba66a\" data-id=\"b3ba66a\" data-element_type=\"column\">\n\t\t\t<div class=\"elementor-widget-wrap elementor-element-populated\">\n\t\t\t\t\t\t<div class=\"elementor-element elementor-element-52b4e29 elementor-widget elementor-widget-text-editor\" data-id=\"52b4e29\" data-element_type=\"widget\" data-widget_type=\"text-editor.default\">\n\t\t\t\t<div class=\"elementor-widget-container\">\n\t\t\t\t\t\t\t\t\t<h5 class=\"staggered-spotlight-card__title\"><span>Escan\u00e9elo todo<\/span><\/h5><div class=\"staggered-spotlight-card__description\"><p><span>La serie DS9300 captura instant\u00e1neamente c\u00f3digos de barras en pr\u00e1cticamente cualquier condici\u00f3n y en cualquier medio.\u00a0Y con velocidades de deslizamiento l\u00edderes en la industria y el campo de visi\u00f3n m\u00e1s amplio de su clase, la serie DS9300 puede capturar c\u00f3digos de barras tan r\u00e1pido como se presentan.<\/span><\/p><\/div>\t\t\t\t\t\t\t\t<\/div>\n\t\t\t\t<\/div>\n\t\t\t\t\t<\/div>\n\t\t<\/div>\n\t\t\t\t<div class=\"elementor-column elementor-col-33 elementor-top-column elementor-element elementor-element-fd2efa9\" data-id=\"fd2efa9\" data-element_type=\"column\">\n\t\t\t<div class=\"elementor-widget-wrap elementor-element-populated\">\n\t\t\t\t\t\t<div class=\"elementor-element elementor-element-5c082f5 elementor-widget elementor-widget-text-editor\" data-id=\"5c082f5\" data-element_type=\"widget\" data-widget_type=\"text-editor.default\">\n\t\t\t\t<div class=\"elementor-widget-container\">\n\t\t\t\t\t\t\t\t\t<h5 class=\"staggered-spotlight-card__title\"><span>Dise\u00f1o impulsado por la innovaci\u00f3n<\/span><\/h5><div class=\"staggered-spotlight-card__description\"><p><span>Con un tama\u00f1o casi nulo, siempre hay espacio para la serie DS9300, sin importar cu\u00e1n limitados sean sus mostradores.\u00a0Los LED empotrados se aten\u00faan autom\u00e1ticamente cuando no est\u00e1n en uso, lo que reduce la molestia ocular.\u00a0Y la base de trinquete del esc\u00e1ner ofrece cuatro posiciones para un escaneo conveniente.<\/span><\/p><\/div>\t\t\t\t\t\t\t\t<\/div>\n\t\t\t\t<\/div>\n\t\t\t\t\t<\/div>\n\t\t<\/div>\n\t\t\t\t<div class=\"elementor-column elementor-col-33 elementor-top-column elementor-element elementor-element-b6ac264\" data-id=\"b6ac264\" data-element_type=\"column\">\n\t\t\t<div class=\"elementor-widget-wrap elementor-element-populated\">\n\t\t\t\t\t\t<div class=\"elementor-element elementor-element-4a96737 elementor-widget elementor-widget-text-editor\" data-id=\"4a96737\" data-element_type=\"widget\" data-widget_type=\"text-editor.default\">\n\t\t\t\t<div class=\"elementor-widget-container\">\n\t\t\t\t\t\t\t\t\t<h5 class=\"staggered-spotlight-card__title\"><span>M\u00e1xima durabilidad y confiabilidad<\/span><\/h5><div class=\"staggered-spotlight-card__description\"><p><span>El DS9300 est\u00e1 dise\u00f1ado para soportar los golpes y sacudidas que pueden ocurrir en el mundo real.\u00a0Los derrames y el polvo no lo ralentizar\u00e1n gracias al sellado IP52, incluso la base es a prueba de derrames.<\/span><\/p><\/div>\t\t\t\t\t\t\t\t<\/div>\n\t\t\t\t<\/div>\n\t\t\t\t\t<\/div>\n\t\t<\/div>\n\t\t\t\t\t<\/div>\n\t\t<\/section>\n\t\t\t\t<\/div>\n\t\t","protected":false},"excerpt":{"rendered":"<div class=\"cmp-product-summary__intro\">Ofrece un factor de forma que se adapta a cualquier lugar junto con una est\u00e9tica elegante<\/div>\n<div><\/div>\n<div class=\"cmp-product-summary__rte\" role=\"description\">Desde tiendas de conveniencia y farmacias hasta restaurantes de servicio r\u00e1pido y otros entornos minoristas, el espacio en los mostradores es limitado, los golpes y derrames pueden ser algo cotidiano y la necesidad de una alta satisfacci\u00f3n del cliente siempre es fundamental.\u00a0Presentamos la serie DS9300, el esc\u00e1ner de presentaci\u00f3n que cabe en cualquier lugar, escanea todo y est\u00e1 dise\u00f1ado para brindar confiabilidad durante todo el d\u00eda.<\/div>\n","protected":false},"featured_media":16361,"comment_status":"open","ping_status":"closed","template":"","meta":{"jetpack_publicize_message":"","jetpack_publicize_feature_enabled":true,"jetpack_social_post_already_shared":true,"jetpack_social_options":{"image_generator_settings":{"template":"highway","default_image_id":0,"font":"","enabled":false},"version":2}},"pwb-brand":[189],"product_brand":[],"product_cat":[461,300],"product_tag":[],"class_list":{"0":"post-16347","1":"product","2":"type-product","3":"status-publish","4":"has-post-thumbnail","6":"pwb-brand-zebra","7":"product_cat-escaner","8":"product_cat-codigobarras","10":"first","11":"instock","12":"taxable","13":"shipping-taxable","14":"purchasable","15":"product-type-simple"},"yoast_head":"<!-- This site is optimized with the Yoast SEO Premium plugin v25.7.1 (Yoast SEO v26.8) - https:\/\/yoast.com\/product\/yoast-seo-premium-wordpress\/ -->\n<title>Esc\u00e1ner de manos libres 1D\/2D serie DS9300 Zebra - Mivoot<\/title>\n<meta name=\"robots\" content=\"index, follow, max-snippet:-1, max-image-preview:large, max-video-preview:-1\" \/>\n<link rel=\"canonical\" href=\"https:\/\/mivoot.com\/gt\/producto\/escaner-de-manos-libres-1d-2d-serie-ds9300-zebra\/\" \/>\n<meta property=\"og:locale\" content=\"es_ES\" \/>\n<meta property=\"og:type\" content=\"article\" \/>\n<meta property=\"og:title\" content=\"Esc\u00e1ner de manos libres 1D\/2D serie DS9300 Zebra\" \/>\n<meta property=\"og:description\" content=\"Ofrece un factor de forma que se adapta a cualquier lugar junto con una est\u00e9tica elegante  Desde tiendas de conveniencia y farmacias hasta restaurantes de servicio r\u00e1pido y otros entornos minoristas, el espacio en los mostradores es limitado, los golpes y derrames pueden ser algo cotidiano y la necesidad de una alta satisfacci\u00f3n del cliente siempre es fundamental.\u00a0Presentamos la serie DS9300, el esc\u00e1ner de presentaci\u00f3n que cabe en cualquier lugar, escanea todo y est\u00e1 dise\u00f1ado para brindar confiabilidad durante todo el d\u00eda.\" \/>\n<meta property=\"og:url\" content=\"https:\/\/mivoot.com\/gt\/producto\/escaner-de-manos-libres-1d-2d-serie-ds9300-zebra\/\" \/>\n<meta property=\"og:site_name\" content=\"Mivoot\" \/>\n<meta property=\"article:publisher\" content=\"https:\/\/www.facebook.com\/mivootgt\" \/>\n<meta property=\"article:modified_time\" content=\"2023-10-13T00:51:56+00:00\" \/>\n<meta property=\"og:image\" content=\"https:\/\/mivoot.com\/gt\/wp-content\/uploads\/2023\/10\/ZEBRA-5-scaled.jpg\" \/>\n\t<meta property=\"og:image:width\" content=\"2560\" \/>\n\t<meta property=\"og:image:height\" content=\"1707\" \/>\n\t<meta property=\"og:image:type\" content=\"image\/jpeg\" \/>\n<meta name=\"twitter:card\" content=\"summary_large_image\" \/>\n<script type=\"application\/ld+json\" class=\"yoast-schema-graph\">{\"@context\":\"https:\/\/schema.org\",\"@graph\":[{\"@type\":\"WebPage\",\"@id\":\"https:\/\/mivoot.com\/gt\/producto\/escaner-de-manos-libres-1d-2d-serie-ds9300-zebra\/\",\"url\":\"https:\/\/mivoot.com\/gt\/producto\/escaner-de-manos-libres-1d-2d-serie-ds9300-zebra\/\",\"name\":\"Esc\u00e1ner de manos libres 1D\/2D serie DS9300 Zebra - Mivoot\",\"isPartOf\":{\"@id\":\"https:\/\/mivoot.com\/gt\/#website\"},\"primaryImageOfPage\":{\"@id\":\"https:\/\/mivoot.com\/gt\/producto\/escaner-de-manos-libres-1d-2d-serie-ds9300-zebra\/#primaryimage\"},\"image\":{\"@id\":\"https:\/\/mivoot.com\/gt\/producto\/escaner-de-manos-libres-1d-2d-serie-ds9300-zebra\/#primaryimage\"},\"thumbnailUrl\":\"https:\/\/mivoot.com\/gt\/wp-content\/uploads\/2023\/10\/ZEBRA-5-scaled.jpg\",\"datePublished\":\"2023-10-11T01:21:14+00:00\",\"dateModified\":\"2023-10-13T00:51:56+00:00\",\"breadcrumb\":{\"@id\":\"https:\/\/mivoot.com\/gt\/producto\/escaner-de-manos-libres-1d-2d-serie-ds9300-zebra\/#breadcrumb\"},\"inLanguage\":\"es\",\"potentialAction\":[{\"@type\":\"ReadAction\",\"target\":[\"https:\/\/mivoot.com\/gt\/producto\/escaner-de-manos-libres-1d-2d-serie-ds9300-zebra\/\"]}]},{\"@type\":\"ImageObject\",\"inLanguage\":\"es\",\"@id\":\"https:\/\/mivoot.com\/gt\/producto\/escaner-de-manos-libres-1d-2d-serie-ds9300-zebra\/#primaryimage\",\"url\":\"https:\/\/mivoot.com\/gt\/wp-content\/uploads\/2023\/10\/ZEBRA-5-scaled.jpg\",\"contentUrl\":\"https:\/\/mivoot.com\/gt\/wp-content\/uploads\/2023\/10\/ZEBRA-5-scaled.jpg\",\"width\":2560,\"height\":1707},{\"@type\":\"BreadcrumbList\",\"@id\":\"https:\/\/mivoot.com\/gt\/producto\/escaner-de-manos-libres-1d-2d-serie-ds9300-zebra\/#breadcrumb\",\"itemListElement\":[{\"@type\":\"ListItem\",\"position\":1,\"name\":\"Inicio\",\"item\":\"https:\/\/mivoot.com\/gt\/\"},{\"@type\":\"ListItem\",\"position\":2,\"name\":\"Productos\",\"item\":\"https:\/\/mivoot.com\/gt\/producto\/\"},{\"@type\":\"ListItem\",\"position\":3,\"name\":\"Zebra\",\"item\":\"https:\/\/mivoot.com\/gt\/marca\/zebra\/\"},{\"@type\":\"ListItem\",\"position\":4,\"name\":\"Esc\u00e1ner de manos libres 1D\/2D serie DS9300 Zebra\"}]},{\"@type\":\"WebSite\",\"@id\":\"https:\/\/mivoot.com\/gt\/#website\",\"url\":\"https:\/\/mivoot.com\/gt\/\",\"name\":\"Mivoot\",\"description\":\"Mivoot Guatemala | Tienda Online\",\"publisher\":{\"@id\":\"https:\/\/mivoot.com\/gt\/#organization\"},\"alternateName\":\"mivoot\",\"potentialAction\":[{\"@type\":\"SearchAction\",\"target\":{\"@type\":\"EntryPoint\",\"urlTemplate\":\"https:\/\/mivoot.com\/gt\/?s={search_term_string}\"},\"query-input\":{\"@type\":\"PropertyValueSpecification\",\"valueRequired\":true,\"valueName\":\"search_term_string\"}}],\"inLanguage\":\"es\"},{\"@type\":\"Organization\",\"@id\":\"https:\/\/mivoot.com\/gt\/#organization\",\"name\":\"Mivoot Guatemala\",\"alternateName\":\"mivoot.com\",\"url\":\"https:\/\/mivoot.com\/gt\/\",\"logo\":{\"@type\":\"ImageObject\",\"inLanguage\":\"es\",\"@id\":\"https:\/\/mivoot.com\/gt\/#\/schema\/logo\/image\/\",\"url\":\"https:\/\/mivoot.com\/gt\/wp-content\/uploads\/2023\/03\/cropped-icon.png\",\"contentUrl\":\"https:\/\/mivoot.com\/gt\/wp-content\/uploads\/2023\/03\/cropped-icon.png\",\"width\":512,\"height\":512,\"caption\":\"Mivoot Guatemala\"},\"image\":{\"@id\":\"https:\/\/mivoot.com\/gt\/#\/schema\/logo\/image\/\"},\"sameAs\":[\"https:\/\/www.facebook.com\/mivootgt\",\"https:\/\/instagram.com\/mivoot\"]}]}<\/script>\n<!-- \/ Yoast SEO Premium plugin. -->","yoast_head_json":{"title":"Esc\u00e1ner de manos libres 1D\/2D serie DS9300 Zebra - Mivoot","robots":{"index":"index","follow":"follow","max-snippet":"max-snippet:-1","max-image-preview":"max-image-preview:large","max-video-preview":"max-video-preview:-1"},"canonical":"https:\/\/mivoot.com\/gt\/producto\/escaner-de-manos-libres-1d-2d-serie-ds9300-zebra\/","og_locale":"es_ES","og_type":"article","og_title":"Esc\u00e1ner de manos libres 1D\/2D serie DS9300 Zebra","og_description":"Ofrece un factor de forma que se adapta a cualquier lugar junto con una est\u00e9tica elegante  Desde tiendas de conveniencia y farmacias hasta restaurantes de servicio r\u00e1pido y otros entornos minoristas, el espacio en los mostradores es limitado, los golpes y derrames pueden ser algo cotidiano y la necesidad de una alta satisfacci\u00f3n del cliente siempre es fundamental.\u00a0Presentamos la serie DS9300, el esc\u00e1ner de presentaci\u00f3n que cabe en cualquier lugar, escanea todo y est\u00e1 dise\u00f1ado para brindar confiabilidad durante todo el d\u00eda.","og_url":"https:\/\/mivoot.com\/gt\/producto\/escaner-de-manos-libres-1d-2d-serie-ds9300-zebra\/","og_site_name":"Mivoot","article_publisher":"https:\/\/www.facebook.com\/mivootgt","article_modified_time":"2023-10-13T00:51:56+00:00","og_image":[{"width":2560,"height":1707,"url":"https:\/\/mivoot.com\/gt\/wp-content\/uploads\/2023\/10\/ZEBRA-5-scaled.jpg","type":"image\/jpeg"}],"twitter_card":"summary_large_image","schema":{"@context":"https:\/\/schema.org","@graph":[{"@type":"WebPage","@id":"https:\/\/mivoot.com\/gt\/producto\/escaner-de-manos-libres-1d-2d-serie-ds9300-zebra\/","url":"https:\/\/mivoot.com\/gt\/producto\/escaner-de-manos-libres-1d-2d-serie-ds9300-zebra\/","name":"Esc\u00e1ner de manos libres 1D\/2D serie DS9300 Zebra - Mivoot","isPartOf":{"@id":"https:\/\/mivoot.com\/gt\/#website"},"primaryImageOfPage":{"@id":"https:\/\/mivoot.com\/gt\/producto\/escaner-de-manos-libres-1d-2d-serie-ds9300-zebra\/#primaryimage"},"image":{"@id":"https:\/\/mivoot.com\/gt\/producto\/escaner-de-manos-libres-1d-2d-serie-ds9300-zebra\/#primaryimage"},"thumbnailUrl":"https:\/\/mivoot.com\/gt\/wp-content\/uploads\/2023\/10\/ZEBRA-5-scaled.jpg","datePublished":"2023-10-11T01:21:14+00:00","dateModified":"2023-10-13T00:51:56+00:00","breadcrumb":{"@id":"https:\/\/mivoot.com\/gt\/producto\/escaner-de-manos-libres-1d-2d-serie-ds9300-zebra\/#breadcrumb"},"inLanguage":"es","potentialAction":[{"@type":"ReadAction","target":["https:\/\/mivoot.com\/gt\/producto\/escaner-de-manos-libres-1d-2d-serie-ds9300-zebra\/"]}]},{"@type":"ImageObject","inLanguage":"es","@id":"https:\/\/mivoot.com\/gt\/producto\/escaner-de-manos-libres-1d-2d-serie-ds9300-zebra\/#primaryimage","url":"https:\/\/mivoot.com\/gt\/wp-content\/uploads\/2023\/10\/ZEBRA-5-scaled.jpg","contentUrl":"https:\/\/mivoot.com\/gt\/wp-content\/uploads\/2023\/10\/ZEBRA-5-scaled.jpg","width":2560,"height":1707},{"@type":"BreadcrumbList","@id":"https:\/\/mivoot.com\/gt\/producto\/escaner-de-manos-libres-1d-2d-serie-ds9300-zebra\/#breadcrumb","itemListElement":[{"@type":"ListItem","position":1,"name":"Inicio","item":"https:\/\/mivoot.com\/gt\/"},{"@type":"ListItem","position":2,"name":"Productos","item":"https:\/\/mivoot.com\/gt\/producto\/"},{"@type":"ListItem","position":3,"name":"Zebra","item":"https:\/\/mivoot.com\/gt\/marca\/zebra\/"},{"@type":"ListItem","position":4,"name":"Esc\u00e1ner de manos libres 1D\/2D serie DS9300 Zebra"}]},{"@type":"WebSite","@id":"https:\/\/mivoot.com\/gt\/#website","url":"https:\/\/mivoot.com\/gt\/","name":"Mivoot","description":"Mivoot Guatemala | Tienda Online","publisher":{"@id":"https:\/\/mivoot.com\/gt\/#organization"},"alternateName":"mivoot","potentialAction":[{"@type":"SearchAction","target":{"@type":"EntryPoint","urlTemplate":"https:\/\/mivoot.com\/gt\/?s={search_term_string}"},"query-input":{"@type":"PropertyValueSpecification","valueRequired":true,"valueName":"search_term_string"}}],"inLanguage":"es"},{"@type":"Organization","@id":"https:\/\/mivoot.com\/gt\/#organization","name":"Mivoot Guatemala","alternateName":"mivoot.com","url":"https:\/\/mivoot.com\/gt\/","logo":{"@type":"ImageObject","inLanguage":"es","@id":"https:\/\/mivoot.com\/gt\/#\/schema\/logo\/image\/","url":"https:\/\/mivoot.com\/gt\/wp-content\/uploads\/2023\/03\/cropped-icon.png","contentUrl":"https:\/\/mivoot.com\/gt\/wp-content\/uploads\/2023\/03\/cropped-icon.png","width":512,"height":512,"caption":"Mivoot Guatemala"},"image":{"@id":"https:\/\/mivoot.com\/gt\/#\/schema\/logo\/image\/"},"sameAs":["https:\/\/www.facebook.com\/mivootgt","https:\/\/instagram.com\/mivoot"]}]}},"jetpack_publicize_connections":[],"jetpack_sharing_enabled":true,"brands":[{"id":189,"name":"Zebra","slug":"zebra"}],"_links":{"self":[{"href":"https:\/\/mivoot.com\/gt\/wp-json\/wp\/v2\/product\/16347","targetHints":{"allow":["GET"]}}],"collection":[{"href":"https:\/\/mivoot.com\/gt\/wp-json\/wp\/v2\/product"}],"about":[{"href":"https:\/\/mivoot.com\/gt\/wp-json\/wp\/v2\/types\/product"}],"replies":[{"embeddable":true,"href":"https:\/\/mivoot.com\/gt\/wp-json\/wp\/v2\/comments?post=16347"}],"version-history":[{"count":5,"href":"https:\/\/mivoot.com\/gt\/wp-json\/wp\/v2\/product\/16347\/revisions"}],"predecessor-version":[{"id":16384,"href":"https:\/\/mivoot.com\/gt\/wp-json\/wp\/v2\/product\/16347\/revisions\/16384"}],"wp:featuredmedia":[{"embeddable":true,"href":"https:\/\/mivoot.com\/gt\/wp-json\/wp\/v2\/media\/16361"}],"wp:attachment":[{"href":"https:\/\/mivoot.com\/gt\/wp-json\/wp\/v2\/media?parent=16347"}],"wp:term":[{"taxonomy":"pwb-brand","embeddable":true,"href":"https:\/\/mivoot.com\/gt\/wp-json\/wp\/v2\/pwb-brand?post=16347"},{"taxonomy":"product_brand","embeddable":true,"href":"https:\/\/mivoot.com\/gt\/wp-json\/wp\/v2\/product_brand?post=16347"},{"taxonomy":"product_cat","embeddable":true,"href":"https:\/\/mivoot.com\/gt\/wp-json\/wp\/v2\/product_cat?post=16347"},{"taxonomy":"product_tag","embeddable":true,"href":"https:\/\/mivoot.com\/gt\/wp-json\/wp\/v2\/product_tag?post=16347"}],"curies":[{"name":"wp","href":"https:\/\/api.w.org\/{rel}","templated":true}]}}