{"id":16498,"date":"2023-10-12T19:36:36","date_gmt":"2023-10-13T01:36:36","guid":{"rendered":"https:\/\/mivoot.com\/gt\/?post_type=product&#038;p=16498"},"modified":"2024-08-13T16:54:20","modified_gmt":"2024-08-13T22:54:20","slug":"pantalla-de-proyeccion-86-con-tripode-marco-negro-klip-xtreme","status":"publish","type":"product","link":"https:\/\/mivoot.com\/gt\/producto\/pantalla-de-proyeccion-86-con-tripode-marco-negro-klip-xtreme\/","title":{"rendered":"Pantalla de Proyecci\u00f3n 86&#8243; con Tr\u00edpode marco Negro Klip Xtreme"},"content":{"rendered":"<div>\n<h2>Expande tu capacidad de exposici\u00f3n<\/h2>\n<\/div>\n<p>Esta pantalla de proyecci\u00f3n KPS-102B es ideal para usar en aulas, auditorios o salas de conferencia. Su resistente plataforma estilo tr\u00edpode la hace extremadamente port\u00e1til, ya que puede armarse en solo minutos y se pliega f\u00e1cilmente cuando no se utiliza. Su acabado mate evita que el brillo y el reflejo dificulten la visi\u00f3n. Disponible con la cubierta en color Negro.<\/p>\n<ul>\n<li>Disponible con la cubierta en color Negro<\/li>\n<li>Pantalla de color blanco mate<\/li>\n<li>Grosor de la pantalla: 0,42mm +\/-0,03in<\/li>\n<\/ul>\n<div class=\"row\"  id=\"row-1015643395\">\n\n\t<div id=\"col-352692764\" class=\"col medium-1\/3 large-4\"  >\n\t\t<div class=\"col-inner\"  >\n\t\t\t\n\t\t\t\n<img decoding=\"async\" class=\"m-auto\" src=\"https:\/\/klip-xtreme-frontend.s3.amazonaws.com\/media\/img\/Icon-portable-tripod.png\" \/><\/p>\n<p class=\"product-banner-subtitle mb-0\">Dise\u00f1o port\u00e1til y tr\u00edpode<\/p>\n\t\t<\/div>\n\t\t\t<\/div>\n\n\t\n\n\t<div id=\"col-1959544025\" class=\"col medium-1\/3 large-4\"  >\n\t\t<div class=\"col-inner\"  >\n\t\t\t\n\t\t\t\n<img decoding=\"async\" class=\"m-auto\" src=\"https:\/\/klip-xtreme-frontend.s3.amazonaws.com\/media\/img\/Icon-Max-screen-size.png\" \/><\/p>\n<p class=\"product-banner-subtitle mb-0\">Tama\u00f1o m\u00e1x. de la pantalla<\/p>\n<p>(diagonal) 2,19m<\/p>\n\t\t<\/div>\n\t\t\t<\/div>\n\n\t\n\n\t<div id=\"col-458537919\" class=\"col medium-1\/3 large-4\"  >\n\t\t<div class=\"col-inner\"  >\n\t\t\t\n\t\t\t\n<img decoding=\"async\" class=\"m-auto\" src=\"https:\/\/klip-xtreme-frontend.s3.amazonaws.com\/media\/img\/Icon-4-3-aspect-ratio.png\" \/><\/p>\n<p class=\"product-banner-subtitle mb-0\">Relaci\u00f3n de aspecto 4:3<\/p>\n\t\t<\/div>\n\t\t\t<\/div>\n\n\t\n<\/div>\n<p>&nbsp;<\/p>\n<p><img fetchpriority=\"high\" decoding=\"async\" class=\"alignnone size-full wp-image-16502\" src=\"https:\/\/mivoot.com\/gt\/wp-content\/uploads\/2023\/10\/KPS-102-imgico-2.jpg\" alt=\"\" width=\"800\" height=\"800\" srcset=\"https:\/\/mivoot.com\/gt\/wp-content\/uploads\/2023\/10\/KPS-102-imgico-2.jpg 800w, https:\/\/mivoot.com\/gt\/wp-content\/uploads\/2023\/10\/KPS-102-imgico-2-250x250.jpg 250w, https:\/\/mivoot.com\/gt\/wp-content\/uploads\/2023\/10\/KPS-102-imgico-2-100x100.jpg 100w, https:\/\/mivoot.com\/gt\/wp-content\/uploads\/2023\/10\/KPS-102-imgico-2-410x410.jpg 410w, https:\/\/mivoot.com\/gt\/wp-content\/uploads\/2023\/10\/KPS-102-imgico-2-64x64.jpg 64w, https:\/\/mivoot.com\/gt\/wp-content\/uploads\/2023\/10\/KPS-102-imgico-2-300x300.jpg 300w, https:\/\/mivoot.com\/gt\/wp-content\/uploads\/2023\/10\/KPS-102-imgico-2-150x150.jpg 150w, https:\/\/mivoot.com\/gt\/wp-content\/uploads\/2023\/10\/KPS-102-imgico-2-768x768.jpg 768w, https:\/\/mivoot.com\/gt\/wp-content\/uploads\/2023\/10\/KPS-102-imgico-2-600x600.jpg 600w, https:\/\/mivoot.com\/gt\/wp-content\/uploads\/2023\/10\/KPS-102-imgico-2-50x50.jpg 50w\" sizes=\"(max-width: 800px) 100vw, 800px\" \/><\/p>\n","protected":false},"excerpt":{"rendered":"<p>&#8211; Color: Negro<br \/>\n&#8211; Pantalla blanca mate<br \/>\n&#8211; Tama\u00f1o de la pantalla (Diagonal): 2,19m<br \/>\n&#8211; Dimensiones: 67,7inx51,2in\/1,72&#215;1,30m<br \/>\n&#8211; Peso: 9,5kg<br \/>\n&#8211; Relaci\u00f3n de aspecto: 4:3<\/p>\n","protected":false},"featured_media":16505,"comment_status":"open","ping_status":"closed","template":"","meta":{"jetpack_publicize_message":"","jetpack_publicize_feature_enabled":true,"jetpack_social_post_already_shared":true,"jetpack_social_options":{"image_generator_settings":{"template":"highway","default_image_id":0,"font":"","enabled":false},"version":2}},"pwb-brand":[79],"product_brand":[],"product_cat":[473],"product_tag":[],"class_list":{"0":"post-16498","1":"product","2":"type-product","3":"status-publish","4":"has-post-thumbnail","6":"pwb-brand-klip-xtreme","7":"product_cat-pantallas-de-proyeccion","9":"first","10":"instock","11":"taxable","12":"shipping-taxable","13":"purchasable","14":"product-type-simple"},"yoast_head":"<!-- This site is optimized with the Yoast SEO Premium plugin v25.7.1 (Yoast SEO v26.8) - https:\/\/yoast.com\/product\/yoast-seo-premium-wordpress\/ -->\n<title>Pantalla de Proyecci\u00f3n 86&quot; con Tr\u00edpode marco Negro Klip Xtreme - Mivoot<\/title>\n<meta name=\"robots\" content=\"index, follow, max-snippet:-1, max-image-preview:large, max-video-preview:-1\" \/>\n<link rel=\"canonical\" href=\"https:\/\/mivoot.com\/gt\/producto\/pantalla-de-proyeccion-86-con-tripode-marco-negro-klip-xtreme\/\" \/>\n<meta property=\"og:locale\" content=\"es_ES\" \/>\n<meta property=\"og:type\" content=\"article\" \/>\n<meta property=\"og:title\" content=\"Pantalla de Proyecci\u00f3n 86&quot; con Tr\u00edpode marco Negro Klip Xtreme\" \/>\n<meta property=\"og:description\" content=\"- Color: Negro - Pantalla blanca mate - Tama\u00f1o de la pantalla (Diagonal): 2,19m - Dimensiones: 67,7inx51,2in\/1,72x1,30m - Peso: 9,5kg - Relaci\u00f3n de aspecto: 4:3\" \/>\n<meta property=\"og:url\" content=\"https:\/\/mivoot.com\/gt\/producto\/pantalla-de-proyeccion-86-con-tripode-marco-negro-klip-xtreme\/\" \/>\n<meta property=\"og:site_name\" content=\"Mivoot\" \/>\n<meta property=\"article:publisher\" content=\"https:\/\/www.facebook.com\/mivootgt\" \/>\n<meta property=\"article:modified_time\" content=\"2024-08-13T22:54:20+00:00\" \/>\n<meta property=\"og:image\" content=\"https:\/\/mivoot.com\/gt\/wp-content\/uploads\/2023\/10\/KPS-102x1-768x768-1.jpg\" \/>\n\t<meta property=\"og:image:width\" content=\"768\" \/>\n\t<meta property=\"og:image:height\" content=\"768\" \/>\n\t<meta property=\"og:image:type\" content=\"image\/jpeg\" \/>\n<meta name=\"twitter:card\" content=\"summary_large_image\" \/>\n<meta name=\"twitter:label1\" content=\"Est. reading time\" \/>\n\t<meta name=\"twitter:data1\" content=\"2 minutos\" \/>\n<script type=\"application\/ld+json\" class=\"yoast-schema-graph\">{\"@context\":\"https:\/\/schema.org\",\"@graph\":[{\"@type\":\"WebPage\",\"@id\":\"https:\/\/mivoot.com\/gt\/producto\/pantalla-de-proyeccion-86-con-tripode-marco-negro-klip-xtreme\/\",\"url\":\"https:\/\/mivoot.com\/gt\/producto\/pantalla-de-proyeccion-86-con-tripode-marco-negro-klip-xtreme\/\",\"name\":\"Pantalla de Proyecci\u00f3n 86\\\" con Tr\u00edpode marco Negro Klip Xtreme - Mivoot\",\"isPartOf\":{\"@id\":\"https:\/\/mivoot.com\/gt\/#website\"},\"primaryImageOfPage\":{\"@id\":\"https:\/\/mivoot.com\/gt\/producto\/pantalla-de-proyeccion-86-con-tripode-marco-negro-klip-xtreme\/#primaryimage\"},\"image\":{\"@id\":\"https:\/\/mivoot.com\/gt\/producto\/pantalla-de-proyeccion-86-con-tripode-marco-negro-klip-xtreme\/#primaryimage\"},\"thumbnailUrl\":\"https:\/\/mivoot.com\/gt\/wp-content\/uploads\/2023\/10\/KPS-102x1-768x768-1.jpg\",\"datePublished\":\"2023-10-13T01:36:36+00:00\",\"dateModified\":\"2024-08-13T22:54:20+00:00\",\"breadcrumb\":{\"@id\":\"https:\/\/mivoot.com\/gt\/producto\/pantalla-de-proyeccion-86-con-tripode-marco-negro-klip-xtreme\/#breadcrumb\"},\"inLanguage\":\"es\",\"potentialAction\":[{\"@type\":\"ReadAction\",\"target\":[\"https:\/\/mivoot.com\/gt\/producto\/pantalla-de-proyeccion-86-con-tripode-marco-negro-klip-xtreme\/\"]}]},{\"@type\":\"ImageObject\",\"inLanguage\":\"es\",\"@id\":\"https:\/\/mivoot.com\/gt\/producto\/pantalla-de-proyeccion-86-con-tripode-marco-negro-klip-xtreme\/#primaryimage\",\"url\":\"https:\/\/mivoot.com\/gt\/wp-content\/uploads\/2023\/10\/KPS-102x1-768x768-1.jpg\",\"contentUrl\":\"https:\/\/mivoot.com\/gt\/wp-content\/uploads\/2023\/10\/KPS-102x1-768x768-1.jpg\",\"width\":768,\"height\":768},{\"@type\":\"BreadcrumbList\",\"@id\":\"https:\/\/mivoot.com\/gt\/producto\/pantalla-de-proyeccion-86-con-tripode-marco-negro-klip-xtreme\/#breadcrumb\",\"itemListElement\":[{\"@type\":\"ListItem\",\"position\":1,\"name\":\"Inicio\",\"item\":\"https:\/\/mivoot.com\/gt\/\"},{\"@type\":\"ListItem\",\"position\":2,\"name\":\"Productos\",\"item\":\"https:\/\/mivoot.com\/gt\/producto\/\"},{\"@type\":\"ListItem\",\"position\":3,\"name\":\"Klip Xtreme\",\"item\":\"https:\/\/mivoot.com\/gt\/marca\/klip-xtreme\/\"},{\"@type\":\"ListItem\",\"position\":4,\"name\":\"Pantalla de Proyecci\u00f3n 86&#8243; con Tr\u00edpode marco Negro Klip Xtreme\"}]},{\"@type\":\"WebSite\",\"@id\":\"https:\/\/mivoot.com\/gt\/#website\",\"url\":\"https:\/\/mivoot.com\/gt\/\",\"name\":\"Mivoot\",\"description\":\"Mivoot Guatemala | Tienda Online\",\"publisher\":{\"@id\":\"https:\/\/mivoot.com\/gt\/#organization\"},\"alternateName\":\"mivoot\",\"potentialAction\":[{\"@type\":\"SearchAction\",\"target\":{\"@type\":\"EntryPoint\",\"urlTemplate\":\"https:\/\/mivoot.com\/gt\/?s={search_term_string}\"},\"query-input\":{\"@type\":\"PropertyValueSpecification\",\"valueRequired\":true,\"valueName\":\"search_term_string\"}}],\"inLanguage\":\"es\"},{\"@type\":\"Organization\",\"@id\":\"https:\/\/mivoot.com\/gt\/#organization\",\"name\":\"Mivoot Guatemala\",\"alternateName\":\"mivoot.com\",\"url\":\"https:\/\/mivoot.com\/gt\/\",\"logo\":{\"@type\":\"ImageObject\",\"inLanguage\":\"es\",\"@id\":\"https:\/\/mivoot.com\/gt\/#\/schema\/logo\/image\/\",\"url\":\"https:\/\/mivoot.com\/gt\/wp-content\/uploads\/2023\/03\/cropped-icon.png\",\"contentUrl\":\"https:\/\/mivoot.com\/gt\/wp-content\/uploads\/2023\/03\/cropped-icon.png\",\"width\":512,\"height\":512,\"caption\":\"Mivoot Guatemala\"},\"image\":{\"@id\":\"https:\/\/mivoot.com\/gt\/#\/schema\/logo\/image\/\"},\"sameAs\":[\"https:\/\/www.facebook.com\/mivootgt\",\"https:\/\/instagram.com\/mivoot\"]}]}<\/script>\n<!-- \/ Yoast SEO Premium plugin. -->","yoast_head_json":{"title":"Pantalla de Proyecci\u00f3n 86\" con Tr\u00edpode marco Negro Klip Xtreme - Mivoot","robots":{"index":"index","follow":"follow","max-snippet":"max-snippet:-1","max-image-preview":"max-image-preview:large","max-video-preview":"max-video-preview:-1"},"canonical":"https:\/\/mivoot.com\/gt\/producto\/pantalla-de-proyeccion-86-con-tripode-marco-negro-klip-xtreme\/","og_locale":"es_ES","og_type":"article","og_title":"Pantalla de Proyecci\u00f3n 86\" con Tr\u00edpode marco Negro Klip Xtreme","og_description":"- Color: Negro - Pantalla blanca mate - Tama\u00f1o de la pantalla (Diagonal): 2,19m - Dimensiones: 67,7inx51,2in\/1,72x1,30m - Peso: 9,5kg - Relaci\u00f3n de aspecto: 4:3","og_url":"https:\/\/mivoot.com\/gt\/producto\/pantalla-de-proyeccion-86-con-tripode-marco-negro-klip-xtreme\/","og_site_name":"Mivoot","article_publisher":"https:\/\/www.facebook.com\/mivootgt","article_modified_time":"2024-08-13T22:54:20+00:00","og_image":[{"width":768,"height":768,"url":"https:\/\/mivoot.com\/gt\/wp-content\/uploads\/2023\/10\/KPS-102x1-768x768-1.jpg","type":"image\/jpeg"}],"twitter_card":"summary_large_image","twitter_misc":{"Est. reading time":"2 minutos"},"schema":{"@context":"https:\/\/schema.org","@graph":[{"@type":"WebPage","@id":"https:\/\/mivoot.com\/gt\/producto\/pantalla-de-proyeccion-86-con-tripode-marco-negro-klip-xtreme\/","url":"https:\/\/mivoot.com\/gt\/producto\/pantalla-de-proyeccion-86-con-tripode-marco-negro-klip-xtreme\/","name":"Pantalla de Proyecci\u00f3n 86\" con Tr\u00edpode marco Negro Klip Xtreme - Mivoot","isPartOf":{"@id":"https:\/\/mivoot.com\/gt\/#website"},"primaryImageOfPage":{"@id":"https:\/\/mivoot.com\/gt\/producto\/pantalla-de-proyeccion-86-con-tripode-marco-negro-klip-xtreme\/#primaryimage"},"image":{"@id":"https:\/\/mivoot.com\/gt\/producto\/pantalla-de-proyeccion-86-con-tripode-marco-negro-klip-xtreme\/#primaryimage"},"thumbnailUrl":"https:\/\/mivoot.com\/gt\/wp-content\/uploads\/2023\/10\/KPS-102x1-768x768-1.jpg","datePublished":"2023-10-13T01:36:36+00:00","dateModified":"2024-08-13T22:54:20+00:00","breadcrumb":{"@id":"https:\/\/mivoot.com\/gt\/producto\/pantalla-de-proyeccion-86-con-tripode-marco-negro-klip-xtreme\/#breadcrumb"},"inLanguage":"es","potentialAction":[{"@type":"ReadAction","target":["https:\/\/mivoot.com\/gt\/producto\/pantalla-de-proyeccion-86-con-tripode-marco-negro-klip-xtreme\/"]}]},{"@type":"ImageObject","inLanguage":"es","@id":"https:\/\/mivoot.com\/gt\/producto\/pantalla-de-proyeccion-86-con-tripode-marco-negro-klip-xtreme\/#primaryimage","url":"https:\/\/mivoot.com\/gt\/wp-content\/uploads\/2023\/10\/KPS-102x1-768x768-1.jpg","contentUrl":"https:\/\/mivoot.com\/gt\/wp-content\/uploads\/2023\/10\/KPS-102x1-768x768-1.jpg","width":768,"height":768},{"@type":"BreadcrumbList","@id":"https:\/\/mivoot.com\/gt\/producto\/pantalla-de-proyeccion-86-con-tripode-marco-negro-klip-xtreme\/#breadcrumb","itemListElement":[{"@type":"ListItem","position":1,"name":"Inicio","item":"https:\/\/mivoot.com\/gt\/"},{"@type":"ListItem","position":2,"name":"Productos","item":"https:\/\/mivoot.com\/gt\/producto\/"},{"@type":"ListItem","position":3,"name":"Klip Xtreme","item":"https:\/\/mivoot.com\/gt\/marca\/klip-xtreme\/"},{"@type":"ListItem","position":4,"name":"Pantalla de Proyecci\u00f3n 86&#8243; con Tr\u00edpode marco Negro Klip Xtreme"}]},{"@type":"WebSite","@id":"https:\/\/mivoot.com\/gt\/#website","url":"https:\/\/mivoot.com\/gt\/","name":"Mivoot","description":"Mivoot Guatemala | Tienda Online","publisher":{"@id":"https:\/\/mivoot.com\/gt\/#organization"},"alternateName":"mivoot","potentialAction":[{"@type":"SearchAction","target":{"@type":"EntryPoint","urlTemplate":"https:\/\/mivoot.com\/gt\/?s={search_term_string}"},"query-input":{"@type":"PropertyValueSpecification","valueRequired":true,"valueName":"search_term_string"}}],"inLanguage":"es"},{"@type":"Organization","@id":"https:\/\/mivoot.com\/gt\/#organization","name":"Mivoot Guatemala","alternateName":"mivoot.com","url":"https:\/\/mivoot.com\/gt\/","logo":{"@type":"ImageObject","inLanguage":"es","@id":"https:\/\/mivoot.com\/gt\/#\/schema\/logo\/image\/","url":"https:\/\/mivoot.com\/gt\/wp-content\/uploads\/2023\/03\/cropped-icon.png","contentUrl":"https:\/\/mivoot.com\/gt\/wp-content\/uploads\/2023\/03\/cropped-icon.png","width":512,"height":512,"caption":"Mivoot Guatemala"},"image":{"@id":"https:\/\/mivoot.com\/gt\/#\/schema\/logo\/image\/"},"sameAs":["https:\/\/www.facebook.com\/mivootgt","https:\/\/instagram.com\/mivoot"]}]}},"jetpack_publicize_connections":[],"jetpack_sharing_enabled":true,"brands":[{"id":79,"name":"Klip Xtreme","slug":"klip-xtreme"}],"_links":{"self":[{"href":"https:\/\/mivoot.com\/gt\/wp-json\/wp\/v2\/product\/16498","targetHints":{"allow":["GET"]}}],"collection":[{"href":"https:\/\/mivoot.com\/gt\/wp-json\/wp\/v2\/product"}],"about":[{"href":"https:\/\/mivoot.com\/gt\/wp-json\/wp\/v2\/types\/product"}],"replies":[{"embeddable":true,"href":"https:\/\/mivoot.com\/gt\/wp-json\/wp\/v2\/comments?post=16498"}],"version-history":[{"count":1,"href":"https:\/\/mivoot.com\/gt\/wp-json\/wp\/v2\/product\/16498\/revisions"}],"predecessor-version":[{"id":16509,"href":"https:\/\/mivoot.com\/gt\/wp-json\/wp\/v2\/product\/16498\/revisions\/16509"}],"wp:featuredmedia":[{"embeddable":true,"href":"https:\/\/mivoot.com\/gt\/wp-json\/wp\/v2\/media\/16505"}],"wp:attachment":[{"href":"https:\/\/mivoot.com\/gt\/wp-json\/wp\/v2\/media?parent=16498"}],"wp:term":[{"taxonomy":"pwb-brand","embeddable":true,"href":"https:\/\/mivoot.com\/gt\/wp-json\/wp\/v2\/pwb-brand?post=16498"},{"taxonomy":"product_brand","embeddable":true,"href":"https:\/\/mivoot.com\/gt\/wp-json\/wp\/v2\/product_brand?post=16498"},{"taxonomy":"product_cat","embeddable":true,"href":"https:\/\/mivoot.com\/gt\/wp-json\/wp\/v2\/product_cat?post=16498"},{"taxonomy":"product_tag","embeddable":true,"href":"https:\/\/mivoot.com\/gt\/wp-json\/wp\/v2\/product_tag?post=16498"}],"curies":[{"name":"wp","href":"https:\/\/api.w.org\/{rel}","templated":true}]}}