{"id":16585,"date":"2023-10-14T21:33:49","date_gmt":"2023-10-15T03:33:49","guid":{"rendered":"https:\/\/mivoot.com\/gt\/?post_type=product&#038;p=16585"},"modified":"2023-10-14T21:50:19","modified_gmt":"2023-10-15T03:50:19","slug":"silla-gaming-fusion-s-negro-naranja-cougar","status":"publish","type":"product","link":"https:\/\/mivoot.com\/gt\/producto\/silla-gaming-fusion-s-negro-naranja-cougar\/","title":{"rendered":"Silla Gaming Fusion S Negro Naranja Cougar"},"content":{"rendered":"<div class=\"elementor-element elementor-element-b86ffa9 elementor-widget elementor-widget-heading\" data-id=\"b86ffa9\" data-element_type=\"widget\" data-widget_type=\"heading.default\">\n<div class=\"elementor-widget-container\">\n<h1 class=\"elementor-heading-title elementor-size-xxl\">FUSI\u00d3N S<\/h1>\n<\/div>\n<\/div>\n<div class=\"elementor-element elementor-element-e171bb5 elementor-widget elementor-widget-heading\" data-id=\"e171bb5\" data-element_type=\"widget\" data-widget_type=\"heading.default\">\n<div class=\"elementor-widget-container\">\n<h3 class=\"elementor-heading-title elementor-size-large\">C\u00f3moda silla para juegos multiusos<\/h3>\n<\/div>\n<\/div>\n<div class=\"elementor-element elementor-element-dec571a elementor-widget elementor-widget-text-editor\" data-id=\"dec571a\" data-element_type=\"widget\" data-widget_type=\"text-editor.default\">\n<div class=\"elementor-widget-container\">\n<div class=\"elementor-text-editor elementor-clearfix\">FUSION S est\u00e1 dise\u00f1ado con un tama\u00f1o mediano, ergonom\u00eda y estilo de juego para brindarte una experiencia c\u00f3moda en el juego y el trabajo. Mejore la productividad durante el d\u00eda y aumente el poder de batalla durante la noche. \u00a1Es una silla excelente para diferentes prop\u00f3sitos!<\/div>\n<\/div>\n<h3>Soporte lumbar curvo 3D incorporado<\/h3>\n<p>Con soporte lumbar curvo 3D incorporado, FUSION S mejora el soporte de la parte baja de la espalda para ayudar a que su espalda se sienta mejor y mantenga una postura c\u00f3moda.<\/p>\n<h3>Coj\u00edn de asiento de espuma multidensidad<\/h3>\n<p>El coj\u00edn del asiento est\u00e1 meticulosamente elaborado con espuma de densidad m\u00faltiple para crear una textura suave y duradera. Alivie las molestias derivadas de estar sentado durante largos per\u00edodos y disfrute de una experiencia c\u00f3moda durante sus juegos y trabajo.<\/p>\n<h3>Durable y texturizado<\/h3>\n<p>FUSION S viene en dos opciones de tela: piel sint\u00e9tica de PVC que no da\u00f1a la piel y tela tejida altamente transpirable.\u00a0Ambos son duraderos y texturizados.<\/p>\n<\/div>\n<div class=\"elementor-element elementor-element-2f6042e elementor-widget elementor-widget-heading\" data-id=\"2f6042e\" data-element_type=\"widget\" data-widget_type=\"heading.default\">\n<div class=\"elementor-widget-container\">\n<div class=\"row\"  id=\"row-1493588138\">\n\n\t<div id=\"col-141011370\" class=\"col medium-1\/3 large-4\"  >\n\t\t<div class=\"col-inner\"  >\n\t\t\t\n\t\t\t\n<div class=\"elementor-element elementor-element-471e5d8 elementor-widget elementor-widget-image\" data-id=\"471e5d8\" data-element_type=\"widget\" data-widget_type=\"image.default\">\n<div class=\"elementor-widget-container\">\n<div class=\"elementor-image\"><img fetchpriority=\"high\" decoding=\"async\" class=\"attachment-large size-large wp-image-133936\" src=\"https:\/\/cougargaming.com\/_cgrwdr_\/wwdpp\/wp-content\/uploads\/2023\/04\/fusion-s-product-section-03.png\" sizes=\"(max-width: 797px) 100vw, 797px\" srcset=\"https:\/\/cougargaming.com\/_cgrwdr_\/wwdpp\/wp-content\/uploads\/2023\/04\/fusion-s-product-section-03.png 797w, https:\/\/cougargaming.com\/_cgrwdr_\/wwdpp\/wp-content\/uploads\/2023\/04\/fusion-s-product-section-03-300x218.png 300w, https:\/\/cougargaming.com\/_cgrwdr_\/wwdpp\/wp-content\/uploads\/2023\/04\/fusion-s-product-section-03-150x109.png 150w, https:\/\/cougargaming.com\/_cgrwdr_\/wwdpp\/wp-content\/uploads\/2023\/04\/fusion-s-product-section-03-768x557.png 768w\" alt=\"\" width=\"797\" height=\"578\" \/><\/div>\n<\/div>\n<\/div>\n<div class=\"elementor-element elementor-element-8ba080a elementor-widget elementor-widget-heading\" data-id=\"8ba080a\" data-element_type=\"widget\" data-widget_type=\"heading.default\">\n<div class=\"elementor-widget-container\">\n<p class=\"elementor-heading-title elementor-size-default\">Reclinar hasta 130\u00ba<\/p>\n<\/div>\n<\/div>\n<div class=\"elementor-element elementor-element-ae1da1f elementor-widget elementor-widget-heading\" data-id=\"ae1da1f\" data-element_type=\"widget\" data-widget_type=\"heading.default\">\n<div class=\"elementor-widget-container\">\n<p class=\"elementor-heading-title elementor-size-default\">Recl\u00ednese entre 90 y 130 grados.\u00a0Es flexible y conveniente para mantener la postura que desees.\u00a0Mant\u00e9ngase derecho mientras trabaja o juega y acu\u00e9stese para descansar.<\/p>\n<\/div>\n<\/div>\n\t\t<\/div>\n\t\t\t<\/div>\n\n\t\n\n\t<div id=\"col-1432606341\" class=\"col medium-1\/3 large-4\"  >\n\t\t<div class=\"col-inner\"  >\n\t\t\t\n\t\t\t\n<div class=\"elementor-element elementor-element-8627358 elementor-widget elementor-widget-image\" data-id=\"8627358\" data-element_type=\"widget\" data-widget_type=\"image.default\">\n<div class=\"elementor-widget-container\">\n<div class=\"elementor-image\"><img decoding=\"async\" class=\"attachment-large size-large wp-image-120272\" src=\"https:\/\/cougargaming.com\/_cgrwdr_\/wwdpp\/wp-content\/uploads\/2022\/11\/fusion-s-product-section-05.png\" sizes=\"(max-width: 797px) 100vw, 797px\" srcset=\"https:\/\/cougargaming.com\/_cgrwdr_\/wwdpp\/wp-content\/uploads\/2022\/11\/fusion-s-product-section-05.png 797w, https:\/\/cougargaming.com\/_cgrwdr_\/wwdpp\/wp-content\/uploads\/2022\/11\/fusion-s-product-section-05-300x218.png 300w, https:\/\/cougargaming.com\/_cgrwdr_\/wwdpp\/wp-content\/uploads\/2022\/11\/fusion-s-product-section-05-150x109.png 150w, https:\/\/cougargaming.com\/_cgrwdr_\/wwdpp\/wp-content\/uploads\/2022\/11\/fusion-s-product-section-05-768x557.png 768w\" alt=\"\" width=\"797\" height=\"578\" \/><\/div>\n<\/div>\n<\/div>\n<div class=\"elementor-element elementor-element-a7675e3 elementor-widget elementor-widget-heading\" data-id=\"a7675e3\" data-element_type=\"widget\" data-widget_type=\"heading.default\">\n<div class=\"elementor-widget-container\">\n<p class=\"elementor-heading-title elementor-size-default\">Reclinado continuo<\/p>\n<\/div>\n<\/div>\n<div class=\"elementor-element elementor-element-83b6b08 elementor-widget elementor-widget-heading\" data-id=\"83b6b08\" data-element_type=\"widget\" data-widget_type=\"heading.default\">\n<div class=\"elementor-widget-container\">\n<p class=\"elementor-heading-title elementor-size-default\">Si\u00e9ntase libre de reclinar su silla en el \u00e1ngulo que prefiera sin restricciones para lograr la mejor postura.<\/p>\n<\/div>\n<\/div>\n\t\t<\/div>\n\t\t\t<\/div>\n\n\t\n\n\t<div id=\"col-80910181\" class=\"col medium-1\/3 large-4\"  >\n\t\t<div class=\"col-inner\"  >\n\t\t\t\n\t\t\t\n<div class=\"elementor-element elementor-element-09e54fa elementor-widget elementor-widget-image\" data-id=\"09e54fa\" data-element_type=\"widget\" data-widget_type=\"image.default\">\n<div class=\"elementor-widget-container\">\n<div class=\"elementor-image\"><img decoding=\"async\" class=\"attachment-large size-large wp-image-120270 lazy-load-active\" src=\"https:\/\/cougargaming.com\/_cgrwdr_\/wwdpp\/wp-content\/uploads\/2022\/11\/fusion-s-product-section-04.png\" sizes=\"(max-width: 797px) 100vw, 797px\" srcset=\"https:\/\/cougargaming.com\/_cgrwdr_\/wwdpp\/wp-content\/uploads\/2022\/11\/fusion-s-product-section-04.png 797w, https:\/\/cougargaming.com\/_cgrwdr_\/wwdpp\/wp-content\/uploads\/2022\/11\/fusion-s-product-section-04-300x218.png 300w, https:\/\/cougargaming.com\/_cgrwdr_\/wwdpp\/wp-content\/uploads\/2022\/11\/fusion-s-product-section-04-150x109.png 150w, https:\/\/cougargaming.com\/_cgrwdr_\/wwdpp\/wp-content\/uploads\/2022\/11\/fusion-s-product-section-04-768x557.png 768w\" alt=\"\" width=\"797\" height=\"578\" data-src=\"https:\/\/cougargaming.com\/_cgrwdr_\/wwdpp\/wp-content\/uploads\/2022\/11\/fusion-s-product-section-04.png\" data-srcset=\"https:\/\/cougargaming.com\/_cgrwdr_\/wwdpp\/wp-content\/uploads\/2022\/11\/fusion-s-product-section-04.png 797w, https:\/\/cougargaming.com\/_cgrwdr_\/wwdpp\/wp-content\/uploads\/2022\/11\/fusion-s-product-section-04-300x218.png 300w, https:\/\/cougargaming.com\/_cgrwdr_\/wwdpp\/wp-content\/uploads\/2022\/11\/fusion-s-product-section-04-150x109.png 150w, https:\/\/cougargaming.com\/_cgrwdr_\/wwdpp\/wp-content\/uploads\/2022\/11\/fusion-s-product-section-04-768x557.png 768w\" \/><\/div>\n<\/div>\n<\/div>\n<div class=\"elementor-element elementor-element-05eae05 elementor-widget elementor-widget-heading\" data-id=\"05eae05\" data-element_type=\"widget\" data-widget_type=\"heading.default\">\n<div class=\"elementor-widget-container\">\n<h5 class=\"elementor-heading-title elementor-size-default\">Ajuste de altura de elevaci\u00f3n del pist\u00f3n<\/h5>\n<\/div>\n<\/div>\n<div class=\"elementor-element elementor-element-2f6042e elementor-widget elementor-widget-heading\" data-id=\"2f6042e\" data-element_type=\"widget\" data-widget_type=\"heading.default\">\n<div class=\"elementor-widget-container\">\n<h5 class=\"elementor-heading-title elementor-size-default\">Ajuste f\u00e1cilmente la altura del Fusion S con el elevador de pist\u00f3n de alta calidad.<\/h5>\n<\/div>\n<\/div>\n\t\t<\/div>\n\t\t\t<\/div>\n\n\t\n<\/div>\n<\/div>\n<\/div>\n<p><span style=\"font-size: 20.16px; color: #333333;\">M\u00e1xima calidad: cilindro de elevaci\u00f3n de gas clase 4<\/span><\/p>\n<section class=\"elementor-section elementor-top-section elementor-element elementor-element-cbf3068 elementor-section-stretched elementor-section-boxed elementor-section-height-default elementor-section-height-default\" data-id=\"cbf3068\" data-element_type=\"section\" data-settings=\"{&quot;stretch_section&quot;:&quot;section-stretched&quot;,&quot;background_background&quot;:&quot;classic&quot;}\">\n<div class=\"elementor-container elementor-column-gap-default\">\n<div class=\"elementor-row\">\n<div class=\"elementor-column elementor-col-100 elementor-top-column elementor-element elementor-element-f745ff0\" data-id=\"f745ff0\" data-element_type=\"column\">\n<div class=\"elementor-column-wrap elementor-element-populated\">\n<div class=\"elementor-widget-wrap\">\n<div class=\"elementor-element elementor-element-fe46088 elementor-widget elementor-widget-text-editor\" data-id=\"fe46088\" data-element_type=\"widget\" data-widget_type=\"text-editor.default\">\n<div class=\"elementor-widget-container\">\n<p class=\"elementor-text-editor elementor-clearfix\">El cilindro de elevaci\u00f3n de gas se encuentra en el centro de la silla.\u00a0FUSION S est\u00e1 equipado con un cilindro de elevaci\u00f3n de gas Clase 4 de alta calidad para brindarle durabilidad y un ajuste suave.\u00a0\u00a1Qu\u00e9 duradero y confiable es!<\/p>\n<\/div>\n<\/div>\n<\/div>\n<\/div>\n<\/div>\n<\/div>\n<\/div>\n<\/section>\n<section class=\"elementor-section elementor-top-section elementor-element elementor-element-6eaedd0 elementor-section-stretched elementor-section-full_width elementor-section-height-min-height elementor-section-height-default elementor-section-items-middle\" data-id=\"6eaedd0\" data-element_type=\"section\" data-settings=\"{&quot;stretch_section&quot;:&quot;section-stretched&quot;,&quot;background_background&quot;:&quot;classic&quot;}\">\n<div class=\"elementor-container elementor-column-gap-no\">\n<div class=\"elementor-row\">\n<div class=\"elementor-column elementor-col-100 elementor-top-column elementor-element elementor-element-4607587\" data-id=\"4607587\" data-element_type=\"column\">\n<div class=\"elementor-column-wrap\">\n<h3 class=\"elementor-widget-wrap\"><span style=\"font-size: 20.16px;\">Base met\u00e1lica de 5 estrellas para mayor durabilidad.<\/span><\/h3>\n<\/div>\n<\/div>\n<\/div>\n<\/div>\n<\/section>\n<section class=\"elementor-section elementor-top-section elementor-element elementor-element-4ea8f79 elementor-section-stretched elementor-section-boxed elementor-section-height-default elementor-section-height-default\" data-id=\"4ea8f79\" data-element_type=\"section\" data-settings=\"{&quot;stretch_section&quot;:&quot;section-stretched&quot;,&quot;background_background&quot;:&quot;classic&quot;}\">\n<div class=\"elementor-container elementor-column-gap-default\">\n<div class=\"elementor-row\">\n<div class=\"elementor-column elementor-col-100 elementor-top-column elementor-element elementor-element-a853a04\" data-id=\"a853a04\" data-element_type=\"column\">\n<div class=\"elementor-column-wrap elementor-element-populated\">\n<div class=\"elementor-widget-wrap\">\n<div class=\"elementor-element elementor-element-6efbd84 elementor-widget elementor-widget-text-editor\" data-id=\"6efbd84\" data-element_type=\"widget\" data-widget_type=\"text-editor.default\">\n<div class=\"elementor-widget-container\">\n<p class=\"elementor-text-editor elementor-clearfix\">Equipada con una base met\u00e1lica de 5 radios, la silla es s\u00f3lida y resistente.\u00a0Las ruedas de PU no solo evitan que el suelo se raye sino que se mueven silenciosamente.<\/p>\n<\/div>\n<\/div>\n<\/div>\n<\/div>\n<\/div>\n<\/div>\n<\/div>\n<\/section>\n<div class=\"elementor-column-wrap\"><\/div>\n<p><img decoding=\"async\" src=\"https:\/\/cougargaming.com\/_cgrwdr_\/wwdpp\/wp-content\/uploads\/2023\/04\/product-section-size.jpg\" \/><\/p>\n","protected":false},"excerpt":{"rendered":"<p>&#8211; Almohada lumbar y Cuello<br \/>\n&#8211; Material base de 5 estrellas: Acero<br \/>\n&#8211; Reposabrazos 2D y con ajuste de altura y rotaci\u00f3n izquierda\/derecha<br \/>\n&#8211; Cilindro elevador de gas de clase 4<br \/>\n&#8211; Tama\u00f1o peque\u00f1o<br \/>\n&#8211; Ajuste de altura de elevaci\u00f3n con pist\u00f3n<br \/>\n&#8211; Superficie Transpirable de cuero PU y PVC<br \/>\n&#8211; Ajuste de altura y reclinaci\u00f3n ajustable 180\u00b0<br \/>\n&#8211; Espuma moldeadora de alta densidad<br \/>\n&#8211; Soporta un peso m\u00e1ximo de 120kg<br \/>\n&#8211; Soporte lumbar curvo tridimensional<br \/>\n&#8211; Asiento acolchado multidensidad<br \/>\n&#8211; Respaldo reclinable hasta 130\u00b0<br \/>\n&#8211; Ajuste de la altura del elevador a gas<\/p>\n","protected":false},"featured_media":16590,"comment_status":"open","ping_status":"closed","template":"","meta":{"jetpack_publicize_message":"","jetpack_publicize_feature_enabled":true,"jetpack_social_post_already_shared":true,"jetpack_social_options":{"image_generator_settings":{"template":"highway","default_image_id":0,"font":"","enabled":false},"version":2}},"pwb-brand":[85],"product_brand":[],"product_cat":[46],"product_tag":[],"class_list":{"0":"post-16585","1":"product","2":"type-product","3":"status-publish","4":"has-post-thumbnail","6":"pwb-brand-cougar","7":"product_cat-sillas","9":"first","10":"instock","11":"taxable","12":"shipping-taxable","13":"purchasable","14":"product-type-simple"},"yoast_head":"<!-- This site is optimized with the Yoast SEO Premium plugin v25.7.1 (Yoast SEO v26.8) - https:\/\/yoast.com\/product\/yoast-seo-premium-wordpress\/ -->\n<title>Silla Gaming Fusion S Negro Naranja Cougar - Mivoot<\/title>\n<meta name=\"robots\" content=\"index, follow, max-snippet:-1, max-image-preview:large, max-video-preview:-1\" \/>\n<link rel=\"canonical\" href=\"https:\/\/mivoot.com\/gt\/producto\/silla-gaming-fusion-s-negro-naranja-cougar\/\" \/>\n<meta property=\"og:locale\" content=\"es_ES\" \/>\n<meta property=\"og:type\" content=\"article\" \/>\n<meta property=\"og:title\" content=\"Silla Gaming Fusion S Negro Naranja Cougar\" \/>\n<meta property=\"og:description\" content=\"- Almohada lumbar y Cuello - Material base de 5 estrellas: Acero - Reposabrazos 2D y con ajuste de altura y rotaci\u00f3n izquierda\/derecha - Cilindro elevador de gas de clase 4 - Tama\u00f1o peque\u00f1o - Ajuste de altura de elevaci\u00f3n con pist\u00f3n - Superficie Transpirable de cuero PU y PVC - Ajuste de altura y reclinaci\u00f3n ajustable 180\u00b0 - Espuma moldeadora de alta densidad - Soporta un peso m\u00e1ximo de 120kg - Soporte lumbar curvo tridimensional - Asiento acolchado multidensidad - Respaldo reclinable hasta 130\u00b0 - Ajuste de la altura del elevador a gas\" \/>\n<meta property=\"og:url\" content=\"https:\/\/mivoot.com\/gt\/producto\/silla-gaming-fusion-s-negro-naranja-cougar\/\" \/>\n<meta property=\"og:site_name\" content=\"Mivoot\" \/>\n<meta property=\"article:publisher\" content=\"https:\/\/www.facebook.com\/mivootgt\" \/>\n<meta property=\"article:modified_time\" content=\"2023-10-15T03:50:19+00:00\" \/>\n<meta property=\"og:image\" content=\"https:\/\/mivoot.com\/gt\/wp-content\/uploads\/2023\/10\/fusuio.png\" \/>\n\t<meta property=\"og:image:width\" content=\"800\" \/>\n\t<meta property=\"og:image:height\" content=\"800\" \/>\n\t<meta property=\"og:image:type\" content=\"image\/png\" \/>\n<meta name=\"twitter:card\" content=\"summary_large_image\" \/>\n<meta name=\"twitter:label1\" content=\"Est. reading time\" \/>\n\t<meta name=\"twitter:data1\" content=\"3 minutos\" \/>\n<script type=\"application\/ld+json\" class=\"yoast-schema-graph\">{\"@context\":\"https:\/\/schema.org\",\"@graph\":[{\"@type\":\"WebPage\",\"@id\":\"https:\/\/mivoot.com\/gt\/producto\/silla-gaming-fusion-s-negro-naranja-cougar\/\",\"url\":\"https:\/\/mivoot.com\/gt\/producto\/silla-gaming-fusion-s-negro-naranja-cougar\/\",\"name\":\"Silla Gaming Fusion S Negro Naranja Cougar - Mivoot\",\"isPartOf\":{\"@id\":\"https:\/\/mivoot.com\/gt\/#website\"},\"primaryImageOfPage\":{\"@id\":\"https:\/\/mivoot.com\/gt\/producto\/silla-gaming-fusion-s-negro-naranja-cougar\/#primaryimage\"},\"image\":{\"@id\":\"https:\/\/mivoot.com\/gt\/producto\/silla-gaming-fusion-s-negro-naranja-cougar\/#primaryimage\"},\"thumbnailUrl\":\"https:\/\/mivoot.com\/gt\/wp-content\/uploads\/2023\/10\/fusuio.png\",\"datePublished\":\"2023-10-15T03:33:49+00:00\",\"dateModified\":\"2023-10-15T03:50:19+00:00\",\"breadcrumb\":{\"@id\":\"https:\/\/mivoot.com\/gt\/producto\/silla-gaming-fusion-s-negro-naranja-cougar\/#breadcrumb\"},\"inLanguage\":\"es\",\"potentialAction\":[{\"@type\":\"ReadAction\",\"target\":[\"https:\/\/mivoot.com\/gt\/producto\/silla-gaming-fusion-s-negro-naranja-cougar\/\"]}]},{\"@type\":\"ImageObject\",\"inLanguage\":\"es\",\"@id\":\"https:\/\/mivoot.com\/gt\/producto\/silla-gaming-fusion-s-negro-naranja-cougar\/#primaryimage\",\"url\":\"https:\/\/mivoot.com\/gt\/wp-content\/uploads\/2023\/10\/fusuio.png\",\"contentUrl\":\"https:\/\/mivoot.com\/gt\/wp-content\/uploads\/2023\/10\/fusuio.png\",\"width\":800,\"height\":800},{\"@type\":\"BreadcrumbList\",\"@id\":\"https:\/\/mivoot.com\/gt\/producto\/silla-gaming-fusion-s-negro-naranja-cougar\/#breadcrumb\",\"itemListElement\":[{\"@type\":\"ListItem\",\"position\":1,\"name\":\"Inicio\",\"item\":\"https:\/\/mivoot.com\/gt\/\"},{\"@type\":\"ListItem\",\"position\":2,\"name\":\"Productos\",\"item\":\"https:\/\/mivoot.com\/gt\/producto\/\"},{\"@type\":\"ListItem\",\"position\":3,\"name\":\"Cougar\",\"item\":\"https:\/\/mivoot.com\/gt\/marca\/cougar\/\"},{\"@type\":\"ListItem\",\"position\":4,\"name\":\"Silla Gaming Fusion S Negro Naranja Cougar\"}]},{\"@type\":\"WebSite\",\"@id\":\"https:\/\/mivoot.com\/gt\/#website\",\"url\":\"https:\/\/mivoot.com\/gt\/\",\"name\":\"Mivoot\",\"description\":\"Mivoot Guatemala | Tienda Online\",\"publisher\":{\"@id\":\"https:\/\/mivoot.com\/gt\/#organization\"},\"alternateName\":\"mivoot\",\"potentialAction\":[{\"@type\":\"SearchAction\",\"target\":{\"@type\":\"EntryPoint\",\"urlTemplate\":\"https:\/\/mivoot.com\/gt\/?s={search_term_string}\"},\"query-input\":{\"@type\":\"PropertyValueSpecification\",\"valueRequired\":true,\"valueName\":\"search_term_string\"}}],\"inLanguage\":\"es\"},{\"@type\":\"Organization\",\"@id\":\"https:\/\/mivoot.com\/gt\/#organization\",\"name\":\"Mivoot Guatemala\",\"alternateName\":\"mivoot.com\",\"url\":\"https:\/\/mivoot.com\/gt\/\",\"logo\":{\"@type\":\"ImageObject\",\"inLanguage\":\"es\",\"@id\":\"https:\/\/mivoot.com\/gt\/#\/schema\/logo\/image\/\",\"url\":\"https:\/\/mivoot.com\/gt\/wp-content\/uploads\/2023\/03\/cropped-icon.png\",\"contentUrl\":\"https:\/\/mivoot.com\/gt\/wp-content\/uploads\/2023\/03\/cropped-icon.png\",\"width\":512,\"height\":512,\"caption\":\"Mivoot Guatemala\"},\"image\":{\"@id\":\"https:\/\/mivoot.com\/gt\/#\/schema\/logo\/image\/\"},\"sameAs\":[\"https:\/\/www.facebook.com\/mivootgt\",\"https:\/\/instagram.com\/mivoot\"]}]}<\/script>\n<!-- \/ Yoast SEO Premium plugin. -->","yoast_head_json":{"title":"Silla Gaming Fusion S Negro Naranja Cougar - Mivoot","robots":{"index":"index","follow":"follow","max-snippet":"max-snippet:-1","max-image-preview":"max-image-preview:large","max-video-preview":"max-video-preview:-1"},"canonical":"https:\/\/mivoot.com\/gt\/producto\/silla-gaming-fusion-s-negro-naranja-cougar\/","og_locale":"es_ES","og_type":"article","og_title":"Silla Gaming Fusion S Negro Naranja Cougar","og_description":"- Almohada lumbar y Cuello - Material base de 5 estrellas: Acero - Reposabrazos 2D y con ajuste de altura y rotaci\u00f3n izquierda\/derecha - Cilindro elevador de gas de clase 4 - Tama\u00f1o peque\u00f1o - Ajuste de altura de elevaci\u00f3n con pist\u00f3n - Superficie Transpirable de cuero PU y PVC - Ajuste de altura y reclinaci\u00f3n ajustable 180\u00b0 - Espuma moldeadora de alta densidad - Soporta un peso m\u00e1ximo de 120kg - Soporte lumbar curvo tridimensional - Asiento acolchado multidensidad - Respaldo reclinable hasta 130\u00b0 - Ajuste de la altura del elevador a gas","og_url":"https:\/\/mivoot.com\/gt\/producto\/silla-gaming-fusion-s-negro-naranja-cougar\/","og_site_name":"Mivoot","article_publisher":"https:\/\/www.facebook.com\/mivootgt","article_modified_time":"2023-10-15T03:50:19+00:00","og_image":[{"width":800,"height":800,"url":"https:\/\/mivoot.com\/gt\/wp-content\/uploads\/2023\/10\/fusuio.png","type":"image\/png"}],"twitter_card":"summary_large_image","twitter_misc":{"Est. reading time":"3 minutos"},"schema":{"@context":"https:\/\/schema.org","@graph":[{"@type":"WebPage","@id":"https:\/\/mivoot.com\/gt\/producto\/silla-gaming-fusion-s-negro-naranja-cougar\/","url":"https:\/\/mivoot.com\/gt\/producto\/silla-gaming-fusion-s-negro-naranja-cougar\/","name":"Silla Gaming Fusion S Negro Naranja Cougar - Mivoot","isPartOf":{"@id":"https:\/\/mivoot.com\/gt\/#website"},"primaryImageOfPage":{"@id":"https:\/\/mivoot.com\/gt\/producto\/silla-gaming-fusion-s-negro-naranja-cougar\/#primaryimage"},"image":{"@id":"https:\/\/mivoot.com\/gt\/producto\/silla-gaming-fusion-s-negro-naranja-cougar\/#primaryimage"},"thumbnailUrl":"https:\/\/mivoot.com\/gt\/wp-content\/uploads\/2023\/10\/fusuio.png","datePublished":"2023-10-15T03:33:49+00:00","dateModified":"2023-10-15T03:50:19+00:00","breadcrumb":{"@id":"https:\/\/mivoot.com\/gt\/producto\/silla-gaming-fusion-s-negro-naranja-cougar\/#breadcrumb"},"inLanguage":"es","potentialAction":[{"@type":"ReadAction","target":["https:\/\/mivoot.com\/gt\/producto\/silla-gaming-fusion-s-negro-naranja-cougar\/"]}]},{"@type":"ImageObject","inLanguage":"es","@id":"https:\/\/mivoot.com\/gt\/producto\/silla-gaming-fusion-s-negro-naranja-cougar\/#primaryimage","url":"https:\/\/mivoot.com\/gt\/wp-content\/uploads\/2023\/10\/fusuio.png","contentUrl":"https:\/\/mivoot.com\/gt\/wp-content\/uploads\/2023\/10\/fusuio.png","width":800,"height":800},{"@type":"BreadcrumbList","@id":"https:\/\/mivoot.com\/gt\/producto\/silla-gaming-fusion-s-negro-naranja-cougar\/#breadcrumb","itemListElement":[{"@type":"ListItem","position":1,"name":"Inicio","item":"https:\/\/mivoot.com\/gt\/"},{"@type":"ListItem","position":2,"name":"Productos","item":"https:\/\/mivoot.com\/gt\/producto\/"},{"@type":"ListItem","position":3,"name":"Cougar","item":"https:\/\/mivoot.com\/gt\/marca\/cougar\/"},{"@type":"ListItem","position":4,"name":"Silla Gaming Fusion S Negro Naranja Cougar"}]},{"@type":"WebSite","@id":"https:\/\/mivoot.com\/gt\/#website","url":"https:\/\/mivoot.com\/gt\/","name":"Mivoot","description":"Mivoot Guatemala | Tienda Online","publisher":{"@id":"https:\/\/mivoot.com\/gt\/#organization"},"alternateName":"mivoot","potentialAction":[{"@type":"SearchAction","target":{"@type":"EntryPoint","urlTemplate":"https:\/\/mivoot.com\/gt\/?s={search_term_string}"},"query-input":{"@type":"PropertyValueSpecification","valueRequired":true,"valueName":"search_term_string"}}],"inLanguage":"es"},{"@type":"Organization","@id":"https:\/\/mivoot.com\/gt\/#organization","name":"Mivoot Guatemala","alternateName":"mivoot.com","url":"https:\/\/mivoot.com\/gt\/","logo":{"@type":"ImageObject","inLanguage":"es","@id":"https:\/\/mivoot.com\/gt\/#\/schema\/logo\/image\/","url":"https:\/\/mivoot.com\/gt\/wp-content\/uploads\/2023\/03\/cropped-icon.png","contentUrl":"https:\/\/mivoot.com\/gt\/wp-content\/uploads\/2023\/03\/cropped-icon.png","width":512,"height":512,"caption":"Mivoot Guatemala"},"image":{"@id":"https:\/\/mivoot.com\/gt\/#\/schema\/logo\/image\/"},"sameAs":["https:\/\/www.facebook.com\/mivootgt","https:\/\/instagram.com\/mivoot"]}]}},"jetpack_publicize_connections":[],"jetpack_sharing_enabled":true,"brands":[{"id":85,"name":"Cougar","slug":"cougar"}],"_links":{"self":[{"href":"https:\/\/mivoot.com\/gt\/wp-json\/wp\/v2\/product\/16585","targetHints":{"allow":["GET"]}}],"collection":[{"href":"https:\/\/mivoot.com\/gt\/wp-json\/wp\/v2\/product"}],"about":[{"href":"https:\/\/mivoot.com\/gt\/wp-json\/wp\/v2\/types\/product"}],"replies":[{"embeddable":true,"href":"https:\/\/mivoot.com\/gt\/wp-json\/wp\/v2\/comments?post=16585"}],"version-history":[{"count":8,"href":"https:\/\/mivoot.com\/gt\/wp-json\/wp\/v2\/product\/16585\/revisions"}],"predecessor-version":[{"id":16598,"href":"https:\/\/mivoot.com\/gt\/wp-json\/wp\/v2\/product\/16585\/revisions\/16598"}],"wp:featuredmedia":[{"embeddable":true,"href":"https:\/\/mivoot.com\/gt\/wp-json\/wp\/v2\/media\/16590"}],"wp:attachment":[{"href":"https:\/\/mivoot.com\/gt\/wp-json\/wp\/v2\/media?parent=16585"}],"wp:term":[{"taxonomy":"pwb-brand","embeddable":true,"href":"https:\/\/mivoot.com\/gt\/wp-json\/wp\/v2\/pwb-brand?post=16585"},{"taxonomy":"product_brand","embeddable":true,"href":"https:\/\/mivoot.com\/gt\/wp-json\/wp\/v2\/product_brand?post=16585"},{"taxonomy":"product_cat","embeddable":true,"href":"https:\/\/mivoot.com\/gt\/wp-json\/wp\/v2\/product_cat?post=16585"},{"taxonomy":"product_tag","embeddable":true,"href":"https:\/\/mivoot.com\/gt\/wp-json\/wp\/v2\/product_tag?post=16585"}],"curies":[{"name":"wp","href":"https:\/\/api.w.org\/{rel}","templated":true}]}}