{"id":16608,"date":"2023-10-17T13:01:08","date_gmt":"2023-10-17T19:01:08","guid":{"rendered":"https:\/\/mivoot.com\/gt\/?post_type=product&#038;p=16608"},"modified":"2025-05-16T22:26:39","modified_gmt":"2025-05-17T04:26:39","slug":"pantalla-de-proyeccion-motorizada-120-de-pared-y-techo-klip-xtreme","status":"publish","type":"product","link":"https:\/\/mivoot.com\/gt\/producto\/pantalla-de-proyeccion-motorizada-120-de-pared-y-techo-klip-xtreme\/","title":{"rendered":"Pantalla de Proyecci\u00f3n Motorizada 120&#8243; de pared y techo Klip Xtreme"},"content":{"rendered":"<h2>Proyecta tu visi\u00f3n, convierte tus ideas en realidad<\/h2>\n<p>Esta pantalla es KPS-503 muy f\u00e1cil de usar. Se jala para desplegar y se vuelve a enrollar al final de la presentaci\u00f3n, \u00a1la cual se asegura autom\u00e1ticamente con un pr\u00e1ctico mecanismo de cierre! Su acabado mate elimina el resplandor y el reflejo. Esta durable pantalla se puede instalar en la pared o en el cielo raso. Disponible con cubierta blanca.<\/p>\n<ul>\n<li>Superficie de color blanco mate<\/li>\n<li>Tela retardadora de llama y completamente lisa<\/li>\n<li>Dise\u00f1ada para instalaci\u00f3n en la pared o cielo raso<\/li>\n<li>Sistema de fijaci\u00f3n autom\u00e1tico permite raso desplegar la pantalla a la altura deseada<\/li>\n<li>La pantalla ancha garantiza mayor visibilidad e im\u00e1genes m\u00e1s n\u00edtidas desde cualquier \u00e1ngulo<\/li>\n<li>Perfecta para aplicaciones de cine en casa y presentaciones corporativas<\/li>\n<\/ul>\n<p><img decoding=\"async\" class=\"m-auto\" src=\"https:\/\/klip-xtreme-frontend.s3.amazonaws.com\/media\/img\/Icon-Dual-wall-and-ceiling.png\" \/><\/p>\n<p class=\"product-banner-subtitle mb-0\">Unidad motorizada de doble pared y dise\u00f1o de instalaci\u00f3n de techo<\/p>\n<p>&nbsp;<\/p>\n<p><img decoding=\"async\" class=\"m-auto\" src=\"https:\/\/klip-xtreme-frontend.s3.amazonaws.com\/media\/img\/Icon-4-3-aspect-ratio.png\" \/><\/p>\n<p class=\"product-banner-subtitle mb-0\">Relaci\u00f3n de aspecto 4:3<\/p>\n<p><img decoding=\"async\" class=\"m-auto\" src=\"https:\/\/klip-xtreme-frontend.s3.amazonaws.com\/media\/img\/Icon-Max-screen-size.png\" \/><\/p>\n<p class=\"product-banner-subtitle mb-0\">Tama\u00f1o m\u00e1ximo de pantalla (diagonal)<\/p>\n<p>305cm<\/p>\n","protected":false},"excerpt":{"rendered":"<p>&#8211; Tipo de soporte: Pared y cielo raso<br \/>\n&#8211; Tipo de operaci\u00f3n: Control remoto (motorizada)<br \/>\n&#8211; Accesorios incluidos: Interruptor para pared y control remoto<br \/>\n&#8211; Relaci\u00f3n de aspecto: 4:3<br \/>\n&#8211; Color: Blanco<br \/>\n&#8211; Ganancia: 1.1<br \/>\n&#8211; Retardador de llama: Si<br \/>\n&#8211; Tama\u00f1o de la pantalla (Diagonal): 305cm<br \/>\n&#8211; Acabado del marco met\u00e1lico: Pintura electrost\u00e1tica con pulverizador<br \/>\n&#8211; Color de la pantalla: Blanco mate<br \/>\n&#8211; Dimensiones de la pantalla (AlxAnxLa): 1830x2440x0,45mm<br \/>\n&#8211; Material de la pantalla: Capas exteriores de PVC, capa interior de tela<br \/>\n&#8211; \u00c1ngulo de visi\u00f3n: 100\u00b0<br \/>\n&#8211; Peso: 9,7kg<br \/>\n&#8211; Voltaje: Solo 110v<\/p>\n","protected":false},"featured_media":16614,"comment_status":"open","ping_status":"closed","template":"","meta":{"jetpack_publicize_message":"","jetpack_publicize_feature_enabled":true,"jetpack_social_post_already_shared":true,"jetpack_social_options":{"image_generator_settings":{"template":"highway","default_image_id":0,"font":"","enabled":false},"version":2}},"pwb-brand":[79],"product_brand":[],"product_cat":[473],"product_tag":[],"class_list":{"0":"post-16608","1":"product","2":"type-product","3":"status-publish","4":"has-post-thumbnail","6":"pwb-brand-klip-xtreme","7":"product_cat-pantallas-de-proyeccion","9":"first","10":"instock","11":"taxable","12":"shipping-taxable","13":"purchasable","14":"product-type-simple"},"yoast_head":"<!-- This site is optimized with the Yoast SEO Premium plugin v25.7.1 (Yoast SEO v26.8) - https:\/\/yoast.com\/product\/yoast-seo-premium-wordpress\/ -->\n<title>Pantalla de Proyecci\u00f3n Motorizada 120&quot; de pared y techo Klip Xtreme - Mivoot<\/title>\n<meta name=\"robots\" content=\"index, follow, max-snippet:-1, max-image-preview:large, max-video-preview:-1\" \/>\n<link rel=\"canonical\" href=\"https:\/\/mivoot.com\/gt\/producto\/pantalla-de-proyeccion-motorizada-120-de-pared-y-techo-klip-xtreme\/\" \/>\n<meta property=\"og:locale\" content=\"es_ES\" \/>\n<meta property=\"og:type\" content=\"article\" \/>\n<meta property=\"og:title\" content=\"Pantalla de Proyecci\u00f3n Motorizada 120&quot; de pared y techo Klip Xtreme\" \/>\n<meta property=\"og:description\" content=\"- Tipo de soporte: Pared y cielo raso - Tipo de operaci\u00f3n: Control remoto (motorizada) - Accesorios incluidos: Interruptor para pared y control remoto - Relaci\u00f3n de aspecto: 4:3 - Color: Blanco - Ganancia: 1.1 - Retardador de llama: Si - Tama\u00f1o de la pantalla (Diagonal): 305cm - Acabado del marco met\u00e1lico: Pintura electrost\u00e1tica con pulverizador - Color de la pantalla: Blanco mate - Dimensiones de la pantalla (AlxAnxLa): 1830x2440x0,45mm - Material de la pantalla: Capas exteriores de PVC, capa interior de tela - \u00c1ngulo de visi\u00f3n: 100\u00b0 - Peso: 9,7kg - Voltaje: Solo 110v\" \/>\n<meta property=\"og:url\" content=\"https:\/\/mivoot.com\/gt\/producto\/pantalla-de-proyeccion-motorizada-120-de-pared-y-techo-klip-xtreme\/\" \/>\n<meta property=\"og:site_name\" content=\"Mivoot\" \/>\n<meta property=\"article:publisher\" content=\"https:\/\/www.facebook.com\/mivootgt\" \/>\n<meta property=\"article:modified_time\" content=\"2025-05-17T04:26:39+00:00\" \/>\n<meta property=\"og:image\" content=\"https:\/\/mivoot.com\/gt\/wp-content\/uploads\/2023\/10\/Pantalla-de-preyeccion-Electrica-Klip-Xtreme-1.webp\" \/>\n\t<meta property=\"og:image:width\" content=\"620\" \/>\n\t<meta property=\"og:image:height\" content=\"620\" \/>\n\t<meta property=\"og:image:type\" content=\"image\/webp\" \/>\n<meta name=\"twitter:card\" content=\"summary_large_image\" \/>\n<meta name=\"twitter:label1\" content=\"Est. reading time\" \/>\n\t<meta name=\"twitter:data1\" content=\"2 minutos\" \/>\n<script type=\"application\/ld+json\" class=\"yoast-schema-graph\">{\"@context\":\"https:\/\/schema.org\",\"@graph\":[{\"@type\":\"WebPage\",\"@id\":\"https:\/\/mivoot.com\/gt\/producto\/pantalla-de-proyeccion-motorizada-120-de-pared-y-techo-klip-xtreme\/\",\"url\":\"https:\/\/mivoot.com\/gt\/producto\/pantalla-de-proyeccion-motorizada-120-de-pared-y-techo-klip-xtreme\/\",\"name\":\"Pantalla de Proyecci\u00f3n Motorizada 120\\\" de pared y techo Klip Xtreme - Mivoot\",\"isPartOf\":{\"@id\":\"https:\/\/mivoot.com\/gt\/#website\"},\"primaryImageOfPage\":{\"@id\":\"https:\/\/mivoot.com\/gt\/producto\/pantalla-de-proyeccion-motorizada-120-de-pared-y-techo-klip-xtreme\/#primaryimage\"},\"image\":{\"@id\":\"https:\/\/mivoot.com\/gt\/producto\/pantalla-de-proyeccion-motorizada-120-de-pared-y-techo-klip-xtreme\/#primaryimage\"},\"thumbnailUrl\":\"https:\/\/mivoot.com\/gt\/wp-content\/uploads\/2023\/10\/Pantalla-de-preyeccion-Electrica-Klip-Xtreme-1.webp\",\"datePublished\":\"2023-10-17T19:01:08+00:00\",\"dateModified\":\"2025-05-17T04:26:39+00:00\",\"breadcrumb\":{\"@id\":\"https:\/\/mivoot.com\/gt\/producto\/pantalla-de-proyeccion-motorizada-120-de-pared-y-techo-klip-xtreme\/#breadcrumb\"},\"inLanguage\":\"es\",\"potentialAction\":[{\"@type\":\"ReadAction\",\"target\":[\"https:\/\/mivoot.com\/gt\/producto\/pantalla-de-proyeccion-motorizada-120-de-pared-y-techo-klip-xtreme\/\"]}]},{\"@type\":\"ImageObject\",\"inLanguage\":\"es\",\"@id\":\"https:\/\/mivoot.com\/gt\/producto\/pantalla-de-proyeccion-motorizada-120-de-pared-y-techo-klip-xtreme\/#primaryimage\",\"url\":\"https:\/\/mivoot.com\/gt\/wp-content\/uploads\/2023\/10\/Pantalla-de-preyeccion-Electrica-Klip-Xtreme-1.webp\",\"contentUrl\":\"https:\/\/mivoot.com\/gt\/wp-content\/uploads\/2023\/10\/Pantalla-de-preyeccion-Electrica-Klip-Xtreme-1.webp\",\"width\":620,\"height\":620},{\"@type\":\"BreadcrumbList\",\"@id\":\"https:\/\/mivoot.com\/gt\/producto\/pantalla-de-proyeccion-motorizada-120-de-pared-y-techo-klip-xtreme\/#breadcrumb\",\"itemListElement\":[{\"@type\":\"ListItem\",\"position\":1,\"name\":\"Inicio\",\"item\":\"https:\/\/mivoot.com\/gt\/\"},{\"@type\":\"ListItem\",\"position\":2,\"name\":\"Productos\",\"item\":\"https:\/\/mivoot.com\/gt\/producto\/\"},{\"@type\":\"ListItem\",\"position\":3,\"name\":\"Klip Xtreme\",\"item\":\"https:\/\/mivoot.com\/gt\/marca\/klip-xtreme\/\"},{\"@type\":\"ListItem\",\"position\":4,\"name\":\"Pantalla de Proyecci\u00f3n Motorizada 120&#8243; de pared y techo Klip Xtreme\"}]},{\"@type\":\"WebSite\",\"@id\":\"https:\/\/mivoot.com\/gt\/#website\",\"url\":\"https:\/\/mivoot.com\/gt\/\",\"name\":\"Mivoot\",\"description\":\"Mivoot Guatemala | Tienda Online\",\"publisher\":{\"@id\":\"https:\/\/mivoot.com\/gt\/#organization\"},\"alternateName\":\"mivoot\",\"potentialAction\":[{\"@type\":\"SearchAction\",\"target\":{\"@type\":\"EntryPoint\",\"urlTemplate\":\"https:\/\/mivoot.com\/gt\/?s={search_term_string}\"},\"query-input\":{\"@type\":\"PropertyValueSpecification\",\"valueRequired\":true,\"valueName\":\"search_term_string\"}}],\"inLanguage\":\"es\"},{\"@type\":\"Organization\",\"@id\":\"https:\/\/mivoot.com\/gt\/#organization\",\"name\":\"Mivoot Guatemala\",\"alternateName\":\"mivoot.com\",\"url\":\"https:\/\/mivoot.com\/gt\/\",\"logo\":{\"@type\":\"ImageObject\",\"inLanguage\":\"es\",\"@id\":\"https:\/\/mivoot.com\/gt\/#\/schema\/logo\/image\/\",\"url\":\"https:\/\/mivoot.com\/gt\/wp-content\/uploads\/2023\/03\/cropped-icon.png\",\"contentUrl\":\"https:\/\/mivoot.com\/gt\/wp-content\/uploads\/2023\/03\/cropped-icon.png\",\"width\":512,\"height\":512,\"caption\":\"Mivoot Guatemala\"},\"image\":{\"@id\":\"https:\/\/mivoot.com\/gt\/#\/schema\/logo\/image\/\"},\"sameAs\":[\"https:\/\/www.facebook.com\/mivootgt\",\"https:\/\/instagram.com\/mivoot\"]}]}<\/script>\n<!-- \/ Yoast SEO Premium plugin. -->","yoast_head_json":{"title":"Pantalla de Proyecci\u00f3n Motorizada 120\" de pared y techo Klip Xtreme - Mivoot","robots":{"index":"index","follow":"follow","max-snippet":"max-snippet:-1","max-image-preview":"max-image-preview:large","max-video-preview":"max-video-preview:-1"},"canonical":"https:\/\/mivoot.com\/gt\/producto\/pantalla-de-proyeccion-motorizada-120-de-pared-y-techo-klip-xtreme\/","og_locale":"es_ES","og_type":"article","og_title":"Pantalla de Proyecci\u00f3n Motorizada 120\" de pared y techo Klip Xtreme","og_description":"- Tipo de soporte: Pared y cielo raso - Tipo de operaci\u00f3n: Control remoto (motorizada) - Accesorios incluidos: Interruptor para pared y control remoto - Relaci\u00f3n de aspecto: 4:3 - Color: Blanco - Ganancia: 1.1 - Retardador de llama: Si - Tama\u00f1o de la pantalla (Diagonal): 305cm - Acabado del marco met\u00e1lico: Pintura electrost\u00e1tica con pulverizador - Color de la pantalla: Blanco mate - Dimensiones de la pantalla (AlxAnxLa): 1830x2440x0,45mm - Material de la pantalla: Capas exteriores de PVC, capa interior de tela - \u00c1ngulo de visi\u00f3n: 100\u00b0 - Peso: 9,7kg - Voltaje: Solo 110v","og_url":"https:\/\/mivoot.com\/gt\/producto\/pantalla-de-proyeccion-motorizada-120-de-pared-y-techo-klip-xtreme\/","og_site_name":"Mivoot","article_publisher":"https:\/\/www.facebook.com\/mivootgt","article_modified_time":"2025-05-17T04:26:39+00:00","og_image":[{"width":620,"height":620,"url":"https:\/\/mivoot.com\/gt\/wp-content\/uploads\/2023\/10\/Pantalla-de-preyeccion-Electrica-Klip-Xtreme-1.webp","type":"image\/webp"}],"twitter_card":"summary_large_image","twitter_misc":{"Est. reading time":"2 minutos"},"schema":{"@context":"https:\/\/schema.org","@graph":[{"@type":"WebPage","@id":"https:\/\/mivoot.com\/gt\/producto\/pantalla-de-proyeccion-motorizada-120-de-pared-y-techo-klip-xtreme\/","url":"https:\/\/mivoot.com\/gt\/producto\/pantalla-de-proyeccion-motorizada-120-de-pared-y-techo-klip-xtreme\/","name":"Pantalla de Proyecci\u00f3n Motorizada 120\" de pared y techo Klip Xtreme - Mivoot","isPartOf":{"@id":"https:\/\/mivoot.com\/gt\/#website"},"primaryImageOfPage":{"@id":"https:\/\/mivoot.com\/gt\/producto\/pantalla-de-proyeccion-motorizada-120-de-pared-y-techo-klip-xtreme\/#primaryimage"},"image":{"@id":"https:\/\/mivoot.com\/gt\/producto\/pantalla-de-proyeccion-motorizada-120-de-pared-y-techo-klip-xtreme\/#primaryimage"},"thumbnailUrl":"https:\/\/mivoot.com\/gt\/wp-content\/uploads\/2023\/10\/Pantalla-de-preyeccion-Electrica-Klip-Xtreme-1.webp","datePublished":"2023-10-17T19:01:08+00:00","dateModified":"2025-05-17T04:26:39+00:00","breadcrumb":{"@id":"https:\/\/mivoot.com\/gt\/producto\/pantalla-de-proyeccion-motorizada-120-de-pared-y-techo-klip-xtreme\/#breadcrumb"},"inLanguage":"es","potentialAction":[{"@type":"ReadAction","target":["https:\/\/mivoot.com\/gt\/producto\/pantalla-de-proyeccion-motorizada-120-de-pared-y-techo-klip-xtreme\/"]}]},{"@type":"ImageObject","inLanguage":"es","@id":"https:\/\/mivoot.com\/gt\/producto\/pantalla-de-proyeccion-motorizada-120-de-pared-y-techo-klip-xtreme\/#primaryimage","url":"https:\/\/mivoot.com\/gt\/wp-content\/uploads\/2023\/10\/Pantalla-de-preyeccion-Electrica-Klip-Xtreme-1.webp","contentUrl":"https:\/\/mivoot.com\/gt\/wp-content\/uploads\/2023\/10\/Pantalla-de-preyeccion-Electrica-Klip-Xtreme-1.webp","width":620,"height":620},{"@type":"BreadcrumbList","@id":"https:\/\/mivoot.com\/gt\/producto\/pantalla-de-proyeccion-motorizada-120-de-pared-y-techo-klip-xtreme\/#breadcrumb","itemListElement":[{"@type":"ListItem","position":1,"name":"Inicio","item":"https:\/\/mivoot.com\/gt\/"},{"@type":"ListItem","position":2,"name":"Productos","item":"https:\/\/mivoot.com\/gt\/producto\/"},{"@type":"ListItem","position":3,"name":"Klip Xtreme","item":"https:\/\/mivoot.com\/gt\/marca\/klip-xtreme\/"},{"@type":"ListItem","position":4,"name":"Pantalla de Proyecci\u00f3n Motorizada 120&#8243; de pared y techo Klip Xtreme"}]},{"@type":"WebSite","@id":"https:\/\/mivoot.com\/gt\/#website","url":"https:\/\/mivoot.com\/gt\/","name":"Mivoot","description":"Mivoot Guatemala | Tienda Online","publisher":{"@id":"https:\/\/mivoot.com\/gt\/#organization"},"alternateName":"mivoot","potentialAction":[{"@type":"SearchAction","target":{"@type":"EntryPoint","urlTemplate":"https:\/\/mivoot.com\/gt\/?s={search_term_string}"},"query-input":{"@type":"PropertyValueSpecification","valueRequired":true,"valueName":"search_term_string"}}],"inLanguage":"es"},{"@type":"Organization","@id":"https:\/\/mivoot.com\/gt\/#organization","name":"Mivoot Guatemala","alternateName":"mivoot.com","url":"https:\/\/mivoot.com\/gt\/","logo":{"@type":"ImageObject","inLanguage":"es","@id":"https:\/\/mivoot.com\/gt\/#\/schema\/logo\/image\/","url":"https:\/\/mivoot.com\/gt\/wp-content\/uploads\/2023\/03\/cropped-icon.png","contentUrl":"https:\/\/mivoot.com\/gt\/wp-content\/uploads\/2023\/03\/cropped-icon.png","width":512,"height":512,"caption":"Mivoot Guatemala"},"image":{"@id":"https:\/\/mivoot.com\/gt\/#\/schema\/logo\/image\/"},"sameAs":["https:\/\/www.facebook.com\/mivootgt","https:\/\/instagram.com\/mivoot"]}]}},"jetpack_publicize_connections":[],"jetpack_sharing_enabled":true,"brands":[{"id":79,"name":"Klip Xtreme","slug":"klip-xtreme"}],"_links":{"self":[{"href":"https:\/\/mivoot.com\/gt\/wp-json\/wp\/v2\/product\/16608","targetHints":{"allow":["GET"]}}],"collection":[{"href":"https:\/\/mivoot.com\/gt\/wp-json\/wp\/v2\/product"}],"about":[{"href":"https:\/\/mivoot.com\/gt\/wp-json\/wp\/v2\/types\/product"}],"replies":[{"embeddable":true,"href":"https:\/\/mivoot.com\/gt\/wp-json\/wp\/v2\/comments?post=16608"}],"version-history":[{"count":1,"href":"https:\/\/mivoot.com\/gt\/wp-json\/wp\/v2\/product\/16608\/revisions"}],"predecessor-version":[{"id":16615,"href":"https:\/\/mivoot.com\/gt\/wp-json\/wp\/v2\/product\/16608\/revisions\/16615"}],"wp:featuredmedia":[{"embeddable":true,"href":"https:\/\/mivoot.com\/gt\/wp-json\/wp\/v2\/media\/16614"}],"wp:attachment":[{"href":"https:\/\/mivoot.com\/gt\/wp-json\/wp\/v2\/media?parent=16608"}],"wp:term":[{"taxonomy":"pwb-brand","embeddable":true,"href":"https:\/\/mivoot.com\/gt\/wp-json\/wp\/v2\/pwb-brand?post=16608"},{"taxonomy":"product_brand","embeddable":true,"href":"https:\/\/mivoot.com\/gt\/wp-json\/wp\/v2\/product_brand?post=16608"},{"taxonomy":"product_cat","embeddable":true,"href":"https:\/\/mivoot.com\/gt\/wp-json\/wp\/v2\/product_cat?post=16608"},{"taxonomy":"product_tag","embeddable":true,"href":"https:\/\/mivoot.com\/gt\/wp-json\/wp\/v2\/product_tag?post=16608"}],"curies":[{"name":"wp","href":"https:\/\/api.w.org\/{rel}","templated":true}]}}