{"id":16624,"date":"2023-10-17T13:49:19","date_gmt":"2023-10-17T19:49:19","guid":{"rendered":"https:\/\/mivoot.com\/gt\/?post_type=product&#038;p=16624"},"modified":"2023-10-17T13:51:22","modified_gmt":"2023-10-17T19:51:22","slug":"regulador-de-voltaje-1000va-500w-fvr-1011usb-forza","status":"publish","type":"product","link":"https:\/\/mivoot.com\/gt\/producto\/regulador-de-voltaje-1000va-500w-fvr-1011usb-forza\/","title":{"rendered":"Regulador de voltaje 1000VA\/500W FVR-1011USB Forza"},"content":{"rendered":"<h2 data-v-7da55b34=\"\">REGULADOR AUTOM. VOLTAJE 1000VA\/500W 4 SALIDAS AC 2USB 115V | CONSUMO<\/h2>\n<p>El Regulador Autom\u00e1tico de Voltaje de Forza (o acondicionador de l\u00ednea) es la soluci\u00f3n confiable que ofrece la protecci\u00f3n adecuada para sus equipos y electr\u00f3nicos delicados contra los efectos nocivos de irregularidades en el suministro el\u00e9ctrico.\u00a0Aparte de ser un excelente estabilizador de tensi\u00f3n, el FVR corrige autom\u00e1ticamente las fluctuaciones repentinas de tensi\u00f3n y filtra el ruido el\u00e9ctrico presente en la l\u00ednea, a fin de mantener un suministro uniforme y \u201climpio\u201d de energ\u00eda.\u00a0El Regulador Autom\u00e1tico de Voltaje FVR-1011 de Forza es la soluci\u00f3n perfecta para mejorar el desempe\u00f1o de sus componentes al mismo tiempo que protege su valiosa inversi\u00f3n.<\/p>\n<ul>\n<li>Regulador Autom\u00e1tico de Voltaje (AVR)<\/li>\n<li>Detecta y corrige en forma instant\u00e1nea el voltaje de salida al controlar constantemente la tensi\u00f3n de entrada.<\/li>\n<li>Unidad compacta que ofrece protecci\u00f3n el\u00e9ctrica para todos sus perif\u00e9ricos y aparatos electr\u00f3nicos delicados<\/li>\n<li>Dos puertos USB, ideales para cargar tel\u00e9fonos inteligentes, tabletas y otros dispositivos m\u00f3viles (para el FVR-1011USB solamente)<\/li>\n<li>Pr\u00e1cticos LEDs exhiben el estado funcional de la unidad<\/li>\n<li>Termofusible de protecci\u00f3n incorporado\u2013 desconecta la corriente cuando el voltaje de entrada se eleva a niveles potencialmente perjudiciales<\/li>\n<li>Se puede instalar en la pared, en posici\u00f3n vertical u horizontal<\/li>\n<li>Regulador<\/li>\n<\/ul>\n<div class=\"table-responsive\" data-v-7da55b34=\"\">\n<div class=\"row featurelist\" data-v-7da55b34=\"\">\n<div class=\"col-sm-6 col-xs-12\" data-v-7da55b34=\"\"><img decoding=\"async\" title=\"Regulaci\u00f3n autom\u00e1tica de voltaje (AVR)\" src=\"https:\/\/forza-ups-frontend.s3.amazonaws.com\/media\/img\/icon-automatic.png\" alt=\"Regulaci\u00f3n autom\u00e1tica de voltaje (AVR)\" data-v-7da55b34=\"\" \/>\u00a0<strong data-v-7da55b34=\"\">Regulaci\u00f3n autom\u00e1tica de voltaje (AVR)<\/strong><br data-v-7da55b34=\"\" \/>Suministra corriente de CA pura y estable al elevar autom\u00e1ticamente la tensi\u00f3n cuando disminuye el voltaje, mientras que reduce la tensi\u00f3n si excede el valor m\u00e1ximo admisible, sin necesidad de utilizar la energ\u00eda de reserva de la bater\u00eda cada vez que se detectan irregularidades en la l\u00ednea de suministro el\u00e9ctrico.<\/div>\n<div class=\"col-sm-6 col-xs-12\" data-v-7da55b34=\"\"><img decoding=\"async\" title=\"Protecci\u00f3n contra sobretensi\u00f3n, sobrecarga, descarga el\u00e9ctrica y de voltaje\" src=\"https:\/\/forza-ups-frontend.s3.amazonaws.com\/media\/img\/icon-serge.png\" alt=\"Protecci\u00f3n contra sobretensi\u00f3n, sobrecarga, descarga el\u00e9ctrica y de voltaje\" data-v-7da55b34=\"\" \/>\u00a0<strong data-v-7da55b34=\"\">Protecci\u00f3n contra sobretensi\u00f3n, sobrecarga, descarga el\u00e9ctrica y de voltaje<\/strong><br data-v-7da55b34=\"\" \/>Ofrece protecci\u00f3n superior al redireccionar el exceso de tensi\u00f3n de los equipos conectados durante sobrecargas o subidas de tensi\u00f3n.<\/div>\n<div class=\"col-sm-6 col-xs-12\" data-v-7da55b34=\"\"><img decoding=\"async\" title=\"Interruptor de reposici\u00f3n autom\u00e1tico\" src=\"https:\/\/forza-ups-frontend.s3.amazonaws.com\/media\/img\/icon-resetable.png\" alt=\"Interruptor de reposici\u00f3n autom\u00e1tico\" data-v-7da55b34=\"\" \/>\u00a0<strong data-v-7da55b34=\"\">Interruptor de reposici\u00f3n autom\u00e1tico<\/strong><br data-v-7da55b34=\"\" \/>Evita autom\u00e1ticamente el flujo de corriente en un circuito el\u00e9ctrico como medida de seguridad al detectar niveles de alta tensi\u00f3n inapropiados. Se puede volver a configurar para reanudar el funcionamiento.<\/div>\n<div class=\"col-sm-6 col-xs-12\" data-v-7da55b34=\"\"><img decoding=\"async\" title=\"Tecnolog\u00eda MOV\" src=\"https:\/\/forza-ups-frontend.s3.amazonaws.com\/media\/img\/icon-move.png\" alt=\"Tecnolog\u00eda MOV\" data-v-7da55b34=\"\" \/>\u00a0<strong data-v-7da55b34=\"\">Tecnolog\u00eda MOV<\/strong><br data-v-7da55b34=\"\" \/>La tecnolog\u00eda MOV (varistor de \u00f3xido de metal) ofrece mayor protecci\u00f3n para componentes electr\u00f3nicos contra sobrecargas y subidas repentinas de tensi\u00f3n.<\/div>\n<div class=\"col-sm-6 col-xs-12\" data-v-7da55b34=\"\"><img decoding=\"async\" title=\"Termofusible de protecci\u00f3n\" src=\"https:\/\/forza-ups-frontend.s3.amazonaws.com\/media\/img\/icon-therm.png\" alt=\"Termofusible de protecci\u00f3n\" data-v-7da55b34=\"\" \/>\u00a0<strong data-v-7da55b34=\"\">Termofusible de protecci\u00f3n<\/strong><br data-v-7da55b34=\"\" \/>Desconecta la corriente en forma instant\u00e1nea cuando la temperatura interna se eleva a niveles potencialmente perjudiciales.<\/div>\n<div class=\"col-sm-6 col-xs-12\" data-v-7da55b34=\"\"><img decoding=\"async\" title=\"Material retardador de llama\" src=\"https:\/\/forza-ups-frontend.s3.amazonaws.com\/media\/img\/icon-flame.png\" alt=\"Material retardador de llama\" data-v-7da55b34=\"\" \/>\u00a0<strong data-v-7da55b34=\"\">Material retardador de llama<\/strong><br data-v-7da55b34=\"\" \/>Todos nuestros sistemas UPS est\u00e1n elaborados con material ABS retardador de llama, lo cual garantiza que de presentarse alguna falla, el equipo no es susceptible de prender fuego.<\/div>\n<div class=\"col-sm-6 col-xs-12\" data-v-7da55b34=\"\"><img decoding=\"async\" title=\"Indicadores visuales LED\" src=\"https:\/\/forza-ups-frontend.s3.amazonaws.com\/media\/img\/LED-visual-indicators.png\" alt=\"Indicadores visuales LED\" data-v-7da55b34=\"\" \/>\u00a0<strong data-v-7da55b34=\"\">Indicadores visuales LED<\/strong><br data-v-7da55b34=\"\" \/>Las luces LED en el panel frontal indican el estado funcional de la UPS, la duraci\u00f3n de la bater\u00eda as\u00ed como fallas potenciales detectadas en el sistema.<\/div>\n<div class=\"col-sm-6 col-xs-12\" data-v-7da55b34=\"\"><img decoding=\"async\" title=\"Puertos USB para carga\" src=\"https:\/\/forza-ups-frontend.s3.amazonaws.com\/media\/img\/USB-Charging-ports.png\" alt=\"Puertos USB para carga\" data-v-7da55b34=\"\" \/>\u00a0<strong data-v-7da55b34=\"\">Puertos USB para carga<\/strong><br data-v-7da55b34=\"\" \/>Sistema fiable equipado con protecci\u00f3n contra sobretensi\u00f3n y con avanzados puertos USB. El usuario puede cargar tabletas, tel\u00e9fonos inteligentes y otros dispositivos electr\u00f3nicos port\u00e1tiles.<\/div>\n<div class=\"col-sm-6 col-xs-12\" data-v-7da55b34=\"\"><img decoding=\"async\" title=\"Temporizador de retardo\" src=\"https:\/\/forza-ups-frontend.s3.amazonaws.com\/media\/img\/Delay-timer.png\" alt=\"Temporizador de retardo\" data-v-7da55b34=\"\" \/>\u00a0<strong data-v-7da55b34=\"\">Temporizador de retardo<\/strong><br data-v-7da55b34=\"\" \/>El temporizador de retardo regula el flujo diferido de electricidad hacia los equipos, para prevenir puntas de tensi\u00f3n repentinas al momento de restablecerse el suministro de la red.<\/div>\n<div class=\"col-sm-6 col-xs-12\" data-v-7da55b34=\"\"><img decoding=\"async\" title=\"Montaje en la pared\" src=\"https:\/\/forza-ups-frontend.s3.amazonaws.com\/media\/img\/Wall-mountable.png\" alt=\"Montaje en la pared\" data-v-7da55b34=\"\" \/>\u00a0<strong data-v-7da55b34=\"\">Montaje en la pared<\/strong><br data-v-7da55b34=\"\" \/>Las ranuras de montaje en el panel posterior de la carcasa permiten fijar f\u00e1cilmente la regleta a la pared en posici\u00f3n vertical.<\/div>\n<div class=\"col-sm-6 col-xs-12\" data-v-7da55b34=\"\"><img decoding=\"async\" title=\"M\u00faltiples recept\u00e1culos con conexi\u00f3n a tierra\" src=\"https:\/\/forza-ups-frontend.s3.amazonaws.com\/media\/img\/Grounded-multi-outlet-design.png\" alt=\"M\u00faltiples recept\u00e1culos con conexi\u00f3n a tierra\" data-v-7da55b34=\"\" \/>\u00a0<strong data-v-7da55b34=\"\">M\u00faltiples recept\u00e1culos con conexi\u00f3n a tierra<\/strong><br data-v-7da55b34=\"\" \/>Convierte en forma segura un tomacorriente de pared individual en tres recept\u00e1culos con conexi\u00f3n a tierra.<\/div>\n<\/div>\n<\/div>\n","protected":false},"excerpt":{"rendered":"<p>Capacidad: 1000VA\/500W<br \/>\nVoltaje: 115V<br \/>\nTipo de entrada: NEMA 5-15P<br \/>\nTipo de salida: 4 x NEMA 5-15R<br \/>\nIndicador visual: Luz LED de estado<\/p>\n","protected":false},"featured_media":16631,"comment_status":"open","ping_status":"closed","template":"","meta":{"jetpack_publicize_message":"","jetpack_publicize_feature_enabled":true,"jetpack_social_post_already_shared":true,"jetpack_social_options":{"image_generator_settings":{"template":"highway","default_image_id":0,"font":"","enabled":false},"version":2}},"pwb-brand":[110],"product_brand":[],"product_cat":[179],"product_tag":[],"class_list":{"0":"post-16624","1":"product","2":"type-product","3":"status-publish","4":"has-post-thumbnail","6":"pwb-brand-forza","7":"product_cat-regulador","9":"first","10":"instock","11":"taxable","12":"shipping-taxable","13":"purchasable","14":"product-type-simple"},"yoast_head":"<!-- This site is optimized with the Yoast SEO Premium plugin v25.7.1 (Yoast SEO v26.8) - https:\/\/yoast.com\/product\/yoast-seo-premium-wordpress\/ -->\n<title>Regulador de voltaje 1000VA\/500W FVR-1011USB Forza - Mivoot<\/title>\n<meta name=\"robots\" content=\"index, follow, max-snippet:-1, max-image-preview:large, max-video-preview:-1\" \/>\n<link rel=\"canonical\" href=\"https:\/\/mivoot.com\/gt\/producto\/regulador-de-voltaje-1000va-500w-fvr-1011usb-forza\/\" \/>\n<meta property=\"og:locale\" content=\"es_ES\" \/>\n<meta property=\"og:type\" content=\"article\" \/>\n<meta property=\"og:title\" content=\"Regulador de voltaje 1000VA\/500W FVR-1011USB Forza\" \/>\n<meta property=\"og:description\" content=\"Capacidad: 1000VA\/500W Voltaje: 115V Tipo de entrada: NEMA 5-15P Tipo de salida: 4 x NEMA 5-15R Indicador visual: Luz LED de estado\" \/>\n<meta property=\"og:url\" content=\"https:\/\/mivoot.com\/gt\/producto\/regulador-de-voltaje-1000va-500w-fvr-1011usb-forza\/\" \/>\n<meta property=\"og:site_name\" content=\"Mivoot\" \/>\n<meta property=\"article:publisher\" content=\"https:\/\/www.facebook.com\/mivootgt\" \/>\n<meta property=\"article:modified_time\" content=\"2023-10-17T19:51:22+00:00\" \/>\n<meta property=\"og:image\" content=\"https:\/\/mivoot.com\/gt\/wp-content\/uploads\/2023\/10\/Sin-titulo2839.jpg\" \/>\n\t<meta property=\"og:image:width\" content=\"1000\" \/>\n\t<meta property=\"og:image:height\" content=\"1000\" \/>\n\t<meta property=\"og:image:type\" content=\"image\/jpeg\" \/>\n<meta name=\"twitter:card\" content=\"summary_large_image\" \/>\n<meta name=\"twitter:label1\" content=\"Est. reading time\" \/>\n\t<meta name=\"twitter:data1\" content=\"5 minutos\" \/>\n<script type=\"application\/ld+json\" class=\"yoast-schema-graph\">{\"@context\":\"https:\/\/schema.org\",\"@graph\":[{\"@type\":\"WebPage\",\"@id\":\"https:\/\/mivoot.com\/gt\/producto\/regulador-de-voltaje-1000va-500w-fvr-1011usb-forza\/\",\"url\":\"https:\/\/mivoot.com\/gt\/producto\/regulador-de-voltaje-1000va-500w-fvr-1011usb-forza\/\",\"name\":\"Regulador de voltaje 1000VA\/500W FVR-1011USB Forza - Mivoot\",\"isPartOf\":{\"@id\":\"https:\/\/mivoot.com\/gt\/#website\"},\"primaryImageOfPage\":{\"@id\":\"https:\/\/mivoot.com\/gt\/producto\/regulador-de-voltaje-1000va-500w-fvr-1011usb-forza\/#primaryimage\"},\"image\":{\"@id\":\"https:\/\/mivoot.com\/gt\/producto\/regulador-de-voltaje-1000va-500w-fvr-1011usb-forza\/#primaryimage\"},\"thumbnailUrl\":\"https:\/\/mivoot.com\/gt\/wp-content\/uploads\/2023\/10\/Sin-titulo2839.jpg\",\"datePublished\":\"2023-10-17T19:49:19+00:00\",\"dateModified\":\"2023-10-17T19:51:22+00:00\",\"breadcrumb\":{\"@id\":\"https:\/\/mivoot.com\/gt\/producto\/regulador-de-voltaje-1000va-500w-fvr-1011usb-forza\/#breadcrumb\"},\"inLanguage\":\"es\",\"potentialAction\":[{\"@type\":\"ReadAction\",\"target\":[\"https:\/\/mivoot.com\/gt\/producto\/regulador-de-voltaje-1000va-500w-fvr-1011usb-forza\/\"]}]},{\"@type\":\"ImageObject\",\"inLanguage\":\"es\",\"@id\":\"https:\/\/mivoot.com\/gt\/producto\/regulador-de-voltaje-1000va-500w-fvr-1011usb-forza\/#primaryimage\",\"url\":\"https:\/\/mivoot.com\/gt\/wp-content\/uploads\/2023\/10\/Sin-titulo2839.jpg\",\"contentUrl\":\"https:\/\/mivoot.com\/gt\/wp-content\/uploads\/2023\/10\/Sin-titulo2839.jpg\",\"width\":1000,\"height\":1000},{\"@type\":\"BreadcrumbList\",\"@id\":\"https:\/\/mivoot.com\/gt\/producto\/regulador-de-voltaje-1000va-500w-fvr-1011usb-forza\/#breadcrumb\",\"itemListElement\":[{\"@type\":\"ListItem\",\"position\":1,\"name\":\"Inicio\",\"item\":\"https:\/\/mivoot.com\/gt\/\"},{\"@type\":\"ListItem\",\"position\":2,\"name\":\"Productos\",\"item\":\"https:\/\/mivoot.com\/gt\/producto\/\"},{\"@type\":\"ListItem\",\"position\":3,\"name\":\"Forza\",\"item\":\"https:\/\/mivoot.com\/gt\/marca\/forza\/\"},{\"@type\":\"ListItem\",\"position\":4,\"name\":\"Regulador de voltaje 1000VA\/500W FVR-1011USB Forza\"}]},{\"@type\":\"WebSite\",\"@id\":\"https:\/\/mivoot.com\/gt\/#website\",\"url\":\"https:\/\/mivoot.com\/gt\/\",\"name\":\"Mivoot\",\"description\":\"Mivoot Guatemala | Tienda Online\",\"publisher\":{\"@id\":\"https:\/\/mivoot.com\/gt\/#organization\"},\"alternateName\":\"mivoot\",\"potentialAction\":[{\"@type\":\"SearchAction\",\"target\":{\"@type\":\"EntryPoint\",\"urlTemplate\":\"https:\/\/mivoot.com\/gt\/?s={search_term_string}\"},\"query-input\":{\"@type\":\"PropertyValueSpecification\",\"valueRequired\":true,\"valueName\":\"search_term_string\"}}],\"inLanguage\":\"es\"},{\"@type\":\"Organization\",\"@id\":\"https:\/\/mivoot.com\/gt\/#organization\",\"name\":\"Mivoot Guatemala\",\"alternateName\":\"mivoot.com\",\"url\":\"https:\/\/mivoot.com\/gt\/\",\"logo\":{\"@type\":\"ImageObject\",\"inLanguage\":\"es\",\"@id\":\"https:\/\/mivoot.com\/gt\/#\/schema\/logo\/image\/\",\"url\":\"https:\/\/mivoot.com\/gt\/wp-content\/uploads\/2023\/03\/cropped-icon.png\",\"contentUrl\":\"https:\/\/mivoot.com\/gt\/wp-content\/uploads\/2023\/03\/cropped-icon.png\",\"width\":512,\"height\":512,\"caption\":\"Mivoot Guatemala\"},\"image\":{\"@id\":\"https:\/\/mivoot.com\/gt\/#\/schema\/logo\/image\/\"},\"sameAs\":[\"https:\/\/www.facebook.com\/mivootgt\",\"https:\/\/instagram.com\/mivoot\"]}]}<\/script>\n<!-- \/ Yoast SEO Premium plugin. -->","yoast_head_json":{"title":"Regulador de voltaje 1000VA\/500W FVR-1011USB Forza - Mivoot","robots":{"index":"index","follow":"follow","max-snippet":"max-snippet:-1","max-image-preview":"max-image-preview:large","max-video-preview":"max-video-preview:-1"},"canonical":"https:\/\/mivoot.com\/gt\/producto\/regulador-de-voltaje-1000va-500w-fvr-1011usb-forza\/","og_locale":"es_ES","og_type":"article","og_title":"Regulador de voltaje 1000VA\/500W FVR-1011USB Forza","og_description":"Capacidad: 1000VA\/500W Voltaje: 115V Tipo de entrada: NEMA 5-15P Tipo de salida: 4 x NEMA 5-15R Indicador visual: Luz LED de estado","og_url":"https:\/\/mivoot.com\/gt\/producto\/regulador-de-voltaje-1000va-500w-fvr-1011usb-forza\/","og_site_name":"Mivoot","article_publisher":"https:\/\/www.facebook.com\/mivootgt","article_modified_time":"2023-10-17T19:51:22+00:00","og_image":[{"width":1000,"height":1000,"url":"https:\/\/mivoot.com\/gt\/wp-content\/uploads\/2023\/10\/Sin-titulo2839.jpg","type":"image\/jpeg"}],"twitter_card":"summary_large_image","twitter_misc":{"Est. reading time":"5 minutos"},"schema":{"@context":"https:\/\/schema.org","@graph":[{"@type":"WebPage","@id":"https:\/\/mivoot.com\/gt\/producto\/regulador-de-voltaje-1000va-500w-fvr-1011usb-forza\/","url":"https:\/\/mivoot.com\/gt\/producto\/regulador-de-voltaje-1000va-500w-fvr-1011usb-forza\/","name":"Regulador de voltaje 1000VA\/500W FVR-1011USB Forza - Mivoot","isPartOf":{"@id":"https:\/\/mivoot.com\/gt\/#website"},"primaryImageOfPage":{"@id":"https:\/\/mivoot.com\/gt\/producto\/regulador-de-voltaje-1000va-500w-fvr-1011usb-forza\/#primaryimage"},"image":{"@id":"https:\/\/mivoot.com\/gt\/producto\/regulador-de-voltaje-1000va-500w-fvr-1011usb-forza\/#primaryimage"},"thumbnailUrl":"https:\/\/mivoot.com\/gt\/wp-content\/uploads\/2023\/10\/Sin-titulo2839.jpg","datePublished":"2023-10-17T19:49:19+00:00","dateModified":"2023-10-17T19:51:22+00:00","breadcrumb":{"@id":"https:\/\/mivoot.com\/gt\/producto\/regulador-de-voltaje-1000va-500w-fvr-1011usb-forza\/#breadcrumb"},"inLanguage":"es","potentialAction":[{"@type":"ReadAction","target":["https:\/\/mivoot.com\/gt\/producto\/regulador-de-voltaje-1000va-500w-fvr-1011usb-forza\/"]}]},{"@type":"ImageObject","inLanguage":"es","@id":"https:\/\/mivoot.com\/gt\/producto\/regulador-de-voltaje-1000va-500w-fvr-1011usb-forza\/#primaryimage","url":"https:\/\/mivoot.com\/gt\/wp-content\/uploads\/2023\/10\/Sin-titulo2839.jpg","contentUrl":"https:\/\/mivoot.com\/gt\/wp-content\/uploads\/2023\/10\/Sin-titulo2839.jpg","width":1000,"height":1000},{"@type":"BreadcrumbList","@id":"https:\/\/mivoot.com\/gt\/producto\/regulador-de-voltaje-1000va-500w-fvr-1011usb-forza\/#breadcrumb","itemListElement":[{"@type":"ListItem","position":1,"name":"Inicio","item":"https:\/\/mivoot.com\/gt\/"},{"@type":"ListItem","position":2,"name":"Productos","item":"https:\/\/mivoot.com\/gt\/producto\/"},{"@type":"ListItem","position":3,"name":"Forza","item":"https:\/\/mivoot.com\/gt\/marca\/forza\/"},{"@type":"ListItem","position":4,"name":"Regulador de voltaje 1000VA\/500W FVR-1011USB Forza"}]},{"@type":"WebSite","@id":"https:\/\/mivoot.com\/gt\/#website","url":"https:\/\/mivoot.com\/gt\/","name":"Mivoot","description":"Mivoot Guatemala | Tienda Online","publisher":{"@id":"https:\/\/mivoot.com\/gt\/#organization"},"alternateName":"mivoot","potentialAction":[{"@type":"SearchAction","target":{"@type":"EntryPoint","urlTemplate":"https:\/\/mivoot.com\/gt\/?s={search_term_string}"},"query-input":{"@type":"PropertyValueSpecification","valueRequired":true,"valueName":"search_term_string"}}],"inLanguage":"es"},{"@type":"Organization","@id":"https:\/\/mivoot.com\/gt\/#organization","name":"Mivoot Guatemala","alternateName":"mivoot.com","url":"https:\/\/mivoot.com\/gt\/","logo":{"@type":"ImageObject","inLanguage":"es","@id":"https:\/\/mivoot.com\/gt\/#\/schema\/logo\/image\/","url":"https:\/\/mivoot.com\/gt\/wp-content\/uploads\/2023\/03\/cropped-icon.png","contentUrl":"https:\/\/mivoot.com\/gt\/wp-content\/uploads\/2023\/03\/cropped-icon.png","width":512,"height":512,"caption":"Mivoot Guatemala"},"image":{"@id":"https:\/\/mivoot.com\/gt\/#\/schema\/logo\/image\/"},"sameAs":["https:\/\/www.facebook.com\/mivootgt","https:\/\/instagram.com\/mivoot"]}]}},"jetpack_publicize_connections":[],"jetpack_sharing_enabled":true,"brands":[{"id":110,"name":"Forza","slug":"forza"}],"_links":{"self":[{"href":"https:\/\/mivoot.com\/gt\/wp-json\/wp\/v2\/product\/16624","targetHints":{"allow":["GET"]}}],"collection":[{"href":"https:\/\/mivoot.com\/gt\/wp-json\/wp\/v2\/product"}],"about":[{"href":"https:\/\/mivoot.com\/gt\/wp-json\/wp\/v2\/types\/product"}],"replies":[{"embeddable":true,"href":"https:\/\/mivoot.com\/gt\/wp-json\/wp\/v2\/comments?post=16624"}],"version-history":[{"count":1,"href":"https:\/\/mivoot.com\/gt\/wp-json\/wp\/v2\/product\/16624\/revisions"}],"predecessor-version":[{"id":16626,"href":"https:\/\/mivoot.com\/gt\/wp-json\/wp\/v2\/product\/16624\/revisions\/16626"}],"wp:featuredmedia":[{"embeddable":true,"href":"https:\/\/mivoot.com\/gt\/wp-json\/wp\/v2\/media\/16631"}],"wp:attachment":[{"href":"https:\/\/mivoot.com\/gt\/wp-json\/wp\/v2\/media?parent=16624"}],"wp:term":[{"taxonomy":"pwb-brand","embeddable":true,"href":"https:\/\/mivoot.com\/gt\/wp-json\/wp\/v2\/pwb-brand?post=16624"},{"taxonomy":"product_brand","embeddable":true,"href":"https:\/\/mivoot.com\/gt\/wp-json\/wp\/v2\/product_brand?post=16624"},{"taxonomy":"product_cat","embeddable":true,"href":"https:\/\/mivoot.com\/gt\/wp-json\/wp\/v2\/product_cat?post=16624"},{"taxonomy":"product_tag","embeddable":true,"href":"https:\/\/mivoot.com\/gt\/wp-json\/wp\/v2\/product_tag?post=16624"}],"curies":[{"name":"wp","href":"https:\/\/api.w.org\/{rel}","templated":true}]}}