{"id":16678,"date":"2023-10-19T12:03:46","date_gmt":"2023-10-19T18:03:46","guid":{"rendered":"https:\/\/mivoot.com\/gt\/?post_type=product&#038;p=16678"},"modified":"2023-11-06T12:12:09","modified_gmt":"2023-11-06T18:12:09","slug":"silla-gaming-leaf-ninja-naruto-checkpoint","status":"publish","type":"product","link":"https:\/\/mivoot.com\/gt\/producto\/silla-gaming-leaf-ninja-naruto-checkpoint\/","title":{"rendered":"Silla Gaming Leaf Ninja Naruto CheckPoint"},"content":{"rendered":"<h2 class=\"text-uppercase te_s_it_heading\"><span class=\"text-epsilon\"><b>LEAF NINJA NARUTO<\/b><\/span><\/h2>\n<div class=\"s_hr text-left pb32 pt8\">\n<hr class=\"s_hr_4px s_hr_solid w-25 mr-auto border-epsilon\" \/>\n<\/div>\n<p class=\"mb16\"><span class=\"text-epsilon\">Dise\u00f1ada con una atenci\u00f3n meticulosa a los detalles, esta silla de tama\u00f1o est\u00e1ndar presenta espuma de alta densidad totalmente moldeada que proporciona un soporte excepcional. Ya sea que est\u00e9s luchando en batallas \u00e9picas o explorando mundos virtuales, te sentir\u00e1s c\u00f3modo durante horas.<\/span><\/p>\n","protected":false},"excerpt":{"rendered":"<p>&#8211; Material Cuero sint\u00e9tico + gamuza<br \/>\n&#8211; Reposabrazos 3D<br \/>\n&#8211; Marco: marco de metal de 1,5 mm<br \/>\n&#8211; Tama\u00f1o Est\u00e1ndar<br \/>\n&#8211; Espuma de alta densidad totalmente moldeada<br \/>\n&#8211; Reclinable 180\u00ba<br \/>\n&#8211; Peso: 20 Kg.<br \/>\n&#8211; L\u00edmite de peso m\u00e1ximo: 180 kg<br \/>\n&#8211; Elevaci\u00f3n: elevaci\u00f3n de gas clase 3 de 100 mm<br \/>\n&#8211; Base: Base de metal recubierta de negro con ruedas de PU de 60 mm<br \/>\n* Incluye<br \/>\n&#8211; Almohada para reposacabezas<br \/>\n&#8211; Coj\u00edn de apoyo lumbar<\/p>\n","protected":false},"featured_media":16711,"comment_status":"open","ping_status":"closed","template":"","meta":{"jetpack_publicize_message":"","jetpack_publicize_feature_enabled":true,"jetpack_social_post_already_shared":true,"jetpack_social_options":{"image_generator_settings":{"template":"highway","default_image_id":0,"font":"","enabled":false},"version":2}},"pwb-brand":[433],"product_brand":[],"product_cat":[46],"product_tag":[],"class_list":{"0":"post-16678","1":"product","2":"type-product","3":"status-publish","4":"has-post-thumbnail","6":"pwb-brand-checkpoint","7":"product_cat-sillas","9":"first","10":"instock","11":"taxable","12":"shipping-taxable","13":"purchasable","14":"product-type-simple"},"yoast_head":"<!-- This site is optimized with the Yoast SEO Premium plugin v25.7.1 (Yoast SEO v26.8) - https:\/\/yoast.com\/product\/yoast-seo-premium-wordpress\/ -->\n<title>Silla Gaming Leaf Ninja Naruto CheckPoint - Mivoot<\/title>\n<meta name=\"robots\" content=\"index, follow, max-snippet:-1, max-image-preview:large, max-video-preview:-1\" \/>\n<link rel=\"canonical\" href=\"https:\/\/mivoot.com\/gt\/producto\/silla-gaming-leaf-ninja-naruto-checkpoint\/\" \/>\n<meta property=\"og:locale\" content=\"es_ES\" \/>\n<meta property=\"og:type\" content=\"article\" \/>\n<meta property=\"og:title\" content=\"Silla Gaming Leaf Ninja Naruto CheckPoint\" \/>\n<meta property=\"og:description\" content=\"- Material Cuero sint\u00e9tico + gamuza - Reposabrazos 3D - Marco: marco de metal de 1,5 mm - Tama\u00f1o Est\u00e1ndar - Espuma de alta densidad totalmente moldeada - Reclinable 180\u00ba - Peso: 20 Kg. - L\u00edmite de peso m\u00e1ximo: 180 kg - Elevaci\u00f3n: elevaci\u00f3n de gas clase 3 de 100 mm - Base: Base de metal recubierta de negro con ruedas de PU de 60 mm * Incluye - Almohada para reposacabezas - Coj\u00edn de apoyo lumbar\" \/>\n<meta property=\"og:url\" content=\"https:\/\/mivoot.com\/gt\/producto\/silla-gaming-leaf-ninja-naruto-checkpoint\/\" \/>\n<meta property=\"og:site_name\" content=\"Mivoot\" \/>\n<meta property=\"article:publisher\" content=\"https:\/\/www.facebook.com\/mivootgt\" \/>\n<meta property=\"article:modified_time\" content=\"2023-11-06T18:12:09+00:00\" \/>\n<meta property=\"og:image\" content=\"https:\/\/mivoot.com\/gt\/wp-content\/uploads\/2023\/10\/naru5.jpg\" \/>\n\t<meta property=\"og:image:width\" content=\"800\" \/>\n\t<meta property=\"og:image:height\" content=\"800\" \/>\n\t<meta property=\"og:image:type\" content=\"image\/jpeg\" \/>\n<meta name=\"twitter:card\" content=\"summary_large_image\" \/>\n<meta name=\"twitter:label1\" content=\"Est. reading time\" \/>\n\t<meta name=\"twitter:data1\" content=\"1 minuto\" \/>\n<script type=\"application\/ld+json\" class=\"yoast-schema-graph\">{\"@context\":\"https:\/\/schema.org\",\"@graph\":[{\"@type\":\"WebPage\",\"@id\":\"https:\/\/mivoot.com\/gt\/producto\/silla-gaming-leaf-ninja-naruto-checkpoint\/\",\"url\":\"https:\/\/mivoot.com\/gt\/producto\/silla-gaming-leaf-ninja-naruto-checkpoint\/\",\"name\":\"Silla Gaming Leaf Ninja Naruto CheckPoint - Mivoot\",\"isPartOf\":{\"@id\":\"https:\/\/mivoot.com\/gt\/#website\"},\"primaryImageOfPage\":{\"@id\":\"https:\/\/mivoot.com\/gt\/producto\/silla-gaming-leaf-ninja-naruto-checkpoint\/#primaryimage\"},\"image\":{\"@id\":\"https:\/\/mivoot.com\/gt\/producto\/silla-gaming-leaf-ninja-naruto-checkpoint\/#primaryimage\"},\"thumbnailUrl\":\"https:\/\/mivoot.com\/gt\/wp-content\/uploads\/2023\/10\/naru5.jpg\",\"datePublished\":\"2023-10-19T18:03:46+00:00\",\"dateModified\":\"2023-11-06T18:12:09+00:00\",\"breadcrumb\":{\"@id\":\"https:\/\/mivoot.com\/gt\/producto\/silla-gaming-leaf-ninja-naruto-checkpoint\/#breadcrumb\"},\"inLanguage\":\"es\",\"potentialAction\":[{\"@type\":\"ReadAction\",\"target\":[\"https:\/\/mivoot.com\/gt\/producto\/silla-gaming-leaf-ninja-naruto-checkpoint\/\"]}]},{\"@type\":\"ImageObject\",\"inLanguage\":\"es\",\"@id\":\"https:\/\/mivoot.com\/gt\/producto\/silla-gaming-leaf-ninja-naruto-checkpoint\/#primaryimage\",\"url\":\"https:\/\/mivoot.com\/gt\/wp-content\/uploads\/2023\/10\/naru5.jpg\",\"contentUrl\":\"https:\/\/mivoot.com\/gt\/wp-content\/uploads\/2023\/10\/naru5.jpg\",\"width\":800,\"height\":800},{\"@type\":\"BreadcrumbList\",\"@id\":\"https:\/\/mivoot.com\/gt\/producto\/silla-gaming-leaf-ninja-naruto-checkpoint\/#breadcrumb\",\"itemListElement\":[{\"@type\":\"ListItem\",\"position\":1,\"name\":\"Inicio\",\"item\":\"https:\/\/mivoot.com\/gt\/\"},{\"@type\":\"ListItem\",\"position\":2,\"name\":\"Productos\",\"item\":\"https:\/\/mivoot.com\/gt\/producto\/\"},{\"@type\":\"ListItem\",\"position\":3,\"name\":\"CheckPoint\",\"item\":\"https:\/\/mivoot.com\/gt\/marca\/checkpoint\/\"},{\"@type\":\"ListItem\",\"position\":4,\"name\":\"Silla Gaming Leaf Ninja Naruto CheckPoint\"}]},{\"@type\":\"WebSite\",\"@id\":\"https:\/\/mivoot.com\/gt\/#website\",\"url\":\"https:\/\/mivoot.com\/gt\/\",\"name\":\"Mivoot\",\"description\":\"Mivoot Guatemala | Tienda Online\",\"publisher\":{\"@id\":\"https:\/\/mivoot.com\/gt\/#organization\"},\"alternateName\":\"mivoot\",\"potentialAction\":[{\"@type\":\"SearchAction\",\"target\":{\"@type\":\"EntryPoint\",\"urlTemplate\":\"https:\/\/mivoot.com\/gt\/?s={search_term_string}\"},\"query-input\":{\"@type\":\"PropertyValueSpecification\",\"valueRequired\":true,\"valueName\":\"search_term_string\"}}],\"inLanguage\":\"es\"},{\"@type\":\"Organization\",\"@id\":\"https:\/\/mivoot.com\/gt\/#organization\",\"name\":\"Mivoot Guatemala\",\"alternateName\":\"mivoot.com\",\"url\":\"https:\/\/mivoot.com\/gt\/\",\"logo\":{\"@type\":\"ImageObject\",\"inLanguage\":\"es\",\"@id\":\"https:\/\/mivoot.com\/gt\/#\/schema\/logo\/image\/\",\"url\":\"https:\/\/mivoot.com\/gt\/wp-content\/uploads\/2023\/03\/cropped-icon.png\",\"contentUrl\":\"https:\/\/mivoot.com\/gt\/wp-content\/uploads\/2023\/03\/cropped-icon.png\",\"width\":512,\"height\":512,\"caption\":\"Mivoot Guatemala\"},\"image\":{\"@id\":\"https:\/\/mivoot.com\/gt\/#\/schema\/logo\/image\/\"},\"sameAs\":[\"https:\/\/www.facebook.com\/mivootgt\",\"https:\/\/instagram.com\/mivoot\"]}]}<\/script>\n<!-- \/ Yoast SEO Premium plugin. -->","yoast_head_json":{"title":"Silla Gaming Leaf Ninja Naruto CheckPoint - Mivoot","robots":{"index":"index","follow":"follow","max-snippet":"max-snippet:-1","max-image-preview":"max-image-preview:large","max-video-preview":"max-video-preview:-1"},"canonical":"https:\/\/mivoot.com\/gt\/producto\/silla-gaming-leaf-ninja-naruto-checkpoint\/","og_locale":"es_ES","og_type":"article","og_title":"Silla Gaming Leaf Ninja Naruto CheckPoint","og_description":"- Material Cuero sint\u00e9tico + gamuza - Reposabrazos 3D - Marco: marco de metal de 1,5 mm - Tama\u00f1o Est\u00e1ndar - Espuma de alta densidad totalmente moldeada - Reclinable 180\u00ba - Peso: 20 Kg. - L\u00edmite de peso m\u00e1ximo: 180 kg - Elevaci\u00f3n: elevaci\u00f3n de gas clase 3 de 100 mm - Base: Base de metal recubierta de negro con ruedas de PU de 60 mm * Incluye - Almohada para reposacabezas - Coj\u00edn de apoyo lumbar","og_url":"https:\/\/mivoot.com\/gt\/producto\/silla-gaming-leaf-ninja-naruto-checkpoint\/","og_site_name":"Mivoot","article_publisher":"https:\/\/www.facebook.com\/mivootgt","article_modified_time":"2023-11-06T18:12:09+00:00","og_image":[{"width":800,"height":800,"url":"https:\/\/mivoot.com\/gt\/wp-content\/uploads\/2023\/10\/naru5.jpg","type":"image\/jpeg"}],"twitter_card":"summary_large_image","twitter_misc":{"Est. reading time":"1 minuto"},"schema":{"@context":"https:\/\/schema.org","@graph":[{"@type":"WebPage","@id":"https:\/\/mivoot.com\/gt\/producto\/silla-gaming-leaf-ninja-naruto-checkpoint\/","url":"https:\/\/mivoot.com\/gt\/producto\/silla-gaming-leaf-ninja-naruto-checkpoint\/","name":"Silla Gaming Leaf Ninja Naruto CheckPoint - Mivoot","isPartOf":{"@id":"https:\/\/mivoot.com\/gt\/#website"},"primaryImageOfPage":{"@id":"https:\/\/mivoot.com\/gt\/producto\/silla-gaming-leaf-ninja-naruto-checkpoint\/#primaryimage"},"image":{"@id":"https:\/\/mivoot.com\/gt\/producto\/silla-gaming-leaf-ninja-naruto-checkpoint\/#primaryimage"},"thumbnailUrl":"https:\/\/mivoot.com\/gt\/wp-content\/uploads\/2023\/10\/naru5.jpg","datePublished":"2023-10-19T18:03:46+00:00","dateModified":"2023-11-06T18:12:09+00:00","breadcrumb":{"@id":"https:\/\/mivoot.com\/gt\/producto\/silla-gaming-leaf-ninja-naruto-checkpoint\/#breadcrumb"},"inLanguage":"es","potentialAction":[{"@type":"ReadAction","target":["https:\/\/mivoot.com\/gt\/producto\/silla-gaming-leaf-ninja-naruto-checkpoint\/"]}]},{"@type":"ImageObject","inLanguage":"es","@id":"https:\/\/mivoot.com\/gt\/producto\/silla-gaming-leaf-ninja-naruto-checkpoint\/#primaryimage","url":"https:\/\/mivoot.com\/gt\/wp-content\/uploads\/2023\/10\/naru5.jpg","contentUrl":"https:\/\/mivoot.com\/gt\/wp-content\/uploads\/2023\/10\/naru5.jpg","width":800,"height":800},{"@type":"BreadcrumbList","@id":"https:\/\/mivoot.com\/gt\/producto\/silla-gaming-leaf-ninja-naruto-checkpoint\/#breadcrumb","itemListElement":[{"@type":"ListItem","position":1,"name":"Inicio","item":"https:\/\/mivoot.com\/gt\/"},{"@type":"ListItem","position":2,"name":"Productos","item":"https:\/\/mivoot.com\/gt\/producto\/"},{"@type":"ListItem","position":3,"name":"CheckPoint","item":"https:\/\/mivoot.com\/gt\/marca\/checkpoint\/"},{"@type":"ListItem","position":4,"name":"Silla Gaming Leaf Ninja Naruto CheckPoint"}]},{"@type":"WebSite","@id":"https:\/\/mivoot.com\/gt\/#website","url":"https:\/\/mivoot.com\/gt\/","name":"Mivoot","description":"Mivoot Guatemala | Tienda Online","publisher":{"@id":"https:\/\/mivoot.com\/gt\/#organization"},"alternateName":"mivoot","potentialAction":[{"@type":"SearchAction","target":{"@type":"EntryPoint","urlTemplate":"https:\/\/mivoot.com\/gt\/?s={search_term_string}"},"query-input":{"@type":"PropertyValueSpecification","valueRequired":true,"valueName":"search_term_string"}}],"inLanguage":"es"},{"@type":"Organization","@id":"https:\/\/mivoot.com\/gt\/#organization","name":"Mivoot Guatemala","alternateName":"mivoot.com","url":"https:\/\/mivoot.com\/gt\/","logo":{"@type":"ImageObject","inLanguage":"es","@id":"https:\/\/mivoot.com\/gt\/#\/schema\/logo\/image\/","url":"https:\/\/mivoot.com\/gt\/wp-content\/uploads\/2023\/03\/cropped-icon.png","contentUrl":"https:\/\/mivoot.com\/gt\/wp-content\/uploads\/2023\/03\/cropped-icon.png","width":512,"height":512,"caption":"Mivoot Guatemala"},"image":{"@id":"https:\/\/mivoot.com\/gt\/#\/schema\/logo\/image\/"},"sameAs":["https:\/\/www.facebook.com\/mivootgt","https:\/\/instagram.com\/mivoot"]}]}},"jetpack_publicize_connections":[],"jetpack_sharing_enabled":true,"brands":[{"id":433,"name":"CheckPoint","slug":"checkpoint"}],"_links":{"self":[{"href":"https:\/\/mivoot.com\/gt\/wp-json\/wp\/v2\/product\/16678","targetHints":{"allow":["GET"]}}],"collection":[{"href":"https:\/\/mivoot.com\/gt\/wp-json\/wp\/v2\/product"}],"about":[{"href":"https:\/\/mivoot.com\/gt\/wp-json\/wp\/v2\/types\/product"}],"replies":[{"embeddable":true,"href":"https:\/\/mivoot.com\/gt\/wp-json\/wp\/v2\/comments?post=16678"}],"version-history":[{"count":1,"href":"https:\/\/mivoot.com\/gt\/wp-json\/wp\/v2\/product\/16678\/revisions"}],"predecessor-version":[{"id":16685,"href":"https:\/\/mivoot.com\/gt\/wp-json\/wp\/v2\/product\/16678\/revisions\/16685"}],"wp:featuredmedia":[{"embeddable":true,"href":"https:\/\/mivoot.com\/gt\/wp-json\/wp\/v2\/media\/16711"}],"wp:attachment":[{"href":"https:\/\/mivoot.com\/gt\/wp-json\/wp\/v2\/media?parent=16678"}],"wp:term":[{"taxonomy":"pwb-brand","embeddable":true,"href":"https:\/\/mivoot.com\/gt\/wp-json\/wp\/v2\/pwb-brand?post=16678"},{"taxonomy":"product_brand","embeddable":true,"href":"https:\/\/mivoot.com\/gt\/wp-json\/wp\/v2\/product_brand?post=16678"},{"taxonomy":"product_cat","embeddable":true,"href":"https:\/\/mivoot.com\/gt\/wp-json\/wp\/v2\/product_cat?post=16678"},{"taxonomy":"product_tag","embeddable":true,"href":"https:\/\/mivoot.com\/gt\/wp-json\/wp\/v2\/product_tag?post=16678"}],"curies":[{"name":"wp","href":"https:\/\/api.w.org\/{rel}","templated":true}]}}