{"id":16748,"date":"2023-10-19T14:14:46","date_gmt":"2023-10-19T20:14:46","guid":{"rendered":"https:\/\/mivoot.com\/gt\/?post_type=product&#038;p=16748"},"modified":"2023-10-19T14:18:03","modified_gmt":"2023-10-19T20:18:03","slug":"controlador-de-movimiento-fpv-dji","status":"publish","type":"product","link":"https:\/\/mivoot.com\/gt\/producto\/controlador-de-movimiento-fpv-dji\/","title":{"rendered":"Controlador de movimiento FPV DJI"},"content":{"rendered":"<div id=\"aplus_feature_div\" class=\"celwidget pd_rd_w-BcFTf pd_rd_r-V1WEYSRXAD5FSQND5SFC pd_rd_wg-xoeDj\" data-feature-name=\"aplus\" data-csa-c-type=\"widget\" data-csa-c-content-id=\"aplus\" data-csa-c-slot-id=\"aplus_feature_div\" data-csa-c-asin=\"\" data-csa-c-is-in-initial-active-row=\"false\" data-csa-c-id=\"mr04lm-wlahcu-jhu6dj-1d6rn3\" data-cel-widget=\"aplus_feature_div\">\n<div id=\"aplus\" class=\"a-section a-spacing-large bucket\">\n<div class=\"aplus-v2 desktop celwidget\" data-csa-c-id=\"1x8i9l-jg6anr-qdty9t-5gctt8\" data-cel-widget=\"aplus\">\n<div class=\"celwidget aplus-module premium-module-1-image-text aplus-premium\" data-csa-c-id=\"9yx59a-609sc4-vshaq3-6kwr34\" data-cel-widget=\"aplus-premium-module-1-image-text\">\n<div class=\"a-section a-spacing-none premium-aplus premium-aplus-module-1 aplus-container-1\">\n<div class=\"a-section a-spacing-none aplus-display-table\">\n<div class=\"a-section a-spacing-none aplus-module-section aplus-display-table-cell aplus-text-section-left\">\n<div id=\"title_feature_div\" class=\"celwidget\" data-feature-name=\"title\" data-csa-c-type=\"widget\" data-csa-c-content-id=\"title\" data-csa-c-slot-id=\"title_feature_div\" data-csa-c-asin=\"B08V5BCSK9\" data-csa-c-is-in-initial-active-row=\"false\" data-csa-c-id=\"nkeqv8-9ww0ks-ktsu4a-l3107a\" data-cel-widget=\"title_feature_div\">\n<div id=\"titleSection\" class=\"a-section a-spacing-none\">\n<h1 id=\"title\" class=\"a-size-large a-spacing-none\"><span id=\"productTitle\" class=\"a-size-large product-title-word-break\">Controlador de movimiento DJI FPV para maniobras de aviones no tripulados FPV basadas en movimientos de la mano<\/span><\/h1>\n<\/div>\n<\/div>\n<h1 class=\"aplus-h1 aplus-module-1-heading a-text-bold\">Controlador de movimiento DJI<\/h1>\n<p class=\"aplus-p2 aplus-module-1-description\"><span class=\"a-text-bold\">El DJI Motion Controller ofrece una forma completamente nueva de volar.\u00a0Permite que la aeronave maniobre seg\u00fan los movimientos naturales de su mano, brind\u00e1ndole una experiencia de vuelo inmersiva como si estuviera en el asiento del piloto.<\/span><\/p>\n<\/div>\n<\/div>\n<\/div>\n<\/div>\n<div class=\"celwidget aplus-module premium-module-1-image-text aplus-premium\" data-csa-c-id=\"t0kpwd-yhehoo-kbluij-4qcj3t\" data-cel-widget=\"aplus-premium-module-1-image-text\">\n<div class=\"a-section a-spacing-none premium-aplus premium-aplus-module-1 aplus-container-1\">\n<div class=\"a-section a-spacing-none aplus-display-table\">\n<div class=\"a-section a-spacing-none aplus-module-section aplus-display-table-cell aplus-text-section-right\">\n<h1 class=\"aplus-h1 aplus-module-1-heading a-text-bold\">En el cuadro<\/h1>\n<ul class=\"a-unordered-list a-vertical\">\n<li><span class=\"a-list-item\"><span class=\"a-text-bold\">En la caja: Controlador de movimiento DJI \u00d7 1, Cord\u00f3n \u00d7 1<\/span><\/span><\/li>\n<li><span class=\"a-list-item\"><span class=\"a-text-bold\">Compatibilidad: DJI Avata, DJI FPV, DJI Goggles 2, DJI FPV Goggles V2<\/span><\/span><\/li>\n<li><img decoding=\"async\" style=\"font-size: 14.4px;\" src=\"https:\/\/m.media-amazon.com\/images\/S\/aplus-media-library-service-media\/7bf3d0af-1a47-429b-9053-02824596523f.__CR0,0,1464,600_PT0_SX1464_V1___.jpg\" alt=\"DJI FPV Vuela M\u00e1s Kit\" \/>\n<div class=\"a-section a-spacing-none aplus-card-description-wrapper\">\n<div class=\"a-section a-spacing-none aplus-card-description aplus-container-1-2\">\n<div class=\"a-section a-spacing-none aplus-card-table-cell\">\n<div class=\"a-section a-spacing-none aplus-text-background aplus-container-1\">\n<div class=\"a-section a-spacing-none aplus-card-title\">\n<h1 class=\"aplus-h2 a-text-bold\">DJI FPV Vuela M\u00e1s Kit<\/h1>\n<\/div>\n<div class=\"a-section a-spacing-none aplus-card-body\">\n<p class=\"aplus-p3\">Dos bater\u00edas de vuelo inteligentes DJI FPV y un centro de carga de bater\u00edas DJI FPV para un tiempo de vuelo prolongado<img decoding=\"async\" style=\"color: #333333; font-size: 14.4px;\" src=\"https:\/\/m.media-amazon.com\/images\/S\/aplus-media-library-service-media\/587b8198-80e0-45a2-9c63-bfdddef24e81.__CR0,0,1464,600_PT0_SX1464_V1___.jpg\" alt=\"Bater\u00eda de Vuelo Inteligente DJI FPV\" \/><\/p>\n<\/div>\n<\/div>\n<\/div>\n<\/div>\n<\/div>\n<div class=\"a-section a-spacing-none aplus-card-description-wrapper\">\n<div class=\"a-section a-spacing-none aplus-card-description aplus-container-1-2\">\n<div class=\"a-section a-spacing-none aplus-card-table-cell\">\n<div class=\"a-section a-spacing-none aplus-text-background aplus-container-1\">\n<div class=\"a-section a-spacing-none aplus-card-body\"><\/div>\n<\/div>\n<\/div>\n<\/div>\n<\/div>\n<\/li>\n<\/ul>\n<\/div>\n<\/div>\n<\/div>\n<\/div>\n<div class=\"celwidget aplus-module premium-module-13-carousel aplus-premium\" data-csa-c-id=\"81eu7q-ypeom5-2jpbrn-1x5xqy\" data-cel-widget=\"aplus-premium-module-13-carousel\">\n<div class=\"a-section a-spacing-none premium-aplus premium-aplus-module-13\">\n<div class=\"a-section a-spacing-none aplus-carousel-container\">\n<div id=\"premium-aplus-13-carousel-2-id\" class=\"a-begin a-carousel-container a-carousel-display-single a-carousel-transition-slideCircular a-carousel-initialized\" data-a-carousel-options=\"{&quot;peek_percentage&quot;:0,&quot;minimum_gutter_width&quot;:0,&quot;show_partial_next&quot;:false,&quot;name&quot;:&quot;premium-aplus-13-carousel-2&quot;}\" data-a-display-strategy=\"single\" data-a-transition-strategy=\"slideCircular\">\n<div class=\"a-row a-carousel-controls a-carousel-row a-carousel-has-buttons a-carousel-overlay-buttons a-carousel-rounded-buttons\">\n<div class=\"a-carousel-row-inner\">\n<div class=\"a-carousel-col a-carousel-center\">\n<div id=\"anonCarousel3\" class=\"a-carousel-viewport\"><\/div>\n<\/div>\n<\/div>\n<\/div>\n<\/div>\n<\/div>\n<\/div>\n<\/div>\n<\/div>\n<\/div>\n<\/div>\n<div id=\"postPurchaseWhatsInTheBox_MP_feature_div\" class=\"celwidget pd_rd_w-Vu9rN pd_rd_r-V1WEYSRXAD5FSQND5SFC pd_rd_wg-xoeDj\" data-feature-name=\"postPurchaseWhatsInTheBox_MP\" data-csa-c-type=\"widget\" data-csa-c-content-id=\"postPurchaseWhatsInTheBox_MP\" data-csa-c-slot-id=\"postPurchaseWhatsInTheBox_MP_feature_div\" data-csa-c-asin=\"\" data-csa-c-is-in-initial-active-row=\"false\" data-csa-c-id=\"96e17o-oz92bp-gmmef5-jsg2b6\" data-cel-widget=\"postPurchaseWhatsInTheBox_MP_feature_div\">\n<div id=\"whatsInTheBoxDeck\" class=\"a-section a-spacing-base celwidget\" data-csa-c-id=\"sty4vs-oto5xq-p0z00a-9d3gav\" data-cel-widget=\"whatsInTheBoxDeck\">\n<hr class=\"a-divider-normal bucketDivider\" aria-hidden=\"true\" \/>\n<h2>Qu\u00e9 hay en la caja<\/h2>\n<ul>\n<li class=\"postpurchase-included-components-list-item\"><span class=\"a-list-item\">Controlador de movimiento DJI<\/span><\/li>\n<\/ul>\n<\/div>\n<\/div>\n","protected":false},"excerpt":{"rendered":"<p>&#8211; El DJI Motion Controller ofrece una forma completamente nueva de volar. Permite que la aeronave maniobre seg\u00fan los movimientos naturales de su mano, brind\u00e1ndole una experiencia de vuelo inmersiva como si estuviera en el asiento del piloto.<br \/>\n&#8211; En la caja: Controlador de movimiento DJI \u00d7 1, Cord\u00f3n \u00d7 1<br \/>\n&#8211; Compatibilidad: DJI Avata, DJI FPV, DJI Goggles 2, DJI FPV Goggles V2, DJI Goggles Integra<br \/>\n&#8211; Experiencia de vuelo revolucionaria. F\u00e1cil e intuitiva.<br \/>\n&#8211; Peso aproximado. 167 gramos<\/p>\n","protected":false},"featured_media":16759,"comment_status":"open","ping_status":"closed","template":"","meta":{"jetpack_publicize_message":"","jetpack_publicize_feature_enabled":true,"jetpack_social_post_already_shared":true,"jetpack_social_options":{"image_generator_settings":{"template":"highway","default_image_id":0,"font":"","enabled":false},"version":2}},"pwb-brand":[476],"product_brand":[],"product_cat":[475],"product_tag":[],"class_list":{"0":"post-16748","1":"product","2":"type-product","3":"status-publish","4":"has-post-thumbnail","6":"pwb-brand-dji","7":"product_cat-drones","9":"first","10":"instock","11":"taxable","12":"shipping-taxable","13":"purchasable","14":"product-type-simple"},"yoast_head":"<!-- This site is optimized with the Yoast SEO Premium plugin v25.7.1 (Yoast SEO v26.8) - https:\/\/yoast.com\/product\/yoast-seo-premium-wordpress\/ -->\n<title>Controlador de movimiento FPV DJI - Mivoot<\/title>\n<meta name=\"robots\" content=\"index, follow, max-snippet:-1, max-image-preview:large, max-video-preview:-1\" \/>\n<link rel=\"canonical\" href=\"https:\/\/mivoot.com\/gt\/producto\/controlador-de-movimiento-fpv-dji\/\" \/>\n<meta property=\"og:locale\" content=\"es_ES\" \/>\n<meta property=\"og:type\" content=\"article\" \/>\n<meta property=\"og:title\" content=\"Controlador de movimiento FPV DJI\" \/>\n<meta property=\"og:description\" content=\"- El DJI Motion Controller ofrece una forma completamente nueva de volar. Permite que la aeronave maniobre seg\u00fan los movimientos naturales de su mano, brind\u00e1ndole una experiencia de vuelo inmersiva como si estuviera en el asiento del piloto. - En la caja: Controlador de movimiento DJI \u00d7 1, Cord\u00f3n \u00d7 1 - Compatibilidad: DJI Avata, DJI FPV, DJI Goggles 2, DJI FPV Goggles V2, DJI Goggles Integra - Experiencia de vuelo revolucionaria. F\u00e1cil e intuitiva. - Peso aproximado. 167 gramos\" \/>\n<meta property=\"og:url\" content=\"https:\/\/mivoot.com\/gt\/producto\/controlador-de-movimiento-fpv-dji\/\" \/>\n<meta property=\"og:site_name\" content=\"Mivoot\" \/>\n<meta property=\"article:publisher\" content=\"https:\/\/www.facebook.com\/mivootgt\" \/>\n<meta property=\"article:modified_time\" content=\"2023-10-19T20:18:03+00:00\" \/>\n<meta property=\"og:image\" content=\"https:\/\/mivoot.com\/gt\/wp-content\/uploads\/2023\/10\/DJICONTROL2.jpg\" \/>\n\t<meta property=\"og:image:width\" content=\"900\" \/>\n\t<meta property=\"og:image:height\" content=\"1314\" \/>\n\t<meta property=\"og:image:type\" content=\"image\/jpeg\" \/>\n<meta name=\"twitter:card\" content=\"summary_large_image\" \/>\n<meta name=\"twitter:label1\" content=\"Est. reading time\" \/>\n\t<meta name=\"twitter:data1\" content=\"1 minuto\" \/>\n<script type=\"application\/ld+json\" class=\"yoast-schema-graph\">{\"@context\":\"https:\/\/schema.org\",\"@graph\":[{\"@type\":\"WebPage\",\"@id\":\"https:\/\/mivoot.com\/gt\/producto\/controlador-de-movimiento-fpv-dji\/\",\"url\":\"https:\/\/mivoot.com\/gt\/producto\/controlador-de-movimiento-fpv-dji\/\",\"name\":\"Controlador de movimiento FPV DJI - Mivoot\",\"isPartOf\":{\"@id\":\"https:\/\/mivoot.com\/gt\/#website\"},\"primaryImageOfPage\":{\"@id\":\"https:\/\/mivoot.com\/gt\/producto\/controlador-de-movimiento-fpv-dji\/#primaryimage\"},\"image\":{\"@id\":\"https:\/\/mivoot.com\/gt\/producto\/controlador-de-movimiento-fpv-dji\/#primaryimage\"},\"thumbnailUrl\":\"https:\/\/mivoot.com\/gt\/wp-content\/uploads\/2023\/10\/DJICONTROL2.jpg\",\"datePublished\":\"2023-10-19T20:14:46+00:00\",\"dateModified\":\"2023-10-19T20:18:03+00:00\",\"breadcrumb\":{\"@id\":\"https:\/\/mivoot.com\/gt\/producto\/controlador-de-movimiento-fpv-dji\/#breadcrumb\"},\"inLanguage\":\"es\",\"potentialAction\":[{\"@type\":\"ReadAction\",\"target\":[\"https:\/\/mivoot.com\/gt\/producto\/controlador-de-movimiento-fpv-dji\/\"]}]},{\"@type\":\"ImageObject\",\"inLanguage\":\"es\",\"@id\":\"https:\/\/mivoot.com\/gt\/producto\/controlador-de-movimiento-fpv-dji\/#primaryimage\",\"url\":\"https:\/\/mivoot.com\/gt\/wp-content\/uploads\/2023\/10\/DJICONTROL2.jpg\",\"contentUrl\":\"https:\/\/mivoot.com\/gt\/wp-content\/uploads\/2023\/10\/DJICONTROL2.jpg\",\"width\":900,\"height\":1314},{\"@type\":\"BreadcrumbList\",\"@id\":\"https:\/\/mivoot.com\/gt\/producto\/controlador-de-movimiento-fpv-dji\/#breadcrumb\",\"itemListElement\":[{\"@type\":\"ListItem\",\"position\":1,\"name\":\"Inicio\",\"item\":\"https:\/\/mivoot.com\/gt\/\"},{\"@type\":\"ListItem\",\"position\":2,\"name\":\"Productos\",\"item\":\"https:\/\/mivoot.com\/gt\/producto\/\"},{\"@type\":\"ListItem\",\"position\":3,\"name\":\"DJI\",\"item\":\"https:\/\/mivoot.com\/gt\/marca\/dji\/\"},{\"@type\":\"ListItem\",\"position\":4,\"name\":\"Controlador de movimiento FPV DJI\"}]},{\"@type\":\"WebSite\",\"@id\":\"https:\/\/mivoot.com\/gt\/#website\",\"url\":\"https:\/\/mivoot.com\/gt\/\",\"name\":\"Mivoot\",\"description\":\"Mivoot Guatemala | Tienda Online\",\"publisher\":{\"@id\":\"https:\/\/mivoot.com\/gt\/#organization\"},\"alternateName\":\"mivoot\",\"potentialAction\":[{\"@type\":\"SearchAction\",\"target\":{\"@type\":\"EntryPoint\",\"urlTemplate\":\"https:\/\/mivoot.com\/gt\/?s={search_term_string}\"},\"query-input\":{\"@type\":\"PropertyValueSpecification\",\"valueRequired\":true,\"valueName\":\"search_term_string\"}}],\"inLanguage\":\"es\"},{\"@type\":\"Organization\",\"@id\":\"https:\/\/mivoot.com\/gt\/#organization\",\"name\":\"Mivoot Guatemala\",\"alternateName\":\"mivoot.com\",\"url\":\"https:\/\/mivoot.com\/gt\/\",\"logo\":{\"@type\":\"ImageObject\",\"inLanguage\":\"es\",\"@id\":\"https:\/\/mivoot.com\/gt\/#\/schema\/logo\/image\/\",\"url\":\"https:\/\/mivoot.com\/gt\/wp-content\/uploads\/2023\/03\/cropped-icon.png\",\"contentUrl\":\"https:\/\/mivoot.com\/gt\/wp-content\/uploads\/2023\/03\/cropped-icon.png\",\"width\":512,\"height\":512,\"caption\":\"Mivoot Guatemala\"},\"image\":{\"@id\":\"https:\/\/mivoot.com\/gt\/#\/schema\/logo\/image\/\"},\"sameAs\":[\"https:\/\/www.facebook.com\/mivootgt\",\"https:\/\/instagram.com\/mivoot\"]}]}<\/script>\n<!-- \/ Yoast SEO Premium plugin. -->","yoast_head_json":{"title":"Controlador de movimiento FPV DJI - Mivoot","robots":{"index":"index","follow":"follow","max-snippet":"max-snippet:-1","max-image-preview":"max-image-preview:large","max-video-preview":"max-video-preview:-1"},"canonical":"https:\/\/mivoot.com\/gt\/producto\/controlador-de-movimiento-fpv-dji\/","og_locale":"es_ES","og_type":"article","og_title":"Controlador de movimiento FPV DJI","og_description":"- El DJI Motion Controller ofrece una forma completamente nueva de volar. Permite que la aeronave maniobre seg\u00fan los movimientos naturales de su mano, brind\u00e1ndole una experiencia de vuelo inmersiva como si estuviera en el asiento del piloto. - En la caja: Controlador de movimiento DJI \u00d7 1, Cord\u00f3n \u00d7 1 - Compatibilidad: DJI Avata, DJI FPV, DJI Goggles 2, DJI FPV Goggles V2, DJI Goggles Integra - Experiencia de vuelo revolucionaria. F\u00e1cil e intuitiva. - Peso aproximado. 167 gramos","og_url":"https:\/\/mivoot.com\/gt\/producto\/controlador-de-movimiento-fpv-dji\/","og_site_name":"Mivoot","article_publisher":"https:\/\/www.facebook.com\/mivootgt","article_modified_time":"2023-10-19T20:18:03+00:00","og_image":[{"width":900,"height":1314,"url":"https:\/\/mivoot.com\/gt\/wp-content\/uploads\/2023\/10\/DJICONTROL2.jpg","type":"image\/jpeg"}],"twitter_card":"summary_large_image","twitter_misc":{"Est. reading time":"1 minuto"},"schema":{"@context":"https:\/\/schema.org","@graph":[{"@type":"WebPage","@id":"https:\/\/mivoot.com\/gt\/producto\/controlador-de-movimiento-fpv-dji\/","url":"https:\/\/mivoot.com\/gt\/producto\/controlador-de-movimiento-fpv-dji\/","name":"Controlador de movimiento FPV DJI - Mivoot","isPartOf":{"@id":"https:\/\/mivoot.com\/gt\/#website"},"primaryImageOfPage":{"@id":"https:\/\/mivoot.com\/gt\/producto\/controlador-de-movimiento-fpv-dji\/#primaryimage"},"image":{"@id":"https:\/\/mivoot.com\/gt\/producto\/controlador-de-movimiento-fpv-dji\/#primaryimage"},"thumbnailUrl":"https:\/\/mivoot.com\/gt\/wp-content\/uploads\/2023\/10\/DJICONTROL2.jpg","datePublished":"2023-10-19T20:14:46+00:00","dateModified":"2023-10-19T20:18:03+00:00","breadcrumb":{"@id":"https:\/\/mivoot.com\/gt\/producto\/controlador-de-movimiento-fpv-dji\/#breadcrumb"},"inLanguage":"es","potentialAction":[{"@type":"ReadAction","target":["https:\/\/mivoot.com\/gt\/producto\/controlador-de-movimiento-fpv-dji\/"]}]},{"@type":"ImageObject","inLanguage":"es","@id":"https:\/\/mivoot.com\/gt\/producto\/controlador-de-movimiento-fpv-dji\/#primaryimage","url":"https:\/\/mivoot.com\/gt\/wp-content\/uploads\/2023\/10\/DJICONTROL2.jpg","contentUrl":"https:\/\/mivoot.com\/gt\/wp-content\/uploads\/2023\/10\/DJICONTROL2.jpg","width":900,"height":1314},{"@type":"BreadcrumbList","@id":"https:\/\/mivoot.com\/gt\/producto\/controlador-de-movimiento-fpv-dji\/#breadcrumb","itemListElement":[{"@type":"ListItem","position":1,"name":"Inicio","item":"https:\/\/mivoot.com\/gt\/"},{"@type":"ListItem","position":2,"name":"Productos","item":"https:\/\/mivoot.com\/gt\/producto\/"},{"@type":"ListItem","position":3,"name":"DJI","item":"https:\/\/mivoot.com\/gt\/marca\/dji\/"},{"@type":"ListItem","position":4,"name":"Controlador de movimiento FPV DJI"}]},{"@type":"WebSite","@id":"https:\/\/mivoot.com\/gt\/#website","url":"https:\/\/mivoot.com\/gt\/","name":"Mivoot","description":"Mivoot Guatemala | Tienda Online","publisher":{"@id":"https:\/\/mivoot.com\/gt\/#organization"},"alternateName":"mivoot","potentialAction":[{"@type":"SearchAction","target":{"@type":"EntryPoint","urlTemplate":"https:\/\/mivoot.com\/gt\/?s={search_term_string}"},"query-input":{"@type":"PropertyValueSpecification","valueRequired":true,"valueName":"search_term_string"}}],"inLanguage":"es"},{"@type":"Organization","@id":"https:\/\/mivoot.com\/gt\/#organization","name":"Mivoot Guatemala","alternateName":"mivoot.com","url":"https:\/\/mivoot.com\/gt\/","logo":{"@type":"ImageObject","inLanguage":"es","@id":"https:\/\/mivoot.com\/gt\/#\/schema\/logo\/image\/","url":"https:\/\/mivoot.com\/gt\/wp-content\/uploads\/2023\/03\/cropped-icon.png","contentUrl":"https:\/\/mivoot.com\/gt\/wp-content\/uploads\/2023\/03\/cropped-icon.png","width":512,"height":512,"caption":"Mivoot Guatemala"},"image":{"@id":"https:\/\/mivoot.com\/gt\/#\/schema\/logo\/image\/"},"sameAs":["https:\/\/www.facebook.com\/mivootgt","https:\/\/instagram.com\/mivoot"]}]}},"jetpack_publicize_connections":[],"jetpack_sharing_enabled":true,"brands":[{"id":476,"name":"DJI","slug":"dji"}],"_links":{"self":[{"href":"https:\/\/mivoot.com\/gt\/wp-json\/wp\/v2\/product\/16748","targetHints":{"allow":["GET"]}}],"collection":[{"href":"https:\/\/mivoot.com\/gt\/wp-json\/wp\/v2\/product"}],"about":[{"href":"https:\/\/mivoot.com\/gt\/wp-json\/wp\/v2\/types\/product"}],"replies":[{"embeddable":true,"href":"https:\/\/mivoot.com\/gt\/wp-json\/wp\/v2\/comments?post=16748"}],"version-history":[{"count":3,"href":"https:\/\/mivoot.com\/gt\/wp-json\/wp\/v2\/product\/16748\/revisions"}],"predecessor-version":[{"id":16760,"href":"https:\/\/mivoot.com\/gt\/wp-json\/wp\/v2\/product\/16748\/revisions\/16760"}],"wp:featuredmedia":[{"embeddable":true,"href":"https:\/\/mivoot.com\/gt\/wp-json\/wp\/v2\/media\/16759"}],"wp:attachment":[{"href":"https:\/\/mivoot.com\/gt\/wp-json\/wp\/v2\/media?parent=16748"}],"wp:term":[{"taxonomy":"pwb-brand","embeddable":true,"href":"https:\/\/mivoot.com\/gt\/wp-json\/wp\/v2\/pwb-brand?post=16748"},{"taxonomy":"product_brand","embeddable":true,"href":"https:\/\/mivoot.com\/gt\/wp-json\/wp\/v2\/product_brand?post=16748"},{"taxonomy":"product_cat","embeddable":true,"href":"https:\/\/mivoot.com\/gt\/wp-json\/wp\/v2\/product_cat?post=16748"},{"taxonomy":"product_tag","embeddable":true,"href":"https:\/\/mivoot.com\/gt\/wp-json\/wp\/v2\/product_tag?post=16748"}],"curies":[{"name":"wp","href":"https:\/\/api.w.org\/{rel}","templated":true}]}}