{"id":16790,"date":"2023-10-19T16:27:33","date_gmt":"2023-10-19T22:27:33","guid":{"rendered":"https:\/\/mivoot.com\/gt\/?post_type=product&#038;p=16790"},"modified":"2025-12-11T11:52:51","modified_gmt":"2025-12-11T17:52:51","slug":"camara-de-bolsillo-estabilizador-4k-64mp-pocket-2-dji","status":"publish","type":"product","link":"https:\/\/mivoot.com\/gt\/producto\/camara-de-bolsillo-estabilizador-4k-64mp-pocket-2-dji\/","title":{"rendered":"C\u00e1mara de Acci\u00f3n Estabilizador 4K 64MP Pocket 2 DJI"},"content":{"rendered":"<h2>DJI Pocket 2<\/h2>\n<p>De tama\u00f1o de bolsillo y extremadamente port\u00e1til, DJI Pocket 2 es una c\u00e1mara diminuta que te permite grabar momentos memorables con una sola mano. Equipado para estabilizar el movimiento y tomar fotos n\u00edtidas y videos fluidos, Pocket 2 te da la libertad de crear magia a mano.<\/p>\n<p><img decoding=\"async\" class=\" lazyloaded\" src=\"https:\/\/cdn.pacifiko.com\/image\/catalog\/6c3bb69a6ee9ec426b56c676c1e9527e.jpg\" \/><\/p>\n<h3><strong>Especificaciones T\u00e9cnicas:<\/strong><\/h3>\n<p><strong>Card\u00e1n<\/strong><\/p>\n<ul>\n<li>Estabilizaci\u00f3n: 3 ejes<\/li>\n<li>Rango controlable: Pan: -230 \u00b0 a + 70 \u00b0 \/ Inclinaci\u00f3n: -100 \u00b0 a + 50 \u00b0 \/ Giro: \u00b1 45 \u00b0<\/li>\n<li>Rango Mec\u00e1nico: Pan: -250 \u00b0 a + 90 \u00b0 \/ Inclinaci\u00f3n: -180 \u00b0 a + 70 \u00b0 \/ Giro: \u00b1 90 \u00b0<\/li>\n<li>Velocidad m\u00e1xima controlable: 120 \u00b0 \/ s<\/li>\n<li>Rango de vibraci\u00f3n angular: \u00b1 0,005 \u00b0<\/li>\n<\/ul>\n<p><strong>C\u00e1mara<\/strong><\/p>\n<ul>\n<li>Sensor: CMOS de 1 \/ 1,7 \u201dP\u00edxeles, efectivos: 64 MP<\/li>\n<li>Lente: FOV 93 \u00b0 f \/ 1.8<\/li>\n<li>Tama\u00f1o m\u00e1ximo de imagen: 9216 \u00d7 6912 p\u00edxeles<\/li>\n<li>Resoluci\u00f3n de video; 4K Ultra HD: 3840 \u00d7 2160 24\/25\/30\/48\/50 \/ 60fps 2.7K: 2720 \u00d7 1530 @ 24\/25\/30\/48\/50 \/ 60fps FHD: 1920 \u00d7 1080 @ 24\/25\/30\/48 \/ 50 \/ 60fps<\/li>\n<\/ul>\n<p><strong>Bater\u00eda<\/strong><\/p>\n<ul>\n<li>Tipo: LiPo<\/li>\n<li>Capacidad: 875 mAh<\/li>\n<li>Energ\u00eda: 6.738 Wh<\/li>\n<li>Voltaje: 7,7 V<\/li>\n<li>L\u00edmite de voltaje de carga: 8,8 V<\/li>\n<li>Voltaje de entrada: 5 V \/ 2 A o 5 V \/ 1 A<\/li>\n<li>Tiempo de funcionamiento: 140 minutos<\/li>\n<li>Tiempo de carga: 70\u00a0minutos<\/li>\n<\/ul>\n<p><strong>General<\/strong><\/p>\n<ul>\n<li>Dimensiones: 124,7 \u00d7 38,1 \u00d7 30 mil\u00edmetro<\/li>\n<li>Peso: 117 g<\/li>\n<li>Nombre de APP: DJI Mimo<\/li>\n<li>Sistema operativo requerido: iOS 11.0 o posterior Android 7.0 o posterior<\/li>\n<\/ul>\n<p><img decoding=\"async\" src=\"https:\/\/macrocitygt.com\/wp-content\/uploads\/2021\/06\/osmo-pocket-2-creator-combo-macrocity-guatemala.jpg\" alt=\"Osmo Pocket 2 Creator Combo - DJI - Macrocity - PBX 22990909\" \/><\/p>\n","protected":false},"excerpt":{"rendered":"<p>C\u00e1mara de Bolsillo<br \/>\n&#8211; Sensor 11\/7&#8243;<br \/>\n&#8211; Resoluci\u00f3n 64MP<br \/>\n&#8211; Resolucion Efectiva 4K (3840 x 2160)<br \/>\n&#8211; Zoom 8x<br \/>\n&#8211; Estabilizador 3 Ejes<br \/>\n&#8211; Velocidad de Obturaci\u00f3n 1\/8000 s<br \/>\n&#8211; Dimensiones 124 x 38 x 30 mm<br \/>\n&#8211; Formatos de archivo admitidos: FAT32 (\u226432 GB) \/ exFAT (&gt; 32 GB)<br \/>\n&#8211; Formatos de fotos: JPEG \/ DNG<br \/>\n&#8211; Formatos de video: MP4 (MPEG-4 AVC \/ H.264)<\/p>\n","protected":false},"featured_media":16792,"comment_status":"open","ping_status":"closed","template":"","meta":{"jetpack_publicize_message":"","jetpack_publicize_feature_enabled":true,"jetpack_social_post_already_shared":true,"jetpack_social_options":{"image_generator_settings":{"template":"highway","default_image_id":0,"font":"","enabled":false},"version":2}},"pwb-brand":[476],"product_brand":[],"product_cat":[402,424],"product_tag":[],"class_list":{"0":"post-16790","1":"product","2":"type-product","3":"status-publish","4":"has-post-thumbnail","6":"pwb-brand-dji","7":"product_cat-dash-cam-vehiculos","8":"product_cat-estabilizadores","10":"first","11":"onbackorder","12":"taxable","13":"shipping-taxable","14":"purchasable","15":"product-type-simple"},"yoast_head":"<!-- This site is optimized with the Yoast SEO Premium plugin v25.7.1 (Yoast SEO v26.8) - https:\/\/yoast.com\/product\/yoast-seo-premium-wordpress\/ -->\n<title>C\u00e1mara de Acci\u00f3n Estabilizador 4K 64MP Pocket 2 DJI - Mivoot<\/title>\n<meta name=\"robots\" content=\"index, follow, max-snippet:-1, max-image-preview:large, max-video-preview:-1\" \/>\n<link rel=\"canonical\" href=\"https:\/\/mivoot.com\/gt\/producto\/camara-de-bolsillo-estabilizador-4k-64mp-pocket-2-dji\/\" \/>\n<meta property=\"og:locale\" content=\"es_ES\" \/>\n<meta property=\"og:type\" content=\"article\" \/>\n<meta property=\"og:title\" content=\"C\u00e1mara de Acci\u00f3n Estabilizador 4K 64MP Pocket 2 DJI\" \/>\n<meta property=\"og:description\" content=\"C\u00e1mara de Bolsillo &#8211; Sensor 11\/7&#8243; &#8211; Resoluci\u00f3n 64MP &#8211; Resolucion Efectiva 4K (3840 x 2160) &#8211; Zoom 8x &#8211; Estabilizador 3 Ejes &#8211; Velocidad de Obturaci\u00f3n 1\/8000 s &#8211; Dimensiones 124 x 38 x 30 mm &#8211; Formatos de archivo admitidos: FAT32 (\u226432 GB) \/ exFAT (&gt; 32 GB) &#8211; Formatos de fotos: JPEG \/ DNG &#8211; Formatos de video: MP4 (MPEG-4 AVC \/ H.264)\" \/>\n<meta property=\"og:url\" content=\"https:\/\/mivoot.com\/gt\/producto\/camara-de-bolsillo-estabilizador-4k-64mp-pocket-2-dji\/\" \/>\n<meta property=\"og:site_name\" content=\"Mivoot\" \/>\n<meta property=\"article:publisher\" content=\"https:\/\/www.facebook.com\/mivootgt\" \/>\n<meta property=\"article:modified_time\" content=\"2025-12-11T17:52:51+00:00\" \/>\n<meta property=\"og:image\" content=\"https:\/\/mivoot.com\/gt\/wp-content\/uploads\/2023\/10\/MDFiYzJmMD_0_33-1000x1000-1.jpg\" \/>\n\t<meta property=\"og:image:width\" content=\"1000\" \/>\n\t<meta property=\"og:image:height\" content=\"1000\" \/>\n\t<meta property=\"og:image:type\" content=\"image\/jpeg\" \/>\n<meta name=\"twitter:card\" content=\"summary_large_image\" \/>\n<meta name=\"twitter:label1\" content=\"Est. reading time\" \/>\n\t<meta name=\"twitter:data1\" content=\"2 minutos\" \/>\n<script type=\"application\/ld+json\" class=\"yoast-schema-graph\">{\"@context\":\"https:\/\/schema.org\",\"@graph\":[{\"@type\":\"WebPage\",\"@id\":\"https:\/\/mivoot.com\/gt\/producto\/camara-de-bolsillo-estabilizador-4k-64mp-pocket-2-dji\/\",\"url\":\"https:\/\/mivoot.com\/gt\/producto\/camara-de-bolsillo-estabilizador-4k-64mp-pocket-2-dji\/\",\"name\":\"C\u00e1mara de Acci\u00f3n Estabilizador 4K 64MP Pocket 2 DJI - Mivoot\",\"isPartOf\":{\"@id\":\"https:\/\/mivoot.com\/gt\/#website\"},\"primaryImageOfPage\":{\"@id\":\"https:\/\/mivoot.com\/gt\/producto\/camara-de-bolsillo-estabilizador-4k-64mp-pocket-2-dji\/#primaryimage\"},\"image\":{\"@id\":\"https:\/\/mivoot.com\/gt\/producto\/camara-de-bolsillo-estabilizador-4k-64mp-pocket-2-dji\/#primaryimage\"},\"thumbnailUrl\":\"https:\/\/mivoot.com\/gt\/wp-content\/uploads\/2023\/10\/MDFiYzJmMD_0_33-1000x1000-1.jpg\",\"datePublished\":\"2023-10-19T22:27:33+00:00\",\"dateModified\":\"2025-12-11T17:52:51+00:00\",\"breadcrumb\":{\"@id\":\"https:\/\/mivoot.com\/gt\/producto\/camara-de-bolsillo-estabilizador-4k-64mp-pocket-2-dji\/#breadcrumb\"},\"inLanguage\":\"es\",\"potentialAction\":[{\"@type\":\"ReadAction\",\"target\":[\"https:\/\/mivoot.com\/gt\/producto\/camara-de-bolsillo-estabilizador-4k-64mp-pocket-2-dji\/\"]}]},{\"@type\":\"ImageObject\",\"inLanguage\":\"es\",\"@id\":\"https:\/\/mivoot.com\/gt\/producto\/camara-de-bolsillo-estabilizador-4k-64mp-pocket-2-dji\/#primaryimage\",\"url\":\"https:\/\/mivoot.com\/gt\/wp-content\/uploads\/2023\/10\/MDFiYzJmMD_0_33-1000x1000-1.jpg\",\"contentUrl\":\"https:\/\/mivoot.com\/gt\/wp-content\/uploads\/2023\/10\/MDFiYzJmMD_0_33-1000x1000-1.jpg\",\"width\":1000,\"height\":1000},{\"@type\":\"BreadcrumbList\",\"@id\":\"https:\/\/mivoot.com\/gt\/producto\/camara-de-bolsillo-estabilizador-4k-64mp-pocket-2-dji\/#breadcrumb\",\"itemListElement\":[{\"@type\":\"ListItem\",\"position\":1,\"name\":\"Inicio\",\"item\":\"https:\/\/mivoot.com\/gt\/\"},{\"@type\":\"ListItem\",\"position\":2,\"name\":\"Productos\",\"item\":\"https:\/\/mivoot.com\/gt\/producto\/\"},{\"@type\":\"ListItem\",\"position\":3,\"name\":\"DJI\",\"item\":\"https:\/\/mivoot.com\/gt\/marca\/dji\/\"},{\"@type\":\"ListItem\",\"position\":4,\"name\":\"C\u00e1mara de Acci\u00f3n Estabilizador 4K 64MP Pocket 2 DJI\"}]},{\"@type\":\"WebSite\",\"@id\":\"https:\/\/mivoot.com\/gt\/#website\",\"url\":\"https:\/\/mivoot.com\/gt\/\",\"name\":\"Mivoot\",\"description\":\"Mivoot Guatemala | Tienda Online\",\"publisher\":{\"@id\":\"https:\/\/mivoot.com\/gt\/#organization\"},\"alternateName\":\"mivoot\",\"potentialAction\":[{\"@type\":\"SearchAction\",\"target\":{\"@type\":\"EntryPoint\",\"urlTemplate\":\"https:\/\/mivoot.com\/gt\/?s={search_term_string}\"},\"query-input\":{\"@type\":\"PropertyValueSpecification\",\"valueRequired\":true,\"valueName\":\"search_term_string\"}}],\"inLanguage\":\"es\"},{\"@type\":\"Organization\",\"@id\":\"https:\/\/mivoot.com\/gt\/#organization\",\"name\":\"Mivoot Guatemala\",\"alternateName\":\"mivoot.com\",\"url\":\"https:\/\/mivoot.com\/gt\/\",\"logo\":{\"@type\":\"ImageObject\",\"inLanguage\":\"es\",\"@id\":\"https:\/\/mivoot.com\/gt\/#\/schema\/logo\/image\/\",\"url\":\"https:\/\/mivoot.com\/gt\/wp-content\/uploads\/2023\/03\/cropped-icon.png\",\"contentUrl\":\"https:\/\/mivoot.com\/gt\/wp-content\/uploads\/2023\/03\/cropped-icon.png\",\"width\":512,\"height\":512,\"caption\":\"Mivoot Guatemala\"},\"image\":{\"@id\":\"https:\/\/mivoot.com\/gt\/#\/schema\/logo\/image\/\"},\"sameAs\":[\"https:\/\/www.facebook.com\/mivootgt\",\"https:\/\/instagram.com\/mivoot\"]}]}<\/script>\n<!-- \/ Yoast SEO Premium plugin. -->","yoast_head_json":{"title":"C\u00e1mara de Acci\u00f3n Estabilizador 4K 64MP Pocket 2 DJI - Mivoot","robots":{"index":"index","follow":"follow","max-snippet":"max-snippet:-1","max-image-preview":"max-image-preview:large","max-video-preview":"max-video-preview:-1"},"canonical":"https:\/\/mivoot.com\/gt\/producto\/camara-de-bolsillo-estabilizador-4k-64mp-pocket-2-dji\/","og_locale":"es_ES","og_type":"article","og_title":"C\u00e1mara de Acci\u00f3n Estabilizador 4K 64MP Pocket 2 DJI","og_description":"C\u00e1mara de Bolsillo &#8211; Sensor 11\/7&#8243; &#8211; Resoluci\u00f3n 64MP &#8211; Resolucion Efectiva 4K (3840 x 2160) &#8211; Zoom 8x &#8211; Estabilizador 3 Ejes &#8211; Velocidad de Obturaci\u00f3n 1\/8000 s &#8211; Dimensiones 124 x 38 x 30 mm &#8211; Formatos de archivo admitidos: FAT32 (\u226432 GB) \/ exFAT (&gt; 32 GB) &#8211; Formatos de fotos: JPEG \/ DNG &#8211; Formatos de video: MP4 (MPEG-4 AVC \/ H.264)","og_url":"https:\/\/mivoot.com\/gt\/producto\/camara-de-bolsillo-estabilizador-4k-64mp-pocket-2-dji\/","og_site_name":"Mivoot","article_publisher":"https:\/\/www.facebook.com\/mivootgt","article_modified_time":"2025-12-11T17:52:51+00:00","og_image":[{"width":1000,"height":1000,"url":"https:\/\/mivoot.com\/gt\/wp-content\/uploads\/2023\/10\/MDFiYzJmMD_0_33-1000x1000-1.jpg","type":"image\/jpeg"}],"twitter_card":"summary_large_image","twitter_misc":{"Est. reading time":"2 minutos"},"schema":{"@context":"https:\/\/schema.org","@graph":[{"@type":"WebPage","@id":"https:\/\/mivoot.com\/gt\/producto\/camara-de-bolsillo-estabilizador-4k-64mp-pocket-2-dji\/","url":"https:\/\/mivoot.com\/gt\/producto\/camara-de-bolsillo-estabilizador-4k-64mp-pocket-2-dji\/","name":"C\u00e1mara de Acci\u00f3n Estabilizador 4K 64MP Pocket 2 DJI - Mivoot","isPartOf":{"@id":"https:\/\/mivoot.com\/gt\/#website"},"primaryImageOfPage":{"@id":"https:\/\/mivoot.com\/gt\/producto\/camara-de-bolsillo-estabilizador-4k-64mp-pocket-2-dji\/#primaryimage"},"image":{"@id":"https:\/\/mivoot.com\/gt\/producto\/camara-de-bolsillo-estabilizador-4k-64mp-pocket-2-dji\/#primaryimage"},"thumbnailUrl":"https:\/\/mivoot.com\/gt\/wp-content\/uploads\/2023\/10\/MDFiYzJmMD_0_33-1000x1000-1.jpg","datePublished":"2023-10-19T22:27:33+00:00","dateModified":"2025-12-11T17:52:51+00:00","breadcrumb":{"@id":"https:\/\/mivoot.com\/gt\/producto\/camara-de-bolsillo-estabilizador-4k-64mp-pocket-2-dji\/#breadcrumb"},"inLanguage":"es","potentialAction":[{"@type":"ReadAction","target":["https:\/\/mivoot.com\/gt\/producto\/camara-de-bolsillo-estabilizador-4k-64mp-pocket-2-dji\/"]}]},{"@type":"ImageObject","inLanguage":"es","@id":"https:\/\/mivoot.com\/gt\/producto\/camara-de-bolsillo-estabilizador-4k-64mp-pocket-2-dji\/#primaryimage","url":"https:\/\/mivoot.com\/gt\/wp-content\/uploads\/2023\/10\/MDFiYzJmMD_0_33-1000x1000-1.jpg","contentUrl":"https:\/\/mivoot.com\/gt\/wp-content\/uploads\/2023\/10\/MDFiYzJmMD_0_33-1000x1000-1.jpg","width":1000,"height":1000},{"@type":"BreadcrumbList","@id":"https:\/\/mivoot.com\/gt\/producto\/camara-de-bolsillo-estabilizador-4k-64mp-pocket-2-dji\/#breadcrumb","itemListElement":[{"@type":"ListItem","position":1,"name":"Inicio","item":"https:\/\/mivoot.com\/gt\/"},{"@type":"ListItem","position":2,"name":"Productos","item":"https:\/\/mivoot.com\/gt\/producto\/"},{"@type":"ListItem","position":3,"name":"DJI","item":"https:\/\/mivoot.com\/gt\/marca\/dji\/"},{"@type":"ListItem","position":4,"name":"C\u00e1mara de Acci\u00f3n Estabilizador 4K 64MP Pocket 2 DJI"}]},{"@type":"WebSite","@id":"https:\/\/mivoot.com\/gt\/#website","url":"https:\/\/mivoot.com\/gt\/","name":"Mivoot","description":"Mivoot Guatemala | Tienda Online","publisher":{"@id":"https:\/\/mivoot.com\/gt\/#organization"},"alternateName":"mivoot","potentialAction":[{"@type":"SearchAction","target":{"@type":"EntryPoint","urlTemplate":"https:\/\/mivoot.com\/gt\/?s={search_term_string}"},"query-input":{"@type":"PropertyValueSpecification","valueRequired":true,"valueName":"search_term_string"}}],"inLanguage":"es"},{"@type":"Organization","@id":"https:\/\/mivoot.com\/gt\/#organization","name":"Mivoot Guatemala","alternateName":"mivoot.com","url":"https:\/\/mivoot.com\/gt\/","logo":{"@type":"ImageObject","inLanguage":"es","@id":"https:\/\/mivoot.com\/gt\/#\/schema\/logo\/image\/","url":"https:\/\/mivoot.com\/gt\/wp-content\/uploads\/2023\/03\/cropped-icon.png","contentUrl":"https:\/\/mivoot.com\/gt\/wp-content\/uploads\/2023\/03\/cropped-icon.png","width":512,"height":512,"caption":"Mivoot Guatemala"},"image":{"@id":"https:\/\/mivoot.com\/gt\/#\/schema\/logo\/image\/"},"sameAs":["https:\/\/www.facebook.com\/mivootgt","https:\/\/instagram.com\/mivoot"]}]}},"jetpack_publicize_connections":[],"jetpack_sharing_enabled":true,"brands":[{"id":476,"name":"DJI","slug":"dji"}],"_links":{"self":[{"href":"https:\/\/mivoot.com\/gt\/wp-json\/wp\/v2\/product\/16790","targetHints":{"allow":["GET"]}}],"collection":[{"href":"https:\/\/mivoot.com\/gt\/wp-json\/wp\/v2\/product"}],"about":[{"href":"https:\/\/mivoot.com\/gt\/wp-json\/wp\/v2\/types\/product"}],"replies":[{"embeddable":true,"href":"https:\/\/mivoot.com\/gt\/wp-json\/wp\/v2\/comments?post=16790"}],"version-history":[{"count":4,"href":"https:\/\/mivoot.com\/gt\/wp-json\/wp\/v2\/product\/16790\/revisions"}],"predecessor-version":[{"id":31377,"href":"https:\/\/mivoot.com\/gt\/wp-json\/wp\/v2\/product\/16790\/revisions\/31377"}],"wp:featuredmedia":[{"embeddable":true,"href":"https:\/\/mivoot.com\/gt\/wp-json\/wp\/v2\/media\/16792"}],"wp:attachment":[{"href":"https:\/\/mivoot.com\/gt\/wp-json\/wp\/v2\/media?parent=16790"}],"wp:term":[{"taxonomy":"pwb-brand","embeddable":true,"href":"https:\/\/mivoot.com\/gt\/wp-json\/wp\/v2\/pwb-brand?post=16790"},{"taxonomy":"product_brand","embeddable":true,"href":"https:\/\/mivoot.com\/gt\/wp-json\/wp\/v2\/product_brand?post=16790"},{"taxonomy":"product_cat","embeddable":true,"href":"https:\/\/mivoot.com\/gt\/wp-json\/wp\/v2\/product_cat?post=16790"},{"taxonomy":"product_tag","embeddable":true,"href":"https:\/\/mivoot.com\/gt\/wp-json\/wp\/v2\/product_tag?post=16790"}],"curies":[{"name":"wp","href":"https:\/\/api.w.org\/{rel}","templated":true}]}}