{"id":16889,"date":"2023-10-20T17:30:03","date_gmt":"2023-10-20T23:30:03","guid":{"rendered":"https:\/\/mivoot.com\/gt\/?post_type=product&#038;p=16889"},"modified":"2023-10-23T14:47:33","modified_gmt":"2023-10-23T20:47:33","slug":"bociana-jbl-authentics-300","status":"publish","type":"product","link":"https:\/\/mivoot.com\/gt\/producto\/bociana-jbl-authentics-300\/","title":{"rendered":"Bocina JBL Authentics 300"},"content":{"rendered":"\t\t<div data-elementor-type=\"product-post\" data-elementor-id=\"16889\" class=\"elementor elementor-16889\">\n\t\t\t\t\t\t<section class=\"elementor-section elementor-top-section elementor-element elementor-element-c2acdba elementor-section-boxed elementor-section-height-default elementor-section-height-default\" data-id=\"c2acdba\" data-element_type=\"section\">\n\t\t\t\t\t\t<div class=\"elementor-container elementor-column-gap-default\">\n\t\t\t\t\t<div class=\"elementor-column elementor-col-100 elementor-top-column elementor-element elementor-element-1240a92b\" data-id=\"1240a92b\" data-element_type=\"column\">\n\t\t\t<div class=\"elementor-widget-wrap elementor-element-populated\">\n\t\t\t\t\t\t<div class=\"elementor-element elementor-element-158ab26a elementor-widget elementor-widget-text-editor\" data-id=\"158ab26a\" data-element_type=\"widget\" data-widget_type=\"text-editor.default\">\n\t\t\t\t<div class=\"elementor-widget-container\">\n\t\t\t\t\t\t\t\t\t<h2>Estilo retro y sonido superior que combinan a la perfecci\u00f3n en cualquier lugar<\/h2>\r\n<div class=\"spec-row\"><span class=\"spec-key -full\">Disfruta de un estilo retro, un audio incre\u00edble y asistentes de voz duales integrados* en cualquier lugar de tu hogar. Con el recept\u00e1culo de imitaci\u00f3n a la piel del altavoz JBL Authentics 300, su pr\u00e1ctica asa met\u00e1lica, puedes llevar tu m\u00fasica siempre contigo, desde tu playlist en la cocina mientras preparas la cena hasta el podcast de relajaci\u00f3n que te gusta escuchar en el dormitorio. Su dise\u00f1o retro, inspirado en los a\u00f1os 70 y con la ic\u00f3nica rejilla Quadrex, ser\u00e1 toda una declaraci\u00f3n de intenciones all\u00e1 donde lo coloques. Adem\u00e1s, tiene un amplio escenario sonoro, con agudos cristalinos y graves profundos. Con Google Assistant y Amazon Alexa disponibles simult\u00e1neamente*, puedes reproducir tu m\u00fasica favorita, controlar tus dispositivos dom\u00e9sticos inteligentes y mucho m\u00e1s, dejando las manos libres y usando solo tu voz.<\/span><\/div>\t\t\t\t\t\t\t\t<\/div>\n\t\t\t\t<\/div>\n\t\t\t\t\t<\/div>\n\t\t<\/div>\n\t\t\t\t\t<\/div>\n\t\t<\/section>\n\t\t\t\t<section class=\"elementor-section elementor-top-section elementor-element elementor-element-e1969ea elementor-section-boxed elementor-section-height-default elementor-section-height-default\" data-id=\"e1969ea\" data-element_type=\"section\">\n\t\t\t\t\t\t<div class=\"elementor-container elementor-column-gap-default\">\n\t\t\t\t\t<div class=\"elementor-column elementor-col-50 elementor-top-column elementor-element elementor-element-2e31c16\" data-id=\"2e31c16\" data-element_type=\"column\">\n\t\t\t<div class=\"elementor-widget-wrap elementor-element-populated\">\n\t\t\t\t\t\t<div class=\"elementor-element elementor-element-91a61ba elementor-widget elementor-widget-text-editor\" data-id=\"91a61ba\" data-element_type=\"widget\" data-widget_type=\"text-editor.default\">\n\t\t\t\t<div class=\"elementor-widget-container\">\n\t\t\t\t\t\t\t\t\t<h3>Magn\u00edfico rendimiento sonoro<\/h3><p>\u00a0<\/p><p>Llena cualquier habitaci\u00f3n de la casa con un sonido est\u00e9reo. Un par de altavoces de agudos de 25\u00a0mm resaltar\u00e1n los detalles de tu m\u00fasica, mientras que el altavoz de graves de 5,25\u00a0pulgadas y el radiador pasivo de 6,5\u00a0pulgadas ofrecen unos magn\u00edficos graves profundos. Estos componentes de primera calidad garantizan un equilibrio de audio perfecto, independientemente del tipo de m\u00fasica que est\u00e9s escuchando.<\/p>\t\t\t\t\t\t\t\t<\/div>\n\t\t\t\t<\/div>\n\t\t\t\t\t<\/div>\n\t\t<\/div>\n\t\t\t\t<div class=\"elementor-column elementor-col-50 elementor-top-column elementor-element elementor-element-8df9dbe\" data-id=\"8df9dbe\" data-element_type=\"column\">\n\t\t\t<div class=\"elementor-widget-wrap elementor-element-populated\">\n\t\t\t\t\t\t<div class=\"elementor-element elementor-element-82375c9 elementor-widget elementor-widget-text-editor\" data-id=\"82375c9\" data-element_type=\"widget\" data-widget_type=\"text-editor.default\">\n\t\t\t\t<div class=\"elementor-widget-container\">\n\t\t\t\t\t\t\t\t\t<p><img decoding=\"async\" src=\"https:\/\/www.jbl.com.gt\/on\/demandware.static\/-\/Sites-masterCatalog_Harman\/default\/dw87048249\/pdp\/JBL_Authentics-300_Lifestyle01_904x560px.png\" alt=\"Magn\u00edfico rendimiento sonoro\" \/><\/p>\t\t\t\t\t\t\t\t<\/div>\n\t\t\t\t<\/div>\n\t\t\t\t\t<\/div>\n\t\t<\/div>\n\t\t\t\t\t<\/div>\n\t\t<\/section>\n\t\t\t\t<section class=\"elementor-section elementor-top-section elementor-element elementor-element-f05fa15 elementor-section-boxed elementor-section-height-default elementor-section-height-default\" data-id=\"f05fa15\" data-element_type=\"section\">\n\t\t\t\t\t\t<div class=\"elementor-container elementor-column-gap-default\">\n\t\t\t\t\t<div class=\"elementor-column elementor-col-50 elementor-top-column elementor-element elementor-element-6bfc423\" data-id=\"6bfc423\" data-element_type=\"column\">\n\t\t\t<div class=\"elementor-widget-wrap elementor-element-populated\">\n\t\t\t\t\t\t<div class=\"elementor-element elementor-element-ff4edef elementor-widget elementor-widget-text-editor\" data-id=\"ff4edef\" data-element_type=\"widget\" data-widget_type=\"text-editor.default\">\n\t\t\t\t<div class=\"elementor-widget-container\">\n\t\t\t\t\t\t\t\t\t<p><img decoding=\"async\" src=\"https:\/\/www.jbl.com.gt\/on\/demandware.static\/-\/Sites-masterCatalog_Harman\/default\/dw9def0e85\/pdp\/JBL_Authentics_300_Lifestyle_HIP_HOP_904x560px.png\" alt=\"Con un dise\u00f1o de inspiraci\u00f3n retro\" \/><\/p>\t\t\t\t\t\t\t\t<\/div>\n\t\t\t\t<\/div>\n\t\t\t\t\t<\/div>\n\t\t<\/div>\n\t\t\t\t<div class=\"elementor-column elementor-col-50 elementor-top-column elementor-element elementor-element-d824fd3\" data-id=\"d824fd3\" data-element_type=\"column\">\n\t\t\t<div class=\"elementor-widget-wrap elementor-element-populated\">\n\t\t\t\t\t\t<div class=\"elementor-element elementor-element-e10d8ff elementor-widget elementor-widget-text-editor\" data-id=\"e10d8ff\" data-element_type=\"widget\" data-widget_type=\"text-editor.default\">\n\t\t\t\t<div class=\"elementor-widget-container\">\n\t\t\t\t\t\t\t\t\t<h3>Con un dise\u00f1o de inspiraci\u00f3n retro<\/h3><p>JBL Authentics 300 ofrece un estilo ic\u00f3nico inspirado en los dise\u00f1os retro cl\u00e1sicos de JBL, en un altavoz\u00a0 port\u00e1til que queda genial en cualquier entorno. Llenar\u00e1 f\u00e1cilmente cualquier espacio con un sonido JBL superior, por grande o peque\u00f1o que sea. Adem\u00e1s, la pr\u00e1ctica asa de aluminio premium del altavoz, el recept\u00e1culo de piel personalizado y la rejilla Quadrex reinventada muestran la atenci\u00f3n que prestamos a cada detalle visual, hasta el patr\u00f3n especial caracter\u00edstico de JBL que rodea el radiador pasivo de proyecci\u00f3n descendente.<\/p>\t\t\t\t\t\t\t\t<\/div>\n\t\t\t\t<\/div>\n\t\t\t\t\t<\/div>\n\t\t<\/div>\n\t\t\t\t\t<\/div>\n\t\t<\/section>\n\t\t\t\t<section class=\"elementor-section elementor-top-section elementor-element elementor-element-c22e0fd elementor-section-boxed elementor-section-height-default elementor-section-height-default\" data-id=\"c22e0fd\" data-element_type=\"section\">\n\t\t\t\t\t\t<div class=\"elementor-container elementor-column-gap-default\">\n\t\t\t\t\t<div class=\"elementor-column elementor-col-50 elementor-top-column elementor-element elementor-element-f6d5a1a\" data-id=\"f6d5a1a\" data-element_type=\"column\">\n\t\t\t<div class=\"elementor-widget-wrap elementor-element-populated\">\n\t\t\t\t\t\t<div class=\"elementor-element elementor-element-38a12a1 elementor-widget elementor-widget-text-editor\" data-id=\"38a12a1\" data-element_type=\"widget\" data-widget_type=\"text-editor.default\">\n\t\t\t\t<div class=\"elementor-widget-container\">\n\t\t\t\t\t\t\t\t\t<h3>Bater\u00eda incorporada<\/h3><p>Disfruta en cualquier momento gracias a las 8\u00a0horas de reproducci\u00f3n, la bater\u00eda integrada y el asa de transporte integrada que te permite llevar tu audio a cualquier parte.<\/p>\t\t\t\t\t\t\t\t<\/div>\n\t\t\t\t<\/div>\n\t\t\t\t\t<\/div>\n\t\t<\/div>\n\t\t\t\t<div class=\"elementor-column elementor-col-50 elementor-top-column elementor-element elementor-element-1d20f5b\" data-id=\"1d20f5b\" data-element_type=\"column\">\n\t\t\t<div class=\"elementor-widget-wrap elementor-element-populated\">\n\t\t\t\t\t\t<div class=\"elementor-element elementor-element-c4a8d0c elementor-widget elementor-widget-text-editor\" data-id=\"c4a8d0c\" data-element_type=\"widget\" data-widget_type=\"text-editor.default\">\n\t\t\t\t<div class=\"elementor-widget-container\">\n\t\t\t\t\t\t\t\t\t<p><img decoding=\"async\" src=\"https:\/\/www.jbl.com.gt\/on\/demandware.static\/-\/Sites-masterCatalog_Harman\/default\/dw617843b0\/pdp\/JBL_Authentics-300_Lifestyle03_904x560px.png\" alt=\"Bater\u00eda incorporada\" \/><\/p>\t\t\t\t\t\t\t\t<\/div>\n\t\t\t\t<\/div>\n\t\t\t\t\t<\/div>\n\t\t<\/div>\n\t\t\t\t\t<\/div>\n\t\t<\/section>\n\t\t\t\t<section class=\"elementor-section elementor-top-section elementor-element elementor-element-a723cd2 elementor-section-boxed elementor-section-height-default elementor-section-height-default\" data-id=\"a723cd2\" data-element_type=\"section\">\n\t\t\t\t\t\t<div class=\"elementor-container elementor-column-gap-default\">\n\t\t\t\t\t<div class=\"elementor-column elementor-col-100 elementor-top-column elementor-element elementor-element-1eee24c\" data-id=\"1eee24c\" data-element_type=\"column\">\n\t\t\t<div class=\"elementor-widget-wrap elementor-element-populated\">\n\t\t\t\t\t\t<div class=\"elementor-element elementor-element-2dcac25 elementor-widget elementor-widget-text-editor\" data-id=\"2dcac25\" data-element_type=\"widget\" data-widget_type=\"text-editor.default\">\n\t\t\t\t<div class=\"elementor-widget-container\">\n\t\t\t\t\t\t\t\t\t<h3>Caracter\u00edsticas generales<\/h3><div class=\"accordion-content\"><div class=\"spec-row\"><span class=\"spec-key\">Fuente de alimentaci\u00f3n<\/span><span class=\"spec-value\">100 &#8211; 240\u00a0V, ~ 50\/60\u00a0Hz<\/span><\/div><div class=\"spec-row\"><span class=\"spec-key\">Salida de potencia total del altavoz (m\u00e1x. 1\u00a0% THD)<\/span><span class=\"spec-value\">100 W<\/span><\/div><div class=\"spec-row\"><span class=\"spec-key\">Transductor<\/span><span class=\"spec-value\">2 altavoces de agudos de 25\u00a0mm + altavoz de 5,25\u00a0pulgadas<\/span><\/div><div class=\"spec-row\"><span class=\"spec-key\">Potencia de la red en espera<\/span><span class=\"spec-value\">&lt; 2,0\u00a0W<\/span><\/div><div class=\"spec-row\"><span class=\"spec-key\">Temperatura de funcionamiento<\/span><span class=\"spec-value\">0\u00a0\u00b0C &#8211; 45\u00a0\u00b0C<\/span><\/div><div class=\"spec-row\"><span class=\"spec-key\">Bater\u00eda de litio<\/span><span class=\"spec-value\">3,6\u00a0V, 4800\u00a0mAh<\/span><\/div><div class=\"spec-row\"><span class=\"spec-key\">Tiempo de carga de la bater\u00eda<\/span><span class=\"spec-value\">&lt;\u00a03,5\u00a0horas<\/span><\/div><div class=\"spec-row\"><span class=\"spec-key\">Tiempo de reproducci\u00f3n de m\u00fasica<\/span><span class=\"spec-value\">hasta 8\u00a0horas (en funci\u00f3n del nivel de volumen y el contenido de audio)<\/span><\/div><\/div><div><h3>Caracter\u00edsticas Audio<\/h3><div class=\"accordion-content\"><div class=\"spec-row\"><span class=\"spec-key\">Respuesta de frecuencia<\/span><span class=\"spec-value\">45 &#8211; 20\u00a0kHz (-6\u00a0dB)<\/span><\/div><div class=\"spec-row\"><span class=\"spec-key\">Entrada de sonido<\/span><span class=\"spec-value\">1 entrada de audio, Bluetooth\/WIFI, Ethernet, USB (la reproducci\u00f3n USB est\u00e1 disponible en la versi\u00f3n para EE.\u00a0UU. Para otras versiones, el USB es solo para servicio).<\/span><\/div><\/div><div><h3>Medidas<\/h3><div class=\"accordion-content\"><div class=\"spec-row\"><span class=\"spec-key\">Dimensiones (an. x al. x pr.)<\/span><span class=\"spec-value\">342\u00a0x\u00a0195,6\u00a0x\u00a0180,3\u00a0mm<\/span><\/div><div class=\"spec-row\"><span class=\"spec-key\">Peso:4,9\u00a0kg<\/span><span class=\"spec-value\">S\u00ed<\/span><\/div><div class=\"spec-row\"><span class=\"spec-key\">Dimensiones del embalaje (An x Al x P)<\/span><span class=\"spec-value\">403\u00a0x\u00a0272\u00a0x\u00a0272\u00a0mm<\/span><\/div><div class=\"spec-row\"><span class=\"spec-key\">Peso del embalaje<\/span><span class=\"spec-value\">6,64 kg<\/span><\/div><\/div><div><h3>Bater\u00eda<\/h3><div class=\"accordion-content\"><div class=\"spec-row\"><span class=\"spec-key\">Charging time (hrs) <\/span><span class=\"spec-value\">3.5<\/span><\/div><div class=\"spec-row\"><span class=\"spec-key\">Tiempo de reproducci\u00f3n de musica <\/span><span class=\"spec-value\">8<\/span><\/div><\/div><div><h3>Caracter\u00edsticas<\/h3><div class=\"accordion-content\"><div class=\"spec-row\"><span class=\"spec-key\">Built-in Wi-Fi <\/span><span class=\"spec-value\">S\u00ed<\/span><\/div><div class=\"spec-row\"><span class=\"spec-key\">JBL One App <\/span><span class=\"spec-value\">S\u00ed<\/span><\/div><div class=\"spec-row\"><span class=\"spec-key\">Entrada de cable de audio de 3,5 mm <\/span><span class=\"spec-value\">S\u00ed<\/span><\/div><div class=\"spec-row\"><span class=\"spec-key\">Integraci\u00f3n con asistente de voz <\/span><span class=\"spec-value\">S\u00ed<\/span><\/div><div class=\"spec-row\"><span class=\"spec-key\">Bater\u00eda recargable <\/span><span class=\"spec-value\">S\u00ed<\/span><\/div><div class=\"spec-row\"><span class=\"spec-key\">Bluetooth <\/span><span class=\"spec-value\">S\u00ed<\/span><\/div><\/div><\/div><\/div><\/div><\/div>\t\t\t\t\t\t\t\t<\/div>\n\t\t\t\t<\/div>\n\t\t\t\t\t<\/div>\n\t\t<\/div>\n\t\t\t\t\t<\/div>\n\t\t<\/section>\n\t\t\t\t<\/div>\n\t\t","protected":false},"excerpt":{"rendered":"<p>&#8211; Potencia de salida m\u00e1xima del altavoz 300 W<br \/>\n&#8211; Tecnolog\u00eda de comunicaci\u00f3n inal\u00e1mbrica Bluetooth, Wi-Fi<br \/>\n&#8211; Tama\u00f1o del altavoz 6,5 pulgadas<br \/>\n&#8211; Tiempo de Carga (hrs) 3.5<br \/>\n&#8211; Tiempo de reproducci\u00f3n de musica 8hrs de Bateria<br \/>\n&#8211; Entrada de sonido 1 entrada de audio, Bluetooth\/WIFI, Ethernet, USB<br \/>\n&#8211; Es resistente al agua No<br \/>\n&#8211; JBL Authentics 300, cable de alimentaci\u00f3n, gu\u00eda de inicio r\u00e1pido, hoja de seguridad, tarjeta de garant\u00eda<br \/>\n&#8211; Dimensiones del producto 7,1&#8243; de profundidad x 13,46&#8243; de ancho x 13,46&#8243; de alto<br \/>\n&#8211; Peso del art\u00edculo 6,6 kilogramos<\/p>\n","protected":false},"featured_media":16897,"comment_status":"open","ping_status":"closed","template":"","meta":{"jetpack_publicize_message":"","jetpack_publicize_feature_enabled":true,"jetpack_social_post_already_shared":true,"jetpack_social_options":{"image_generator_settings":{"template":"highway","default_image_id":0,"font":"","enabled":false},"version":2}},"pwb-brand":[75],"product_brand":[],"product_cat":[26],"product_tag":[],"class_list":{"0":"post-16889","1":"product","2":"type-product","3":"status-publish","4":"has-post-thumbnail","6":"pwb-brand-jbl","7":"product_cat-bocinas","9":"first","10":"instock","11":"taxable","12":"shipping-taxable","13":"purchasable","14":"product-type-simple"},"yoast_head":"<!-- This site is optimized with the Yoast SEO Premium plugin v25.7.1 (Yoast SEO v26.8) - https:\/\/yoast.com\/product\/yoast-seo-premium-wordpress\/ -->\n<title>Bocina JBL Authentics 300 - Mivoot<\/title>\n<meta name=\"robots\" content=\"index, follow, max-snippet:-1, max-image-preview:large, max-video-preview:-1\" \/>\n<link rel=\"canonical\" href=\"https:\/\/mivoot.com\/gt\/producto\/bociana-jbl-authentics-300\/\" \/>\n<meta property=\"og:locale\" content=\"es_ES\" \/>\n<meta property=\"og:type\" content=\"article\" \/>\n<meta property=\"og:title\" content=\"Bocina JBL Authentics 300\" \/>\n<meta property=\"og:description\" content=\"- Potencia de salida m\u00e1xima del altavoz 300 W - Tecnolog\u00eda de comunicaci\u00f3n inal\u00e1mbrica Bluetooth, Wi-Fi - Tama\u00f1o del altavoz 6,5 pulgadas - Tiempo de Carga (hrs) 3.5 - Tiempo de reproducci\u00f3n de musica 8hrs de Bateria - Entrada de sonido 1 entrada de audio, Bluetooth\/WIFI, Ethernet, USB - Es resistente al agua No - JBL Authentics 300, cable de alimentaci\u00f3n, gu\u00eda de inicio r\u00e1pido, hoja de seguridad, tarjeta de garant\u00eda - Dimensiones del producto 7,1&quot; de profundidad x 13,46&quot; de ancho x 13,46&quot; de alto - Peso del art\u00edculo 6,6 kilogramos\" \/>\n<meta property=\"og:url\" content=\"https:\/\/mivoot.com\/gt\/producto\/bociana-jbl-authentics-300\/\" \/>\n<meta property=\"og:site_name\" content=\"Mivoot\" \/>\n<meta property=\"article:publisher\" content=\"https:\/\/www.facebook.com\/mivootgt\" \/>\n<meta property=\"article:modified_time\" content=\"2023-10-23T20:47:33+00:00\" \/>\n<meta property=\"og:image\" content=\"https:\/\/mivoot.com\/gt\/wp-content\/uploads\/2023\/10\/JBL_AUTHENTICS_300_FRONT_42821_x5.png\" \/>\n\t<meta property=\"og:image:width\" content=\"537\" \/>\n\t<meta property=\"og:image:height\" content=\"537\" \/>\n\t<meta property=\"og:image:type\" content=\"image\/png\" \/>\n<meta name=\"twitter:card\" content=\"summary_large_image\" \/>\n<meta name=\"twitter:label1\" content=\"Est. reading time\" \/>\n\t<meta name=\"twitter:data1\" content=\"3 minutos\" \/>\n<script type=\"application\/ld+json\" class=\"yoast-schema-graph\">{\"@context\":\"https:\/\/schema.org\",\"@graph\":[{\"@type\":\"WebPage\",\"@id\":\"https:\/\/mivoot.com\/gt\/producto\/bociana-jbl-authentics-300\/\",\"url\":\"https:\/\/mivoot.com\/gt\/producto\/bociana-jbl-authentics-300\/\",\"name\":\"Bocina JBL Authentics 300 - Mivoot\",\"isPartOf\":{\"@id\":\"https:\/\/mivoot.com\/gt\/#website\"},\"primaryImageOfPage\":{\"@id\":\"https:\/\/mivoot.com\/gt\/producto\/bociana-jbl-authentics-300\/#primaryimage\"},\"image\":{\"@id\":\"https:\/\/mivoot.com\/gt\/producto\/bociana-jbl-authentics-300\/#primaryimage\"},\"thumbnailUrl\":\"https:\/\/mivoot.com\/gt\/wp-content\/uploads\/2023\/10\/JBL_AUTHENTICS_300_FRONT_42821_x5.png\",\"datePublished\":\"2023-10-20T23:30:03+00:00\",\"dateModified\":\"2023-10-23T20:47:33+00:00\",\"breadcrumb\":{\"@id\":\"https:\/\/mivoot.com\/gt\/producto\/bociana-jbl-authentics-300\/#breadcrumb\"},\"inLanguage\":\"es\",\"potentialAction\":[{\"@type\":\"ReadAction\",\"target\":[\"https:\/\/mivoot.com\/gt\/producto\/bociana-jbl-authentics-300\/\"]}]},{\"@type\":\"ImageObject\",\"inLanguage\":\"es\",\"@id\":\"https:\/\/mivoot.com\/gt\/producto\/bociana-jbl-authentics-300\/#primaryimage\",\"url\":\"https:\/\/mivoot.com\/gt\/wp-content\/uploads\/2023\/10\/JBL_AUTHENTICS_300_FRONT_42821_x5.png\",\"contentUrl\":\"https:\/\/mivoot.com\/gt\/wp-content\/uploads\/2023\/10\/JBL_AUTHENTICS_300_FRONT_42821_x5.png\",\"width\":537,\"height\":537},{\"@type\":\"BreadcrumbList\",\"@id\":\"https:\/\/mivoot.com\/gt\/producto\/bociana-jbl-authentics-300\/#breadcrumb\",\"itemListElement\":[{\"@type\":\"ListItem\",\"position\":1,\"name\":\"Inicio\",\"item\":\"https:\/\/mivoot.com\/gt\/\"},{\"@type\":\"ListItem\",\"position\":2,\"name\":\"Productos\",\"item\":\"https:\/\/mivoot.com\/gt\/producto\/\"},{\"@type\":\"ListItem\",\"position\":3,\"name\":\"JBL\",\"item\":\"https:\/\/mivoot.com\/gt\/marca\/jbl\/\"},{\"@type\":\"ListItem\",\"position\":4,\"name\":\"Bocina JBL Authentics 300\"}]},{\"@type\":\"WebSite\",\"@id\":\"https:\/\/mivoot.com\/gt\/#website\",\"url\":\"https:\/\/mivoot.com\/gt\/\",\"name\":\"Mivoot\",\"description\":\"Mivoot Guatemala | Tienda Online\",\"publisher\":{\"@id\":\"https:\/\/mivoot.com\/gt\/#organization\"},\"alternateName\":\"mivoot\",\"potentialAction\":[{\"@type\":\"SearchAction\",\"target\":{\"@type\":\"EntryPoint\",\"urlTemplate\":\"https:\/\/mivoot.com\/gt\/?s={search_term_string}\"},\"query-input\":{\"@type\":\"PropertyValueSpecification\",\"valueRequired\":true,\"valueName\":\"search_term_string\"}}],\"inLanguage\":\"es\"},{\"@type\":\"Organization\",\"@id\":\"https:\/\/mivoot.com\/gt\/#organization\",\"name\":\"Mivoot Guatemala\",\"alternateName\":\"mivoot.com\",\"url\":\"https:\/\/mivoot.com\/gt\/\",\"logo\":{\"@type\":\"ImageObject\",\"inLanguage\":\"es\",\"@id\":\"https:\/\/mivoot.com\/gt\/#\/schema\/logo\/image\/\",\"url\":\"https:\/\/mivoot.com\/gt\/wp-content\/uploads\/2023\/03\/cropped-icon.png\",\"contentUrl\":\"https:\/\/mivoot.com\/gt\/wp-content\/uploads\/2023\/03\/cropped-icon.png\",\"width\":512,\"height\":512,\"caption\":\"Mivoot Guatemala\"},\"image\":{\"@id\":\"https:\/\/mivoot.com\/gt\/#\/schema\/logo\/image\/\"},\"sameAs\":[\"https:\/\/www.facebook.com\/mivootgt\",\"https:\/\/instagram.com\/mivoot\"]}]}<\/script>\n<!-- \/ Yoast SEO Premium plugin. -->","yoast_head_json":{"title":"Bocina JBL Authentics 300 - Mivoot","robots":{"index":"index","follow":"follow","max-snippet":"max-snippet:-1","max-image-preview":"max-image-preview:large","max-video-preview":"max-video-preview:-1"},"canonical":"https:\/\/mivoot.com\/gt\/producto\/bociana-jbl-authentics-300\/","og_locale":"es_ES","og_type":"article","og_title":"Bocina JBL Authentics 300","og_description":"- Potencia de salida m\u00e1xima del altavoz 300 W - Tecnolog\u00eda de comunicaci\u00f3n inal\u00e1mbrica Bluetooth, Wi-Fi - Tama\u00f1o del altavoz 6,5 pulgadas - Tiempo de Carga (hrs) 3.5 - Tiempo de reproducci\u00f3n de musica 8hrs de Bateria - Entrada de sonido 1 entrada de audio, Bluetooth\/WIFI, Ethernet, USB - Es resistente al agua No - JBL Authentics 300, cable de alimentaci\u00f3n, gu\u00eda de inicio r\u00e1pido, hoja de seguridad, tarjeta de garant\u00eda - Dimensiones del producto 7,1\" de profundidad x 13,46\" de ancho x 13,46\" de alto - Peso del art\u00edculo 6,6 kilogramos","og_url":"https:\/\/mivoot.com\/gt\/producto\/bociana-jbl-authentics-300\/","og_site_name":"Mivoot","article_publisher":"https:\/\/www.facebook.com\/mivootgt","article_modified_time":"2023-10-23T20:47:33+00:00","og_image":[{"width":537,"height":537,"url":"https:\/\/mivoot.com\/gt\/wp-content\/uploads\/2023\/10\/JBL_AUTHENTICS_300_FRONT_42821_x5.png","type":"image\/png"}],"twitter_card":"summary_large_image","twitter_misc":{"Est. reading time":"3 minutos"},"schema":{"@context":"https:\/\/schema.org","@graph":[{"@type":"WebPage","@id":"https:\/\/mivoot.com\/gt\/producto\/bociana-jbl-authentics-300\/","url":"https:\/\/mivoot.com\/gt\/producto\/bociana-jbl-authentics-300\/","name":"Bocina JBL Authentics 300 - Mivoot","isPartOf":{"@id":"https:\/\/mivoot.com\/gt\/#website"},"primaryImageOfPage":{"@id":"https:\/\/mivoot.com\/gt\/producto\/bociana-jbl-authentics-300\/#primaryimage"},"image":{"@id":"https:\/\/mivoot.com\/gt\/producto\/bociana-jbl-authentics-300\/#primaryimage"},"thumbnailUrl":"https:\/\/mivoot.com\/gt\/wp-content\/uploads\/2023\/10\/JBL_AUTHENTICS_300_FRONT_42821_x5.png","datePublished":"2023-10-20T23:30:03+00:00","dateModified":"2023-10-23T20:47:33+00:00","breadcrumb":{"@id":"https:\/\/mivoot.com\/gt\/producto\/bociana-jbl-authentics-300\/#breadcrumb"},"inLanguage":"es","potentialAction":[{"@type":"ReadAction","target":["https:\/\/mivoot.com\/gt\/producto\/bociana-jbl-authentics-300\/"]}]},{"@type":"ImageObject","inLanguage":"es","@id":"https:\/\/mivoot.com\/gt\/producto\/bociana-jbl-authentics-300\/#primaryimage","url":"https:\/\/mivoot.com\/gt\/wp-content\/uploads\/2023\/10\/JBL_AUTHENTICS_300_FRONT_42821_x5.png","contentUrl":"https:\/\/mivoot.com\/gt\/wp-content\/uploads\/2023\/10\/JBL_AUTHENTICS_300_FRONT_42821_x5.png","width":537,"height":537},{"@type":"BreadcrumbList","@id":"https:\/\/mivoot.com\/gt\/producto\/bociana-jbl-authentics-300\/#breadcrumb","itemListElement":[{"@type":"ListItem","position":1,"name":"Inicio","item":"https:\/\/mivoot.com\/gt\/"},{"@type":"ListItem","position":2,"name":"Productos","item":"https:\/\/mivoot.com\/gt\/producto\/"},{"@type":"ListItem","position":3,"name":"JBL","item":"https:\/\/mivoot.com\/gt\/marca\/jbl\/"},{"@type":"ListItem","position":4,"name":"Bocina JBL Authentics 300"}]},{"@type":"WebSite","@id":"https:\/\/mivoot.com\/gt\/#website","url":"https:\/\/mivoot.com\/gt\/","name":"Mivoot","description":"Mivoot Guatemala | Tienda Online","publisher":{"@id":"https:\/\/mivoot.com\/gt\/#organization"},"alternateName":"mivoot","potentialAction":[{"@type":"SearchAction","target":{"@type":"EntryPoint","urlTemplate":"https:\/\/mivoot.com\/gt\/?s={search_term_string}"},"query-input":{"@type":"PropertyValueSpecification","valueRequired":true,"valueName":"search_term_string"}}],"inLanguage":"es"},{"@type":"Organization","@id":"https:\/\/mivoot.com\/gt\/#organization","name":"Mivoot Guatemala","alternateName":"mivoot.com","url":"https:\/\/mivoot.com\/gt\/","logo":{"@type":"ImageObject","inLanguage":"es","@id":"https:\/\/mivoot.com\/gt\/#\/schema\/logo\/image\/","url":"https:\/\/mivoot.com\/gt\/wp-content\/uploads\/2023\/03\/cropped-icon.png","contentUrl":"https:\/\/mivoot.com\/gt\/wp-content\/uploads\/2023\/03\/cropped-icon.png","width":512,"height":512,"caption":"Mivoot Guatemala"},"image":{"@id":"https:\/\/mivoot.com\/gt\/#\/schema\/logo\/image\/"},"sameAs":["https:\/\/www.facebook.com\/mivootgt","https:\/\/instagram.com\/mivoot"]}]}},"jetpack_publicize_connections":[],"jetpack_sharing_enabled":true,"brands":[{"id":75,"name":"JBL","slug":"jbl"}],"_links":{"self":[{"href":"https:\/\/mivoot.com\/gt\/wp-json\/wp\/v2\/product\/16889","targetHints":{"allow":["GET"]}}],"collection":[{"href":"https:\/\/mivoot.com\/gt\/wp-json\/wp\/v2\/product"}],"about":[{"href":"https:\/\/mivoot.com\/gt\/wp-json\/wp\/v2\/types\/product"}],"replies":[{"embeddable":true,"href":"https:\/\/mivoot.com\/gt\/wp-json\/wp\/v2\/comments?post=16889"}],"version-history":[{"count":7,"href":"https:\/\/mivoot.com\/gt\/wp-json\/wp\/v2\/product\/16889\/revisions"}],"predecessor-version":[{"id":16924,"href":"https:\/\/mivoot.com\/gt\/wp-json\/wp\/v2\/product\/16889\/revisions\/16924"}],"wp:featuredmedia":[{"embeddable":true,"href":"https:\/\/mivoot.com\/gt\/wp-json\/wp\/v2\/media\/16897"}],"wp:attachment":[{"href":"https:\/\/mivoot.com\/gt\/wp-json\/wp\/v2\/media?parent=16889"}],"wp:term":[{"taxonomy":"pwb-brand","embeddable":true,"href":"https:\/\/mivoot.com\/gt\/wp-json\/wp\/v2\/pwb-brand?post=16889"},{"taxonomy":"product_brand","embeddable":true,"href":"https:\/\/mivoot.com\/gt\/wp-json\/wp\/v2\/product_brand?post=16889"},{"taxonomy":"product_cat","embeddable":true,"href":"https:\/\/mivoot.com\/gt\/wp-json\/wp\/v2\/product_cat?post=16889"},{"taxonomy":"product_tag","embeddable":true,"href":"https:\/\/mivoot.com\/gt\/wp-json\/wp\/v2\/product_tag?post=16889"}],"curies":[{"name":"wp","href":"https:\/\/api.w.org\/{rel}","templated":true}]}}