{"id":17052,"date":"2023-10-30T14:38:55","date_gmt":"2023-10-30T20:38:55","guid":{"rendered":"https:\/\/mivoot.com\/gt\/?post_type=product&#038;p=17052"},"modified":"2024-08-13T16:58:21","modified_gmt":"2024-08-13T22:58:21","slug":"pantalla-de-proyeccion-100-manual-pared-y-techo-klip-xtreme","status":"publish","type":"product","link":"https:\/\/mivoot.com\/gt\/producto\/pantalla-de-proyeccion-100-manual-pared-y-techo-klip-xtreme\/","title":{"rendered":"Pantalla de Proyecci\u00f3n 100&#8243; (16:9) Manual Pared y Techo Klip Xtreme"},"content":{"rendered":"<div>\n<h2>Expande tu capacidad de exposici\u00f3n<\/h2>\n<\/div>\n<p>Esta pantalla de proyecci\u00f3n es muy f\u00e1cil de usar. Simplemente despli\u00e9gala y vu\u00e9lvela a plegar cuando no la utilices; la misma queda trabada de forma autom\u00e1tica. Su acabado visi\u00f3n. Posee sistema de montaje dual para instalar en la pared o el cielo raso.<\/p>\n<ul>\n<li>Pantalla para proyecci\u00f3n, operaci\u00f3n manual y seguro autom\u00e1tico<\/li>\n<li>Para instalar en la pared o en el cielo raso<\/li>\n<li>Disponible con la cubierta en color Negro<\/li>\n<li>Pantalla de color blanco mate<\/li>\n<li>F\u00e1cil de instalar<\/li>\n<li>F\u00e1cil de usar<\/li>\n<li>Grosor de la pantalla: 0,42mm +\/-0,03in<\/li>\n<\/ul>\n<div class=\"row\"  id=\"row-376300761\">\n\n\t<div id=\"col-1633540691\" class=\"col medium-1\/3 large-4\"  >\n\t\t<div class=\"col-inner\"  >\n\t\t\t\n\t\t\t\n<p><img decoding=\"async\" class=\"m-auto\" src=\"https:\/\/klip-xtreme-frontend.s3.amazonaws.com\/media\/img\/Icon-Dual-wall-and-ceiling.png\" \/><\/p>\n<p class=\"product-banner-subtitle mb-0\">Dise\u00f1o de instalaci\u00f3n de doble pared y techo.<\/p>\n\t\t<\/div>\n\t\t\t<\/div>\n\n\t\n\n\t<div id=\"col-831734803\" class=\"col medium-1\/3 large-4\"  >\n\t\t<div class=\"col-inner\"  >\n\t\t\t\n\t\t\t\n<p><img decoding=\"async\" class=\"m-auto\" src=\"https:\/\/klip-xtreme-frontend.s3.amazonaws.com\/media\/img\/Icon-16-9-aspect-ratio.png\" \/><\/p>\n<p class=\"product-banner-subtitle mb-0\">Relaci\u00f3n de aspecto 16:9\t\t<\/div>\n\t\t\t<\/div>\n\n\t\n\n\t<div id=\"col-257422802\" class=\"col medium-1\/3 large-4\"  >\n\t\t<div class=\"col-inner\"  >\n\t\t\t\n\t\t\t\n<p><img decoding=\"async\" class=\"m-auto\" src=\"https:\/\/klip-xtreme-frontend.s3.amazonaws.com\/media\/img\/Icon-Max-screen-size.png\" \/><\/p>\n<p class=\"product-banner-subtitle mb-0\">Tama\u00f1o m\u00e1x. de la pantalla<\/p>\n<p>(diagonal) 100in\/2,54m<\/p>\n\t\t<\/div>\n\t\t\t<\/div>\n\n\t\n<\/div>\n<p>&nbsp;<\/p>\n<p>&nbsp;<\/p>\n<p><img decoding=\"async\" src=\"https:\/\/cdn.thewirecutter.com\/wp-content\/uploads\/2014\/10\/projector-screen-2x1-fullres-2.jpg?auto=webp&amp;quality=75&amp;crop=2:1&amp;width=1024\" alt=\"The Best Projector Screen (for most people) | Reviews by ...\" \/><\/p>\n<p><img decoding=\"async\" src=\"https:\/\/m.media-amazon.com\/images\/I\/61kegZn8bkL._AC_SL1001_.jpg\" \/><\/p>\n","protected":false},"excerpt":{"rendered":"<p>&#8211; Tipo de soporte: Pared y cielo raso<br \/>\n&#8211; Tipo de operaci\u00f3n: Manual<br \/>\n&#8211; Relaci\u00f3n de aspecto: 16:09<br \/>\n&#8211; Sistema de autobloqueo: Si<br \/>\n&#8211; Color: Blanca con marco negro<br \/>\n&#8211; Ganancia: 1.1<br \/>\n&#8211; Retardador de llama: Si<br \/>\n&#8211; Tama\u00f1o de la pantalla (Diagonal): 100in\/2,54m<br \/>\n&#8211; Dimensiones de la pantalla (AlxAnxLa): 2300x1540x0,45mm<br \/>\n&#8211; Material de la pantalla: Capas exteriores de PVC, capa interior de tela<br \/>\n&#8211; Grosor de la pantalla: 0,42mm +\/-0,03mm<br \/>\n&#8211; Altura del \u00e1rea de visi\u00f3n: 126cm<br \/>\n&#8211; Ancho del \u00e1rea de visi\u00f3n: 224cm<br \/>\n&#8211; Peso: 9,5kg<\/p>\n","protected":false},"featured_media":17055,"comment_status":"open","ping_status":"closed","template":"","meta":{"jetpack_publicize_message":"","jetpack_publicize_feature_enabled":true,"jetpack_social_post_already_shared":true,"jetpack_social_options":{"image_generator_settings":{"template":"highway","default_image_id":0,"font":"","enabled":false},"version":2}},"pwb-brand":[79],"product_brand":[],"product_cat":[473],"product_tag":[],"class_list":{"0":"post-17052","1":"product","2":"type-product","3":"status-publish","4":"has-post-thumbnail","6":"pwb-brand-klip-xtreme","7":"product_cat-pantallas-de-proyeccion","9":"first","10":"instock","11":"taxable","12":"shipping-taxable","13":"purchasable","14":"product-type-simple"},"yoast_head":"<!-- This site is optimized with the Yoast SEO Premium plugin v25.7.1 (Yoast SEO v26.8) - https:\/\/yoast.com\/product\/yoast-seo-premium-wordpress\/ -->\n<title>Pantalla de Proyecci\u00f3n 100&quot; (16:9) Manual Pared y Techo Klip Xtreme - Mivoot<\/title>\n<meta name=\"robots\" content=\"index, follow, max-snippet:-1, max-image-preview:large, max-video-preview:-1\" \/>\n<link rel=\"canonical\" href=\"https:\/\/mivoot.com\/gt\/producto\/pantalla-de-proyeccion-100-manual-pared-y-techo-klip-xtreme\/\" \/>\n<meta property=\"og:locale\" content=\"es_ES\" \/>\n<meta property=\"og:type\" content=\"article\" \/>\n<meta property=\"og:title\" content=\"Pantalla de Proyecci\u00f3n 100&quot; (16:9) Manual Pared y Techo Klip Xtreme\" \/>\n<meta property=\"og:description\" content=\"- Tipo de soporte: Pared y cielo raso - Tipo de operaci\u00f3n: Manual - Relaci\u00f3n de aspecto: 16:09 - Sistema de autobloqueo: Si - Color: Blanca con marco negro - Ganancia: 1.1 - Retardador de llama: Si - Tama\u00f1o de la pantalla (Diagonal): 100in\/2,54m - Dimensiones de la pantalla (AlxAnxLa): 2300x1540x0,45mm - Material de la pantalla: Capas exteriores de PVC, capa interior de tela - Grosor de la pantalla: 0,42mm +\/-0,03mm - Altura del \u00e1rea de visi\u00f3n: 126cm - Ancho del \u00e1rea de visi\u00f3n: 224cm - Peso: 9,5kg\" \/>\n<meta property=\"og:url\" content=\"https:\/\/mivoot.com\/gt\/producto\/pantalla-de-proyeccion-100-manual-pared-y-techo-klip-xtreme\/\" \/>\n<meta property=\"og:site_name\" content=\"Mivoot\" \/>\n<meta property=\"article:publisher\" content=\"https:\/\/www.facebook.com\/mivootgt\" \/>\n<meta property=\"article:modified_time\" content=\"2024-08-13T22:58:21+00:00\" \/>\n<meta property=\"og:image\" content=\"https:\/\/mivoot.com\/gt\/wp-content\/uploads\/2023\/10\/KPS-313-land-1.jpg\" \/>\n\t<meta property=\"og:image:width\" content=\"800\" \/>\n\t<meta property=\"og:image:height\" content=\"800\" \/>\n\t<meta property=\"og:image:type\" content=\"image\/jpeg\" \/>\n<meta name=\"twitter:card\" content=\"summary_large_image\" \/>\n<meta name=\"twitter:label1\" content=\"Est. reading time\" \/>\n\t<meta name=\"twitter:data1\" content=\"2 minutos\" \/>\n<script type=\"application\/ld+json\" class=\"yoast-schema-graph\">{\"@context\":\"https:\/\/schema.org\",\"@graph\":[{\"@type\":\"WebPage\",\"@id\":\"https:\/\/mivoot.com\/gt\/producto\/pantalla-de-proyeccion-100-manual-pared-y-techo-klip-xtreme\/\",\"url\":\"https:\/\/mivoot.com\/gt\/producto\/pantalla-de-proyeccion-100-manual-pared-y-techo-klip-xtreme\/\",\"name\":\"Pantalla de Proyecci\u00f3n 100\\\" (16:9) Manual Pared y Techo Klip Xtreme - Mivoot\",\"isPartOf\":{\"@id\":\"https:\/\/mivoot.com\/gt\/#website\"},\"primaryImageOfPage\":{\"@id\":\"https:\/\/mivoot.com\/gt\/producto\/pantalla-de-proyeccion-100-manual-pared-y-techo-klip-xtreme\/#primaryimage\"},\"image\":{\"@id\":\"https:\/\/mivoot.com\/gt\/producto\/pantalla-de-proyeccion-100-manual-pared-y-techo-klip-xtreme\/#primaryimage\"},\"thumbnailUrl\":\"https:\/\/mivoot.com\/gt\/wp-content\/uploads\/2023\/10\/KPS-313-land-1.jpg\",\"datePublished\":\"2023-10-30T20:38:55+00:00\",\"dateModified\":\"2024-08-13T22:58:21+00:00\",\"breadcrumb\":{\"@id\":\"https:\/\/mivoot.com\/gt\/producto\/pantalla-de-proyeccion-100-manual-pared-y-techo-klip-xtreme\/#breadcrumb\"},\"inLanguage\":\"es\",\"potentialAction\":[{\"@type\":\"ReadAction\",\"target\":[\"https:\/\/mivoot.com\/gt\/producto\/pantalla-de-proyeccion-100-manual-pared-y-techo-klip-xtreme\/\"]}]},{\"@type\":\"ImageObject\",\"inLanguage\":\"es\",\"@id\":\"https:\/\/mivoot.com\/gt\/producto\/pantalla-de-proyeccion-100-manual-pared-y-techo-klip-xtreme\/#primaryimage\",\"url\":\"https:\/\/mivoot.com\/gt\/wp-content\/uploads\/2023\/10\/KPS-313-land-1.jpg\",\"contentUrl\":\"https:\/\/mivoot.com\/gt\/wp-content\/uploads\/2023\/10\/KPS-313-land-1.jpg\",\"width\":800,\"height\":800},{\"@type\":\"BreadcrumbList\",\"@id\":\"https:\/\/mivoot.com\/gt\/producto\/pantalla-de-proyeccion-100-manual-pared-y-techo-klip-xtreme\/#breadcrumb\",\"itemListElement\":[{\"@type\":\"ListItem\",\"position\":1,\"name\":\"Inicio\",\"item\":\"https:\/\/mivoot.com\/gt\/\"},{\"@type\":\"ListItem\",\"position\":2,\"name\":\"Productos\",\"item\":\"https:\/\/mivoot.com\/gt\/producto\/\"},{\"@type\":\"ListItem\",\"position\":3,\"name\":\"Klip Xtreme\",\"item\":\"https:\/\/mivoot.com\/gt\/marca\/klip-xtreme\/\"},{\"@type\":\"ListItem\",\"position\":4,\"name\":\"Pantalla de Proyecci\u00f3n 100&#8243; (16:9) Manual Pared y Techo Klip Xtreme\"}]},{\"@type\":\"WebSite\",\"@id\":\"https:\/\/mivoot.com\/gt\/#website\",\"url\":\"https:\/\/mivoot.com\/gt\/\",\"name\":\"Mivoot\",\"description\":\"Mivoot Guatemala | Tienda Online\",\"publisher\":{\"@id\":\"https:\/\/mivoot.com\/gt\/#organization\"},\"alternateName\":\"mivoot\",\"potentialAction\":[{\"@type\":\"SearchAction\",\"target\":{\"@type\":\"EntryPoint\",\"urlTemplate\":\"https:\/\/mivoot.com\/gt\/?s={search_term_string}\"},\"query-input\":{\"@type\":\"PropertyValueSpecification\",\"valueRequired\":true,\"valueName\":\"search_term_string\"}}],\"inLanguage\":\"es\"},{\"@type\":\"Organization\",\"@id\":\"https:\/\/mivoot.com\/gt\/#organization\",\"name\":\"Mivoot Guatemala\",\"alternateName\":\"mivoot.com\",\"url\":\"https:\/\/mivoot.com\/gt\/\",\"logo\":{\"@type\":\"ImageObject\",\"inLanguage\":\"es\",\"@id\":\"https:\/\/mivoot.com\/gt\/#\/schema\/logo\/image\/\",\"url\":\"https:\/\/mivoot.com\/gt\/wp-content\/uploads\/2023\/03\/cropped-icon.png\",\"contentUrl\":\"https:\/\/mivoot.com\/gt\/wp-content\/uploads\/2023\/03\/cropped-icon.png\",\"width\":512,\"height\":512,\"caption\":\"Mivoot Guatemala\"},\"image\":{\"@id\":\"https:\/\/mivoot.com\/gt\/#\/schema\/logo\/image\/\"},\"sameAs\":[\"https:\/\/www.facebook.com\/mivootgt\",\"https:\/\/instagram.com\/mivoot\"]}]}<\/script>\n<!-- \/ Yoast SEO Premium plugin. -->","yoast_head_json":{"title":"Pantalla de Proyecci\u00f3n 100\" (16:9) Manual Pared y Techo Klip Xtreme - Mivoot","robots":{"index":"index","follow":"follow","max-snippet":"max-snippet:-1","max-image-preview":"max-image-preview:large","max-video-preview":"max-video-preview:-1"},"canonical":"https:\/\/mivoot.com\/gt\/producto\/pantalla-de-proyeccion-100-manual-pared-y-techo-klip-xtreme\/","og_locale":"es_ES","og_type":"article","og_title":"Pantalla de Proyecci\u00f3n 100\" (16:9) Manual Pared y Techo Klip Xtreme","og_description":"- Tipo de soporte: Pared y cielo raso - Tipo de operaci\u00f3n: Manual - Relaci\u00f3n de aspecto: 16:09 - Sistema de autobloqueo: Si - Color: Blanca con marco negro - Ganancia: 1.1 - Retardador de llama: Si - Tama\u00f1o de la pantalla (Diagonal): 100in\/2,54m - Dimensiones de la pantalla (AlxAnxLa): 2300x1540x0,45mm - Material de la pantalla: Capas exteriores de PVC, capa interior de tela - Grosor de la pantalla: 0,42mm +\/-0,03mm - Altura del \u00e1rea de visi\u00f3n: 126cm - Ancho del \u00e1rea de visi\u00f3n: 224cm - Peso: 9,5kg","og_url":"https:\/\/mivoot.com\/gt\/producto\/pantalla-de-proyeccion-100-manual-pared-y-techo-klip-xtreme\/","og_site_name":"Mivoot","article_publisher":"https:\/\/www.facebook.com\/mivootgt","article_modified_time":"2024-08-13T22:58:21+00:00","og_image":[{"width":800,"height":800,"url":"https:\/\/mivoot.com\/gt\/wp-content\/uploads\/2023\/10\/KPS-313-land-1.jpg","type":"image\/jpeg"}],"twitter_card":"summary_large_image","twitter_misc":{"Est. reading time":"2 minutos"},"schema":{"@context":"https:\/\/schema.org","@graph":[{"@type":"WebPage","@id":"https:\/\/mivoot.com\/gt\/producto\/pantalla-de-proyeccion-100-manual-pared-y-techo-klip-xtreme\/","url":"https:\/\/mivoot.com\/gt\/producto\/pantalla-de-proyeccion-100-manual-pared-y-techo-klip-xtreme\/","name":"Pantalla de Proyecci\u00f3n 100\" (16:9) Manual Pared y Techo Klip Xtreme - Mivoot","isPartOf":{"@id":"https:\/\/mivoot.com\/gt\/#website"},"primaryImageOfPage":{"@id":"https:\/\/mivoot.com\/gt\/producto\/pantalla-de-proyeccion-100-manual-pared-y-techo-klip-xtreme\/#primaryimage"},"image":{"@id":"https:\/\/mivoot.com\/gt\/producto\/pantalla-de-proyeccion-100-manual-pared-y-techo-klip-xtreme\/#primaryimage"},"thumbnailUrl":"https:\/\/mivoot.com\/gt\/wp-content\/uploads\/2023\/10\/KPS-313-land-1.jpg","datePublished":"2023-10-30T20:38:55+00:00","dateModified":"2024-08-13T22:58:21+00:00","breadcrumb":{"@id":"https:\/\/mivoot.com\/gt\/producto\/pantalla-de-proyeccion-100-manual-pared-y-techo-klip-xtreme\/#breadcrumb"},"inLanguage":"es","potentialAction":[{"@type":"ReadAction","target":["https:\/\/mivoot.com\/gt\/producto\/pantalla-de-proyeccion-100-manual-pared-y-techo-klip-xtreme\/"]}]},{"@type":"ImageObject","inLanguage":"es","@id":"https:\/\/mivoot.com\/gt\/producto\/pantalla-de-proyeccion-100-manual-pared-y-techo-klip-xtreme\/#primaryimage","url":"https:\/\/mivoot.com\/gt\/wp-content\/uploads\/2023\/10\/KPS-313-land-1.jpg","contentUrl":"https:\/\/mivoot.com\/gt\/wp-content\/uploads\/2023\/10\/KPS-313-land-1.jpg","width":800,"height":800},{"@type":"BreadcrumbList","@id":"https:\/\/mivoot.com\/gt\/producto\/pantalla-de-proyeccion-100-manual-pared-y-techo-klip-xtreme\/#breadcrumb","itemListElement":[{"@type":"ListItem","position":1,"name":"Inicio","item":"https:\/\/mivoot.com\/gt\/"},{"@type":"ListItem","position":2,"name":"Productos","item":"https:\/\/mivoot.com\/gt\/producto\/"},{"@type":"ListItem","position":3,"name":"Klip Xtreme","item":"https:\/\/mivoot.com\/gt\/marca\/klip-xtreme\/"},{"@type":"ListItem","position":4,"name":"Pantalla de Proyecci\u00f3n 100&#8243; (16:9) Manual Pared y Techo Klip Xtreme"}]},{"@type":"WebSite","@id":"https:\/\/mivoot.com\/gt\/#website","url":"https:\/\/mivoot.com\/gt\/","name":"Mivoot","description":"Mivoot Guatemala | Tienda Online","publisher":{"@id":"https:\/\/mivoot.com\/gt\/#organization"},"alternateName":"mivoot","potentialAction":[{"@type":"SearchAction","target":{"@type":"EntryPoint","urlTemplate":"https:\/\/mivoot.com\/gt\/?s={search_term_string}"},"query-input":{"@type":"PropertyValueSpecification","valueRequired":true,"valueName":"search_term_string"}}],"inLanguage":"es"},{"@type":"Organization","@id":"https:\/\/mivoot.com\/gt\/#organization","name":"Mivoot Guatemala","alternateName":"mivoot.com","url":"https:\/\/mivoot.com\/gt\/","logo":{"@type":"ImageObject","inLanguage":"es","@id":"https:\/\/mivoot.com\/gt\/#\/schema\/logo\/image\/","url":"https:\/\/mivoot.com\/gt\/wp-content\/uploads\/2023\/03\/cropped-icon.png","contentUrl":"https:\/\/mivoot.com\/gt\/wp-content\/uploads\/2023\/03\/cropped-icon.png","width":512,"height":512,"caption":"Mivoot Guatemala"},"image":{"@id":"https:\/\/mivoot.com\/gt\/#\/schema\/logo\/image\/"},"sameAs":["https:\/\/www.facebook.com\/mivootgt","https:\/\/instagram.com\/mivoot"]}]}},"jetpack_publicize_connections":[],"jetpack_sharing_enabled":true,"brands":[{"id":79,"name":"Klip Xtreme","slug":"klip-xtreme"}],"_links":{"self":[{"href":"https:\/\/mivoot.com\/gt\/wp-json\/wp\/v2\/product\/17052","targetHints":{"allow":["GET"]}}],"collection":[{"href":"https:\/\/mivoot.com\/gt\/wp-json\/wp\/v2\/product"}],"about":[{"href":"https:\/\/mivoot.com\/gt\/wp-json\/wp\/v2\/types\/product"}],"replies":[{"embeddable":true,"href":"https:\/\/mivoot.com\/gt\/wp-json\/wp\/v2\/comments?post=17052"}],"version-history":[{"count":3,"href":"https:\/\/mivoot.com\/gt\/wp-json\/wp\/v2\/product\/17052\/revisions"}],"predecessor-version":[{"id":17124,"href":"https:\/\/mivoot.com\/gt\/wp-json\/wp\/v2\/product\/17052\/revisions\/17124"}],"wp:featuredmedia":[{"embeddable":true,"href":"https:\/\/mivoot.com\/gt\/wp-json\/wp\/v2\/media\/17055"}],"wp:attachment":[{"href":"https:\/\/mivoot.com\/gt\/wp-json\/wp\/v2\/media?parent=17052"}],"wp:term":[{"taxonomy":"pwb-brand","embeddable":true,"href":"https:\/\/mivoot.com\/gt\/wp-json\/wp\/v2\/pwb-brand?post=17052"},{"taxonomy":"product_brand","embeddable":true,"href":"https:\/\/mivoot.com\/gt\/wp-json\/wp\/v2\/product_brand?post=17052"},{"taxonomy":"product_cat","embeddable":true,"href":"https:\/\/mivoot.com\/gt\/wp-json\/wp\/v2\/product_cat?post=17052"},{"taxonomy":"product_tag","embeddable":true,"href":"https:\/\/mivoot.com\/gt\/wp-json\/wp\/v2\/product_tag?post=17052"}],"curies":[{"name":"wp","href":"https:\/\/api.w.org\/{rel}","templated":true}]}}