{"id":17058,"date":"2023-10-30T14:58:57","date_gmt":"2023-10-30T20:58:57","guid":{"rendered":"https:\/\/mivoot.com\/gt\/?post_type=product&#038;p=17058"},"modified":"2025-03-27T12:30:44","modified_gmt":"2025-03-27T18:30:44","slug":"caja-de-efectivo-3-billetes-y-4-monedas-cdk-34-aon","status":"publish","type":"product","link":"https:\/\/mivoot.com\/gt\/producto\/caja-de-efectivo-3-billetes-y-4-monedas-cdk-34-aon\/","title":{"rendered":"Caja de Efectivo 3 Billetes y 4 Monedas CDK-34 AON"},"content":{"rendered":"<h3>Caja de Efectivo 3 Billetes y 4 Monedas CDK-34 AON<\/h3>\n<h4 class=\"mb16\"><b>Caracter\u00edsticas<\/b><\/h4>\n<div class=\"s_hr text-left pt16 pb16\">\n<hr class=\"s_hr_1px s_hr_solid border-600 w-100 mx-auto\" \/>\n<\/div>\n<p class=\"mb16\">SERIE DE CAJONES ECON\u00d3MICOS<\/p>\n<p class=\"mb16\">CARCASA DE METAL<\/p>\n<p class=\"mb16\">3 BILLETES \/ 4 CAJAS PARA MONEDA<\/p>\n<p>&#8211; Cerradura de llave:<br \/>\n&#8211; Posiciones: 3<br \/>\n&#8211; Funciones: 4<br \/>\n&#8211; Liberaci\u00f3n manual: S\u00ed<br \/>\n&#8211; Operaci\u00f3n Normal: S\u00ed<br \/>\n&#8211; Cierre de bloqueo: S\u00ed<br \/>\n&#8211; Cerradura abierta: S\u00ed<br \/>\n&#8211; Conexiones RJ11<\/p>\n<p>&nbsp;<\/p>\n<p>&nbsp;<\/p>\n<p>&nbsp;<\/p>\n","protected":false},"excerpt":{"rendered":"<p>&#8211; Tipo de caj\u00f3n de efectivo: El\u00e9ctrico<br \/>\n&#8211; Compartimentos: 3 Billetes \/ 4 Monedas<br \/>\n&#8211; Separadores de billetes ajustables<br \/>\n&#8211; Bandeja extra\u00edble para monedas<br \/>\n&#8211; Operaci\u00f3n del caj\u00f3n, Rodillos de nailon<br \/>\n&#8211; Voltaje 12\/24V<br \/>\n&#8211; Dimensiones (MM): 300x360x80 (An\/Pr\/Al)<br \/>\n&#8211; Dimensiones (MM): Bandeja: 257x266x56 (An\/Pr\/Al)<\/p>\n","protected":false},"featured_media":17060,"comment_status":"open","ping_status":"closed","template":"","meta":{"jetpack_publicize_message":"","jetpack_publicize_feature_enabled":true,"jetpack_social_post_already_shared":true,"jetpack_social_options":{"image_generator_settings":{"template":"highway","default_image_id":0,"font":"","enabled":false},"version":2}},"pwb-brand":[555],"product_brand":[],"product_cat":[307],"product_tag":[],"class_list":{"0":"post-17058","1":"product","2":"type-product","3":"status-publish","4":"has-post-thumbnail","6":"pwb-brand-aon","7":"product_cat-cashdrawers","9":"first","10":"instock","11":"taxable","12":"shipping-taxable","13":"purchasable","14":"product-type-simple"},"yoast_head":"<!-- This site is optimized with the Yoast SEO Premium plugin v25.7.1 (Yoast SEO v26.8) - https:\/\/yoast.com\/product\/yoast-seo-premium-wordpress\/ -->\n<title>Caja de Efectivo 3 Billetes y 4 Monedas CDK-34 AON - Mivoot<\/title>\n<meta name=\"robots\" content=\"index, follow, max-snippet:-1, max-image-preview:large, max-video-preview:-1\" \/>\n<link rel=\"canonical\" href=\"https:\/\/mivoot.com\/gt\/producto\/caja-de-efectivo-3-billetes-y-4-monedas-cdk-34-aon\/\" \/>\n<meta property=\"og:locale\" content=\"es_ES\" \/>\n<meta property=\"og:type\" content=\"article\" \/>\n<meta property=\"og:title\" content=\"Caja de Efectivo 3 Billetes y 4 Monedas CDK-34 AON\" \/>\n<meta property=\"og:description\" content=\"- Tipo de caj\u00f3n de efectivo: El\u00e9ctrico - Compartimentos: 3 Billetes \/ 4 Monedas - Separadores de billetes ajustables - Bandeja extra\u00edble para monedas - Operaci\u00f3n del caj\u00f3n, Rodillos de nailon - Voltaje 12\/24V - Dimensiones (MM): 300x360x80 (An\/Pr\/Al) - Dimensiones (MM): Bandeja: 257x266x56 (An\/Pr\/Al)\" \/>\n<meta property=\"og:url\" content=\"https:\/\/mivoot.com\/gt\/producto\/caja-de-efectivo-3-billetes-y-4-monedas-cdk-34-aon\/\" \/>\n<meta property=\"og:site_name\" content=\"Mivoot\" \/>\n<meta property=\"article:publisher\" content=\"https:\/\/www.facebook.com\/mivootgt\" \/>\n<meta property=\"article:modified_time\" content=\"2025-03-27T18:30:44+00:00\" \/>\n<meta property=\"og:image\" content=\"https:\/\/mivoot.com\/gt\/wp-content\/uploads\/2023\/10\/image-7.jpg\" \/>\n\t<meta property=\"og:image:width\" content=\"800\" \/>\n\t<meta property=\"og:image:height\" content=\"800\" \/>\n\t<meta property=\"og:image:type\" content=\"image\/jpeg\" \/>\n<meta name=\"twitter:card\" content=\"summary_large_image\" \/>\n<meta name=\"twitter:label1\" content=\"Est. reading time\" \/>\n\t<meta name=\"twitter:data1\" content=\"1 minuto\" \/>\n<script type=\"application\/ld+json\" class=\"yoast-schema-graph\">{\"@context\":\"https:\/\/schema.org\",\"@graph\":[{\"@type\":\"WebPage\",\"@id\":\"https:\/\/mivoot.com\/gt\/producto\/caja-de-efectivo-3-billetes-y-4-monedas-cdk-34-aon\/\",\"url\":\"https:\/\/mivoot.com\/gt\/producto\/caja-de-efectivo-3-billetes-y-4-monedas-cdk-34-aon\/\",\"name\":\"Caja de Efectivo 3 Billetes y 4 Monedas CDK-34 AON - Mivoot\",\"isPartOf\":{\"@id\":\"https:\/\/mivoot.com\/gt\/#website\"},\"primaryImageOfPage\":{\"@id\":\"https:\/\/mivoot.com\/gt\/producto\/caja-de-efectivo-3-billetes-y-4-monedas-cdk-34-aon\/#primaryimage\"},\"image\":{\"@id\":\"https:\/\/mivoot.com\/gt\/producto\/caja-de-efectivo-3-billetes-y-4-monedas-cdk-34-aon\/#primaryimage\"},\"thumbnailUrl\":\"https:\/\/mivoot.com\/gt\/wp-content\/uploads\/2023\/10\/image-7.jpg\",\"datePublished\":\"2023-10-30T20:58:57+00:00\",\"dateModified\":\"2025-03-27T18:30:44+00:00\",\"breadcrumb\":{\"@id\":\"https:\/\/mivoot.com\/gt\/producto\/caja-de-efectivo-3-billetes-y-4-monedas-cdk-34-aon\/#breadcrumb\"},\"inLanguage\":\"es\",\"potentialAction\":[{\"@type\":\"ReadAction\",\"target\":[\"https:\/\/mivoot.com\/gt\/producto\/caja-de-efectivo-3-billetes-y-4-monedas-cdk-34-aon\/\"]}]},{\"@type\":\"ImageObject\",\"inLanguage\":\"es\",\"@id\":\"https:\/\/mivoot.com\/gt\/producto\/caja-de-efectivo-3-billetes-y-4-monedas-cdk-34-aon\/#primaryimage\",\"url\":\"https:\/\/mivoot.com\/gt\/wp-content\/uploads\/2023\/10\/image-7.jpg\",\"contentUrl\":\"https:\/\/mivoot.com\/gt\/wp-content\/uploads\/2023\/10\/image-7.jpg\",\"width\":800,\"height\":800},{\"@type\":\"BreadcrumbList\",\"@id\":\"https:\/\/mivoot.com\/gt\/producto\/caja-de-efectivo-3-billetes-y-4-monedas-cdk-34-aon\/#breadcrumb\",\"itemListElement\":[{\"@type\":\"ListItem\",\"position\":1,\"name\":\"Inicio\",\"item\":\"https:\/\/mivoot.com\/gt\/\"},{\"@type\":\"ListItem\",\"position\":2,\"name\":\"Productos\",\"item\":\"https:\/\/mivoot.com\/gt\/producto\/\"},{\"@type\":\"ListItem\",\"position\":3,\"name\":\"AON\",\"item\":\"https:\/\/mivoot.com\/gt\/marca\/aon\/\"},{\"@type\":\"ListItem\",\"position\":4,\"name\":\"Caja de Efectivo 3 Billetes y 4 Monedas CDK-34 AON\"}]},{\"@type\":\"WebSite\",\"@id\":\"https:\/\/mivoot.com\/gt\/#website\",\"url\":\"https:\/\/mivoot.com\/gt\/\",\"name\":\"Mivoot\",\"description\":\"Mivoot Guatemala | Tienda Online\",\"publisher\":{\"@id\":\"https:\/\/mivoot.com\/gt\/#organization\"},\"alternateName\":\"mivoot\",\"potentialAction\":[{\"@type\":\"SearchAction\",\"target\":{\"@type\":\"EntryPoint\",\"urlTemplate\":\"https:\/\/mivoot.com\/gt\/?s={search_term_string}\"},\"query-input\":{\"@type\":\"PropertyValueSpecification\",\"valueRequired\":true,\"valueName\":\"search_term_string\"}}],\"inLanguage\":\"es\"},{\"@type\":\"Organization\",\"@id\":\"https:\/\/mivoot.com\/gt\/#organization\",\"name\":\"Mivoot Guatemala\",\"alternateName\":\"mivoot.com\",\"url\":\"https:\/\/mivoot.com\/gt\/\",\"logo\":{\"@type\":\"ImageObject\",\"inLanguage\":\"es\",\"@id\":\"https:\/\/mivoot.com\/gt\/#\/schema\/logo\/image\/\",\"url\":\"https:\/\/mivoot.com\/gt\/wp-content\/uploads\/2023\/03\/cropped-icon.png\",\"contentUrl\":\"https:\/\/mivoot.com\/gt\/wp-content\/uploads\/2023\/03\/cropped-icon.png\",\"width\":512,\"height\":512,\"caption\":\"Mivoot Guatemala\"},\"image\":{\"@id\":\"https:\/\/mivoot.com\/gt\/#\/schema\/logo\/image\/\"},\"sameAs\":[\"https:\/\/www.facebook.com\/mivootgt\",\"https:\/\/instagram.com\/mivoot\"]}]}<\/script>\n<!-- \/ Yoast SEO Premium plugin. -->","yoast_head_json":{"title":"Caja de Efectivo 3 Billetes y 4 Monedas CDK-34 AON - Mivoot","robots":{"index":"index","follow":"follow","max-snippet":"max-snippet:-1","max-image-preview":"max-image-preview:large","max-video-preview":"max-video-preview:-1"},"canonical":"https:\/\/mivoot.com\/gt\/producto\/caja-de-efectivo-3-billetes-y-4-monedas-cdk-34-aon\/","og_locale":"es_ES","og_type":"article","og_title":"Caja de Efectivo 3 Billetes y 4 Monedas CDK-34 AON","og_description":"- Tipo de caj\u00f3n de efectivo: El\u00e9ctrico - Compartimentos: 3 Billetes \/ 4 Monedas - Separadores de billetes ajustables - Bandeja extra\u00edble para monedas - Operaci\u00f3n del caj\u00f3n, Rodillos de nailon - Voltaje 12\/24V - Dimensiones (MM): 300x360x80 (An\/Pr\/Al) - Dimensiones (MM): Bandeja: 257x266x56 (An\/Pr\/Al)","og_url":"https:\/\/mivoot.com\/gt\/producto\/caja-de-efectivo-3-billetes-y-4-monedas-cdk-34-aon\/","og_site_name":"Mivoot","article_publisher":"https:\/\/www.facebook.com\/mivootgt","article_modified_time":"2025-03-27T18:30:44+00:00","og_image":[{"width":800,"height":800,"url":"https:\/\/mivoot.com\/gt\/wp-content\/uploads\/2023\/10\/image-7.jpg","type":"image\/jpeg"}],"twitter_card":"summary_large_image","twitter_misc":{"Est. reading time":"1 minuto"},"schema":{"@context":"https:\/\/schema.org","@graph":[{"@type":"WebPage","@id":"https:\/\/mivoot.com\/gt\/producto\/caja-de-efectivo-3-billetes-y-4-monedas-cdk-34-aon\/","url":"https:\/\/mivoot.com\/gt\/producto\/caja-de-efectivo-3-billetes-y-4-monedas-cdk-34-aon\/","name":"Caja de Efectivo 3 Billetes y 4 Monedas CDK-34 AON - Mivoot","isPartOf":{"@id":"https:\/\/mivoot.com\/gt\/#website"},"primaryImageOfPage":{"@id":"https:\/\/mivoot.com\/gt\/producto\/caja-de-efectivo-3-billetes-y-4-monedas-cdk-34-aon\/#primaryimage"},"image":{"@id":"https:\/\/mivoot.com\/gt\/producto\/caja-de-efectivo-3-billetes-y-4-monedas-cdk-34-aon\/#primaryimage"},"thumbnailUrl":"https:\/\/mivoot.com\/gt\/wp-content\/uploads\/2023\/10\/image-7.jpg","datePublished":"2023-10-30T20:58:57+00:00","dateModified":"2025-03-27T18:30:44+00:00","breadcrumb":{"@id":"https:\/\/mivoot.com\/gt\/producto\/caja-de-efectivo-3-billetes-y-4-monedas-cdk-34-aon\/#breadcrumb"},"inLanguage":"es","potentialAction":[{"@type":"ReadAction","target":["https:\/\/mivoot.com\/gt\/producto\/caja-de-efectivo-3-billetes-y-4-monedas-cdk-34-aon\/"]}]},{"@type":"ImageObject","inLanguage":"es","@id":"https:\/\/mivoot.com\/gt\/producto\/caja-de-efectivo-3-billetes-y-4-monedas-cdk-34-aon\/#primaryimage","url":"https:\/\/mivoot.com\/gt\/wp-content\/uploads\/2023\/10\/image-7.jpg","contentUrl":"https:\/\/mivoot.com\/gt\/wp-content\/uploads\/2023\/10\/image-7.jpg","width":800,"height":800},{"@type":"BreadcrumbList","@id":"https:\/\/mivoot.com\/gt\/producto\/caja-de-efectivo-3-billetes-y-4-monedas-cdk-34-aon\/#breadcrumb","itemListElement":[{"@type":"ListItem","position":1,"name":"Inicio","item":"https:\/\/mivoot.com\/gt\/"},{"@type":"ListItem","position":2,"name":"Productos","item":"https:\/\/mivoot.com\/gt\/producto\/"},{"@type":"ListItem","position":3,"name":"AON","item":"https:\/\/mivoot.com\/gt\/marca\/aon\/"},{"@type":"ListItem","position":4,"name":"Caja de Efectivo 3 Billetes y 4 Monedas CDK-34 AON"}]},{"@type":"WebSite","@id":"https:\/\/mivoot.com\/gt\/#website","url":"https:\/\/mivoot.com\/gt\/","name":"Mivoot","description":"Mivoot Guatemala | Tienda Online","publisher":{"@id":"https:\/\/mivoot.com\/gt\/#organization"},"alternateName":"mivoot","potentialAction":[{"@type":"SearchAction","target":{"@type":"EntryPoint","urlTemplate":"https:\/\/mivoot.com\/gt\/?s={search_term_string}"},"query-input":{"@type":"PropertyValueSpecification","valueRequired":true,"valueName":"search_term_string"}}],"inLanguage":"es"},{"@type":"Organization","@id":"https:\/\/mivoot.com\/gt\/#organization","name":"Mivoot Guatemala","alternateName":"mivoot.com","url":"https:\/\/mivoot.com\/gt\/","logo":{"@type":"ImageObject","inLanguage":"es","@id":"https:\/\/mivoot.com\/gt\/#\/schema\/logo\/image\/","url":"https:\/\/mivoot.com\/gt\/wp-content\/uploads\/2023\/03\/cropped-icon.png","contentUrl":"https:\/\/mivoot.com\/gt\/wp-content\/uploads\/2023\/03\/cropped-icon.png","width":512,"height":512,"caption":"Mivoot Guatemala"},"image":{"@id":"https:\/\/mivoot.com\/gt\/#\/schema\/logo\/image\/"},"sameAs":["https:\/\/www.facebook.com\/mivootgt","https:\/\/instagram.com\/mivoot"]}]}},"jetpack_publicize_connections":[],"jetpack_sharing_enabled":true,"brands":[{"id":555,"name":"AON","slug":"aon"}],"_links":{"self":[{"href":"https:\/\/mivoot.com\/gt\/wp-json\/wp\/v2\/product\/17058","targetHints":{"allow":["GET"]}}],"collection":[{"href":"https:\/\/mivoot.com\/gt\/wp-json\/wp\/v2\/product"}],"about":[{"href":"https:\/\/mivoot.com\/gt\/wp-json\/wp\/v2\/types\/product"}],"replies":[{"embeddable":true,"href":"https:\/\/mivoot.com\/gt\/wp-json\/wp\/v2\/comments?post=17058"}],"version-history":[{"count":3,"href":"https:\/\/mivoot.com\/gt\/wp-json\/wp\/v2\/product\/17058\/revisions"}],"predecessor-version":[{"id":27405,"href":"https:\/\/mivoot.com\/gt\/wp-json\/wp\/v2\/product\/17058\/revisions\/27405"}],"wp:featuredmedia":[{"embeddable":true,"href":"https:\/\/mivoot.com\/gt\/wp-json\/wp\/v2\/media\/17060"}],"wp:attachment":[{"href":"https:\/\/mivoot.com\/gt\/wp-json\/wp\/v2\/media?parent=17058"}],"wp:term":[{"taxonomy":"pwb-brand","embeddable":true,"href":"https:\/\/mivoot.com\/gt\/wp-json\/wp\/v2\/pwb-brand?post=17058"},{"taxonomy":"product_brand","embeddable":true,"href":"https:\/\/mivoot.com\/gt\/wp-json\/wp\/v2\/product_brand?post=17058"},{"taxonomy":"product_cat","embeddable":true,"href":"https:\/\/mivoot.com\/gt\/wp-json\/wp\/v2\/product_cat?post=17058"},{"taxonomy":"product_tag","embeddable":true,"href":"https:\/\/mivoot.com\/gt\/wp-json\/wp\/v2\/product_tag?post=17058"}],"curies":[{"name":"wp","href":"https:\/\/api.w.org\/{rel}","templated":true}]}}