{"id":17082,"date":"2023-10-30T15:29:38","date_gmt":"2023-10-30T21:29:38","guid":{"rendered":"https:\/\/mivoot.com\/gt\/?post_type=product&#038;p=17082"},"modified":"2025-06-10T11:54:37","modified_gmt":"2025-06-10T17:54:37","slug":"scooter-para-ninos-zing-a6-led-negro-verde-ninebot-segway","status":"publish","type":"product","link":"https:\/\/mivoot.com\/gt\/producto\/scooter-para-ninos-zing-a6-led-negro-verde-ninebot-segway\/","title":{"rendered":"Scooter para Ni\u00f1os Zing A6 LED Negro-Verde Ninebot Segway"},"content":{"rendered":"<h1>Que empiece la diversi\u00f3n con el KickScooter ZING A6!<\/h1>\n<p>Lo que cualquier ni\u00f1o estaba esperando: el patinete Segway-Ninebot A6. Este nuevo dise\u00f1o tiena una estructura ligera de un llamativo color verde, 3 modos de conducci\u00f3n para adaptarse al nivel de cada ni\u00f1o, pero sobre todo, \u00a1hasta 5 km de autonom\u00eda!<\/p>\n<h1>3 modos de conducci\u00f3n para el nivel de cada ni\u00f1o<\/h1>\n<p>3 modos de conducci\u00f3n para el nivel de cada ni\u00f1o:<\/p>\n<p>El modelo ZING A6 incluye 3 modos (primero, segundo y tercero). Para pasar de una marcha a otra, el patinete el\u00e9ctrico tiene que estar parado y se tiene que tocar dos veces el guardabarros trasero para cambiar de marcha.<\/p>\n<p>&#8211;\u00a0<strong>Primer modo de conducci\u00f3n<\/strong>: velocidad lenta y constante, perfecto para principiantes, ya que su velocidad m\u00e1xima es de hasta 8 km\/h (la luz indicadora estar\u00e1 fija y escuchar\u00e1s un pitido). El ni\u00f1o tendr\u00e1 que patear hasta alcanzar los 8 km\/h, y entonces el ZING A6 se desplazar\u00e1 solo.<\/p>\n<p>&#8211;\u00a0<strong>Segundo modo de conducci\u00f3n<\/strong>, acelerando el ritmo: este modo tiene una velocidad m\u00e1xima de hasta 10km\/h. Esto significa que el ni\u00f1o disfrutar\u00e1 del paseo a un ritmo ligeramente m\u00e1s r\u00e1pido (la luz indicadora parpadea lentamente y escuchar\u00e1s 2 pitidos).<\/p>\n<p>&#8211;\u00a0<strong>Tercer modo de conducci\u00f3n<\/strong>, el \u00faltimo paso hacia la velocidad: los ni\u00f1os experimentados disfrutar\u00e1n al m\u00e1ximo hasta 12 km\/h con este \u00faltimo modo de conducci\u00f3n.<\/p>\n<h1>Arranque mediante patadas<\/h1>\n<p>Para acelerar el ZING A6, lo hacemos a la antigua, pateando. Gracias a la potencia nominal de 60W, en funci\u00f3n del modo elegido, tras alcanzar las velocidades m\u00e1ximas de hasta 8km\/h (Primer modo), 10km\/h (Segundo modo) y 12km\/h (Tercer modo), el patinete se desplazar\u00e1 solo.<\/p>\n<h1>Comprueba las luces ambientales con el patinete el\u00e9ctrico ZING A6<\/h1>\n<p>Las luces ambientales, situadas en los laterales, est\u00e1n siempre encendidas cuando el ZING A6 est\u00e1 en marcha. Adem\u00e1s, siempre que la rueda delantera est\u00e9 rodando, tambi\u00e9n est\u00e1n brillando.<\/p>\n<h1>Freno trasero en el guardabarros<\/h1>\n<p>El Segway-Ninebot ZING A6 est\u00e1 equipado con un sistema de freno de pie en el guardabarros trasero. Todo lo que el ni\u00f1o tiene que hacer es pisar con fuerza el guardabarros trasero durante un par de segundos, y el ZING A6 se detiene lentamente.<\/p>\n<p>El guardabarros trasero tiene una segunda funcionalidad para cambiar la velocidad del modo de conducci\u00f3n que el ni\u00f1o se encuentra utilizando, golpeando el guardabarros trasero dos veces, mientras el eKickScooter est\u00e1 completamente quieto.<\/p>\n<h1>Dise\u00f1o de la bater\u00eda compacto y de alto rendimiento<\/h1>\n<p>El paquete de bater\u00edas est\u00e1 compuesto por la bater\u00eda de iones de litio, el controlador y el BMS (sistema de gesti\u00f3n de la bater\u00eda) inteligente. Se sit\u00faa en la base del patinete para bajar el centro de gravedad y dar m\u00e1s estabilidad a los ni\u00f1os al montar.<\/p>\n<p>Con una sola carga de aproximadamente 3 horas, el ZING A6 puede durar hasta 5 km. El ZING A6 contiene indicadores de bater\u00eda que le permitir\u00e1n saber cu\u00e1ndo es el momento de recargar:<\/p>\n<p>&#8211; Una luz blanca indica que la bater\u00eda es igual o superior al 10%;<\/p>\n<p>&#8211; La luz roja indica que la bater\u00eda est\u00e1 por debajo del 10%;<\/p>\n<p>&#8211; La luz roja tambi\u00e9n puede significar que el patinete no ha sido activado o que hay una anormalidad con el ZING A6.<\/p>\n","protected":false},"excerpt":{"rendered":"<p>&#8211; Edad recomendada 6-10 a\u00f1os<br \/>\n&#8211; Velocidad m\u00e1xima Hasta 12 km\/h<br \/>\n&#8211; Autonom\u00eda Hasta 5 km<br \/>\n&#8211; Tiempo de carga Aprox. 3 horas<br \/>\n&#8211; Resistencia al agua IPX4<br \/>\n&#8211; 3 modos de velocidad<br \/>\n&#8211; Motor potencia 50 W m\u00e1xima 80W<br \/>\n&#8211; Freno de pie en el guardabarros trasero<br \/>\n&#8211; Capacidad de la bater\u00eda 27 Wh (2500 mAh)<br \/>\n&#8211; Sistema de gesti\u00f3n de bater\u00eda inteligente (BMS)<br \/>\n&#8211; Indicador de bater\u00eda y modo de velocidad Luces LED<br \/>\n&#8211; Tama\u00f1o del neum\u00e1tico &#8211; Delantero 254 mm Trasero 112 mm<br \/>\n&#8211; Peso m\u00e1ximo de 40Kg<\/p>\n","protected":false},"featured_media":17084,"comment_status":"open","ping_status":"closed","template":"","meta":{"jetpack_publicize_message":"","jetpack_publicize_feature_enabled":true,"jetpack_social_post_already_shared":true,"jetpack_social_options":{"image_generator_settings":{"template":"highway","default_image_id":0,"font":"","enabled":false},"version":2}},"pwb-brand":[487],"product_brand":[],"product_cat":[486],"product_tag":[],"class_list":{"0":"post-17082","1":"product","2":"type-product","3":"status-publish","4":"has-post-thumbnail","6":"pwb-brand-segway","7":"product_cat-scooter","9":"first","10":"onbackorder","11":"taxable","12":"shipping-taxable","13":"purchasable","14":"product-type-simple"},"yoast_head":"<!-- This site is optimized with the Yoast SEO Premium plugin v25.7.1 (Yoast SEO v26.8) - https:\/\/yoast.com\/product\/yoast-seo-premium-wordpress\/ -->\n<title>Scooter para Ni\u00f1os Zing A6 LED Negro-Verde Ninebot Segway - Mivoot<\/title>\n<meta name=\"robots\" content=\"index, follow, max-snippet:-1, max-image-preview:large, max-video-preview:-1\" \/>\n<link rel=\"canonical\" href=\"https:\/\/mivoot.com\/gt\/producto\/scooter-para-ninos-zing-a6-led-negro-verde-ninebot-segway\/\" \/>\n<meta property=\"og:locale\" content=\"es_ES\" \/>\n<meta property=\"og:type\" content=\"article\" \/>\n<meta property=\"og:title\" content=\"Scooter para Ni\u00f1os Zing A6 LED Negro-Verde Ninebot Segway\" \/>\n<meta property=\"og:description\" content=\"- Edad recomendada 6-10 a\u00f1os - Velocidad m\u00e1xima Hasta 12 km\/h - Autonom\u00eda Hasta 5 km - Tiempo de carga Aprox. 3 horas - Resistencia al agua IPX4 - 3 modos de velocidad - Motor potencia 50 W m\u00e1xima 80W - Freno de pie en el guardabarros trasero - Capacidad de la bater\u00eda 27 Wh (2500 mAh) - Sistema de gesti\u00f3n de bater\u00eda inteligente (BMS) - Indicador de bater\u00eda y modo de velocidad Luces LED - Tama\u00f1o del neum\u00e1tico - Delantero 254 mm Trasero 112 mm - Peso m\u00e1ximo de 40Kg\" \/>\n<meta property=\"og:url\" content=\"https:\/\/mivoot.com\/gt\/producto\/scooter-para-ninos-zing-a6-led-negro-verde-ninebot-segway\/\" \/>\n<meta property=\"og:site_name\" content=\"Mivoot\" \/>\n<meta property=\"article:publisher\" content=\"https:\/\/www.facebook.com\/mivootgt\" \/>\n<meta property=\"article:modified_time\" content=\"2025-06-10T17:54:37+00:00\" \/>\n<meta property=\"og:image\" content=\"https:\/\/mivoot.com\/gt\/wp-content\/uploads\/2023\/10\/image-1-5.jpg\" \/>\n\t<meta property=\"og:image:width\" content=\"800\" \/>\n\t<meta property=\"og:image:height\" content=\"800\" \/>\n\t<meta property=\"og:image:type\" content=\"image\/jpeg\" \/>\n<meta name=\"twitter:card\" content=\"summary_large_image\" \/>\n<meta name=\"twitter:label1\" content=\"Est. reading time\" \/>\n\t<meta name=\"twitter:data1\" content=\"3 minutos\" \/>\n<script type=\"application\/ld+json\" class=\"yoast-schema-graph\">{\"@context\":\"https:\/\/schema.org\",\"@graph\":[{\"@type\":\"WebPage\",\"@id\":\"https:\/\/mivoot.com\/gt\/producto\/scooter-para-ninos-zing-a6-led-negro-verde-ninebot-segway\/\",\"url\":\"https:\/\/mivoot.com\/gt\/producto\/scooter-para-ninos-zing-a6-led-negro-verde-ninebot-segway\/\",\"name\":\"Scooter para Ni\u00f1os Zing A6 LED Negro-Verde Ninebot Segway - Mivoot\",\"isPartOf\":{\"@id\":\"https:\/\/mivoot.com\/gt\/#website\"},\"primaryImageOfPage\":{\"@id\":\"https:\/\/mivoot.com\/gt\/producto\/scooter-para-ninos-zing-a6-led-negro-verde-ninebot-segway\/#primaryimage\"},\"image\":{\"@id\":\"https:\/\/mivoot.com\/gt\/producto\/scooter-para-ninos-zing-a6-led-negro-verde-ninebot-segway\/#primaryimage\"},\"thumbnailUrl\":\"https:\/\/mivoot.com\/gt\/wp-content\/uploads\/2023\/10\/image-1-5.jpg\",\"datePublished\":\"2023-10-30T21:29:38+00:00\",\"dateModified\":\"2025-06-10T17:54:37+00:00\",\"breadcrumb\":{\"@id\":\"https:\/\/mivoot.com\/gt\/producto\/scooter-para-ninos-zing-a6-led-negro-verde-ninebot-segway\/#breadcrumb\"},\"inLanguage\":\"es\",\"potentialAction\":[{\"@type\":\"ReadAction\",\"target\":[\"https:\/\/mivoot.com\/gt\/producto\/scooter-para-ninos-zing-a6-led-negro-verde-ninebot-segway\/\"]}]},{\"@type\":\"ImageObject\",\"inLanguage\":\"es\",\"@id\":\"https:\/\/mivoot.com\/gt\/producto\/scooter-para-ninos-zing-a6-led-negro-verde-ninebot-segway\/#primaryimage\",\"url\":\"https:\/\/mivoot.com\/gt\/wp-content\/uploads\/2023\/10\/image-1-5.jpg\",\"contentUrl\":\"https:\/\/mivoot.com\/gt\/wp-content\/uploads\/2023\/10\/image-1-5.jpg\",\"width\":800,\"height\":800},{\"@type\":\"BreadcrumbList\",\"@id\":\"https:\/\/mivoot.com\/gt\/producto\/scooter-para-ninos-zing-a6-led-negro-verde-ninebot-segway\/#breadcrumb\",\"itemListElement\":[{\"@type\":\"ListItem\",\"position\":1,\"name\":\"Inicio\",\"item\":\"https:\/\/mivoot.com\/gt\/\"},{\"@type\":\"ListItem\",\"position\":2,\"name\":\"Productos\",\"item\":\"https:\/\/mivoot.com\/gt\/producto\/\"},{\"@type\":\"ListItem\",\"position\":3,\"name\":\"Segway\",\"item\":\"https:\/\/mivoot.com\/gt\/marca\/segway\/\"},{\"@type\":\"ListItem\",\"position\":4,\"name\":\"Scooter para Ni\u00f1os Zing A6 LED Negro-Verde Ninebot Segway\"}]},{\"@type\":\"WebSite\",\"@id\":\"https:\/\/mivoot.com\/gt\/#website\",\"url\":\"https:\/\/mivoot.com\/gt\/\",\"name\":\"Mivoot\",\"description\":\"Mivoot Guatemala | Tienda Online\",\"publisher\":{\"@id\":\"https:\/\/mivoot.com\/gt\/#organization\"},\"alternateName\":\"mivoot\",\"potentialAction\":[{\"@type\":\"SearchAction\",\"target\":{\"@type\":\"EntryPoint\",\"urlTemplate\":\"https:\/\/mivoot.com\/gt\/?s={search_term_string}\"},\"query-input\":{\"@type\":\"PropertyValueSpecification\",\"valueRequired\":true,\"valueName\":\"search_term_string\"}}],\"inLanguage\":\"es\"},{\"@type\":\"Organization\",\"@id\":\"https:\/\/mivoot.com\/gt\/#organization\",\"name\":\"Mivoot Guatemala\",\"alternateName\":\"mivoot.com\",\"url\":\"https:\/\/mivoot.com\/gt\/\",\"logo\":{\"@type\":\"ImageObject\",\"inLanguage\":\"es\",\"@id\":\"https:\/\/mivoot.com\/gt\/#\/schema\/logo\/image\/\",\"url\":\"https:\/\/mivoot.com\/gt\/wp-content\/uploads\/2023\/03\/cropped-icon.png\",\"contentUrl\":\"https:\/\/mivoot.com\/gt\/wp-content\/uploads\/2023\/03\/cropped-icon.png\",\"width\":512,\"height\":512,\"caption\":\"Mivoot Guatemala\"},\"image\":{\"@id\":\"https:\/\/mivoot.com\/gt\/#\/schema\/logo\/image\/\"},\"sameAs\":[\"https:\/\/www.facebook.com\/mivootgt\",\"https:\/\/instagram.com\/mivoot\"]}]}<\/script>\n<!-- \/ Yoast SEO Premium plugin. -->","yoast_head_json":{"title":"Scooter para Ni\u00f1os Zing A6 LED Negro-Verde Ninebot Segway - Mivoot","robots":{"index":"index","follow":"follow","max-snippet":"max-snippet:-1","max-image-preview":"max-image-preview:large","max-video-preview":"max-video-preview:-1"},"canonical":"https:\/\/mivoot.com\/gt\/producto\/scooter-para-ninos-zing-a6-led-negro-verde-ninebot-segway\/","og_locale":"es_ES","og_type":"article","og_title":"Scooter para Ni\u00f1os Zing A6 LED Negro-Verde Ninebot Segway","og_description":"- Edad recomendada 6-10 a\u00f1os - Velocidad m\u00e1xima Hasta 12 km\/h - Autonom\u00eda Hasta 5 km - Tiempo de carga Aprox. 3 horas - Resistencia al agua IPX4 - 3 modos de velocidad - Motor potencia 50 W m\u00e1xima 80W - Freno de pie en el guardabarros trasero - Capacidad de la bater\u00eda 27 Wh (2500 mAh) - Sistema de gesti\u00f3n de bater\u00eda inteligente (BMS) - Indicador de bater\u00eda y modo de velocidad Luces LED - Tama\u00f1o del neum\u00e1tico - Delantero 254 mm Trasero 112 mm - Peso m\u00e1ximo de 40Kg","og_url":"https:\/\/mivoot.com\/gt\/producto\/scooter-para-ninos-zing-a6-led-negro-verde-ninebot-segway\/","og_site_name":"Mivoot","article_publisher":"https:\/\/www.facebook.com\/mivootgt","article_modified_time":"2025-06-10T17:54:37+00:00","og_image":[{"width":800,"height":800,"url":"https:\/\/mivoot.com\/gt\/wp-content\/uploads\/2023\/10\/image-1-5.jpg","type":"image\/jpeg"}],"twitter_card":"summary_large_image","twitter_misc":{"Est. reading time":"3 minutos"},"schema":{"@context":"https:\/\/schema.org","@graph":[{"@type":"WebPage","@id":"https:\/\/mivoot.com\/gt\/producto\/scooter-para-ninos-zing-a6-led-negro-verde-ninebot-segway\/","url":"https:\/\/mivoot.com\/gt\/producto\/scooter-para-ninos-zing-a6-led-negro-verde-ninebot-segway\/","name":"Scooter para Ni\u00f1os Zing A6 LED Negro-Verde Ninebot Segway - Mivoot","isPartOf":{"@id":"https:\/\/mivoot.com\/gt\/#website"},"primaryImageOfPage":{"@id":"https:\/\/mivoot.com\/gt\/producto\/scooter-para-ninos-zing-a6-led-negro-verde-ninebot-segway\/#primaryimage"},"image":{"@id":"https:\/\/mivoot.com\/gt\/producto\/scooter-para-ninos-zing-a6-led-negro-verde-ninebot-segway\/#primaryimage"},"thumbnailUrl":"https:\/\/mivoot.com\/gt\/wp-content\/uploads\/2023\/10\/image-1-5.jpg","datePublished":"2023-10-30T21:29:38+00:00","dateModified":"2025-06-10T17:54:37+00:00","breadcrumb":{"@id":"https:\/\/mivoot.com\/gt\/producto\/scooter-para-ninos-zing-a6-led-negro-verde-ninebot-segway\/#breadcrumb"},"inLanguage":"es","potentialAction":[{"@type":"ReadAction","target":["https:\/\/mivoot.com\/gt\/producto\/scooter-para-ninos-zing-a6-led-negro-verde-ninebot-segway\/"]}]},{"@type":"ImageObject","inLanguage":"es","@id":"https:\/\/mivoot.com\/gt\/producto\/scooter-para-ninos-zing-a6-led-negro-verde-ninebot-segway\/#primaryimage","url":"https:\/\/mivoot.com\/gt\/wp-content\/uploads\/2023\/10\/image-1-5.jpg","contentUrl":"https:\/\/mivoot.com\/gt\/wp-content\/uploads\/2023\/10\/image-1-5.jpg","width":800,"height":800},{"@type":"BreadcrumbList","@id":"https:\/\/mivoot.com\/gt\/producto\/scooter-para-ninos-zing-a6-led-negro-verde-ninebot-segway\/#breadcrumb","itemListElement":[{"@type":"ListItem","position":1,"name":"Inicio","item":"https:\/\/mivoot.com\/gt\/"},{"@type":"ListItem","position":2,"name":"Productos","item":"https:\/\/mivoot.com\/gt\/producto\/"},{"@type":"ListItem","position":3,"name":"Segway","item":"https:\/\/mivoot.com\/gt\/marca\/segway\/"},{"@type":"ListItem","position":4,"name":"Scooter para Ni\u00f1os Zing A6 LED Negro-Verde Ninebot Segway"}]},{"@type":"WebSite","@id":"https:\/\/mivoot.com\/gt\/#website","url":"https:\/\/mivoot.com\/gt\/","name":"Mivoot","description":"Mivoot Guatemala | Tienda Online","publisher":{"@id":"https:\/\/mivoot.com\/gt\/#organization"},"alternateName":"mivoot","potentialAction":[{"@type":"SearchAction","target":{"@type":"EntryPoint","urlTemplate":"https:\/\/mivoot.com\/gt\/?s={search_term_string}"},"query-input":{"@type":"PropertyValueSpecification","valueRequired":true,"valueName":"search_term_string"}}],"inLanguage":"es"},{"@type":"Organization","@id":"https:\/\/mivoot.com\/gt\/#organization","name":"Mivoot Guatemala","alternateName":"mivoot.com","url":"https:\/\/mivoot.com\/gt\/","logo":{"@type":"ImageObject","inLanguage":"es","@id":"https:\/\/mivoot.com\/gt\/#\/schema\/logo\/image\/","url":"https:\/\/mivoot.com\/gt\/wp-content\/uploads\/2023\/03\/cropped-icon.png","contentUrl":"https:\/\/mivoot.com\/gt\/wp-content\/uploads\/2023\/03\/cropped-icon.png","width":512,"height":512,"caption":"Mivoot Guatemala"},"image":{"@id":"https:\/\/mivoot.com\/gt\/#\/schema\/logo\/image\/"},"sameAs":["https:\/\/www.facebook.com\/mivootgt","https:\/\/instagram.com\/mivoot"]}]}},"jetpack_publicize_connections":[],"jetpack_sharing_enabled":true,"brands":[{"id":487,"name":"Segway","slug":"segway"}],"_links":{"self":[{"href":"https:\/\/mivoot.com\/gt\/wp-json\/wp\/v2\/product\/17082","targetHints":{"allow":["GET"]}}],"collection":[{"href":"https:\/\/mivoot.com\/gt\/wp-json\/wp\/v2\/product"}],"about":[{"href":"https:\/\/mivoot.com\/gt\/wp-json\/wp\/v2\/types\/product"}],"replies":[{"embeddable":true,"href":"https:\/\/mivoot.com\/gt\/wp-json\/wp\/v2\/comments?post=17082"}],"version-history":[{"count":3,"href":"https:\/\/mivoot.com\/gt\/wp-json\/wp\/v2\/product\/17082\/revisions"}],"predecessor-version":[{"id":17090,"href":"https:\/\/mivoot.com\/gt\/wp-json\/wp\/v2\/product\/17082\/revisions\/17090"}],"wp:featuredmedia":[{"embeddable":true,"href":"https:\/\/mivoot.com\/gt\/wp-json\/wp\/v2\/media\/17084"}],"wp:attachment":[{"href":"https:\/\/mivoot.com\/gt\/wp-json\/wp\/v2\/media?parent=17082"}],"wp:term":[{"taxonomy":"pwb-brand","embeddable":true,"href":"https:\/\/mivoot.com\/gt\/wp-json\/wp\/v2\/pwb-brand?post=17082"},{"taxonomy":"product_brand","embeddable":true,"href":"https:\/\/mivoot.com\/gt\/wp-json\/wp\/v2\/product_brand?post=17082"},{"taxonomy":"product_cat","embeddable":true,"href":"https:\/\/mivoot.com\/gt\/wp-json\/wp\/v2\/product_cat?post=17082"},{"taxonomy":"product_tag","embeddable":true,"href":"https:\/\/mivoot.com\/gt\/wp-json\/wp\/v2\/product_tag?post=17082"}],"curies":[{"name":"wp","href":"https:\/\/api.w.org\/{rel}","templated":true}]}}