{"id":17094,"date":"2023-10-30T16:41:58","date_gmt":"2023-10-30T22:41:58","guid":{"rendered":"https:\/\/mivoot.com\/gt\/?post_type=product&#038;p=17094"},"modified":"2026-01-26T10:47:34","modified_gmt":"2026-01-26T16:47:34","slug":"plancha-de-vapor-vertical-de-ropa-conair","status":"publish","type":"product","link":"https:\/\/mivoot.com\/gt\/producto\/plancha-de-vapor-vertical-de-ropa-conair\/","title":{"rendered":"Plancha de Vapor Vertical 2.4L Vaporizador de Ropa Conair"},"content":{"rendered":"\t\t<div data-elementor-type=\"product-post\" data-elementor-id=\"17094\" class=\"elementor elementor-17094\">\n\t\t\t\t\t\t<section class=\"elementor-section elementor-top-section elementor-element elementor-element-662be185 elementor-section-boxed elementor-section-height-default elementor-section-height-default\" data-id=\"662be185\" data-element_type=\"section\">\n\t\t\t\t\t\t<div class=\"elementor-container elementor-column-gap-default\">\n\t\t\t\t\t<div class=\"elementor-column elementor-col-100 elementor-top-column elementor-element elementor-element-2c65d1dd\" data-id=\"2c65d1dd\" data-element_type=\"column\">\n\t\t\t<div class=\"elementor-widget-wrap elementor-element-populated\">\n\t\t\t\t\t\t<div class=\"elementor-element elementor-element-3a175e4e elementor-widget elementor-widget-text-editor\" data-id=\"3a175e4e\" data-element_type=\"widget\" data-widget_type=\"text-editor.default\">\n\t\t\t\t<div class=\"elementor-widget-container\">\n\t\t\t\t\t\t\t\t\tConair ha aprovechado todas las ventajas de sus vaporizadores de tela de lujo y los ha puesto en un vaporizador de dise\u00f1o compacto, vertical y moderno. Suaviza y refresca tus prendas f\u00e1cilmente con el vaporizador vertical de tela de Conair. Versatilidad: este vaporizador de telas utiliza el poder del vapor continuo para desarrugar y refrescar las prendas, la ropa de cama y las cortinas, as\u00ed como para eliminar los olores y matar los \u00e1caros del polvo y los chinches.\r\n\r\nR\u00e1pido y funcional: cuenta con 1600 vatios de potencia durante 70 minutos de vapor continuo. \u00bfEst\u00e1s con prisa? Este avanzado sistema de vaporizaci\u00f3n se calienta r\u00e1pidamente a vapor de alta velocidad. Percha giratoria: coloca c\u00f3modamente la prenda en la percha giratoria de 360 \u200b\u200bgrados para una eliminaci\u00f3n de arrugas perfecta y completa. Tambi\u00e9n cuenta con un sistema de doble pinza para quitar las arrugas de los pantalones f\u00e1cilmente.\t\t\t\t\t\t\t\t<\/div>\n\t\t\t\t<\/div>\n\t\t\t\t\t<\/div>\n\t\t<\/div>\n\t\t\t\t\t<\/div>\n\t\t<\/section>\n\t\t\t\t<section class=\"elementor-section elementor-top-section elementor-element elementor-element-b56349a elementor-section-boxed elementor-section-height-default elementor-section-height-default\" data-id=\"b56349a\" data-element_type=\"section\">\n\t\t\t\t\t\t<div class=\"elementor-container elementor-column-gap-default\">\n\t\t\t\t\t<div class=\"elementor-column elementor-col-50 elementor-top-column elementor-element elementor-element-8162f67\" data-id=\"8162f67\" data-element_type=\"column\">\n\t\t\t<div class=\"elementor-widget-wrap elementor-element-populated\">\n\t\t\t\t\t\t<div class=\"elementor-element elementor-element-6177427 elementor-widget elementor-widget-image\" data-id=\"6177427\" data-element_type=\"widget\" data-widget_type=\"image.default\">\n\t\t\t\t<div class=\"elementor-widget-container\">\n\t\t\t\t\t\t\t\t\t\t\t\t\t\t\t<img fetchpriority=\"high\" decoding=\"async\" width=\"500\" height=\"500\" src=\"https:\/\/mivoot.com\/gt\/wp-content\/uploads\/2023\/10\/Conair-6.jpg\" class=\"attachment-large size-large wp-image-17096\" alt=\"\" srcset=\"https:\/\/mivoot.com\/gt\/wp-content\/uploads\/2023\/10\/Conair-6.jpg 500w, https:\/\/mivoot.com\/gt\/wp-content\/uploads\/2023\/10\/Conair-6-250x250.jpg 250w, https:\/\/mivoot.com\/gt\/wp-content\/uploads\/2023\/10\/Conair-6-100x100.jpg 100w, https:\/\/mivoot.com\/gt\/wp-content\/uploads\/2023\/10\/Conair-6-410x410.jpg 410w, https:\/\/mivoot.com\/gt\/wp-content\/uploads\/2023\/10\/Conair-6-64x64.jpg 64w, https:\/\/mivoot.com\/gt\/wp-content\/uploads\/2023\/10\/Conair-6-300x300.jpg 300w, https:\/\/mivoot.com\/gt\/wp-content\/uploads\/2023\/10\/Conair-6-150x150.jpg 150w, https:\/\/mivoot.com\/gt\/wp-content\/uploads\/2023\/10\/Conair-6-50x50.jpg 50w\" sizes=\"(max-width: 500px) 100vw, 500px\" \/>\t\t\t\t\t\t\t\t\t\t\t\t\t\t\t<\/div>\n\t\t\t\t<\/div>\n\t\t\t\t\t<\/div>\n\t\t<\/div>\n\t\t\t\t<div class=\"elementor-column elementor-col-50 elementor-top-column elementor-element elementor-element-cb2bc53\" data-id=\"cb2bc53\" data-element_type=\"column\">\n\t\t\t<div class=\"elementor-widget-wrap elementor-element-populated\">\n\t\t\t\t\t\t<div class=\"elementor-element elementor-element-33b289e elementor-widget elementor-widget-text-editor\" data-id=\"33b289e\" data-element_type=\"widget\" data-widget_type=\"text-editor.default\">\n\t\t\t\t<div class=\"elementor-widget-container\">\n\t\t\t\t\t\t\t\t\t<p>R\u00e1pido y funcional: cuenta con 1600 vatios de potencia durante 70 minutos de vapor continuo. \u00bfEst\u00e1s con prisa? Este avanzado sistema de vaporizaci\u00f3n se calienta r\u00e1pidamente a vapor de alta velocidad. Percha giratoria: coloca c\u00f3modamente la prenda en la percha giratoria de 360 \u200b\u200bgrados para una eliminaci\u00f3n de arrugas perfecta y completa. Tambi\u00e9n cuenta con un sistema de doble pinza para quitar las arrugas de los pantalones f\u00e1cilmente.<\/p>\t\t\t\t\t\t\t\t<\/div>\n\t\t\t\t<\/div>\n\t\t\t\t\t<\/div>\n\t\t<\/div>\n\t\t\t\t\t<\/div>\n\t\t<\/section>\n\t\t\t\t<\/div>\n\t\t","protected":false},"excerpt":{"rendered":"<p>Caracter\u00edsticas adicionales Funci\u00f3n:<\/p>\n<p>-eliminador de arrugas Funciona en: prendas, cortinas y ropa de cama<br \/>\n-Tiempo de potencia de vapor: 70 minutos<br \/>\n-Tanque de agua: 2,4 L<br \/>\n-Tiempo de calentamiento: 45 segundos Accesorios: tubo retr\u00e1ctil y boquilla telesc\u00f3pica para colgar prendas<br \/>\n-Voltaje: 1600 vatios<br \/>\n-Dimensiones: 12,625 x 14,625 x 15,875 pulgadas<br \/>\n-Peso: 16,16 libras<\/p>\n","protected":false},"featured_media":17097,"comment_status":"open","ping_status":"closed","template":"","meta":{"jetpack_publicize_message":"","jetpack_publicize_feature_enabled":true,"jetpack_social_post_already_shared":true,"jetpack_social_options":{"image_generator_settings":{"template":"highway","default_image_id":0,"font":"","enabled":false},"version":2}},"pwb-brand":[490],"product_brand":[],"product_cat":[291,489],"product_tag":[],"class_list":{"0":"post-17094","1":"product","2":"type-product","3":"status-publish","4":"has-post-thumbnail","6":"pwb-brand-conair","7":"product_cat-hogar-y-organizacion","8":"product_cat-plancha","10":"first","11":"instock","12":"taxable","13":"shipping-taxable","14":"purchasable","15":"product-type-simple"},"yoast_head":"<!-- This site is optimized with the Yoast SEO Premium plugin v25.7.1 (Yoast SEO v26.8) - https:\/\/yoast.com\/product\/yoast-seo-premium-wordpress\/ -->\n<title>Plancha de Vapor Vertical 2.4L Vaporizador de Ropa Conair - Mivoot<\/title>\n<meta name=\"robots\" content=\"index, follow, max-snippet:-1, max-image-preview:large, max-video-preview:-1\" \/>\n<link rel=\"canonical\" href=\"https:\/\/mivoot.com\/gt\/producto\/plancha-de-vapor-vertical-de-ropa-conair\/\" \/>\n<meta property=\"og:locale\" content=\"es_ES\" \/>\n<meta property=\"og:type\" content=\"article\" \/>\n<meta property=\"og:title\" content=\"Plancha de Vapor Vertical 2.4L Vaporizador de Ropa Conair\" \/>\n<meta property=\"og:description\" content=\"Caracter\u00edsticas adicionales Funci\u00f3n:  -eliminador de arrugas Funciona en: prendas, cortinas y ropa de cama -Tiempo de potencia de vapor: 70 minutos -Tanque de agua: 2,4 L -Tiempo de calentamiento: 45 segundos Accesorios: tubo retr\u00e1ctil y boquilla telesc\u00f3pica para colgar prendas -Voltaje: 1600 vatios -Dimensiones: 12,625 x 14,625 x 15,875 pulgadas -Peso: 16,16 libras\" \/>\n<meta property=\"og:url\" content=\"https:\/\/mivoot.com\/gt\/producto\/plancha-de-vapor-vertical-de-ropa-conair\/\" \/>\n<meta property=\"og:site_name\" content=\"Mivoot\" \/>\n<meta property=\"article:publisher\" content=\"https:\/\/www.facebook.com\/mivootgt\" \/>\n<meta property=\"article:modified_time\" content=\"2026-01-26T16:47:34+00:00\" \/>\n<meta property=\"og:image\" content=\"https:\/\/mivoot.com\/gt\/wp-content\/uploads\/2023\/10\/Conair-5.jpg\" \/>\n\t<meta property=\"og:image:width\" content=\"500\" \/>\n\t<meta property=\"og:image:height\" content=\"500\" \/>\n\t<meta property=\"og:image:type\" content=\"image\/jpeg\" \/>\n<meta name=\"twitter:card\" content=\"summary_large_image\" \/>\n<meta name=\"twitter:label1\" content=\"Est. reading time\" \/>\n\t<meta name=\"twitter:data1\" content=\"2 minutos\" \/>\n<script type=\"application\/ld+json\" class=\"yoast-schema-graph\">{\"@context\":\"https:\/\/schema.org\",\"@graph\":[{\"@type\":\"WebPage\",\"@id\":\"https:\/\/mivoot.com\/gt\/producto\/plancha-de-vapor-vertical-de-ropa-conair\/\",\"url\":\"https:\/\/mivoot.com\/gt\/producto\/plancha-de-vapor-vertical-de-ropa-conair\/\",\"name\":\"Plancha de Vapor Vertical 2.4L Vaporizador de Ropa Conair - Mivoot\",\"isPartOf\":{\"@id\":\"https:\/\/mivoot.com\/gt\/#website\"},\"primaryImageOfPage\":{\"@id\":\"https:\/\/mivoot.com\/gt\/producto\/plancha-de-vapor-vertical-de-ropa-conair\/#primaryimage\"},\"image\":{\"@id\":\"https:\/\/mivoot.com\/gt\/producto\/plancha-de-vapor-vertical-de-ropa-conair\/#primaryimage\"},\"thumbnailUrl\":\"https:\/\/mivoot.com\/gt\/wp-content\/uploads\/2023\/10\/Conair-5.jpg\",\"datePublished\":\"2023-10-30T22:41:58+00:00\",\"dateModified\":\"2026-01-26T16:47:34+00:00\",\"breadcrumb\":{\"@id\":\"https:\/\/mivoot.com\/gt\/producto\/plancha-de-vapor-vertical-de-ropa-conair\/#breadcrumb\"},\"inLanguage\":\"es\",\"potentialAction\":[{\"@type\":\"ReadAction\",\"target\":[\"https:\/\/mivoot.com\/gt\/producto\/plancha-de-vapor-vertical-de-ropa-conair\/\"]}]},{\"@type\":\"ImageObject\",\"inLanguage\":\"es\",\"@id\":\"https:\/\/mivoot.com\/gt\/producto\/plancha-de-vapor-vertical-de-ropa-conair\/#primaryimage\",\"url\":\"https:\/\/mivoot.com\/gt\/wp-content\/uploads\/2023\/10\/Conair-5.jpg\",\"contentUrl\":\"https:\/\/mivoot.com\/gt\/wp-content\/uploads\/2023\/10\/Conair-5.jpg\",\"width\":500,\"height\":500},{\"@type\":\"BreadcrumbList\",\"@id\":\"https:\/\/mivoot.com\/gt\/producto\/plancha-de-vapor-vertical-de-ropa-conair\/#breadcrumb\",\"itemListElement\":[{\"@type\":\"ListItem\",\"position\":1,\"name\":\"Inicio\",\"item\":\"https:\/\/mivoot.com\/gt\/\"},{\"@type\":\"ListItem\",\"position\":2,\"name\":\"Productos\",\"item\":\"https:\/\/mivoot.com\/gt\/producto\/\"},{\"@type\":\"ListItem\",\"position\":3,\"name\":\"Conair\",\"item\":\"https:\/\/mivoot.com\/gt\/marca\/conair\/\"},{\"@type\":\"ListItem\",\"position\":4,\"name\":\"Plancha de Vapor Vertical 2.4L Vaporizador de Ropa Conair\"}]},{\"@type\":\"WebSite\",\"@id\":\"https:\/\/mivoot.com\/gt\/#website\",\"url\":\"https:\/\/mivoot.com\/gt\/\",\"name\":\"Mivoot\",\"description\":\"Mivoot Guatemala | Tienda Online\",\"publisher\":{\"@id\":\"https:\/\/mivoot.com\/gt\/#organization\"},\"alternateName\":\"mivoot\",\"potentialAction\":[{\"@type\":\"SearchAction\",\"target\":{\"@type\":\"EntryPoint\",\"urlTemplate\":\"https:\/\/mivoot.com\/gt\/?s={search_term_string}\"},\"query-input\":{\"@type\":\"PropertyValueSpecification\",\"valueRequired\":true,\"valueName\":\"search_term_string\"}}],\"inLanguage\":\"es\"},{\"@type\":\"Organization\",\"@id\":\"https:\/\/mivoot.com\/gt\/#organization\",\"name\":\"Mivoot Guatemala\",\"alternateName\":\"mivoot.com\",\"url\":\"https:\/\/mivoot.com\/gt\/\",\"logo\":{\"@type\":\"ImageObject\",\"inLanguage\":\"es\",\"@id\":\"https:\/\/mivoot.com\/gt\/#\/schema\/logo\/image\/\",\"url\":\"https:\/\/mivoot.com\/gt\/wp-content\/uploads\/2023\/03\/cropped-icon.png\",\"contentUrl\":\"https:\/\/mivoot.com\/gt\/wp-content\/uploads\/2023\/03\/cropped-icon.png\",\"width\":512,\"height\":512,\"caption\":\"Mivoot Guatemala\"},\"image\":{\"@id\":\"https:\/\/mivoot.com\/gt\/#\/schema\/logo\/image\/\"},\"sameAs\":[\"https:\/\/www.facebook.com\/mivootgt\",\"https:\/\/instagram.com\/mivoot\"]}]}<\/script>\n<!-- \/ Yoast SEO Premium plugin. -->","yoast_head_json":{"title":"Plancha de Vapor Vertical 2.4L Vaporizador de Ropa Conair - Mivoot","robots":{"index":"index","follow":"follow","max-snippet":"max-snippet:-1","max-image-preview":"max-image-preview:large","max-video-preview":"max-video-preview:-1"},"canonical":"https:\/\/mivoot.com\/gt\/producto\/plancha-de-vapor-vertical-de-ropa-conair\/","og_locale":"es_ES","og_type":"article","og_title":"Plancha de Vapor Vertical 2.4L Vaporizador de Ropa Conair","og_description":"Caracter\u00edsticas adicionales Funci\u00f3n:  -eliminador de arrugas Funciona en: prendas, cortinas y ropa de cama -Tiempo de potencia de vapor: 70 minutos -Tanque de agua: 2,4 L -Tiempo de calentamiento: 45 segundos Accesorios: tubo retr\u00e1ctil y boquilla telesc\u00f3pica para colgar prendas -Voltaje: 1600 vatios -Dimensiones: 12,625 x 14,625 x 15,875 pulgadas -Peso: 16,16 libras","og_url":"https:\/\/mivoot.com\/gt\/producto\/plancha-de-vapor-vertical-de-ropa-conair\/","og_site_name":"Mivoot","article_publisher":"https:\/\/www.facebook.com\/mivootgt","article_modified_time":"2026-01-26T16:47:34+00:00","og_image":[{"width":500,"height":500,"url":"https:\/\/mivoot.com\/gt\/wp-content\/uploads\/2023\/10\/Conair-5.jpg","type":"image\/jpeg"}],"twitter_card":"summary_large_image","twitter_misc":{"Est. reading time":"2 minutos"},"schema":{"@context":"https:\/\/schema.org","@graph":[{"@type":"WebPage","@id":"https:\/\/mivoot.com\/gt\/producto\/plancha-de-vapor-vertical-de-ropa-conair\/","url":"https:\/\/mivoot.com\/gt\/producto\/plancha-de-vapor-vertical-de-ropa-conair\/","name":"Plancha de Vapor Vertical 2.4L Vaporizador de Ropa Conair - Mivoot","isPartOf":{"@id":"https:\/\/mivoot.com\/gt\/#website"},"primaryImageOfPage":{"@id":"https:\/\/mivoot.com\/gt\/producto\/plancha-de-vapor-vertical-de-ropa-conair\/#primaryimage"},"image":{"@id":"https:\/\/mivoot.com\/gt\/producto\/plancha-de-vapor-vertical-de-ropa-conair\/#primaryimage"},"thumbnailUrl":"https:\/\/mivoot.com\/gt\/wp-content\/uploads\/2023\/10\/Conair-5.jpg","datePublished":"2023-10-30T22:41:58+00:00","dateModified":"2026-01-26T16:47:34+00:00","breadcrumb":{"@id":"https:\/\/mivoot.com\/gt\/producto\/plancha-de-vapor-vertical-de-ropa-conair\/#breadcrumb"},"inLanguage":"es","potentialAction":[{"@type":"ReadAction","target":["https:\/\/mivoot.com\/gt\/producto\/plancha-de-vapor-vertical-de-ropa-conair\/"]}]},{"@type":"ImageObject","inLanguage":"es","@id":"https:\/\/mivoot.com\/gt\/producto\/plancha-de-vapor-vertical-de-ropa-conair\/#primaryimage","url":"https:\/\/mivoot.com\/gt\/wp-content\/uploads\/2023\/10\/Conair-5.jpg","contentUrl":"https:\/\/mivoot.com\/gt\/wp-content\/uploads\/2023\/10\/Conair-5.jpg","width":500,"height":500},{"@type":"BreadcrumbList","@id":"https:\/\/mivoot.com\/gt\/producto\/plancha-de-vapor-vertical-de-ropa-conair\/#breadcrumb","itemListElement":[{"@type":"ListItem","position":1,"name":"Inicio","item":"https:\/\/mivoot.com\/gt\/"},{"@type":"ListItem","position":2,"name":"Productos","item":"https:\/\/mivoot.com\/gt\/producto\/"},{"@type":"ListItem","position":3,"name":"Conair","item":"https:\/\/mivoot.com\/gt\/marca\/conair\/"},{"@type":"ListItem","position":4,"name":"Plancha de Vapor Vertical 2.4L Vaporizador de Ropa Conair"}]},{"@type":"WebSite","@id":"https:\/\/mivoot.com\/gt\/#website","url":"https:\/\/mivoot.com\/gt\/","name":"Mivoot","description":"Mivoot Guatemala | Tienda Online","publisher":{"@id":"https:\/\/mivoot.com\/gt\/#organization"},"alternateName":"mivoot","potentialAction":[{"@type":"SearchAction","target":{"@type":"EntryPoint","urlTemplate":"https:\/\/mivoot.com\/gt\/?s={search_term_string}"},"query-input":{"@type":"PropertyValueSpecification","valueRequired":true,"valueName":"search_term_string"}}],"inLanguage":"es"},{"@type":"Organization","@id":"https:\/\/mivoot.com\/gt\/#organization","name":"Mivoot Guatemala","alternateName":"mivoot.com","url":"https:\/\/mivoot.com\/gt\/","logo":{"@type":"ImageObject","inLanguage":"es","@id":"https:\/\/mivoot.com\/gt\/#\/schema\/logo\/image\/","url":"https:\/\/mivoot.com\/gt\/wp-content\/uploads\/2023\/03\/cropped-icon.png","contentUrl":"https:\/\/mivoot.com\/gt\/wp-content\/uploads\/2023\/03\/cropped-icon.png","width":512,"height":512,"caption":"Mivoot Guatemala"},"image":{"@id":"https:\/\/mivoot.com\/gt\/#\/schema\/logo\/image\/"},"sameAs":["https:\/\/www.facebook.com\/mivootgt","https:\/\/instagram.com\/mivoot"]}]}},"jetpack_publicize_connections":[],"jetpack_sharing_enabled":true,"brands":[{"id":490,"name":"Conair","slug":"conair"}],"_links":{"self":[{"href":"https:\/\/mivoot.com\/gt\/wp-json\/wp\/v2\/product\/17094","targetHints":{"allow":["GET"]}}],"collection":[{"href":"https:\/\/mivoot.com\/gt\/wp-json\/wp\/v2\/product"}],"about":[{"href":"https:\/\/mivoot.com\/gt\/wp-json\/wp\/v2\/types\/product"}],"replies":[{"embeddable":true,"href":"https:\/\/mivoot.com\/gt\/wp-json\/wp\/v2\/comments?post=17094"}],"version-history":[{"count":7,"href":"https:\/\/mivoot.com\/gt\/wp-json\/wp\/v2\/product\/17094\/revisions"}],"predecessor-version":[{"id":31047,"href":"https:\/\/mivoot.com\/gt\/wp-json\/wp\/v2\/product\/17094\/revisions\/31047"}],"wp:featuredmedia":[{"embeddable":true,"href":"https:\/\/mivoot.com\/gt\/wp-json\/wp\/v2\/media\/17097"}],"wp:attachment":[{"href":"https:\/\/mivoot.com\/gt\/wp-json\/wp\/v2\/media?parent=17094"}],"wp:term":[{"taxonomy":"pwb-brand","embeddable":true,"href":"https:\/\/mivoot.com\/gt\/wp-json\/wp\/v2\/pwb-brand?post=17094"},{"taxonomy":"product_brand","embeddable":true,"href":"https:\/\/mivoot.com\/gt\/wp-json\/wp\/v2\/product_brand?post=17094"},{"taxonomy":"product_cat","embeddable":true,"href":"https:\/\/mivoot.com\/gt\/wp-json\/wp\/v2\/product_cat?post=17094"},{"taxonomy":"product_tag","embeddable":true,"href":"https:\/\/mivoot.com\/gt\/wp-json\/wp\/v2\/product_tag?post=17094"}],"curies":[{"name":"wp","href":"https:\/\/api.w.org\/{rel}","templated":true}]}}