{"id":17130,"date":"2023-11-08T12:52:00","date_gmt":"2023-11-08T18:52:00","guid":{"rendered":"https:\/\/mivoot.com\/gt\/?post_type=product&#038;p=17130"},"modified":"2024-03-19T18:05:23","modified_gmt":"2024-03-20T00:05:23","slug":"regulador-de-voltaje-2000va-1200w-kebo","status":"publish","type":"product","link":"https:\/\/mivoot.com\/gt\/producto\/regulador-de-voltaje-2000va-1200w-kebo\/","title":{"rendered":"Regulador de Voltaje 2000VA \/ 1200W Kebo"},"content":{"rendered":"<table class=\"aliDataTable\" border=\"0\" cellspacing=\"1\" cellpadding=\"2\" align=\"center\">\n<tbody>\n<tr>\n<td colspan=\"2\">Modelo<\/td>\n<td>UDR-2000VA<\/td>\n<\/tr>\n<tr>\n<td colspan=\"2\">Poder<\/td>\n<td>2000VA<\/td>\n<\/tr>\n<tr>\n<td colspan=\"2\">La tecnolog\u00eda<\/td>\n<td>CPU basado en circuito + CRGO (redondo) transformador<\/td>\n<\/tr>\n<tr>\n<td rowspan=\"2\">De entrada<\/td>\n<td>Rango de tensi\u00f3n de entrada<\/td>\n<td>80-260Vac<\/td>\n<\/tr>\n<tr>\n<td>Frecuencia de entrada<\/td>\n<td>50\/60Hz<\/td>\n<\/tr>\n<tr>\n<td rowspan=\"2\">De salida<\/td>\n<td>Tensi\u00f3n de salida<\/td>\n<td>110Vca y 220Vac<\/td>\n<\/tr>\n<tr>\n<td>Salida de precisi\u00f3n<\/td>\n<td>\u00b1 10%<\/td>\n<\/tr>\n<tr>\n<td colspan=\"2\">La eficiencia<\/td>\n<td>98%<\/td>\n<\/tr>\n<tr>\n<td colspan=\"2\">Fase<\/td>\n<td>Fase \u00fanica<\/td>\n<\/tr>\n<tr>\n<td colspan=\"2\">Pantalla Digital LED de estado<\/td>\n<td>Tensi\u00f3n de entrada\/salida de tensi\u00f3n<\/td>\n<\/tr>\n<tr>\n<td rowspan=\"3\">Pantalla LED de estado<\/td>\n<td>LED verde<\/td>\n<td>Dispositivo<\/td>\n<\/tr>\n<tr>\n<td>LED amarillo<\/td>\n<td>Retraso en progreso<\/td>\n<\/tr>\n<tr>\n<td>LED rojo<\/td>\n<td>Salida suprimido tensi\u00f3n de entrada fuera de rango y el sobrecalentamiento<\/td>\n<\/tr>\n<tr>\n<td rowspan=\"5\">Protecci\u00f3n<\/td>\n<td>Alta Tensi\u00f3n de protecci\u00f3n de<\/td>\n<td>S\u00ed<\/td>\n<\/tr>\n<tr>\n<td>Protecci\u00f3n de baja tensi\u00f3n<\/td>\n<td>Opcional<\/td>\n<\/tr>\n<tr>\n<td>Protecci\u00f3n contra sobrecarga<\/td>\n<td>S\u00ed<\/td>\n<\/tr>\n<tr>\n<td>De alta temperatura<\/td>\n<td>S\u00ed<\/td>\n<\/tr>\n<tr>\n<td>Protecci\u00f3n de circuitos<\/td>\n<td>Disyuntor de Circuito<\/td>\n<\/tr>\n<tr>\n<td colspan=\"2\">Inteligente sistema de refrigeraci\u00f3n<\/td>\n<td>Natural<\/td>\n<\/tr>\n<tr>\n<td colspan=\"2\">Las normas de seguridad<\/td>\n<td>CE<\/td>\n<\/tr>\n<tr>\n<td rowspan=\"3\">Las condiciones de funcionamiento<\/td>\n<td>Temperatura de funcionamiento<\/td>\n<td>0-40<\/td>\n<\/tr>\n<tr>\n<td>Temperatura de almacenamiento<\/td>\n<td>-15-45<\/td>\n<\/tr>\n<tr>\n<td>Humedad Relativa de funcionamiento<\/td>\n<td>10% RH-102 % RH-condensaci\u00f3n<\/td>\n<\/tr>\n<tr>\n<td rowspan=\"2\">Dimensi\u00f3n<\/td>\n<td>Tama\u00f1o de la m\u00e1quina (mm)<\/td>\n<td>265x140x188<\/td>\n<\/tr>\n<tr>\n<td>Unidad de peso (kgs)<\/td>\n<td>\n<p data-spm-anchor-id=\"a2700.details.0.i36.5be174d8A139GS\">8<\/p>\n<\/td>\n<\/tr>\n<\/tbody>\n<\/table>\n","protected":false},"excerpt":{"rendered":"<p>&#8211; Entrada 80-260V<br \/>\n&#8211; Salida 110-220V<br \/>\n&#8211; Amplio rango de regulaci\u00f3n de voltaje 80-260V~, 50\/60Hz<br \/>\n&#8211; Tecnolog\u00eda de conmutaci\u00f3n de cruce por cero<br \/>\n&#8211; Circuito de alimentaci\u00f3n independiente en PCB principal<br \/>\n&#8211; MCU optimizado para compresores<br \/>\n&#8211; Dise\u00f1o de rel\u00e9s personalizados adoptado por tecnolog\u00eda de aviaci\u00f3n<br \/>\n&#8211; Protecci\u00f3n total como alto\/bajo voltaje, sobrecalentamiento, sobrecarga, cortocircuito, sobretensi\u00f3n<\/p>\n","protected":false},"featured_media":17132,"comment_status":"open","ping_status":"closed","template":"","meta":{"jetpack_publicize_message":"","jetpack_publicize_feature_enabled":true,"jetpack_social_post_already_shared":true,"jetpack_social_options":{"image_generator_settings":{"template":"highway","default_image_id":0,"font":"","enabled":false},"version":2}},"pwb-brand":[496],"product_brand":[],"product_cat":[179],"product_tag":[],"class_list":{"0":"post-17130","1":"product","2":"type-product","3":"status-publish","4":"has-post-thumbnail","6":"pwb-brand-kebo","7":"product_cat-regulador","9":"first","10":"instock","11":"taxable","12":"shipping-taxable","13":"purchasable","14":"product-type-simple"},"yoast_head":"<!-- This site is optimized with the Yoast SEO Premium plugin v25.7.1 (Yoast SEO v26.8) - https:\/\/yoast.com\/product\/yoast-seo-premium-wordpress\/ -->\n<title>Regulador de Voltaje 2000VA \/ 1200W Kebo - Mivoot<\/title>\n<meta name=\"robots\" content=\"index, follow, max-snippet:-1, max-image-preview:large, max-video-preview:-1\" \/>\n<link rel=\"canonical\" href=\"https:\/\/mivoot.com\/gt\/producto\/regulador-de-voltaje-2000va-1200w-kebo\/\" \/>\n<meta property=\"og:locale\" content=\"es_ES\" \/>\n<meta property=\"og:type\" content=\"article\" \/>\n<meta property=\"og:title\" content=\"Regulador de Voltaje 2000VA \/ 1200W Kebo\" \/>\n<meta property=\"og:description\" content=\"- Entrada 80-260V - Salida 110-220V - Amplio rango de regulaci\u00f3n de voltaje 80-260V~, 50\/60Hz - Tecnolog\u00eda de conmutaci\u00f3n de cruce por cero - Circuito de alimentaci\u00f3n independiente en PCB principal - MCU optimizado para compresores - Dise\u00f1o de rel\u00e9s personalizados adoptado por tecnolog\u00eda de aviaci\u00f3n - Protecci\u00f3n total como alto\/bajo voltaje, sobrecalentamiento, sobrecarga, cortocircuito, sobretensi\u00f3n\" \/>\n<meta property=\"og:url\" content=\"https:\/\/mivoot.com\/gt\/producto\/regulador-de-voltaje-2000va-1200w-kebo\/\" \/>\n<meta property=\"og:site_name\" content=\"Mivoot\" \/>\n<meta property=\"article:publisher\" content=\"https:\/\/www.facebook.com\/mivootgt\" \/>\n<meta property=\"article:modified_time\" content=\"2024-03-20T00:05:23+00:00\" \/>\n<meta property=\"og:image\" content=\"https:\/\/mivoot.com\/gt\/wp-content\/uploads\/2023\/11\/2.webp\" \/>\n\t<meta property=\"og:image:width\" content=\"1000\" \/>\n\t<meta property=\"og:image:height\" content=\"1000\" \/>\n\t<meta property=\"og:image:type\" content=\"image\/webp\" \/>\n<meta name=\"twitter:card\" content=\"summary_large_image\" \/>\n<meta name=\"twitter:label1\" content=\"Est. reading time\" \/>\n\t<meta name=\"twitter:data1\" content=\"1 minuto\" \/>\n<script type=\"application\/ld+json\" class=\"yoast-schema-graph\">{\"@context\":\"https:\/\/schema.org\",\"@graph\":[{\"@type\":\"WebPage\",\"@id\":\"https:\/\/mivoot.com\/gt\/producto\/regulador-de-voltaje-2000va-1200w-kebo\/\",\"url\":\"https:\/\/mivoot.com\/gt\/producto\/regulador-de-voltaje-2000va-1200w-kebo\/\",\"name\":\"Regulador de Voltaje 2000VA \/ 1200W Kebo - Mivoot\",\"isPartOf\":{\"@id\":\"https:\/\/mivoot.com\/gt\/#website\"},\"primaryImageOfPage\":{\"@id\":\"https:\/\/mivoot.com\/gt\/producto\/regulador-de-voltaje-2000va-1200w-kebo\/#primaryimage\"},\"image\":{\"@id\":\"https:\/\/mivoot.com\/gt\/producto\/regulador-de-voltaje-2000va-1200w-kebo\/#primaryimage\"},\"thumbnailUrl\":\"https:\/\/mivoot.com\/gt\/wp-content\/uploads\/2023\/11\/2.webp\",\"datePublished\":\"2023-11-08T18:52:00+00:00\",\"dateModified\":\"2024-03-20T00:05:23+00:00\",\"breadcrumb\":{\"@id\":\"https:\/\/mivoot.com\/gt\/producto\/regulador-de-voltaje-2000va-1200w-kebo\/#breadcrumb\"},\"inLanguage\":\"es\",\"potentialAction\":[{\"@type\":\"ReadAction\",\"target\":[\"https:\/\/mivoot.com\/gt\/producto\/regulador-de-voltaje-2000va-1200w-kebo\/\"]}]},{\"@type\":\"ImageObject\",\"inLanguage\":\"es\",\"@id\":\"https:\/\/mivoot.com\/gt\/producto\/regulador-de-voltaje-2000va-1200w-kebo\/#primaryimage\",\"url\":\"https:\/\/mivoot.com\/gt\/wp-content\/uploads\/2023\/11\/2.webp\",\"contentUrl\":\"https:\/\/mivoot.com\/gt\/wp-content\/uploads\/2023\/11\/2.webp\",\"width\":1000,\"height\":1000},{\"@type\":\"BreadcrumbList\",\"@id\":\"https:\/\/mivoot.com\/gt\/producto\/regulador-de-voltaje-2000va-1200w-kebo\/#breadcrumb\",\"itemListElement\":[{\"@type\":\"ListItem\",\"position\":1,\"name\":\"Inicio\",\"item\":\"https:\/\/mivoot.com\/gt\/\"},{\"@type\":\"ListItem\",\"position\":2,\"name\":\"Productos\",\"item\":\"https:\/\/mivoot.com\/gt\/producto\/\"},{\"@type\":\"ListItem\",\"position\":3,\"name\":\"Kebo\",\"item\":\"https:\/\/mivoot.com\/gt\/marca\/kebo\/\"},{\"@type\":\"ListItem\",\"position\":4,\"name\":\"Regulador de Voltaje 2000VA \/ 1200W Kebo\"}]},{\"@type\":\"WebSite\",\"@id\":\"https:\/\/mivoot.com\/gt\/#website\",\"url\":\"https:\/\/mivoot.com\/gt\/\",\"name\":\"Mivoot\",\"description\":\"Mivoot Guatemala | Tienda Online\",\"publisher\":{\"@id\":\"https:\/\/mivoot.com\/gt\/#organization\"},\"alternateName\":\"mivoot\",\"potentialAction\":[{\"@type\":\"SearchAction\",\"target\":{\"@type\":\"EntryPoint\",\"urlTemplate\":\"https:\/\/mivoot.com\/gt\/?s={search_term_string}\"},\"query-input\":{\"@type\":\"PropertyValueSpecification\",\"valueRequired\":true,\"valueName\":\"search_term_string\"}}],\"inLanguage\":\"es\"},{\"@type\":\"Organization\",\"@id\":\"https:\/\/mivoot.com\/gt\/#organization\",\"name\":\"Mivoot Guatemala\",\"alternateName\":\"mivoot.com\",\"url\":\"https:\/\/mivoot.com\/gt\/\",\"logo\":{\"@type\":\"ImageObject\",\"inLanguage\":\"es\",\"@id\":\"https:\/\/mivoot.com\/gt\/#\/schema\/logo\/image\/\",\"url\":\"https:\/\/mivoot.com\/gt\/wp-content\/uploads\/2023\/03\/cropped-icon.png\",\"contentUrl\":\"https:\/\/mivoot.com\/gt\/wp-content\/uploads\/2023\/03\/cropped-icon.png\",\"width\":512,\"height\":512,\"caption\":\"Mivoot Guatemala\"},\"image\":{\"@id\":\"https:\/\/mivoot.com\/gt\/#\/schema\/logo\/image\/\"},\"sameAs\":[\"https:\/\/www.facebook.com\/mivootgt\",\"https:\/\/instagram.com\/mivoot\"]}]}<\/script>\n<!-- \/ Yoast SEO Premium plugin. -->","yoast_head_json":{"title":"Regulador de Voltaje 2000VA \/ 1200W Kebo - Mivoot","robots":{"index":"index","follow":"follow","max-snippet":"max-snippet:-1","max-image-preview":"max-image-preview:large","max-video-preview":"max-video-preview:-1"},"canonical":"https:\/\/mivoot.com\/gt\/producto\/regulador-de-voltaje-2000va-1200w-kebo\/","og_locale":"es_ES","og_type":"article","og_title":"Regulador de Voltaje 2000VA \/ 1200W Kebo","og_description":"- Entrada 80-260V - Salida 110-220V - Amplio rango de regulaci\u00f3n de voltaje 80-260V~, 50\/60Hz - Tecnolog\u00eda de conmutaci\u00f3n de cruce por cero - Circuito de alimentaci\u00f3n independiente en PCB principal - MCU optimizado para compresores - Dise\u00f1o de rel\u00e9s personalizados adoptado por tecnolog\u00eda de aviaci\u00f3n - Protecci\u00f3n total como alto\/bajo voltaje, sobrecalentamiento, sobrecarga, cortocircuito, sobretensi\u00f3n","og_url":"https:\/\/mivoot.com\/gt\/producto\/regulador-de-voltaje-2000va-1200w-kebo\/","og_site_name":"Mivoot","article_publisher":"https:\/\/www.facebook.com\/mivootgt","article_modified_time":"2024-03-20T00:05:23+00:00","og_image":[{"width":1000,"height":1000,"url":"https:\/\/mivoot.com\/gt\/wp-content\/uploads\/2023\/11\/2.webp","type":"image\/webp"}],"twitter_card":"summary_large_image","twitter_misc":{"Est. reading time":"1 minuto"},"schema":{"@context":"https:\/\/schema.org","@graph":[{"@type":"WebPage","@id":"https:\/\/mivoot.com\/gt\/producto\/regulador-de-voltaje-2000va-1200w-kebo\/","url":"https:\/\/mivoot.com\/gt\/producto\/regulador-de-voltaje-2000va-1200w-kebo\/","name":"Regulador de Voltaje 2000VA \/ 1200W Kebo - Mivoot","isPartOf":{"@id":"https:\/\/mivoot.com\/gt\/#website"},"primaryImageOfPage":{"@id":"https:\/\/mivoot.com\/gt\/producto\/regulador-de-voltaje-2000va-1200w-kebo\/#primaryimage"},"image":{"@id":"https:\/\/mivoot.com\/gt\/producto\/regulador-de-voltaje-2000va-1200w-kebo\/#primaryimage"},"thumbnailUrl":"https:\/\/mivoot.com\/gt\/wp-content\/uploads\/2023\/11\/2.webp","datePublished":"2023-11-08T18:52:00+00:00","dateModified":"2024-03-20T00:05:23+00:00","breadcrumb":{"@id":"https:\/\/mivoot.com\/gt\/producto\/regulador-de-voltaje-2000va-1200w-kebo\/#breadcrumb"},"inLanguage":"es","potentialAction":[{"@type":"ReadAction","target":["https:\/\/mivoot.com\/gt\/producto\/regulador-de-voltaje-2000va-1200w-kebo\/"]}]},{"@type":"ImageObject","inLanguage":"es","@id":"https:\/\/mivoot.com\/gt\/producto\/regulador-de-voltaje-2000va-1200w-kebo\/#primaryimage","url":"https:\/\/mivoot.com\/gt\/wp-content\/uploads\/2023\/11\/2.webp","contentUrl":"https:\/\/mivoot.com\/gt\/wp-content\/uploads\/2023\/11\/2.webp","width":1000,"height":1000},{"@type":"BreadcrumbList","@id":"https:\/\/mivoot.com\/gt\/producto\/regulador-de-voltaje-2000va-1200w-kebo\/#breadcrumb","itemListElement":[{"@type":"ListItem","position":1,"name":"Inicio","item":"https:\/\/mivoot.com\/gt\/"},{"@type":"ListItem","position":2,"name":"Productos","item":"https:\/\/mivoot.com\/gt\/producto\/"},{"@type":"ListItem","position":3,"name":"Kebo","item":"https:\/\/mivoot.com\/gt\/marca\/kebo\/"},{"@type":"ListItem","position":4,"name":"Regulador de Voltaje 2000VA \/ 1200W Kebo"}]},{"@type":"WebSite","@id":"https:\/\/mivoot.com\/gt\/#website","url":"https:\/\/mivoot.com\/gt\/","name":"Mivoot","description":"Mivoot Guatemala | Tienda Online","publisher":{"@id":"https:\/\/mivoot.com\/gt\/#organization"},"alternateName":"mivoot","potentialAction":[{"@type":"SearchAction","target":{"@type":"EntryPoint","urlTemplate":"https:\/\/mivoot.com\/gt\/?s={search_term_string}"},"query-input":{"@type":"PropertyValueSpecification","valueRequired":true,"valueName":"search_term_string"}}],"inLanguage":"es"},{"@type":"Organization","@id":"https:\/\/mivoot.com\/gt\/#organization","name":"Mivoot Guatemala","alternateName":"mivoot.com","url":"https:\/\/mivoot.com\/gt\/","logo":{"@type":"ImageObject","inLanguage":"es","@id":"https:\/\/mivoot.com\/gt\/#\/schema\/logo\/image\/","url":"https:\/\/mivoot.com\/gt\/wp-content\/uploads\/2023\/03\/cropped-icon.png","contentUrl":"https:\/\/mivoot.com\/gt\/wp-content\/uploads\/2023\/03\/cropped-icon.png","width":512,"height":512,"caption":"Mivoot Guatemala"},"image":{"@id":"https:\/\/mivoot.com\/gt\/#\/schema\/logo\/image\/"},"sameAs":["https:\/\/www.facebook.com\/mivootgt","https:\/\/instagram.com\/mivoot"]}]}},"jetpack_publicize_connections":[],"jetpack_sharing_enabled":true,"brands":[{"id":496,"name":"Kebo","slug":"kebo"}],"_links":{"self":[{"href":"https:\/\/mivoot.com\/gt\/wp-json\/wp\/v2\/product\/17130","targetHints":{"allow":["GET"]}}],"collection":[{"href":"https:\/\/mivoot.com\/gt\/wp-json\/wp\/v2\/product"}],"about":[{"href":"https:\/\/mivoot.com\/gt\/wp-json\/wp\/v2\/types\/product"}],"replies":[{"embeddable":true,"href":"https:\/\/mivoot.com\/gt\/wp-json\/wp\/v2\/comments?post=17130"}],"version-history":[{"count":1,"href":"https:\/\/mivoot.com\/gt\/wp-json\/wp\/v2\/product\/17130\/revisions"}],"predecessor-version":[{"id":17133,"href":"https:\/\/mivoot.com\/gt\/wp-json\/wp\/v2\/product\/17130\/revisions\/17133"}],"wp:featuredmedia":[{"embeddable":true,"href":"https:\/\/mivoot.com\/gt\/wp-json\/wp\/v2\/media\/17132"}],"wp:attachment":[{"href":"https:\/\/mivoot.com\/gt\/wp-json\/wp\/v2\/media?parent=17130"}],"wp:term":[{"taxonomy":"pwb-brand","embeddable":true,"href":"https:\/\/mivoot.com\/gt\/wp-json\/wp\/v2\/pwb-brand?post=17130"},{"taxonomy":"product_brand","embeddable":true,"href":"https:\/\/mivoot.com\/gt\/wp-json\/wp\/v2\/product_brand?post=17130"},{"taxonomy":"product_cat","embeddable":true,"href":"https:\/\/mivoot.com\/gt\/wp-json\/wp\/v2\/product_cat?post=17130"},{"taxonomy":"product_tag","embeddable":true,"href":"https:\/\/mivoot.com\/gt\/wp-json\/wp\/v2\/product_tag?post=17130"}],"curies":[{"name":"wp","href":"https:\/\/api.w.org\/{rel}","templated":true}]}}