{"id":17186,"date":"2023-11-09T14:06:13","date_gmt":"2023-11-09T20:06:13","guid":{"rendered":"https:\/\/mivoot.com\/gt\/?post_type=product&#038;p=17186"},"modified":"2024-09-04T10:13:47","modified_gmt":"2024-09-04T16:13:47","slug":"altavoz-bocina-citation-110-50w-negro-harman-kardon","status":"publish","type":"product","link":"https:\/\/mivoot.com\/gt\/producto\/altavoz-bocina-citation-110-50w-negro-harman-kardon\/","title":{"rendered":"Altavoz Bocina Citation 110 50W Negro Harman Kardon"},"content":{"rendered":"<h1 class=\"product-name\" data-productname=\"Harman Kardon Citation 100\">Citation Harman Kardon 100<\/h1>\n<h3 class=\"feature-title\">DISE\u00d1O INDUSTRIAL DE PRIMERA CALIDAD<\/h3>\n<p>Citation 100 combina la innovaci\u00f3n en entretenimiento de audio dom\u00e9stico con un dise\u00f1o hermoso y sofisticado.\u00a0El tejido de mezcla de lana de primera calidad, fabricado por Kvadrat, repele la suciedad y es retardante de llama.<\/p>\n<p><img decoding=\"async\" src=\"https:\/\/eu.harmankardon.com\/on\/demandware.static\/-\/Sites-masterCatalog_Harman\/default\/dw3d9d02c4\/pdp\/citation100-industrial-design-f01.png\" alt=\"Dise\u00f1o industrial de primera calidad\" \/><\/p>\n<h3 class=\"feature-title\">CALIDAD DE SONIDO CON SOFISTICACI\u00d3N<\/h3>\n<p>Durante m\u00e1s de 65 a\u00f1os, Harman Kardon se ha dedicado a ofrecer experiencias de audio de lujo que permiten al oyente sentir la m\u00fasica y sumergirse en el momento.\u00a0Citation es la m\u00e1xima expresi\u00f3n y es el primer producto verdaderamente premium de su tipo en el mundo.<\/p>\n<p><img decoding=\"async\" src=\"https:\/\/eu.harmankardon.com\/on\/demandware.static\/-\/Sites-masterCatalog_Harman\/default\/dw94c65be1\/pdp\/citation100-sound-quality-f02.png\" alt=\"Calidad de sonido con sofisticaci\u00f3n\" \/><\/p>\n<div class=\"col-xs-12 long-description-parent\">\n<h3 class=\"longDescriptionTitle col-lg-offset-1 col-sm-12 col-md-4 col-lg-3 col-md-offset-1\"><span class=\"US_videoTitle\">Hermoso sonido que te habla<\/span><\/h3>\n<div class=\"long-description col-sm-12 col-md-5 col-lg-6 col-lg-offset-1 col-md-offset-1\">\n<p>El Harman Kardon Citation 100 es un altavoz inteligente compacto de \u00faltima generaci\u00f3n que cabe en cualquier espacio y llena tu habitaci\u00f3n con un sonido potente.\u00a0F\u00e1cil de usar, Citation 100 combina la innovaci\u00f3n en audio dom\u00e9stico con atenci\u00f3n al detalle en el dise\u00f1o, lo que permite una apariencia sofisticada y un sonido sorprendente con graves potentes.\u00a0A los amantes de la m\u00fasica les encantar\u00e1 el sonido envolvente y el acceso a m\u00e1s de 300 servicios de m\u00fasica y transmisi\u00f3n de alta definici\u00f3n a trav\u00e9s de Chromecast integrado.\u00a0El Asistente de Google brinda un conveniente control por voz a su Citation 100 para obtener ayuda manos libres en el hogar.\u00a0Obt\u00e9n respuestas, reproduce m\u00fasica, organiza tu d\u00eda, controla tu hogar inteligente, disfruta de tu entretenimiento y m\u00e1s, \u00a1solo con tu voz!<\/p>\n<\/div>\n<div class=\"col-sm-6 eachSpec\">\n<div id=\"heading-GeneralSpecifications\" class=\"heading\">\n<h2 class=\"title\">Especificaciones generales<\/h2>\n<\/div>\n<div id=\"GeneralSpecifications\" class=\"\" aria-labelledby=\"heading-GeneralSpecifications\">\n<div class=\"body\">\n<ul>\n<li class=\"row eachLineItem\"><span class=\"col-xs-6\">Fuente de alimentaci\u00f3n<\/span><span class=\"col-xs-5 col-xs-offset-1 rightAlignedItem\">100-240 V \u2013 50\/60 Hz<\/span><\/li>\n<li class=\"row eachLineItem\"><span class=\"col-xs-6\">Red inal\u00e1mbrica<\/span><span class=\"col-xs-5 col-xs-offset-1 rightAlignedItem\">802.11 a\/b\/g\/n\/ac (2,4 GHz\/5 GHz)<\/span><\/li>\n<li class=\"row eachLineItem\"><span class=\"col-xs-6\">Rango de frecuencia del transmisor Wi-Fi de 2,4G<\/span><span class=\"col-xs-5 col-xs-offset-1 rightAlignedItem\">2412 \u2013 2472MHz (Banda 2.4GHzISM, EE.UU. 11 canales, Europa y otros 13 canales)<\/span><\/li>\n<li class=\"row eachLineItem\"><span class=\"col-xs-6\">Potencia del transmisor Wi-Fi de 2,4G<\/span><span class=\"col-xs-5 col-xs-offset-1 rightAlignedItem\">&lt;20 dBm<\/span><\/li>\n<li class=\"row eachLineItem\"><span class=\"col-xs-6\">Modulaci\u00f3n Wi-Fi 2.4G<\/span><span class=\"col-xs-5 col-xs-offset-1 rightAlignedItem\">DBPSK, DQPSK, CCK, QPSK, BPSK, 16QAM, 64QAM<\/span><\/li>\n<li class=\"row eachLineItem\"><span class=\"col-xs-6\">Potencia del transmisor Wi-Fi 5G<\/span><span class=\"col-xs-5 col-xs-offset-1 rightAlignedItem\">&lt;23dBm<\/span><\/li>\n<li class=\"row eachLineItem\"><span class=\"col-xs-6\">Modulaci\u00f3n Wi-Fi 5G<\/span><span class=\"col-xs-5 col-xs-offset-1 rightAlignedItem\">QPSK, BPSK, 16QAM, 64QAM, 256QAM<\/span><\/li>\n<li class=\"row eachLineItem\"><span class=\"col-xs-6\">Rango de frecuencia del transmisor Wi-Fi 5G<\/span><span class=\"col-xs-5 col-xs-offset-1 rightAlignedItem\">5,15 &#8211; 5,35 GHz, 5,470 &#8211; 5,725 GHz, 5,725 &#8211; 5,825 GHz<\/span><\/li>\n<li class=\"row eachLineItem\"><span class=\"col-xs-6\">Nota<\/span><span class=\"col-xs-5 col-xs-offset-1 rightAlignedItem\">Citation 100 est\u00e1 dise\u00f1ado para transmitir m\u00fasica.\u00a0Un consumidor puede transmitir audio Bluetooth al altavoz.\u00a0Un consumidor puede conectar su altavoz a la red Wi-Fi local y transmitir m\u00fasica con Google Chromecast.\u00a0Adem\u00e1s, el altavoz funcionar\u00e1 con Google Home.\u00a0Este producto est\u00e1 dise\u00f1ado para encenderse instant\u00e1neamente y estar listo para reproducir m\u00fasica en cualquier momento; por lo tanto, la conexi\u00f3n Bluetooth y Wi-Fi debe permanecer activa en todo momento para garantizar un funcionamiento adecuado.\u00a0Citation 100 cumple con la legislaci\u00f3n energ\u00e9tica de la Uni\u00f3n Europea.\u00a0Citation 100 cumple con el Reglamento de la Comisi\u00f3n Europea (CE) n.\u00ba 1275\/2008 y (UE) n.\u00ba 801\/2013 como equipo en red con alta disponibilidad de red (equipos HiNA y equipos con funcionalidad HiNA).\u00a0Consumo de energ\u00eda en espera<\/span><\/li>\n<\/ul>\n<\/div>\n<\/div>\n<\/div>\n<div class=\"col-sm-6 eachSpec\">\n<div id=\"heading-AudioSpecifications\" class=\"heading\">\n<h3 class=\"title\">Especificaciones de audio<\/h3>\n<\/div>\n<div id=\"AudioSpecifications\" class=\"\" aria-labelledby=\"heading-AudioSpecifications\">\n<div class=\"body\">\n<ul>\n<li class=\"row eachLineItem\"><span class=\"col-xs-6\">Relaci\u00f3n se\u00f1al-ruido<\/span><span class=\"col-xs-5 col-xs-offset-1 rightAlignedItem\">&gt;80dB<\/span><\/li>\n<li class=\"row eachLineItem\"><span class=\"col-xs-6\">Formatos de audio compatibles<\/span><span class=\"col-xs-5 col-xs-offset-1 rightAlignedItem\">HE-AAC, LC-AAC, MP3, Vorbis, WAV (LPCM), FLAC, Opus<\/span><\/li>\n<li class=\"row eachLineItem\"><span class=\"col-xs-6\">Potencia de salida <\/span><span class=\"col-xs-5 col-xs-offset-1 rightAlignedItem\">50W RMS<\/span><\/li>\n<li class=\"row eachLineItem\"><span class=\"col-xs-6\">transductor<\/span><span class=\"col-xs-5 col-xs-offset-1 rightAlignedItem\">1 tweeter de 20 mm, 1 woofer de 102 mm<\/span><\/li>\n<\/ul>\n<\/div>\n<\/div>\n<\/div>\n<div class=\"col-sm-6 eachSpec\">\n<div id=\"heading-Dimensions\" class=\"heading\">\n<h3 class=\"title\">Dimensiones<\/h3>\n<\/div>\n<div id=\"Dimensions\" class=\"\" aria-labelledby=\"heading-Dimensions\">\n<div class=\"body\">\n<ul>\n<li class=\"row eachLineItem\"><span class=\"col-xs-6\">Dimensiones (Ancho x Alto x Fondo) <\/span><span class=\"col-xs-5 col-xs-offset-1 rightAlignedItem\">172x275x163mm<\/span><\/li>\n<li class=\"row eachLineItem\"><span class=\"col-xs-6\">Peso<\/span><span class=\"col-xs-5 col-xs-offset-1 rightAlignedItem\">2,7 kg (6 libras)<\/span><\/li>\n<\/ul>\n<\/div>\n<\/div>\n<\/div>\n<div class=\"col-sm-6 eachSpec\">\n<div id=\"heading-ControlandConnectionSpecifications\" class=\"heading\">\n<h3 class=\"title\">Especificaciones de control y conexi\u00f3n<\/h3>\n<\/div>\n<div id=\"ControlandConnectionSpecifications\" class=\"\" aria-labelledby=\"heading-ControlandConnectionSpecifications\">\n<div class=\"body\">\n<ul>\n<li class=\"row eachLineItem\"><span class=\"col-xs-6\">Versi\u00f3n Bluetooth\u00ae <\/span><span class=\"col-xs-5 col-xs-offset-1 rightAlignedItem\">4.2<\/span><\/li>\n<li class=\"row eachLineItem\"><span class=\"col-xs-6\">Rango de frecuencia del transmisor Bluetooth <\/span><span class=\"col-xs-5 col-xs-offset-1 rightAlignedItem\">2402-2480MHz<\/span><\/li>\n<li class=\"row eachLineItem\"><span class=\"col-xs-6\">Potencia del transmisor Bluetooth <\/span><span class=\"col-xs-5 col-xs-offset-1 rightAlignedItem\">&lt;5dBm<\/span><\/li>\n<li class=\"row eachLineItem\"><span class=\"col-xs-6\">Modulaci\u00f3n del transmisor Bluetooth <\/span><span class=\"col-xs-5 col-xs-offset-1 rightAlignedItem\">GFSK, \u03c0\/4 DQPSK, 8DPSK<\/span><\/li>\n<\/ul>\n<\/div>\n<\/div>\n<\/div>\n<\/div>\n<div id=\"video_containor_pdp\" class=\"col-xs-12\" data-modulelayer=\"video player\">\n<div id=\"thumbnails-video\" class=\"product-thumbnails col-sm-2 hidden-xs\"><\/div>\n<\/div>\n","protected":false},"excerpt":{"rendered":"<p>&#8211; Potencia de salida 50W RMS<br \/>\n&#8211; transductor 1 tweeter de 20 mm, 1 woofer de 102 mm<br \/>\n&#8211; Hasta 8 horas de reproducci\u00f3n continua con la carga completa.<br \/>\n&#8211; Protecci\u00f3n IPX4 contra salpicaduras leves.<br \/>\n&#8211; Compatible con Google Home.<br \/>\n&#8211; Disfruta de tu Apple Music con Airplay.<br \/>\n&#8211; Los micr\u00f3fonos se pueden encender y apagar f\u00e1cilmente proporcion\u00e1ndote la seguridad y privacidad que necesites.<br \/>\n&#8211; Rango de frecuencia del transmisor Wi-Fi de 2,4G2412 \u2013 2472MHz (Banda 2.4GHzISM,<br \/>\n&#8211; Dise\u00f1o distinguido<br \/>\n&#8211; Sonido superior y sofisticaci\u00f3n<br \/>\n&#8211; Tu m\u00fasica en todas partes<br \/>\n&#8211; Fuente de alimentaci\u00f3n 100-240 V \u2013 50\/60 Hz<\/p>\n","protected":false},"featured_media":17189,"comment_status":"open","ping_status":"closed","template":"","meta":{"jetpack_publicize_message":"","jetpack_publicize_feature_enabled":true,"jetpack_social_post_already_shared":true,"jetpack_social_options":{"image_generator_settings":{"template":"highway","default_image_id":0,"font":"","enabled":false},"version":2}},"pwb-brand":[344],"product_brand":[],"product_cat":[26],"product_tag":[],"class_list":{"0":"post-17186","1":"product","2":"type-product","3":"status-publish","4":"has-post-thumbnail","6":"pwb-brand-harman-kardon","7":"product_cat-bocinas","9":"first","10":"instock","11":"sale","12":"taxable","13":"shipping-taxable","14":"purchasable","15":"product-type-simple"},"yoast_head":"<!-- This site is optimized with the Yoast SEO Premium plugin v25.7.1 (Yoast SEO v26.8) - https:\/\/yoast.com\/product\/yoast-seo-premium-wordpress\/ -->\n<title>Altavoz Bocina Citation 110 50W Negro Harman Kardon - Mivoot<\/title>\n<meta name=\"robots\" content=\"index, follow, max-snippet:-1, max-image-preview:large, max-video-preview:-1\" \/>\n<link rel=\"canonical\" href=\"https:\/\/mivoot.com\/gt\/producto\/altavoz-bocina-citation-110-50w-negro-harman-kardon\/\" \/>\n<meta property=\"og:locale\" content=\"es_ES\" \/>\n<meta property=\"og:type\" content=\"article\" \/>\n<meta property=\"og:title\" content=\"Altavoz Bocina Citation 110 50W Negro Harman Kardon\" \/>\n<meta property=\"og:description\" content=\"- Potencia de salida 50W RMS - transductor 1 tweeter de 20 mm, 1 woofer de 102 mm - Hasta 8 horas de reproducci\u00f3n continua con la carga completa. - Protecci\u00f3n IPX4 contra salpicaduras leves. - Compatible con Google Home. - Disfruta de tu Apple Music con Airplay. - Los micr\u00f3fonos se pueden encender y apagar f\u00e1cilmente proporcion\u00e1ndote la seguridad y privacidad que necesites. - Rango de frecuencia del transmisor Wi-Fi de 2,4G2412 \u2013 2472MHz (Banda 2.4GHzISM, - Dise\u00f1o distinguido - Sonido superior y sofisticaci\u00f3n - Tu m\u00fasica en todas partes - Fuente de alimentaci\u00f3n 100-240 V \u2013 50\/60 Hz\" \/>\n<meta property=\"og:url\" content=\"https:\/\/mivoot.com\/gt\/producto\/altavoz-bocina-citation-110-50w-negro-harman-kardon\/\" \/>\n<meta property=\"og:site_name\" content=\"Mivoot\" \/>\n<meta property=\"article:publisher\" content=\"https:\/\/www.facebook.com\/mivootgt\" \/>\n<meta property=\"article:modified_time\" content=\"2024-09-04T16:13:47+00:00\" \/>\n<meta property=\"og:image\" content=\"https:\/\/mivoot.com\/gt\/wp-content\/uploads\/2023\/11\/HK-Citation-100-BLACK-Back-1605x1605px.webp\" \/>\n\t<meta property=\"og:image:width\" content=\"556\" \/>\n\t<meta property=\"og:image:height\" content=\"556\" \/>\n\t<meta property=\"og:image:type\" content=\"image\/webp\" \/>\n<meta name=\"twitter:card\" content=\"summary_large_image\" \/>\n<meta name=\"twitter:label1\" content=\"Est. reading time\" \/>\n\t<meta name=\"twitter:data1\" content=\"3 minutos\" \/>\n<script type=\"application\/ld+json\" class=\"yoast-schema-graph\">{\"@context\":\"https:\/\/schema.org\",\"@graph\":[{\"@type\":\"WebPage\",\"@id\":\"https:\/\/mivoot.com\/gt\/producto\/altavoz-bocina-citation-110-50w-negro-harman-kardon\/\",\"url\":\"https:\/\/mivoot.com\/gt\/producto\/altavoz-bocina-citation-110-50w-negro-harman-kardon\/\",\"name\":\"Altavoz Bocina Citation 110 50W Negro Harman Kardon - Mivoot\",\"isPartOf\":{\"@id\":\"https:\/\/mivoot.com\/gt\/#website\"},\"primaryImageOfPage\":{\"@id\":\"https:\/\/mivoot.com\/gt\/producto\/altavoz-bocina-citation-110-50w-negro-harman-kardon\/#primaryimage\"},\"image\":{\"@id\":\"https:\/\/mivoot.com\/gt\/producto\/altavoz-bocina-citation-110-50w-negro-harman-kardon\/#primaryimage\"},\"thumbnailUrl\":\"https:\/\/mivoot.com\/gt\/wp-content\/uploads\/2023\/11\/HK-Citation-100-BLACK-Back-1605x1605px.webp\",\"datePublished\":\"2023-11-09T20:06:13+00:00\",\"dateModified\":\"2024-09-04T16:13:47+00:00\",\"breadcrumb\":{\"@id\":\"https:\/\/mivoot.com\/gt\/producto\/altavoz-bocina-citation-110-50w-negro-harman-kardon\/#breadcrumb\"},\"inLanguage\":\"es\",\"potentialAction\":[{\"@type\":\"ReadAction\",\"target\":[\"https:\/\/mivoot.com\/gt\/producto\/altavoz-bocina-citation-110-50w-negro-harman-kardon\/\"]}]},{\"@type\":\"ImageObject\",\"inLanguage\":\"es\",\"@id\":\"https:\/\/mivoot.com\/gt\/producto\/altavoz-bocina-citation-110-50w-negro-harman-kardon\/#primaryimage\",\"url\":\"https:\/\/mivoot.com\/gt\/wp-content\/uploads\/2023\/11\/HK-Citation-100-BLACK-Back-1605x1605px.webp\",\"contentUrl\":\"https:\/\/mivoot.com\/gt\/wp-content\/uploads\/2023\/11\/HK-Citation-100-BLACK-Back-1605x1605px.webp\",\"width\":556,\"height\":556},{\"@type\":\"BreadcrumbList\",\"@id\":\"https:\/\/mivoot.com\/gt\/producto\/altavoz-bocina-citation-110-50w-negro-harman-kardon\/#breadcrumb\",\"itemListElement\":[{\"@type\":\"ListItem\",\"position\":1,\"name\":\"Inicio\",\"item\":\"https:\/\/mivoot.com\/gt\/\"},{\"@type\":\"ListItem\",\"position\":2,\"name\":\"Productos\",\"item\":\"https:\/\/mivoot.com\/gt\/producto\/\"},{\"@type\":\"ListItem\",\"position\":3,\"name\":\"Harman Kardon\",\"item\":\"https:\/\/mivoot.com\/gt\/marca\/harman-kardon\/\"},{\"@type\":\"ListItem\",\"position\":4,\"name\":\"Altavoz Bocina Citation 110 50W Negro Harman Kardon\"}]},{\"@type\":\"WebSite\",\"@id\":\"https:\/\/mivoot.com\/gt\/#website\",\"url\":\"https:\/\/mivoot.com\/gt\/\",\"name\":\"Mivoot\",\"description\":\"Mivoot Guatemala | Tienda Online\",\"publisher\":{\"@id\":\"https:\/\/mivoot.com\/gt\/#organization\"},\"alternateName\":\"mivoot\",\"potentialAction\":[{\"@type\":\"SearchAction\",\"target\":{\"@type\":\"EntryPoint\",\"urlTemplate\":\"https:\/\/mivoot.com\/gt\/?s={search_term_string}\"},\"query-input\":{\"@type\":\"PropertyValueSpecification\",\"valueRequired\":true,\"valueName\":\"search_term_string\"}}],\"inLanguage\":\"es\"},{\"@type\":\"Organization\",\"@id\":\"https:\/\/mivoot.com\/gt\/#organization\",\"name\":\"Mivoot Guatemala\",\"alternateName\":\"mivoot.com\",\"url\":\"https:\/\/mivoot.com\/gt\/\",\"logo\":{\"@type\":\"ImageObject\",\"inLanguage\":\"es\",\"@id\":\"https:\/\/mivoot.com\/gt\/#\/schema\/logo\/image\/\",\"url\":\"https:\/\/mivoot.com\/gt\/wp-content\/uploads\/2023\/03\/cropped-icon.png\",\"contentUrl\":\"https:\/\/mivoot.com\/gt\/wp-content\/uploads\/2023\/03\/cropped-icon.png\",\"width\":512,\"height\":512,\"caption\":\"Mivoot Guatemala\"},\"image\":{\"@id\":\"https:\/\/mivoot.com\/gt\/#\/schema\/logo\/image\/\"},\"sameAs\":[\"https:\/\/www.facebook.com\/mivootgt\",\"https:\/\/instagram.com\/mivoot\"]}]}<\/script>\n<!-- \/ Yoast SEO Premium plugin. -->","yoast_head_json":{"title":"Altavoz Bocina Citation 110 50W Negro Harman Kardon - Mivoot","robots":{"index":"index","follow":"follow","max-snippet":"max-snippet:-1","max-image-preview":"max-image-preview:large","max-video-preview":"max-video-preview:-1"},"canonical":"https:\/\/mivoot.com\/gt\/producto\/altavoz-bocina-citation-110-50w-negro-harman-kardon\/","og_locale":"es_ES","og_type":"article","og_title":"Altavoz Bocina Citation 110 50W Negro Harman Kardon","og_description":"- Potencia de salida 50W RMS - transductor 1 tweeter de 20 mm, 1 woofer de 102 mm - Hasta 8 horas de reproducci\u00f3n continua con la carga completa. - Protecci\u00f3n IPX4 contra salpicaduras leves. - Compatible con Google Home. - Disfruta de tu Apple Music con Airplay. - Los micr\u00f3fonos se pueden encender y apagar f\u00e1cilmente proporcion\u00e1ndote la seguridad y privacidad que necesites. - Rango de frecuencia del transmisor Wi-Fi de 2,4G2412 \u2013 2472MHz (Banda 2.4GHzISM, - Dise\u00f1o distinguido - Sonido superior y sofisticaci\u00f3n - Tu m\u00fasica en todas partes - Fuente de alimentaci\u00f3n 100-240 V \u2013 50\/60 Hz","og_url":"https:\/\/mivoot.com\/gt\/producto\/altavoz-bocina-citation-110-50w-negro-harman-kardon\/","og_site_name":"Mivoot","article_publisher":"https:\/\/www.facebook.com\/mivootgt","article_modified_time":"2024-09-04T16:13:47+00:00","og_image":[{"width":556,"height":556,"url":"https:\/\/mivoot.com\/gt\/wp-content\/uploads\/2023\/11\/HK-Citation-100-BLACK-Back-1605x1605px.webp","type":"image\/webp"}],"twitter_card":"summary_large_image","twitter_misc":{"Est. reading time":"3 minutos"},"schema":{"@context":"https:\/\/schema.org","@graph":[{"@type":"WebPage","@id":"https:\/\/mivoot.com\/gt\/producto\/altavoz-bocina-citation-110-50w-negro-harman-kardon\/","url":"https:\/\/mivoot.com\/gt\/producto\/altavoz-bocina-citation-110-50w-negro-harman-kardon\/","name":"Altavoz Bocina Citation 110 50W Negro Harman Kardon - Mivoot","isPartOf":{"@id":"https:\/\/mivoot.com\/gt\/#website"},"primaryImageOfPage":{"@id":"https:\/\/mivoot.com\/gt\/producto\/altavoz-bocina-citation-110-50w-negro-harman-kardon\/#primaryimage"},"image":{"@id":"https:\/\/mivoot.com\/gt\/producto\/altavoz-bocina-citation-110-50w-negro-harman-kardon\/#primaryimage"},"thumbnailUrl":"https:\/\/mivoot.com\/gt\/wp-content\/uploads\/2023\/11\/HK-Citation-100-BLACK-Back-1605x1605px.webp","datePublished":"2023-11-09T20:06:13+00:00","dateModified":"2024-09-04T16:13:47+00:00","breadcrumb":{"@id":"https:\/\/mivoot.com\/gt\/producto\/altavoz-bocina-citation-110-50w-negro-harman-kardon\/#breadcrumb"},"inLanguage":"es","potentialAction":[{"@type":"ReadAction","target":["https:\/\/mivoot.com\/gt\/producto\/altavoz-bocina-citation-110-50w-negro-harman-kardon\/"]}]},{"@type":"ImageObject","inLanguage":"es","@id":"https:\/\/mivoot.com\/gt\/producto\/altavoz-bocina-citation-110-50w-negro-harman-kardon\/#primaryimage","url":"https:\/\/mivoot.com\/gt\/wp-content\/uploads\/2023\/11\/HK-Citation-100-BLACK-Back-1605x1605px.webp","contentUrl":"https:\/\/mivoot.com\/gt\/wp-content\/uploads\/2023\/11\/HK-Citation-100-BLACK-Back-1605x1605px.webp","width":556,"height":556},{"@type":"BreadcrumbList","@id":"https:\/\/mivoot.com\/gt\/producto\/altavoz-bocina-citation-110-50w-negro-harman-kardon\/#breadcrumb","itemListElement":[{"@type":"ListItem","position":1,"name":"Inicio","item":"https:\/\/mivoot.com\/gt\/"},{"@type":"ListItem","position":2,"name":"Productos","item":"https:\/\/mivoot.com\/gt\/producto\/"},{"@type":"ListItem","position":3,"name":"Harman Kardon","item":"https:\/\/mivoot.com\/gt\/marca\/harman-kardon\/"},{"@type":"ListItem","position":4,"name":"Altavoz Bocina Citation 110 50W Negro Harman Kardon"}]},{"@type":"WebSite","@id":"https:\/\/mivoot.com\/gt\/#website","url":"https:\/\/mivoot.com\/gt\/","name":"Mivoot","description":"Mivoot Guatemala | Tienda Online","publisher":{"@id":"https:\/\/mivoot.com\/gt\/#organization"},"alternateName":"mivoot","potentialAction":[{"@type":"SearchAction","target":{"@type":"EntryPoint","urlTemplate":"https:\/\/mivoot.com\/gt\/?s={search_term_string}"},"query-input":{"@type":"PropertyValueSpecification","valueRequired":true,"valueName":"search_term_string"}}],"inLanguage":"es"},{"@type":"Organization","@id":"https:\/\/mivoot.com\/gt\/#organization","name":"Mivoot Guatemala","alternateName":"mivoot.com","url":"https:\/\/mivoot.com\/gt\/","logo":{"@type":"ImageObject","inLanguage":"es","@id":"https:\/\/mivoot.com\/gt\/#\/schema\/logo\/image\/","url":"https:\/\/mivoot.com\/gt\/wp-content\/uploads\/2023\/03\/cropped-icon.png","contentUrl":"https:\/\/mivoot.com\/gt\/wp-content\/uploads\/2023\/03\/cropped-icon.png","width":512,"height":512,"caption":"Mivoot Guatemala"},"image":{"@id":"https:\/\/mivoot.com\/gt\/#\/schema\/logo\/image\/"},"sameAs":["https:\/\/www.facebook.com\/mivootgt","https:\/\/instagram.com\/mivoot"]}]}},"jetpack_publicize_connections":[],"jetpack_sharing_enabled":true,"brands":[{"id":344,"name":"Harman Kardon","slug":"harman-kardon"}],"_links":{"self":[{"href":"https:\/\/mivoot.com\/gt\/wp-json\/wp\/v2\/product\/17186","targetHints":{"allow":["GET"]}}],"collection":[{"href":"https:\/\/mivoot.com\/gt\/wp-json\/wp\/v2\/product"}],"about":[{"href":"https:\/\/mivoot.com\/gt\/wp-json\/wp\/v2\/types\/product"}],"replies":[{"embeddable":true,"href":"https:\/\/mivoot.com\/gt\/wp-json\/wp\/v2\/comments?post=17186"}],"version-history":[{"count":3,"href":"https:\/\/mivoot.com\/gt\/wp-json\/wp\/v2\/product\/17186\/revisions"}],"predecessor-version":[{"id":17198,"href":"https:\/\/mivoot.com\/gt\/wp-json\/wp\/v2\/product\/17186\/revisions\/17198"}],"wp:featuredmedia":[{"embeddable":true,"href":"https:\/\/mivoot.com\/gt\/wp-json\/wp\/v2\/media\/17189"}],"wp:attachment":[{"href":"https:\/\/mivoot.com\/gt\/wp-json\/wp\/v2\/media?parent=17186"}],"wp:term":[{"taxonomy":"pwb-brand","embeddable":true,"href":"https:\/\/mivoot.com\/gt\/wp-json\/wp\/v2\/pwb-brand?post=17186"},{"taxonomy":"product_brand","embeddable":true,"href":"https:\/\/mivoot.com\/gt\/wp-json\/wp\/v2\/product_brand?post=17186"},{"taxonomy":"product_cat","embeddable":true,"href":"https:\/\/mivoot.com\/gt\/wp-json\/wp\/v2\/product_cat?post=17186"},{"taxonomy":"product_tag","embeddable":true,"href":"https:\/\/mivoot.com\/gt\/wp-json\/wp\/v2\/product_tag?post=17186"}],"curies":[{"name":"wp","href":"https:\/\/api.w.org\/{rel}","templated":true}]}}