{"id":17215,"date":"2023-11-09T19:23:35","date_gmt":"2023-11-10T01:23:35","guid":{"rendered":"https:\/\/mivoot.com\/gt\/?post_type=product&#038;p=17215"},"modified":"2023-11-09T19:23:35","modified_gmt":"2023-11-10T01:23:35","slug":"audifono-alambricos-de-diadema-gaming-ahsoka-tano-arcus110t-primus","status":"publish","type":"product","link":"https:\/\/mivoot.com\/gt\/producto\/audifono-alambricos-de-diadema-gaming-ahsoka-tano-arcus110t-primus\/","title":{"rendered":"Audifono Al\u00e1mbricos de Diadema Gaming Ahsoka Tano Arcus110T Primus"},"content":{"rendered":"<div data-v-9593ee70=\"\"><img decoding=\"async\" class=\"aligncenter\" src=\"https:\/\/primusgaming-frontend.s3.amazonaws.com\/media\/img\/logo-ahsoka-tano-dk.png\" \/><\/div>\n<div data-v-9593ee70=\"\"><\/div>\n<div class=\"title-banner\" data-v-9593ee70=\"\">DIADEMA AJUSTABLE DE DISE\u00d1O ERGON\u00d3MICO Y C\u00c1PSULAS DE CUERINA ULTRASUAVE<\/div>\n<div data-v-9593ee70=\"\"><img decoding=\"async\" class=\"customsection-sep\" title=\"separador\" src=\"https:\/\/primusgaming-frontend.s3.amazonaws.com\/media\/img\/franja-titulos-ahsoka-tano-frases.png.png\" alt=\"franja-titulos-ahsoka-tano-frases.png.png\" data-v-9593ee70=\"\" \/><\/div>\n<div class=\"text-banner\" data-v-9593ee70=\"\">Las c\u00e1psulas pivotantes dispersan eficazmente la presi\u00f3n y a\u00edslan el ruido no deseado, creando as\u00ed una atm\u00f3sfera virtual m\u00e1s cautivante e inmersiva.<\/div>\n<div data-v-9593ee70=\"\"><\/div>\n<div data-v-9593ee70=\"\">\n<div class=\"title-banner\" data-v-9593ee70=\"\">POTENTES MICROPARLANTES DE 50MM, DE ALTA PRECISI\u00d3N<\/div>\n<div data-v-9593ee70=\"\"><img decoding=\"async\" class=\"customsection-sep\" title=\"separador\" src=\"https:\/\/primusgaming-frontend.s3.amazonaws.com\/media\/img\/franja-titulos-ahsoka-tano-frases.png.png\" alt=\"franja-titulos-ahsoka-tano-frases.png.png\" data-v-9593ee70=\"\" \/><\/div>\n<div class=\"text-banner\" data-v-9593ee70=\"\">Reproducen los efectos de sonido con un realismo impresionante, as\u00ed como un audio intra-juego m\u00e1s n\u00edtido y equilibrado.<\/div>\n<div data-v-9593ee70=\"\"><\/div>\n<\/div>\n<div data-v-9593ee70=\"\">\n<div class=\"title-banner\" data-v-9593ee70=\"\">MICR\u00d3FONO OMNIDIRECCIONAL<\/div>\n<p><img decoding=\"async\" class=\"customsection-sep\" title=\"separador\" src=\"https:\/\/primusgaming-frontend.s3.amazonaws.com\/media\/img\/franja-titulos-ahsoka-tano-frases.png.png\" alt=\"franja-titulos-ahsoka-tano-frases.png.png\" data-v-9593ee70=\"\" \/><\/p>\n<div class=\"text-banner\" data-v-9593ee70=\"\">Flexible y totalmente desmontable, permite ajustarlo en la posici\u00f3n exacta o quitarlo con facilidad cuando no se necesita.<\/div>\n<div data-v-9593ee70=\"\"><\/div>\n<div data-v-9593ee70=\"\">\n<div class=\"title-banner\" data-v-9593ee70=\"\">PR\u00c1CTICA C\u00c1PSULA DE CONTROL EN L\u00cdNEA<\/div>\n<p><img decoding=\"async\" class=\"customsection-sep\" title=\"separador\" src=\"https:\/\/primusgaming-frontend.s3.amazonaws.com\/media\/img\/franja-titulos-ahsoka-tano-frases.png.png\" alt=\"franja-titulos-ahsoka-tano-frases.png.png\" data-v-9593ee70=\"\" \/><\/p>\n<div class=\"text-banner\" data-v-9593ee70=\"\">Siempre est\u00e1 a tu alcance para regular el volumen, as\u00ed como para enmudecer el micr\u00f3fono cuando no quieras que los dem\u00e1s te escuchen<\/div>\n<div data-v-9593ee70=\"\"><\/div>\n<div class=\"text-banner\" data-v-9593ee70=\"\">\n<div class=\"title-banner\" data-v-9593ee70=\"\">COMPATIBILIDAD CON DIVERSAS PLATAFORMAS<\/div>\n<p><img decoding=\"async\" class=\"customsection-sep\" title=\"separador\" src=\"https:\/\/primusgaming-frontend.s3.amazonaws.com\/media\/img\/franja-titulos-ahsoka-tano-frases.png.png\" alt=\"franja-titulos-ahsoka-tano-frases.png.png\" data-v-9593ee70=\"\" \/><\/p>\n<div class=\"text-banner\" data-v-9593ee70=\"\">\n<ul>\n<li>Cuenta con un cable \u00fanico TRRS para conectar el auricular a cualquier dispositivo compatible de 3,5mm y un conector USB para encender la luz de los auriculares.<\/li>\n<li>Incluye cable con dos enchufes TRS para conexi\u00f3n a un PC de escritorio.<\/li>\n<\/ul>\n<div class=\"title-banner\" data-v-9593ee70=\"\">LEGENDARIA ILUMINACI\u00d3N LED REALZA TU ATM\u00d3SFERA DE JUEGO<\/div>\n<div class=\"title-banner\" data-v-9593ee70=\"\"><img decoding=\"async\" class=\"customsection-sep\" title=\"separador\" src=\"https:\/\/primusgaming-frontend.s3.amazonaws.com\/media\/img\/franja-titulos-ahsoka-tano-frases.png.png\" alt=\"franja-titulos-ahsoka-tano-frases.png.png\" data-v-9593ee70=\"\" \/><\/div>\n<div class=\"text-banner\" data-v-9593ee70=\"\">Auriculares con iluminaci\u00f3n LED multicolor en las c\u00e1psulas refleja tu determinaci\u00f3n por convertirte en un oponente insuperable.<\/div>\n<div data-v-9593ee70=\"\"><\/div>\n<\/div>\n<div data-v-9593ee70=\"\">\n<div class=\"title-banner\" data-v-9593ee70=\"\">CONCEBIDOS PARA EL COMBATE<\/div>\n<p><img decoding=\"async\" class=\"customsection-sep\" title=\"separador\" src=\"https:\/\/primusgaming-frontend.s3.amazonaws.com\/media\/img\/franja-titulos-ahsoka-tano-frases.png.png\" alt=\"franja-titulos-ahsoka-tano-frases.png.png\" data-v-9593ee70=\"\" \/><\/p>\n<div class=\"text-banner\" data-v-9593ee70=\"\">Cuenta con una estructura durable y muy liviana, la cual incluye un cable de conexi\u00f3n resistente que evita la formaci\u00f3n de nudos.<\/div>\n<\/div>\n<p>.<\/p><\/div>\n<\/div>\n<div data-v-9593ee70=\"\">\n<div>\n<h3>AURICULAR<\/h3>\n<ul>\n<li><strong>TIPO:\u00a0<\/strong>SET DE AURICULARES PARA VIDEOJUEGOS<\/li>\n<li><strong>FACTOR DE FORMA<\/strong>:\u00a0CIRCUMAURAL<\/li>\n<li><strong>UNIDAD DEL PARLANTE<\/strong>:\u00a0\u03a650MM<\/li>\n<li><strong>M\u00c1XIMA POTENCIA DE SALIDA<\/strong>: 20MW<\/li>\n<li><strong>FRECUENCIA:<\/strong>\u00a020HZ-20KHZ<\/li>\n<li><strong>IMPEDANCIA:\u00a0<\/strong>32\u03a9\u00b115%<\/li>\n<li><strong>SENSIBILIDAD<\/strong>: 98\u00b13DB<\/li>\n<li><strong>COLOR<\/strong>: DISE\u00d1O AHSOKA TANO<\/li>\n<\/ul>\n<h3>MICR\u00d3FONO<\/h3>\n<ul>\n<li><strong>FACTOR FORMA:\u00a0<\/strong>DESMONTABLE Y FLEXIBLE<\/li>\n<li><strong>DIRECTIVIDAD<\/strong>:\u00a0OMNIDIRECCIONAL<\/li>\n<li><strong>FRECUENCIA<\/strong>: 20HZ-20KHZ<\/li>\n<li><strong>IMPEDANCIA:<\/strong>\u00a02,2K\u03a9 M\u00c1X<\/li>\n<li><strong>SENSIBILIDAD:<\/strong>\u00a0-42DB\u00b13DB<\/li>\n<\/ul>\n<h3>CONECTIVIDAD<\/h3>\n<ul>\n<li><strong>TIPO DE CONEXI\u00d3N<\/strong>: CABLE DE 3,5MM (TRRS) CON CONECTOR USB PARA ENCENDER LA LUZ DE LOS AURICULARES. INCLUYE UN ADAPTADOR HEMBRA DE 3,5MM A DOS ENCHUFES DE 3,5MM (TRS)<\/li>\n<\/ul>\n<\/div>\n<div>\n<h3>INFORMACI\u00d3N ADICIONAL<\/h3>\n<ul>\n<li><strong>REQUISITOS DEL SISTEMA:<\/strong>\u00a0WINDOWS 7, 8, 10 Y MAC OS 9, 10. 11<\/li>\n<li><strong>PLATAFORMAS COMPATIBLES<\/strong>: PS4\/PS5 (SIN LUZ LED) \/ XBOX ONE S \/SMARTPHONE \/ NINTENDO SWITCH\/PC<\/li>\n<li><strong>PESO DEL PRODUCTO<\/strong>: 300G CON CABLE<\/li>\n<li><strong>LONGITUD DEL CABLE<\/strong>: 1,8M<\/li>\n<li><strong>MATERIAL:\u00a0<\/strong>ABS, PU, ALUMINIO<\/li>\n<li><strong>EJEMPLAR COLECCIONABLE:\u00a0<\/strong>SE INCLUYE UN CERTIFICADO DE AUTENTICIDAD<\/li>\n<\/ul>\n<h3>OTRAS CARACTER\u00cdSTICAS<\/h3>\n<ul>\n<li>MICR\u00d3FONO AJUSTABLE Y DESMONTABLE<\/li>\n<li>CONTROLES DE VOLUMEN Y SILENCIAMIENTO EN L\u00cdNEA<\/li>\n<li>DIADEMA AUTOAJUSTABLE<\/li>\n<li>C\u00c1PSULAS INCLINABLES<\/li>\n<li>RESISTENTE CABLE TRENZADO EVITA LA FORMACI\u00d3N DE NUDOS<\/li>\n<\/ul>\n<\/div>\n<\/div>\n<\/div>\n","protected":false},"excerpt":{"rendered":"<p>&#8211; Auricular de alta fidelidad para videojuegos.<br \/>\n&#8211; Convirtiendo en realidad, la realidad virtual.<br \/>\n&#8211; Legendaria iluminaci\u00f3n LED realza tu atm\u00f3sfera de juego.<br \/>\n&#8211; Compatible con m\u00faltiples plataformas, funciona con PCs, computadoras port\u00e1tiles, consolas y dispositivos m\u00f3viles.<br \/>\n-Marca Primus Gaming<br \/>\n-N\u00famero de parte PHS-S110AT<br \/>\n-Tipo Set de auriculares para videojuegos<br \/>\n-Dise\u00f1o Ahsoka Tano<br \/>\n-Material ABS, PU, aluminio<br \/>\n-Factor de forma Circumaural<br \/>\n-Unidad del parlante \u03a650mm<br \/>\n-M\u00e1xima potencia de salida 20MW<\/p>\n","protected":false},"featured_media":17217,"comment_status":"open","ping_status":"closed","template":"","meta":{"jetpack_publicize_message":"","jetpack_publicize_feature_enabled":true,"jetpack_social_post_already_shared":true,"jetpack_social_options":{"image_generator_settings":{"template":"highway","default_image_id":0,"font":"","enabled":false},"version":2}},"pwb-brand":[192],"product_brand":[],"product_cat":[25],"product_tag":[498],"class_list":{"0":"post-17215","1":"product","2":"type-product","3":"status-publish","4":"has-post-thumbnail","6":"pwb-brand-primus-gaming","7":"product_cat-audifonos-alambricos","8":"product_tag-ahoska","10":"first","11":"instock","12":"taxable","13":"shipping-taxable","14":"purchasable","15":"product-type-simple"},"yoast_head":"<!-- This site is optimized with the Yoast SEO Premium plugin v25.7.1 (Yoast SEO v26.8) - https:\/\/yoast.com\/product\/yoast-seo-premium-wordpress\/ -->\n<title>Audifono Al\u00e1mbricos de Diadema Gaming Ahsoka Tano Arcus110T Primus - Mivoot<\/title>\n<meta name=\"robots\" content=\"index, follow, max-snippet:-1, max-image-preview:large, max-video-preview:-1\" \/>\n<link rel=\"canonical\" href=\"https:\/\/mivoot.com\/gt\/producto\/audifono-alambricos-de-diadema-gaming-ahsoka-tano-arcus110t-primus\/\" \/>\n<meta property=\"og:locale\" content=\"es_ES\" \/>\n<meta property=\"og:type\" content=\"article\" \/>\n<meta property=\"og:title\" content=\"Audifono Al\u00e1mbricos de Diadema Gaming Ahsoka Tano Arcus110T Primus\" \/>\n<meta property=\"og:description\" content=\"- Auricular de alta fidelidad para videojuegos. - Convirtiendo en realidad, la realidad virtual. - Legendaria iluminaci\u00f3n LED realza tu atm\u00f3sfera de juego. - Compatible con m\u00faltiples plataformas, funciona con PCs, computadoras port\u00e1tiles, consolas y dispositivos m\u00f3viles. -Marca Primus Gaming -N\u00famero de parte PHS-S110AT -Tipo Set de auriculares para videojuegos -Dise\u00f1o Ahsoka Tano -Material ABS, PU, aluminio -Factor de forma Circumaural -Unidad del parlante \u03a650mm -M\u00e1xima potencia de salida 20MW\" \/>\n<meta property=\"og:url\" content=\"https:\/\/mivoot.com\/gt\/producto\/audifono-alambricos-de-diadema-gaming-ahsoka-tano-arcus110t-primus\/\" \/>\n<meta property=\"og:site_name\" content=\"Mivoot\" \/>\n<meta property=\"article:publisher\" content=\"https:\/\/www.facebook.com\/mivootgt\" \/>\n<meta property=\"og:image\" content=\"https:\/\/mivoot.com\/gt\/wp-content\/uploads\/2023\/11\/PHS-S110AT_banner-8.png\" \/>\n\t<meta property=\"og:image:width\" content=\"612\" \/>\n\t<meta property=\"og:image:height\" content=\"551\" \/>\n\t<meta property=\"og:image:type\" content=\"image\/png\" \/>\n<meta name=\"twitter:card\" content=\"summary_large_image\" \/>\n<meta name=\"twitter:label1\" content=\"Est. reading time\" \/>\n\t<meta name=\"twitter:data1\" content=\"4 minutos\" \/>\n<script type=\"application\/ld+json\" class=\"yoast-schema-graph\">{\"@context\":\"https:\/\/schema.org\",\"@graph\":[{\"@type\":\"WebPage\",\"@id\":\"https:\/\/mivoot.com\/gt\/producto\/audifono-alambricos-de-diadema-gaming-ahsoka-tano-arcus110t-primus\/\",\"url\":\"https:\/\/mivoot.com\/gt\/producto\/audifono-alambricos-de-diadema-gaming-ahsoka-tano-arcus110t-primus\/\",\"name\":\"Audifono Al\u00e1mbricos de Diadema Gaming Ahsoka Tano Arcus110T Primus - Mivoot\",\"isPartOf\":{\"@id\":\"https:\/\/mivoot.com\/gt\/#website\"},\"primaryImageOfPage\":{\"@id\":\"https:\/\/mivoot.com\/gt\/producto\/audifono-alambricos-de-diadema-gaming-ahsoka-tano-arcus110t-primus\/#primaryimage\"},\"image\":{\"@id\":\"https:\/\/mivoot.com\/gt\/producto\/audifono-alambricos-de-diadema-gaming-ahsoka-tano-arcus110t-primus\/#primaryimage\"},\"thumbnailUrl\":\"https:\/\/mivoot.com\/gt\/wp-content\/uploads\/2023\/11\/PHS-S110AT_banner-8.png\",\"datePublished\":\"2023-11-10T01:23:35+00:00\",\"breadcrumb\":{\"@id\":\"https:\/\/mivoot.com\/gt\/producto\/audifono-alambricos-de-diadema-gaming-ahsoka-tano-arcus110t-primus\/#breadcrumb\"},\"inLanguage\":\"es\",\"potentialAction\":[{\"@type\":\"ReadAction\",\"target\":[\"https:\/\/mivoot.com\/gt\/producto\/audifono-alambricos-de-diadema-gaming-ahsoka-tano-arcus110t-primus\/\"]}]},{\"@type\":\"ImageObject\",\"inLanguage\":\"es\",\"@id\":\"https:\/\/mivoot.com\/gt\/producto\/audifono-alambricos-de-diadema-gaming-ahsoka-tano-arcus110t-primus\/#primaryimage\",\"url\":\"https:\/\/mivoot.com\/gt\/wp-content\/uploads\/2023\/11\/PHS-S110AT_banner-8.png\",\"contentUrl\":\"https:\/\/mivoot.com\/gt\/wp-content\/uploads\/2023\/11\/PHS-S110AT_banner-8.png\",\"width\":612,\"height\":551},{\"@type\":\"BreadcrumbList\",\"@id\":\"https:\/\/mivoot.com\/gt\/producto\/audifono-alambricos-de-diadema-gaming-ahsoka-tano-arcus110t-primus\/#breadcrumb\",\"itemListElement\":[{\"@type\":\"ListItem\",\"position\":1,\"name\":\"Inicio\",\"item\":\"https:\/\/mivoot.com\/gt\/\"},{\"@type\":\"ListItem\",\"position\":2,\"name\":\"Productos\",\"item\":\"https:\/\/mivoot.com\/gt\/producto\/\"},{\"@type\":\"ListItem\",\"position\":3,\"name\":\"Primus Gaming\",\"item\":\"https:\/\/mivoot.com\/gt\/marca\/primus-gaming\/\"},{\"@type\":\"ListItem\",\"position\":4,\"name\":\"Audifono Al\u00e1mbricos de Diadema Gaming Ahsoka Tano Arcus110T Primus\"}]},{\"@type\":\"WebSite\",\"@id\":\"https:\/\/mivoot.com\/gt\/#website\",\"url\":\"https:\/\/mivoot.com\/gt\/\",\"name\":\"Mivoot\",\"description\":\"Mivoot Guatemala | Tienda Online\",\"publisher\":{\"@id\":\"https:\/\/mivoot.com\/gt\/#organization\"},\"alternateName\":\"mivoot\",\"potentialAction\":[{\"@type\":\"SearchAction\",\"target\":{\"@type\":\"EntryPoint\",\"urlTemplate\":\"https:\/\/mivoot.com\/gt\/?s={search_term_string}\"},\"query-input\":{\"@type\":\"PropertyValueSpecification\",\"valueRequired\":true,\"valueName\":\"search_term_string\"}}],\"inLanguage\":\"es\"},{\"@type\":\"Organization\",\"@id\":\"https:\/\/mivoot.com\/gt\/#organization\",\"name\":\"Mivoot Guatemala\",\"alternateName\":\"mivoot.com\",\"url\":\"https:\/\/mivoot.com\/gt\/\",\"logo\":{\"@type\":\"ImageObject\",\"inLanguage\":\"es\",\"@id\":\"https:\/\/mivoot.com\/gt\/#\/schema\/logo\/image\/\",\"url\":\"https:\/\/mivoot.com\/gt\/wp-content\/uploads\/2023\/03\/cropped-icon.png\",\"contentUrl\":\"https:\/\/mivoot.com\/gt\/wp-content\/uploads\/2023\/03\/cropped-icon.png\",\"width\":512,\"height\":512,\"caption\":\"Mivoot Guatemala\"},\"image\":{\"@id\":\"https:\/\/mivoot.com\/gt\/#\/schema\/logo\/image\/\"},\"sameAs\":[\"https:\/\/www.facebook.com\/mivootgt\",\"https:\/\/instagram.com\/mivoot\"]}]}<\/script>\n<!-- \/ Yoast SEO Premium plugin. -->","yoast_head_json":{"title":"Audifono Al\u00e1mbricos de Diadema Gaming Ahsoka Tano Arcus110T Primus - Mivoot","robots":{"index":"index","follow":"follow","max-snippet":"max-snippet:-1","max-image-preview":"max-image-preview:large","max-video-preview":"max-video-preview:-1"},"canonical":"https:\/\/mivoot.com\/gt\/producto\/audifono-alambricos-de-diadema-gaming-ahsoka-tano-arcus110t-primus\/","og_locale":"es_ES","og_type":"article","og_title":"Audifono Al\u00e1mbricos de Diadema Gaming Ahsoka Tano Arcus110T Primus","og_description":"- Auricular de alta fidelidad para videojuegos. - Convirtiendo en realidad, la realidad virtual. - Legendaria iluminaci\u00f3n LED realza tu atm\u00f3sfera de juego. - Compatible con m\u00faltiples plataformas, funciona con PCs, computadoras port\u00e1tiles, consolas y dispositivos m\u00f3viles. -Marca Primus Gaming -N\u00famero de parte PHS-S110AT -Tipo Set de auriculares para videojuegos -Dise\u00f1o Ahsoka Tano -Material ABS, PU, aluminio -Factor de forma Circumaural -Unidad del parlante \u03a650mm -M\u00e1xima potencia de salida 20MW","og_url":"https:\/\/mivoot.com\/gt\/producto\/audifono-alambricos-de-diadema-gaming-ahsoka-tano-arcus110t-primus\/","og_site_name":"Mivoot","article_publisher":"https:\/\/www.facebook.com\/mivootgt","og_image":[{"width":612,"height":551,"url":"https:\/\/mivoot.com\/gt\/wp-content\/uploads\/2023\/11\/PHS-S110AT_banner-8.png","type":"image\/png"}],"twitter_card":"summary_large_image","twitter_misc":{"Est. reading time":"4 minutos"},"schema":{"@context":"https:\/\/schema.org","@graph":[{"@type":"WebPage","@id":"https:\/\/mivoot.com\/gt\/producto\/audifono-alambricos-de-diadema-gaming-ahsoka-tano-arcus110t-primus\/","url":"https:\/\/mivoot.com\/gt\/producto\/audifono-alambricos-de-diadema-gaming-ahsoka-tano-arcus110t-primus\/","name":"Audifono Al\u00e1mbricos de Diadema Gaming Ahsoka Tano Arcus110T Primus - Mivoot","isPartOf":{"@id":"https:\/\/mivoot.com\/gt\/#website"},"primaryImageOfPage":{"@id":"https:\/\/mivoot.com\/gt\/producto\/audifono-alambricos-de-diadema-gaming-ahsoka-tano-arcus110t-primus\/#primaryimage"},"image":{"@id":"https:\/\/mivoot.com\/gt\/producto\/audifono-alambricos-de-diadema-gaming-ahsoka-tano-arcus110t-primus\/#primaryimage"},"thumbnailUrl":"https:\/\/mivoot.com\/gt\/wp-content\/uploads\/2023\/11\/PHS-S110AT_banner-8.png","datePublished":"2023-11-10T01:23:35+00:00","breadcrumb":{"@id":"https:\/\/mivoot.com\/gt\/producto\/audifono-alambricos-de-diadema-gaming-ahsoka-tano-arcus110t-primus\/#breadcrumb"},"inLanguage":"es","potentialAction":[{"@type":"ReadAction","target":["https:\/\/mivoot.com\/gt\/producto\/audifono-alambricos-de-diadema-gaming-ahsoka-tano-arcus110t-primus\/"]}]},{"@type":"ImageObject","inLanguage":"es","@id":"https:\/\/mivoot.com\/gt\/producto\/audifono-alambricos-de-diadema-gaming-ahsoka-tano-arcus110t-primus\/#primaryimage","url":"https:\/\/mivoot.com\/gt\/wp-content\/uploads\/2023\/11\/PHS-S110AT_banner-8.png","contentUrl":"https:\/\/mivoot.com\/gt\/wp-content\/uploads\/2023\/11\/PHS-S110AT_banner-8.png","width":612,"height":551},{"@type":"BreadcrumbList","@id":"https:\/\/mivoot.com\/gt\/producto\/audifono-alambricos-de-diadema-gaming-ahsoka-tano-arcus110t-primus\/#breadcrumb","itemListElement":[{"@type":"ListItem","position":1,"name":"Inicio","item":"https:\/\/mivoot.com\/gt\/"},{"@type":"ListItem","position":2,"name":"Productos","item":"https:\/\/mivoot.com\/gt\/producto\/"},{"@type":"ListItem","position":3,"name":"Primus Gaming","item":"https:\/\/mivoot.com\/gt\/marca\/primus-gaming\/"},{"@type":"ListItem","position":4,"name":"Audifono Al\u00e1mbricos de Diadema Gaming Ahsoka Tano Arcus110T Primus"}]},{"@type":"WebSite","@id":"https:\/\/mivoot.com\/gt\/#website","url":"https:\/\/mivoot.com\/gt\/","name":"Mivoot","description":"Mivoot Guatemala | Tienda Online","publisher":{"@id":"https:\/\/mivoot.com\/gt\/#organization"},"alternateName":"mivoot","potentialAction":[{"@type":"SearchAction","target":{"@type":"EntryPoint","urlTemplate":"https:\/\/mivoot.com\/gt\/?s={search_term_string}"},"query-input":{"@type":"PropertyValueSpecification","valueRequired":true,"valueName":"search_term_string"}}],"inLanguage":"es"},{"@type":"Organization","@id":"https:\/\/mivoot.com\/gt\/#organization","name":"Mivoot Guatemala","alternateName":"mivoot.com","url":"https:\/\/mivoot.com\/gt\/","logo":{"@type":"ImageObject","inLanguage":"es","@id":"https:\/\/mivoot.com\/gt\/#\/schema\/logo\/image\/","url":"https:\/\/mivoot.com\/gt\/wp-content\/uploads\/2023\/03\/cropped-icon.png","contentUrl":"https:\/\/mivoot.com\/gt\/wp-content\/uploads\/2023\/03\/cropped-icon.png","width":512,"height":512,"caption":"Mivoot Guatemala"},"image":{"@id":"https:\/\/mivoot.com\/gt\/#\/schema\/logo\/image\/"},"sameAs":["https:\/\/www.facebook.com\/mivootgt","https:\/\/instagram.com\/mivoot"]}]}},"jetpack_publicize_connections":[],"jetpack_sharing_enabled":true,"brands":[{"id":192,"name":"Primus Gaming","slug":"primus-gaming"}],"_links":{"self":[{"href":"https:\/\/mivoot.com\/gt\/wp-json\/wp\/v2\/product\/17215","targetHints":{"allow":["GET"]}}],"collection":[{"href":"https:\/\/mivoot.com\/gt\/wp-json\/wp\/v2\/product"}],"about":[{"href":"https:\/\/mivoot.com\/gt\/wp-json\/wp\/v2\/types\/product"}],"replies":[{"embeddable":true,"href":"https:\/\/mivoot.com\/gt\/wp-json\/wp\/v2\/comments?post=17215"}],"version-history":[{"count":1,"href":"https:\/\/mivoot.com\/gt\/wp-json\/wp\/v2\/product\/17215\/revisions"}],"predecessor-version":[{"id":17221,"href":"https:\/\/mivoot.com\/gt\/wp-json\/wp\/v2\/product\/17215\/revisions\/17221"}],"wp:featuredmedia":[{"embeddable":true,"href":"https:\/\/mivoot.com\/gt\/wp-json\/wp\/v2\/media\/17217"}],"wp:attachment":[{"href":"https:\/\/mivoot.com\/gt\/wp-json\/wp\/v2\/media?parent=17215"}],"wp:term":[{"taxonomy":"pwb-brand","embeddable":true,"href":"https:\/\/mivoot.com\/gt\/wp-json\/wp\/v2\/pwb-brand?post=17215"},{"taxonomy":"product_brand","embeddable":true,"href":"https:\/\/mivoot.com\/gt\/wp-json\/wp\/v2\/product_brand?post=17215"},{"taxonomy":"product_cat","embeddable":true,"href":"https:\/\/mivoot.com\/gt\/wp-json\/wp\/v2\/product_cat?post=17215"},{"taxonomy":"product_tag","embeddable":true,"href":"https:\/\/mivoot.com\/gt\/wp-json\/wp\/v2\/product_tag?post=17215"}],"curies":[{"name":"wp","href":"https:\/\/api.w.org\/{rel}","templated":true}]}}