{"id":17242,"date":"2023-11-14T13:21:51","date_gmt":"2023-11-14T19:21:51","guid":{"rendered":"https:\/\/mivoot.com\/gt\/?post_type=product&#038;p=17242"},"modified":"2023-11-14T13:27:17","modified_gmt":"2023-11-14T19:27:17","slug":"bocina-jbl-authentics-200","status":"publish","type":"product","link":"https:\/\/mivoot.com\/gt\/producto\/bocina-jbl-authentics-200\/","title":{"rendered":"Bocina JBL Authentics 200"},"content":{"rendered":"\t\t<div data-elementor-type=\"product-post\" data-elementor-id=\"17242\" class=\"elementor elementor-17242\">\n\t\t\t\t\t\t<section class=\"elementor-section elementor-top-section elementor-element elementor-element-4025101c elementor-section-boxed elementor-section-height-default elementor-section-height-default\" data-id=\"4025101c\" data-element_type=\"section\">\n\t\t\t\t\t\t<div class=\"elementor-container elementor-column-gap-default\">\n\t\t\t\t\t<div class=\"elementor-column elementor-col-100 elementor-top-column elementor-element elementor-element-8fded27\" data-id=\"8fded27\" data-element_type=\"column\">\n\t\t\t<div class=\"elementor-widget-wrap elementor-element-populated\">\n\t\t\t\t\t\t<div class=\"elementor-element elementor-element-77f3a04e elementor-widget elementor-widget-text-editor\" data-id=\"77f3a04e\" data-element_type=\"widget\" data-widget_type=\"text-editor.default\">\n\t\t\t\t<div class=\"elementor-widget-container\">\n\t\t\t\t\t\t\t\t\t<div class=\"spec-accordion -active\"><div class=\"accordion-content\"><div class=\"spec-row\"><span class=\"spec-key -full\">Marca tendencia con un sonido potente y un estilo retro inconfundible. El altavoz JBL Authentics 200 recuerda a los emblem\u00e1ticos modelos de los a\u00f1os 70 de JBL, con una rejilla Quadrex, un recept\u00e1culo de imitaci\u00f3n piel personalizado y un marco de aluminio de primera calidad, ahora con un rendimiento y versatilidad a\u00fan mejores.<\/span><\/div><div>\u00a0<\/div><div class=\"spec-row\"><span class=\"spec-key -full\"> El impresionante dise\u00f1o retro queda genial en cualquier habitaci\u00f3n y ofrece un sonido incre\u00edble. Sube la m\u00fasica y obtendr\u00e1s un sonido grande y equilibrado, una claridad incre\u00edble y graves profundos. Con Google Assistant y Amazon Alexa disponibles simult\u00e1neamente, puedes reproducir tu m\u00fasica favorita, controlar tus dispositivos de casa inteligentes y mucho m\u00e1s, dejando las manos libres y usando solo tu voz.<\/span><\/div><div>\u00a0<\/div><\/div><div>Cada vez que enciendes el JBL Authentics 200, se calibra seg\u00fan su entorno, por lo que tienes garantizada una reproducci\u00f3n de sonido \u00f3ptima, \u00a1en todo momento!<\/div><\/div><div class=\"spec-accordion \">\u00a0<\/div>\t\t\t\t\t\t\t\t<\/div>\n\t\t\t\t<\/div>\n\t\t\t\t\t<\/div>\n\t\t<\/div>\n\t\t\t\t\t<\/div>\n\t\t<\/section>\n\t\t\t\t<section class=\"elementor-section elementor-top-section elementor-element elementor-element-d8071c4 elementor-section-boxed elementor-section-height-default elementor-section-height-default\" data-id=\"d8071c4\" data-element_type=\"section\">\n\t\t\t\t\t\t<div class=\"elementor-container elementor-column-gap-default\">\n\t\t\t\t\t<div class=\"elementor-column elementor-col-50 elementor-top-column elementor-element elementor-element-796ef48\" data-id=\"796ef48\" data-element_type=\"column\">\n\t\t\t<div class=\"elementor-widget-wrap elementor-element-populated\">\n\t\t\t\t\t\t<div class=\"elementor-element elementor-element-58da3cd elementor-widget elementor-widget-text-editor\" data-id=\"58da3cd\" data-element_type=\"widget\" data-widget_type=\"text-editor.default\">\n\t\t\t\t<div class=\"elementor-widget-container\">\n\t\t\t\t\t\t\t\t\t<p><img decoding=\"async\" src=\"https:\/\/www.jbl.com.gt\/on\/demandware.static\/-\/Sites-masterCatalog_Harman\/default\/dw73990a49\/pdp\/JBL_Authentics-200_Lifestyle01_904x560px.png\" alt=\"Magn\u00edfico rendimiento sonoro\" \/><\/p>\t\t\t\t\t\t\t\t<\/div>\n\t\t\t\t<\/div>\n\t\t\t\t\t<\/div>\n\t\t<\/div>\n\t\t\t\t<div class=\"elementor-column elementor-col-50 elementor-top-column elementor-element elementor-element-69799a5\" data-id=\"69799a5\" data-element_type=\"column\">\n\t\t\t<div class=\"elementor-widget-wrap elementor-element-populated\">\n\t\t\t\t\t\t<div class=\"elementor-element elementor-element-a63a780 elementor-widget elementor-widget-text-editor\" data-id=\"a63a780\" data-element_type=\"widget\" data-widget_type=\"text-editor.default\">\n\t\t\t\t<div class=\"elementor-widget-container\">\n\t\t\t\t\t\t\t\t\t<h3 style=\"text-align: center;\">Magn\u00edfico rendimiento sonoro<\/h3><p>Llena cualquier habitaci\u00f3n de la casa con un sonido est\u00e9reo. Un par de altavoces de agudos de 25\u00a0mm resaltar\u00e1n los detalles de tu m\u00fasica, mientras que el altavoz de graves de 5\u00a0pulgadas y el radiador pasivo de 6\u00a0pulgadas ofrecen unos magn\u00edficos graves profundos. Estos componentes de primera calidad garantizan un equilibrio de audio perfecto, independientemente del tipo de m\u00fasica que est\u00e9s escuchando.<\/p>\t\t\t\t\t\t\t\t<\/div>\n\t\t\t\t<\/div>\n\t\t\t\t\t<\/div>\n\t\t<\/div>\n\t\t\t\t\t<\/div>\n\t\t<\/section>\n\t\t\t\t<section class=\"elementor-section elementor-top-section elementor-element elementor-element-e8eb93b elementor-section-boxed elementor-section-height-default elementor-section-height-default\" data-id=\"e8eb93b\" data-element_type=\"section\">\n\t\t\t\t\t\t<div class=\"elementor-container elementor-column-gap-default\">\n\t\t\t\t\t<div class=\"elementor-column elementor-col-50 elementor-top-column elementor-element elementor-element-6e5555b\" data-id=\"6e5555b\" data-element_type=\"column\">\n\t\t\t<div class=\"elementor-widget-wrap elementor-element-populated\">\n\t\t\t\t\t\t<div class=\"elementor-element elementor-element-8ede4da elementor-widget elementor-widget-text-editor\" data-id=\"8ede4da\" data-element_type=\"widget\" data-widget_type=\"text-editor.default\">\n\t\t\t\t<div class=\"elementor-widget-container\">\n\t\t\t\t\t\t\t\t\t<h3>Con un dise\u00f1o de inspiraci\u00f3n retro<\/h3><p>JBL Authentics 200 se inspira en los dise\u00f1os cl\u00e1sicos de JBL para crear un look que queda genial en cualquier habitaci\u00f3n y llena cualquier espacio con un sonido JBL superior. Adem\u00e1s, la carcasa de aluminio premium del altavoz, el recept\u00e1culo de piel personalizado y la rejilla Quadrex reinventada muestran la atenci\u00f3n que prestamos a cada detalle visual, hasta el patr\u00f3n caracter\u00edstico de JBL que rodea el radiador pasivo de proyecci\u00f3n descendente.<\/p>\t\t\t\t\t\t\t\t<\/div>\n\t\t\t\t<\/div>\n\t\t\t\t\t<\/div>\n\t\t<\/div>\n\t\t\t\t<div class=\"elementor-column elementor-col-50 elementor-top-column elementor-element elementor-element-89ef122\" data-id=\"89ef122\" data-element_type=\"column\">\n\t\t\t<div class=\"elementor-widget-wrap elementor-element-populated\">\n\t\t\t\t\t\t<div class=\"elementor-element elementor-element-6538381 elementor-widget elementor-widget-text-editor\" data-id=\"6538381\" data-element_type=\"widget\" data-widget_type=\"text-editor.default\">\n\t\t\t\t<div class=\"elementor-widget-container\">\n\t\t\t\t\t\t\t\t\t<p><img decoding=\"async\" src=\"https:\/\/www.jbl.com.gt\/on\/demandware.static\/-\/Sites-masterCatalog_Harman\/default\/dwb663e8c2\/pdp\/JBL_Authentics-200_Lifestyle02_904x560px.png\" alt=\"Con un dise\u00f1o de inspiraci\u00f3n retro\" \/><\/p>\t\t\t\t\t\t\t\t<\/div>\n\t\t\t\t<\/div>\n\t\t\t\t\t<\/div>\n\t\t<\/div>\n\t\t\t\t\t<\/div>\n\t\t<\/section>\n\t\t\t\t<section class=\"elementor-section elementor-top-section elementor-element elementor-element-b10456f elementor-section-boxed elementor-section-height-default elementor-section-height-default\" data-id=\"b10456f\" data-element_type=\"section\">\n\t\t\t\t\t\t<div class=\"elementor-container elementor-column-gap-default\">\n\t\t\t\t\t<div class=\"elementor-column elementor-col-50 elementor-top-column elementor-element elementor-element-4f40413\" data-id=\"4f40413\" data-element_type=\"column\">\n\t\t\t<div class=\"elementor-widget-wrap elementor-element-populated\">\n\t\t\t\t\t\t<div class=\"elementor-element elementor-element-b22c955 elementor-widget elementor-widget-text-editor\" data-id=\"b22c955\" data-element_type=\"widget\" data-widget_type=\"text-editor.default\">\n\t\t\t\t<div class=\"elementor-widget-container\">\n\t\t\t\t\t\t\t\t\t<p><img decoding=\"async\" src=\"https:\/\/www.jbl.com.gt\/on\/demandware.static\/-\/Sites-masterCatalog_Harman\/default\/dwc77edc07\/pdp\/JBL_Authentics-200_Lifestyle03_904x560px.png\" alt=\"Servicios de transmisi\u00f3n de m\u00fasica a trav\u00e9s de Wi-Fi integrada\" \/><\/p>\t\t\t\t\t\t\t\t<\/div>\n\t\t\t\t<\/div>\n\t\t\t\t\t<\/div>\n\t\t<\/div>\n\t\t\t\t<div class=\"elementor-column elementor-col-50 elementor-top-column elementor-element elementor-element-688706a\" data-id=\"688706a\" data-element_type=\"column\">\n\t\t\t<div class=\"elementor-widget-wrap elementor-element-populated\">\n\t\t\t\t\t\t<div class=\"elementor-element elementor-element-c9b5e89 elementor-widget elementor-widget-text-editor\" data-id=\"c9b5e89\" data-element_type=\"widget\" data-widget_type=\"text-editor.default\">\n\t\t\t\t<div class=\"elementor-widget-container\">\n\t\t\t\t\t\t\t\t\t<h3>Servicios de transmisi\u00f3n de m\u00fasica a trav\u00e9s de Wi-Fi integrada<\/h3><p>Disfruta de todo tu contenido, desde podcasts hasta radio por Internet, en una impresionante alta definici\u00f3n. O transmite tu m\u00fasica a trav\u00e9s de AirPlay, Alexa Multi-Room Music (MRM), Chromecast built-in\u2122 y Spotify Connect y sal de la habitaci\u00f3n o haz llamadas sin interrumpir la m\u00fasica. La conexi\u00f3n Wi-Fi garantiza que el altavoz reciba actualizaciones autom\u00e1ticas de software y funciones.<\/p>\t\t\t\t\t\t\t\t<\/div>\n\t\t\t\t<\/div>\n\t\t\t\t\t<\/div>\n\t\t<\/div>\n\t\t\t\t\t<\/div>\n\t\t<\/section>\n\t\t\t\t<section class=\"elementor-section elementor-top-section elementor-element elementor-element-144e09a elementor-section-boxed elementor-section-height-default elementor-section-height-default\" data-id=\"144e09a\" data-element_type=\"section\">\n\t\t\t\t\t\t<div class=\"elementor-container elementor-column-gap-default\">\n\t\t\t\t\t<div class=\"elementor-column elementor-col-100 elementor-top-column elementor-element elementor-element-5ffc99c\" data-id=\"5ffc99c\" data-element_type=\"column\">\n\t\t\t<div class=\"elementor-widget-wrap elementor-element-populated\">\n\t\t\t\t\t\t<div class=\"elementor-element elementor-element-9ba322f elementor-widget elementor-widget-text-editor\" data-id=\"9ba322f\" data-element_type=\"widget\" data-widget_type=\"text-editor.default\">\n\t\t\t\t<div class=\"elementor-widget-container\">\n\t\t\t\t\t\t\t\t\t<div class=\"spec-row\"><span class=\"spec-key\">Sistema de sonido<\/span><span class=\"spec-value\">Stereo 2.0<\/span><\/div><div class=\"spec-row\"><span class=\"spec-key\">Fuente de alimentaci\u00f3n<\/span><span class=\"spec-value\">100 &#8211; 240\u00a0V CA; ~ 50\/60\u00a0Hz<\/span><\/div><div class=\"spec-row\"><span class=\"spec-key\">Salida de potencia total del altavoz (m\u00e1x. 1\u00a0% THD)<\/span><span class=\"spec-value\">90\u00a0W<\/span><\/div><div class=\"spec-row\"><span class=\"spec-key\">Transductor<\/span><span class=\"spec-value\">altavoz de 5\u00a0pulgadas, 2 altavoces de agudos de 25\u00a0mm<\/span><\/div><div class=\"spec-row\"><span class=\"spec-key\">Potencia de la red en espera<\/span><span class=\"spec-value\">&lt; 2,0\u00a0W<\/span><\/div><div class=\"spec-row\"><span class=\"spec-key\">Temperatura de funcionamiento<\/span><span class=\"spec-value\">0\u00a0\u00b0C &#8211; 45\u00a0\u00b0C<\/span><\/div>\t\t\t\t\t\t\t\t<\/div>\n\t\t\t\t<\/div>\n\t\t\t\t\t<\/div>\n\t\t<\/div>\n\t\t\t\t\t<\/div>\n\t\t<\/section>\n\t\t\t\t<\/div>\n\t\t","protected":false},"excerpt":{"rendered":"<p>&#8211; Sistema de sonido Stereo 2.0<br \/>\n&#8211; Salida de potencia total del altavoz 90 W<br \/>\n&#8211; Conectividad Bluetooth 5.3 USB WiFi LAN Ethernet<br \/>\n&#8211; Compatible con Amazon Alexa y Google Assistant<br \/>\n&#8211; Entrada de jack auxiliar<br \/>\n&#8211; Puerto USB-C<br \/>\n&#8211; Dimensiones: 266,3 x 171,7 x 167,4 mm<br \/>\n&#8211; Peso: 3,12 kg<\/p>\n","protected":false},"featured_media":17256,"comment_status":"open","ping_status":"closed","template":"","meta":{"jetpack_publicize_message":"","jetpack_publicize_feature_enabled":true,"jetpack_social_post_already_shared":true,"jetpack_social_options":{"image_generator_settings":{"template":"highway","default_image_id":0,"font":"","enabled":false},"version":2}},"pwb-brand":[75],"product_brand":[],"product_cat":[26],"product_tag":[],"class_list":{"0":"post-17242","1":"product","2":"type-product","3":"status-publish","4":"has-post-thumbnail","6":"pwb-brand-jbl","7":"product_cat-bocinas","9":"first","10":"instock","11":"taxable","12":"shipping-taxable","13":"purchasable","14":"product-type-simple"},"yoast_head":"<!-- This site is optimized with the Yoast SEO Premium plugin v25.7.1 (Yoast SEO v26.8) - https:\/\/yoast.com\/product\/yoast-seo-premium-wordpress\/ -->\n<title>Bocina JBL Authentics 200 - Mivoot<\/title>\n<meta name=\"robots\" content=\"index, follow, max-snippet:-1, max-image-preview:large, max-video-preview:-1\" \/>\n<link rel=\"canonical\" href=\"https:\/\/mivoot.com\/gt\/producto\/bocina-jbl-authentics-200\/\" \/>\n<meta property=\"og:locale\" content=\"es_ES\" \/>\n<meta property=\"og:type\" content=\"article\" \/>\n<meta property=\"og:title\" content=\"Bocina JBL Authentics 200\" \/>\n<meta property=\"og:description\" content=\"- Sistema de sonido Stereo 2.0 - Salida de potencia total del altavoz 90 W - Conectividad Bluetooth 5.3 USB WiFi LAN Ethernet - Compatible con Amazon Alexa y Google Assistant - Entrada de jack auxiliar - Puerto USB-C - Dimensiones: 266,3 x 171,7 x 167,4 mm - Peso: 3,12 kg\" \/>\n<meta property=\"og:url\" content=\"https:\/\/mivoot.com\/gt\/producto\/bocina-jbl-authentics-200\/\" \/>\n<meta property=\"og:site_name\" content=\"Mivoot\" \/>\n<meta property=\"article:publisher\" content=\"https:\/\/www.facebook.com\/mivootgt\" \/>\n<meta property=\"article:modified_time\" content=\"2023-11-14T19:27:17+00:00\" \/>\n<meta property=\"og:image\" content=\"https:\/\/mivoot.com\/gt\/wp-content\/uploads\/2023\/11\/JBL_AUTHENTICS_200_HERO_42817_x3.png\" \/>\n\t<meta property=\"og:image:width\" content=\"537\" \/>\n\t<meta property=\"og:image:height\" content=\"537\" \/>\n\t<meta property=\"og:image:type\" content=\"image\/png\" \/>\n<meta name=\"twitter:card\" content=\"summary_large_image\" \/>\n<meta name=\"twitter:label1\" content=\"Est. reading time\" \/>\n\t<meta name=\"twitter:data1\" content=\"3 minutos\" \/>\n<script type=\"application\/ld+json\" class=\"yoast-schema-graph\">{\"@context\":\"https:\/\/schema.org\",\"@graph\":[{\"@type\":\"WebPage\",\"@id\":\"https:\/\/mivoot.com\/gt\/producto\/bocina-jbl-authentics-200\/\",\"url\":\"https:\/\/mivoot.com\/gt\/producto\/bocina-jbl-authentics-200\/\",\"name\":\"Bocina JBL Authentics 200 - Mivoot\",\"isPartOf\":{\"@id\":\"https:\/\/mivoot.com\/gt\/#website\"},\"primaryImageOfPage\":{\"@id\":\"https:\/\/mivoot.com\/gt\/producto\/bocina-jbl-authentics-200\/#primaryimage\"},\"image\":{\"@id\":\"https:\/\/mivoot.com\/gt\/producto\/bocina-jbl-authentics-200\/#primaryimage\"},\"thumbnailUrl\":\"https:\/\/mivoot.com\/gt\/wp-content\/uploads\/2023\/11\/JBL_AUTHENTICS_200_HERO_42817_x3.png\",\"datePublished\":\"2023-11-14T19:21:51+00:00\",\"dateModified\":\"2023-11-14T19:27:17+00:00\",\"breadcrumb\":{\"@id\":\"https:\/\/mivoot.com\/gt\/producto\/bocina-jbl-authentics-200\/#breadcrumb\"},\"inLanguage\":\"es\",\"potentialAction\":[{\"@type\":\"ReadAction\",\"target\":[\"https:\/\/mivoot.com\/gt\/producto\/bocina-jbl-authentics-200\/\"]}]},{\"@type\":\"ImageObject\",\"inLanguage\":\"es\",\"@id\":\"https:\/\/mivoot.com\/gt\/producto\/bocina-jbl-authentics-200\/#primaryimage\",\"url\":\"https:\/\/mivoot.com\/gt\/wp-content\/uploads\/2023\/11\/JBL_AUTHENTICS_200_HERO_42817_x3.png\",\"contentUrl\":\"https:\/\/mivoot.com\/gt\/wp-content\/uploads\/2023\/11\/JBL_AUTHENTICS_200_HERO_42817_x3.png\",\"width\":537,\"height\":537},{\"@type\":\"BreadcrumbList\",\"@id\":\"https:\/\/mivoot.com\/gt\/producto\/bocina-jbl-authentics-200\/#breadcrumb\",\"itemListElement\":[{\"@type\":\"ListItem\",\"position\":1,\"name\":\"Inicio\",\"item\":\"https:\/\/mivoot.com\/gt\/\"},{\"@type\":\"ListItem\",\"position\":2,\"name\":\"Productos\",\"item\":\"https:\/\/mivoot.com\/gt\/producto\/\"},{\"@type\":\"ListItem\",\"position\":3,\"name\":\"JBL\",\"item\":\"https:\/\/mivoot.com\/gt\/marca\/jbl\/\"},{\"@type\":\"ListItem\",\"position\":4,\"name\":\"Bocina JBL Authentics 200\"}]},{\"@type\":\"WebSite\",\"@id\":\"https:\/\/mivoot.com\/gt\/#website\",\"url\":\"https:\/\/mivoot.com\/gt\/\",\"name\":\"Mivoot\",\"description\":\"Mivoot Guatemala | Tienda Online\",\"publisher\":{\"@id\":\"https:\/\/mivoot.com\/gt\/#organization\"},\"alternateName\":\"mivoot\",\"potentialAction\":[{\"@type\":\"SearchAction\",\"target\":{\"@type\":\"EntryPoint\",\"urlTemplate\":\"https:\/\/mivoot.com\/gt\/?s={search_term_string}\"},\"query-input\":{\"@type\":\"PropertyValueSpecification\",\"valueRequired\":true,\"valueName\":\"search_term_string\"}}],\"inLanguage\":\"es\"},{\"@type\":\"Organization\",\"@id\":\"https:\/\/mivoot.com\/gt\/#organization\",\"name\":\"Mivoot Guatemala\",\"alternateName\":\"mivoot.com\",\"url\":\"https:\/\/mivoot.com\/gt\/\",\"logo\":{\"@type\":\"ImageObject\",\"inLanguage\":\"es\",\"@id\":\"https:\/\/mivoot.com\/gt\/#\/schema\/logo\/image\/\",\"url\":\"https:\/\/mivoot.com\/gt\/wp-content\/uploads\/2023\/03\/cropped-icon.png\",\"contentUrl\":\"https:\/\/mivoot.com\/gt\/wp-content\/uploads\/2023\/03\/cropped-icon.png\",\"width\":512,\"height\":512,\"caption\":\"Mivoot Guatemala\"},\"image\":{\"@id\":\"https:\/\/mivoot.com\/gt\/#\/schema\/logo\/image\/\"},\"sameAs\":[\"https:\/\/www.facebook.com\/mivootgt\",\"https:\/\/instagram.com\/mivoot\"]}]}<\/script>\n<!-- \/ Yoast SEO Premium plugin. -->","yoast_head_json":{"title":"Bocina JBL Authentics 200 - Mivoot","robots":{"index":"index","follow":"follow","max-snippet":"max-snippet:-1","max-image-preview":"max-image-preview:large","max-video-preview":"max-video-preview:-1"},"canonical":"https:\/\/mivoot.com\/gt\/producto\/bocina-jbl-authentics-200\/","og_locale":"es_ES","og_type":"article","og_title":"Bocina JBL Authentics 200","og_description":"- Sistema de sonido Stereo 2.0 - Salida de potencia total del altavoz 90 W - Conectividad Bluetooth 5.3 USB WiFi LAN Ethernet - Compatible con Amazon Alexa y Google Assistant - Entrada de jack auxiliar - Puerto USB-C - Dimensiones: 266,3 x 171,7 x 167,4 mm - Peso: 3,12 kg","og_url":"https:\/\/mivoot.com\/gt\/producto\/bocina-jbl-authentics-200\/","og_site_name":"Mivoot","article_publisher":"https:\/\/www.facebook.com\/mivootgt","article_modified_time":"2023-11-14T19:27:17+00:00","og_image":[{"width":537,"height":537,"url":"https:\/\/mivoot.com\/gt\/wp-content\/uploads\/2023\/11\/JBL_AUTHENTICS_200_HERO_42817_x3.png","type":"image\/png"}],"twitter_card":"summary_large_image","twitter_misc":{"Est. reading time":"3 minutos"},"schema":{"@context":"https:\/\/schema.org","@graph":[{"@type":"WebPage","@id":"https:\/\/mivoot.com\/gt\/producto\/bocina-jbl-authentics-200\/","url":"https:\/\/mivoot.com\/gt\/producto\/bocina-jbl-authentics-200\/","name":"Bocina JBL Authentics 200 - Mivoot","isPartOf":{"@id":"https:\/\/mivoot.com\/gt\/#website"},"primaryImageOfPage":{"@id":"https:\/\/mivoot.com\/gt\/producto\/bocina-jbl-authentics-200\/#primaryimage"},"image":{"@id":"https:\/\/mivoot.com\/gt\/producto\/bocina-jbl-authentics-200\/#primaryimage"},"thumbnailUrl":"https:\/\/mivoot.com\/gt\/wp-content\/uploads\/2023\/11\/JBL_AUTHENTICS_200_HERO_42817_x3.png","datePublished":"2023-11-14T19:21:51+00:00","dateModified":"2023-11-14T19:27:17+00:00","breadcrumb":{"@id":"https:\/\/mivoot.com\/gt\/producto\/bocina-jbl-authentics-200\/#breadcrumb"},"inLanguage":"es","potentialAction":[{"@type":"ReadAction","target":["https:\/\/mivoot.com\/gt\/producto\/bocina-jbl-authentics-200\/"]}]},{"@type":"ImageObject","inLanguage":"es","@id":"https:\/\/mivoot.com\/gt\/producto\/bocina-jbl-authentics-200\/#primaryimage","url":"https:\/\/mivoot.com\/gt\/wp-content\/uploads\/2023\/11\/JBL_AUTHENTICS_200_HERO_42817_x3.png","contentUrl":"https:\/\/mivoot.com\/gt\/wp-content\/uploads\/2023\/11\/JBL_AUTHENTICS_200_HERO_42817_x3.png","width":537,"height":537},{"@type":"BreadcrumbList","@id":"https:\/\/mivoot.com\/gt\/producto\/bocina-jbl-authentics-200\/#breadcrumb","itemListElement":[{"@type":"ListItem","position":1,"name":"Inicio","item":"https:\/\/mivoot.com\/gt\/"},{"@type":"ListItem","position":2,"name":"Productos","item":"https:\/\/mivoot.com\/gt\/producto\/"},{"@type":"ListItem","position":3,"name":"JBL","item":"https:\/\/mivoot.com\/gt\/marca\/jbl\/"},{"@type":"ListItem","position":4,"name":"Bocina JBL Authentics 200"}]},{"@type":"WebSite","@id":"https:\/\/mivoot.com\/gt\/#website","url":"https:\/\/mivoot.com\/gt\/","name":"Mivoot","description":"Mivoot Guatemala | Tienda Online","publisher":{"@id":"https:\/\/mivoot.com\/gt\/#organization"},"alternateName":"mivoot","potentialAction":[{"@type":"SearchAction","target":{"@type":"EntryPoint","urlTemplate":"https:\/\/mivoot.com\/gt\/?s={search_term_string}"},"query-input":{"@type":"PropertyValueSpecification","valueRequired":true,"valueName":"search_term_string"}}],"inLanguage":"es"},{"@type":"Organization","@id":"https:\/\/mivoot.com\/gt\/#organization","name":"Mivoot Guatemala","alternateName":"mivoot.com","url":"https:\/\/mivoot.com\/gt\/","logo":{"@type":"ImageObject","inLanguage":"es","@id":"https:\/\/mivoot.com\/gt\/#\/schema\/logo\/image\/","url":"https:\/\/mivoot.com\/gt\/wp-content\/uploads\/2023\/03\/cropped-icon.png","contentUrl":"https:\/\/mivoot.com\/gt\/wp-content\/uploads\/2023\/03\/cropped-icon.png","width":512,"height":512,"caption":"Mivoot Guatemala"},"image":{"@id":"https:\/\/mivoot.com\/gt\/#\/schema\/logo\/image\/"},"sameAs":["https:\/\/www.facebook.com\/mivootgt","https:\/\/instagram.com\/mivoot"]}]}},"jetpack_publicize_connections":[],"jetpack_sharing_enabled":true,"brands":[{"id":75,"name":"JBL","slug":"jbl"}],"_links":{"self":[{"href":"https:\/\/mivoot.com\/gt\/wp-json\/wp\/v2\/product\/17242","targetHints":{"allow":["GET"]}}],"collection":[{"href":"https:\/\/mivoot.com\/gt\/wp-json\/wp\/v2\/product"}],"about":[{"href":"https:\/\/mivoot.com\/gt\/wp-json\/wp\/v2\/types\/product"}],"replies":[{"embeddable":true,"href":"https:\/\/mivoot.com\/gt\/wp-json\/wp\/v2\/comments?post=17242"}],"version-history":[{"count":9,"href":"https:\/\/mivoot.com\/gt\/wp-json\/wp\/v2\/product\/17242\/revisions"}],"predecessor-version":[{"id":17269,"href":"https:\/\/mivoot.com\/gt\/wp-json\/wp\/v2\/product\/17242\/revisions\/17269"}],"wp:featuredmedia":[{"embeddable":true,"href":"https:\/\/mivoot.com\/gt\/wp-json\/wp\/v2\/media\/17256"}],"wp:attachment":[{"href":"https:\/\/mivoot.com\/gt\/wp-json\/wp\/v2\/media?parent=17242"}],"wp:term":[{"taxonomy":"pwb-brand","embeddable":true,"href":"https:\/\/mivoot.com\/gt\/wp-json\/wp\/v2\/pwb-brand?post=17242"},{"taxonomy":"product_brand","embeddable":true,"href":"https:\/\/mivoot.com\/gt\/wp-json\/wp\/v2\/product_brand?post=17242"},{"taxonomy":"product_cat","embeddable":true,"href":"https:\/\/mivoot.com\/gt\/wp-json\/wp\/v2\/product_cat?post=17242"},{"taxonomy":"product_tag","embeddable":true,"href":"https:\/\/mivoot.com\/gt\/wp-json\/wp\/v2\/product_tag?post=17242"}],"curies":[{"name":"wp","href":"https:\/\/api.w.org\/{rel}","templated":true}]}}