{"id":17609,"date":"2023-12-01T11:46:38","date_gmt":"2023-12-01T17:46:38","guid":{"rendered":"https:\/\/mivoot.com\/gt\/?post_type=product&#038;p=17609"},"modified":"2023-12-01T11:46:41","modified_gmt":"2023-12-01T17:46:41","slug":"computadora-movil-tc15-zebra","status":"publish","type":"product","link":"https:\/\/mivoot.com\/gt\/producto\/computadora-movil-tc15-zebra\/","title":{"rendered":"Computadora M\u00f3vil TC15 Zebra"},"content":{"rendered":"<h2><img decoding=\"async\" class=\"\" src=\"https:\/\/intercompras.com\/images\/content\/intercompras\/ZebraTechnologies\/Zebra-Technologies-Logo.png\" alt=\"Logo Zebra Technologies\" width=\"214\" height=\"112\" \/><\/h2>\n<h2>RESISTENTE, CON LAS CARACTER\u00cdSTICAS ADECUADAS, AL PRECIO JUSTO Y PROVISTA POR UN L\u00cdDER DE CONFIANZA<\/h2>\n<p>La econom\u00eda a demanda est\u00e1 creando un volumen cada vez mayor de pedidos que deben entregarse cada vez m\u00e1s r\u00e1pido. Para hacer frente a este desaf\u00edo, los trabajadores en cada punto de la cadena de suministros necesitan poder acceder y recolectar informaci\u00f3n f\u00e1cilmente. Usted necesita un dispositivo que est\u00e9 dise\u00f1ado para muchos entornos diferentes y distintos trabajos, desde transporte y log\u00edstica hasta el comercio minorista. Presentamos el dispositivo que puede abordarlo todo: la resistente computadora m\u00f3vil TC15, un dispositivo comprobado con tecnolog\u00eda comprobada y a un precio accesible como nunca antes, dise\u00f1ado para su cadena de suministro.<\/p>\n<p><img decoding=\"async\" src=\"https:\/\/intercompras.com\/images\/content\/intercompras\/ZebraTechnologies\/Zebra-TC15-P3.png\" alt=\"Resistente en cualquier \u00e1rea\" \/><\/p>\n<h3>Resistente y funcional, aqu\u00ed y all\u00e1<\/h3>\n<p>Sin duda, la resistencia y durabilidad de los dispositivos electr\u00f3nicos actuales es un factor determinante a la hora de decidir entre una opci\u00f3n u otra. Es por eso que la TC15 fue dise\u00f1ada en un cuerpo resistente que te permitir\u00e1 desempe\u00f1ar tus labores en cualquier condici\u00f3n ambiental soportada para trabajo. \u00a1No lo dudes m\u00e1s! Si lo que buscas es una terminal m\u00f3vil con gran durabilidad, autonom\u00eda, potencia, dise\u00f1o y funcionalidad, esta es tu mejor opci\u00f3n.<\/p>\n<h3>ESTA COMPUTADORA SE CONSTRUY\u00d3 PARA DURAR, PERO TIENE UN COSTO TOTAL MENOR QUE EL DE UN TEL\u00c9FONO CELULAR<\/h3>\n<p><b>El dispositivo resistente dise\u00f1ado para brindar durabilidad\u2026 y comodidad<\/b><\/p>\n<p>La TC15 est\u00e1 dise\u00f1ada para las empresas, por dentro y por fuera. Es resistente al agua, al polvo y a las ca\u00eddas, e incluso soporta ca\u00eddas sobre una de las superficies m\u00e1s desafiantes: el concreto. Puede usarla en condiciones de calor abrasador o fr\u00edo helado, con lluvia o nieve. Dos de los elementos m\u00e1s vulnerables \u2014la pantalla y el visor del esc\u00e1ner\u2014 est\u00e1n reforzados con cristal resistente a rasgu\u00f1os con una hermosa superficie.<\/p>\n<p style=\"text-align: center;\">\u00bfSus entornos son m\u00e1s exigentes? Simplemente a\u00f1ada la funda de protecci\u00f3n resistente para obtener a\u00fan m\u00e1s durabilidad.<\/p>\n<p><b>Escaneo integrado de primer nivel<\/b><\/p>\n<p>Pr\u00e1cticamente todas las industrias dependen de los datos comerciales fundamentales que vienen incorporados en los c\u00f3digos de barras. Pero capturar datos de c\u00f3digos de barras con la c\u00e1mara en tel\u00e9fonos inteligentes para consumidores es lento e inc\u00f3modo, requiere la alineaci\u00f3n del c\u00f3digo de barras y el esc\u00e1ner, y un c\u00f3digo de barras que no est\u00e9 da\u00f1ado. Con el esc\u00e1ner omnidireccional integrado de nivel empresarial, no hay necesidad de alinear el c\u00f3digo de barras y el esc\u00e1ner.<\/p>\n<p>Los trabajadores pueden \u201capuntar y disparar\u201d para capturar al instante casi cualquier c\u00f3digo de barras sin esfuerzo (incluidos 1D, 2D y Digimarc), incluso si est\u00e1n da\u00f1ados, mal impresos o sucios.<\/p>\n<p>El esc\u00e1ner tambi\u00e9n captura im\u00e1genes, lo que permite a aplicaciones OCR de terceros capturar autom\u00e1ticamente informaci\u00f3n de texto, por ejemplo, datos de matr\u00edculas de veh\u00edculos para optimizar el proceso de billetaje, informaci\u00f3n de etiquetas para rastrear env\u00edos en un almac\u00e9n y n\u00fameros de serie en fabricaci\u00f3n para hacer un seguimiento de partes y equipos. Y la compatibilidad con c\u00f3digos de barras de identificaci\u00f3n \u00fanica del dispositivo (UDI, por sus siglas en ingl\u00e9s) permite un mejor seguimiento y gesti\u00f3n de activos y equipos.<\/p>\n<div class=\"text section\">\n<div class=\"zebra-text\">\n<h3>ESPECIFICACIONES<\/h3>\n<\/div>\n<\/div>\n<div class=\"columncontrol section\"><span id=\"columncontrol_4596\"><\/span><\/p>\n<div class=\"column-control row\">\n<div class=\"col-md-6\">\n<div>\n<div class=\"text section\"><span id=\"text_4784\"><\/span><\/p>\n<div class=\"zebra-text\">\n<p><b><span class=\"spec-sheet-caption\">Caracter\u00edsticas f\u00edsicas<\/span><\/b><\/p>\n<\/div>\n<\/div>\n<div class=\"tablegrid section\">\n<div class=\"table-grid-container\">\n<table border=\"1\" width=\"100%\" cellspacing=\"0\" cellpadding=\"1\">\n<tbody>\n<tr>\n<td><b>Dimensiones<\/b><\/td>\n<td>6,92\u00a0in L x 3,09\u00a0in Al x 0,56\u00a0in P<br \/>\n175,8\u00a0mm L x 78,6\u00a0mm An x 14,2\u00a0mm P<\/td>\n<\/tr>\n<tr>\n<td><b>Peso<\/b><\/td>\n<td>9,38\u00a0oz\/266\u00a0g<\/td>\n<\/tr>\n<tr>\n<td><b>Pantalla<\/b><\/td>\n<td>6,5\u00a0in\/16,51\u00a0cm HD+, 720 x 1600, 450\u00a0NITS<\/td>\n<\/tr>\n<tr>\n<td><b>Panel t\u00e1ctil<\/b><\/td>\n<td>Panel multit\u00e1ctil capacitivo<\/td>\n<\/tr>\n<tr>\n<td><b>Alimentaci\u00f3n<\/b><\/td>\n<td>Bater\u00eda de ion de litio recargable y removible, 5000\u00a0mAh; 19,35\u00a0Wh<\/td>\n<\/tr>\n<tr>\n<td><b>SIM<\/b><\/td>\n<td>Dos ranuras Nano SIM o una Nano y una Micro SD<\/td>\n<\/tr>\n<tr>\n<td><b>Conexiones<br \/>\nde red<\/b><\/td>\n<td>WLAN, WWAN, WPAN, USB 2.0 tipo C<\/td>\n<\/tr>\n<tr>\n<td><b>Notificaciones<\/b><\/td>\n<td>Tono audible; LED de varios colores; vibraci\u00f3n<\/td>\n<\/tr>\n<tr>\n<td><b>Teclado<\/b><\/td>\n<td>Teclado t\u00e1ctil en pantalla<\/td>\n<\/tr>\n<tr>\n<td><b>Voz y audio<\/b><\/td>\n<td>Altavoz de 1\u00a0Watt<br \/>\nDos (2) micr\u00f3fonos<br \/>\nAuriculares a trav\u00e9s de puerto USB-C o<br \/>\nBluetooth<\/td>\n<\/tr>\n<tr>\n<td><b>Botones<\/b><\/td>\n<td>Bot\u00f3n de escaneo de cada lado; bot\u00f3n para subir\/bajar el volumen; bot\u00f3n de encendido; bot\u00f3n programable<\/td>\n<\/tr>\n<\/tbody>\n<\/table>\n<\/div>\n<\/div>\n<div class=\"text section\"><span id=\"text_6efa\"><\/span><\/p>\n<div class=\"zebra-text\">\n<p><b><span class=\"spec-sheet-caption\">Caracter\u00edsticas de rendimiento<\/span><\/b><\/p>\n<\/div>\n<\/div>\n<div class=\"tablegrid section\">\n<div class=\"table-grid-container\">\n<table border=\"1\" width=\"100%\" cellspacing=\"0\" cellpadding=\"1\">\n<tbody>\n<tr>\n<td><b>CPU<\/b><\/td>\n<td>Qualcomm Snapdragon\u2122 SM6375<br \/>\nOcho (8) n\u00facleos, 2,2\u00a0GHz (2) y 1,8\u00a0GHz (6)<\/td>\n<\/tr>\n<tr>\n<td><b>Sistema operativo<\/b><\/td>\n<td>Puede actualizarse a Android 13<\/td>\n<\/tr>\n<tr>\n<td><b>Memoria<\/b><\/td>\n<td>RAM de 4\u00a0GB\/Flash de 64\u00a0GB<\/td>\n<\/tr>\n<tr>\n<td><b>Seguridad<\/b><\/td>\n<td>Verified Boot; Secure Boot<\/td>\n<\/tr>\n<\/tbody>\n<\/table>\n<\/div>\n<\/div>\n<div class=\"text section\"><span id=\"text_9c42\"><\/span><\/p>\n<div class=\"zebra-text\">\n<p><b><span class=\"spec-sheet-caption\">Entorno del usuario<\/span><\/b><\/p>\n<\/div>\n<\/div>\n<div class=\"tablegrid section\">\n<div class=\"table-grid-container\">\n<table border=\"1\" width=\"100%\" cellspacing=\"0\" cellpadding=\"1\">\n<tbody>\n<tr>\n<td><b>Temp. de funcionamiento<\/b><\/td>\n<td>De 14\u00a0\u00b0F a 122\u00a0\u00b0F (de -10\u00a0\u00b0C a 50\u00a0\u00b0C)<\/td>\n<\/tr>\n<tr>\n<td><b>Temp. de almacenamiento<\/b><\/td>\n<td>De -40\u00a0\u00b0F a 158\u00a0\u00b0F\/De -40\u00a0\u00b0C a 70\u00a0\u00b0C<\/td>\n<\/tr>\n<tr>\n<td><b>Humedad<\/b><\/td>\n<td>Del 5\u00a0% al 95\u00a0% sin condensaci\u00f3n<\/td>\n<\/tr>\n<tr>\n<td><b>Especificaciones de ca\u00eddas<\/b><\/td>\n<td>M\u00faltiples ca\u00eddas desde 4\u00a0ft\/1,2\u00a0m sobre concreto seg\u00fan MIL-STD 810G en todo el espectro de temperaturas de funcionamiento<br \/>\nM\u00faltiples ca\u00eddas desde 5\u00a0ft\/1,5\u00a0m sobre concreto seg\u00fan MIL-STD 810G en todo el espectro de temperaturas de funcionamiento con funda de protecci\u00f3n resistente<\/td>\n<\/tr>\n<tr>\n<td><b>Especificaci\u00f3n<br \/>\nde golpes<\/b><\/td>\n<td>1000 golpes, 1,6\u00a0ft\/0,5\u00a0m<\/td>\n<\/tr>\n<tr>\n<td><b>Sellado<\/b><\/td>\n<td>IP67 e IP65<\/td>\n<\/tr>\n<tr>\n<td><b>Vibraci\u00f3n<\/b><\/td>\n<td>Senoidal: pico de 4\u00a0g, de 5\u00a0Hz a 2\u00a0kHz, 1\u00a0hora de duraci\u00f3n por eje<br \/>\nAleatorio: 0,04\u00a0g\u00b2\/Hz o RMS de 6\u00a0g, de 20\u00a0Hz a 2\u00a0kHz<\/td>\n<\/tr>\n<tr>\n<td><b>Descarga<br \/>\nelectroest\u00e1tica (ESD)<\/b><\/td>\n<td>+\/-15\u00a0kV de descarga de aire, +\/- 8\u00a0kV de descarga directa;<br \/>\n+\/-8\u00a0kV de descarga indirecta<\/td>\n<\/tr>\n<\/tbody>\n<\/table>\n<div class=\"text section\">\n<div class=\"zebra-text\">\n<p><b><span class=\"spec-sheet-caption\">LAN inal\u00e1mbrica<\/span><\/b><\/p>\n<\/div>\n<\/div>\n<div class=\"tablegrid section\">\n<div class=\"table-grid-container\">\n<table border=\"1\" width=\"100%\" cellspacing=\"0\" cellpadding=\"1\">\n<tbody>\n<tr>\n<td><b>Radio<\/b><\/td>\n<td>Wi-Fi 5<br \/>\n802.11a\/b\/g\/n\/ac\/d\/h\/i\/r\/w\/k IPv4, IPv6<\/td>\n<\/tr>\n<tr>\n<td><b>Tasas de datos<\/b><\/td>\n<td>2,4\u00a0GHz: 802.11b\/g\/n \u2014 20\u00a0MHz, 40\u00a0MHz \u2014 hasta 150\u00a0Mbps<br \/>\n5\u00a0GHz: 802.11a\/g\/n\/ac \u2013 20\u00a0MHz, 40\u00a0MHz, 80\u00a0MHz \u2013 hasta 433\u00a0Mbps<\/td>\n<\/tr>\n<tr>\n<td><b>Canales de operaci\u00f3n<\/b><\/td>\n<td>Bandas de funcionamiento: 2,4\u00a0GHz:<br \/>\n2,4\u00a0GHz a 2497\u00a0GHz, canales 1 a 13<br \/>\nBanda de funcionamiento 5\u00a0GHz:<br \/>\nCanales de 20\u00a0MHz:<br \/>\n5,15\u00a0GHz \u2014 5,25\u00a0GHz (canales 36 a 48)<br \/>\n5,25\u00a0GHz \u2014 5,35\u00a0GHz (canales 52 a 64)<br \/>\n5,470\u00a0GHz \u2014 5,725\u00a0GHz (canales 100 a 140,144)<br \/>\n5,725\u00a0GHz \u2014 5,825\u00a0GHz (canales 149 a 161)<br \/>\n5,825\u00a0GHz \u2014 5,850\u00a0GHz (canal 165)<br \/>\nCanales de 40\u00a0MHz (38, 46, 54, 62, 102, 110, 118, 126, 134, 142, 151, 159)<br \/>\nCanales de 80\u00a0MHz (42, 58, 106, 122, 138, 155)<br \/>\nLas frecuencias\/los canales operativos y los anchos de banda<br \/>\nreales dependen de las normativas y de la<br \/>\nagencia de certificaci\u00f3n<\/td>\n<\/tr>\n<tr>\n<td><b>Seguridad y<br \/>\ncifrado<\/b><\/td>\n<td>Cifrado WEP<br \/>\nModos de seguridad WPA-Personal y WPA-Enterprise con cifrado TKIP<br \/>\nModos de seguridad WPA2-Personal y WPA2-Enterprise con cifrado TKIP y AES.<br \/>\nSeguridad WPA3-Personal y WPA3-Enterprise; EAP-TTLS (PAP, MSCHAP, MSCHAPv2); PEAPv0-MSCHAPv2; PEAPv1-EAP-GTC; EAP-TLS<\/td>\n<\/tr>\n<tr>\n<td><b>Itinerancia r\u00e1pida<\/b><\/td>\n<td>802.11r (inal\u00e1mbrico)<\/td>\n<\/tr>\n<tr>\n<td><b>Certificaciones<\/b><\/td>\n<td>Certificaci\u00f3n WFA 802.11ac; WFA 802.11n; WFA WMM; WFA WPA y WPA2 en modos Personal y Enterprise; WFA WPA3; WFA Wi-Fi Direct<\/td>\n<\/tr>\n<\/tbody>\n<\/table>\n<\/div>\n<\/div>\n<div class=\"text section\"><span id=\"text_3b2b\"><\/span><\/p>\n<div class=\"zebra-text\">\n<p><b><span class=\"spec-sheet-caption\">PAN inal\u00e1mbrica<\/span><\/b><\/p>\n<\/div>\n<\/div>\n<div class=\"tablegrid section\">\n<div class=\"table-grid-container\">\n<table border=\"1\" width=\"100%\" cellspacing=\"0\" cellpadding=\"1\">\n<tbody>\n<tr>\n<td><b>Bluetooth<br \/>\n<\/b><\/td>\n<td>Bluetooth 5.1 BLE, Clase\u00a02<\/td>\n<\/tr>\n<\/tbody>\n<\/table>\n<\/div>\n<\/div>\n<\/div>\n<\/div>\n<\/div>\n<\/div>\n<\/div>\n<\/div>\n","protected":false},"excerpt":{"rendered":"<p>Memoria RAM: 4 GB<br \/>\nSistema Operativo Instalado: Android<br \/>\nResoluci\u00f3n de la pantalla: 720 x 1600 Pixeles<br \/>\nTama\u00f1o de pantalla: 16.5 cm (6.5&#8243;)<br \/>\nProcesador: Snapdragon<\/p>\n","protected":false},"featured_media":17611,"comment_status":"open","ping_status":"closed","template":"","meta":{"jetpack_publicize_message":"","jetpack_publicize_feature_enabled":true,"jetpack_social_post_already_shared":true,"jetpack_social_options":{"image_generator_settings":{"template":"highway","default_image_id":0,"font":"","enabled":false},"version":2}},"pwb-brand":[189],"product_brand":[],"product_cat":[167,306],"product_tag":[],"class_list":{"0":"post-17609","1":"product","2":"type-product","3":"status-publish","4":"has-post-thumbnail","6":"pwb-brand-zebra","7":"product_cat-laptop","8":"product_cat-posmovil","10":"first","11":"instock","12":"taxable","13":"shipping-taxable","14":"purchasable","15":"product-type-simple"},"yoast_head":"<!-- This site is optimized with the Yoast SEO Premium plugin v25.7.1 (Yoast SEO v26.8) - https:\/\/yoast.com\/product\/yoast-seo-premium-wordpress\/ -->\n<title>Computadora M\u00f3vil TC15 Zebra - Mivoot<\/title>\n<meta name=\"robots\" content=\"index, follow, max-snippet:-1, max-image-preview:large, max-video-preview:-1\" \/>\n<link rel=\"canonical\" href=\"https:\/\/mivoot.com\/gt\/producto\/computadora-movil-tc15-zebra\/\" \/>\n<meta property=\"og:locale\" content=\"es_ES\" \/>\n<meta property=\"og:type\" content=\"article\" \/>\n<meta property=\"og:title\" content=\"Computadora M\u00f3vil TC15 Zebra\" \/>\n<meta property=\"og:description\" content=\"Memoria RAM: 4 GB Sistema Operativo Instalado: Android Resoluci\u00f3n de la pantalla: 720 x 1600 Pixeles Tama\u00f1o de pantalla: 16.5 cm (6.5&quot;) Procesador: Snapdragon\" \/>\n<meta property=\"og:url\" content=\"https:\/\/mivoot.com\/gt\/producto\/computadora-movil-tc15-zebra\/\" \/>\n<meta property=\"og:site_name\" content=\"Mivoot\" \/>\n<meta property=\"article:publisher\" content=\"https:\/\/www.facebook.com\/mivootgt\" \/>\n<meta property=\"article:modified_time\" content=\"2023-12-01T17:46:41+00:00\" \/>\n<meta property=\"og:image\" content=\"https:\/\/mivoot.com\/gt\/wp-content\/uploads\/2023\/12\/tc15-photography-website-front-angle-no-shadow-3x2-3600-scaled.jpg\" \/>\n\t<meta property=\"og:image:width\" content=\"2560\" \/>\n\t<meta property=\"og:image:height\" content=\"1707\" \/>\n\t<meta property=\"og:image:type\" content=\"image\/jpeg\" \/>\n<meta name=\"twitter:card\" content=\"summary_large_image\" \/>\n<meta name=\"twitter:label1\" content=\"Est. reading time\" \/>\n\t<meta name=\"twitter:data1\" content=\"6 minutos\" \/>\n<script type=\"application\/ld+json\" class=\"yoast-schema-graph\">{\"@context\":\"https:\/\/schema.org\",\"@graph\":[{\"@type\":\"WebPage\",\"@id\":\"https:\/\/mivoot.com\/gt\/producto\/computadora-movil-tc15-zebra\/\",\"url\":\"https:\/\/mivoot.com\/gt\/producto\/computadora-movil-tc15-zebra\/\",\"name\":\"Computadora M\u00f3vil TC15 Zebra - Mivoot\",\"isPartOf\":{\"@id\":\"https:\/\/mivoot.com\/gt\/#website\"},\"primaryImageOfPage\":{\"@id\":\"https:\/\/mivoot.com\/gt\/producto\/computadora-movil-tc15-zebra\/#primaryimage\"},\"image\":{\"@id\":\"https:\/\/mivoot.com\/gt\/producto\/computadora-movil-tc15-zebra\/#primaryimage\"},\"thumbnailUrl\":\"https:\/\/mivoot.com\/gt\/wp-content\/uploads\/2023\/12\/tc15-photography-website-front-angle-no-shadow-3x2-3600-scaled.jpg\",\"datePublished\":\"2023-12-01T17:46:38+00:00\",\"dateModified\":\"2023-12-01T17:46:41+00:00\",\"breadcrumb\":{\"@id\":\"https:\/\/mivoot.com\/gt\/producto\/computadora-movil-tc15-zebra\/#breadcrumb\"},\"inLanguage\":\"es\",\"potentialAction\":[{\"@type\":\"ReadAction\",\"target\":[\"https:\/\/mivoot.com\/gt\/producto\/computadora-movil-tc15-zebra\/\"]}]},{\"@type\":\"ImageObject\",\"inLanguage\":\"es\",\"@id\":\"https:\/\/mivoot.com\/gt\/producto\/computadora-movil-tc15-zebra\/#primaryimage\",\"url\":\"https:\/\/mivoot.com\/gt\/wp-content\/uploads\/2023\/12\/tc15-photography-website-front-angle-no-shadow-3x2-3600-scaled.jpg\",\"contentUrl\":\"https:\/\/mivoot.com\/gt\/wp-content\/uploads\/2023\/12\/tc15-photography-website-front-angle-no-shadow-3x2-3600-scaled.jpg\",\"width\":2560,\"height\":1707},{\"@type\":\"BreadcrumbList\",\"@id\":\"https:\/\/mivoot.com\/gt\/producto\/computadora-movil-tc15-zebra\/#breadcrumb\",\"itemListElement\":[{\"@type\":\"ListItem\",\"position\":1,\"name\":\"Inicio\",\"item\":\"https:\/\/mivoot.com\/gt\/\"},{\"@type\":\"ListItem\",\"position\":2,\"name\":\"Productos\",\"item\":\"https:\/\/mivoot.com\/gt\/producto\/\"},{\"@type\":\"ListItem\",\"position\":3,\"name\":\"Zebra\",\"item\":\"https:\/\/mivoot.com\/gt\/marca\/zebra\/\"},{\"@type\":\"ListItem\",\"position\":4,\"name\":\"Computadora M\u00f3vil TC15 Zebra\"}]},{\"@type\":\"WebSite\",\"@id\":\"https:\/\/mivoot.com\/gt\/#website\",\"url\":\"https:\/\/mivoot.com\/gt\/\",\"name\":\"Mivoot\",\"description\":\"Mivoot Guatemala | Tienda Online\",\"publisher\":{\"@id\":\"https:\/\/mivoot.com\/gt\/#organization\"},\"alternateName\":\"mivoot\",\"potentialAction\":[{\"@type\":\"SearchAction\",\"target\":{\"@type\":\"EntryPoint\",\"urlTemplate\":\"https:\/\/mivoot.com\/gt\/?s={search_term_string}\"},\"query-input\":{\"@type\":\"PropertyValueSpecification\",\"valueRequired\":true,\"valueName\":\"search_term_string\"}}],\"inLanguage\":\"es\"},{\"@type\":\"Organization\",\"@id\":\"https:\/\/mivoot.com\/gt\/#organization\",\"name\":\"Mivoot Guatemala\",\"alternateName\":\"mivoot.com\",\"url\":\"https:\/\/mivoot.com\/gt\/\",\"logo\":{\"@type\":\"ImageObject\",\"inLanguage\":\"es\",\"@id\":\"https:\/\/mivoot.com\/gt\/#\/schema\/logo\/image\/\",\"url\":\"https:\/\/mivoot.com\/gt\/wp-content\/uploads\/2023\/03\/cropped-icon.png\",\"contentUrl\":\"https:\/\/mivoot.com\/gt\/wp-content\/uploads\/2023\/03\/cropped-icon.png\",\"width\":512,\"height\":512,\"caption\":\"Mivoot Guatemala\"},\"image\":{\"@id\":\"https:\/\/mivoot.com\/gt\/#\/schema\/logo\/image\/\"},\"sameAs\":[\"https:\/\/www.facebook.com\/mivootgt\",\"https:\/\/instagram.com\/mivoot\"]}]}<\/script>\n<!-- \/ Yoast SEO Premium plugin. -->","yoast_head_json":{"title":"Computadora M\u00f3vil TC15 Zebra - Mivoot","robots":{"index":"index","follow":"follow","max-snippet":"max-snippet:-1","max-image-preview":"max-image-preview:large","max-video-preview":"max-video-preview:-1"},"canonical":"https:\/\/mivoot.com\/gt\/producto\/computadora-movil-tc15-zebra\/","og_locale":"es_ES","og_type":"article","og_title":"Computadora M\u00f3vil TC15 Zebra","og_description":"Memoria RAM: 4 GB Sistema Operativo Instalado: Android Resoluci\u00f3n de la pantalla: 720 x 1600 Pixeles Tama\u00f1o de pantalla: 16.5 cm (6.5\") Procesador: Snapdragon","og_url":"https:\/\/mivoot.com\/gt\/producto\/computadora-movil-tc15-zebra\/","og_site_name":"Mivoot","article_publisher":"https:\/\/www.facebook.com\/mivootgt","article_modified_time":"2023-12-01T17:46:41+00:00","og_image":[{"width":2560,"height":1707,"url":"https:\/\/mivoot.com\/gt\/wp-content\/uploads\/2023\/12\/tc15-photography-website-front-angle-no-shadow-3x2-3600-scaled.jpg","type":"image\/jpeg"}],"twitter_card":"summary_large_image","twitter_misc":{"Est. reading time":"6 minutos"},"schema":{"@context":"https:\/\/schema.org","@graph":[{"@type":"WebPage","@id":"https:\/\/mivoot.com\/gt\/producto\/computadora-movil-tc15-zebra\/","url":"https:\/\/mivoot.com\/gt\/producto\/computadora-movil-tc15-zebra\/","name":"Computadora M\u00f3vil TC15 Zebra - Mivoot","isPartOf":{"@id":"https:\/\/mivoot.com\/gt\/#website"},"primaryImageOfPage":{"@id":"https:\/\/mivoot.com\/gt\/producto\/computadora-movil-tc15-zebra\/#primaryimage"},"image":{"@id":"https:\/\/mivoot.com\/gt\/producto\/computadora-movil-tc15-zebra\/#primaryimage"},"thumbnailUrl":"https:\/\/mivoot.com\/gt\/wp-content\/uploads\/2023\/12\/tc15-photography-website-front-angle-no-shadow-3x2-3600-scaled.jpg","datePublished":"2023-12-01T17:46:38+00:00","dateModified":"2023-12-01T17:46:41+00:00","breadcrumb":{"@id":"https:\/\/mivoot.com\/gt\/producto\/computadora-movil-tc15-zebra\/#breadcrumb"},"inLanguage":"es","potentialAction":[{"@type":"ReadAction","target":["https:\/\/mivoot.com\/gt\/producto\/computadora-movil-tc15-zebra\/"]}]},{"@type":"ImageObject","inLanguage":"es","@id":"https:\/\/mivoot.com\/gt\/producto\/computadora-movil-tc15-zebra\/#primaryimage","url":"https:\/\/mivoot.com\/gt\/wp-content\/uploads\/2023\/12\/tc15-photography-website-front-angle-no-shadow-3x2-3600-scaled.jpg","contentUrl":"https:\/\/mivoot.com\/gt\/wp-content\/uploads\/2023\/12\/tc15-photography-website-front-angle-no-shadow-3x2-3600-scaled.jpg","width":2560,"height":1707},{"@type":"BreadcrumbList","@id":"https:\/\/mivoot.com\/gt\/producto\/computadora-movil-tc15-zebra\/#breadcrumb","itemListElement":[{"@type":"ListItem","position":1,"name":"Inicio","item":"https:\/\/mivoot.com\/gt\/"},{"@type":"ListItem","position":2,"name":"Productos","item":"https:\/\/mivoot.com\/gt\/producto\/"},{"@type":"ListItem","position":3,"name":"Zebra","item":"https:\/\/mivoot.com\/gt\/marca\/zebra\/"},{"@type":"ListItem","position":4,"name":"Computadora M\u00f3vil TC15 Zebra"}]},{"@type":"WebSite","@id":"https:\/\/mivoot.com\/gt\/#website","url":"https:\/\/mivoot.com\/gt\/","name":"Mivoot","description":"Mivoot Guatemala | Tienda Online","publisher":{"@id":"https:\/\/mivoot.com\/gt\/#organization"},"alternateName":"mivoot","potentialAction":[{"@type":"SearchAction","target":{"@type":"EntryPoint","urlTemplate":"https:\/\/mivoot.com\/gt\/?s={search_term_string}"},"query-input":{"@type":"PropertyValueSpecification","valueRequired":true,"valueName":"search_term_string"}}],"inLanguage":"es"},{"@type":"Organization","@id":"https:\/\/mivoot.com\/gt\/#organization","name":"Mivoot Guatemala","alternateName":"mivoot.com","url":"https:\/\/mivoot.com\/gt\/","logo":{"@type":"ImageObject","inLanguage":"es","@id":"https:\/\/mivoot.com\/gt\/#\/schema\/logo\/image\/","url":"https:\/\/mivoot.com\/gt\/wp-content\/uploads\/2023\/03\/cropped-icon.png","contentUrl":"https:\/\/mivoot.com\/gt\/wp-content\/uploads\/2023\/03\/cropped-icon.png","width":512,"height":512,"caption":"Mivoot Guatemala"},"image":{"@id":"https:\/\/mivoot.com\/gt\/#\/schema\/logo\/image\/"},"sameAs":["https:\/\/www.facebook.com\/mivootgt","https:\/\/instagram.com\/mivoot"]}]}},"jetpack_publicize_connections":[],"jetpack_sharing_enabled":true,"brands":[{"id":189,"name":"Zebra","slug":"zebra"}],"_links":{"self":[{"href":"https:\/\/mivoot.com\/gt\/wp-json\/wp\/v2\/product\/17609","targetHints":{"allow":["GET"]}}],"collection":[{"href":"https:\/\/mivoot.com\/gt\/wp-json\/wp\/v2\/product"}],"about":[{"href":"https:\/\/mivoot.com\/gt\/wp-json\/wp\/v2\/types\/product"}],"replies":[{"embeddable":true,"href":"https:\/\/mivoot.com\/gt\/wp-json\/wp\/v2\/comments?post=17609"}],"version-history":[{"count":2,"href":"https:\/\/mivoot.com\/gt\/wp-json\/wp\/v2\/product\/17609\/revisions"}],"predecessor-version":[{"id":17619,"href":"https:\/\/mivoot.com\/gt\/wp-json\/wp\/v2\/product\/17609\/revisions\/17619"}],"wp:featuredmedia":[{"embeddable":true,"href":"https:\/\/mivoot.com\/gt\/wp-json\/wp\/v2\/media\/17611"}],"wp:attachment":[{"href":"https:\/\/mivoot.com\/gt\/wp-json\/wp\/v2\/media?parent=17609"}],"wp:term":[{"taxonomy":"pwb-brand","embeddable":true,"href":"https:\/\/mivoot.com\/gt\/wp-json\/wp\/v2\/pwb-brand?post=17609"},{"taxonomy":"product_brand","embeddable":true,"href":"https:\/\/mivoot.com\/gt\/wp-json\/wp\/v2\/product_brand?post=17609"},{"taxonomy":"product_cat","embeddable":true,"href":"https:\/\/mivoot.com\/gt\/wp-json\/wp\/v2\/product_cat?post=17609"},{"taxonomy":"product_tag","embeddable":true,"href":"https:\/\/mivoot.com\/gt\/wp-json\/wp\/v2\/product_tag?post=17609"}],"curies":[{"name":"wp","href":"https:\/\/api.w.org\/{rel}","templated":true}]}}