{"id":17658,"date":"2023-12-14T15:07:53","date_gmt":"2023-12-14T21:07:53","guid":{"rendered":"https:\/\/mivoot.com\/gt\/?post_type=product&#038;p=17658"},"modified":"2024-06-17T19:09:42","modified_gmt":"2024-06-18T01:09:42","slug":"generador-de-energia-electrica-500w-aviva","status":"publish","type":"product","link":"https:\/\/mivoot.com\/gt\/producto\/generador-de-energia-electrica-500w-aviva\/","title":{"rendered":"Generador de Energ\u00eda El\u00e9ctrica 500W AVIVA"},"content":{"rendered":"<h1>Central el\u00e9ctrica port\u00e1til<\/h1>\n<p>La central el\u00e9ctrica aviva L780 proporciona almacenamiento de energ\u00eda renovable mediante una bater\u00eda de iones de litio. Es la fuente de energ\u00eda m\u00f3vil perfecta para trabajar y jugar fuera de la red. Adem\u00e1s, el L780 es un respaldo de energ\u00eda confiable y seguro para usar en interiores.<\/p>\n<div class=\"row\" id=\"row-1223800119\">\n<div id=\"col-659439505\" class=\"col medium-1\/3 large-4\">\n<div class=\"col-inner\">\n<figure><img decoding=\"async\" class=\" ls-is-cached lazyloaded\" src=\"https:\/\/cdn.shopify.com\/s\/files\/1\/0515\/3557\/7276\/files\/icon-house-b.png?v=1609252864\" alt=\"Hogar\" data-src=\"https:\/\/cdn.shopify.com\/s\/files\/1\/0515\/3557\/7276\/files\/icon-house-b.png?v=1609252864\" \/><\/figure>\n<h4><strong>Hogar<\/strong><\/h4>\n<p>Alimenta y carga los dispositivos de tu familia, \u00fasalos en casa, en el garaje o en el patio trasero.<\/p>\n<\/div>\n<\/div>\n<div id=\"col-831363207\" class=\"col medium-1\/3 large-4\">\n<div class=\"col-inner\">\n<figure><img decoding=\"async\" class=\" ls-is-cached lazyloaded\" src=\"https:\/\/cdn.shopify.com\/s\/files\/1\/0515\/3557\/7276\/files\/icon-tent-b.png?v=1609252868\" alt=\"Al aire libre\" data-src=\"https:\/\/cdn.shopify.com\/s\/files\/1\/0515\/3557\/7276\/files\/icon-tent-b.png?v=1609252868\" \/><\/figure>\n<h4><strong>Al aire libre<\/strong><\/h4>\n<p>Lleve la energ\u00eda consigo para salir de paseo, ir a la playa, acampar y m\u00e1s.<\/p>\n<\/div>\n<\/div>\n<div id=\"col-515144544\" class=\"col medium-1\/3 large-4\">\n<div class=\"col-inner\">\n<figure><img decoding=\"async\" class=\" ls-is-cached lazyloaded\" src=\"https:\/\/cdn.shopify.com\/s\/files\/1\/0515\/3557\/7276\/files\/icon-emergency-b.png?v=1609252864\" alt=\"Emergencia\" data-src=\"https:\/\/cdn.shopify.com\/s\/files\/1\/0515\/3557\/7276\/files\/icon-emergency-b.png?v=1609252864\" \/><\/figure>\n<h4><strong>Emergencia<\/strong><\/h4>\n<p>Est\u00e9 preparado para cualquier evento con energ\u00eda de respaldo.\t\t<\/p>\n<\/div>\n<\/div>\n<\/div>\n<p><img decoding=\"async\" src=\"https:\/\/i.ebayimg.com\/images\/g\/gy8AAOSw185j-PAv\/s-l1200.jpg\" alt=\"Aviva L780 Mobile Power Station AC &amp; USB Ports 500W Charger OPEN BOX  PR750NAL780 | eBay\" \/><\/p>\n<h2>Especificaciones<\/h2>\n<div class=\"list\">\n<div class=\"group\">\n<h3>Bater\u00eda<\/h3>\n<ul>\n<li>qu\u00edmica celular Iones de litio<\/li>\n<li>Capacidad de almacenamiento de energ\u00eda 786 Wh (10,8 V, 72,8 Ah)<\/li>\n<li>Capacidad del paquete de bater\u00eda\/celdas 218.400 mAh a 3,6 V<\/li>\n<li>Ciclos de vida\u22651000 ciclos hasta el 80% con carga\/descarga completa<\/li>\n<li>Duraci\u00f3n Carga cada 3-6 meses<\/li>\n<li>Compatibilidad de potencia500 W continuos, sobretensi\u00f3n m\u00e1xima de 240 W<\/li>\n<li>Sistema de gesti\u00f3n de bater\u00eda (BMS) Protecci\u00f3n contra sobretensi\u00f3n, protecci\u00f3n contra baja tensi\u00f3n, protecci\u00f3n contra sobrecalentamiento, protecci\u00f3n contra cortocircuitos, protecci\u00f3n contra\u00a0sobre corriente<\/li>\n<\/ul>\n<\/div>\n<div class=\"group\">\n<h3>Puertos de entrada<\/h3>\n<ul>\n<li>Puerto de carga CC Adaptador de CA de 2 pines<\/li>\n<li>Puerto Solar puerto Anderson (PA45); 14V &#8211; 25V \/ potencia m\u00e1xima hasta 180W<\/li>\n<\/ul>\n<\/div>\n<div class=\"group\">\n<h3>Puertos de salida<\/h3>\n<ul>\n<li>Puertos USB (4)Dos (2) puertos de salida USB-C PD, 65 W<br \/>\nAdmite 5 V, 9 V, 12 V, 15 V, 20 V hasta 3 A, regulados<\/li>\n<li>USB-ADos (2) puertos USB-A (salida): 5 V, 9 V, 12 V hasta 2,4 A regulados (18 W m\u00e1ximo), Qualcomm QuickCharge 3.0<\/li>\n<li>Puerto CC (5525)Dos (2) 12V 5A \/ 60W<br \/>\n(2@ puertos DC5525)<\/li>\n<\/ul>\n<\/div>\n<div class=\"group\">\n<h3>General<\/h3>\n<ul>\n<li>Linterna LED de 1W de alto brillo, multimodo, con modo SOS<\/li>\n<li>Panel de visualizaci\u00f3n Pantalla LED: la informaci\u00f3n relaciona la entrada\/salida de vatios y el estado de la bater\u00eda.<\/li>\n<li>Gabinete Carcasa de policarbonato ABS duradera<\/li>\n<li>Color Bicolor, gris + negro<\/li>\n<li>Peso 16,5 libras (7,5 kg)<\/li>\n<li>Dimensiones (LxAnxAl)13,7 \u00d7 6,3 \u00d7 11,2 pulgadas (35 \u00d7 16 \u00d7 29 cm)<\/li>\n<li>Temperatura de uso en funcionamiento 14 ~ 113 \u00b0F (-10 ~ 45 \u00b0C)<\/li>\n<li>Temperatura de recarga 32 a 113 F (0 ~ 45 C)<\/li>\n<li>Adaptador de CA (incluido)110 V\/60 Hz; 13V, 250VA, incluye cable de alimentaci\u00f3n<\/li>\n<li>Certificaci\u00f3n FCC, PSE, RoHS, UN38.3<\/li>\n<\/ul>\n<\/div>\n<div class=\"group\">\n<h3>C\u00f3mo recargar<\/h3>\n<ul>\n<li>Toma de pared de CA10 horas<\/li>\n<li>Puerto de coche de 12 V.10 horas<\/li>\n<li>Panel solar aviva 100W (opcional)17 horas<\/li>\n<\/ul>\n<\/div>\n<div class=\"group\">\n<ul>\n<li>Accesorios Opcionales Panel solar port\u00e1til Aviva, 100 W<\/li>\n<li>Incluido en la caja<\/li>\n<li>Una (1) estaci\u00f3n de energ\u00eda<\/li>\n<li>Un (1) adaptador de CA con cable de alimentaci\u00f3n<\/li>\n<li>Un (1) manual de usuario<\/li>\n<\/ul>\n<p><img fetchpriority=\"high\" decoding=\"async\" class=\"alignnone size-full wp-image-17663\" src=\"https:\/\/mivoot.com\/gt\/wp-content\/uploads\/2023\/12\/L780_BOX_1024x1024@2x.webp\" alt=\"\" width=\"640\" height=\"365\" srcset=\"https:\/\/mivoot.com\/gt\/wp-content\/uploads\/2023\/12\/L780_BOX_1024x1024@2x.webp 640w, https:\/\/mivoot.com\/gt\/wp-content\/uploads\/2023\/12\/L780_BOX_1024x1024@2x-410x234.webp 410w, https:\/\/mivoot.com\/gt\/wp-content\/uploads\/2023\/12\/L780_BOX_1024x1024@2x-64x37.webp 64w, https:\/\/mivoot.com\/gt\/wp-content\/uploads\/2023\/12\/L780_BOX_1024x1024@2x-300x171.webp 300w, https:\/\/mivoot.com\/gt\/wp-content\/uploads\/2023\/12\/L780_BOX_1024x1024@2x-600x342.webp 600w\" sizes=\"(max-width: 640px) 100vw, 640px\" \/> <img decoding=\"async\" class=\"alignnone size-full wp-image-17662\" src=\"https:\/\/mivoot.com\/gt\/wp-content\/uploads\/2023\/12\/AvivaApplicationGraphicL780_1024x1024@2x.webp\" alt=\"\" width=\"480\" height=\"576\" srcset=\"https:\/\/mivoot.com\/gt\/wp-content\/uploads\/2023\/12\/AvivaApplicationGraphicL780_1024x1024@2x.webp 480w, https:\/\/mivoot.com\/gt\/wp-content\/uploads\/2023\/12\/AvivaApplicationGraphicL780_1024x1024@2x-410x492.webp 410w, https:\/\/mivoot.com\/gt\/wp-content\/uploads\/2023\/12\/AvivaApplicationGraphicL780_1024x1024@2x-64x77.webp 64w, https:\/\/mivoot.com\/gt\/wp-content\/uploads\/2023\/12\/AvivaApplicationGraphicL780_1024x1024@2x-250x300.webp 250w\" sizes=\"(max-width: 480px) 100vw, 480px\" \/><\/p>\n<\/div>\n<\/div>\n","protected":false},"excerpt":{"rendered":"<p>&#8211; 786 vatios hora de almacenamiento de energ\u00eda de litio<br \/>\n&#8211; Entrega de energ\u00eda USB-C de alta velocidad<br \/>\n&#8211; Gran pantalla LCD para realizar un seguimiento del uso de energ\u00eda<br \/>\n&#8211; Tecnolog\u00eda Qualcomm\u00ae Quick Charge\u2122<br \/>\n&#8211; Carcasa de policarbonato duradera<br \/>\n&#8211; El inversor de CA admite dispositivos de hasta 120 W<br \/>\n&#8211; Recarga mediante CA, 12 V autom\u00e1tico o panel solar (se vende por separado)<br \/>\n&#8211; Ligero para m\u00e1xima portabilidad (16 libras)<br \/>\n&#8211; Tel\u00e9fonos inteligentes Hasta 70X Recargas<br \/>\n&#8211; port\u00e1tiles Hasta 8 veces m\u00e1s recargas<br \/>\n&#8211; Televisor Hasta 7 horas<br \/>\n** NO incluye panel solar<\/p>\n","protected":false},"featured_media":17664,"comment_status":"open","ping_status":"closed","template":"","meta":{"jetpack_publicize_message":"","jetpack_publicize_feature_enabled":true,"jetpack_social_post_already_shared":true,"jetpack_social_options":{"image_generator_settings":{"template":"highway","default_image_id":0,"font":"","enabled":false},"version":2}},"pwb-brand":[448],"product_brand":[],"product_cat":[409,195],"product_tag":[],"class_list":{"0":"post-17658","1":"product","2":"type-product","3":"status-publish","4":"has-post-thumbnail","6":"pwb-brand-aviva","7":"product_cat-generador","8":"product_cat-camping","10":"first","11":"onbackorder","12":"sale","13":"taxable","14":"shipping-taxable","15":"purchasable","16":"product-type-simple"},"yoast_head":"<!-- This site is optimized with the Yoast SEO Premium plugin v25.7.1 (Yoast SEO v26.8) - https:\/\/yoast.com\/product\/yoast-seo-premium-wordpress\/ -->\n<title>Generador de Energ\u00eda El\u00e9ctrica 500W AVIVA - Mivoot<\/title>\n<meta name=\"robots\" content=\"index, follow, max-snippet:-1, max-image-preview:large, max-video-preview:-1\" \/>\n<link rel=\"canonical\" href=\"https:\/\/mivoot.com\/gt\/producto\/generador-de-energia-electrica-500w-aviva\/\" \/>\n<meta property=\"og:locale\" content=\"es_ES\" \/>\n<meta property=\"og:type\" content=\"article\" \/>\n<meta property=\"og:title\" content=\"Generador de Energ\u00eda El\u00e9ctrica 500W AVIVA\" \/>\n<meta property=\"og:description\" content=\"&#8211; 786 vatios hora de almacenamiento de energ\u00eda de litio &#8211; Entrega de energ\u00eda USB-C de alta velocidad &#8211; Gran pantalla LCD para realizar un seguimiento del uso de energ\u00eda &#8211; Tecnolog\u00eda Qualcomm\u00ae Quick Charge\u2122 &#8211; Carcasa de policarbonato duradera &#8211; El inversor de CA admite dispositivos de hasta 120 W &#8211; Recarga mediante CA, 12 V autom\u00e1tico o panel solar (se vende por separado) &#8211; Ligero para m\u00e1xima portabilidad (16 libras) &#8211; Tel\u00e9fonos inteligentes Hasta 70X Recargas &#8211; port\u00e1tiles Hasta 8 veces m\u00e1s recargas &#8211; Televisor Hasta 7 horas ** NO incluye panel solar\" \/>\n<meta property=\"og:url\" content=\"https:\/\/mivoot.com\/gt\/producto\/generador-de-energia-electrica-500w-aviva\/\" \/>\n<meta property=\"og:site_name\" content=\"Mivoot\" \/>\n<meta property=\"article:publisher\" content=\"https:\/\/www.facebook.com\/mivootgt\" \/>\n<meta property=\"article:modified_time\" content=\"2024-06-18T01:09:42+00:00\" \/>\n<meta property=\"og:image\" content=\"https:\/\/mivoot.com\/gt\/wp-content\/uploads\/2023\/12\/avivaL780powerstation-leftside_1024x1024@2x.webp\" \/>\n\t<meta property=\"og:image:width\" content=\"2048\" \/>\n\t<meta property=\"og:image:height\" content=\"1366\" \/>\n\t<meta property=\"og:image:type\" content=\"image\/webp\" \/>\n<meta name=\"twitter:card\" content=\"summary_large_image\" \/>\n<meta name=\"twitter:label1\" content=\"Est. reading time\" \/>\n\t<meta name=\"twitter:data1\" content=\"4 minutos\" \/>\n<script type=\"application\/ld+json\" class=\"yoast-schema-graph\">{\"@context\":\"https:\/\/schema.org\",\"@graph\":[{\"@type\":\"WebPage\",\"@id\":\"https:\/\/mivoot.com\/gt\/producto\/generador-de-energia-electrica-500w-aviva\/\",\"url\":\"https:\/\/mivoot.com\/gt\/producto\/generador-de-energia-electrica-500w-aviva\/\",\"name\":\"Generador de Energ\u00eda El\u00e9ctrica 500W AVIVA - Mivoot\",\"isPartOf\":{\"@id\":\"https:\/\/mivoot.com\/gt\/#website\"},\"primaryImageOfPage\":{\"@id\":\"https:\/\/mivoot.com\/gt\/producto\/generador-de-energia-electrica-500w-aviva\/#primaryimage\"},\"image\":{\"@id\":\"https:\/\/mivoot.com\/gt\/producto\/generador-de-energia-electrica-500w-aviva\/#primaryimage\"},\"thumbnailUrl\":\"https:\/\/mivoot.com\/gt\/wp-content\/uploads\/2023\/12\/avivaL780powerstation-leftside_1024x1024@2x.webp\",\"datePublished\":\"2023-12-14T21:07:53+00:00\",\"dateModified\":\"2024-06-18T01:09:42+00:00\",\"breadcrumb\":{\"@id\":\"https:\/\/mivoot.com\/gt\/producto\/generador-de-energia-electrica-500w-aviva\/#breadcrumb\"},\"inLanguage\":\"es\",\"potentialAction\":[{\"@type\":\"ReadAction\",\"target\":[\"https:\/\/mivoot.com\/gt\/producto\/generador-de-energia-electrica-500w-aviva\/\"]}]},{\"@type\":\"ImageObject\",\"inLanguage\":\"es\",\"@id\":\"https:\/\/mivoot.com\/gt\/producto\/generador-de-energia-electrica-500w-aviva\/#primaryimage\",\"url\":\"https:\/\/mivoot.com\/gt\/wp-content\/uploads\/2023\/12\/avivaL780powerstation-leftside_1024x1024@2x.webp\",\"contentUrl\":\"https:\/\/mivoot.com\/gt\/wp-content\/uploads\/2023\/12\/avivaL780powerstation-leftside_1024x1024@2x.webp\",\"width\":2048,\"height\":1366},{\"@type\":\"BreadcrumbList\",\"@id\":\"https:\/\/mivoot.com\/gt\/producto\/generador-de-energia-electrica-500w-aviva\/#breadcrumb\",\"itemListElement\":[{\"@type\":\"ListItem\",\"position\":1,\"name\":\"Inicio\",\"item\":\"https:\/\/mivoot.com\/gt\/\"},{\"@type\":\"ListItem\",\"position\":2,\"name\":\"Productos\",\"item\":\"https:\/\/mivoot.com\/gt\/producto\/\"},{\"@type\":\"ListItem\",\"position\":3,\"name\":\"Aviva\",\"item\":\"https:\/\/mivoot.com\/gt\/marca\/aviva\/\"},{\"@type\":\"ListItem\",\"position\":4,\"name\":\"Generador de Energ\u00eda El\u00e9ctrica 500W AVIVA\"}]},{\"@type\":\"WebSite\",\"@id\":\"https:\/\/mivoot.com\/gt\/#website\",\"url\":\"https:\/\/mivoot.com\/gt\/\",\"name\":\"Mivoot\",\"description\":\"Mivoot Guatemala | Tienda Online\",\"publisher\":{\"@id\":\"https:\/\/mivoot.com\/gt\/#organization\"},\"alternateName\":\"mivoot\",\"potentialAction\":[{\"@type\":\"SearchAction\",\"target\":{\"@type\":\"EntryPoint\",\"urlTemplate\":\"https:\/\/mivoot.com\/gt\/?s={search_term_string}\"},\"query-input\":{\"@type\":\"PropertyValueSpecification\",\"valueRequired\":true,\"valueName\":\"search_term_string\"}}],\"inLanguage\":\"es\"},{\"@type\":\"Organization\",\"@id\":\"https:\/\/mivoot.com\/gt\/#organization\",\"name\":\"Mivoot Guatemala\",\"alternateName\":\"mivoot.com\",\"url\":\"https:\/\/mivoot.com\/gt\/\",\"logo\":{\"@type\":\"ImageObject\",\"inLanguage\":\"es\",\"@id\":\"https:\/\/mivoot.com\/gt\/#\/schema\/logo\/image\/\",\"url\":\"https:\/\/mivoot.com\/gt\/wp-content\/uploads\/2023\/03\/cropped-icon.png\",\"contentUrl\":\"https:\/\/mivoot.com\/gt\/wp-content\/uploads\/2023\/03\/cropped-icon.png\",\"width\":512,\"height\":512,\"caption\":\"Mivoot Guatemala\"},\"image\":{\"@id\":\"https:\/\/mivoot.com\/gt\/#\/schema\/logo\/image\/\"},\"sameAs\":[\"https:\/\/www.facebook.com\/mivootgt\",\"https:\/\/instagram.com\/mivoot\"]}]}<\/script>\n<!-- \/ Yoast SEO Premium plugin. -->","yoast_head_json":{"title":"Generador de Energ\u00eda El\u00e9ctrica 500W AVIVA - Mivoot","robots":{"index":"index","follow":"follow","max-snippet":"max-snippet:-1","max-image-preview":"max-image-preview:large","max-video-preview":"max-video-preview:-1"},"canonical":"https:\/\/mivoot.com\/gt\/producto\/generador-de-energia-electrica-500w-aviva\/","og_locale":"es_ES","og_type":"article","og_title":"Generador de Energ\u00eda El\u00e9ctrica 500W AVIVA","og_description":"&#8211; 786 vatios hora de almacenamiento de energ\u00eda de litio &#8211; Entrega de energ\u00eda USB-C de alta velocidad &#8211; Gran pantalla LCD para realizar un seguimiento del uso de energ\u00eda &#8211; Tecnolog\u00eda Qualcomm\u00ae Quick Charge\u2122 &#8211; Carcasa de policarbonato duradera &#8211; El inversor de CA admite dispositivos de hasta 120 W &#8211; Recarga mediante CA, 12 V autom\u00e1tico o panel solar (se vende por separado) &#8211; Ligero para m\u00e1xima portabilidad (16 libras) &#8211; Tel\u00e9fonos inteligentes Hasta 70X Recargas &#8211; port\u00e1tiles Hasta 8 veces m\u00e1s recargas &#8211; Televisor Hasta 7 horas ** NO incluye panel solar","og_url":"https:\/\/mivoot.com\/gt\/producto\/generador-de-energia-electrica-500w-aviva\/","og_site_name":"Mivoot","article_publisher":"https:\/\/www.facebook.com\/mivootgt","article_modified_time":"2024-06-18T01:09:42+00:00","og_image":[{"width":2048,"height":1366,"url":"https:\/\/mivoot.com\/gt\/wp-content\/uploads\/2023\/12\/avivaL780powerstation-leftside_1024x1024@2x.webp","type":"image\/webp"}],"twitter_card":"summary_large_image","twitter_misc":{"Est. reading time":"4 minutos"},"schema":{"@context":"https:\/\/schema.org","@graph":[{"@type":"WebPage","@id":"https:\/\/mivoot.com\/gt\/producto\/generador-de-energia-electrica-500w-aviva\/","url":"https:\/\/mivoot.com\/gt\/producto\/generador-de-energia-electrica-500w-aviva\/","name":"Generador de Energ\u00eda El\u00e9ctrica 500W AVIVA - Mivoot","isPartOf":{"@id":"https:\/\/mivoot.com\/gt\/#website"},"primaryImageOfPage":{"@id":"https:\/\/mivoot.com\/gt\/producto\/generador-de-energia-electrica-500w-aviva\/#primaryimage"},"image":{"@id":"https:\/\/mivoot.com\/gt\/producto\/generador-de-energia-electrica-500w-aviva\/#primaryimage"},"thumbnailUrl":"https:\/\/mivoot.com\/gt\/wp-content\/uploads\/2023\/12\/avivaL780powerstation-leftside_1024x1024@2x.webp","datePublished":"2023-12-14T21:07:53+00:00","dateModified":"2024-06-18T01:09:42+00:00","breadcrumb":{"@id":"https:\/\/mivoot.com\/gt\/producto\/generador-de-energia-electrica-500w-aviva\/#breadcrumb"},"inLanguage":"es","potentialAction":[{"@type":"ReadAction","target":["https:\/\/mivoot.com\/gt\/producto\/generador-de-energia-electrica-500w-aviva\/"]}]},{"@type":"ImageObject","inLanguage":"es","@id":"https:\/\/mivoot.com\/gt\/producto\/generador-de-energia-electrica-500w-aviva\/#primaryimage","url":"https:\/\/mivoot.com\/gt\/wp-content\/uploads\/2023\/12\/avivaL780powerstation-leftside_1024x1024@2x.webp","contentUrl":"https:\/\/mivoot.com\/gt\/wp-content\/uploads\/2023\/12\/avivaL780powerstation-leftside_1024x1024@2x.webp","width":2048,"height":1366},{"@type":"BreadcrumbList","@id":"https:\/\/mivoot.com\/gt\/producto\/generador-de-energia-electrica-500w-aviva\/#breadcrumb","itemListElement":[{"@type":"ListItem","position":1,"name":"Inicio","item":"https:\/\/mivoot.com\/gt\/"},{"@type":"ListItem","position":2,"name":"Productos","item":"https:\/\/mivoot.com\/gt\/producto\/"},{"@type":"ListItem","position":3,"name":"Aviva","item":"https:\/\/mivoot.com\/gt\/marca\/aviva\/"},{"@type":"ListItem","position":4,"name":"Generador de Energ\u00eda El\u00e9ctrica 500W AVIVA"}]},{"@type":"WebSite","@id":"https:\/\/mivoot.com\/gt\/#website","url":"https:\/\/mivoot.com\/gt\/","name":"Mivoot","description":"Mivoot Guatemala | Tienda Online","publisher":{"@id":"https:\/\/mivoot.com\/gt\/#organization"},"alternateName":"mivoot","potentialAction":[{"@type":"SearchAction","target":{"@type":"EntryPoint","urlTemplate":"https:\/\/mivoot.com\/gt\/?s={search_term_string}"},"query-input":{"@type":"PropertyValueSpecification","valueRequired":true,"valueName":"search_term_string"}}],"inLanguage":"es"},{"@type":"Organization","@id":"https:\/\/mivoot.com\/gt\/#organization","name":"Mivoot Guatemala","alternateName":"mivoot.com","url":"https:\/\/mivoot.com\/gt\/","logo":{"@type":"ImageObject","inLanguage":"es","@id":"https:\/\/mivoot.com\/gt\/#\/schema\/logo\/image\/","url":"https:\/\/mivoot.com\/gt\/wp-content\/uploads\/2023\/03\/cropped-icon.png","contentUrl":"https:\/\/mivoot.com\/gt\/wp-content\/uploads\/2023\/03\/cropped-icon.png","width":512,"height":512,"caption":"Mivoot Guatemala"},"image":{"@id":"https:\/\/mivoot.com\/gt\/#\/schema\/logo\/image\/"},"sameAs":["https:\/\/www.facebook.com\/mivootgt","https:\/\/instagram.com\/mivoot"]}]}},"jetpack_publicize_connections":[],"jetpack_sharing_enabled":true,"brands":[{"id":448,"name":"Aviva","slug":"aviva"}],"_links":{"self":[{"href":"https:\/\/mivoot.com\/gt\/wp-json\/wp\/v2\/product\/17658","targetHints":{"allow":["GET"]}}],"collection":[{"href":"https:\/\/mivoot.com\/gt\/wp-json\/wp\/v2\/product"}],"about":[{"href":"https:\/\/mivoot.com\/gt\/wp-json\/wp\/v2\/types\/product"}],"replies":[{"embeddable":true,"href":"https:\/\/mivoot.com\/gt\/wp-json\/wp\/v2\/comments?post=17658"}],"version-history":[{"count":4,"href":"https:\/\/mivoot.com\/gt\/wp-json\/wp\/v2\/product\/17658\/revisions"}],"predecessor-version":[{"id":17692,"href":"https:\/\/mivoot.com\/gt\/wp-json\/wp\/v2\/product\/17658\/revisions\/17692"}],"wp:featuredmedia":[{"embeddable":true,"href":"https:\/\/mivoot.com\/gt\/wp-json\/wp\/v2\/media\/17664"}],"wp:attachment":[{"href":"https:\/\/mivoot.com\/gt\/wp-json\/wp\/v2\/media?parent=17658"}],"wp:term":[{"taxonomy":"pwb-brand","embeddable":true,"href":"https:\/\/mivoot.com\/gt\/wp-json\/wp\/v2\/pwb-brand?post=17658"},{"taxonomy":"product_brand","embeddable":true,"href":"https:\/\/mivoot.com\/gt\/wp-json\/wp\/v2\/product_brand?post=17658"},{"taxonomy":"product_cat","embeddable":true,"href":"https:\/\/mivoot.com\/gt\/wp-json\/wp\/v2\/product_cat?post=17658"},{"taxonomy":"product_tag","embeddable":true,"href":"https:\/\/mivoot.com\/gt\/wp-json\/wp\/v2\/product_tag?post=17658"}],"curies":[{"name":"wp","href":"https:\/\/api.w.org\/{rel}","templated":true}]}}