{"id":17880,"date":"2024-01-19T22:26:58","date_gmt":"2024-01-20T04:26:58","guid":{"rendered":"https:\/\/mivoot.com\/gt\/?post_type=product&#038;p=17880"},"modified":"2026-02-12T12:37:17","modified_gmt":"2026-02-12T18:37:17","slug":"impresora-multifuncional-epson-ecotank-l8180","status":"publish","type":"product","link":"https:\/\/mivoot.com\/gt\/producto\/impresora-multifuncional-epson-ecotank-l8180\/","title":{"rendered":"Impresora Fotogr\u00e1fica Multifuncional EcoTank L8180 Epson"},"content":{"rendered":"<h3><img decoding=\"async\" class=\"aligncenter\" src=\"https:\/\/cdn.cs.1worldsync.com\/syndication\/mediaserverredirect\/a5d21691eb6b09d03ce266aff8a6284a\/width(1200).jpg\" alt=\"Imagen del producto\" \/><\/h3>\n<h1 class=\"name\" style=\"text-align: center;\">Impresora inal\u00e1mbrica fotogr\u00e1fica multifuncional 3 en 1 Epson EcoTank L8180 con impresi\u00f3n 100% sin cartuchos hasta A3+<\/h1>\n<div class=\"description\">\n<p>La EcoTank L8180 es una impresora de fotos 3 en 1 que ofrece una excelente calidad de impresi\u00f3n fotogr\u00e1fica de hasta A3+, con su configuraci\u00f3n \u00fanica de tinta Claria ET 6, que incluye gris y negro pigmentado, con la conveniencia del reemplazo de alto rendimiento y ultra bajo costo de EcoTank, con botellas de tinta que rinden hasta 2300 fotograf\u00edas 4X6&#8243;<\/p>\n<ul>\n<li><strong>Excelente calidad de impresi\u00f3n:<\/strong>\u00a0ofrece un rendimiento superior de fotograf\u00edas en color y en blanco y negro y textos de alta calidad gracias a las 6 tintas Claria ET, que incluyen gris y negro pigmentado.<\/li>\n<li><strong>Vers\u00e1til 3 en 1:<\/strong>\u00a0imprime hasta A3 +, copia y escanea hasta Oficio con conectividad Wi-Fi 4 + Ethernet 10\/100 e impresi\u00f3n m\u00f3vil<\/li>\n<li><strong>Creatividad mejorada:<\/strong>\u00a0maneja una variedad de medios con fuentes de medios de 5 v\u00edas, incluido el de paso directo para imprimir en medios gruesos de hasta 1,3 mm<\/li>\n<li><strong>Alta productividad:<\/strong>\u00a0altas velocidades de impresi\u00f3n, d\u00faplex autom\u00e1tico (A4 \/ Carta) y rendimiento de hasta 2300 fotos con botellas de repuesto de bajo costo.<\/li>\n<li><strong>F\u00e1cil de conectar y compartir:<\/strong>\u00a0con Wi-Fi 4, Wi-Fi Direct, Ethernet 10\/100 e impresi\u00f3n m\u00f3vil (Apple Airprint, Mopria, impresi\u00f3n desde Chromebook)<\/li>\n<li><strong>Cuenta con 5 entradas de papel:<\/strong>\u00a02 bandejas frontales, incluida una bandeja de fotograf\u00edas dedicada de hasta 5 x 7&#8243;, CD \/ DVD, alimentaci\u00f3n de papel posterior (A3 +) y nuevo paso directo para imprimir papeles gruesos de hasta 1,3 mm<\/li>\n<li><strong>Alta productividad:<\/strong>\u00a0velocidades m\u00e1ximas de impresi\u00f3n de hasta 32 ppm en negro y color y 25 segundos para imprimir una foto de 4&#215;6 en calidad est\u00e1ndar, con impresi\u00f3n autom\u00e1tica a doble cara (A4 \/ Carta)<\/li>\n<li><strong>Compatible con la nueva aplicaci\u00f3n Epson Smart Panel:<\/strong>\u00a0para configurar y operar intuitivamente tu impresora, liberando todo su potencial desde la comodidad de tu dispositivo inteligente<\/li>\n<\/ul>\n<p><img decoding=\"async\" src=\"https:\/\/cdn.cs.1worldsync.com\/syndication\/mediaserverredirect\/f804bc8f9588907bae60e47d24a30549\/maxsize(400x500).png\" alt=\"Imagen del producto\" \/><img decoding=\"async\" src=\"https:\/\/cdn.cs.1worldsync.com\/syndication\/mediaserverredirect\/195ac812fe9fb68d5b7975860d38183e\/original.png\" alt=\"Imagen del producto\" \/><\/p>\n<p><img decoding=\"async\" class=\"aligncenter\" src=\"https:\/\/cdn.cs.1worldsync.com\/syndication\/mediaserverredirect\/4e6cdc0ec56b441041f5b1e4282e5adc\/original.png\" alt=\"Main hotspot image\" \/><\/p>\n<div class=\"text-row\" data-classificationid=\"Print\">\n<h3>Especificaciones<\/h3>\n<h4><strong>Imprimir:<\/strong><\/h4>\n<hr \/>\n<ul>\n<li><strong>Tecnolog\u00eda de Impresi\u00f3n: <\/strong>Tecnolog\u00eda de inyecci\u00f3n de tinta MicroPiezo\u00ae Heat Free de 6 colores optimizada para impresi\u00f3n de fotograf\u00edas<\/li>\n<li><strong>Resoluci\u00f3n M\u00e1xima de Impresi\u00f3n: <\/strong>Hasta 5.760 dpi x 1.440 dpi de resoluci\u00f3n optimizada en varios tipos de papel<\/li>\n<li><strong>Velocidad de Impresi\u00f3n ISO: <\/strong>S\u00edmplex: negro 16 ppm y color 12 ppm (A4\/carta)<\/li>\n<li><strong>\u00c1rea M\u00e1xima de Impresi\u00f3n: <\/strong>329 mm x 2.000 mm (ancho x largo)<\/li>\n<li><strong>Velocidad de Impresi\u00f3n: <\/strong>S\u00edmplex: negro 32 ppm y color 32 ppm (borrador, A4\/carta). Fotos a color 4&#8243; x 6&#8243; (10 cm x 15 cm): 15 segundos (borrador)<\/li>\n<li><strong>Tama\u00f1o M\u00ednimo de la Gota de Tinta: <\/strong>1,5 picolitros<\/li>\n<li><strong>Tiempo de salida de la primera p\u00e1gina: <\/strong>Aprox. 9 segundos negro\/15 segundos color (A4\/carta)<\/li>\n<\/ul>\n<\/div>\n<div class=\"text-row\" data-classificationid=\"General\">\n<h4><strong>General:<\/strong><\/h4>\n<hr \/>\n<ul>\n<li><strong>Sistemas de Operaci\u00f3n: <\/strong>Windows Vista\u00ae\/7\/8\/8.1\/10 (32bit, 64bit), Windows Server\u00ae 2003 (SP2) o m\u00e1s reciente, Mac OS X\u00ae 10.7.5 o m\u00e1s reciente<\/li>\n<li><strong>Dimensiones:<\/strong>523 mm x 379 mm x 169 mm<\/li>\n<li><strong>Peso:<\/strong>11,1 kg<\/li>\n<li><strong>Pa\u00eds de Origen: <\/strong>Indonesia<\/li>\n<\/ul>\n<\/div>\n<div class=\"text-row\" data-classificationid=\"Connectivity\">\n<h4><strong>Conectividad:<\/strong><\/h4>\n<hr \/>\n<ul>\n<li><strong>Conectividad Est\u00e1ndar: <\/strong>USB de alta velocidad (compatible con USB 2.0), Ethernet 10\/100 , Wi-Fi 4 (IEEE 802.11 b\/g\/n), Wi-Fi Direct\u00ae4 PictBridge<\/li>\n<li><strong>Tarjetas de Memoria Soportadas: <\/strong>Tarjeta SD<\/li>\n<li><strong>Protocolos de Impresi\u00f3n en Red: <\/strong>TCPP\/IPv4, TCP\/IPv6 y LDP, IPP, PORT9100, WSD<\/li>\n<li><strong>Protocolos de Manejo de Red: <\/strong>SNMP, HTTP, DHCP, BOOTP, APIPA, PING, DDNS, mDNS, SLP, WSD, LLTD<\/li>\n<li><strong>Seguridad WLAN:<\/strong>WEP (64-bit\/128-bit), WPA-PSK (TKIP), WPA2-PSK (AES), WPA3-SAE(AES)<\/li>\n<\/ul>\n<\/div>\n<\/div>\n<div data-classificationid=\"Connectivity\">\n<h4><strong>Impresi\u00f3n desde Dispositivos M\u00f3viles:<\/strong><\/h4>\n<hr \/>\n<ul>\n<li><strong>Epson Connect: <\/strong>Epson Smart Panel\u2122 App (iOSTM, Android\u2122), Epson Email Print\u00ae, Remote Print Driver<\/li>\n<li><strong>Otros:<\/strong>Apple AirPrint\u00ae, Chromebook Native Print, Mopria Print Service\u2122<\/li>\n<\/ul>\n<\/div>\n<div data-classificationid=\"Connectivity\"><\/div>\n<div data-classificationid=\"Connectivity\">\n<h4><strong>Detalles de la Impresora:<\/strong><\/h4>\n<hr \/>\n<ul>\n<li><strong>Pantalla:<\/strong>4,3&#8243; t\u00e1ctil a color<\/li>\n<li><strong>Software Incluido:<\/strong>CD: Printer Driver, Epson Scan 2, Epson ScanSmart. Descarga Web: Epson Photo+ Epson Print Layout, Printer Driver Mac OS<\/li>\n<\/ul>\n<\/div>\n<div data-classificationid=\"Connectivity\"><\/div>\n<div data-classificationid=\"Connectivity\"><img decoding=\"async\" class=\"aligncenter\" src=\"https:\/\/cdn.cs.1worldsync.com\/syndication\/mediaserverredirect\/2bafdb3f3f52364899750d83586c4955\/original.jpg\" alt=\"Imagen del producto\" \/><\/div>\n<div data-classificationid=\"Connectivity\"><img decoding=\"async\" class=\"aligncenter\" src=\"https:\/\/cdn.cs.1worldsync.com\/syndication\/mediaserverredirect\/a2d471660dccc8b67f61bc3044350e6d\/original.png\" alt=\"Imagen del producto\" \/><\/div>\n","protected":false},"excerpt":{"rendered":"<p>&#8211; Pantalla: LCD 1,44 pulgadas.<br \/>\n&#8211; Impresi\u00f3n a doble cara autom\u00e1tica, intercalar.<br \/>\n&#8211; Modo silencioso de impresi\u00f3n.<br \/>\n&#8211; Multifuncional inal\u00e1mbrico en blanco y negro con calidad profesional.<br \/>\n&#8211; Capacidad de imprimir miles de p\u00e1ginas.<br \/>\n&#8211; Imprime y haz fotocopias de alta calidad r\u00e1pidamente.<br \/>\n&#8211; Tanques de tinta que se pueden rellenar f\u00e1cilmente.<br \/>\n&#8211; Epson Connect &#8211; Imprime y comparte tus archivos desde cualquier lugar.<br \/>\n&#8211; Tecnolog\u00eda de Impresi\u00f3n: Inyecci\u00f3n de tinta PrecisionCore\u00ae monocrom\u00e1tica optimizada.<br \/>\n&#8211; Tama\u00f1o M\u00ednimo de la Gota de Tinta: 2,8 picolitros con tecnolog\u00eda de gotas de tinta de tama\u00f1o variable.<br \/>\n&#8211; Resoluci\u00f3n M\u00e1xima de Impresi\u00f3n: 1200 dpi x 2400 dpi.<\/p>\n","protected":false},"featured_media":17890,"comment_status":"open","ping_status":"closed","template":"","meta":{"jetpack_publicize_message":"","jetpack_publicize_feature_enabled":true,"jetpack_social_post_already_shared":true,"jetpack_social_options":{"image_generator_settings":{"template":"highway","default_image_id":0,"font":"","enabled":false},"version":2}},"pwb-brand":[188],"product_brand":[],"product_cat":[176],"product_tag":[],"class_list":{"0":"post-17880","1":"product","2":"type-product","3":"status-publish","4":"has-post-thumbnail","6":"pwb-brand-epson","7":"product_cat-impresora-multifuncional","9":"first","10":"instock","11":"sale","12":"taxable","13":"shipping-taxable","14":"purchasable","15":"product-type-simple"},"yoast_head":"<!-- This site is optimized with the Yoast SEO Premium plugin v25.7.1 (Yoast SEO v26.8) - https:\/\/yoast.com\/product\/yoast-seo-premium-wordpress\/ -->\n<title>Impresora Fotogr\u00e1fica Multifuncional EcoTank L8180 Epson - Mivoot<\/title>\n<meta name=\"robots\" content=\"index, follow, max-snippet:-1, max-image-preview:large, max-video-preview:-1\" \/>\n<link rel=\"canonical\" href=\"https:\/\/mivoot.com\/gt\/producto\/impresora-multifuncional-epson-ecotank-l8180\/\" \/>\n<meta property=\"og:locale\" content=\"es_ES\" \/>\n<meta property=\"og:type\" content=\"article\" \/>\n<meta property=\"og:title\" content=\"Impresora Fotogr\u00e1fica Multifuncional EcoTank L8180 Epson\" \/>\n<meta property=\"og:description\" content=\"- Pantalla: LCD 1,44 pulgadas. - Impresi\u00f3n a doble cara autom\u00e1tica, intercalar. - Modo silencioso de impresi\u00f3n. - Multifuncional inal\u00e1mbrico en blanco y negro con calidad profesional. - Capacidad de imprimir miles de p\u00e1ginas. - Imprime y haz fotocopias de alta calidad r\u00e1pidamente. - Tanques de tinta que se pueden rellenar f\u00e1cilmente. - Epson Connect - Imprime y comparte tus archivos desde cualquier lugar. - Tecnolog\u00eda de Impresi\u00f3n: Inyecci\u00f3n de tinta PrecisionCore\u00ae monocrom\u00e1tica optimizada. - Tama\u00f1o M\u00ednimo de la Gota de Tinta: 2,8 picolitros con tecnolog\u00eda de gotas de tinta de tama\u00f1o variable. - Resoluci\u00f3n M\u00e1xima de Impresi\u00f3n: 1200 dpi x 2400 dpi.\" \/>\n<meta property=\"og:url\" content=\"https:\/\/mivoot.com\/gt\/producto\/impresora-multifuncional-epson-ecotank-l8180\/\" \/>\n<meta property=\"og:site_name\" content=\"Mivoot\" \/>\n<meta property=\"article:publisher\" content=\"https:\/\/www.facebook.com\/mivootgt\" \/>\n<meta property=\"article:modified_time\" content=\"2026-02-12T18:37:17+00:00\" \/>\n<meta property=\"og:image\" content=\"https:\/\/mivoot.com\/gt\/wp-content\/uploads\/2024\/01\/ha.png\" \/>\n\t<meta property=\"og:image:width\" content=\"750\" \/>\n\t<meta property=\"og:image:height\" content=\"750\" \/>\n\t<meta property=\"og:image:type\" content=\"image\/png\" \/>\n<meta name=\"twitter:card\" content=\"summary_large_image\" \/>\n<meta name=\"twitter:label1\" content=\"Est. reading time\" \/>\n\t<meta name=\"twitter:data1\" content=\"5 minutos\" \/>\n<script type=\"application\/ld+json\" class=\"yoast-schema-graph\">{\"@context\":\"https:\/\/schema.org\",\"@graph\":[{\"@type\":\"WebPage\",\"@id\":\"https:\/\/mivoot.com\/gt\/producto\/impresora-multifuncional-epson-ecotank-l8180\/\",\"url\":\"https:\/\/mivoot.com\/gt\/producto\/impresora-multifuncional-epson-ecotank-l8180\/\",\"name\":\"Impresora Fotogr\u00e1fica Multifuncional EcoTank L8180 Epson - Mivoot\",\"isPartOf\":{\"@id\":\"https:\/\/mivoot.com\/gt\/#website\"},\"primaryImageOfPage\":{\"@id\":\"https:\/\/mivoot.com\/gt\/producto\/impresora-multifuncional-epson-ecotank-l8180\/#primaryimage\"},\"image\":{\"@id\":\"https:\/\/mivoot.com\/gt\/producto\/impresora-multifuncional-epson-ecotank-l8180\/#primaryimage\"},\"thumbnailUrl\":\"https:\/\/mivoot.com\/gt\/wp-content\/uploads\/2024\/01\/ha.png\",\"datePublished\":\"2024-01-20T04:26:58+00:00\",\"dateModified\":\"2026-02-12T18:37:17+00:00\",\"breadcrumb\":{\"@id\":\"https:\/\/mivoot.com\/gt\/producto\/impresora-multifuncional-epson-ecotank-l8180\/#breadcrumb\"},\"inLanguage\":\"es\",\"potentialAction\":[{\"@type\":\"ReadAction\",\"target\":[\"https:\/\/mivoot.com\/gt\/producto\/impresora-multifuncional-epson-ecotank-l8180\/\"]}]},{\"@type\":\"ImageObject\",\"inLanguage\":\"es\",\"@id\":\"https:\/\/mivoot.com\/gt\/producto\/impresora-multifuncional-epson-ecotank-l8180\/#primaryimage\",\"url\":\"https:\/\/mivoot.com\/gt\/wp-content\/uploads\/2024\/01\/ha.png\",\"contentUrl\":\"https:\/\/mivoot.com\/gt\/wp-content\/uploads\/2024\/01\/ha.png\",\"width\":750,\"height\":750},{\"@type\":\"BreadcrumbList\",\"@id\":\"https:\/\/mivoot.com\/gt\/producto\/impresora-multifuncional-epson-ecotank-l8180\/#breadcrumb\",\"itemListElement\":[{\"@type\":\"ListItem\",\"position\":1,\"name\":\"Inicio\",\"item\":\"https:\/\/mivoot.com\/gt\/\"},{\"@type\":\"ListItem\",\"position\":2,\"name\":\"Productos\",\"item\":\"https:\/\/mivoot.com\/gt\/producto\/\"},{\"@type\":\"ListItem\",\"position\":3,\"name\":\"Epson\",\"item\":\"https:\/\/mivoot.com\/gt\/marca\/epson\/\"},{\"@type\":\"ListItem\",\"position\":4,\"name\":\"Impresora Fotogr\u00e1fica Multifuncional EcoTank L8180 Epson\"}]},{\"@type\":\"WebSite\",\"@id\":\"https:\/\/mivoot.com\/gt\/#website\",\"url\":\"https:\/\/mivoot.com\/gt\/\",\"name\":\"Mivoot\",\"description\":\"Mivoot Guatemala | Tienda Online\",\"publisher\":{\"@id\":\"https:\/\/mivoot.com\/gt\/#organization\"},\"alternateName\":\"mivoot\",\"potentialAction\":[{\"@type\":\"SearchAction\",\"target\":{\"@type\":\"EntryPoint\",\"urlTemplate\":\"https:\/\/mivoot.com\/gt\/?s={search_term_string}\"},\"query-input\":{\"@type\":\"PropertyValueSpecification\",\"valueRequired\":true,\"valueName\":\"search_term_string\"}}],\"inLanguage\":\"es\"},{\"@type\":\"Organization\",\"@id\":\"https:\/\/mivoot.com\/gt\/#organization\",\"name\":\"Mivoot Guatemala\",\"alternateName\":\"mivoot.com\",\"url\":\"https:\/\/mivoot.com\/gt\/\",\"logo\":{\"@type\":\"ImageObject\",\"inLanguage\":\"es\",\"@id\":\"https:\/\/mivoot.com\/gt\/#\/schema\/logo\/image\/\",\"url\":\"https:\/\/mivoot.com\/gt\/wp-content\/uploads\/2023\/03\/cropped-icon.png\",\"contentUrl\":\"https:\/\/mivoot.com\/gt\/wp-content\/uploads\/2023\/03\/cropped-icon.png\",\"width\":512,\"height\":512,\"caption\":\"Mivoot Guatemala\"},\"image\":{\"@id\":\"https:\/\/mivoot.com\/gt\/#\/schema\/logo\/image\/\"},\"sameAs\":[\"https:\/\/www.facebook.com\/mivootgt\",\"https:\/\/instagram.com\/mivoot\"]}]}<\/script>\n<!-- \/ Yoast SEO Premium plugin. -->","yoast_head_json":{"title":"Impresora Fotogr\u00e1fica Multifuncional EcoTank L8180 Epson - Mivoot","robots":{"index":"index","follow":"follow","max-snippet":"max-snippet:-1","max-image-preview":"max-image-preview:large","max-video-preview":"max-video-preview:-1"},"canonical":"https:\/\/mivoot.com\/gt\/producto\/impresora-multifuncional-epson-ecotank-l8180\/","og_locale":"es_ES","og_type":"article","og_title":"Impresora Fotogr\u00e1fica Multifuncional EcoTank L8180 Epson","og_description":"- Pantalla: LCD 1,44 pulgadas. - Impresi\u00f3n a doble cara autom\u00e1tica, intercalar. - Modo silencioso de impresi\u00f3n. - Multifuncional inal\u00e1mbrico en blanco y negro con calidad profesional. - Capacidad de imprimir miles de p\u00e1ginas. - Imprime y haz fotocopias de alta calidad r\u00e1pidamente. - Tanques de tinta que se pueden rellenar f\u00e1cilmente. - Epson Connect - Imprime y comparte tus archivos desde cualquier lugar. - Tecnolog\u00eda de Impresi\u00f3n: Inyecci\u00f3n de tinta PrecisionCore\u00ae monocrom\u00e1tica optimizada. - Tama\u00f1o M\u00ednimo de la Gota de Tinta: 2,8 picolitros con tecnolog\u00eda de gotas de tinta de tama\u00f1o variable. - Resoluci\u00f3n M\u00e1xima de Impresi\u00f3n: 1200 dpi x 2400 dpi.","og_url":"https:\/\/mivoot.com\/gt\/producto\/impresora-multifuncional-epson-ecotank-l8180\/","og_site_name":"Mivoot","article_publisher":"https:\/\/www.facebook.com\/mivootgt","article_modified_time":"2026-02-12T18:37:17+00:00","og_image":[{"width":750,"height":750,"url":"https:\/\/mivoot.com\/gt\/wp-content\/uploads\/2024\/01\/ha.png","type":"image\/png"}],"twitter_card":"summary_large_image","twitter_misc":{"Est. reading time":"5 minutos"},"schema":{"@context":"https:\/\/schema.org","@graph":[{"@type":"WebPage","@id":"https:\/\/mivoot.com\/gt\/producto\/impresora-multifuncional-epson-ecotank-l8180\/","url":"https:\/\/mivoot.com\/gt\/producto\/impresora-multifuncional-epson-ecotank-l8180\/","name":"Impresora Fotogr\u00e1fica Multifuncional EcoTank L8180 Epson - Mivoot","isPartOf":{"@id":"https:\/\/mivoot.com\/gt\/#website"},"primaryImageOfPage":{"@id":"https:\/\/mivoot.com\/gt\/producto\/impresora-multifuncional-epson-ecotank-l8180\/#primaryimage"},"image":{"@id":"https:\/\/mivoot.com\/gt\/producto\/impresora-multifuncional-epson-ecotank-l8180\/#primaryimage"},"thumbnailUrl":"https:\/\/mivoot.com\/gt\/wp-content\/uploads\/2024\/01\/ha.png","datePublished":"2024-01-20T04:26:58+00:00","dateModified":"2026-02-12T18:37:17+00:00","breadcrumb":{"@id":"https:\/\/mivoot.com\/gt\/producto\/impresora-multifuncional-epson-ecotank-l8180\/#breadcrumb"},"inLanguage":"es","potentialAction":[{"@type":"ReadAction","target":["https:\/\/mivoot.com\/gt\/producto\/impresora-multifuncional-epson-ecotank-l8180\/"]}]},{"@type":"ImageObject","inLanguage":"es","@id":"https:\/\/mivoot.com\/gt\/producto\/impresora-multifuncional-epson-ecotank-l8180\/#primaryimage","url":"https:\/\/mivoot.com\/gt\/wp-content\/uploads\/2024\/01\/ha.png","contentUrl":"https:\/\/mivoot.com\/gt\/wp-content\/uploads\/2024\/01\/ha.png","width":750,"height":750},{"@type":"BreadcrumbList","@id":"https:\/\/mivoot.com\/gt\/producto\/impresora-multifuncional-epson-ecotank-l8180\/#breadcrumb","itemListElement":[{"@type":"ListItem","position":1,"name":"Inicio","item":"https:\/\/mivoot.com\/gt\/"},{"@type":"ListItem","position":2,"name":"Productos","item":"https:\/\/mivoot.com\/gt\/producto\/"},{"@type":"ListItem","position":3,"name":"Epson","item":"https:\/\/mivoot.com\/gt\/marca\/epson\/"},{"@type":"ListItem","position":4,"name":"Impresora Fotogr\u00e1fica Multifuncional EcoTank L8180 Epson"}]},{"@type":"WebSite","@id":"https:\/\/mivoot.com\/gt\/#website","url":"https:\/\/mivoot.com\/gt\/","name":"Mivoot","description":"Mivoot Guatemala | Tienda Online","publisher":{"@id":"https:\/\/mivoot.com\/gt\/#organization"},"alternateName":"mivoot","potentialAction":[{"@type":"SearchAction","target":{"@type":"EntryPoint","urlTemplate":"https:\/\/mivoot.com\/gt\/?s={search_term_string}"},"query-input":{"@type":"PropertyValueSpecification","valueRequired":true,"valueName":"search_term_string"}}],"inLanguage":"es"},{"@type":"Organization","@id":"https:\/\/mivoot.com\/gt\/#organization","name":"Mivoot Guatemala","alternateName":"mivoot.com","url":"https:\/\/mivoot.com\/gt\/","logo":{"@type":"ImageObject","inLanguage":"es","@id":"https:\/\/mivoot.com\/gt\/#\/schema\/logo\/image\/","url":"https:\/\/mivoot.com\/gt\/wp-content\/uploads\/2023\/03\/cropped-icon.png","contentUrl":"https:\/\/mivoot.com\/gt\/wp-content\/uploads\/2023\/03\/cropped-icon.png","width":512,"height":512,"caption":"Mivoot Guatemala"},"image":{"@id":"https:\/\/mivoot.com\/gt\/#\/schema\/logo\/image\/"},"sameAs":["https:\/\/www.facebook.com\/mivootgt","https:\/\/instagram.com\/mivoot"]}]}},"jetpack_publicize_connections":[],"jetpack_sharing_enabled":true,"brands":[{"id":188,"name":"Epson","slug":"epson"}],"_links":{"self":[{"href":"https:\/\/mivoot.com\/gt\/wp-json\/wp\/v2\/product\/17880","targetHints":{"allow":["GET"]}}],"collection":[{"href":"https:\/\/mivoot.com\/gt\/wp-json\/wp\/v2\/product"}],"about":[{"href":"https:\/\/mivoot.com\/gt\/wp-json\/wp\/v2\/types\/product"}],"replies":[{"embeddable":true,"href":"https:\/\/mivoot.com\/gt\/wp-json\/wp\/v2\/comments?post=17880"}],"version-history":[{"count":6,"href":"https:\/\/mivoot.com\/gt\/wp-json\/wp\/v2\/product\/17880\/revisions"}],"predecessor-version":[{"id":32132,"href":"https:\/\/mivoot.com\/gt\/wp-json\/wp\/v2\/product\/17880\/revisions\/32132"}],"wp:featuredmedia":[{"embeddable":true,"href":"https:\/\/mivoot.com\/gt\/wp-json\/wp\/v2\/media\/17890"}],"wp:attachment":[{"href":"https:\/\/mivoot.com\/gt\/wp-json\/wp\/v2\/media?parent=17880"}],"wp:term":[{"taxonomy":"pwb-brand","embeddable":true,"href":"https:\/\/mivoot.com\/gt\/wp-json\/wp\/v2\/pwb-brand?post=17880"},{"taxonomy":"product_brand","embeddable":true,"href":"https:\/\/mivoot.com\/gt\/wp-json\/wp\/v2\/product_brand?post=17880"},{"taxonomy":"product_cat","embeddable":true,"href":"https:\/\/mivoot.com\/gt\/wp-json\/wp\/v2\/product_cat?post=17880"},{"taxonomy":"product_tag","embeddable":true,"href":"https:\/\/mivoot.com\/gt\/wp-json\/wp\/v2\/product_tag?post=17880"}],"curies":[{"name":"wp","href":"https:\/\/api.w.org\/{rel}","templated":true}]}}