{"id":17894,"date":"2024-01-20T21:18:12","date_gmt":"2024-01-21T03:18:12","guid":{"rendered":"https:\/\/mivoot.com\/gt\/?post_type=product&#038;p=17894"},"modified":"2025-07-02T11:57:19","modified_gmt":"2025-07-02T17:57:19","slug":"ventilador-de-torre-38-con-control-remoto-omnibreeze","status":"publish","type":"product","link":"https:\/\/mivoot.com\/gt\/producto\/ventilador-de-torre-38-con-control-remoto-omnibreeze\/","title":{"rendered":"Ventilador de Torre 38&#8243; con Control Remoto OmniBreeze"},"content":{"rendered":"<p><img decoding=\"async\" src=\"https:\/\/m.media-amazon.com\/images\/S\/aplus-media-library-service-media\/ce8a999c-ceb1-4396-aefd-9ae04f4bab7e.__CR0,5,1201,360_PT0_SX600_V1___.jpg\" alt=\"LOGO\" \/><\/p>\n<p>Eleva tu experiencia de frescura con el ventilador de torre OmniBreeze de 38\u201d (96.52 cm). Con 4 ajustes de velocidad y 4 modos de brisa, personaliza tu ambiente al detalle.<\/p>\n<p>\u00a1Adi\u00f3s a las conjeturas! Su sensor de termostato y visualizaci\u00f3n de temperatura ambiente te brindan informaci\u00f3n precisa. Navega por sus funciones con el panel t\u00e1ctil digital y disfruta de la comodidad del control remoto. \u00bfTe preocupa el tiempo? Configura su temporizador hasta por 12 horas.<\/p>\n<p>La oscilaci\u00f3n interior distribuye la brisa uniformemente, y lo mejor: \u00a1su montaje es sin herramientas! Y si buscas tranquilidad, activa la opci\u00f3n para silenciar el sonido. Con OmniBreeze, tu bienestar es solo un toque de distancia<\/p>\n<ul class=\"a-unordered-list a-vertical a-spacing-mini\">\n<li class=\"a-spacing-mini\"><span class=\"a-list-item\">Opci\u00f3n de 4 velocidades de ventilador: ultrasilencioso, bajo, medio y alto.\u00a0Los clientes pueden disfrutar de diferentes variaciones de flujo de aire para satisfacer la necesidad de refrigeraci\u00f3n deseada.<\/span><\/li>\n<li class=\"a-spacing-mini\"><span class=\"a-list-item\">F\u00e1cil montaje: el producto est\u00e1 dise\u00f1ado con un montaje sencillo, se quit\u00f3 el cuerpo principal, las dos partes de la base y la contratuerca. Simplemente afloje la contratuerca y monte las dos partes de la base con el cuerpo principal.\u00a0Se podr\u00eda montar en 30 segundos.<\/span><\/li>\n<li class=\"a-spacing-mini\"><span class=\"a-list-item\">Oscilaci\u00f3n autom\u00e1tica: el \u00e1ngulo m\u00e1s amplio ofrece frescura en toda la habitaci\u00f3n<\/span><\/li>\n<li class=\"a-spacing-mini\"><span class=\"a-list-item\">Funci\u00f3n de silencio y visualizaci\u00f3n desactivada: OmniBreeze se ocupa de todas las necesidades de los consumidores.\u00a0Cuando tiene un beb\u00e9 en la habitaci\u00f3n, cuando hay gente durmiendo, puede configurarlo en silencio para ajustar la configuraci\u00f3n y apagarlo para evitar demasiadas luces por la noche.<\/span><\/li>\n<\/ul>\n<h3 class=\"a-spacing-mini\">Dise\u00f1o humanizado<\/h3>\n<p>OmniBreeze tiene la intenci\u00f3n de atender las necesidades de los consumidores.\u00a0Puedes silenciarlo cuando duermes, no habr\u00e1 sonidos que molesten a tu miel en mitad de la noche y la pantalla se apagar\u00e1 autom\u00e1ticamente para que no est\u00e9 demasiado iluminada.\u00a0Temporizador de 12 horas para apagarlo mientras duermes.<\/p>\n<p><img fetchpriority=\"high\" decoding=\"async\" class=\"size-full wp-image-17897 aligncenter\" src=\"https:\/\/mivoot.com\/gt\/wp-content\/uploads\/2024\/01\/omin3.webp\" alt=\"\" width=\"640\" height=\"640\" srcset=\"https:\/\/mivoot.com\/gt\/wp-content\/uploads\/2024\/01\/omin3.webp 640w, https:\/\/mivoot.com\/gt\/wp-content\/uploads\/2024\/01\/omin3-250x250.webp 250w, https:\/\/mivoot.com\/gt\/wp-content\/uploads\/2024\/01\/omin3-100x100.webp 100w, https:\/\/mivoot.com\/gt\/wp-content\/uploads\/2024\/01\/omin3-410x410.webp 410w, https:\/\/mivoot.com\/gt\/wp-content\/uploads\/2024\/01\/omin3-64x64.webp 64w, https:\/\/mivoot.com\/gt\/wp-content\/uploads\/2024\/01\/omin3-300x300.webp 300w, https:\/\/mivoot.com\/gt\/wp-content\/uploads\/2024\/01\/omin3-150x150.webp 150w, https:\/\/mivoot.com\/gt\/wp-content\/uploads\/2024\/01\/omin3-600x600.webp 600w, https:\/\/mivoot.com\/gt\/wp-content\/uploads\/2024\/01\/omin3-50x50.webp 50w\" sizes=\"(max-width: 640px) 100vw, 640px\" \/><\/p>\n<h3 class=\"a-spacing-mini\">Triple Seguridad<\/h3>\n<ul class=\"a-unordered-list a-vertical\">\n<li><span class=\"a-list-item\">Listado ETL, pasa la prueba de seguridad UL507.<\/span><\/li>\n<li><span class=\"a-list-item\">Enchufe de seguridad fusionado<\/span><\/li>\n<li><span class=\"a-list-item\">Rejilla de seguridad<\/span><\/li>\n<\/ul>\n<h3 class=\"a-spacing-mini\">Operaci\u00f3n silenciosa<\/h3>\n<p>El producto funciona en silencio, con un ruido m\u00e1ximo de 52 dB.\u00a0Prefecto para dormir o leer.<\/p>\n<p><img decoding=\"async\" class=\"size-full wp-image-17905 aligncenter\" src=\"https:\/\/mivoot.com\/gt\/wp-content\/uploads\/2024\/01\/omni2.webp\" alt=\"\" width=\"640\" height=\"640\" srcset=\"https:\/\/mivoot.com\/gt\/wp-content\/uploads\/2024\/01\/omni2.webp 640w, https:\/\/mivoot.com\/gt\/wp-content\/uploads\/2024\/01\/omni2-250x250.webp 250w, https:\/\/mivoot.com\/gt\/wp-content\/uploads\/2024\/01\/omni2-100x100.webp 100w, https:\/\/mivoot.com\/gt\/wp-content\/uploads\/2024\/01\/omni2-410x410.webp 410w, https:\/\/mivoot.com\/gt\/wp-content\/uploads\/2024\/01\/omni2-64x64.webp 64w, https:\/\/mivoot.com\/gt\/wp-content\/uploads\/2024\/01\/omni2-300x300.webp 300w, https:\/\/mivoot.com\/gt\/wp-content\/uploads\/2024\/01\/omni2-150x150.webp 150w, https:\/\/mivoot.com\/gt\/wp-content\/uploads\/2024\/01\/omni2-600x600.webp 600w, https:\/\/mivoot.com\/gt\/wp-content\/uploads\/2024\/01\/omni2-50x50.webp 50w\" sizes=\"(max-width: 640px) 100vw, 640px\" \/><\/p>\n","protected":false},"excerpt":{"rendered":"<p>&#8211; 4 Velocidades<br \/>\n&#8211; 4 Modos de Brisa<br \/>\n&#8211; Control Remoto<br \/>\n&#8211; Pantalla de temperatura<br \/>\n&#8211; Temporizador hasta 12hrs<br \/>\n&#8211; Oscilaci\u00f3n interna<br \/>\n&#8211; Silencioso<br \/>\n&#8211; Oscilante<\/p>\n<p>Dimensiones del producto ensamblado (largo x ancho x alto)<br \/>\n11,40 x 11,40 x 36,00 pulgadas<\/p>\n","protected":false},"featured_media":17898,"comment_status":"open","ping_status":"closed","template":"","meta":{"jetpack_publicize_message":"","jetpack_publicize_feature_enabled":true,"jetpack_social_post_already_shared":true,"jetpack_social_options":{"image_generator_settings":{"template":"highway","default_image_id":0,"font":"","enabled":false},"version":2}},"pwb-brand":[507],"product_brand":[],"product_cat":[289],"product_tag":[],"class_list":{"0":"post-17894","1":"product","2":"type-product","3":"status-publish","4":"has-post-thumbnail","6":"pwb-brand-omnibreeze","7":"product_cat-ventiladores-2","8":"product_shipping_class-cargo-expreso","10":"first","11":"instock","12":"sale","13":"taxable","14":"shipping-taxable","15":"purchasable","16":"product-type-simple"},"yoast_head":"<!-- This site is optimized with the Yoast SEO Premium plugin v25.7.1 (Yoast SEO v26.8) - https:\/\/yoast.com\/product\/yoast-seo-premium-wordpress\/ -->\n<title>Ventilador de Torre 38&quot; con Control Remoto OmniBreeze - Mivoot<\/title>\n<meta name=\"robots\" content=\"index, follow, max-snippet:-1, max-image-preview:large, max-video-preview:-1\" \/>\n<link rel=\"canonical\" href=\"https:\/\/mivoot.com\/gt\/producto\/ventilador-de-torre-38-con-control-remoto-omnibreeze\/\" \/>\n<meta property=\"og:locale\" content=\"es_ES\" \/>\n<meta property=\"og:type\" content=\"article\" \/>\n<meta property=\"og:title\" content=\"Ventilador de Torre 38&quot; con Control Remoto OmniBreeze\" \/>\n<meta property=\"og:description\" content=\"- 4 Velocidades - 4 Modos de Brisa - Control Remoto - Pantalla de temperatura - Temporizador hasta 12hrs - Oscilaci\u00f3n interna - Silencioso - Oscilante  Dimensiones del producto ensamblado (largo x ancho x alto) 11,40 x 11,40 x 36,00 pulgadas\" \/>\n<meta property=\"og:url\" content=\"https:\/\/mivoot.com\/gt\/producto\/ventilador-de-torre-38-con-control-remoto-omnibreeze\/\" \/>\n<meta property=\"og:site_name\" content=\"Mivoot\" \/>\n<meta property=\"article:publisher\" content=\"https:\/\/www.facebook.com\/mivootgt\" \/>\n<meta property=\"article:modified_time\" content=\"2025-07-02T17:57:19+00:00\" \/>\n<meta property=\"og:image\" content=\"https:\/\/mivoot.com\/gt\/wp-content\/uploads\/2024\/01\/omin5.jpg\" \/>\n\t<meta property=\"og:image:width\" content=\"500\" \/>\n\t<meta property=\"og:image:height\" content=\"500\" \/>\n\t<meta property=\"og:image:type\" content=\"image\/jpeg\" \/>\n<meta name=\"twitter:card\" content=\"summary_large_image\" \/>\n<meta name=\"twitter:label1\" content=\"Est. reading time\" \/>\n\t<meta name=\"twitter:data1\" content=\"3 minutos\" \/>\n<script type=\"application\/ld+json\" class=\"yoast-schema-graph\">{\"@context\":\"https:\/\/schema.org\",\"@graph\":[{\"@type\":\"WebPage\",\"@id\":\"https:\/\/mivoot.com\/gt\/producto\/ventilador-de-torre-38-con-control-remoto-omnibreeze\/\",\"url\":\"https:\/\/mivoot.com\/gt\/producto\/ventilador-de-torre-38-con-control-remoto-omnibreeze\/\",\"name\":\"Ventilador de Torre 38\\\" con Control Remoto OmniBreeze - Mivoot\",\"isPartOf\":{\"@id\":\"https:\/\/mivoot.com\/gt\/#website\"},\"primaryImageOfPage\":{\"@id\":\"https:\/\/mivoot.com\/gt\/producto\/ventilador-de-torre-38-con-control-remoto-omnibreeze\/#primaryimage\"},\"image\":{\"@id\":\"https:\/\/mivoot.com\/gt\/producto\/ventilador-de-torre-38-con-control-remoto-omnibreeze\/#primaryimage\"},\"thumbnailUrl\":\"https:\/\/mivoot.com\/gt\/wp-content\/uploads\/2024\/01\/omin5.jpg\",\"datePublished\":\"2024-01-21T03:18:12+00:00\",\"dateModified\":\"2025-07-02T17:57:19+00:00\",\"breadcrumb\":{\"@id\":\"https:\/\/mivoot.com\/gt\/producto\/ventilador-de-torre-38-con-control-remoto-omnibreeze\/#breadcrumb\"},\"inLanguage\":\"es\",\"potentialAction\":[{\"@type\":\"ReadAction\",\"target\":[\"https:\/\/mivoot.com\/gt\/producto\/ventilador-de-torre-38-con-control-remoto-omnibreeze\/\"]}]},{\"@type\":\"ImageObject\",\"inLanguage\":\"es\",\"@id\":\"https:\/\/mivoot.com\/gt\/producto\/ventilador-de-torre-38-con-control-remoto-omnibreeze\/#primaryimage\",\"url\":\"https:\/\/mivoot.com\/gt\/wp-content\/uploads\/2024\/01\/omin5.jpg\",\"contentUrl\":\"https:\/\/mivoot.com\/gt\/wp-content\/uploads\/2024\/01\/omin5.jpg\",\"width\":500,\"height\":500},{\"@type\":\"BreadcrumbList\",\"@id\":\"https:\/\/mivoot.com\/gt\/producto\/ventilador-de-torre-38-con-control-remoto-omnibreeze\/#breadcrumb\",\"itemListElement\":[{\"@type\":\"ListItem\",\"position\":1,\"name\":\"Inicio\",\"item\":\"https:\/\/mivoot.com\/gt\/\"},{\"@type\":\"ListItem\",\"position\":2,\"name\":\"Productos\",\"item\":\"https:\/\/mivoot.com\/gt\/producto\/\"},{\"@type\":\"ListItem\",\"position\":3,\"name\":\"OmniBreeze\",\"item\":\"https:\/\/mivoot.com\/gt\/marca\/omnibreeze\/\"},{\"@type\":\"ListItem\",\"position\":4,\"name\":\"Ventilador de Torre 38&#8243; con Control Remoto OmniBreeze\"}]},{\"@type\":\"WebSite\",\"@id\":\"https:\/\/mivoot.com\/gt\/#website\",\"url\":\"https:\/\/mivoot.com\/gt\/\",\"name\":\"Mivoot\",\"description\":\"Mivoot Guatemala | Tienda Online\",\"publisher\":{\"@id\":\"https:\/\/mivoot.com\/gt\/#organization\"},\"alternateName\":\"mivoot\",\"potentialAction\":[{\"@type\":\"SearchAction\",\"target\":{\"@type\":\"EntryPoint\",\"urlTemplate\":\"https:\/\/mivoot.com\/gt\/?s={search_term_string}\"},\"query-input\":{\"@type\":\"PropertyValueSpecification\",\"valueRequired\":true,\"valueName\":\"search_term_string\"}}],\"inLanguage\":\"es\"},{\"@type\":\"Organization\",\"@id\":\"https:\/\/mivoot.com\/gt\/#organization\",\"name\":\"Mivoot Guatemala\",\"alternateName\":\"mivoot.com\",\"url\":\"https:\/\/mivoot.com\/gt\/\",\"logo\":{\"@type\":\"ImageObject\",\"inLanguage\":\"es\",\"@id\":\"https:\/\/mivoot.com\/gt\/#\/schema\/logo\/image\/\",\"url\":\"https:\/\/mivoot.com\/gt\/wp-content\/uploads\/2023\/03\/cropped-icon.png\",\"contentUrl\":\"https:\/\/mivoot.com\/gt\/wp-content\/uploads\/2023\/03\/cropped-icon.png\",\"width\":512,\"height\":512,\"caption\":\"Mivoot Guatemala\"},\"image\":{\"@id\":\"https:\/\/mivoot.com\/gt\/#\/schema\/logo\/image\/\"},\"sameAs\":[\"https:\/\/www.facebook.com\/mivootgt\",\"https:\/\/instagram.com\/mivoot\"]}]}<\/script>\n<!-- \/ Yoast SEO Premium plugin. -->","yoast_head_json":{"title":"Ventilador de Torre 38\" con Control Remoto OmniBreeze - Mivoot","robots":{"index":"index","follow":"follow","max-snippet":"max-snippet:-1","max-image-preview":"max-image-preview:large","max-video-preview":"max-video-preview:-1"},"canonical":"https:\/\/mivoot.com\/gt\/producto\/ventilador-de-torre-38-con-control-remoto-omnibreeze\/","og_locale":"es_ES","og_type":"article","og_title":"Ventilador de Torre 38\" con Control Remoto OmniBreeze","og_description":"- 4 Velocidades - 4 Modos de Brisa - Control Remoto - Pantalla de temperatura - Temporizador hasta 12hrs - Oscilaci\u00f3n interna - Silencioso - Oscilante  Dimensiones del producto ensamblado (largo x ancho x alto) 11,40 x 11,40 x 36,00 pulgadas","og_url":"https:\/\/mivoot.com\/gt\/producto\/ventilador-de-torre-38-con-control-remoto-omnibreeze\/","og_site_name":"Mivoot","article_publisher":"https:\/\/www.facebook.com\/mivootgt","article_modified_time":"2025-07-02T17:57:19+00:00","og_image":[{"width":500,"height":500,"url":"https:\/\/mivoot.com\/gt\/wp-content\/uploads\/2024\/01\/omin5.jpg","type":"image\/jpeg"}],"twitter_card":"summary_large_image","twitter_misc":{"Est. reading time":"3 minutos"},"schema":{"@context":"https:\/\/schema.org","@graph":[{"@type":"WebPage","@id":"https:\/\/mivoot.com\/gt\/producto\/ventilador-de-torre-38-con-control-remoto-omnibreeze\/","url":"https:\/\/mivoot.com\/gt\/producto\/ventilador-de-torre-38-con-control-remoto-omnibreeze\/","name":"Ventilador de Torre 38\" con Control Remoto OmniBreeze - Mivoot","isPartOf":{"@id":"https:\/\/mivoot.com\/gt\/#website"},"primaryImageOfPage":{"@id":"https:\/\/mivoot.com\/gt\/producto\/ventilador-de-torre-38-con-control-remoto-omnibreeze\/#primaryimage"},"image":{"@id":"https:\/\/mivoot.com\/gt\/producto\/ventilador-de-torre-38-con-control-remoto-omnibreeze\/#primaryimage"},"thumbnailUrl":"https:\/\/mivoot.com\/gt\/wp-content\/uploads\/2024\/01\/omin5.jpg","datePublished":"2024-01-21T03:18:12+00:00","dateModified":"2025-07-02T17:57:19+00:00","breadcrumb":{"@id":"https:\/\/mivoot.com\/gt\/producto\/ventilador-de-torre-38-con-control-remoto-omnibreeze\/#breadcrumb"},"inLanguage":"es","potentialAction":[{"@type":"ReadAction","target":["https:\/\/mivoot.com\/gt\/producto\/ventilador-de-torre-38-con-control-remoto-omnibreeze\/"]}]},{"@type":"ImageObject","inLanguage":"es","@id":"https:\/\/mivoot.com\/gt\/producto\/ventilador-de-torre-38-con-control-remoto-omnibreeze\/#primaryimage","url":"https:\/\/mivoot.com\/gt\/wp-content\/uploads\/2024\/01\/omin5.jpg","contentUrl":"https:\/\/mivoot.com\/gt\/wp-content\/uploads\/2024\/01\/omin5.jpg","width":500,"height":500},{"@type":"BreadcrumbList","@id":"https:\/\/mivoot.com\/gt\/producto\/ventilador-de-torre-38-con-control-remoto-omnibreeze\/#breadcrumb","itemListElement":[{"@type":"ListItem","position":1,"name":"Inicio","item":"https:\/\/mivoot.com\/gt\/"},{"@type":"ListItem","position":2,"name":"Productos","item":"https:\/\/mivoot.com\/gt\/producto\/"},{"@type":"ListItem","position":3,"name":"OmniBreeze","item":"https:\/\/mivoot.com\/gt\/marca\/omnibreeze\/"},{"@type":"ListItem","position":4,"name":"Ventilador de Torre 38&#8243; con Control Remoto OmniBreeze"}]},{"@type":"WebSite","@id":"https:\/\/mivoot.com\/gt\/#website","url":"https:\/\/mivoot.com\/gt\/","name":"Mivoot","description":"Mivoot Guatemala | Tienda Online","publisher":{"@id":"https:\/\/mivoot.com\/gt\/#organization"},"alternateName":"mivoot","potentialAction":[{"@type":"SearchAction","target":{"@type":"EntryPoint","urlTemplate":"https:\/\/mivoot.com\/gt\/?s={search_term_string}"},"query-input":{"@type":"PropertyValueSpecification","valueRequired":true,"valueName":"search_term_string"}}],"inLanguage":"es"},{"@type":"Organization","@id":"https:\/\/mivoot.com\/gt\/#organization","name":"Mivoot Guatemala","alternateName":"mivoot.com","url":"https:\/\/mivoot.com\/gt\/","logo":{"@type":"ImageObject","inLanguage":"es","@id":"https:\/\/mivoot.com\/gt\/#\/schema\/logo\/image\/","url":"https:\/\/mivoot.com\/gt\/wp-content\/uploads\/2023\/03\/cropped-icon.png","contentUrl":"https:\/\/mivoot.com\/gt\/wp-content\/uploads\/2023\/03\/cropped-icon.png","width":512,"height":512,"caption":"Mivoot Guatemala"},"image":{"@id":"https:\/\/mivoot.com\/gt\/#\/schema\/logo\/image\/"},"sameAs":["https:\/\/www.facebook.com\/mivootgt","https:\/\/instagram.com\/mivoot"]}]}},"jetpack_publicize_connections":[],"jetpack_sharing_enabled":true,"brands":[{"id":507,"name":"OmniBreeze","slug":"omnibreeze"}],"_links":{"self":[{"href":"https:\/\/mivoot.com\/gt\/wp-json\/wp\/v2\/product\/17894","targetHints":{"allow":["GET"]}}],"collection":[{"href":"https:\/\/mivoot.com\/gt\/wp-json\/wp\/v2\/product"}],"about":[{"href":"https:\/\/mivoot.com\/gt\/wp-json\/wp\/v2\/types\/product"}],"replies":[{"embeddable":true,"href":"https:\/\/mivoot.com\/gt\/wp-json\/wp\/v2\/comments?post=17894"}],"version-history":[{"count":4,"href":"https:\/\/mivoot.com\/gt\/wp-json\/wp\/v2\/product\/17894\/revisions"}],"predecessor-version":[{"id":18187,"href":"https:\/\/mivoot.com\/gt\/wp-json\/wp\/v2\/product\/17894\/revisions\/18187"}],"wp:featuredmedia":[{"embeddable":true,"href":"https:\/\/mivoot.com\/gt\/wp-json\/wp\/v2\/media\/17898"}],"wp:attachment":[{"href":"https:\/\/mivoot.com\/gt\/wp-json\/wp\/v2\/media?parent=17894"}],"wp:term":[{"taxonomy":"pwb-brand","embeddable":true,"href":"https:\/\/mivoot.com\/gt\/wp-json\/wp\/v2\/pwb-brand?post=17894"},{"taxonomy":"product_brand","embeddable":true,"href":"https:\/\/mivoot.com\/gt\/wp-json\/wp\/v2\/product_brand?post=17894"},{"taxonomy":"product_cat","embeddable":true,"href":"https:\/\/mivoot.com\/gt\/wp-json\/wp\/v2\/product_cat?post=17894"},{"taxonomy":"product_tag","embeddable":true,"href":"https:\/\/mivoot.com\/gt\/wp-json\/wp\/v2\/product_tag?post=17894"}],"curies":[{"name":"wp","href":"https:\/\/api.w.org\/{rel}","templated":true}]}}