{"id":17913,"date":"2024-01-20T21:31:15","date_gmt":"2024-01-21T03:31:15","guid":{"rendered":"https:\/\/mivoot.com\/gt\/?post_type=product&#038;p=17913"},"modified":"2024-01-20T21:31:16","modified_gmt":"2024-01-21T03:31:16","slug":"kit-gaming-de-accesorios-para-nintendo-switch-oled-dreamgear","status":"publish","type":"product","link":"https:\/\/mivoot.com\/gt\/producto\/kit-gaming-de-accesorios-para-nintendo-switch-oled-dreamgear\/","title":{"rendered":"Kit Gaming de Accesorios para Nintendo Switch OLED Dreamgear"},"content":{"rendered":"<h1 id=\"title\" class=\"a-size-large a-spacing-none\"><span id=\"productTitle\" class=\"a-size-large product-title-word-break\"><span>Kit de jugadores para Nintendo Switch OLED: <\/span><\/span><\/h1>\n<h3 class=\"a-size-large a-spacing-none\"><span id=\"productTitle\" class=\"a-size-large product-title-word-break\"><span>auriculares para juegos con cable con controladores de 50 mm, (2) protectores de pantalla, agarre ergon\u00f3mico, estuche de viaje Switch OLED, agarres Joy-Con y cargador para autom\u00f3vil<\/span><\/span><\/h3>\n<ul>\n<li>Los auriculares para juegos incluyen controladores de 50 mm que brindan un sonido de juego explosivo.<\/li>\n<li>El Comfort Grip presenta un dise\u00f1o ergon\u00f3mico y ofrece acolchado adicional para m\u00e1xima protecci\u00f3n.<\/li>\n<li>El estuche de viaje protege y sostiene su Nintendo Switch &#8211; OLED y accesorios.<\/li>\n<li>Las empu\u00f1aduras del controlador Joy-Con(R) ofrecen un dise\u00f1o ergon\u00f3mico con una construcci\u00f3n duradera que mejora el agarre.<\/li>\n<li>El cargador para autom\u00f3vil permite una carga r\u00e1pida sobre la marcha para su Nintendo Switch &#8211; OLED<\/li>\n<li class=\"a-spacing-mini\"><span class=\"a-list-item\"><span><span>Incluye Comfort Grip, estuche de viaje, 2 agarres para el controlador Joy-con, auriculares para juegos, cargador para autom\u00f3vil con cable, 2 protectores de pantalla, pa\u00f1o de limpieza y escobilla de goma.<\/span><\/span><\/span><\/li>\n<\/ul>\n<p><img fetchpriority=\"high\" decoding=\"async\" class=\"alignnone size-full wp-image-17915\" src=\"https:\/\/mivoot.com\/gt\/wp-content\/uploads\/2024\/01\/655439-800-auto.webp\" alt=\"\" width=\"800\" height=\"800\" srcset=\"https:\/\/mivoot.com\/gt\/wp-content\/uploads\/2024\/01\/655439-800-auto.webp 800w, https:\/\/mivoot.com\/gt\/wp-content\/uploads\/2024\/01\/655439-800-auto-250x250.webp 250w, https:\/\/mivoot.com\/gt\/wp-content\/uploads\/2024\/01\/655439-800-auto-100x100.webp 100w, https:\/\/mivoot.com\/gt\/wp-content\/uploads\/2024\/01\/655439-800-auto-410x410.webp 410w, https:\/\/mivoot.com\/gt\/wp-content\/uploads\/2024\/01\/655439-800-auto-64x64.webp 64w, https:\/\/mivoot.com\/gt\/wp-content\/uploads\/2024\/01\/655439-800-auto-300x300.webp 300w, https:\/\/mivoot.com\/gt\/wp-content\/uploads\/2024\/01\/655439-800-auto-150x150.webp 150w, https:\/\/mivoot.com\/gt\/wp-content\/uploads\/2024\/01\/655439-800-auto-768x768.webp 768w, https:\/\/mivoot.com\/gt\/wp-content\/uploads\/2024\/01\/655439-800-auto-600x600.webp 600w, https:\/\/mivoot.com\/gt\/wp-content\/uploads\/2024\/01\/655439-800-auto-50x50.webp 50w\" sizes=\"(max-width: 800px) 100vw, 800px\" \/><\/p>\n","protected":false},"excerpt":{"rendered":"<p>&#8211; Todo lo necesario para tu Nintendo Switch<br \/>\n&#8211; Comienza a jugar con una grna variedad de accesorios<br \/>\n&#8211; Excelente calidad de art\u00edculos<br \/>\n&#8211; Juega, carga, viaja y escucha<br \/>\n&#8211; 2 protectores para controles<br \/>\n&#8211; cargador para carro<br \/>\n&#8211; estuche de viaje<br \/>\n&#8211; 2 tapas de joystick<br \/>\n&#8211; aud\u00edfonos de diadema<br \/>\n&#8211; 2 protector de pantalla.<br \/>\n&#8211; pr\u00e1ctico pa\u00f1o de limpieza<\/p>\n","protected":false},"featured_media":17918,"comment_status":"open","ping_status":"closed","template":"","meta":{"jetpack_publicize_message":"","jetpack_publicize_feature_enabled":true,"jetpack_social_post_already_shared":true,"jetpack_social_options":{"image_generator_settings":{"template":"highway","default_image_id":0,"font":"","enabled":false},"version":2}},"pwb-brand":[508],"product_brand":[],"product_cat":[42],"product_tag":[],"class_list":{"0":"post-17913","1":"product","2":"type-product","3":"status-publish","4":"has-post-thumbnail","6":"pwb-brand-dreamgear","7":"product_cat-accesorios","9":"first","10":"instock","11":"taxable","12":"shipping-taxable","13":"purchasable","14":"product-type-simple"},"yoast_head":"<!-- This site is optimized with the Yoast SEO Premium plugin v25.7.1 (Yoast SEO v26.8) - https:\/\/yoast.com\/product\/yoast-seo-premium-wordpress\/ -->\n<title>Kit Gaming de Accesorios para Nintendo Switch OLED Dreamgear - Mivoot<\/title>\n<meta name=\"robots\" content=\"index, follow, max-snippet:-1, max-image-preview:large, max-video-preview:-1\" \/>\n<link rel=\"canonical\" href=\"https:\/\/mivoot.com\/gt\/producto\/kit-gaming-de-accesorios-para-nintendo-switch-oled-dreamgear\/\" \/>\n<meta property=\"og:locale\" content=\"es_ES\" \/>\n<meta property=\"og:type\" content=\"article\" \/>\n<meta property=\"og:title\" content=\"Kit Gaming de Accesorios para Nintendo Switch OLED Dreamgear\" \/>\n<meta property=\"og:description\" content=\"- Todo lo necesario para tu Nintendo Switch - Comienza a jugar con una grna variedad de accesorios - Excelente calidad de art\u00edculos - Juega, carga, viaja y escucha - 2 protectores para controles - cargador para carro - estuche de viaje - 2 tapas de joystick - aud\u00edfonos de diadema - 2 protector de pantalla. - pr\u00e1ctico pa\u00f1o de limpieza\" \/>\n<meta property=\"og:url\" content=\"https:\/\/mivoot.com\/gt\/producto\/kit-gaming-de-accesorios-para-nintendo-switch-oled-dreamgear\/\" \/>\n<meta property=\"og:site_name\" content=\"Mivoot\" \/>\n<meta property=\"article:publisher\" content=\"https:\/\/www.facebook.com\/mivootgt\" \/>\n<meta property=\"article:modified_time\" content=\"2024-01-21T03:31:16+00:00\" \/>\n<meta property=\"og:image\" content=\"https:\/\/mivoot.com\/gt\/wp-content\/uploads\/2024\/01\/descarga.jpeg\" \/>\n\t<meta property=\"og:image:width\" content=\"225\" \/>\n\t<meta property=\"og:image:height\" content=\"225\" \/>\n\t<meta property=\"og:image:type\" content=\"image\/jpeg\" \/>\n<meta name=\"twitter:card\" content=\"summary_large_image\" \/>\n<meta name=\"twitter:label1\" content=\"Est. reading time\" \/>\n\t<meta name=\"twitter:data1\" content=\"1 minuto\" \/>\n<script type=\"application\/ld+json\" class=\"yoast-schema-graph\">{\"@context\":\"https:\/\/schema.org\",\"@graph\":[{\"@type\":\"WebPage\",\"@id\":\"https:\/\/mivoot.com\/gt\/producto\/kit-gaming-de-accesorios-para-nintendo-switch-oled-dreamgear\/\",\"url\":\"https:\/\/mivoot.com\/gt\/producto\/kit-gaming-de-accesorios-para-nintendo-switch-oled-dreamgear\/\",\"name\":\"Kit Gaming de Accesorios para Nintendo Switch OLED Dreamgear - Mivoot\",\"isPartOf\":{\"@id\":\"https:\/\/mivoot.com\/gt\/#website\"},\"primaryImageOfPage\":{\"@id\":\"https:\/\/mivoot.com\/gt\/producto\/kit-gaming-de-accesorios-para-nintendo-switch-oled-dreamgear\/#primaryimage\"},\"image\":{\"@id\":\"https:\/\/mivoot.com\/gt\/producto\/kit-gaming-de-accesorios-para-nintendo-switch-oled-dreamgear\/#primaryimage\"},\"thumbnailUrl\":\"https:\/\/mivoot.com\/gt\/wp-content\/uploads\/2024\/01\/descarga.jpeg\",\"datePublished\":\"2024-01-21T03:31:15+00:00\",\"dateModified\":\"2024-01-21T03:31:16+00:00\",\"breadcrumb\":{\"@id\":\"https:\/\/mivoot.com\/gt\/producto\/kit-gaming-de-accesorios-para-nintendo-switch-oled-dreamgear\/#breadcrumb\"},\"inLanguage\":\"es\",\"potentialAction\":[{\"@type\":\"ReadAction\",\"target\":[\"https:\/\/mivoot.com\/gt\/producto\/kit-gaming-de-accesorios-para-nintendo-switch-oled-dreamgear\/\"]}]},{\"@type\":\"ImageObject\",\"inLanguage\":\"es\",\"@id\":\"https:\/\/mivoot.com\/gt\/producto\/kit-gaming-de-accesorios-para-nintendo-switch-oled-dreamgear\/#primaryimage\",\"url\":\"https:\/\/mivoot.com\/gt\/wp-content\/uploads\/2024\/01\/descarga.jpeg\",\"contentUrl\":\"https:\/\/mivoot.com\/gt\/wp-content\/uploads\/2024\/01\/descarga.jpeg\",\"width\":225,\"height\":225},{\"@type\":\"BreadcrumbList\",\"@id\":\"https:\/\/mivoot.com\/gt\/producto\/kit-gaming-de-accesorios-para-nintendo-switch-oled-dreamgear\/#breadcrumb\",\"itemListElement\":[{\"@type\":\"ListItem\",\"position\":1,\"name\":\"Inicio\",\"item\":\"https:\/\/mivoot.com\/gt\/\"},{\"@type\":\"ListItem\",\"position\":2,\"name\":\"Productos\",\"item\":\"https:\/\/mivoot.com\/gt\/producto\/\"},{\"@type\":\"ListItem\",\"position\":3,\"name\":\"Dreamgear\",\"item\":\"https:\/\/mivoot.com\/gt\/marca\/dreamgear\/\"},{\"@type\":\"ListItem\",\"position\":4,\"name\":\"Kit Gaming de Accesorios para Nintendo Switch OLED Dreamgear\"}]},{\"@type\":\"WebSite\",\"@id\":\"https:\/\/mivoot.com\/gt\/#website\",\"url\":\"https:\/\/mivoot.com\/gt\/\",\"name\":\"Mivoot\",\"description\":\"Mivoot Guatemala | Tienda Online\",\"publisher\":{\"@id\":\"https:\/\/mivoot.com\/gt\/#organization\"},\"alternateName\":\"mivoot\",\"potentialAction\":[{\"@type\":\"SearchAction\",\"target\":{\"@type\":\"EntryPoint\",\"urlTemplate\":\"https:\/\/mivoot.com\/gt\/?s={search_term_string}\"},\"query-input\":{\"@type\":\"PropertyValueSpecification\",\"valueRequired\":true,\"valueName\":\"search_term_string\"}}],\"inLanguage\":\"es\"},{\"@type\":\"Organization\",\"@id\":\"https:\/\/mivoot.com\/gt\/#organization\",\"name\":\"Mivoot Guatemala\",\"alternateName\":\"mivoot.com\",\"url\":\"https:\/\/mivoot.com\/gt\/\",\"logo\":{\"@type\":\"ImageObject\",\"inLanguage\":\"es\",\"@id\":\"https:\/\/mivoot.com\/gt\/#\/schema\/logo\/image\/\",\"url\":\"https:\/\/mivoot.com\/gt\/wp-content\/uploads\/2023\/03\/cropped-icon.png\",\"contentUrl\":\"https:\/\/mivoot.com\/gt\/wp-content\/uploads\/2023\/03\/cropped-icon.png\",\"width\":512,\"height\":512,\"caption\":\"Mivoot Guatemala\"},\"image\":{\"@id\":\"https:\/\/mivoot.com\/gt\/#\/schema\/logo\/image\/\"},\"sameAs\":[\"https:\/\/www.facebook.com\/mivootgt\",\"https:\/\/instagram.com\/mivoot\"]}]}<\/script>\n<!-- \/ Yoast SEO Premium plugin. -->","yoast_head_json":{"title":"Kit Gaming de Accesorios para Nintendo Switch OLED Dreamgear - Mivoot","robots":{"index":"index","follow":"follow","max-snippet":"max-snippet:-1","max-image-preview":"max-image-preview:large","max-video-preview":"max-video-preview:-1"},"canonical":"https:\/\/mivoot.com\/gt\/producto\/kit-gaming-de-accesorios-para-nintendo-switch-oled-dreamgear\/","og_locale":"es_ES","og_type":"article","og_title":"Kit Gaming de Accesorios para Nintendo Switch OLED Dreamgear","og_description":"- Todo lo necesario para tu Nintendo Switch - Comienza a jugar con una grna variedad de accesorios - Excelente calidad de art\u00edculos - Juega, carga, viaja y escucha - 2 protectores para controles - cargador para carro - estuche de viaje - 2 tapas de joystick - aud\u00edfonos de diadema - 2 protector de pantalla. - pr\u00e1ctico pa\u00f1o de limpieza","og_url":"https:\/\/mivoot.com\/gt\/producto\/kit-gaming-de-accesorios-para-nintendo-switch-oled-dreamgear\/","og_site_name":"Mivoot","article_publisher":"https:\/\/www.facebook.com\/mivootgt","article_modified_time":"2024-01-21T03:31:16+00:00","og_image":[{"width":225,"height":225,"url":"https:\/\/mivoot.com\/gt\/wp-content\/uploads\/2024\/01\/descarga.jpeg","type":"image\/jpeg"}],"twitter_card":"summary_large_image","twitter_misc":{"Est. reading time":"1 minuto"},"schema":{"@context":"https:\/\/schema.org","@graph":[{"@type":"WebPage","@id":"https:\/\/mivoot.com\/gt\/producto\/kit-gaming-de-accesorios-para-nintendo-switch-oled-dreamgear\/","url":"https:\/\/mivoot.com\/gt\/producto\/kit-gaming-de-accesorios-para-nintendo-switch-oled-dreamgear\/","name":"Kit Gaming de Accesorios para Nintendo Switch OLED Dreamgear - Mivoot","isPartOf":{"@id":"https:\/\/mivoot.com\/gt\/#website"},"primaryImageOfPage":{"@id":"https:\/\/mivoot.com\/gt\/producto\/kit-gaming-de-accesorios-para-nintendo-switch-oled-dreamgear\/#primaryimage"},"image":{"@id":"https:\/\/mivoot.com\/gt\/producto\/kit-gaming-de-accesorios-para-nintendo-switch-oled-dreamgear\/#primaryimage"},"thumbnailUrl":"https:\/\/mivoot.com\/gt\/wp-content\/uploads\/2024\/01\/descarga.jpeg","datePublished":"2024-01-21T03:31:15+00:00","dateModified":"2024-01-21T03:31:16+00:00","breadcrumb":{"@id":"https:\/\/mivoot.com\/gt\/producto\/kit-gaming-de-accesorios-para-nintendo-switch-oled-dreamgear\/#breadcrumb"},"inLanguage":"es","potentialAction":[{"@type":"ReadAction","target":["https:\/\/mivoot.com\/gt\/producto\/kit-gaming-de-accesorios-para-nintendo-switch-oled-dreamgear\/"]}]},{"@type":"ImageObject","inLanguage":"es","@id":"https:\/\/mivoot.com\/gt\/producto\/kit-gaming-de-accesorios-para-nintendo-switch-oled-dreamgear\/#primaryimage","url":"https:\/\/mivoot.com\/gt\/wp-content\/uploads\/2024\/01\/descarga.jpeg","contentUrl":"https:\/\/mivoot.com\/gt\/wp-content\/uploads\/2024\/01\/descarga.jpeg","width":225,"height":225},{"@type":"BreadcrumbList","@id":"https:\/\/mivoot.com\/gt\/producto\/kit-gaming-de-accesorios-para-nintendo-switch-oled-dreamgear\/#breadcrumb","itemListElement":[{"@type":"ListItem","position":1,"name":"Inicio","item":"https:\/\/mivoot.com\/gt\/"},{"@type":"ListItem","position":2,"name":"Productos","item":"https:\/\/mivoot.com\/gt\/producto\/"},{"@type":"ListItem","position":3,"name":"Dreamgear","item":"https:\/\/mivoot.com\/gt\/marca\/dreamgear\/"},{"@type":"ListItem","position":4,"name":"Kit Gaming de Accesorios para Nintendo Switch OLED Dreamgear"}]},{"@type":"WebSite","@id":"https:\/\/mivoot.com\/gt\/#website","url":"https:\/\/mivoot.com\/gt\/","name":"Mivoot","description":"Mivoot Guatemala | Tienda Online","publisher":{"@id":"https:\/\/mivoot.com\/gt\/#organization"},"alternateName":"mivoot","potentialAction":[{"@type":"SearchAction","target":{"@type":"EntryPoint","urlTemplate":"https:\/\/mivoot.com\/gt\/?s={search_term_string}"},"query-input":{"@type":"PropertyValueSpecification","valueRequired":true,"valueName":"search_term_string"}}],"inLanguage":"es"},{"@type":"Organization","@id":"https:\/\/mivoot.com\/gt\/#organization","name":"Mivoot Guatemala","alternateName":"mivoot.com","url":"https:\/\/mivoot.com\/gt\/","logo":{"@type":"ImageObject","inLanguage":"es","@id":"https:\/\/mivoot.com\/gt\/#\/schema\/logo\/image\/","url":"https:\/\/mivoot.com\/gt\/wp-content\/uploads\/2023\/03\/cropped-icon.png","contentUrl":"https:\/\/mivoot.com\/gt\/wp-content\/uploads\/2023\/03\/cropped-icon.png","width":512,"height":512,"caption":"Mivoot Guatemala"},"image":{"@id":"https:\/\/mivoot.com\/gt\/#\/schema\/logo\/image\/"},"sameAs":["https:\/\/www.facebook.com\/mivootgt","https:\/\/instagram.com\/mivoot"]}]}},"jetpack_publicize_connections":[],"jetpack_sharing_enabled":true,"brands":[{"id":508,"name":"Dreamgear","slug":"dreamgear"}],"_links":{"self":[{"href":"https:\/\/mivoot.com\/gt\/wp-json\/wp\/v2\/product\/17913","targetHints":{"allow":["GET"]}}],"collection":[{"href":"https:\/\/mivoot.com\/gt\/wp-json\/wp\/v2\/product"}],"about":[{"href":"https:\/\/mivoot.com\/gt\/wp-json\/wp\/v2\/types\/product"}],"replies":[{"embeddable":true,"href":"https:\/\/mivoot.com\/gt\/wp-json\/wp\/v2\/comments?post=17913"}],"version-history":[{"count":1,"href":"https:\/\/mivoot.com\/gt\/wp-json\/wp\/v2\/product\/17913\/revisions"}],"predecessor-version":[{"id":17923,"href":"https:\/\/mivoot.com\/gt\/wp-json\/wp\/v2\/product\/17913\/revisions\/17923"}],"wp:featuredmedia":[{"embeddable":true,"href":"https:\/\/mivoot.com\/gt\/wp-json\/wp\/v2\/media\/17918"}],"wp:attachment":[{"href":"https:\/\/mivoot.com\/gt\/wp-json\/wp\/v2\/media?parent=17913"}],"wp:term":[{"taxonomy":"pwb-brand","embeddable":true,"href":"https:\/\/mivoot.com\/gt\/wp-json\/wp\/v2\/pwb-brand?post=17913"},{"taxonomy":"product_brand","embeddable":true,"href":"https:\/\/mivoot.com\/gt\/wp-json\/wp\/v2\/product_brand?post=17913"},{"taxonomy":"product_cat","embeddable":true,"href":"https:\/\/mivoot.com\/gt\/wp-json\/wp\/v2\/product_cat?post=17913"},{"taxonomy":"product_tag","embeddable":true,"href":"https:\/\/mivoot.com\/gt\/wp-json\/wp\/v2\/product_tag?post=17913"}],"curies":[{"name":"wp","href":"https:\/\/api.w.org\/{rel}","templated":true}]}}