{"id":18114,"date":"2024-03-08T22:13:42","date_gmt":"2024-03-09T04:13:42","guid":{"rendered":"https:\/\/mivoot.com\/gt\/?post_type=product&#038;p=18114"},"modified":"2026-01-28T15:10:18","modified_gmt":"2026-01-28T21:10:18","slug":"ventilador-de-pared-de-18-con-control-remoto-navia","status":"publish","type":"product","link":"https:\/\/mivoot.com\/gt\/producto\/ventilador-de-pared-de-18-con-control-remoto-navia\/","title":{"rendered":"Ventilador de Pared de 18&#8243; con Control Remoto Navia"},"content":{"rendered":"<p>Experimenta un alivio instant\u00e1neo durante esos d\u00edas c\u00e1lidos y asegura la comodidad de todos en el hogar o la oficina con el Ventilador de Pared Navia de 18\u201d\/46 cm. Con su mando a distancia, disfruta de la comodidad de controlar tu ventilador sin moverte de tu lugar, ideal para esos momentos de relax total.<\/p>\n<p>No m\u00e1s preocupaciones por dejarlo encendido: su temporizador integrado te permite programarlo hasta por 4 horas, garantizando un descanso continuo y libre de interrupciones. Dise\u00f1ado pensando en tus necesidades, el cabezal ofrece un rango de inclinaci\u00f3n de hasta 50 grados, permiti\u00e9ndote dirigir el flujo de aire exactamente donde lo desees. Adem\u00e1s, sus rejillas fabricadas en pl\u00e1stico inoxidable no solo le otorgan un aspecto moderno y estilizado, sino que tambi\u00e9n garantizan una durabilidad y resistencia superior.<\/p>\n<p><span class=\"a-list-item\">Gran desplazamiento de aire 91 m3\/min<\/span><\/p>\n<ul class=\"a-unordered-list a-vertical a-spacing-mini\">\n<li class=\"a-spacing-mini\"><span class=\"a-list-item\">Empotrable en la pared y rejillas de pl\u00e1stico inoxidables<\/span><\/li>\n<li class=\"a-spacing-mini\"><span class=\"a-list-item\">Control remoto para controlar velocidades desde la distancia<\/span><\/li>\n<li class=\"a-spacing-mini\"><span class=\"a-list-item\">Temporizador de 4 horas<\/span><\/li>\n<li class=\"a-spacing-mini\"><span class=\"a-list-item\">Cabezal inclinable que permite m\u00e1s flujo de aire<\/span><\/li>\n<\/ul>\n<div id=\"comp-kkeamjb41\" class=\"KcpHeO tz5f0K comp-kkeamjb41 wixui-rich-text\" data-testid=\"richTextElement\" data-angle=\"0\" data-angle-style-location=\"style\" data-screen-in-hide=\"done\">\n<h3 class=\"font_3 wixui-rich-text__text\"><span class=\"wixui-rich-text__text\"><span class=\"color_23 wixui-rich-text__text\">Dise\u00f1o y Calidad<\/span><\/span><\/h3>\n<\/div>\n<div id=\"comp-kkeamjb61\" class=\"MazNVa comp-kkeamjb61 wixui-image\">\n<div class=\"j7pOnl\" data-testid=\"linkElement\"><img fetchpriority=\"high\" decoding=\"async\" class=\"aligncenter\" src=\"https:\/\/static.wixstatic.com\/media\/376773_7eac1c01861d4beba06e0e70dfbf1c88~mv2.jpg\/v1\/crop\/x_473,y_472,w_3175,h_2115\/fill\/w_680,h_453,al_c,q_80,usm_0.66_1.00_0.01,enc_auto\/CR018P.jpg\" alt=\"CR018P.jpg\" width=\"680\" height=\"453\" \/><\/div>\n<\/div>\n<div id=\"comp-kkeamjbj\" class=\"KcpHeO tz5f0K comp-kkeamjbj wixui-rich-text\" data-testid=\"richTextElement\">\n<p class=\"font_9 wixui-rich-text__text\">Dise\u00f1ado meticulosamente para lograr el m\u00e1ximo desempe\u00f1o y larga duraci\u00f3n. Solo se utilizan materias primas y componentes de la m\u00e1s calidad, brindando el m\u00e1ximo confort para ti.<\/p>\n<div class=\"row\" id=\"row-614824498\">\n<div id=\"col-1245815639\" class=\"col medium-1\/2 large-6\">\n<div class=\"col-inner\">\n<div id=\"comp-kkg4f2he\" class=\"MazNVa comp-kkg4f2he wixui-image\">\n<div class=\"j7pOnl\" data-testid=\"linkElement\"><img decoding=\"async\" src=\"https:\/\/static.wixstatic.com\/media\/376773_a07193c716794bed94cf004e60eaa3d7~mv2.png\/v1\/fill\/w_296,h_179,al_c,q_85,usm_0.66_1.00_0.01,enc_auto\/CR018P-Control-remoto.png\" alt=\"CR018P-Control-remoto.png\" width=\"296\" height=\"179\" \/><\/div>\n<\/div>\n<div id=\"comp-kkeamjb72\" class=\"KcpHeO tz5f0K comp-kkeamjb72 wixui-rich-text\" data-testid=\"richTextElement\">\n<h6 class=\"font_6 wixui-rich-text__text\"><span class=\"wixui-rich-text__text\">Control Remoto<\/span><\/h6>\n<\/div>\n<div id=\"comp-kkeamjb9\" class=\"KcpHeO tz5f0K comp-kkeamjb9 wixui-rich-text\" data-testid=\"richTextElement\">\n<p class=\"font_9 wixui-rich-text__text\">Incluye un control remoto para su manejo a distancia.<\/p>\n<\/div>\n<\/div>\n<\/div>\n<div id=\"col-1213231650\" class=\"col medium-1\/2 large-6\">\n<div class=\"col-inner\">\n<div id=\"comp-kkeamjba\" class=\"MazNVa comp-kkeamjba wixui-image\">\n<div class=\"j7pOnl\" data-testid=\"linkElement\"><img decoding=\"async\" src=\"https:\/\/static.wixstatic.com\/media\/376773_5157921fca0145b5bfdf6ca222c12598~mv2.png\/v1\/fill\/w_321,h_185,al_c,q_85,usm_0.66_1.00_0.01,enc_auto\/CR018P_1%402x.png\" alt=\"CR018P_1@2x.png\" width=\"321\" height=\"185\" \/><\/div>\n<\/div>\n<div id=\"comp-kkeamjbc1\" class=\"KcpHeO tz5f0K comp-kkeamjbc1 wixui-rich-text\" data-testid=\"richTextElement\">\n<h6 class=\"font_6 wixui-rich-text__text\"><span class=\"wixui-rich-text__text\">Operaci\u00f3n Silenciosa<\/span><\/h6>\n<\/div>\n<div id=\"comp-kkeamjbe\" class=\"KcpHeO tz5f0K comp-kkeamjbe wixui-rich-text\" data-testid=\"richTextElement\">\n<p class=\"font_9 wixui-rich-text__text\">Disfruta de un flujo de aire bajo para dormir y relajarte.<\/p>\n<\/div>\n<\/div>\n<\/div>\n<\/div>\n<\/div>\n<div id=\"comp-lhs06tgn3\" class=\"KcpHeO tz5f0K comp-lhs06tgn3 wixui-rich-text\" data-testid=\"richTextElement\">\n<h2 class=\"font_6 wixui-rich-text__text\"><span class=\"wixui-rich-text__text\">Dise\u00f1o<\/span><\/h2>\n<\/div>\n<div id=\"comp-lhs06tgo4\" class=\"KcpHeO tz5f0K comp-lhs06tgo4 wixui-rich-text\" data-testid=\"richTextElement\">\n<ul>\n<li class=\"font_9 wixui-rich-text__text\">Rejilla de 18&#8243;.<\/li>\n<li class=\"font_9 wixui-rich-text__text\">Rejillas totalmente de pl\u00e1stico.<\/li>\n<li class=\"font_9 wixui-rich-text__text\">Con control remoto<\/li>\n<li class=\"font_9 wixui-rich-text__text\">Temporizador de hasta 4 horas<\/li>\n<li class=\"font_9 wixui-rich-text__text\">Panel digital<\/li>\n<li class=\"font_9 wixui-rich-text__text\">3 alabes de dispersi\u00f3n amplia.<\/li>\n<li class=\"font_9 wixui-rich-text__text\">Peso del producto 4.3 kg \/ 9.3 lbs<\/li>\n<\/ul>\n<\/div>\n<div id=\"comp-lhs06tgr1\" class=\"KcpHeO tz5f0K comp-lhs06tgr1 wixui-rich-text\" data-testid=\"richTextElement\">\n<h2 class=\"font_6 wixui-rich-text__text\"><span class=\"wixui-rich-text__text\">Desempe\u00f1o<\/span><\/h2>\n<\/div>\n<div id=\"comp-lhs06tgs4\" class=\"KcpHeO tz5f0K comp-lhs06tgs4 wixui-rich-text\" data-testid=\"richTextElement\">\n<ul>\n<li class=\"font_9 wixui-rich-text__text\">Alto desplazamiento de aire de 91,49 m\u00b3\/min.*<\/li>\n<li class=\"font_9 wixui-rich-text__text\">1,485 RPM<\/li>\n<\/ul>\n<\/div>\n<div id=\"comp-lhs06tgu\" class=\"KcpHeO tz5f0K comp-lhs06tgu wixui-rich-text\" data-testid=\"richTextElement\">\n<h2 class=\"font_6 wixui-rich-text__text\"><span class=\"wixui-rich-text__text\">En la Caja<\/span><\/h2>\n<\/div>\n<div id=\"comp-lhs06tgv1\" class=\"KcpHeO tz5f0K comp-lhs06tgv1 wixui-rich-text\" data-testid=\"richTextElement\">\n<ul>\n<li class=\"font_9 wixui-rich-text__text\">1 Ventilador de Pedestal.<\/li>\n<li class=\"font_9 wixui-rich-text__text\"><span class=\"wixGuard wixui-rich-text__text\">\u200b<\/span>Manual de instrucciones.<\/li>\n<\/ul>\n<\/div>\n","protected":false},"excerpt":{"rendered":"<p>&#8211; Cuenta con un magn\u00edfico desplazamiento de aire.<br \/>\n&#8211; Consumo de s\u00f3lo 80 Watts.<br \/>\n&#8211; Ensamble sin herramientas.<br \/>\n&#8211; Operaci\u00f3n Silenciosa<br \/>\n&#8211; Alto desplazamiento de aire<br \/>\n&#8211; Temporizador 4 Horas<br \/>\n&#8211; Circula el aireen la habitaci\u00f3n<br \/>\n&#8211; Cabezal inclinable que permite mayor flujo de aire<br \/>\n&#8211; Rejillas libres de \u00f3xido.<br \/>\n&#8211; Incluye Control Remoto<\/p>\n","protected":false},"featured_media":18116,"comment_status":"open","ping_status":"closed","template":"","meta":{"jetpack_publicize_message":"","jetpack_publicize_feature_enabled":true,"jetpack_social_post_already_shared":true,"jetpack_social_options":{"image_generator_settings":{"template":"highway","default_image_id":0,"font":"","enabled":false},"version":2}},"pwb-brand":[373],"product_brand":[],"product_cat":[289],"product_tag":[],"class_list":{"0":"post-18114","1":"product","2":"type-product","3":"status-publish","4":"has-post-thumbnail","6":"pwb-brand-navia","7":"product_cat-ventiladores-2","9":"first","10":"instock","11":"sale","12":"taxable","13":"shipping-taxable","14":"purchasable","15":"product-type-simple"},"yoast_head":"<!-- This site is optimized with the Yoast SEO Premium plugin v25.7.1 (Yoast SEO v26.8) - https:\/\/yoast.com\/product\/yoast-seo-premium-wordpress\/ -->\n<title>Ventilador de Pared de 18&quot; con Control Remoto Navia - Mivoot<\/title>\n<meta name=\"robots\" content=\"index, follow, max-snippet:-1, max-image-preview:large, max-video-preview:-1\" \/>\n<link rel=\"canonical\" href=\"https:\/\/mivoot.com\/gt\/producto\/ventilador-de-pared-de-18-con-control-remoto-navia\/\" \/>\n<meta property=\"og:locale\" content=\"es_ES\" \/>\n<meta property=\"og:type\" content=\"article\" \/>\n<meta property=\"og:title\" content=\"Ventilador de Pared de 18&quot; con Control Remoto Navia\" \/>\n<meta property=\"og:description\" content=\"&#8211; Cuenta con un magn\u00edfico desplazamiento de aire. &#8211; Consumo de s\u00f3lo 80 Watts. &#8211; Ensamble sin herramientas. &#8211; Operaci\u00f3n Silenciosa &#8211; Alto desplazamiento de aire &#8211; Temporizador 4 Horas &#8211; Circula el aireen la habitaci\u00f3n &#8211; Cabezal inclinable que permite mayor flujo de aire &#8211; Rejillas libres de \u00f3xido. &#8211; Incluye Control Remoto\" \/>\n<meta property=\"og:url\" content=\"https:\/\/mivoot.com\/gt\/producto\/ventilador-de-pared-de-18-con-control-remoto-navia\/\" \/>\n<meta property=\"og:site_name\" content=\"Mivoot\" \/>\n<meta property=\"article:publisher\" content=\"https:\/\/www.facebook.com\/mivootgt\" \/>\n<meta property=\"article:modified_time\" content=\"2026-01-28T21:10:18+00:00\" \/>\n<meta property=\"og:image\" content=\"https:\/\/mivoot.com\/gt\/wp-content\/uploads\/2024\/03\/NAVIA-CR018P.jpg\" \/>\n\t<meta property=\"og:image:width\" content=\"1181\" \/>\n\t<meta property=\"og:image:height\" content=\"1181\" \/>\n\t<meta property=\"og:image:type\" content=\"image\/jpeg\" \/>\n<meta name=\"twitter:card\" content=\"summary_large_image\" \/>\n<meta name=\"twitter:label1\" content=\"Est. reading time\" \/>\n\t<meta name=\"twitter:data1\" content=\"3 minutos\" \/>\n<script type=\"application\/ld+json\" class=\"yoast-schema-graph\">{\"@context\":\"https:\/\/schema.org\",\"@graph\":[{\"@type\":\"WebPage\",\"@id\":\"https:\/\/mivoot.com\/gt\/producto\/ventilador-de-pared-de-18-con-control-remoto-navia\/\",\"url\":\"https:\/\/mivoot.com\/gt\/producto\/ventilador-de-pared-de-18-con-control-remoto-navia\/\",\"name\":\"Ventilador de Pared de 18\\\" con Control Remoto Navia - Mivoot\",\"isPartOf\":{\"@id\":\"https:\/\/mivoot.com\/gt\/#website\"},\"primaryImageOfPage\":{\"@id\":\"https:\/\/mivoot.com\/gt\/producto\/ventilador-de-pared-de-18-con-control-remoto-navia\/#primaryimage\"},\"image\":{\"@id\":\"https:\/\/mivoot.com\/gt\/producto\/ventilador-de-pared-de-18-con-control-remoto-navia\/#primaryimage\"},\"thumbnailUrl\":\"https:\/\/mivoot.com\/gt\/wp-content\/uploads\/2024\/03\/NAVIA-CR018P.jpg\",\"datePublished\":\"2024-03-09T04:13:42+00:00\",\"dateModified\":\"2026-01-28T21:10:18+00:00\",\"breadcrumb\":{\"@id\":\"https:\/\/mivoot.com\/gt\/producto\/ventilador-de-pared-de-18-con-control-remoto-navia\/#breadcrumb\"},\"inLanguage\":\"es\",\"potentialAction\":[{\"@type\":\"ReadAction\",\"target\":[\"https:\/\/mivoot.com\/gt\/producto\/ventilador-de-pared-de-18-con-control-remoto-navia\/\"]}]},{\"@type\":\"ImageObject\",\"inLanguage\":\"es\",\"@id\":\"https:\/\/mivoot.com\/gt\/producto\/ventilador-de-pared-de-18-con-control-remoto-navia\/#primaryimage\",\"url\":\"https:\/\/mivoot.com\/gt\/wp-content\/uploads\/2024\/03\/NAVIA-CR018P.jpg\",\"contentUrl\":\"https:\/\/mivoot.com\/gt\/wp-content\/uploads\/2024\/03\/NAVIA-CR018P.jpg\",\"width\":1181,\"height\":1181},{\"@type\":\"BreadcrumbList\",\"@id\":\"https:\/\/mivoot.com\/gt\/producto\/ventilador-de-pared-de-18-con-control-remoto-navia\/#breadcrumb\",\"itemListElement\":[{\"@type\":\"ListItem\",\"position\":1,\"name\":\"Inicio\",\"item\":\"https:\/\/mivoot.com\/gt\/\"},{\"@type\":\"ListItem\",\"position\":2,\"name\":\"Productos\",\"item\":\"https:\/\/mivoot.com\/gt\/producto\/\"},{\"@type\":\"ListItem\",\"position\":3,\"name\":\"Navia\",\"item\":\"https:\/\/mivoot.com\/gt\/marca\/navia\/\"},{\"@type\":\"ListItem\",\"position\":4,\"name\":\"Ventilador de Pared de 18&#8243; con Control Remoto Navia\"}]},{\"@type\":\"WebSite\",\"@id\":\"https:\/\/mivoot.com\/gt\/#website\",\"url\":\"https:\/\/mivoot.com\/gt\/\",\"name\":\"Mivoot\",\"description\":\"Mivoot Guatemala | Tienda Online\",\"publisher\":{\"@id\":\"https:\/\/mivoot.com\/gt\/#organization\"},\"alternateName\":\"mivoot\",\"potentialAction\":[{\"@type\":\"SearchAction\",\"target\":{\"@type\":\"EntryPoint\",\"urlTemplate\":\"https:\/\/mivoot.com\/gt\/?s={search_term_string}\"},\"query-input\":{\"@type\":\"PropertyValueSpecification\",\"valueRequired\":true,\"valueName\":\"search_term_string\"}}],\"inLanguage\":\"es\"},{\"@type\":\"Organization\",\"@id\":\"https:\/\/mivoot.com\/gt\/#organization\",\"name\":\"Mivoot Guatemala\",\"alternateName\":\"mivoot.com\",\"url\":\"https:\/\/mivoot.com\/gt\/\",\"logo\":{\"@type\":\"ImageObject\",\"inLanguage\":\"es\",\"@id\":\"https:\/\/mivoot.com\/gt\/#\/schema\/logo\/image\/\",\"url\":\"https:\/\/mivoot.com\/gt\/wp-content\/uploads\/2023\/03\/cropped-icon.png\",\"contentUrl\":\"https:\/\/mivoot.com\/gt\/wp-content\/uploads\/2023\/03\/cropped-icon.png\",\"width\":512,\"height\":512,\"caption\":\"Mivoot Guatemala\"},\"image\":{\"@id\":\"https:\/\/mivoot.com\/gt\/#\/schema\/logo\/image\/\"},\"sameAs\":[\"https:\/\/www.facebook.com\/mivootgt\",\"https:\/\/instagram.com\/mivoot\"]}]}<\/script>\n<!-- \/ Yoast SEO Premium plugin. -->","yoast_head_json":{"title":"Ventilador de Pared de 18\" con Control Remoto Navia - Mivoot","robots":{"index":"index","follow":"follow","max-snippet":"max-snippet:-1","max-image-preview":"max-image-preview:large","max-video-preview":"max-video-preview:-1"},"canonical":"https:\/\/mivoot.com\/gt\/producto\/ventilador-de-pared-de-18-con-control-remoto-navia\/","og_locale":"es_ES","og_type":"article","og_title":"Ventilador de Pared de 18\" con Control Remoto Navia","og_description":"&#8211; Cuenta con un magn\u00edfico desplazamiento de aire. &#8211; Consumo de s\u00f3lo 80 Watts. &#8211; Ensamble sin herramientas. &#8211; Operaci\u00f3n Silenciosa &#8211; Alto desplazamiento de aire &#8211; Temporizador 4 Horas &#8211; Circula el aireen la habitaci\u00f3n &#8211; Cabezal inclinable que permite mayor flujo de aire &#8211; Rejillas libres de \u00f3xido. &#8211; Incluye Control Remoto","og_url":"https:\/\/mivoot.com\/gt\/producto\/ventilador-de-pared-de-18-con-control-remoto-navia\/","og_site_name":"Mivoot","article_publisher":"https:\/\/www.facebook.com\/mivootgt","article_modified_time":"2026-01-28T21:10:18+00:00","og_image":[{"width":1181,"height":1181,"url":"https:\/\/mivoot.com\/gt\/wp-content\/uploads\/2024\/03\/NAVIA-CR018P.jpg","type":"image\/jpeg"}],"twitter_card":"summary_large_image","twitter_misc":{"Est. reading time":"3 minutos"},"schema":{"@context":"https:\/\/schema.org","@graph":[{"@type":"WebPage","@id":"https:\/\/mivoot.com\/gt\/producto\/ventilador-de-pared-de-18-con-control-remoto-navia\/","url":"https:\/\/mivoot.com\/gt\/producto\/ventilador-de-pared-de-18-con-control-remoto-navia\/","name":"Ventilador de Pared de 18\" con Control Remoto Navia - Mivoot","isPartOf":{"@id":"https:\/\/mivoot.com\/gt\/#website"},"primaryImageOfPage":{"@id":"https:\/\/mivoot.com\/gt\/producto\/ventilador-de-pared-de-18-con-control-remoto-navia\/#primaryimage"},"image":{"@id":"https:\/\/mivoot.com\/gt\/producto\/ventilador-de-pared-de-18-con-control-remoto-navia\/#primaryimage"},"thumbnailUrl":"https:\/\/mivoot.com\/gt\/wp-content\/uploads\/2024\/03\/NAVIA-CR018P.jpg","datePublished":"2024-03-09T04:13:42+00:00","dateModified":"2026-01-28T21:10:18+00:00","breadcrumb":{"@id":"https:\/\/mivoot.com\/gt\/producto\/ventilador-de-pared-de-18-con-control-remoto-navia\/#breadcrumb"},"inLanguage":"es","potentialAction":[{"@type":"ReadAction","target":["https:\/\/mivoot.com\/gt\/producto\/ventilador-de-pared-de-18-con-control-remoto-navia\/"]}]},{"@type":"ImageObject","inLanguage":"es","@id":"https:\/\/mivoot.com\/gt\/producto\/ventilador-de-pared-de-18-con-control-remoto-navia\/#primaryimage","url":"https:\/\/mivoot.com\/gt\/wp-content\/uploads\/2024\/03\/NAVIA-CR018P.jpg","contentUrl":"https:\/\/mivoot.com\/gt\/wp-content\/uploads\/2024\/03\/NAVIA-CR018P.jpg","width":1181,"height":1181},{"@type":"BreadcrumbList","@id":"https:\/\/mivoot.com\/gt\/producto\/ventilador-de-pared-de-18-con-control-remoto-navia\/#breadcrumb","itemListElement":[{"@type":"ListItem","position":1,"name":"Inicio","item":"https:\/\/mivoot.com\/gt\/"},{"@type":"ListItem","position":2,"name":"Productos","item":"https:\/\/mivoot.com\/gt\/producto\/"},{"@type":"ListItem","position":3,"name":"Navia","item":"https:\/\/mivoot.com\/gt\/marca\/navia\/"},{"@type":"ListItem","position":4,"name":"Ventilador de Pared de 18&#8243; con Control Remoto Navia"}]},{"@type":"WebSite","@id":"https:\/\/mivoot.com\/gt\/#website","url":"https:\/\/mivoot.com\/gt\/","name":"Mivoot","description":"Mivoot Guatemala | Tienda Online","publisher":{"@id":"https:\/\/mivoot.com\/gt\/#organization"},"alternateName":"mivoot","potentialAction":[{"@type":"SearchAction","target":{"@type":"EntryPoint","urlTemplate":"https:\/\/mivoot.com\/gt\/?s={search_term_string}"},"query-input":{"@type":"PropertyValueSpecification","valueRequired":true,"valueName":"search_term_string"}}],"inLanguage":"es"},{"@type":"Organization","@id":"https:\/\/mivoot.com\/gt\/#organization","name":"Mivoot Guatemala","alternateName":"mivoot.com","url":"https:\/\/mivoot.com\/gt\/","logo":{"@type":"ImageObject","inLanguage":"es","@id":"https:\/\/mivoot.com\/gt\/#\/schema\/logo\/image\/","url":"https:\/\/mivoot.com\/gt\/wp-content\/uploads\/2023\/03\/cropped-icon.png","contentUrl":"https:\/\/mivoot.com\/gt\/wp-content\/uploads\/2023\/03\/cropped-icon.png","width":512,"height":512,"caption":"Mivoot Guatemala"},"image":{"@id":"https:\/\/mivoot.com\/gt\/#\/schema\/logo\/image\/"},"sameAs":["https:\/\/www.facebook.com\/mivootgt","https:\/\/instagram.com\/mivoot"]}]}},"jetpack_publicize_connections":[],"jetpack_sharing_enabled":true,"brands":[{"id":373,"name":"Navia","slug":"navia"}],"_links":{"self":[{"href":"https:\/\/mivoot.com\/gt\/wp-json\/wp\/v2\/product\/18114","targetHints":{"allow":["GET"]}}],"collection":[{"href":"https:\/\/mivoot.com\/gt\/wp-json\/wp\/v2\/product"}],"about":[{"href":"https:\/\/mivoot.com\/gt\/wp-json\/wp\/v2\/types\/product"}],"replies":[{"embeddable":true,"href":"https:\/\/mivoot.com\/gt\/wp-json\/wp\/v2\/comments?post=18114"}],"version-history":[{"count":5,"href":"https:\/\/mivoot.com\/gt\/wp-json\/wp\/v2\/product\/18114\/revisions"}],"predecessor-version":[{"id":18916,"href":"https:\/\/mivoot.com\/gt\/wp-json\/wp\/v2\/product\/18114\/revisions\/18916"}],"wp:featuredmedia":[{"embeddable":true,"href":"https:\/\/mivoot.com\/gt\/wp-json\/wp\/v2\/media\/18116"}],"wp:attachment":[{"href":"https:\/\/mivoot.com\/gt\/wp-json\/wp\/v2\/media?parent=18114"}],"wp:term":[{"taxonomy":"pwb-brand","embeddable":true,"href":"https:\/\/mivoot.com\/gt\/wp-json\/wp\/v2\/pwb-brand?post=18114"},{"taxonomy":"product_brand","embeddable":true,"href":"https:\/\/mivoot.com\/gt\/wp-json\/wp\/v2\/product_brand?post=18114"},{"taxonomy":"product_cat","embeddable":true,"href":"https:\/\/mivoot.com\/gt\/wp-json\/wp\/v2\/product_cat?post=18114"},{"taxonomy":"product_tag","embeddable":true,"href":"https:\/\/mivoot.com\/gt\/wp-json\/wp\/v2\/product_tag?post=18114"}],"curies":[{"name":"wp","href":"https:\/\/api.w.org\/{rel}","templated":true}]}}