{"id":18134,"date":"2024-03-10T14:57:32","date_gmt":"2024-03-10T20:57:32","guid":{"rendered":"https:\/\/mivoot.com\/gt\/?post_type=product&#038;p=18134"},"modified":"2024-03-10T14:57:33","modified_gmt":"2024-03-10T20:57:33","slug":"ventilador-con-inclinacion-vornado","status":"publish","type":"product","link":"https:\/\/mivoot.com\/gt\/producto\/ventilador-con-inclinacion-vornado\/","title":{"rendered":"Ventilador con Inclinacion Vornado"},"content":{"rendered":"<p>Mant\u00e9n tu hogar fresco y confortable en todo momento con el Circulador de Aire de Vornado.<\/p>\n<p>Dise\u00f1ado para proporcionar un flujo de aire potente y constante, este innovador dispositivo logra distribuir la brisa de manera uniforme en todos los rincones de tu espacio.<\/p>\n<p>Su control t\u00e1ctil de 3 velocidades con lectura digital te permite seleccionar con precisi\u00f3n la intensidad deseada, mientras que el control remoto a\u00f1ade comodidad y flexibilidad a tu experiencia.<\/p>\n<p>Ajusta el cabezal a la posici\u00f3n que prefieras y disfruta de una brisa a medida. Adem\u00e1s, el temporizador ajustable de 1 a 8 horas te brinda la libertad de programar el circulador seg\u00fan tus necesidades, garantizando un ambiente fresco durante las horas que decidas. Olv\u00eddate de los d\u00edas calurosos y apuesta por la excelencia en ventilaci\u00f3n con Vornado.<\/p>\n<ul class=\"a-unordered-list a-vertical a-spacing-mini\">\n<li class=\"a-spacing-mini\"><span class=\"a-list-item\">Acci\u00f3n Vortex: utiliza la circulaci\u00f3n de aire Vortex de Vornado para mover el aire de forma m\u00e1s eficaz por toda una habitaci\u00f3n.<\/span><\/li>\n<li class=\"a-spacing-mini\"><span class=\"a-list-item\">Controles sencillos: el control manual de 3 velocidades es f\u00e1cil de usar y te permite marcar tu comodidad.<\/span><\/li>\n<li class=\"a-spacing-mini\"><span class=\"a-list-item\">Flujo de aire multidireccional: equipado con un cabezal de inclinaci\u00f3n ajustable que te permite dirigir el aire vertical u horizontalmente.<\/span><\/li>\n<li class=\"a-spacing-mini\"><span class=\"a-list-item\">Rendimiento \u00f3ptimo: las cuchillas de tono profundo emparejadas con un conducto de aire cerrado con cono gu\u00eda de entrada y parrilla en espiral ayudan a mover el aire hasta 60 pies.<\/span><\/li>\n<li class=\"a-spacing-mini\"><span class=\"a-list-item\">Soporte superior: respaldado por una promesa sin complicaciones de 5 a\u00f1os y respaldado por un equipo de servicio al cliente con sede en Andover, KS.;Construido para cumplir con los requisitos de voltaje de Estados Unidos. Certificado de seguridad probado y garantizado para su uso solo en los Estados Unidos.<\/span><\/li>\n<\/ul>\n<div class=\"celwidget aplus-module module-3 aplus-standard\" data-cel-widget=\"aplus-module-3\" data-csa-c-id=\"ok81h5-v0og2b-17ndzv-p6oivz\">\n<div class=\"aplus-module-wrapper apm-floatnone apm-fixed-width\">\n<div class=\"apm-sidemodule apm-spacing\">\n<div class=\"apm-sidemodule-textleft\">\n<h3 class=\"a-spacing-mini\"><span>Circulador de aire compacto de panel plano Vornado\u00a0<\/span><\/h3>\n<p><span>Utilizando la tecnolog\u00eda Vortex exclusiva de Vornado, el circulador de aire de panel compacto 573 proporciona un alto rendimiento y mueve aire hasta 60 pies.\u00a0El estilo minimalista, los acabados contrastantes de alto brillo y textura crean una apariencia moderna pero discreta que se adapta a una variedad de decoraciones.\u00a0La perilla de control de 3 velocidades del 573 est\u00e1 ubicada al alcance de la mano y la pieza de la parrilla frontal de alto brillo se quita f\u00e1cilmente para mayor comodidad al limpiarla.<\/span><\/p>\n<\/div>\n<\/div>\n<\/div>\n<div><\/div>\n<\/div>\n<div class=\"celwidget aplus-module module-9 aplus-standard\" data-cel-widget=\"aplus-module-9\" data-csa-c-id=\"jc2ou0-grdz5x-cu5fte-urn4sl\">\n<div class=\"aplus-module-wrapper apm-fixed-width\">\n<div class=\"apm-spacing apm-fixed-width\">\n<table class=\"apm-fixed-width apm-eventhirdcol-table\">\n<tbody>\n<tr>\n<th class=\"apm-center\">\n<div class=\"apm-eventhirdcol apm-floatleft\">\n<p><img decoding=\"async\" class=\"a-spacing-mini\" src=\"https:\/\/m.media-amazon.com\/images\/G\/33\/aplusautomation\/vendorimages\/ad658f9c-40d5-41d9-b592-6e9ca4e41d89.jpg._CB485968443__SR300,300_.jpg\" alt=\"\" data-src=\"https:\/\/m.media-amazon.com\/images\/G\/33\/aplusautomation\/vendorimages\/ad658f9c-40d5-41d9-b592-6e9ca4e41d89.jpg._CB485968443__SR300,300_.jpg\" \/><\/p>\n<\/div>\n<\/th>\n<th class=\"apm-center\">\n<div class=\"apm-eventhirdcol apm-floatleft\">\n<p><img decoding=\"async\" class=\"a-spacing-mini\" src=\"https:\/\/m.media-amazon.com\/images\/G\/33\/aplusautomation\/vendorimages\/f9c5954b-1623-4a18-a3d3-3e0a1b35d219.jpg._CB485924595__SR300,300_.jpg\" alt=\"\" data-src=\"https:\/\/m.media-amazon.com\/images\/G\/33\/aplusautomation\/vendorimages\/f9c5954b-1623-4a18-a3d3-3e0a1b35d219.jpg._CB485924595__SR300,300_.jpg\" \/><\/p>\n<\/div>\n<\/th>\n<th class=\"apm-center\">\n<div class=\"apm-eventhirdcol apm-floatleft\">\n<p>&nbsp;<\/p>\n<\/div>\n<\/th>\n<\/tr>\n<tr>\n<td class=\"apm-top\">\n<div class=\"apm-eventhirdcol apm-floatleft\">\n<h4 class=\"a-spacing-mini\"><span>Circulaci\u00f3n de v\u00f3rtice en toda la habitaci\u00f3n<\/span><\/h4>\n<p><span>Un Vornado hace circular todo el aire de la habitaci\u00f3n para que todos se sientan c\u00f3modos.\u00a0El aire en movimiento se siente m\u00e1s fr\u00edo que el aire estancado.\u00a0Al proporcionar circulaci\u00f3n en toda la habitaci\u00f3n, un Vornado le permite subir el termostato 5\u00ba F (ahorrando energ\u00eda y dinero) sin sacrificar la comodidad.<\/span><\/p>\n<\/div>\n<\/td>\n<td class=\"apm-top\">\n<div class=\"apm-eventhirdcol apm-floatleft\">\n<h4 class=\"a-spacing-mini\"><span>Flujo de aire multidireccional<\/span><\/h4>\n<p><span>Como circulador para toda la habitaci\u00f3n, el 573 est\u00e1 dise\u00f1ado para enfocar un potente haz de aire horizontalmente a trav\u00e9s de la habitaci\u00f3n o verticalmente hacia el techo.\u00a0El flujo de aire horizontal es ideal para la circulaci\u00f3n tradicional en toda la habitaci\u00f3n, especialmente para uso en climas c\u00e1lidos.\u00a0Centrar el aire hacia arriba maximiza la capacidad del 573 para expulsar el aire caliente del techo hacia el resto de la habitaci\u00f3n, una ventaja adicional durante los meses de invierno.<\/span><\/p>\n<\/div>\n<\/td>\n<td class=\"apm-top\">\n<div class=\"apm-eventhirdcol apm-floatleft\">\n<h4 class=\"a-spacing-mini\"><\/h4>\n<\/div>\n<\/td>\n<\/tr>\n<\/tbody>\n<\/table>\n<\/div>\n<\/div>\n<div><\/div>\n<\/div>\n<div class=\"celwidget aplus-module module-4 aplus-standard\" data-cel-widget=\"aplus-module-4\" data-csa-c-id=\"pxrhs3-td9os6-wwbp19-faccwg\">\n<div class=\"aplus-module-wrapper apm-fixed-width\">\n<div class=\"apm-spacing\">\n<div class=\"apm-floatleft apm-fixed-width\">\n<h3 class=\"a-spacing-small\"><span>La diferencia Vornado<\/span><\/h3>\n<div class=\"apm-spacing\">\n<table class=\"apm-fixed-width apm-fourthcol-table\">\n<tbody>\n<tr>\n<th class=\"apm-center\">\n<div class=\"apm-fourthcol\">\n<p><img decoding=\"async\" class=\"\" src=\"https:\/\/m.media-amazon.com\/images\/G\/33\/aplusautomation\/vendorimages\/3593b8f1-3e30-42e2-9984-ae897c4870ef.jpg._CB485945056__SR220,220_.jpg\" alt=\"\" data-src=\"https:\/\/m.media-amazon.com\/images\/G\/33\/aplusautomation\/vendorimages\/3593b8f1-3e30-42e2-9984-ae897c4870ef.jpg._CB485945056__SR220,220_.jpg\" \/><\/p>\n<\/div>\n<\/th>\n<th class=\"apm-center\">\n<div class=\"apm-fourthcol\">\n<p><img decoding=\"async\" class=\"\" src=\"https:\/\/m.media-amazon.com\/images\/G\/33\/aplusautomation\/vendorimages\/167fd884-3a9d-4042-b5ad-3077428f8311.jpg._CB485942083__SR220,220_.jpg\" alt=\"\" data-src=\"https:\/\/m.media-amazon.com\/images\/G\/33\/aplusautomation\/vendorimages\/167fd884-3a9d-4042-b5ad-3077428f8311.jpg._CB485942083__SR220,220_.jpg\" \/><\/p>\n<\/div>\n<\/th>\n<th class=\"apm-center\">\n<div class=\"apm-fourthcol\">\n<p><img decoding=\"async\" class=\"\" src=\"https:\/\/m.media-amazon.com\/images\/G\/33\/aplusautomation\/vendorimages\/50b2f2c8-5df1-446e-9287-cc410a56aaa0.jpg._CB485942868__SR220,220_.jpg\" alt=\"\" data-src=\"https:\/\/m.media-amazon.com\/images\/G\/33\/aplusautomation\/vendorimages\/50b2f2c8-5df1-446e-9287-cc410a56aaa0.jpg._CB485942868__SR220,220_.jpg\" \/><\/p>\n<\/div>\n<\/th>\n<th class=\"apm-center\">\n<div class=\"apm-fourthcol\">\n<p><img decoding=\"async\" class=\"\" src=\"https:\/\/m.media-amazon.com\/images\/G\/33\/aplusautomation\/vendorimages\/d16f14c2-642f-43f8-a84e-1912dd0f15e5.jpg._CB485948389__SR220,220_.jpg\" alt=\"\" data-src=\"https:\/\/m.media-amazon.com\/images\/G\/33\/aplusautomation\/vendorimages\/d16f14c2-642f-43f8-a84e-1912dd0f15e5.jpg._CB485948389__SR220,220_.jpg\" \/><\/p>\n<\/div>\n<\/th>\n<\/tr>\n<tr>\n<td class=\"apm-top\">\n<div class=\"apm-fourthcol\">\n<h4 class=\"a-spacing-mini\"><span>Parrilla en espiral AirTensity<\/span><\/h4>\n<p class=\"a-size-small\"><span>El giro especial de la parrilla AirTensity crea un efecto en espiral que permite que el aire viaje por toda la habitaci\u00f3n.<\/span><\/p>\n<\/div>\n<\/td>\n<td class=\"apm-top\">\n<div class=\"apm-fourthcol\">\n<h4 class=\"a-spacing-mini\"><span>Conducto de aire cerrado<\/span><\/h4>\n<p class=\"a-size-small\"><span>Al encerrar las aspas de paso profundo en un conducto cil\u00edndrico, el aire se esculpe en una columna de alta velocidad que atraviesa zonas fr\u00edas y calientes.<\/span><\/p>\n<\/div>\n<\/td>\n<td class=\"apm-top\">\n<div class=\"apm-fourthcol\">\n<h4 class=\"a-spacing-mini\"><span>Cuchillas de paso profundo<\/span><\/h4>\n<p class=\"a-size-small\"><span>Las aspas fuertemente contorneadas maximizan la cantidad de aire que se mueve con cada vuelta del motor de alta potencia de Vornado.<\/span><\/p>\n<\/div>\n<\/td>\n<td class=\"apm-top\">\n<div class=\"apm-fourthcol\">\n<h4 class=\"a-spacing-mini\"><span>Acelerador de aire de entrada<\/span><\/h4>\n<p class=\"a-size-small\"><span>La entrada de tama\u00f1o especial dirige el aire a las partes m\u00e1s eficientes de las aspas para aumentar el flujo de aire.<\/span><\/p>\n<\/div>\n<\/td>\n<\/tr>\n<\/tbody>\n<\/table>\n<\/div>\n<\/div>\n<\/div>\n<\/div>\n<div><\/div>\n<\/div>\n<div class=\"celwidget aplus-module module-5 aplus-standard\" data-cel-widget=\"aplus-module-5\" data-csa-c-id=\"217hx0-kgcky5-rwq9g4-q2uzhb\">\n<div class=\"aplus-module-wrapper apm-fixed-width\">\n<div class=\"apm-spacing aplus-module-content\">\n<div class=\"apm-tablemodule\"><\/div>\n<\/div>\n<\/div>\n<\/div>\n<p>&nbsp;<\/p>\n","protected":false},"excerpt":{"rendered":"<p>&#8211; Mueve el aire hasta 24 metros<br \/>\n&#8211; Inclinaci\u00f3n para dirigir el flujo de aire<br \/>\n&#8211; Controles t\u00e1ctiles de 3 velocidades<br \/>\n&#8211; Control remoto<br \/>\n&#8211; Lectura digital<br \/>\n&#8211; Temporizador de 2-4-6-8 horas<br \/>\n&#8211; Ahorrador de energ\u00eda<br \/>\n&#8211; Potencia 72 Watts<br \/>\n&#8211; Tensi\u00f3n 120 V<br \/>\n&#8211; Dimensiones: H 37.79 cm x W 36.39 cm x L 20.49 cm<\/p>\n","protected":false},"featured_media":18136,"comment_status":"open","ping_status":"closed","template":"","meta":{"jetpack_publicize_message":"","jetpack_publicize_feature_enabled":true,"jetpack_social_post_already_shared":true,"jetpack_social_options":{"image_generator_settings":{"template":"highway","default_image_id":0,"font":"","enabled":false},"version":2}},"pwb-brand":[292],"product_brand":[],"product_cat":[289],"product_tag":[],"class_list":{"0":"post-18134","1":"product","2":"type-product","3":"status-publish","4":"has-post-thumbnail","6":"pwb-brand-vortex","7":"product_cat-ventiladores-2","9":"first","10":"instock","11":"taxable","12":"shipping-taxable","13":"purchasable","14":"product-type-simple"},"yoast_head":"<!-- This site is optimized with the Yoast SEO Premium plugin v25.7.1 (Yoast SEO v26.8) - https:\/\/yoast.com\/product\/yoast-seo-premium-wordpress\/ -->\n<title>Ventilador con Inclinacion Vornado - Mivoot<\/title>\n<meta name=\"robots\" content=\"index, follow, max-snippet:-1, max-image-preview:large, max-video-preview:-1\" \/>\n<link rel=\"canonical\" href=\"https:\/\/mivoot.com\/gt\/producto\/ventilador-con-inclinacion-vornado\/\" \/>\n<meta property=\"og:locale\" content=\"es_ES\" \/>\n<meta property=\"og:type\" content=\"article\" \/>\n<meta property=\"og:title\" content=\"Ventilador con Inclinacion Vornado\" \/>\n<meta property=\"og:description\" content=\"- Mueve el aire hasta 24 metros - Inclinaci\u00f3n para dirigir el flujo de aire - Controles t\u00e1ctiles de 3 velocidades - Control remoto - Lectura digital - Temporizador de 2-4-6-8 horas - Ahorrador de energ\u00eda - Potencia 72 Watts - Tensi\u00f3n 120 V - Dimensiones: H 37.79 cm x W 36.39 cm x L 20.49 cm\" \/>\n<meta property=\"og:url\" content=\"https:\/\/mivoot.com\/gt\/producto\/ventilador-con-inclinacion-vornado\/\" \/>\n<meta property=\"og:site_name\" content=\"Mivoot\" \/>\n<meta property=\"article:publisher\" content=\"https:\/\/www.facebook.com\/mivootgt\" \/>\n<meta property=\"article:modified_time\" content=\"2024-03-10T20:57:33+00:00\" \/>\n<meta property=\"og:image\" content=\"https:\/\/mivoot.com\/gt\/wp-content\/uploads\/2024\/03\/vor1.jpg\" \/>\n\t<meta property=\"og:image:width\" content=\"500\" \/>\n\t<meta property=\"og:image:height\" content=\"500\" \/>\n\t<meta property=\"og:image:type\" content=\"image\/jpeg\" \/>\n<meta name=\"twitter:card\" content=\"summary_large_image\" \/>\n<meta name=\"twitter:label1\" content=\"Est. reading time\" \/>\n\t<meta name=\"twitter:data1\" content=\"5 minutos\" \/>\n<script type=\"application\/ld+json\" class=\"yoast-schema-graph\">{\"@context\":\"https:\/\/schema.org\",\"@graph\":[{\"@type\":\"WebPage\",\"@id\":\"https:\/\/mivoot.com\/gt\/producto\/ventilador-con-inclinacion-vornado\/\",\"url\":\"https:\/\/mivoot.com\/gt\/producto\/ventilador-con-inclinacion-vornado\/\",\"name\":\"Ventilador con Inclinacion Vornado - Mivoot\",\"isPartOf\":{\"@id\":\"https:\/\/mivoot.com\/gt\/#website\"},\"primaryImageOfPage\":{\"@id\":\"https:\/\/mivoot.com\/gt\/producto\/ventilador-con-inclinacion-vornado\/#primaryimage\"},\"image\":{\"@id\":\"https:\/\/mivoot.com\/gt\/producto\/ventilador-con-inclinacion-vornado\/#primaryimage\"},\"thumbnailUrl\":\"https:\/\/mivoot.com\/gt\/wp-content\/uploads\/2024\/03\/vor1.jpg\",\"datePublished\":\"2024-03-10T20:57:32+00:00\",\"dateModified\":\"2024-03-10T20:57:33+00:00\",\"breadcrumb\":{\"@id\":\"https:\/\/mivoot.com\/gt\/producto\/ventilador-con-inclinacion-vornado\/#breadcrumb\"},\"inLanguage\":\"es\",\"potentialAction\":[{\"@type\":\"ReadAction\",\"target\":[\"https:\/\/mivoot.com\/gt\/producto\/ventilador-con-inclinacion-vornado\/\"]}]},{\"@type\":\"ImageObject\",\"inLanguage\":\"es\",\"@id\":\"https:\/\/mivoot.com\/gt\/producto\/ventilador-con-inclinacion-vornado\/#primaryimage\",\"url\":\"https:\/\/mivoot.com\/gt\/wp-content\/uploads\/2024\/03\/vor1.jpg\",\"contentUrl\":\"https:\/\/mivoot.com\/gt\/wp-content\/uploads\/2024\/03\/vor1.jpg\",\"width\":500,\"height\":500},{\"@type\":\"BreadcrumbList\",\"@id\":\"https:\/\/mivoot.com\/gt\/producto\/ventilador-con-inclinacion-vornado\/#breadcrumb\",\"itemListElement\":[{\"@type\":\"ListItem\",\"position\":1,\"name\":\"Inicio\",\"item\":\"https:\/\/mivoot.com\/gt\/\"},{\"@type\":\"ListItem\",\"position\":2,\"name\":\"Productos\",\"item\":\"https:\/\/mivoot.com\/gt\/producto\/\"},{\"@type\":\"ListItem\",\"position\":3,\"name\":\"Vortex\",\"item\":\"https:\/\/mivoot.com\/gt\/marca\/vortex\/\"},{\"@type\":\"ListItem\",\"position\":4,\"name\":\"Ventilador con Inclinacion Vornado\"}]},{\"@type\":\"WebSite\",\"@id\":\"https:\/\/mivoot.com\/gt\/#website\",\"url\":\"https:\/\/mivoot.com\/gt\/\",\"name\":\"Mivoot\",\"description\":\"Mivoot Guatemala | Tienda Online\",\"publisher\":{\"@id\":\"https:\/\/mivoot.com\/gt\/#organization\"},\"alternateName\":\"mivoot\",\"potentialAction\":[{\"@type\":\"SearchAction\",\"target\":{\"@type\":\"EntryPoint\",\"urlTemplate\":\"https:\/\/mivoot.com\/gt\/?s={search_term_string}\"},\"query-input\":{\"@type\":\"PropertyValueSpecification\",\"valueRequired\":true,\"valueName\":\"search_term_string\"}}],\"inLanguage\":\"es\"},{\"@type\":\"Organization\",\"@id\":\"https:\/\/mivoot.com\/gt\/#organization\",\"name\":\"Mivoot Guatemala\",\"alternateName\":\"mivoot.com\",\"url\":\"https:\/\/mivoot.com\/gt\/\",\"logo\":{\"@type\":\"ImageObject\",\"inLanguage\":\"es\",\"@id\":\"https:\/\/mivoot.com\/gt\/#\/schema\/logo\/image\/\",\"url\":\"https:\/\/mivoot.com\/gt\/wp-content\/uploads\/2023\/03\/cropped-icon.png\",\"contentUrl\":\"https:\/\/mivoot.com\/gt\/wp-content\/uploads\/2023\/03\/cropped-icon.png\",\"width\":512,\"height\":512,\"caption\":\"Mivoot Guatemala\"},\"image\":{\"@id\":\"https:\/\/mivoot.com\/gt\/#\/schema\/logo\/image\/\"},\"sameAs\":[\"https:\/\/www.facebook.com\/mivootgt\",\"https:\/\/instagram.com\/mivoot\"]}]}<\/script>\n<!-- \/ Yoast SEO Premium plugin. -->","yoast_head_json":{"title":"Ventilador con Inclinacion Vornado - Mivoot","robots":{"index":"index","follow":"follow","max-snippet":"max-snippet:-1","max-image-preview":"max-image-preview:large","max-video-preview":"max-video-preview:-1"},"canonical":"https:\/\/mivoot.com\/gt\/producto\/ventilador-con-inclinacion-vornado\/","og_locale":"es_ES","og_type":"article","og_title":"Ventilador con Inclinacion Vornado","og_description":"- Mueve el aire hasta 24 metros - Inclinaci\u00f3n para dirigir el flujo de aire - Controles t\u00e1ctiles de 3 velocidades - Control remoto - Lectura digital - Temporizador de 2-4-6-8 horas - Ahorrador de energ\u00eda - Potencia 72 Watts - Tensi\u00f3n 120 V - Dimensiones: H 37.79 cm x W 36.39 cm x L 20.49 cm","og_url":"https:\/\/mivoot.com\/gt\/producto\/ventilador-con-inclinacion-vornado\/","og_site_name":"Mivoot","article_publisher":"https:\/\/www.facebook.com\/mivootgt","article_modified_time":"2024-03-10T20:57:33+00:00","og_image":[{"width":500,"height":500,"url":"https:\/\/mivoot.com\/gt\/wp-content\/uploads\/2024\/03\/vor1.jpg","type":"image\/jpeg"}],"twitter_card":"summary_large_image","twitter_misc":{"Est. reading time":"5 minutos"},"schema":{"@context":"https:\/\/schema.org","@graph":[{"@type":"WebPage","@id":"https:\/\/mivoot.com\/gt\/producto\/ventilador-con-inclinacion-vornado\/","url":"https:\/\/mivoot.com\/gt\/producto\/ventilador-con-inclinacion-vornado\/","name":"Ventilador con Inclinacion Vornado - Mivoot","isPartOf":{"@id":"https:\/\/mivoot.com\/gt\/#website"},"primaryImageOfPage":{"@id":"https:\/\/mivoot.com\/gt\/producto\/ventilador-con-inclinacion-vornado\/#primaryimage"},"image":{"@id":"https:\/\/mivoot.com\/gt\/producto\/ventilador-con-inclinacion-vornado\/#primaryimage"},"thumbnailUrl":"https:\/\/mivoot.com\/gt\/wp-content\/uploads\/2024\/03\/vor1.jpg","datePublished":"2024-03-10T20:57:32+00:00","dateModified":"2024-03-10T20:57:33+00:00","breadcrumb":{"@id":"https:\/\/mivoot.com\/gt\/producto\/ventilador-con-inclinacion-vornado\/#breadcrumb"},"inLanguage":"es","potentialAction":[{"@type":"ReadAction","target":["https:\/\/mivoot.com\/gt\/producto\/ventilador-con-inclinacion-vornado\/"]}]},{"@type":"ImageObject","inLanguage":"es","@id":"https:\/\/mivoot.com\/gt\/producto\/ventilador-con-inclinacion-vornado\/#primaryimage","url":"https:\/\/mivoot.com\/gt\/wp-content\/uploads\/2024\/03\/vor1.jpg","contentUrl":"https:\/\/mivoot.com\/gt\/wp-content\/uploads\/2024\/03\/vor1.jpg","width":500,"height":500},{"@type":"BreadcrumbList","@id":"https:\/\/mivoot.com\/gt\/producto\/ventilador-con-inclinacion-vornado\/#breadcrumb","itemListElement":[{"@type":"ListItem","position":1,"name":"Inicio","item":"https:\/\/mivoot.com\/gt\/"},{"@type":"ListItem","position":2,"name":"Productos","item":"https:\/\/mivoot.com\/gt\/producto\/"},{"@type":"ListItem","position":3,"name":"Vortex","item":"https:\/\/mivoot.com\/gt\/marca\/vortex\/"},{"@type":"ListItem","position":4,"name":"Ventilador con Inclinacion Vornado"}]},{"@type":"WebSite","@id":"https:\/\/mivoot.com\/gt\/#website","url":"https:\/\/mivoot.com\/gt\/","name":"Mivoot","description":"Mivoot Guatemala | Tienda Online","publisher":{"@id":"https:\/\/mivoot.com\/gt\/#organization"},"alternateName":"mivoot","potentialAction":[{"@type":"SearchAction","target":{"@type":"EntryPoint","urlTemplate":"https:\/\/mivoot.com\/gt\/?s={search_term_string}"},"query-input":{"@type":"PropertyValueSpecification","valueRequired":true,"valueName":"search_term_string"}}],"inLanguage":"es"},{"@type":"Organization","@id":"https:\/\/mivoot.com\/gt\/#organization","name":"Mivoot Guatemala","alternateName":"mivoot.com","url":"https:\/\/mivoot.com\/gt\/","logo":{"@type":"ImageObject","inLanguage":"es","@id":"https:\/\/mivoot.com\/gt\/#\/schema\/logo\/image\/","url":"https:\/\/mivoot.com\/gt\/wp-content\/uploads\/2023\/03\/cropped-icon.png","contentUrl":"https:\/\/mivoot.com\/gt\/wp-content\/uploads\/2023\/03\/cropped-icon.png","width":512,"height":512,"caption":"Mivoot Guatemala"},"image":{"@id":"https:\/\/mivoot.com\/gt\/#\/schema\/logo\/image\/"},"sameAs":["https:\/\/www.facebook.com\/mivootgt","https:\/\/instagram.com\/mivoot"]}]}},"jetpack_publicize_connections":[],"jetpack_sharing_enabled":true,"brands":[{"id":292,"name":"Vortex","slug":"vortex"}],"_links":{"self":[{"href":"https:\/\/mivoot.com\/gt\/wp-json\/wp\/v2\/product\/18134","targetHints":{"allow":["GET"]}}],"collection":[{"href":"https:\/\/mivoot.com\/gt\/wp-json\/wp\/v2\/product"}],"about":[{"href":"https:\/\/mivoot.com\/gt\/wp-json\/wp\/v2\/types\/product"}],"replies":[{"embeddable":true,"href":"https:\/\/mivoot.com\/gt\/wp-json\/wp\/v2\/comments?post=18134"}],"version-history":[{"count":1,"href":"https:\/\/mivoot.com\/gt\/wp-json\/wp\/v2\/product\/18134\/revisions"}],"predecessor-version":[{"id":18143,"href":"https:\/\/mivoot.com\/gt\/wp-json\/wp\/v2\/product\/18134\/revisions\/18143"}],"wp:featuredmedia":[{"embeddable":true,"href":"https:\/\/mivoot.com\/gt\/wp-json\/wp\/v2\/media\/18136"}],"wp:attachment":[{"href":"https:\/\/mivoot.com\/gt\/wp-json\/wp\/v2\/media?parent=18134"}],"wp:term":[{"taxonomy":"pwb-brand","embeddable":true,"href":"https:\/\/mivoot.com\/gt\/wp-json\/wp\/v2\/pwb-brand?post=18134"},{"taxonomy":"product_brand","embeddable":true,"href":"https:\/\/mivoot.com\/gt\/wp-json\/wp\/v2\/product_brand?post=18134"},{"taxonomy":"product_cat","embeddable":true,"href":"https:\/\/mivoot.com\/gt\/wp-json\/wp\/v2\/product_cat?post=18134"},{"taxonomy":"product_tag","embeddable":true,"href":"https:\/\/mivoot.com\/gt\/wp-json\/wp\/v2\/product_tag?post=18134"}],"curies":[{"name":"wp","href":"https:\/\/api.w.org\/{rel}","templated":true}]}}