{"id":18145,"date":"2024-03-10T15:04:57","date_gmt":"2024-03-10T21:04:57","guid":{"rendered":"https:\/\/mivoot.com\/gt\/?post_type=product&#038;p=18145"},"modified":"2025-01-20T13:20:43","modified_gmt":"2025-01-20T19:20:43","slug":"ventilador-de-globo-oscilante-5-velocidades-woozoo","status":"publish","type":"product","link":"https:\/\/mivoot.com\/gt\/producto\/ventilador-de-globo-oscilante-5-velocidades-woozoo\/","title":{"rendered":"Ventilador de Globo Oscilante 5 Velocidades Woozoo"},"content":{"rendered":"<div>\n<div>\n<div id=\"myTabContent\" class=\"tab-content\">\n<div id=\"Description\" class=\"tab-pane fade show active\" role=\"tabpanel\" aria-labelledby=\"Description-tab\">\n<div id=\"product-description-inner\" class=\"d-block product-container-inner\">\n<div class=\"product-container-cont\">\n<div><img decoding=\"async\" class=\"aligncenter\" src=\"https:\/\/m.media-amazon.com\/images\/S\/aplus-media\/vc\/284f7b29-d898-400f-acbc-c9a163723a10._CR0,0,970,300_PT0_SX970__.jpg\" alt=\"ventilador personal, ventilador de escritorio, ventilador compacto, ventilador oscilante, ventilador de oscilaci\u00f3n, ventilador remoto, ventiladores remotos\" \/><\/div>\n<div id=\"product-description\" class=\"product-container p-3\"><span class=\"product-container-inner\">Este poderoso ventilador en formato de esfera mantendr\u00e1 cualquier espacio m\u00e1s c\u00f3modo para ti y tu familia, incluso en un radio de 32 metros cuadrados. Cuenta con 5 velocidades ajustables, una mejora en su mecanismo para emitir menos ruido, un patr\u00f3n de brisa que dejar\u00e1 el aire refrescante todo el tiempo y un temporizador de hasta 4 horas.<\/span><\/div>\n<\/div>\n<\/div>\n<\/div>\n<\/div>\n<\/div>\n<\/div>\n<ul class=\"a-unordered-list a-vertical a-spacing-mini\">\n<li class=\"a-spacing-mini\"><span class=\"a-list-item\">El elegante y potente ventilador de globo Woozoo genera el m\u00e1ximo flujo de aire y circulaci\u00f3n<\/span><\/li>\n<li class=\"a-spacing-mini\"><span class=\"a-list-item\">Los 5 ajustes de velocidad, el patr\u00f3n de brisa natural y la oscilaci\u00f3n multidireccional proporcionan muchas opciones que se pueden cambiar desde el otro lado de la habitaci\u00f3n con el control remoto incluido<\/span><\/li>\n<li class=\"a-spacing-mini\"><span class=\"a-list-item\">Los ajustes de oscilaci\u00f3n horizontal y vertical pueden funcionar de forma independiente o simult\u00e1nea, lo que permite m\u00e1s de 350 pies cuadrados de cobertura de aire<\/span><\/li>\n<li class=\"a-spacing-mini\"><span class=\"a-list-item\">Ajuste bajo silencioso &lt; 28 db || Temporizador de apagado de hasta 4 horas || Patr\u00f3n de brisa || Se puede sentir desde 82 pies de distancia || Cable de 5.9 pies || Control remoto de funci\u00f3n completa y controles t\u00e1ctiles digitales<\/span><\/li>\n<li class=\"a-spacing-mini\"><span class=\"a-list-item\">Todas estas caracter\u00edsticas, combinadas con un ajuste &#8220;bajo&#8221; silencioso y temporizador de apagado de ahorro de energ\u00eda, permiten que el ventilador circulador de globo Woozoo cumpla con el nivel deseado de flujo de aire de alto rendimiento<\/span><\/li>\n<\/ul>\n<p><img decoding=\"async\" class=\"aligncenter\" src=\"https:\/\/m.media-amazon.com\/images\/S\/aplus-media\/vc\/5ca48907-e950-40f0-ba66-7f243e26c935._CR0,0,970,300_PT0_SX970__.jpg\" alt=\"Ventilador de oscilaci\u00f3n multidireccional, ventilador personal de oscilaci\u00f3n multidireccional, ventilador compacto\" \/><img decoding=\"async\" class=\"aligncenter\" src=\"https:\/\/m.media-amazon.com\/images\/S\/aplus-media\/vc\/fe7a96b2-8b9e-4885-b000-bb545257605a._CR0,0,970,300_PT0_SX970__.jpg\" alt=\"Ventilador remoto, ventilador con mando a distancia, ventilador compacto con mando a distancia, ventilador personal con mando a distancia\" \/><\/p>\n<p><img fetchpriority=\"high\" decoding=\"async\" class=\"alignnone size-full wp-image-18152\" src=\"https:\/\/mivoot.com\/gt\/wp-content\/uploads\/2024\/03\/wooo5.jpg\" alt=\"\" width=\"1500\" height=\"1500\" srcset=\"https:\/\/mivoot.com\/gt\/wp-content\/uploads\/2024\/03\/wooo5.jpg 1500w, https:\/\/mivoot.com\/gt\/wp-content\/uploads\/2024\/03\/wooo5-250x250.jpg 250w, https:\/\/mivoot.com\/gt\/wp-content\/uploads\/2024\/03\/wooo5-100x100.jpg 100w, https:\/\/mivoot.com\/gt\/wp-content\/uploads\/2024\/03\/wooo5-410x410.jpg 410w, https:\/\/mivoot.com\/gt\/wp-content\/uploads\/2024\/03\/wooo5-64x64.jpg 64w, https:\/\/mivoot.com\/gt\/wp-content\/uploads\/2024\/03\/wooo5-300x300.jpg 300w, https:\/\/mivoot.com\/gt\/wp-content\/uploads\/2024\/03\/wooo5-150x150.jpg 150w, https:\/\/mivoot.com\/gt\/wp-content\/uploads\/2024\/03\/wooo5-768x768.jpg 768w, https:\/\/mivoot.com\/gt\/wp-content\/uploads\/2024\/03\/wooo5-600x600.jpg 600w, https:\/\/mivoot.com\/gt\/wp-content\/uploads\/2024\/03\/wooo5-50x50.jpg 50w\" sizes=\"(max-width: 1500px) 100vw, 1500px\" \/> <img decoding=\"async\" class=\"alignnone size-full wp-image-18151\" src=\"https:\/\/mivoot.com\/gt\/wp-content\/uploads\/2024\/03\/wooo4.jpg\" alt=\"\" width=\"1500\" height=\"1500\" srcset=\"https:\/\/mivoot.com\/gt\/wp-content\/uploads\/2024\/03\/wooo4.jpg 1500w, https:\/\/mivoot.com\/gt\/wp-content\/uploads\/2024\/03\/wooo4-250x250.jpg 250w, https:\/\/mivoot.com\/gt\/wp-content\/uploads\/2024\/03\/wooo4-100x100.jpg 100w, https:\/\/mivoot.com\/gt\/wp-content\/uploads\/2024\/03\/wooo4-410x410.jpg 410w, https:\/\/mivoot.com\/gt\/wp-content\/uploads\/2024\/03\/wooo4-64x64.jpg 64w, https:\/\/mivoot.com\/gt\/wp-content\/uploads\/2024\/03\/wooo4-300x300.jpg 300w, https:\/\/mivoot.com\/gt\/wp-content\/uploads\/2024\/03\/wooo4-150x150.jpg 150w, https:\/\/mivoot.com\/gt\/wp-content\/uploads\/2024\/03\/wooo4-768x768.jpg 768w, https:\/\/mivoot.com\/gt\/wp-content\/uploads\/2024\/03\/wooo4-600x600.jpg 600w, https:\/\/mivoot.com\/gt\/wp-content\/uploads\/2024\/03\/wooo4-50x50.jpg 50w\" sizes=\"(max-width: 1500px) 100vw, 1500px\" \/><\/p>\n","protected":false},"excerpt":{"rendered":"<p>\u2013 El ventilador de escritorio con control remoto<br \/>\n\u2013 5 Velocidades<br \/>\n\u2013 Oscila a la izquierda, derecha, arriba y abajo<br \/>\n\u2013 Potencia 47 vatios<br \/>\n\u2013 Temporizador de hasta 4 horas (Timer)<br \/>\n\u2013 Patr\u00f3n de brisa se puede sentir desde 82 pies de distancia (25 metros)<br \/>\n\u2013 Multi-direccional<br \/>\n\u2013 Componentes incluidos Control remoto, Cable de 1.8 metros<br \/>\n\u2013 Color Blanco<br \/>\n\u2013 Dise\u00f1o de ventilador el\u00e9ctrico Ventilador de Mesa<br \/>\n\u2013 Fuente de alimentaci\u00f3n Alimentaci\u00f3n el\u00e9ctrica con cable<br \/>\n\u2013 Dimensiones del producto 13\u2033D x 9\u2033Ancho x 13\u2033Altura pulgadas<\/p>\n","protected":false},"featured_media":18147,"comment_status":"open","ping_status":"closed","template":"","meta":{"jetpack_publicize_message":"","jetpack_publicize_feature_enabled":true,"jetpack_social_post_already_shared":true,"jetpack_social_options":{"image_generator_settings":{"template":"highway","default_image_id":0,"font":"","enabled":false},"version":2}},"pwb-brand":[511],"product_brand":[],"product_cat":[289],"product_tag":[],"class_list":{"0":"post-18145","1":"product","2":"type-product","3":"status-publish","4":"has-post-thumbnail","6":"pwb-brand-woozoo","7":"product_cat-ventiladores-2","9":"first","10":"instock","11":"sale","12":"taxable","13":"shipping-taxable","14":"purchasable","15":"product-type-simple"},"yoast_head":"<!-- This site is optimized with the Yoast SEO Premium plugin v25.7.1 (Yoast SEO v26.8) - https:\/\/yoast.com\/product\/yoast-seo-premium-wordpress\/ -->\n<title>Ventilador de Globo Oscilante 5 Velocidades Woozoo - Mivoot<\/title>\n<meta name=\"robots\" content=\"index, follow, max-snippet:-1, max-image-preview:large, max-video-preview:-1\" \/>\n<link rel=\"canonical\" href=\"https:\/\/mivoot.com\/gt\/producto\/ventilador-de-globo-oscilante-5-velocidades-woozoo\/\" \/>\n<meta property=\"og:locale\" content=\"es_ES\" \/>\n<meta property=\"og:type\" content=\"article\" \/>\n<meta property=\"og:title\" content=\"Ventilador de Globo Oscilante 5 Velocidades Woozoo\" \/>\n<meta property=\"og:description\" content=\"\u2013 El ventilador de escritorio con control remoto \u2013 5 Velocidades \u2013 Oscila a la izquierda, derecha, arriba y abajo \u2013 Potencia 47 vatios \u2013 Temporizador de hasta 4 horas (Timer) \u2013 Patr\u00f3n de brisa se puede sentir desde 82 pies de distancia (25 metros) \u2013 Multi-direccional \u2013 Componentes incluidos Control remoto, Cable de 1.8 metros \u2013 Color Blanco \u2013 Dise\u00f1o de ventilador el\u00e9ctrico Ventilador de Mesa \u2013 Fuente de alimentaci\u00f3n Alimentaci\u00f3n el\u00e9ctrica con cable \u2013 Dimensiones del producto 13\u2033D x 9\u2033Ancho x 13\u2033Altura pulgadas\" \/>\n<meta property=\"og:url\" content=\"https:\/\/mivoot.com\/gt\/producto\/ventilador-de-globo-oscilante-5-velocidades-woozoo\/\" \/>\n<meta property=\"og:site_name\" content=\"Mivoot\" \/>\n<meta property=\"article:publisher\" content=\"https:\/\/www.facebook.com\/mivootgt\" \/>\n<meta property=\"article:modified_time\" content=\"2025-01-20T19:20:43+00:00\" \/>\n<meta property=\"og:image\" content=\"https:\/\/mivoot.com\/gt\/wp-content\/uploads\/2024\/03\/woo01.jpg\" \/>\n\t<meta property=\"og:image:width\" content=\"500\" \/>\n\t<meta property=\"og:image:height\" content=\"500\" \/>\n\t<meta property=\"og:image:type\" content=\"image\/jpeg\" \/>\n<meta name=\"twitter:card\" content=\"summary_large_image\" \/>\n<meta name=\"twitter:label1\" content=\"Est. reading time\" \/>\n\t<meta name=\"twitter:data1\" content=\"2 minutos\" \/>\n<script type=\"application\/ld+json\" class=\"yoast-schema-graph\">{\"@context\":\"https:\/\/schema.org\",\"@graph\":[{\"@type\":\"WebPage\",\"@id\":\"https:\/\/mivoot.com\/gt\/producto\/ventilador-de-globo-oscilante-5-velocidades-woozoo\/\",\"url\":\"https:\/\/mivoot.com\/gt\/producto\/ventilador-de-globo-oscilante-5-velocidades-woozoo\/\",\"name\":\"Ventilador de Globo Oscilante 5 Velocidades Woozoo - Mivoot\",\"isPartOf\":{\"@id\":\"https:\/\/mivoot.com\/gt\/#website\"},\"primaryImageOfPage\":{\"@id\":\"https:\/\/mivoot.com\/gt\/producto\/ventilador-de-globo-oscilante-5-velocidades-woozoo\/#primaryimage\"},\"image\":{\"@id\":\"https:\/\/mivoot.com\/gt\/producto\/ventilador-de-globo-oscilante-5-velocidades-woozoo\/#primaryimage\"},\"thumbnailUrl\":\"https:\/\/mivoot.com\/gt\/wp-content\/uploads\/2024\/03\/woo01.jpg\",\"datePublished\":\"2024-03-10T21:04:57+00:00\",\"dateModified\":\"2025-01-20T19:20:43+00:00\",\"breadcrumb\":{\"@id\":\"https:\/\/mivoot.com\/gt\/producto\/ventilador-de-globo-oscilante-5-velocidades-woozoo\/#breadcrumb\"},\"inLanguage\":\"es\",\"potentialAction\":[{\"@type\":\"ReadAction\",\"target\":[\"https:\/\/mivoot.com\/gt\/producto\/ventilador-de-globo-oscilante-5-velocidades-woozoo\/\"]}]},{\"@type\":\"ImageObject\",\"inLanguage\":\"es\",\"@id\":\"https:\/\/mivoot.com\/gt\/producto\/ventilador-de-globo-oscilante-5-velocidades-woozoo\/#primaryimage\",\"url\":\"https:\/\/mivoot.com\/gt\/wp-content\/uploads\/2024\/03\/woo01.jpg\",\"contentUrl\":\"https:\/\/mivoot.com\/gt\/wp-content\/uploads\/2024\/03\/woo01.jpg\",\"width\":500,\"height\":500},{\"@type\":\"BreadcrumbList\",\"@id\":\"https:\/\/mivoot.com\/gt\/producto\/ventilador-de-globo-oscilante-5-velocidades-woozoo\/#breadcrumb\",\"itemListElement\":[{\"@type\":\"ListItem\",\"position\":1,\"name\":\"Inicio\",\"item\":\"https:\/\/mivoot.com\/gt\/\"},{\"@type\":\"ListItem\",\"position\":2,\"name\":\"Productos\",\"item\":\"https:\/\/mivoot.com\/gt\/producto\/\"},{\"@type\":\"ListItem\",\"position\":3,\"name\":\"Woozoo\",\"item\":\"https:\/\/mivoot.com\/gt\/marca\/woozoo\/\"},{\"@type\":\"ListItem\",\"position\":4,\"name\":\"Ventilador de Globo Oscilante 5 Velocidades Woozoo\"}]},{\"@type\":\"WebSite\",\"@id\":\"https:\/\/mivoot.com\/gt\/#website\",\"url\":\"https:\/\/mivoot.com\/gt\/\",\"name\":\"Mivoot\",\"description\":\"Mivoot Guatemala | Tienda Online\",\"publisher\":{\"@id\":\"https:\/\/mivoot.com\/gt\/#organization\"},\"alternateName\":\"mivoot\",\"potentialAction\":[{\"@type\":\"SearchAction\",\"target\":{\"@type\":\"EntryPoint\",\"urlTemplate\":\"https:\/\/mivoot.com\/gt\/?s={search_term_string}\"},\"query-input\":{\"@type\":\"PropertyValueSpecification\",\"valueRequired\":true,\"valueName\":\"search_term_string\"}}],\"inLanguage\":\"es\"},{\"@type\":\"Organization\",\"@id\":\"https:\/\/mivoot.com\/gt\/#organization\",\"name\":\"Mivoot Guatemala\",\"alternateName\":\"mivoot.com\",\"url\":\"https:\/\/mivoot.com\/gt\/\",\"logo\":{\"@type\":\"ImageObject\",\"inLanguage\":\"es\",\"@id\":\"https:\/\/mivoot.com\/gt\/#\/schema\/logo\/image\/\",\"url\":\"https:\/\/mivoot.com\/gt\/wp-content\/uploads\/2023\/03\/cropped-icon.png\",\"contentUrl\":\"https:\/\/mivoot.com\/gt\/wp-content\/uploads\/2023\/03\/cropped-icon.png\",\"width\":512,\"height\":512,\"caption\":\"Mivoot Guatemala\"},\"image\":{\"@id\":\"https:\/\/mivoot.com\/gt\/#\/schema\/logo\/image\/\"},\"sameAs\":[\"https:\/\/www.facebook.com\/mivootgt\",\"https:\/\/instagram.com\/mivoot\"]}]}<\/script>\n<!-- \/ Yoast SEO Premium plugin. -->","yoast_head_json":{"title":"Ventilador de Globo Oscilante 5 Velocidades Woozoo - Mivoot","robots":{"index":"index","follow":"follow","max-snippet":"max-snippet:-1","max-image-preview":"max-image-preview:large","max-video-preview":"max-video-preview:-1"},"canonical":"https:\/\/mivoot.com\/gt\/producto\/ventilador-de-globo-oscilante-5-velocidades-woozoo\/","og_locale":"es_ES","og_type":"article","og_title":"Ventilador de Globo Oscilante 5 Velocidades Woozoo","og_description":"\u2013 El ventilador de escritorio con control remoto \u2013 5 Velocidades \u2013 Oscila a la izquierda, derecha, arriba y abajo \u2013 Potencia 47 vatios \u2013 Temporizador de hasta 4 horas (Timer) \u2013 Patr\u00f3n de brisa se puede sentir desde 82 pies de distancia (25 metros) \u2013 Multi-direccional \u2013 Componentes incluidos Control remoto, Cable de 1.8 metros \u2013 Color Blanco \u2013 Dise\u00f1o de ventilador el\u00e9ctrico Ventilador de Mesa \u2013 Fuente de alimentaci\u00f3n Alimentaci\u00f3n el\u00e9ctrica con cable \u2013 Dimensiones del producto 13\u2033D x 9\u2033Ancho x 13\u2033Altura pulgadas","og_url":"https:\/\/mivoot.com\/gt\/producto\/ventilador-de-globo-oscilante-5-velocidades-woozoo\/","og_site_name":"Mivoot","article_publisher":"https:\/\/www.facebook.com\/mivootgt","article_modified_time":"2025-01-20T19:20:43+00:00","og_image":[{"width":500,"height":500,"url":"https:\/\/mivoot.com\/gt\/wp-content\/uploads\/2024\/03\/woo01.jpg","type":"image\/jpeg"}],"twitter_card":"summary_large_image","twitter_misc":{"Est. reading time":"2 minutos"},"schema":{"@context":"https:\/\/schema.org","@graph":[{"@type":"WebPage","@id":"https:\/\/mivoot.com\/gt\/producto\/ventilador-de-globo-oscilante-5-velocidades-woozoo\/","url":"https:\/\/mivoot.com\/gt\/producto\/ventilador-de-globo-oscilante-5-velocidades-woozoo\/","name":"Ventilador de Globo Oscilante 5 Velocidades Woozoo - Mivoot","isPartOf":{"@id":"https:\/\/mivoot.com\/gt\/#website"},"primaryImageOfPage":{"@id":"https:\/\/mivoot.com\/gt\/producto\/ventilador-de-globo-oscilante-5-velocidades-woozoo\/#primaryimage"},"image":{"@id":"https:\/\/mivoot.com\/gt\/producto\/ventilador-de-globo-oscilante-5-velocidades-woozoo\/#primaryimage"},"thumbnailUrl":"https:\/\/mivoot.com\/gt\/wp-content\/uploads\/2024\/03\/woo01.jpg","datePublished":"2024-03-10T21:04:57+00:00","dateModified":"2025-01-20T19:20:43+00:00","breadcrumb":{"@id":"https:\/\/mivoot.com\/gt\/producto\/ventilador-de-globo-oscilante-5-velocidades-woozoo\/#breadcrumb"},"inLanguage":"es","potentialAction":[{"@type":"ReadAction","target":["https:\/\/mivoot.com\/gt\/producto\/ventilador-de-globo-oscilante-5-velocidades-woozoo\/"]}]},{"@type":"ImageObject","inLanguage":"es","@id":"https:\/\/mivoot.com\/gt\/producto\/ventilador-de-globo-oscilante-5-velocidades-woozoo\/#primaryimage","url":"https:\/\/mivoot.com\/gt\/wp-content\/uploads\/2024\/03\/woo01.jpg","contentUrl":"https:\/\/mivoot.com\/gt\/wp-content\/uploads\/2024\/03\/woo01.jpg","width":500,"height":500},{"@type":"BreadcrumbList","@id":"https:\/\/mivoot.com\/gt\/producto\/ventilador-de-globo-oscilante-5-velocidades-woozoo\/#breadcrumb","itemListElement":[{"@type":"ListItem","position":1,"name":"Inicio","item":"https:\/\/mivoot.com\/gt\/"},{"@type":"ListItem","position":2,"name":"Productos","item":"https:\/\/mivoot.com\/gt\/producto\/"},{"@type":"ListItem","position":3,"name":"Woozoo","item":"https:\/\/mivoot.com\/gt\/marca\/woozoo\/"},{"@type":"ListItem","position":4,"name":"Ventilador de Globo Oscilante 5 Velocidades Woozoo"}]},{"@type":"WebSite","@id":"https:\/\/mivoot.com\/gt\/#website","url":"https:\/\/mivoot.com\/gt\/","name":"Mivoot","description":"Mivoot Guatemala | Tienda Online","publisher":{"@id":"https:\/\/mivoot.com\/gt\/#organization"},"alternateName":"mivoot","potentialAction":[{"@type":"SearchAction","target":{"@type":"EntryPoint","urlTemplate":"https:\/\/mivoot.com\/gt\/?s={search_term_string}"},"query-input":{"@type":"PropertyValueSpecification","valueRequired":true,"valueName":"search_term_string"}}],"inLanguage":"es"},{"@type":"Organization","@id":"https:\/\/mivoot.com\/gt\/#organization","name":"Mivoot Guatemala","alternateName":"mivoot.com","url":"https:\/\/mivoot.com\/gt\/","logo":{"@type":"ImageObject","inLanguage":"es","@id":"https:\/\/mivoot.com\/gt\/#\/schema\/logo\/image\/","url":"https:\/\/mivoot.com\/gt\/wp-content\/uploads\/2023\/03\/cropped-icon.png","contentUrl":"https:\/\/mivoot.com\/gt\/wp-content\/uploads\/2023\/03\/cropped-icon.png","width":512,"height":512,"caption":"Mivoot Guatemala"},"image":{"@id":"https:\/\/mivoot.com\/gt\/#\/schema\/logo\/image\/"},"sameAs":["https:\/\/www.facebook.com\/mivootgt","https:\/\/instagram.com\/mivoot"]}]}},"jetpack_publicize_connections":[],"jetpack_sharing_enabled":true,"brands":[{"id":511,"name":"Woozoo","slug":"woozoo"}],"_links":{"self":[{"href":"https:\/\/mivoot.com\/gt\/wp-json\/wp\/v2\/product\/18145","targetHints":{"allow":["GET"]}}],"collection":[{"href":"https:\/\/mivoot.com\/gt\/wp-json\/wp\/v2\/product"}],"about":[{"href":"https:\/\/mivoot.com\/gt\/wp-json\/wp\/v2\/types\/product"}],"replies":[{"embeddable":true,"href":"https:\/\/mivoot.com\/gt\/wp-json\/wp\/v2\/comments?post=18145"}],"version-history":[{"count":6,"href":"https:\/\/mivoot.com\/gt\/wp-json\/wp\/v2\/product\/18145\/revisions"}],"predecessor-version":[{"id":25177,"href":"https:\/\/mivoot.com\/gt\/wp-json\/wp\/v2\/product\/18145\/revisions\/25177"}],"wp:featuredmedia":[{"embeddable":true,"href":"https:\/\/mivoot.com\/gt\/wp-json\/wp\/v2\/media\/18147"}],"wp:attachment":[{"href":"https:\/\/mivoot.com\/gt\/wp-json\/wp\/v2\/media?parent=18145"}],"wp:term":[{"taxonomy":"pwb-brand","embeddable":true,"href":"https:\/\/mivoot.com\/gt\/wp-json\/wp\/v2\/pwb-brand?post=18145"},{"taxonomy":"product_brand","embeddable":true,"href":"https:\/\/mivoot.com\/gt\/wp-json\/wp\/v2\/product_brand?post=18145"},{"taxonomy":"product_cat","embeddable":true,"href":"https:\/\/mivoot.com\/gt\/wp-json\/wp\/v2\/product_cat?post=18145"},{"taxonomy":"product_tag","embeddable":true,"href":"https:\/\/mivoot.com\/gt\/wp-json\/wp\/v2\/product_tag?post=18145"}],"curies":[{"name":"wp","href":"https:\/\/api.w.org\/{rel}","templated":true}]}}