{"id":18266,"date":"2024-03-21T12:56:57","date_gmt":"2024-03-21T18:56:57","guid":{"rendered":"https:\/\/mivoot.com\/gt\/?post_type=product&#038;p=18266"},"modified":"2025-02-26T18:19:25","modified_gmt":"2025-02-27T00:19:25","slug":"sistema-pos-todo-en-uno-15-6-android-pta0157-3nstar","status":"publish","type":"product","link":"https:\/\/mivoot.com\/gt\/producto\/sistema-pos-todo-en-uno-15-6-android-pta0157-3nstar\/","title":{"rendered":"Sistema POS Todo en Uno 15.6&#8243; Android PTA0157 3nStar"},"content":{"rendered":"<p>El sistema de punto de venta PTA0156 de 3nStar es un terminal t\u00e1ctil delgado y moderno. Es eficiente y duradero por lo tanto puede manejar las aplicaciones m\u00e1s exigentes.<\/p>\n<p>Cuenta con una pantalla t\u00e1ctil capacitiva TFT LED de 15,6&#8243; y opciones que incluyen lector de banda magn\u00e9tica y pantalla de cliente.<\/p>\n<p>Con un procesador Rockchip RK3568 de cuatro n\u00facleos 2.0GHz y una gran variedad de puertos IO, el PTA0157 tiene todo lo necesario para manejar cualquier aplicaci\u00f3n. El terminal t\u00e1ctil tambi\u00e9n tiene conectividad inal\u00e1mbrica a\/b\/g\/n y ethernet y adem\u00e1s es de bajo<\/p>\n<p><strong>Caracter\u00edsticas:<\/strong><\/p>\n<ul>\n<li>Dise\u00f1o ergon\u00f3mico y moderno sin ventilador<\/li>\n<li>Monitor capacitivo de 10 puntos,<\/li>\n<li>Pantallan TFT LED 15.6\u201d sin bisel<\/li>\n<li>Resoluci\u00f3n 1029 *1080<\/li>\n<li>Procesador Cuatro Nucleos Rockchip 1.8 GHz<\/li>\n<li>5 puertos USB, 2 puertos seriales, puerto Lan, Wi-Fi, BT<\/li>\n<li>Pantalla de cliente opcional de 13.3\u2033<\/li>\n<\/ul>\n<p>&nbsp;<\/p>\n<h3>F\u00edsicas<\/h3>\n<ul>\n<li>Dimensiones 398mm x 205mm x 320mm<\/li>\n<li>Peso 5.0Kg.<\/li>\n<li>Construcci\u00f3n Pl\u00e1stico ABS y Aleaci\u00f3n de Aluminio<\/li>\n<li>Color Negro<\/li>\n<\/ul>\n<h3><strong>Performance<\/strong><\/h3>\n<ul>\n<li>Sistema Operativo Android 11.0<\/li>\n<li>Procesador Rock chip RK3568 cuatro n\u00facleos A55, 2.0GHz<\/li>\n<li>Memoria 2GB<\/li>\n<li>Almacenamiento 8GB<\/li>\n<li>4GBRam<\/li>\n<li>32GB.SSD<\/li>\n<li>Expansi\u00f3n de memoria Ranura para tarjeta MicroSD<\/li>\n<li>Conectividad<\/li>\n<li>Wi-Fi 802.11ac, a\/b\/g, n<\/li>\n<li>Bluetooth 4.0<\/li>\n<li>Ethernet 10\/100M RJ45<\/li>\n<li>USB 5 Puertos (3 USB 2.0, 2 USB 3.0)<\/li>\n<li>USB dedicado 1 USB dedicado para MSR<\/li>\n<li>Serial RS232 1 RS232 DB9 y 1 RS232RJ45<\/li>\n<li>Gaveta de Dinero 1 puerto RJ11<\/li>\n<li>Salida de Audio 3.5mm<\/li>\n<li>Entrada de Audio Micr\u00f3fono Combo 3.5\u201d<\/li>\n<li>Pantalla T\u00e1ctil<\/li>\n<li>Tecnolog\u00eda Capacitivo 10 puntos<\/li>\n<li>Trasmisi\u00f3n &gt;95%<\/li>\n<li>Numero de Toques Mas de 50,000,000<\/li>\n<\/ul>\n<h3>Monitor<\/h3>\n<ul>\n<li>Resoluci\u00f3n 1920 * 1080<\/li>\n<li>P\u00edxel 0.17925(H) x 0.17925(V)<\/li>\n<li>Brillo 220 cd\/m\u00b2<\/li>\n<li>Contraste 500:1(T\u00edpica) 400:1(Min)<\/li>\n<li>Tiempo de Respuesta 16ms<\/li>\n<li>Angulo de Vision 90\u00ba\/80\u00ba<\/li>\n<li>Numero de Colores 16,2M<\/li>\n<li>Frecuencia Horizontal 160Khz.<\/li>\n<li>Frecuencia Vertical 153.6Hz<\/li>\n<li>Vida \u00datil Mas de 50,000 Horas<\/li>\n<\/ul>\n<h3>Caracter\u00edsticas El\u00e9ctricas<\/h3>\n<ul>\n<li>Consumo 15W con pantalla \u00fanica, 20W con pantalla doble<\/li>\n<li>Salida del Adaptador DC 12V, 3.3A<\/li>\n<li>Entrada del Adaptador Adaptador AC 100-240V, 50-60HZ<\/li>\n<li>Condiciones ambientales<\/li>\n<li>Temperatura de Operaci\u00f3n 0\u2103 ~ 50\u2103<\/li>\n<li>Temperatura de Almacenaje -20\u2103 ~ 60\u2103<\/li>\n<li>Humedad 10% ~ 90% (sin condensaci\u00f3n)<\/li>\n<\/ul>\n<h3>Empaque<\/h3>\n<ul>\n<li>Contenido Adaptador de corriente<\/li>\n<li>Tama\u00f1o 270mm x 460 mm x 410mm<\/li>\n<li>Peso Bruto 6.15Kg<\/li>\n<li>Certificaciones y Garant\u00eda<\/li>\n<li>Certificaciones CE, RoHS, FCC, ISO 9001-2008<\/li>\n<\/ul>\n","protected":false},"excerpt":{"rendered":"<p>&#8211; Dise\u00f1o ergon\u00f3mico y moderno sin ventilador<br \/>\n&#8211; Sistema operativo Android 11.0<br \/>\n&#8211; Monitor capacitivo de 10 puntos,<br \/>\n&#8211; procesador Rockchip RK3568 de cuatro n\u00facleos 2.0GHz<br \/>\n&#8211; Pantallan TFT LED 15.6\u201d sin bisel<br \/>\n&#8211; Resoluci\u00f3n 1029 *1080<br \/>\n&#8211; 4GBRam<br \/>\n&#8211; 32GB.SSD<br \/>\n&#8211; Memoria 2GB<br \/>\n&#8211; Almacenamiento 8GB<br \/>\n&#8211; Procesador Cuatro Nucleos Rockchip 1.8 GHz<br \/>\n&#8211; 5 puertos USB, 2 puertos seriales, puerto Lan, Wi-Fi, BT<br \/>\n&#8211; Pantalla de cliente opcional de 13.3\u2033 (no incluida)<\/p>\n","protected":false},"featured_media":18272,"comment_status":"open","ping_status":"closed","template":"","meta":{"jetpack_publicize_message":"","jetpack_publicize_feature_enabled":true,"jetpack_social_post_already_shared":true,"jetpack_social_options":{"image_generator_settings":{"template":"highway","default_image_id":0,"font":"","enabled":false},"version":2}},"pwb-brand":[312],"product_brand":[],"product_cat":[309],"product_tag":[],"class_list":{"0":"post-18266","1":"product","2":"type-product","3":"status-publish","4":"has-post-thumbnail","6":"pwb-brand-3nstar","7":"product_cat-monitoresallinone","9":"first","10":"instock","11":"taxable","12":"shipping-taxable","13":"purchasable","14":"product-type-simple"},"yoast_head":"<!-- This site is optimized with the Yoast SEO Premium plugin v25.7.1 (Yoast SEO v26.8) - https:\/\/yoast.com\/product\/yoast-seo-premium-wordpress\/ -->\n<title>Sistema POS Todo en Uno 15.6&quot; Android PTA0157 3nStar - Mivoot<\/title>\n<meta name=\"robots\" content=\"index, follow, max-snippet:-1, max-image-preview:large, max-video-preview:-1\" \/>\n<link rel=\"canonical\" href=\"https:\/\/mivoot.com\/gt\/producto\/sistema-pos-todo-en-uno-15-6-android-pta0157-3nstar\/\" \/>\n<meta property=\"og:locale\" content=\"es_ES\" \/>\n<meta property=\"og:type\" content=\"article\" \/>\n<meta property=\"og:title\" content=\"Sistema POS Todo en Uno 15.6&quot; Android PTA0157 3nStar\" \/>\n<meta property=\"og:description\" content=\"- Dise\u00f1o ergon\u00f3mico y moderno sin ventilador - Sistema operativo Android 11.0 - Monitor capacitivo de 10 puntos, - procesador Rockchip RK3568 de cuatro n\u00facleos 2.0GHz - Pantallan TFT LED 15.6\u201d sin bisel - Resoluci\u00f3n 1029 *1080 - 4GBRam - 32GB.SSD - Memoria 2GB - Almacenamiento 8GB - Procesador Cuatro Nucleos Rockchip 1.8 GHz - 5 puertos USB, 2 puertos seriales, puerto Lan, Wi-Fi, BT - Pantalla de cliente opcional de 13.3\u2033 (no incluida)\" \/>\n<meta property=\"og:url\" content=\"https:\/\/mivoot.com\/gt\/producto\/sistema-pos-todo-en-uno-15-6-android-pta0157-3nstar\/\" \/>\n<meta property=\"og:site_name\" content=\"Mivoot\" \/>\n<meta property=\"article:publisher\" content=\"https:\/\/www.facebook.com\/mivootgt\" \/>\n<meta property=\"article:modified_time\" content=\"2025-02-27T00:19:25+00:00\" \/>\n<meta property=\"og:image\" content=\"https:\/\/mivoot.com\/gt\/wp-content\/uploads\/2024\/03\/PTA0156-45-izquierdo.jpg\" \/>\n\t<meta property=\"og:image:width\" content=\"500\" \/>\n\t<meta property=\"og:image:height\" content=\"500\" \/>\n\t<meta property=\"og:image:type\" content=\"image\/jpeg\" \/>\n<meta name=\"twitter:card\" content=\"summary_large_image\" \/>\n<meta name=\"twitter:label1\" content=\"Est. reading time\" \/>\n\t<meta name=\"twitter:data1\" content=\"2 minutos\" \/>\n<script type=\"application\/ld+json\" class=\"yoast-schema-graph\">{\"@context\":\"https:\/\/schema.org\",\"@graph\":[{\"@type\":\"WebPage\",\"@id\":\"https:\/\/mivoot.com\/gt\/producto\/sistema-pos-todo-en-uno-15-6-android-pta0157-3nstar\/\",\"url\":\"https:\/\/mivoot.com\/gt\/producto\/sistema-pos-todo-en-uno-15-6-android-pta0157-3nstar\/\",\"name\":\"Sistema POS Todo en Uno 15.6\\\" Android PTA0157 3nStar - Mivoot\",\"isPartOf\":{\"@id\":\"https:\/\/mivoot.com\/gt\/#website\"},\"primaryImageOfPage\":{\"@id\":\"https:\/\/mivoot.com\/gt\/producto\/sistema-pos-todo-en-uno-15-6-android-pta0157-3nstar\/#primaryimage\"},\"image\":{\"@id\":\"https:\/\/mivoot.com\/gt\/producto\/sistema-pos-todo-en-uno-15-6-android-pta0157-3nstar\/#primaryimage\"},\"thumbnailUrl\":\"https:\/\/mivoot.com\/gt\/wp-content\/uploads\/2024\/03\/PTA0156-45-izquierdo.jpg\",\"datePublished\":\"2024-03-21T18:56:57+00:00\",\"dateModified\":\"2025-02-27T00:19:25+00:00\",\"breadcrumb\":{\"@id\":\"https:\/\/mivoot.com\/gt\/producto\/sistema-pos-todo-en-uno-15-6-android-pta0157-3nstar\/#breadcrumb\"},\"inLanguage\":\"es\",\"potentialAction\":[{\"@type\":\"ReadAction\",\"target\":[\"https:\/\/mivoot.com\/gt\/producto\/sistema-pos-todo-en-uno-15-6-android-pta0157-3nstar\/\"]}]},{\"@type\":\"ImageObject\",\"inLanguage\":\"es\",\"@id\":\"https:\/\/mivoot.com\/gt\/producto\/sistema-pos-todo-en-uno-15-6-android-pta0157-3nstar\/#primaryimage\",\"url\":\"https:\/\/mivoot.com\/gt\/wp-content\/uploads\/2024\/03\/PTA0156-45-izquierdo.jpg\",\"contentUrl\":\"https:\/\/mivoot.com\/gt\/wp-content\/uploads\/2024\/03\/PTA0156-45-izquierdo.jpg\",\"width\":500,\"height\":500},{\"@type\":\"BreadcrumbList\",\"@id\":\"https:\/\/mivoot.com\/gt\/producto\/sistema-pos-todo-en-uno-15-6-android-pta0157-3nstar\/#breadcrumb\",\"itemListElement\":[{\"@type\":\"ListItem\",\"position\":1,\"name\":\"Inicio\",\"item\":\"https:\/\/mivoot.com\/gt\/\"},{\"@type\":\"ListItem\",\"position\":2,\"name\":\"Productos\",\"item\":\"https:\/\/mivoot.com\/gt\/producto\/\"},{\"@type\":\"ListItem\",\"position\":3,\"name\":\"3nStar\",\"item\":\"https:\/\/mivoot.com\/gt\/marca\/3nstar\/\"},{\"@type\":\"ListItem\",\"position\":4,\"name\":\"Sistema POS Todo en Uno 15.6&#8243; Android PTA0157 3nStar\"}]},{\"@type\":\"WebSite\",\"@id\":\"https:\/\/mivoot.com\/gt\/#website\",\"url\":\"https:\/\/mivoot.com\/gt\/\",\"name\":\"Mivoot\",\"description\":\"Mivoot Guatemala | Tienda Online\",\"publisher\":{\"@id\":\"https:\/\/mivoot.com\/gt\/#organization\"},\"alternateName\":\"mivoot\",\"potentialAction\":[{\"@type\":\"SearchAction\",\"target\":{\"@type\":\"EntryPoint\",\"urlTemplate\":\"https:\/\/mivoot.com\/gt\/?s={search_term_string}\"},\"query-input\":{\"@type\":\"PropertyValueSpecification\",\"valueRequired\":true,\"valueName\":\"search_term_string\"}}],\"inLanguage\":\"es\"},{\"@type\":\"Organization\",\"@id\":\"https:\/\/mivoot.com\/gt\/#organization\",\"name\":\"Mivoot Guatemala\",\"alternateName\":\"mivoot.com\",\"url\":\"https:\/\/mivoot.com\/gt\/\",\"logo\":{\"@type\":\"ImageObject\",\"inLanguage\":\"es\",\"@id\":\"https:\/\/mivoot.com\/gt\/#\/schema\/logo\/image\/\",\"url\":\"https:\/\/mivoot.com\/gt\/wp-content\/uploads\/2023\/03\/cropped-icon.png\",\"contentUrl\":\"https:\/\/mivoot.com\/gt\/wp-content\/uploads\/2023\/03\/cropped-icon.png\",\"width\":512,\"height\":512,\"caption\":\"Mivoot Guatemala\"},\"image\":{\"@id\":\"https:\/\/mivoot.com\/gt\/#\/schema\/logo\/image\/\"},\"sameAs\":[\"https:\/\/www.facebook.com\/mivootgt\",\"https:\/\/instagram.com\/mivoot\"]}]}<\/script>\n<!-- \/ Yoast SEO Premium plugin. -->","yoast_head_json":{"title":"Sistema POS Todo en Uno 15.6\" Android PTA0157 3nStar - Mivoot","robots":{"index":"index","follow":"follow","max-snippet":"max-snippet:-1","max-image-preview":"max-image-preview:large","max-video-preview":"max-video-preview:-1"},"canonical":"https:\/\/mivoot.com\/gt\/producto\/sistema-pos-todo-en-uno-15-6-android-pta0157-3nstar\/","og_locale":"es_ES","og_type":"article","og_title":"Sistema POS Todo en Uno 15.6\" Android PTA0157 3nStar","og_description":"- Dise\u00f1o ergon\u00f3mico y moderno sin ventilador - Sistema operativo Android 11.0 - Monitor capacitivo de 10 puntos, - procesador Rockchip RK3568 de cuatro n\u00facleos 2.0GHz - Pantallan TFT LED 15.6\u201d sin bisel - Resoluci\u00f3n 1029 *1080 - 4GBRam - 32GB.SSD - Memoria 2GB - Almacenamiento 8GB - Procesador Cuatro Nucleos Rockchip 1.8 GHz - 5 puertos USB, 2 puertos seriales, puerto Lan, Wi-Fi, BT - Pantalla de cliente opcional de 13.3\u2033 (no incluida)","og_url":"https:\/\/mivoot.com\/gt\/producto\/sistema-pos-todo-en-uno-15-6-android-pta0157-3nstar\/","og_site_name":"Mivoot","article_publisher":"https:\/\/www.facebook.com\/mivootgt","article_modified_time":"2025-02-27T00:19:25+00:00","og_image":[{"width":500,"height":500,"url":"https:\/\/mivoot.com\/gt\/wp-content\/uploads\/2024\/03\/PTA0156-45-izquierdo.jpg","type":"image\/jpeg"}],"twitter_card":"summary_large_image","twitter_misc":{"Est. reading time":"2 minutos"},"schema":{"@context":"https:\/\/schema.org","@graph":[{"@type":"WebPage","@id":"https:\/\/mivoot.com\/gt\/producto\/sistema-pos-todo-en-uno-15-6-android-pta0157-3nstar\/","url":"https:\/\/mivoot.com\/gt\/producto\/sistema-pos-todo-en-uno-15-6-android-pta0157-3nstar\/","name":"Sistema POS Todo en Uno 15.6\" Android PTA0157 3nStar - Mivoot","isPartOf":{"@id":"https:\/\/mivoot.com\/gt\/#website"},"primaryImageOfPage":{"@id":"https:\/\/mivoot.com\/gt\/producto\/sistema-pos-todo-en-uno-15-6-android-pta0157-3nstar\/#primaryimage"},"image":{"@id":"https:\/\/mivoot.com\/gt\/producto\/sistema-pos-todo-en-uno-15-6-android-pta0157-3nstar\/#primaryimage"},"thumbnailUrl":"https:\/\/mivoot.com\/gt\/wp-content\/uploads\/2024\/03\/PTA0156-45-izquierdo.jpg","datePublished":"2024-03-21T18:56:57+00:00","dateModified":"2025-02-27T00:19:25+00:00","breadcrumb":{"@id":"https:\/\/mivoot.com\/gt\/producto\/sistema-pos-todo-en-uno-15-6-android-pta0157-3nstar\/#breadcrumb"},"inLanguage":"es","potentialAction":[{"@type":"ReadAction","target":["https:\/\/mivoot.com\/gt\/producto\/sistema-pos-todo-en-uno-15-6-android-pta0157-3nstar\/"]}]},{"@type":"ImageObject","inLanguage":"es","@id":"https:\/\/mivoot.com\/gt\/producto\/sistema-pos-todo-en-uno-15-6-android-pta0157-3nstar\/#primaryimage","url":"https:\/\/mivoot.com\/gt\/wp-content\/uploads\/2024\/03\/PTA0156-45-izquierdo.jpg","contentUrl":"https:\/\/mivoot.com\/gt\/wp-content\/uploads\/2024\/03\/PTA0156-45-izquierdo.jpg","width":500,"height":500},{"@type":"BreadcrumbList","@id":"https:\/\/mivoot.com\/gt\/producto\/sistema-pos-todo-en-uno-15-6-android-pta0157-3nstar\/#breadcrumb","itemListElement":[{"@type":"ListItem","position":1,"name":"Inicio","item":"https:\/\/mivoot.com\/gt\/"},{"@type":"ListItem","position":2,"name":"Productos","item":"https:\/\/mivoot.com\/gt\/producto\/"},{"@type":"ListItem","position":3,"name":"3nStar","item":"https:\/\/mivoot.com\/gt\/marca\/3nstar\/"},{"@type":"ListItem","position":4,"name":"Sistema POS Todo en Uno 15.6&#8243; Android PTA0157 3nStar"}]},{"@type":"WebSite","@id":"https:\/\/mivoot.com\/gt\/#website","url":"https:\/\/mivoot.com\/gt\/","name":"Mivoot","description":"Mivoot Guatemala | Tienda Online","publisher":{"@id":"https:\/\/mivoot.com\/gt\/#organization"},"alternateName":"mivoot","potentialAction":[{"@type":"SearchAction","target":{"@type":"EntryPoint","urlTemplate":"https:\/\/mivoot.com\/gt\/?s={search_term_string}"},"query-input":{"@type":"PropertyValueSpecification","valueRequired":true,"valueName":"search_term_string"}}],"inLanguage":"es"},{"@type":"Organization","@id":"https:\/\/mivoot.com\/gt\/#organization","name":"Mivoot Guatemala","alternateName":"mivoot.com","url":"https:\/\/mivoot.com\/gt\/","logo":{"@type":"ImageObject","inLanguage":"es","@id":"https:\/\/mivoot.com\/gt\/#\/schema\/logo\/image\/","url":"https:\/\/mivoot.com\/gt\/wp-content\/uploads\/2023\/03\/cropped-icon.png","contentUrl":"https:\/\/mivoot.com\/gt\/wp-content\/uploads\/2023\/03\/cropped-icon.png","width":512,"height":512,"caption":"Mivoot Guatemala"},"image":{"@id":"https:\/\/mivoot.com\/gt\/#\/schema\/logo\/image\/"},"sameAs":["https:\/\/www.facebook.com\/mivootgt","https:\/\/instagram.com\/mivoot"]}]}},"jetpack_publicize_connections":[],"jetpack_sharing_enabled":true,"brands":[{"id":312,"name":"3nStar","slug":"3nstar"}],"_links":{"self":[{"href":"https:\/\/mivoot.com\/gt\/wp-json\/wp\/v2\/product\/18266","targetHints":{"allow":["GET"]}}],"collection":[{"href":"https:\/\/mivoot.com\/gt\/wp-json\/wp\/v2\/product"}],"about":[{"href":"https:\/\/mivoot.com\/gt\/wp-json\/wp\/v2\/types\/product"}],"replies":[{"embeddable":true,"href":"https:\/\/mivoot.com\/gt\/wp-json\/wp\/v2\/comments?post=18266"}],"version-history":[{"count":4,"href":"https:\/\/mivoot.com\/gt\/wp-json\/wp\/v2\/product\/18266\/revisions"}],"predecessor-version":[{"id":26651,"href":"https:\/\/mivoot.com\/gt\/wp-json\/wp\/v2\/product\/18266\/revisions\/26651"}],"wp:featuredmedia":[{"embeddable":true,"href":"https:\/\/mivoot.com\/gt\/wp-json\/wp\/v2\/media\/18272"}],"wp:attachment":[{"href":"https:\/\/mivoot.com\/gt\/wp-json\/wp\/v2\/media?parent=18266"}],"wp:term":[{"taxonomy":"pwb-brand","embeddable":true,"href":"https:\/\/mivoot.com\/gt\/wp-json\/wp\/v2\/pwb-brand?post=18266"},{"taxonomy":"product_brand","embeddable":true,"href":"https:\/\/mivoot.com\/gt\/wp-json\/wp\/v2\/product_brand?post=18266"},{"taxonomy":"product_cat","embeddable":true,"href":"https:\/\/mivoot.com\/gt\/wp-json\/wp\/v2\/product_cat?post=18266"},{"taxonomy":"product_tag","embeddable":true,"href":"https:\/\/mivoot.com\/gt\/wp-json\/wp\/v2\/product_tag?post=18266"}],"curies":[{"name":"wp","href":"https:\/\/api.w.org\/{rel}","templated":true}]}}