{"id":18303,"date":"2024-03-26T20:39:13","date_gmt":"2024-03-27T02:39:13","guid":{"rendered":"https:\/\/mivoot.com\/gt\/?post_type=product&#038;p=18303"},"modified":"2025-01-22T10:52:01","modified_gmt":"2025-01-22T16:52:01","slug":"barrera-vehicular-articulada-90-derecha-bg1145r-90-zkteco","status":"publish","type":"product","link":"https:\/\/mivoot.com\/gt\/producto\/barrera-vehicular-articulada-90-derecha-bg1145r-90-zkteco\/","title":{"rendered":"Barrera de Acceso Vehicular 4.5mt Brazo Articulado 90\u00b0 Derecha BG114 ZKTeco"},"content":{"rendered":"<h2><img decoding=\"async\" src=\"https:\/\/cdn.tvc.mx\/media\/1027822\/Barrera-Vehicular-Brazo-4.5mts-Articulado-90-Grados-Descripci%C3%B3n-BGM1145L-ZKTECO.png\" \/><\/h2>\n<h2><strong>Barrera veh\u00edcular con m\u00e1stil articulado BG1145L-90 ZKTECO<\/strong><\/h2>\n<p>La barrera articulada izquierda BG1145L-90 es una barrera de alto rendimiento que adopta el dise\u00f1o de chasis LED interactivo de ZKTeco. Controla el flujo del tr\u00e1fico de entrada y salida de las instalaciones proporcionando la m\u00e1xima seguridad a un bajo coste. Adopta el n\u00facleo de control del sistema integrado ARM7, el motor de corriente continua brushless y la estructura de transmisi\u00f3n de engranajes de material SCM421 para ofrecer la m\u00e1xima eficiencia.<\/p>\n<p>Tiene las ventajas de alta velocidad, eficiencia, calidad estable, personalizaci\u00f3n f\u00e1cil de usar, rendimiento integral, etc. Se puede utilizar en \u00e1reas de aplicaci\u00f3n en tiempo real como oficinas, hospitales, lugares p\u00fablicos, zonas residenciales para aliviar los problemas de tr\u00e1fico.<\/p>\n<p>Las barreras vehiculares de la serie BGM1145L-90 BGM1145R-90\u00a0integran un gabinete con tecnolog\u00eda LED, una tarjeta controladora WIFI, motor Brushless de corriente directa y la estructura de la transmisi\u00f3n cuenta con engranajes de material SCM421. Tiene las ventajas de ser una barrera de alta velocidad, calidad estable, amplia expansi\u00f3n de funciones, etc. Es la barrera vehicular con el mejor rendimiento integral y m\u00e1s completa del mercado.<\/p>\n<h4><strong>Mant\u00e9n el control con la APP ZKBarrier. Es m\u00e1s f\u00e1cil depurar y configurar.<\/strong><\/h4>\n<ul>\n<li>Conecte un m\u00e1ximo de 5 tel\u00e9fonos m\u00f3viles para controlar cada barrera de estacionamiento<\/li>\n<li>Detectar el estado de apertura\/cierre<\/li>\n<li>Configuraci\u00f3n r\u00e1pida en el sitio<\/li>\n<li>Configurar la longitud de la pluma, en funci\u00f3n de la instalaci\u00f3n real en el sitio<\/li>\n<li>Velocidad de apertura y cierre ajustable en funci\u00f3n de la longitud de la pluma<\/li>\n<li>\u00c1ngulos de apertura y cierre ajustables de la pluma en funci\u00f3n de las limitaciones del entorno del lugar<\/li>\n<\/ul>\n<p><img decoding=\"async\" class=\"lazy-load-active\" src=\"https:\/\/cdn.tvc.mx\/media\/901892\/Barrera-Vehicular-Brazo-4.5mts-Articulado-90-Grados-Caracter%C3%ADsticas-BGM1145L-ZKTECO.png\" data-src=\"https:\/\/cdn.tvc.mx\/media\/901892\/Barrera-Vehicular-Brazo-4.5mts-Articulado-90-Grados-Caracter%C3%ADsticas-BGM1145L-ZKTECO.png\" \/><\/p>\n<p><strong>FUNCIONES<\/strong><\/p>\n<ul>\n<li>La velocidad de funcionamiento es de 2.5seg (por default para m\u00e1stil articulado)<\/li>\n<li>Modelo de barrera derecha(BG1145R-90) e izquierda(BG1145L-90)<\/li>\n<li>El mecanismo de transmisi\u00f3n es simple, compacto y f\u00e1cil de instalar en sitio.<\/li>\n<li>Dise\u00f1o de chasis LED interactivo y elegante.<\/li>\n<li>Equipado con monitorizaci\u00f3n de control digital, por lo que soporta el retraso en el cierre autom\u00e1tico, la prueba autom\u00e1tica, la visualizaci\u00f3n del estado de la salida de subida\/bajada.<\/li>\n<li>Admite el apagado autom\u00e1tico, la subida manual del brazo de la pluma, el antigolpe y las funciones y con funciones de conexi\u00f3n de emergencia..<\/li>\n<li>El \u00e1ngulo de subida y bajada del brazo se puede ajustar, y se utiliza el codificador digital para limitar la posici\u00f3n autom\u00e1ticamente, sustituyendo as\u00ed el procedimiento de limitaci\u00f3n tradicional. El control de la posici\u00f3n es preciso. El control de posici\u00f3n es preciso.<\/li>\n<li>La bater\u00eda de reserva de 24 VCD puede utilizarse para garantizar el funcionamiento normal de la barrera cuando no hay corriente (solo 1 apertura durante 1 min.) incluida.<\/li>\n<li>El chasis est\u00e1 fabricado con una l\u00e1mina met\u00e1lica de 2.0 mm mediante un proceso electrofor\u00e9tico y de pulverizaci\u00f3n de polvo.<\/li>\n<li>La pluma regresar\u00e1 cuando se encuentre obstruida, se recomienda sensores de seguridad como radares (VR10) o sensores de masa (AXLOOP24)<\/li>\n<\/ul>\n<p><strong>ESPECIFICACIONES TECNICAS<\/strong><\/p>\n<table style=\"height: 460px;\" border=\"n\" width=\"641\" cellspacing=\"10\" cellpadding=\"10\">\n<tbody>\n<tr>\n<td width=\"173\">Tipo de motor<\/td>\n<td width=\"161\">Motor sin escobillas DC 24V<\/td>\n<\/tr>\n<tr>\n<td>Tipo de m\u00e1stil<\/td>\n<td>M\u00e1stil articulado<\/td>\n<\/tr>\n<tr>\n<td>Longitud de m\u00e1stil<\/td>\n<td>1.62m y 2.87m<\/td>\n<\/tr>\n<tr>\n<td>Temperatura de operaci\u00f3n<\/td>\n<td>menos 35\u00b0C hasta 70\u00b0C<\/td>\n<\/tr>\n<tr>\n<td>Voltaje de operaci\u00f3n<\/td>\n<td>AC 220V, 50Hz \/ AC 110V, 60Hz<\/td>\n<\/tr>\n<tr>\n<td>Frecuencia<\/td>\n<td>50 a 60 Hz<\/td>\n<\/tr>\n<tr>\n<td>Consumo de potencia<\/td>\n<td>120W<\/td>\n<\/tr>\n<tr>\n<td>Dimensiones del gabinete<\/td>\n<td>350x300x1020 (mm)<\/td>\n<\/tr>\n<tr>\n<td>Peso neto<\/td>\n<td>45 Kg<\/td>\n<\/tr>\n<tr>\n<td>Alimentaci\u00f3n Motor<\/td>\n<td>24 vdc<\/td>\n<\/tr>\n<\/tbody>\n<\/table>\n","protected":false},"excerpt":{"rendered":"<p>&#8211; La velocidad de funcionamiento es de 2.5seg (por default para m\u00e1stil articulado)<br \/>\n&#8211; Modelo de barrera derecha(BG1145R-90) e izquierda(BG1145L-90)<br \/>\n&#8211; El mecanismo de transmisi\u00f3n es simple, compacto y f\u00e1cil de instalar en sitio.<br \/>\n&#8211; Dise\u00f1o de chasis LED interactivo y elegante.<br \/>\n&#8211; Motor Brushless de 24V con encoder<br \/>\n\u2013 Tarjeta controladora WIFI programable<br \/>\n\u2013 Velocidad de Operaci\u00f3n: 2.5s<br \/>\n\u2013 Longitud del Brazo de la Pluma: 4.5m<br \/>\n\u2013 Tipo de Brazo de Pluma: Brazo articulado 90 grados<br \/>\n\u2013 Direcci\u00f3n del brazo reversible<br \/>\n\u2013 Velocidad de apertura\/cierre ajustable<br \/>\n\u2013 Tecnolog\u00eda LED integrada en el gabinete<br \/>\n\u2013 Longitud del brazo de 3 hasta 6 m<br \/>\n\u2013 Apertura en caso de emergencia<br \/>\n\u2013 \u00c1ngulo de subida\/bajada ajustable<br \/>\n\u2013 Bater\u00eda de respaldo opcional integrada<br \/>\n\u2013 Ciclos por d\u00eda sugeridos: 1,800\/por d\u00eda<br \/>\n\u2013 Rpm: 1500<\/p>\n","protected":false},"featured_media":18305,"comment_status":"open","ping_status":"closed","template":"","meta":{"jetpack_publicize_message":"","jetpack_publicize_feature_enabled":true,"jetpack_social_post_already_shared":true,"jetpack_social_options":{"image_generator_settings":{"template":"highway","default_image_id":0,"font":"","enabled":false},"version":2}},"pwb-brand":[101],"product_brand":[],"product_cat":[514],"product_tag":[],"class_list":{"0":"post-18303","1":"product","2":"type-product","3":"status-publish","4":"has-post-thumbnail","6":"pwb-brand-zkteco-guatemala","7":"product_cat-control-de-acceso-y-seguridad","9":"first","10":"instock","11":"taxable","12":"shipping-taxable","13":"purchasable","14":"product-type-simple"},"yoast_head":"<!-- This site is optimized with the Yoast SEO Premium plugin v25.7.1 (Yoast SEO v26.8) - https:\/\/yoast.com\/product\/yoast-seo-premium-wordpress\/ -->\n<title>Barrera de Acceso Vehicular 4.5mt Brazo Articulado 90\u00b0 Derecha BG114 ZKTeco - Mivoot<\/title>\n<meta name=\"robots\" content=\"index, follow, max-snippet:-1, max-image-preview:large, max-video-preview:-1\" \/>\n<link rel=\"canonical\" href=\"https:\/\/mivoot.com\/gt\/producto\/barrera-vehicular-articulada-90-derecha-bg1145r-90-zkteco\/\" \/>\n<meta property=\"og:locale\" content=\"es_ES\" \/>\n<meta property=\"og:type\" content=\"article\" \/>\n<meta property=\"og:title\" content=\"Barrera de Acceso Vehicular 4.5mt Brazo Articulado 90\u00b0 Derecha BG114 ZKTeco\" \/>\n<meta property=\"og:description\" content=\"- La velocidad de funcionamiento es de 2.5seg (por default para m\u00e1stil articulado) - Modelo de barrera derecha(BG1145R-90) e izquierda(BG1145L-90) - El mecanismo de transmisi\u00f3n es simple, compacto y f\u00e1cil de instalar en sitio. - Dise\u00f1o de chasis LED interactivo y elegante. - Motor Brushless de 24V con encoder \u2013 Tarjeta controladora WIFI programable \u2013 Velocidad de Operaci\u00f3n: 2.5s \u2013 Longitud del Brazo de la Pluma: 4.5m \u2013 Tipo de Brazo de Pluma: Brazo articulado 90 grados \u2013 Direcci\u00f3n del brazo reversible \u2013 Velocidad de apertura\/cierre ajustable \u2013 Tecnolog\u00eda LED integrada en el gabinete \u2013 Longitud del brazo de 3 hasta 6 m \u2013 Apertura en caso de emergencia \u2013 \u00c1ngulo de subida\/bajada ajustable \u2013 Bater\u00eda de respaldo opcional integrada \u2013 Ciclos por d\u00eda sugeridos: 1,800\/por d\u00eda \u2013 Rpm: 1500\" \/>\n<meta property=\"og:url\" content=\"https:\/\/mivoot.com\/gt\/producto\/barrera-vehicular-articulada-90-derecha-bg1145r-90-zkteco\/\" \/>\n<meta property=\"og:site_name\" content=\"Mivoot\" \/>\n<meta property=\"article:publisher\" content=\"https:\/\/www.facebook.com\/mivootgt\" \/>\n<meta property=\"article:modified_time\" content=\"2025-01-22T16:52:01+00:00\" \/>\n<meta property=\"og:image\" content=\"https:\/\/mivoot.com\/gt\/wp-content\/uploads\/2024\/03\/167259_CCM52ZKT14.jpg\" \/>\n\t<meta property=\"og:image:width\" content=\"800\" \/>\n\t<meta property=\"og:image:height\" content=\"800\" \/>\n\t<meta property=\"og:image:type\" content=\"image\/jpeg\" \/>\n<meta name=\"twitter:card\" content=\"summary_large_image\" \/>\n<meta name=\"twitter:label1\" content=\"Est. reading time\" \/>\n\t<meta name=\"twitter:data1\" content=\"3 minutos\" \/>\n<script type=\"application\/ld+json\" class=\"yoast-schema-graph\">{\"@context\":\"https:\/\/schema.org\",\"@graph\":[{\"@type\":\"WebPage\",\"@id\":\"https:\/\/mivoot.com\/gt\/producto\/barrera-vehicular-articulada-90-derecha-bg1145r-90-zkteco\/\",\"url\":\"https:\/\/mivoot.com\/gt\/producto\/barrera-vehicular-articulada-90-derecha-bg1145r-90-zkteco\/\",\"name\":\"Barrera de Acceso Vehicular 4.5mt Brazo Articulado 90\u00b0 Derecha BG114 ZKTeco - Mivoot\",\"isPartOf\":{\"@id\":\"https:\/\/mivoot.com\/gt\/#website\"},\"primaryImageOfPage\":{\"@id\":\"https:\/\/mivoot.com\/gt\/producto\/barrera-vehicular-articulada-90-derecha-bg1145r-90-zkteco\/#primaryimage\"},\"image\":{\"@id\":\"https:\/\/mivoot.com\/gt\/producto\/barrera-vehicular-articulada-90-derecha-bg1145r-90-zkteco\/#primaryimage\"},\"thumbnailUrl\":\"https:\/\/mivoot.com\/gt\/wp-content\/uploads\/2024\/03\/167259_CCM52ZKT14.jpg\",\"datePublished\":\"2024-03-27T02:39:13+00:00\",\"dateModified\":\"2025-01-22T16:52:01+00:00\",\"breadcrumb\":{\"@id\":\"https:\/\/mivoot.com\/gt\/producto\/barrera-vehicular-articulada-90-derecha-bg1145r-90-zkteco\/#breadcrumb\"},\"inLanguage\":\"es\",\"potentialAction\":[{\"@type\":\"ReadAction\",\"target\":[\"https:\/\/mivoot.com\/gt\/producto\/barrera-vehicular-articulada-90-derecha-bg1145r-90-zkteco\/\"]}]},{\"@type\":\"ImageObject\",\"inLanguage\":\"es\",\"@id\":\"https:\/\/mivoot.com\/gt\/producto\/barrera-vehicular-articulada-90-derecha-bg1145r-90-zkteco\/#primaryimage\",\"url\":\"https:\/\/mivoot.com\/gt\/wp-content\/uploads\/2024\/03\/167259_CCM52ZKT14.jpg\",\"contentUrl\":\"https:\/\/mivoot.com\/gt\/wp-content\/uploads\/2024\/03\/167259_CCM52ZKT14.jpg\",\"width\":800,\"height\":800},{\"@type\":\"BreadcrumbList\",\"@id\":\"https:\/\/mivoot.com\/gt\/producto\/barrera-vehicular-articulada-90-derecha-bg1145r-90-zkteco\/#breadcrumb\",\"itemListElement\":[{\"@type\":\"ListItem\",\"position\":1,\"name\":\"Inicio\",\"item\":\"https:\/\/mivoot.com\/gt\/\"},{\"@type\":\"ListItem\",\"position\":2,\"name\":\"Productos\",\"item\":\"https:\/\/mivoot.com\/gt\/producto\/\"},{\"@type\":\"ListItem\",\"position\":3,\"name\":\"ZKTeco\",\"item\":\"https:\/\/mivoot.com\/gt\/marca\/zkteco-guatemala\/\"},{\"@type\":\"ListItem\",\"position\":4,\"name\":\"Barrera de Acceso Vehicular 4.5mt Brazo Articulado 90\u00b0 Derecha BG114 ZKTeco\"}]},{\"@type\":\"WebSite\",\"@id\":\"https:\/\/mivoot.com\/gt\/#website\",\"url\":\"https:\/\/mivoot.com\/gt\/\",\"name\":\"Mivoot\",\"description\":\"Mivoot Guatemala | Tienda Online\",\"publisher\":{\"@id\":\"https:\/\/mivoot.com\/gt\/#organization\"},\"alternateName\":\"mivoot\",\"potentialAction\":[{\"@type\":\"SearchAction\",\"target\":{\"@type\":\"EntryPoint\",\"urlTemplate\":\"https:\/\/mivoot.com\/gt\/?s={search_term_string}\"},\"query-input\":{\"@type\":\"PropertyValueSpecification\",\"valueRequired\":true,\"valueName\":\"search_term_string\"}}],\"inLanguage\":\"es\"},{\"@type\":\"Organization\",\"@id\":\"https:\/\/mivoot.com\/gt\/#organization\",\"name\":\"Mivoot Guatemala\",\"alternateName\":\"mivoot.com\",\"url\":\"https:\/\/mivoot.com\/gt\/\",\"logo\":{\"@type\":\"ImageObject\",\"inLanguage\":\"es\",\"@id\":\"https:\/\/mivoot.com\/gt\/#\/schema\/logo\/image\/\",\"url\":\"https:\/\/mivoot.com\/gt\/wp-content\/uploads\/2023\/03\/cropped-icon.png\",\"contentUrl\":\"https:\/\/mivoot.com\/gt\/wp-content\/uploads\/2023\/03\/cropped-icon.png\",\"width\":512,\"height\":512,\"caption\":\"Mivoot Guatemala\"},\"image\":{\"@id\":\"https:\/\/mivoot.com\/gt\/#\/schema\/logo\/image\/\"},\"sameAs\":[\"https:\/\/www.facebook.com\/mivootgt\",\"https:\/\/instagram.com\/mivoot\"]}]}<\/script>\n<!-- \/ Yoast SEO Premium plugin. -->","yoast_head_json":{"title":"Barrera de Acceso Vehicular 4.5mt Brazo Articulado 90\u00b0 Derecha BG114 ZKTeco - Mivoot","robots":{"index":"index","follow":"follow","max-snippet":"max-snippet:-1","max-image-preview":"max-image-preview:large","max-video-preview":"max-video-preview:-1"},"canonical":"https:\/\/mivoot.com\/gt\/producto\/barrera-vehicular-articulada-90-derecha-bg1145r-90-zkteco\/","og_locale":"es_ES","og_type":"article","og_title":"Barrera de Acceso Vehicular 4.5mt Brazo Articulado 90\u00b0 Derecha BG114 ZKTeco","og_description":"- La velocidad de funcionamiento es de 2.5seg (por default para m\u00e1stil articulado) - Modelo de barrera derecha(BG1145R-90) e izquierda(BG1145L-90) - El mecanismo de transmisi\u00f3n es simple, compacto y f\u00e1cil de instalar en sitio. - Dise\u00f1o de chasis LED interactivo y elegante. - Motor Brushless de 24V con encoder \u2013 Tarjeta controladora WIFI programable \u2013 Velocidad de Operaci\u00f3n: 2.5s \u2013 Longitud del Brazo de la Pluma: 4.5m \u2013 Tipo de Brazo de Pluma: Brazo articulado 90 grados \u2013 Direcci\u00f3n del brazo reversible \u2013 Velocidad de apertura\/cierre ajustable \u2013 Tecnolog\u00eda LED integrada en el gabinete \u2013 Longitud del brazo de 3 hasta 6 m \u2013 Apertura en caso de emergencia \u2013 \u00c1ngulo de subida\/bajada ajustable \u2013 Bater\u00eda de respaldo opcional integrada \u2013 Ciclos por d\u00eda sugeridos: 1,800\/por d\u00eda \u2013 Rpm: 1500","og_url":"https:\/\/mivoot.com\/gt\/producto\/barrera-vehicular-articulada-90-derecha-bg1145r-90-zkteco\/","og_site_name":"Mivoot","article_publisher":"https:\/\/www.facebook.com\/mivootgt","article_modified_time":"2025-01-22T16:52:01+00:00","og_image":[{"width":800,"height":800,"url":"https:\/\/mivoot.com\/gt\/wp-content\/uploads\/2024\/03\/167259_CCM52ZKT14.jpg","type":"image\/jpeg"}],"twitter_card":"summary_large_image","twitter_misc":{"Est. reading time":"3 minutos"},"schema":{"@context":"https:\/\/schema.org","@graph":[{"@type":"WebPage","@id":"https:\/\/mivoot.com\/gt\/producto\/barrera-vehicular-articulada-90-derecha-bg1145r-90-zkteco\/","url":"https:\/\/mivoot.com\/gt\/producto\/barrera-vehicular-articulada-90-derecha-bg1145r-90-zkteco\/","name":"Barrera de Acceso Vehicular 4.5mt Brazo Articulado 90\u00b0 Derecha BG114 ZKTeco - Mivoot","isPartOf":{"@id":"https:\/\/mivoot.com\/gt\/#website"},"primaryImageOfPage":{"@id":"https:\/\/mivoot.com\/gt\/producto\/barrera-vehicular-articulada-90-derecha-bg1145r-90-zkteco\/#primaryimage"},"image":{"@id":"https:\/\/mivoot.com\/gt\/producto\/barrera-vehicular-articulada-90-derecha-bg1145r-90-zkteco\/#primaryimage"},"thumbnailUrl":"https:\/\/mivoot.com\/gt\/wp-content\/uploads\/2024\/03\/167259_CCM52ZKT14.jpg","datePublished":"2024-03-27T02:39:13+00:00","dateModified":"2025-01-22T16:52:01+00:00","breadcrumb":{"@id":"https:\/\/mivoot.com\/gt\/producto\/barrera-vehicular-articulada-90-derecha-bg1145r-90-zkteco\/#breadcrumb"},"inLanguage":"es","potentialAction":[{"@type":"ReadAction","target":["https:\/\/mivoot.com\/gt\/producto\/barrera-vehicular-articulada-90-derecha-bg1145r-90-zkteco\/"]}]},{"@type":"ImageObject","inLanguage":"es","@id":"https:\/\/mivoot.com\/gt\/producto\/barrera-vehicular-articulada-90-derecha-bg1145r-90-zkteco\/#primaryimage","url":"https:\/\/mivoot.com\/gt\/wp-content\/uploads\/2024\/03\/167259_CCM52ZKT14.jpg","contentUrl":"https:\/\/mivoot.com\/gt\/wp-content\/uploads\/2024\/03\/167259_CCM52ZKT14.jpg","width":800,"height":800},{"@type":"BreadcrumbList","@id":"https:\/\/mivoot.com\/gt\/producto\/barrera-vehicular-articulada-90-derecha-bg1145r-90-zkteco\/#breadcrumb","itemListElement":[{"@type":"ListItem","position":1,"name":"Inicio","item":"https:\/\/mivoot.com\/gt\/"},{"@type":"ListItem","position":2,"name":"Productos","item":"https:\/\/mivoot.com\/gt\/producto\/"},{"@type":"ListItem","position":3,"name":"ZKTeco","item":"https:\/\/mivoot.com\/gt\/marca\/zkteco-guatemala\/"},{"@type":"ListItem","position":4,"name":"Barrera de Acceso Vehicular 4.5mt Brazo Articulado 90\u00b0 Derecha BG114 ZKTeco"}]},{"@type":"WebSite","@id":"https:\/\/mivoot.com\/gt\/#website","url":"https:\/\/mivoot.com\/gt\/","name":"Mivoot","description":"Mivoot Guatemala | Tienda Online","publisher":{"@id":"https:\/\/mivoot.com\/gt\/#organization"},"alternateName":"mivoot","potentialAction":[{"@type":"SearchAction","target":{"@type":"EntryPoint","urlTemplate":"https:\/\/mivoot.com\/gt\/?s={search_term_string}"},"query-input":{"@type":"PropertyValueSpecification","valueRequired":true,"valueName":"search_term_string"}}],"inLanguage":"es"},{"@type":"Organization","@id":"https:\/\/mivoot.com\/gt\/#organization","name":"Mivoot Guatemala","alternateName":"mivoot.com","url":"https:\/\/mivoot.com\/gt\/","logo":{"@type":"ImageObject","inLanguage":"es","@id":"https:\/\/mivoot.com\/gt\/#\/schema\/logo\/image\/","url":"https:\/\/mivoot.com\/gt\/wp-content\/uploads\/2023\/03\/cropped-icon.png","contentUrl":"https:\/\/mivoot.com\/gt\/wp-content\/uploads\/2023\/03\/cropped-icon.png","width":512,"height":512,"caption":"Mivoot Guatemala"},"image":{"@id":"https:\/\/mivoot.com\/gt\/#\/schema\/logo\/image\/"},"sameAs":["https:\/\/www.facebook.com\/mivootgt","https:\/\/instagram.com\/mivoot"]}]}},"jetpack_publicize_connections":[],"jetpack_sharing_enabled":true,"brands":[{"id":101,"name":"ZKTeco","slug":"zkteco-guatemala"}],"_links":{"self":[{"href":"https:\/\/mivoot.com\/gt\/wp-json\/wp\/v2\/product\/18303","targetHints":{"allow":["GET"]}}],"collection":[{"href":"https:\/\/mivoot.com\/gt\/wp-json\/wp\/v2\/product"}],"about":[{"href":"https:\/\/mivoot.com\/gt\/wp-json\/wp\/v2\/types\/product"}],"replies":[{"embeddable":true,"href":"https:\/\/mivoot.com\/gt\/wp-json\/wp\/v2\/comments?post=18303"}],"version-history":[{"count":3,"href":"https:\/\/mivoot.com\/gt\/wp-json\/wp\/v2\/product\/18303\/revisions"}],"predecessor-version":[{"id":25234,"href":"https:\/\/mivoot.com\/gt\/wp-json\/wp\/v2\/product\/18303\/revisions\/25234"}],"wp:featuredmedia":[{"embeddable":true,"href":"https:\/\/mivoot.com\/gt\/wp-json\/wp\/v2\/media\/18305"}],"wp:attachment":[{"href":"https:\/\/mivoot.com\/gt\/wp-json\/wp\/v2\/media?parent=18303"}],"wp:term":[{"taxonomy":"pwb-brand","embeddable":true,"href":"https:\/\/mivoot.com\/gt\/wp-json\/wp\/v2\/pwb-brand?post=18303"},{"taxonomy":"product_brand","embeddable":true,"href":"https:\/\/mivoot.com\/gt\/wp-json\/wp\/v2\/product_brand?post=18303"},{"taxonomy":"product_cat","embeddable":true,"href":"https:\/\/mivoot.com\/gt\/wp-json\/wp\/v2\/product_cat?post=18303"},{"taxonomy":"product_tag","embeddable":true,"href":"https:\/\/mivoot.com\/gt\/wp-json\/wp\/v2\/product_tag?post=18303"}],"curies":[{"name":"wp","href":"https:\/\/api.w.org\/{rel}","templated":true}]}}