{"id":18308,"date":"2024-03-26T20:47:12","date_gmt":"2024-03-27T02:47:12","guid":{"rendered":"https:\/\/mivoot.com\/gt\/?post_type=product&#038;p=18308"},"modified":"2025-08-13T21:03:09","modified_gmt":"2025-08-14T03:03:09","slug":"barrera-vehicular-automatica-izquierda-cmp200l-zkteco","status":"publish","type":"product","link":"https:\/\/mivoot.com\/gt\/producto\/barrera-vehicular-automatica-izquierda-cmp200l-zkteco\/","title":{"rendered":"Barrera Vehicular Autom\u00e1tica Izquierda CMP200L ZKTeco"},"content":{"rendered":"<p>La barrera vehicular autom\u00e1tica CMP200 es un producto propio desarrollado por ZKTeco, complemento ideal para control de acceso en estacionamientos p\u00fablicos o privados. ZKTeco ha implementado un dise\u00f1o elegante con un robusto motor para brindar un servicio confiable de alta disponibilidad al precio m\u00e1s competitivo del mercado.<\/p>\n<h3 class=\"x-show-title\">Par\u00e1metros<\/h3>\n<ul>\n<li>Hora de apertura\/cierre de la puerta 3 s (m\u00e1x. 4,5 m), 6 s (m\u00e1x. 6 m)<\/li>\n<li>Voltaje de suministro CA 110 V\/220 V, 50\/60 Hz.<\/li>\n<li>El consumo de energ\u00eda 100W (m\u00e1x. 120W)<\/li>\n<li>Distancia de control remoto \u2264 30m<\/li>\n<li>Frecuencia de control remoto 430MHz<\/li>\n<li>Material del gabinete Acero laminado en fr\u00edo<\/li>\n<li>Material de la pluma Aluminio y madera<\/li>\n<li>Temperatura de funcionamiento -25\u00b0C ~ +75\u00b0C<\/li>\n<li>Humedad de funcionamiento \u2264 90%<\/li>\n<li>Dimensiones de la carcasa 350*280*1010 (mil\u00edmetros)<\/li>\n<li>Dimensiones de embalaje 430*375*1100 (mil\u00edmetros)<\/li>\n<li>Peso 45kg<\/li>\n<li>Peso bruto 47kg<\/li>\n<li>Tipo de pluma Pluma telesc\u00f3pica recta<\/li>\n<li>Peso de la pluma 3,5 kg (4,5 m), 4,5 kg (6 m)<\/li>\n<li>Longitud del auge 4,5 m (longitud del embalaje 2,8 m), 6 m (longitud del embalaje 3,6 m)<\/li>\n<\/ul>\n","protected":false},"excerpt":{"rendered":"<p>&#8211; Iluminaci\u00f3n inteligente que indica el estado de apertura de la barrera.<br \/>\n&#8211; Precisi\u00f3n en el dise\u00f1o, cada componente es fabricado con la m\u00e1s alta calidad<br \/>\n&#8211; Capacidad de desactivar el motor en caso de que \u00e9ste impacte con algo para evitar da\u00f1os.<br \/>\n&#8211; Brazo telesc\u00f3pico que permite ajustar manualmente su longitud sin necesidad de cortes<\/p>\n","protected":false},"featured_media":18311,"comment_status":"open","ping_status":"closed","template":"","meta":{"jetpack_publicize_message":"","jetpack_publicize_feature_enabled":true,"jetpack_social_post_already_shared":true,"jetpack_social_options":{"image_generator_settings":{"template":"highway","default_image_id":0,"font":"","enabled":false},"version":2}},"pwb-brand":[101],"product_brand":[],"product_cat":[514],"product_tag":[],"class_list":{"0":"post-18308","1":"product","2":"type-product","3":"status-publish","4":"has-post-thumbnail","6":"pwb-brand-zkteco-guatemala","7":"product_cat-control-de-acceso-y-seguridad","9":"first","10":"instock","11":"sale","12":"taxable","13":"shipping-taxable","14":"purchasable","15":"product-type-simple"},"yoast_head":"<!-- This site is optimized with the Yoast SEO Premium plugin v25.7.1 (Yoast SEO v26.8) - https:\/\/yoast.com\/product\/yoast-seo-premium-wordpress\/ -->\n<title>Barrera Vehicular Autom\u00e1tica Izquierda CMP200L ZKTeco - Mivoot<\/title>\n<meta name=\"robots\" content=\"index, follow, max-snippet:-1, max-image-preview:large, max-video-preview:-1\" \/>\n<link rel=\"canonical\" href=\"https:\/\/mivoot.com\/gt\/producto\/barrera-vehicular-automatica-izquierda-cmp200l-zkteco\/\" \/>\n<meta property=\"og:locale\" content=\"es_ES\" \/>\n<meta property=\"og:type\" content=\"article\" \/>\n<meta property=\"og:title\" content=\"Barrera Vehicular Autom\u00e1tica Izquierda CMP200L ZKTeco\" \/>\n<meta property=\"og:description\" content=\"- Iluminaci\u00f3n inteligente que indica el estado de apertura de la barrera. - Precisi\u00f3n en el dise\u00f1o, cada componente es fabricado con la m\u00e1s alta calidad - Capacidad de desactivar el motor en caso de que \u00e9ste impacte con algo para evitar da\u00f1os. - Brazo telesc\u00f3pico que permite ajustar manualmente su longitud sin necesidad de cortes\" \/>\n<meta property=\"og:url\" content=\"https:\/\/mivoot.com\/gt\/producto\/barrera-vehicular-automatica-izquierda-cmp200l-zkteco\/\" \/>\n<meta property=\"og:site_name\" content=\"Mivoot\" \/>\n<meta property=\"article:publisher\" content=\"https:\/\/www.facebook.com\/mivootgt\" \/>\n<meta property=\"article:modified_time\" content=\"2025-08-14T03:03:09+00:00\" \/>\n<meta property=\"og:image\" content=\"https:\/\/mivoot.com\/gt\/wp-content\/uploads\/2024\/03\/CMP200.png\" \/>\n\t<meta property=\"og:image:width\" content=\"400\" \/>\n\t<meta property=\"og:image:height\" content=\"400\" \/>\n\t<meta property=\"og:image:type\" content=\"image\/png\" \/>\n<meta name=\"twitter:card\" content=\"summary_large_image\" \/>\n<meta name=\"twitter:label1\" content=\"Est. reading time\" \/>\n\t<meta name=\"twitter:data1\" content=\"1 minuto\" \/>\n<script type=\"application\/ld+json\" class=\"yoast-schema-graph\">{\"@context\":\"https:\/\/schema.org\",\"@graph\":[{\"@type\":\"WebPage\",\"@id\":\"https:\/\/mivoot.com\/gt\/producto\/barrera-vehicular-automatica-izquierda-cmp200l-zkteco\/\",\"url\":\"https:\/\/mivoot.com\/gt\/producto\/barrera-vehicular-automatica-izquierda-cmp200l-zkteco\/\",\"name\":\"Barrera Vehicular Autom\u00e1tica Izquierda CMP200L ZKTeco - Mivoot\",\"isPartOf\":{\"@id\":\"https:\/\/mivoot.com\/gt\/#website\"},\"primaryImageOfPage\":{\"@id\":\"https:\/\/mivoot.com\/gt\/producto\/barrera-vehicular-automatica-izquierda-cmp200l-zkteco\/#primaryimage\"},\"image\":{\"@id\":\"https:\/\/mivoot.com\/gt\/producto\/barrera-vehicular-automatica-izquierda-cmp200l-zkteco\/#primaryimage\"},\"thumbnailUrl\":\"https:\/\/mivoot.com\/gt\/wp-content\/uploads\/2024\/03\/CMP200.png\",\"datePublished\":\"2024-03-27T02:47:12+00:00\",\"dateModified\":\"2025-08-14T03:03:09+00:00\",\"breadcrumb\":{\"@id\":\"https:\/\/mivoot.com\/gt\/producto\/barrera-vehicular-automatica-izquierda-cmp200l-zkteco\/#breadcrumb\"},\"inLanguage\":\"es\",\"potentialAction\":[{\"@type\":\"ReadAction\",\"target\":[\"https:\/\/mivoot.com\/gt\/producto\/barrera-vehicular-automatica-izquierda-cmp200l-zkteco\/\"]}]},{\"@type\":\"ImageObject\",\"inLanguage\":\"es\",\"@id\":\"https:\/\/mivoot.com\/gt\/producto\/barrera-vehicular-automatica-izquierda-cmp200l-zkteco\/#primaryimage\",\"url\":\"https:\/\/mivoot.com\/gt\/wp-content\/uploads\/2024\/03\/CMP200.png\",\"contentUrl\":\"https:\/\/mivoot.com\/gt\/wp-content\/uploads\/2024\/03\/CMP200.png\",\"width\":400,\"height\":400},{\"@type\":\"BreadcrumbList\",\"@id\":\"https:\/\/mivoot.com\/gt\/producto\/barrera-vehicular-automatica-izquierda-cmp200l-zkteco\/#breadcrumb\",\"itemListElement\":[{\"@type\":\"ListItem\",\"position\":1,\"name\":\"Inicio\",\"item\":\"https:\/\/mivoot.com\/gt\/\"},{\"@type\":\"ListItem\",\"position\":2,\"name\":\"Productos\",\"item\":\"https:\/\/mivoot.com\/gt\/producto\/\"},{\"@type\":\"ListItem\",\"position\":3,\"name\":\"ZKTeco\",\"item\":\"https:\/\/mivoot.com\/gt\/marca\/zkteco-guatemala\/\"},{\"@type\":\"ListItem\",\"position\":4,\"name\":\"Barrera Vehicular Autom\u00e1tica Izquierda CMP200L ZKTeco\"}]},{\"@type\":\"WebSite\",\"@id\":\"https:\/\/mivoot.com\/gt\/#website\",\"url\":\"https:\/\/mivoot.com\/gt\/\",\"name\":\"Mivoot\",\"description\":\"Mivoot Guatemala | Tienda Online\",\"publisher\":{\"@id\":\"https:\/\/mivoot.com\/gt\/#organization\"},\"alternateName\":\"mivoot\",\"potentialAction\":[{\"@type\":\"SearchAction\",\"target\":{\"@type\":\"EntryPoint\",\"urlTemplate\":\"https:\/\/mivoot.com\/gt\/?s={search_term_string}\"},\"query-input\":{\"@type\":\"PropertyValueSpecification\",\"valueRequired\":true,\"valueName\":\"search_term_string\"}}],\"inLanguage\":\"es\"},{\"@type\":\"Organization\",\"@id\":\"https:\/\/mivoot.com\/gt\/#organization\",\"name\":\"Mivoot Guatemala\",\"alternateName\":\"mivoot.com\",\"url\":\"https:\/\/mivoot.com\/gt\/\",\"logo\":{\"@type\":\"ImageObject\",\"inLanguage\":\"es\",\"@id\":\"https:\/\/mivoot.com\/gt\/#\/schema\/logo\/image\/\",\"url\":\"https:\/\/mivoot.com\/gt\/wp-content\/uploads\/2023\/03\/cropped-icon.png\",\"contentUrl\":\"https:\/\/mivoot.com\/gt\/wp-content\/uploads\/2023\/03\/cropped-icon.png\",\"width\":512,\"height\":512,\"caption\":\"Mivoot Guatemala\"},\"image\":{\"@id\":\"https:\/\/mivoot.com\/gt\/#\/schema\/logo\/image\/\"},\"sameAs\":[\"https:\/\/www.facebook.com\/mivootgt\",\"https:\/\/instagram.com\/mivoot\"]}]}<\/script>\n<!-- \/ Yoast SEO Premium plugin. -->","yoast_head_json":{"title":"Barrera Vehicular Autom\u00e1tica Izquierda CMP200L ZKTeco - Mivoot","robots":{"index":"index","follow":"follow","max-snippet":"max-snippet:-1","max-image-preview":"max-image-preview:large","max-video-preview":"max-video-preview:-1"},"canonical":"https:\/\/mivoot.com\/gt\/producto\/barrera-vehicular-automatica-izquierda-cmp200l-zkteco\/","og_locale":"es_ES","og_type":"article","og_title":"Barrera Vehicular Autom\u00e1tica Izquierda CMP200L ZKTeco","og_description":"- Iluminaci\u00f3n inteligente que indica el estado de apertura de la barrera. - Precisi\u00f3n en el dise\u00f1o, cada componente es fabricado con la m\u00e1s alta calidad - Capacidad de desactivar el motor en caso de que \u00e9ste impacte con algo para evitar da\u00f1os. - Brazo telesc\u00f3pico que permite ajustar manualmente su longitud sin necesidad de cortes","og_url":"https:\/\/mivoot.com\/gt\/producto\/barrera-vehicular-automatica-izquierda-cmp200l-zkteco\/","og_site_name":"Mivoot","article_publisher":"https:\/\/www.facebook.com\/mivootgt","article_modified_time":"2025-08-14T03:03:09+00:00","og_image":[{"width":400,"height":400,"url":"https:\/\/mivoot.com\/gt\/wp-content\/uploads\/2024\/03\/CMP200.png","type":"image\/png"}],"twitter_card":"summary_large_image","twitter_misc":{"Est. reading time":"1 minuto"},"schema":{"@context":"https:\/\/schema.org","@graph":[{"@type":"WebPage","@id":"https:\/\/mivoot.com\/gt\/producto\/barrera-vehicular-automatica-izquierda-cmp200l-zkteco\/","url":"https:\/\/mivoot.com\/gt\/producto\/barrera-vehicular-automatica-izquierda-cmp200l-zkteco\/","name":"Barrera Vehicular Autom\u00e1tica Izquierda CMP200L ZKTeco - Mivoot","isPartOf":{"@id":"https:\/\/mivoot.com\/gt\/#website"},"primaryImageOfPage":{"@id":"https:\/\/mivoot.com\/gt\/producto\/barrera-vehicular-automatica-izquierda-cmp200l-zkteco\/#primaryimage"},"image":{"@id":"https:\/\/mivoot.com\/gt\/producto\/barrera-vehicular-automatica-izquierda-cmp200l-zkteco\/#primaryimage"},"thumbnailUrl":"https:\/\/mivoot.com\/gt\/wp-content\/uploads\/2024\/03\/CMP200.png","datePublished":"2024-03-27T02:47:12+00:00","dateModified":"2025-08-14T03:03:09+00:00","breadcrumb":{"@id":"https:\/\/mivoot.com\/gt\/producto\/barrera-vehicular-automatica-izquierda-cmp200l-zkteco\/#breadcrumb"},"inLanguage":"es","potentialAction":[{"@type":"ReadAction","target":["https:\/\/mivoot.com\/gt\/producto\/barrera-vehicular-automatica-izquierda-cmp200l-zkteco\/"]}]},{"@type":"ImageObject","inLanguage":"es","@id":"https:\/\/mivoot.com\/gt\/producto\/barrera-vehicular-automatica-izquierda-cmp200l-zkteco\/#primaryimage","url":"https:\/\/mivoot.com\/gt\/wp-content\/uploads\/2024\/03\/CMP200.png","contentUrl":"https:\/\/mivoot.com\/gt\/wp-content\/uploads\/2024\/03\/CMP200.png","width":400,"height":400},{"@type":"BreadcrumbList","@id":"https:\/\/mivoot.com\/gt\/producto\/barrera-vehicular-automatica-izquierda-cmp200l-zkteco\/#breadcrumb","itemListElement":[{"@type":"ListItem","position":1,"name":"Inicio","item":"https:\/\/mivoot.com\/gt\/"},{"@type":"ListItem","position":2,"name":"Productos","item":"https:\/\/mivoot.com\/gt\/producto\/"},{"@type":"ListItem","position":3,"name":"ZKTeco","item":"https:\/\/mivoot.com\/gt\/marca\/zkteco-guatemala\/"},{"@type":"ListItem","position":4,"name":"Barrera Vehicular Autom\u00e1tica Izquierda CMP200L ZKTeco"}]},{"@type":"WebSite","@id":"https:\/\/mivoot.com\/gt\/#website","url":"https:\/\/mivoot.com\/gt\/","name":"Mivoot","description":"Mivoot Guatemala | Tienda Online","publisher":{"@id":"https:\/\/mivoot.com\/gt\/#organization"},"alternateName":"mivoot","potentialAction":[{"@type":"SearchAction","target":{"@type":"EntryPoint","urlTemplate":"https:\/\/mivoot.com\/gt\/?s={search_term_string}"},"query-input":{"@type":"PropertyValueSpecification","valueRequired":true,"valueName":"search_term_string"}}],"inLanguage":"es"},{"@type":"Organization","@id":"https:\/\/mivoot.com\/gt\/#organization","name":"Mivoot Guatemala","alternateName":"mivoot.com","url":"https:\/\/mivoot.com\/gt\/","logo":{"@type":"ImageObject","inLanguage":"es","@id":"https:\/\/mivoot.com\/gt\/#\/schema\/logo\/image\/","url":"https:\/\/mivoot.com\/gt\/wp-content\/uploads\/2023\/03\/cropped-icon.png","contentUrl":"https:\/\/mivoot.com\/gt\/wp-content\/uploads\/2023\/03\/cropped-icon.png","width":512,"height":512,"caption":"Mivoot Guatemala"},"image":{"@id":"https:\/\/mivoot.com\/gt\/#\/schema\/logo\/image\/"},"sameAs":["https:\/\/www.facebook.com\/mivootgt","https:\/\/instagram.com\/mivoot"]}]}},"jetpack_publicize_connections":[],"jetpack_sharing_enabled":true,"brands":[{"id":101,"name":"ZKTeco","slug":"zkteco-guatemala"}],"_links":{"self":[{"href":"https:\/\/mivoot.com\/gt\/wp-json\/wp\/v2\/product\/18308","targetHints":{"allow":["GET"]}}],"collection":[{"href":"https:\/\/mivoot.com\/gt\/wp-json\/wp\/v2\/product"}],"about":[{"href":"https:\/\/mivoot.com\/gt\/wp-json\/wp\/v2\/types\/product"}],"replies":[{"embeddable":true,"href":"https:\/\/mivoot.com\/gt\/wp-json\/wp\/v2\/comments?post=18308"}],"version-history":[{"count":2,"href":"https:\/\/mivoot.com\/gt\/wp-json\/wp\/v2\/product\/18308\/revisions"}],"predecessor-version":[{"id":29424,"href":"https:\/\/mivoot.com\/gt\/wp-json\/wp\/v2\/product\/18308\/revisions\/29424"}],"wp:featuredmedia":[{"embeddable":true,"href":"https:\/\/mivoot.com\/gt\/wp-json\/wp\/v2\/media\/18311"}],"wp:attachment":[{"href":"https:\/\/mivoot.com\/gt\/wp-json\/wp\/v2\/media?parent=18308"}],"wp:term":[{"taxonomy":"pwb-brand","embeddable":true,"href":"https:\/\/mivoot.com\/gt\/wp-json\/wp\/v2\/pwb-brand?post=18308"},{"taxonomy":"product_brand","embeddable":true,"href":"https:\/\/mivoot.com\/gt\/wp-json\/wp\/v2\/product_brand?post=18308"},{"taxonomy":"product_cat","embeddable":true,"href":"https:\/\/mivoot.com\/gt\/wp-json\/wp\/v2\/product_cat?post=18308"},{"taxonomy":"product_tag","embeddable":true,"href":"https:\/\/mivoot.com\/gt\/wp-json\/wp\/v2\/product_tag?post=18308"}],"curies":[{"name":"wp","href":"https:\/\/api.w.org\/{rel}","templated":true}]}}