{"id":18348,"date":"2024-03-26T21:26:38","date_gmt":"2024-03-27T03:26:38","guid":{"rendered":"https:\/\/mivoot.com\/gt\/?post_type=product&#038;p=18348"},"modified":"2024-04-06T12:27:21","modified_gmt":"2024-04-06T18:27:21","slug":"control-de-acceso-reconocimiento-facial-horus-tl2-zkteco","status":"publish","type":"product","link":"https:\/\/mivoot.com\/gt\/producto\/control-de-acceso-reconocimiento-facial-horus-tl2-zkteco\/","title":{"rendered":"Control de Acceso Reconocimiento Facial Inal\u00e1mbrico Wi-Fi Horus TL2 ZKTeco"},"content":{"rendered":"<p>Horus TL2 es un sofisticado Dispositivo Inteligente de Control de Acceso y Asistencia Facial que re\u00fane una serie de caracter\u00edsticas avanzadas para proporcionar una experiencia de seguridad excepcional en entornos empresariales y de oficina.<\/p>\n<p>Utiliza una pantalla t\u00e1ctil de 2,8 pulgadas y una c\u00e1mara de 2MP, que admite el reconocimiento facial de luz visible. Puede ofrecer un algoritmo Anti-spoofing contra la mayor\u00eda de las fotos en color y en blanco y negro, ataques de videos y ataques de m\u00e1scara 3D.<\/p>\n<p>Con un dise\u00f1o compacto y una calidad insuperable, Horus TL2 ha sido dise\u00f1ado para ofrecer una soluci\u00f3n de entrada inteligente y confiable que agiliza y fortalece el control de acceso en su espacio de trabajo.<\/p>\n<ul>\n<li><strong>Reconocimiento facial proactivo<\/strong>: Reconocimiento facial de luz visible<\/li>\n<li><strong>Informe de autoservicio<\/strong>: Verifique todos los registros de acceso<\/li>\n<li><strong>Acceso sin conexi\u00f3n<\/strong>: Ejecute el control de acceso normalmente incluso sin red<\/li>\n<li><strong>Wi-Fi<\/strong>: Funciona con una red Wi-Fi segura de 2,4 GHz<\/li>\n<li><strong>Pantalla t\u00e1ctil<\/strong>: F\u00e1cil de entender y operar<\/li>\n<li><strong>Datos cifrados locales<\/strong>: Solo almacenamiento local de datos de usuario para proteger la privacidad de los empleados<\/li>\n<\/ul>\n<p><img decoding=\"async\" src=\"https:\/\/d20ohkaloyme4g.cloudfront.net\/img\/document_thumbnails\/2b543b356ae7f7661b61afa16d5ac27d\/thumb_1200_1697.png\" alt=\"Zkteco-Horus-TL2 - dsd sfwsa sdfs w sdf sdfsdfsf - Horus TL Control de tiempo basado en Linux con - Studocu\" \/><\/p>\n","protected":false},"excerpt":{"rendered":"<p>&#8211; Capacidad de Rostros 800<br \/>\n&#8211; Capacidad de Usuarios 800<br \/>\n&#8211; Capacidad de Eventos 100,000<br \/>\n&#8211; Pantalla Tactil de 2.8 Pulgadas<br \/>\n&#8211; Comunicaci\u00f3n WiFi de 2,4 GHz; TCP\/IP<br \/>\n&#8211; Interfaz de Control de Acceso ADMS, entrada T9, horario de verano, c\u00e1mara, ID de usuario de 9 d\u00edgitos, c\u00f3digo de trabajo,<br \/>\nconsulta de autoservicio, timbre de programaci\u00f3n, cambio de estado autom\u00e1tico<br \/>\n&#8211; Software Compatible Biotime Pro \/ Biotime Cloud<br \/>\n&#8211; Dimensiones 100 x 100.2 x 23.7mm<\/p>\n","protected":false},"featured_media":18350,"comment_status":"open","ping_status":"closed","template":"","meta":{"jetpack_publicize_message":"","jetpack_publicize_feature_enabled":true,"jetpack_social_post_already_shared":true,"jetpack_social_options":{"image_generator_settings":{"template":"highway","default_image_id":0,"font":"","enabled":false},"version":2}},"pwb-brand":[101],"product_brand":[],"product_cat":[19],"product_tag":[517,516,321,346],"class_list":{"0":"post-18348","1":"product","2":"type-product","3":"status-publish","4":"has-post-thumbnail","6":"pwb-brand-zkteco-guatemala","7":"product_cat-control-de-acceso","8":"product_tag-biometrico-wi-fi","9":"product_tag-biometrico-zkteco","10":"product_tag-control-de-acceso","11":"product_tag-control-de-asistencia","13":"first","14":"instock","15":"taxable","16":"shipping-taxable","17":"purchasable","18":"product-type-simple"},"yoast_head":"<!-- This site is optimized with the Yoast SEO Premium plugin v25.7.1 (Yoast SEO v26.8) - https:\/\/yoast.com\/product\/yoast-seo-premium-wordpress\/ -->\n<title>Control de Acceso Reconocimiento Facial Inal\u00e1mbrico Wi-Fi Horus TL2 ZKTeco - Mivoot<\/title>\n<meta name=\"robots\" content=\"index, follow, max-snippet:-1, max-image-preview:large, max-video-preview:-1\" \/>\n<link rel=\"canonical\" href=\"https:\/\/mivoot.com\/gt\/producto\/control-de-acceso-reconocimiento-facial-horus-tl2-zkteco\/\" \/>\n<meta property=\"og:locale\" content=\"es_ES\" \/>\n<meta property=\"og:type\" content=\"article\" \/>\n<meta property=\"og:title\" content=\"Control de Acceso Reconocimiento Facial Inal\u00e1mbrico Wi-Fi Horus TL2 ZKTeco\" \/>\n<meta property=\"og:description\" content=\"- Capacidad de Rostros 800 - Capacidad de Usuarios 800 - Capacidad de Eventos 100,000 - Pantalla Tactil de 2.8 Pulgadas - Comunicaci\u00f3n WiFi de 2,4 GHz; TCP\/IP - Interfaz de Control de Acceso ADMS, entrada T9, horario de verano, c\u00e1mara, ID de usuario de 9 d\u00edgitos, c\u00f3digo de trabajo, consulta de autoservicio, timbre de programaci\u00f3n, cambio de estado autom\u00e1tico - Software Compatible Biotime Pro \/ Biotime Cloud - Dimensiones 100 x 100.2 x 23.7mm\" \/>\n<meta property=\"og:url\" content=\"https:\/\/mivoot.com\/gt\/producto\/control-de-acceso-reconocimiento-facial-horus-tl2-zkteco\/\" \/>\n<meta property=\"og:site_name\" content=\"Mivoot\" \/>\n<meta property=\"article:publisher\" content=\"https:\/\/www.facebook.com\/mivootgt\" \/>\n<meta property=\"article:modified_time\" content=\"2024-04-06T18:27:21+00:00\" \/>\n<meta property=\"og:image\" content=\"https:\/\/mivoot.com\/gt\/wp-content\/uploads\/2024\/03\/CONTROL-ASISTENCIA-Y-ACCESO-FACIAL-WIFI-Y-CABLEADO.jpg\" \/>\n\t<meta property=\"og:image:width\" content=\"493\" \/>\n\t<meta property=\"og:image:height\" content=\"540\" \/>\n\t<meta property=\"og:image:type\" content=\"image\/jpeg\" \/>\n<meta name=\"twitter:card\" content=\"summary_large_image\" \/>\n<meta name=\"twitter:label1\" content=\"Est. reading time\" \/>\n\t<meta name=\"twitter:data1\" content=\"2 minutos\" \/>\n<script type=\"application\/ld+json\" class=\"yoast-schema-graph\">{\"@context\":\"https:\/\/schema.org\",\"@graph\":[{\"@type\":\"WebPage\",\"@id\":\"https:\/\/mivoot.com\/gt\/producto\/control-de-acceso-reconocimiento-facial-horus-tl2-zkteco\/\",\"url\":\"https:\/\/mivoot.com\/gt\/producto\/control-de-acceso-reconocimiento-facial-horus-tl2-zkteco\/\",\"name\":\"Control de Acceso Reconocimiento Facial Inal\u00e1mbrico Wi-Fi Horus TL2 ZKTeco - Mivoot\",\"isPartOf\":{\"@id\":\"https:\/\/mivoot.com\/gt\/#website\"},\"primaryImageOfPage\":{\"@id\":\"https:\/\/mivoot.com\/gt\/producto\/control-de-acceso-reconocimiento-facial-horus-tl2-zkteco\/#primaryimage\"},\"image\":{\"@id\":\"https:\/\/mivoot.com\/gt\/producto\/control-de-acceso-reconocimiento-facial-horus-tl2-zkteco\/#primaryimage\"},\"thumbnailUrl\":\"https:\/\/mivoot.com\/gt\/wp-content\/uploads\/2024\/03\/CONTROL-ASISTENCIA-Y-ACCESO-FACIAL-WIFI-Y-CABLEADO.jpg\",\"datePublished\":\"2024-03-27T03:26:38+00:00\",\"dateModified\":\"2024-04-06T18:27:21+00:00\",\"breadcrumb\":{\"@id\":\"https:\/\/mivoot.com\/gt\/producto\/control-de-acceso-reconocimiento-facial-horus-tl2-zkteco\/#breadcrumb\"},\"inLanguage\":\"es\",\"potentialAction\":[{\"@type\":\"ReadAction\",\"target\":[\"https:\/\/mivoot.com\/gt\/producto\/control-de-acceso-reconocimiento-facial-horus-tl2-zkteco\/\"]}]},{\"@type\":\"ImageObject\",\"inLanguage\":\"es\",\"@id\":\"https:\/\/mivoot.com\/gt\/producto\/control-de-acceso-reconocimiento-facial-horus-tl2-zkteco\/#primaryimage\",\"url\":\"https:\/\/mivoot.com\/gt\/wp-content\/uploads\/2024\/03\/CONTROL-ASISTENCIA-Y-ACCESO-FACIAL-WIFI-Y-CABLEADO.jpg\",\"contentUrl\":\"https:\/\/mivoot.com\/gt\/wp-content\/uploads\/2024\/03\/CONTROL-ASISTENCIA-Y-ACCESO-FACIAL-WIFI-Y-CABLEADO.jpg\",\"width\":493,\"height\":540},{\"@type\":\"BreadcrumbList\",\"@id\":\"https:\/\/mivoot.com\/gt\/producto\/control-de-acceso-reconocimiento-facial-horus-tl2-zkteco\/#breadcrumb\",\"itemListElement\":[{\"@type\":\"ListItem\",\"position\":1,\"name\":\"Inicio\",\"item\":\"https:\/\/mivoot.com\/gt\/\"},{\"@type\":\"ListItem\",\"position\":2,\"name\":\"Productos\",\"item\":\"https:\/\/mivoot.com\/gt\/producto\/\"},{\"@type\":\"ListItem\",\"position\":3,\"name\":\"ZKTeco\",\"item\":\"https:\/\/mivoot.com\/gt\/marca\/zkteco-guatemala\/\"},{\"@type\":\"ListItem\",\"position\":4,\"name\":\"Control de Acceso Reconocimiento Facial Inal\u00e1mbrico Wi-Fi Horus TL2 ZKTeco\"}]},{\"@type\":\"WebSite\",\"@id\":\"https:\/\/mivoot.com\/gt\/#website\",\"url\":\"https:\/\/mivoot.com\/gt\/\",\"name\":\"Mivoot\",\"description\":\"Mivoot Guatemala | Tienda Online\",\"publisher\":{\"@id\":\"https:\/\/mivoot.com\/gt\/#organization\"},\"alternateName\":\"mivoot\",\"potentialAction\":[{\"@type\":\"SearchAction\",\"target\":{\"@type\":\"EntryPoint\",\"urlTemplate\":\"https:\/\/mivoot.com\/gt\/?s={search_term_string}\"},\"query-input\":{\"@type\":\"PropertyValueSpecification\",\"valueRequired\":true,\"valueName\":\"search_term_string\"}}],\"inLanguage\":\"es\"},{\"@type\":\"Organization\",\"@id\":\"https:\/\/mivoot.com\/gt\/#organization\",\"name\":\"Mivoot Guatemala\",\"alternateName\":\"mivoot.com\",\"url\":\"https:\/\/mivoot.com\/gt\/\",\"logo\":{\"@type\":\"ImageObject\",\"inLanguage\":\"es\",\"@id\":\"https:\/\/mivoot.com\/gt\/#\/schema\/logo\/image\/\",\"url\":\"https:\/\/mivoot.com\/gt\/wp-content\/uploads\/2023\/03\/cropped-icon.png\",\"contentUrl\":\"https:\/\/mivoot.com\/gt\/wp-content\/uploads\/2023\/03\/cropped-icon.png\",\"width\":512,\"height\":512,\"caption\":\"Mivoot Guatemala\"},\"image\":{\"@id\":\"https:\/\/mivoot.com\/gt\/#\/schema\/logo\/image\/\"},\"sameAs\":[\"https:\/\/www.facebook.com\/mivootgt\",\"https:\/\/instagram.com\/mivoot\"]}]}<\/script>\n<!-- \/ Yoast SEO Premium plugin. -->","yoast_head_json":{"title":"Control de Acceso Reconocimiento Facial Inal\u00e1mbrico Wi-Fi Horus TL2 ZKTeco - Mivoot","robots":{"index":"index","follow":"follow","max-snippet":"max-snippet:-1","max-image-preview":"max-image-preview:large","max-video-preview":"max-video-preview:-1"},"canonical":"https:\/\/mivoot.com\/gt\/producto\/control-de-acceso-reconocimiento-facial-horus-tl2-zkteco\/","og_locale":"es_ES","og_type":"article","og_title":"Control de Acceso Reconocimiento Facial Inal\u00e1mbrico Wi-Fi Horus TL2 ZKTeco","og_description":"- Capacidad de Rostros 800 - Capacidad de Usuarios 800 - Capacidad de Eventos 100,000 - Pantalla Tactil de 2.8 Pulgadas - Comunicaci\u00f3n WiFi de 2,4 GHz; TCP\/IP - Interfaz de Control de Acceso ADMS, entrada T9, horario de verano, c\u00e1mara, ID de usuario de 9 d\u00edgitos, c\u00f3digo de trabajo, consulta de autoservicio, timbre de programaci\u00f3n, cambio de estado autom\u00e1tico - Software Compatible Biotime Pro \/ Biotime Cloud - Dimensiones 100 x 100.2 x 23.7mm","og_url":"https:\/\/mivoot.com\/gt\/producto\/control-de-acceso-reconocimiento-facial-horus-tl2-zkteco\/","og_site_name":"Mivoot","article_publisher":"https:\/\/www.facebook.com\/mivootgt","article_modified_time":"2024-04-06T18:27:21+00:00","og_image":[{"width":493,"height":540,"url":"https:\/\/mivoot.com\/gt\/wp-content\/uploads\/2024\/03\/CONTROL-ASISTENCIA-Y-ACCESO-FACIAL-WIFI-Y-CABLEADO.jpg","type":"image\/jpeg"}],"twitter_card":"summary_large_image","twitter_misc":{"Est. reading time":"2 minutos"},"schema":{"@context":"https:\/\/schema.org","@graph":[{"@type":"WebPage","@id":"https:\/\/mivoot.com\/gt\/producto\/control-de-acceso-reconocimiento-facial-horus-tl2-zkteco\/","url":"https:\/\/mivoot.com\/gt\/producto\/control-de-acceso-reconocimiento-facial-horus-tl2-zkteco\/","name":"Control de Acceso Reconocimiento Facial Inal\u00e1mbrico Wi-Fi Horus TL2 ZKTeco - Mivoot","isPartOf":{"@id":"https:\/\/mivoot.com\/gt\/#website"},"primaryImageOfPage":{"@id":"https:\/\/mivoot.com\/gt\/producto\/control-de-acceso-reconocimiento-facial-horus-tl2-zkteco\/#primaryimage"},"image":{"@id":"https:\/\/mivoot.com\/gt\/producto\/control-de-acceso-reconocimiento-facial-horus-tl2-zkteco\/#primaryimage"},"thumbnailUrl":"https:\/\/mivoot.com\/gt\/wp-content\/uploads\/2024\/03\/CONTROL-ASISTENCIA-Y-ACCESO-FACIAL-WIFI-Y-CABLEADO.jpg","datePublished":"2024-03-27T03:26:38+00:00","dateModified":"2024-04-06T18:27:21+00:00","breadcrumb":{"@id":"https:\/\/mivoot.com\/gt\/producto\/control-de-acceso-reconocimiento-facial-horus-tl2-zkteco\/#breadcrumb"},"inLanguage":"es","potentialAction":[{"@type":"ReadAction","target":["https:\/\/mivoot.com\/gt\/producto\/control-de-acceso-reconocimiento-facial-horus-tl2-zkteco\/"]}]},{"@type":"ImageObject","inLanguage":"es","@id":"https:\/\/mivoot.com\/gt\/producto\/control-de-acceso-reconocimiento-facial-horus-tl2-zkteco\/#primaryimage","url":"https:\/\/mivoot.com\/gt\/wp-content\/uploads\/2024\/03\/CONTROL-ASISTENCIA-Y-ACCESO-FACIAL-WIFI-Y-CABLEADO.jpg","contentUrl":"https:\/\/mivoot.com\/gt\/wp-content\/uploads\/2024\/03\/CONTROL-ASISTENCIA-Y-ACCESO-FACIAL-WIFI-Y-CABLEADO.jpg","width":493,"height":540},{"@type":"BreadcrumbList","@id":"https:\/\/mivoot.com\/gt\/producto\/control-de-acceso-reconocimiento-facial-horus-tl2-zkteco\/#breadcrumb","itemListElement":[{"@type":"ListItem","position":1,"name":"Inicio","item":"https:\/\/mivoot.com\/gt\/"},{"@type":"ListItem","position":2,"name":"Productos","item":"https:\/\/mivoot.com\/gt\/producto\/"},{"@type":"ListItem","position":3,"name":"ZKTeco","item":"https:\/\/mivoot.com\/gt\/marca\/zkteco-guatemala\/"},{"@type":"ListItem","position":4,"name":"Control de Acceso Reconocimiento Facial Inal\u00e1mbrico Wi-Fi Horus TL2 ZKTeco"}]},{"@type":"WebSite","@id":"https:\/\/mivoot.com\/gt\/#website","url":"https:\/\/mivoot.com\/gt\/","name":"Mivoot","description":"Mivoot Guatemala | Tienda Online","publisher":{"@id":"https:\/\/mivoot.com\/gt\/#organization"},"alternateName":"mivoot","potentialAction":[{"@type":"SearchAction","target":{"@type":"EntryPoint","urlTemplate":"https:\/\/mivoot.com\/gt\/?s={search_term_string}"},"query-input":{"@type":"PropertyValueSpecification","valueRequired":true,"valueName":"search_term_string"}}],"inLanguage":"es"},{"@type":"Organization","@id":"https:\/\/mivoot.com\/gt\/#organization","name":"Mivoot Guatemala","alternateName":"mivoot.com","url":"https:\/\/mivoot.com\/gt\/","logo":{"@type":"ImageObject","inLanguage":"es","@id":"https:\/\/mivoot.com\/gt\/#\/schema\/logo\/image\/","url":"https:\/\/mivoot.com\/gt\/wp-content\/uploads\/2023\/03\/cropped-icon.png","contentUrl":"https:\/\/mivoot.com\/gt\/wp-content\/uploads\/2023\/03\/cropped-icon.png","width":512,"height":512,"caption":"Mivoot Guatemala"},"image":{"@id":"https:\/\/mivoot.com\/gt\/#\/schema\/logo\/image\/"},"sameAs":["https:\/\/www.facebook.com\/mivootgt","https:\/\/instagram.com\/mivoot"]}]}},"jetpack_publicize_connections":[],"jetpack_sharing_enabled":true,"brands":[{"id":101,"name":"ZKTeco","slug":"zkteco-guatemala"}],"_links":{"self":[{"href":"https:\/\/mivoot.com\/gt\/wp-json\/wp\/v2\/product\/18348","targetHints":{"allow":["GET"]}}],"collection":[{"href":"https:\/\/mivoot.com\/gt\/wp-json\/wp\/v2\/product"}],"about":[{"href":"https:\/\/mivoot.com\/gt\/wp-json\/wp\/v2\/types\/product"}],"replies":[{"embeddable":true,"href":"https:\/\/mivoot.com\/gt\/wp-json\/wp\/v2\/comments?post=18348"}],"version-history":[{"count":3,"href":"https:\/\/mivoot.com\/gt\/wp-json\/wp\/v2\/product\/18348\/revisions"}],"predecessor-version":[{"id":18360,"href":"https:\/\/mivoot.com\/gt\/wp-json\/wp\/v2\/product\/18348\/revisions\/18360"}],"wp:featuredmedia":[{"embeddable":true,"href":"https:\/\/mivoot.com\/gt\/wp-json\/wp\/v2\/media\/18350"}],"wp:attachment":[{"href":"https:\/\/mivoot.com\/gt\/wp-json\/wp\/v2\/media?parent=18348"}],"wp:term":[{"taxonomy":"pwb-brand","embeddable":true,"href":"https:\/\/mivoot.com\/gt\/wp-json\/wp\/v2\/pwb-brand?post=18348"},{"taxonomy":"product_brand","embeddable":true,"href":"https:\/\/mivoot.com\/gt\/wp-json\/wp\/v2\/product_brand?post=18348"},{"taxonomy":"product_cat","embeddable":true,"href":"https:\/\/mivoot.com\/gt\/wp-json\/wp\/v2\/product_cat?post=18348"},{"taxonomy":"product_tag","embeddable":true,"href":"https:\/\/mivoot.com\/gt\/wp-json\/wp\/v2\/product_tag?post=18348"}],"curies":[{"name":"wp","href":"https:\/\/api.w.org\/{rel}","templated":true}]}}