{"id":18420,"date":"2024-04-01T18:56:51","date_gmt":"2024-04-02T00:56:51","guid":{"rendered":"https:\/\/mivoot.com\/gt\/?post_type=product&#038;p=18420"},"modified":"2026-01-21T10:38:59","modified_gmt":"2026-01-21T16:38:59","slug":"tag-de-acceso-vehicular-para-placa-uaf-largo-alcance-rfid-zkteco","status":"publish","type":"product","link":"https:\/\/mivoot.com\/gt\/producto\/tag-de-acceso-vehicular-para-placa-uaf-largo-alcance-rfid-zkteco\/","title":{"rendered":"Tag de Acceso Vehicular para Placa UAF Largo Alcance RFID ZKTeco"},"content":{"rendered":"<h1>Tag de Acceso Vehicular para Placa<\/h1>\n<p>UHF1-Tag3 es una etiqueta cifrada de frecuencia ultra alta para el lector ZK UHF. La etiqueta UHF es adecuada para el acceso veh\u00edcular, y la distancia de lectura de la tarjeta ser\u00e1 de hasta 10 metros para UHF1-10E y UHF1-10F en aplicaciones de estacionamiento.<\/p>\n<p>El tag UHF est\u00e1 dise\u00f1ado para la gesti\u00f3n de veh\u00edculos, en estacionamientos la distancia de lectura de la tarjeta es de hasta 10m para los lectores UHF1-10E y UHF1-10F.<\/p>\n<p><strong>Caracter\u00edsticas:<\/strong><\/p>\n<ul>\n<li>Alta seguridad<\/li>\n<li>Larga vida \u00fatil<\/li>\n<li>Alta sensibilidad<\/li>\n<\/ul>\n<p><strong>Aplicaciones:<\/strong><\/p>\n<ul>\n<li>Acceso de veh\u00edculos<\/li>\n<li>Gesti\u00f3n de cobro de peaje en carreteras y puentes<\/li>\n<\/ul>\n","protected":false},"excerpt":{"rendered":"<p>&#8211; Frecuencia de operaci\u00f3n: 840MHz~960MHz.<br \/>\n&#8211; Distancia de lectura: Hasta 10 metros para UHF1-10F (determinado por el entorno y el lector).<br \/>\n&#8211; Protocolo est\u00e1ndar: ISO \/ IEC 18000-6C, EPC global Clase 1 Gen 2<br \/>\n&#8211; Chip: G2XM.<br \/>\n&#8211; Capacidad de memoria: 272 bits.<br \/>\n&#8211; Estructura de almacenamiento: EPC: 96bits, UID\/TID: 64bits, User: 512bitsKill, Password: 32bits,<br \/>\n&#8211; Access Password: 32bits.<\/p>\n","protected":false},"featured_media":18424,"comment_status":"open","ping_status":"closed","template":"","meta":{"jetpack_publicize_message":"","jetpack_publicize_feature_enabled":true,"jetpack_social_post_already_shared":true,"jetpack_social_options":{"image_generator_settings":{"template":"highway","default_image_id":0,"font":"","enabled":false},"version":2}},"pwb-brand":[101],"product_brand":[],"product_cat":[371,514],"product_tag":[],"class_list":{"0":"post-18420","1":"product","2":"type-product","3":"status-publish","4":"has-post-thumbnail","6":"pwb-brand-zkteco-guatemala","7":"product_cat-control-de-acceso-accesorios","8":"product_cat-control-de-acceso-y-seguridad","10":"first","11":"instock","12":"taxable","13":"shipping-taxable","14":"purchasable","15":"product-type-simple"},"yoast_head":"<!-- This site is optimized with the Yoast SEO Premium plugin v25.7.1 (Yoast SEO v26.8) - https:\/\/yoast.com\/product\/yoast-seo-premium-wordpress\/ -->\n<title>Tag de Acceso Vehicular para Placa UAF Largo Alcance RFID ZKTeco - Mivoot<\/title>\n<meta name=\"robots\" content=\"index, follow, max-snippet:-1, max-image-preview:large, max-video-preview:-1\" \/>\n<link rel=\"canonical\" href=\"https:\/\/mivoot.com\/gt\/producto\/tag-de-acceso-vehicular-para-placa-uaf-largo-alcance-rfid-zkteco\/\" \/>\n<meta property=\"og:locale\" content=\"es_ES\" \/>\n<meta property=\"og:type\" content=\"article\" \/>\n<meta property=\"og:title\" content=\"Tag de Acceso Vehicular para Placa UAF Largo Alcance RFID ZKTeco\" \/>\n<meta property=\"og:description\" content=\"- Frecuencia de operaci\u00f3n: 840MHz~960MHz. - Distancia de lectura: Hasta 10 metros para UHF1-10F (determinado por el entorno y el lector). - Protocolo est\u00e1ndar: ISO \/ IEC 18000-6C, EPC global Clase 1 Gen 2 - Chip: G2XM. - Capacidad de memoria: 272 bits. - Estructura de almacenamiento: EPC: 96bits, UID\/TID: 64bits, User: 512bitsKill, Password: 32bits, - Access Password: 32bits.\" \/>\n<meta property=\"og:url\" content=\"https:\/\/mivoot.com\/gt\/producto\/tag-de-acceso-vehicular-para-placa-uaf-largo-alcance-rfid-zkteco\/\" \/>\n<meta property=\"og:site_name\" content=\"Mivoot\" \/>\n<meta property=\"article:publisher\" content=\"https:\/\/www.facebook.com\/mivootgt\" \/>\n<meta property=\"article:modified_time\" content=\"2026-01-21T16:38:59+00:00\" \/>\n<meta property=\"og:image\" content=\"https:\/\/mivoot.com\/gt\/wp-content\/uploads\/2024\/04\/uhf1-tag3-2.jpg\" \/>\n\t<meta property=\"og:image:width\" content=\"410\" \/>\n\t<meta property=\"og:image:height\" content=\"410\" \/>\n\t<meta property=\"og:image:type\" content=\"image\/jpeg\" \/>\n<meta name=\"twitter:card\" content=\"summary_large_image\" \/>\n<meta name=\"twitter:label1\" content=\"Est. reading time\" \/>\n\t<meta name=\"twitter:data1\" content=\"1 minuto\" \/>\n<script type=\"application\/ld+json\" class=\"yoast-schema-graph\">{\"@context\":\"https:\/\/schema.org\",\"@graph\":[{\"@type\":\"WebPage\",\"@id\":\"https:\/\/mivoot.com\/gt\/producto\/tag-de-acceso-vehicular-para-placa-uaf-largo-alcance-rfid-zkteco\/\",\"url\":\"https:\/\/mivoot.com\/gt\/producto\/tag-de-acceso-vehicular-para-placa-uaf-largo-alcance-rfid-zkteco\/\",\"name\":\"Tag de Acceso Vehicular para Placa UAF Largo Alcance RFID ZKTeco - Mivoot\",\"isPartOf\":{\"@id\":\"https:\/\/mivoot.com\/gt\/#website\"},\"primaryImageOfPage\":{\"@id\":\"https:\/\/mivoot.com\/gt\/producto\/tag-de-acceso-vehicular-para-placa-uaf-largo-alcance-rfid-zkteco\/#primaryimage\"},\"image\":{\"@id\":\"https:\/\/mivoot.com\/gt\/producto\/tag-de-acceso-vehicular-para-placa-uaf-largo-alcance-rfid-zkteco\/#primaryimage\"},\"thumbnailUrl\":\"https:\/\/mivoot.com\/gt\/wp-content\/uploads\/2024\/04\/uhf1-tag3-2.jpg\",\"datePublished\":\"2024-04-02T00:56:51+00:00\",\"dateModified\":\"2026-01-21T16:38:59+00:00\",\"breadcrumb\":{\"@id\":\"https:\/\/mivoot.com\/gt\/producto\/tag-de-acceso-vehicular-para-placa-uaf-largo-alcance-rfid-zkteco\/#breadcrumb\"},\"inLanguage\":\"es\",\"potentialAction\":[{\"@type\":\"ReadAction\",\"target\":[\"https:\/\/mivoot.com\/gt\/producto\/tag-de-acceso-vehicular-para-placa-uaf-largo-alcance-rfid-zkteco\/\"]}]},{\"@type\":\"ImageObject\",\"inLanguage\":\"es\",\"@id\":\"https:\/\/mivoot.com\/gt\/producto\/tag-de-acceso-vehicular-para-placa-uaf-largo-alcance-rfid-zkteco\/#primaryimage\",\"url\":\"https:\/\/mivoot.com\/gt\/wp-content\/uploads\/2024\/04\/uhf1-tag3-2.jpg\",\"contentUrl\":\"https:\/\/mivoot.com\/gt\/wp-content\/uploads\/2024\/04\/uhf1-tag3-2.jpg\",\"width\":410,\"height\":410},{\"@type\":\"BreadcrumbList\",\"@id\":\"https:\/\/mivoot.com\/gt\/producto\/tag-de-acceso-vehicular-para-placa-uaf-largo-alcance-rfid-zkteco\/#breadcrumb\",\"itemListElement\":[{\"@type\":\"ListItem\",\"position\":1,\"name\":\"Inicio\",\"item\":\"https:\/\/mivoot.com\/gt\/\"},{\"@type\":\"ListItem\",\"position\":2,\"name\":\"Productos\",\"item\":\"https:\/\/mivoot.com\/gt\/producto\/\"},{\"@type\":\"ListItem\",\"position\":3,\"name\":\"ZKTeco\",\"item\":\"https:\/\/mivoot.com\/gt\/marca\/zkteco-guatemala\/\"},{\"@type\":\"ListItem\",\"position\":4,\"name\":\"Tag de Acceso Vehicular para Placa UAF Largo Alcance RFID ZKTeco\"}]},{\"@type\":\"WebSite\",\"@id\":\"https:\/\/mivoot.com\/gt\/#website\",\"url\":\"https:\/\/mivoot.com\/gt\/\",\"name\":\"Mivoot\",\"description\":\"Mivoot Guatemala | Tienda Online\",\"publisher\":{\"@id\":\"https:\/\/mivoot.com\/gt\/#organization\"},\"alternateName\":\"mivoot\",\"potentialAction\":[{\"@type\":\"SearchAction\",\"target\":{\"@type\":\"EntryPoint\",\"urlTemplate\":\"https:\/\/mivoot.com\/gt\/?s={search_term_string}\"},\"query-input\":{\"@type\":\"PropertyValueSpecification\",\"valueRequired\":true,\"valueName\":\"search_term_string\"}}],\"inLanguage\":\"es\"},{\"@type\":\"Organization\",\"@id\":\"https:\/\/mivoot.com\/gt\/#organization\",\"name\":\"Mivoot Guatemala\",\"alternateName\":\"mivoot.com\",\"url\":\"https:\/\/mivoot.com\/gt\/\",\"logo\":{\"@type\":\"ImageObject\",\"inLanguage\":\"es\",\"@id\":\"https:\/\/mivoot.com\/gt\/#\/schema\/logo\/image\/\",\"url\":\"https:\/\/mivoot.com\/gt\/wp-content\/uploads\/2023\/03\/cropped-icon.png\",\"contentUrl\":\"https:\/\/mivoot.com\/gt\/wp-content\/uploads\/2023\/03\/cropped-icon.png\",\"width\":512,\"height\":512,\"caption\":\"Mivoot Guatemala\"},\"image\":{\"@id\":\"https:\/\/mivoot.com\/gt\/#\/schema\/logo\/image\/\"},\"sameAs\":[\"https:\/\/www.facebook.com\/mivootgt\",\"https:\/\/instagram.com\/mivoot\"]}]}<\/script>\n<!-- \/ Yoast SEO Premium plugin. -->","yoast_head_json":{"title":"Tag de Acceso Vehicular para Placa UAF Largo Alcance RFID ZKTeco - Mivoot","robots":{"index":"index","follow":"follow","max-snippet":"max-snippet:-1","max-image-preview":"max-image-preview:large","max-video-preview":"max-video-preview:-1"},"canonical":"https:\/\/mivoot.com\/gt\/producto\/tag-de-acceso-vehicular-para-placa-uaf-largo-alcance-rfid-zkteco\/","og_locale":"es_ES","og_type":"article","og_title":"Tag de Acceso Vehicular para Placa UAF Largo Alcance RFID ZKTeco","og_description":"- Frecuencia de operaci\u00f3n: 840MHz~960MHz. - Distancia de lectura: Hasta 10 metros para UHF1-10F (determinado por el entorno y el lector). - Protocolo est\u00e1ndar: ISO \/ IEC 18000-6C, EPC global Clase 1 Gen 2 - Chip: G2XM. - Capacidad de memoria: 272 bits. - Estructura de almacenamiento: EPC: 96bits, UID\/TID: 64bits, User: 512bitsKill, Password: 32bits, - Access Password: 32bits.","og_url":"https:\/\/mivoot.com\/gt\/producto\/tag-de-acceso-vehicular-para-placa-uaf-largo-alcance-rfid-zkteco\/","og_site_name":"Mivoot","article_publisher":"https:\/\/www.facebook.com\/mivootgt","article_modified_time":"2026-01-21T16:38:59+00:00","og_image":[{"width":410,"height":410,"url":"https:\/\/mivoot.com\/gt\/wp-content\/uploads\/2024\/04\/uhf1-tag3-2.jpg","type":"image\/jpeg"}],"twitter_card":"summary_large_image","twitter_misc":{"Est. reading time":"1 minuto"},"schema":{"@context":"https:\/\/schema.org","@graph":[{"@type":"WebPage","@id":"https:\/\/mivoot.com\/gt\/producto\/tag-de-acceso-vehicular-para-placa-uaf-largo-alcance-rfid-zkteco\/","url":"https:\/\/mivoot.com\/gt\/producto\/tag-de-acceso-vehicular-para-placa-uaf-largo-alcance-rfid-zkteco\/","name":"Tag de Acceso Vehicular para Placa UAF Largo Alcance RFID ZKTeco - Mivoot","isPartOf":{"@id":"https:\/\/mivoot.com\/gt\/#website"},"primaryImageOfPage":{"@id":"https:\/\/mivoot.com\/gt\/producto\/tag-de-acceso-vehicular-para-placa-uaf-largo-alcance-rfid-zkteco\/#primaryimage"},"image":{"@id":"https:\/\/mivoot.com\/gt\/producto\/tag-de-acceso-vehicular-para-placa-uaf-largo-alcance-rfid-zkteco\/#primaryimage"},"thumbnailUrl":"https:\/\/mivoot.com\/gt\/wp-content\/uploads\/2024\/04\/uhf1-tag3-2.jpg","datePublished":"2024-04-02T00:56:51+00:00","dateModified":"2026-01-21T16:38:59+00:00","breadcrumb":{"@id":"https:\/\/mivoot.com\/gt\/producto\/tag-de-acceso-vehicular-para-placa-uaf-largo-alcance-rfid-zkteco\/#breadcrumb"},"inLanguage":"es","potentialAction":[{"@type":"ReadAction","target":["https:\/\/mivoot.com\/gt\/producto\/tag-de-acceso-vehicular-para-placa-uaf-largo-alcance-rfid-zkteco\/"]}]},{"@type":"ImageObject","inLanguage":"es","@id":"https:\/\/mivoot.com\/gt\/producto\/tag-de-acceso-vehicular-para-placa-uaf-largo-alcance-rfid-zkteco\/#primaryimage","url":"https:\/\/mivoot.com\/gt\/wp-content\/uploads\/2024\/04\/uhf1-tag3-2.jpg","contentUrl":"https:\/\/mivoot.com\/gt\/wp-content\/uploads\/2024\/04\/uhf1-tag3-2.jpg","width":410,"height":410},{"@type":"BreadcrumbList","@id":"https:\/\/mivoot.com\/gt\/producto\/tag-de-acceso-vehicular-para-placa-uaf-largo-alcance-rfid-zkteco\/#breadcrumb","itemListElement":[{"@type":"ListItem","position":1,"name":"Inicio","item":"https:\/\/mivoot.com\/gt\/"},{"@type":"ListItem","position":2,"name":"Productos","item":"https:\/\/mivoot.com\/gt\/producto\/"},{"@type":"ListItem","position":3,"name":"ZKTeco","item":"https:\/\/mivoot.com\/gt\/marca\/zkteco-guatemala\/"},{"@type":"ListItem","position":4,"name":"Tag de Acceso Vehicular para Placa UAF Largo Alcance RFID ZKTeco"}]},{"@type":"WebSite","@id":"https:\/\/mivoot.com\/gt\/#website","url":"https:\/\/mivoot.com\/gt\/","name":"Mivoot","description":"Mivoot Guatemala | Tienda Online","publisher":{"@id":"https:\/\/mivoot.com\/gt\/#organization"},"alternateName":"mivoot","potentialAction":[{"@type":"SearchAction","target":{"@type":"EntryPoint","urlTemplate":"https:\/\/mivoot.com\/gt\/?s={search_term_string}"},"query-input":{"@type":"PropertyValueSpecification","valueRequired":true,"valueName":"search_term_string"}}],"inLanguage":"es"},{"@type":"Organization","@id":"https:\/\/mivoot.com\/gt\/#organization","name":"Mivoot Guatemala","alternateName":"mivoot.com","url":"https:\/\/mivoot.com\/gt\/","logo":{"@type":"ImageObject","inLanguage":"es","@id":"https:\/\/mivoot.com\/gt\/#\/schema\/logo\/image\/","url":"https:\/\/mivoot.com\/gt\/wp-content\/uploads\/2023\/03\/cropped-icon.png","contentUrl":"https:\/\/mivoot.com\/gt\/wp-content\/uploads\/2023\/03\/cropped-icon.png","width":512,"height":512,"caption":"Mivoot Guatemala"},"image":{"@id":"https:\/\/mivoot.com\/gt\/#\/schema\/logo\/image\/"},"sameAs":["https:\/\/www.facebook.com\/mivootgt","https:\/\/instagram.com\/mivoot"]}]}},"jetpack_publicize_connections":[],"jetpack_sharing_enabled":true,"brands":[{"id":101,"name":"ZKTeco","slug":"zkteco-guatemala"}],"_links":{"self":[{"href":"https:\/\/mivoot.com\/gt\/wp-json\/wp\/v2\/product\/18420","targetHints":{"allow":["GET"]}}],"collection":[{"href":"https:\/\/mivoot.com\/gt\/wp-json\/wp\/v2\/product"}],"about":[{"href":"https:\/\/mivoot.com\/gt\/wp-json\/wp\/v2\/types\/product"}],"replies":[{"embeddable":true,"href":"https:\/\/mivoot.com\/gt\/wp-json\/wp\/v2\/comments?post=18420"}],"version-history":[{"count":1,"href":"https:\/\/mivoot.com\/gt\/wp-json\/wp\/v2\/product\/18420\/revisions"}],"predecessor-version":[{"id":18426,"href":"https:\/\/mivoot.com\/gt\/wp-json\/wp\/v2\/product\/18420\/revisions\/18426"}],"wp:featuredmedia":[{"embeddable":true,"href":"https:\/\/mivoot.com\/gt\/wp-json\/wp\/v2\/media\/18424"}],"wp:attachment":[{"href":"https:\/\/mivoot.com\/gt\/wp-json\/wp\/v2\/media?parent=18420"}],"wp:term":[{"taxonomy":"pwb-brand","embeddable":true,"href":"https:\/\/mivoot.com\/gt\/wp-json\/wp\/v2\/pwb-brand?post=18420"},{"taxonomy":"product_brand","embeddable":true,"href":"https:\/\/mivoot.com\/gt\/wp-json\/wp\/v2\/product_brand?post=18420"},{"taxonomy":"product_cat","embeddable":true,"href":"https:\/\/mivoot.com\/gt\/wp-json\/wp\/v2\/product_cat?post=18420"},{"taxonomy":"product_tag","embeddable":true,"href":"https:\/\/mivoot.com\/gt\/wp-json\/wp\/v2\/product_tag?post=18420"}],"curies":[{"name":"wp","href":"https:\/\/api.w.org\/{rel}","templated":true}]}}