{"id":18598,"date":"2024-04-06T14:41:18","date_gmt":"2024-04-06T20:41:18","guid":{"rendered":"https:\/\/mivoot.com\/gt\/?post_type=product&#038;p=18598"},"modified":"2024-04-08T14:40:22","modified_gmt":"2024-04-08T20:40:22","slug":"video-portero-y-control-de-acceso-con-teclado-tarjeta-ip65-k1t502-hikvision","status":"publish","type":"product","link":"https:\/\/mivoot.com\/gt\/producto\/video-portero-y-control-de-acceso-con-teclado-tarjeta-ip65-k1t502-hikvision\/","title":{"rendered":"Video Portero y Control de Acceso con Teclado Tarjeta IP65 K1T502 Hikvision"},"content":{"rendered":"<p><strong><span style=\"vertical-align: inherit;\">Caracteristicas:\u00a0<\/span><\/strong><\/p>\n<ul>\n<li>Administre el control de acceso y las funciones de intercomunicaci\u00f3n en un solo dispositivo<\/li>\n<li>Protecciones IP65 e IK09, as\u00ed como mayor estabilidad con materiales de aleaci\u00f3n de zinc Admite m\u00faltiples m\u00e9todos de autenticaci\u00f3n (tarjeta, PIN, etc.)<\/li>\n<li>Control remoto a trav\u00e9s de la aplicaci\u00f3n m\u00f3vil Hik-Connect<\/li>\n<li>Se conecta al controlador de acceso externo a trav\u00e9s del protocolo Wiegand<\/li>\n<li>Videoportero mediante protocolo SIP.<\/li>\n<li>Servidor SIP compatible: Brekeke, miniSipServer, FreePBX, Asterisk, 3CX, ELASTIX y PBX ware<\/li>\n<li>Comunicaci\u00f3n RS-485 para conectar lector de tarjetas externo y ascensor de llamada<\/li>\n<li>Soporta modo AP Presione el bot\u00f3n de llamada para llamar a uno de los siguientes objetos: centro de gesti\u00f3n, estaci\u00f3n interior, estaci\u00f3n interior especificada o aplicaci\u00f3n Hik-Connect<\/li>\n<li>Admite hasta 256 GB de memoria de tarjeta SD<\/li>\n<li>Admite configuraciones de PIN en modo plataforma y modo local<\/li>\n<li>La configuraci\u00f3n de la prioridad de la red cableada y la red inal\u00e1mbrica est\u00e1 disponible<\/li>\n<\/ul>\n<p><strong>Caracter\u00edsticas F\u00edsicas y El\u00e9ctricas<\/strong><\/p>\n<ul>\n<li><strong>Exterior IP65 &amp; IK08<\/strong><\/li>\n<li>Alimentaci\u00f3n 12 Vcc (No incluida)<\/li>\n<li>Dimensiones: 177 \u00d7 81 \u00d7 24.1 mm (W \u00d7 D \u00d7 H).<\/li>\n<li>1x\u00a0<strong>TCP\/IP Cableado o WiFi.<\/strong><\/li>\n<li>1x Conexi\u00f3n RS485.<\/li>\n<li>1x Conexi\u00f3n Wiegand (solo salida).<\/li>\n<li>1x Salida de relevador para cerradura.<\/li>\n<li>1x Bot\u00f3n REX.<\/li>\n<li>1x Sensor de puerta<\/li>\n<li>1x Entrada de Alarma<\/li>\n<li>1x Salida de Alarma<\/li>\n<\/ul>\n","protected":false},"excerpt":{"rendered":"<p>&#8211; Control de acceso con c\u00e1mara<br \/>\n&#8211; Soporta 10,000 Huellas<br \/>\n&#8211; Soporta 100,000 Tarjetas Mifare<br \/>\n&#8211; 300,000 eventos<br \/>\n&#8211; C\u00e1mara de 2 MP.<br \/>\n&#8211; Comunicaci\u00f3n de 2 v\u00edas<br \/>\n&#8211; TCP\/IP, WiFi, RS485 y Wiegand | IP65 y IK09<br \/>\n&#8211; Vista en vivo a trav\u00e9s de HikConnect &#8211; iVMS-4200<br \/>\n&#8211; Grabaci\u00f3n de video en NVR<br \/>\n&#8211; Aperturas remotas desde Hik-Connect<br \/>\n&#8211; Control de acceso por Huella, Tarjeta, C\u00f3digo QR, Pin, Tarjeta Virtual (Smartphone Bluetooth), o App.<\/p>\n","protected":false},"featured_media":18604,"comment_status":"open","ping_status":"closed","template":"","meta":{"jetpack_publicize_message":"","jetpack_publicize_feature_enabled":true,"jetpack_social_post_already_shared":true,"jetpack_social_options":{"image_generator_settings":{"template":"highway","default_image_id":0,"font":"","enabled":false},"version":2}},"pwb-brand":[113],"product_brand":[],"product_cat":[19,356],"product_tag":[354,321],"class_list":{"0":"post-18598","1":"product","2":"type-product","3":"status-publish","4":"has-post-thumbnail","6":"pwb-brand-hikvision","7":"product_cat-control-de-acceso","8":"product_cat-video-portero","9":"product_tag-biometrico-hikvision","10":"product_tag-control-de-acceso","12":"first","13":"instock","14":"taxable","15":"shipping-taxable","16":"purchasable","17":"product-type-simple"},"yoast_head":"<!-- This site is optimized with the Yoast SEO Premium plugin v25.7.1 (Yoast SEO v26.8) - https:\/\/yoast.com\/product\/yoast-seo-premium-wordpress\/ -->\n<title>Video Portero y Control de Acceso con Teclado Tarjeta IP65 K1T502 Hikvision - Mivoot<\/title>\n<meta name=\"robots\" content=\"index, follow, max-snippet:-1, max-image-preview:large, max-video-preview:-1\" \/>\n<link rel=\"canonical\" href=\"https:\/\/mivoot.com\/gt\/producto\/video-portero-y-control-de-acceso-con-teclado-tarjeta-ip65-k1t502-hikvision\/\" \/>\n<meta property=\"og:locale\" content=\"es_ES\" \/>\n<meta property=\"og:type\" content=\"article\" \/>\n<meta property=\"og:title\" content=\"Video Portero y Control de Acceso con Teclado Tarjeta IP65 K1T502 Hikvision\" \/>\n<meta property=\"og:description\" content=\"- Control de acceso con c\u00e1mara - Soporta 10,000 Huellas - Soporta 100,000 Tarjetas Mifare - 300,000 eventos - C\u00e1mara de 2 MP. - Comunicaci\u00f3n de 2 v\u00edas - TCP\/IP, WiFi, RS485 y Wiegand | IP65 y IK09 - Vista en vivo a trav\u00e9s de HikConnect - iVMS-4200 - Grabaci\u00f3n de video en NVR - Aperturas remotas desde Hik-Connect - Control de acceso por Huella, Tarjeta, C\u00f3digo QR, Pin, Tarjeta Virtual (Smartphone Bluetooth), o App.\" \/>\n<meta property=\"og:url\" content=\"https:\/\/mivoot.com\/gt\/producto\/video-portero-y-control-de-acceso-con-teclado-tarjeta-ip65-k1t502-hikvision\/\" \/>\n<meta property=\"og:site_name\" content=\"Mivoot\" \/>\n<meta property=\"article:publisher\" content=\"https:\/\/www.facebook.com\/mivootgt\" \/>\n<meta property=\"article:modified_time\" content=\"2024-04-08T20:40:22+00:00\" \/>\n<meta property=\"og:image\" content=\"https:\/\/mivoot.com\/gt\/wp-content\/uploads\/2024\/04\/DS-K1T502DBWX-C.png\" \/>\n\t<meta property=\"og:image:width\" content=\"1000\" \/>\n\t<meta property=\"og:image:height\" content=\"1000\" \/>\n\t<meta property=\"og:image:type\" content=\"image\/png\" \/>\n<meta name=\"twitter:card\" content=\"summary_large_image\" \/>\n<meta name=\"twitter:label1\" content=\"Est. reading time\" \/>\n\t<meta name=\"twitter:data1\" content=\"1 minuto\" \/>\n<script type=\"application\/ld+json\" class=\"yoast-schema-graph\">{\"@context\":\"https:\/\/schema.org\",\"@graph\":[{\"@type\":\"WebPage\",\"@id\":\"https:\/\/mivoot.com\/gt\/producto\/video-portero-y-control-de-acceso-con-teclado-tarjeta-ip65-k1t502-hikvision\/\",\"url\":\"https:\/\/mivoot.com\/gt\/producto\/video-portero-y-control-de-acceso-con-teclado-tarjeta-ip65-k1t502-hikvision\/\",\"name\":\"Video Portero y Control de Acceso con Teclado Tarjeta IP65 K1T502 Hikvision - Mivoot\",\"isPartOf\":{\"@id\":\"https:\/\/mivoot.com\/gt\/#website\"},\"primaryImageOfPage\":{\"@id\":\"https:\/\/mivoot.com\/gt\/producto\/video-portero-y-control-de-acceso-con-teclado-tarjeta-ip65-k1t502-hikvision\/#primaryimage\"},\"image\":{\"@id\":\"https:\/\/mivoot.com\/gt\/producto\/video-portero-y-control-de-acceso-con-teclado-tarjeta-ip65-k1t502-hikvision\/#primaryimage\"},\"thumbnailUrl\":\"https:\/\/mivoot.com\/gt\/wp-content\/uploads\/2024\/04\/DS-K1T502DBWX-C.png\",\"datePublished\":\"2024-04-06T20:41:18+00:00\",\"dateModified\":\"2024-04-08T20:40:22+00:00\",\"breadcrumb\":{\"@id\":\"https:\/\/mivoot.com\/gt\/producto\/video-portero-y-control-de-acceso-con-teclado-tarjeta-ip65-k1t502-hikvision\/#breadcrumb\"},\"inLanguage\":\"es\",\"potentialAction\":[{\"@type\":\"ReadAction\",\"target\":[\"https:\/\/mivoot.com\/gt\/producto\/video-portero-y-control-de-acceso-con-teclado-tarjeta-ip65-k1t502-hikvision\/\"]}]},{\"@type\":\"ImageObject\",\"inLanguage\":\"es\",\"@id\":\"https:\/\/mivoot.com\/gt\/producto\/video-portero-y-control-de-acceso-con-teclado-tarjeta-ip65-k1t502-hikvision\/#primaryimage\",\"url\":\"https:\/\/mivoot.com\/gt\/wp-content\/uploads\/2024\/04\/DS-K1T502DBWX-C.png\",\"contentUrl\":\"https:\/\/mivoot.com\/gt\/wp-content\/uploads\/2024\/04\/DS-K1T502DBWX-C.png\",\"width\":1000,\"height\":1000},{\"@type\":\"BreadcrumbList\",\"@id\":\"https:\/\/mivoot.com\/gt\/producto\/video-portero-y-control-de-acceso-con-teclado-tarjeta-ip65-k1t502-hikvision\/#breadcrumb\",\"itemListElement\":[{\"@type\":\"ListItem\",\"position\":1,\"name\":\"Inicio\",\"item\":\"https:\/\/mivoot.com\/gt\/\"},{\"@type\":\"ListItem\",\"position\":2,\"name\":\"Productos\",\"item\":\"https:\/\/mivoot.com\/gt\/producto\/\"},{\"@type\":\"ListItem\",\"position\":3,\"name\":\"Hikvision\",\"item\":\"https:\/\/mivoot.com\/gt\/marca\/hikvision\/\"},{\"@type\":\"ListItem\",\"position\":4,\"name\":\"Video Portero y Control de Acceso con Teclado Tarjeta IP65 K1T502 Hikvision\"}]},{\"@type\":\"WebSite\",\"@id\":\"https:\/\/mivoot.com\/gt\/#website\",\"url\":\"https:\/\/mivoot.com\/gt\/\",\"name\":\"Mivoot\",\"description\":\"Mivoot Guatemala | Tienda Online\",\"publisher\":{\"@id\":\"https:\/\/mivoot.com\/gt\/#organization\"},\"alternateName\":\"mivoot\",\"potentialAction\":[{\"@type\":\"SearchAction\",\"target\":{\"@type\":\"EntryPoint\",\"urlTemplate\":\"https:\/\/mivoot.com\/gt\/?s={search_term_string}\"},\"query-input\":{\"@type\":\"PropertyValueSpecification\",\"valueRequired\":true,\"valueName\":\"search_term_string\"}}],\"inLanguage\":\"es\"},{\"@type\":\"Organization\",\"@id\":\"https:\/\/mivoot.com\/gt\/#organization\",\"name\":\"Mivoot Guatemala\",\"alternateName\":\"mivoot.com\",\"url\":\"https:\/\/mivoot.com\/gt\/\",\"logo\":{\"@type\":\"ImageObject\",\"inLanguage\":\"es\",\"@id\":\"https:\/\/mivoot.com\/gt\/#\/schema\/logo\/image\/\",\"url\":\"https:\/\/mivoot.com\/gt\/wp-content\/uploads\/2023\/03\/cropped-icon.png\",\"contentUrl\":\"https:\/\/mivoot.com\/gt\/wp-content\/uploads\/2023\/03\/cropped-icon.png\",\"width\":512,\"height\":512,\"caption\":\"Mivoot Guatemala\"},\"image\":{\"@id\":\"https:\/\/mivoot.com\/gt\/#\/schema\/logo\/image\/\"},\"sameAs\":[\"https:\/\/www.facebook.com\/mivootgt\",\"https:\/\/instagram.com\/mivoot\"]}]}<\/script>\n<!-- \/ Yoast SEO Premium plugin. -->","yoast_head_json":{"title":"Video Portero y Control de Acceso con Teclado Tarjeta IP65 K1T502 Hikvision - Mivoot","robots":{"index":"index","follow":"follow","max-snippet":"max-snippet:-1","max-image-preview":"max-image-preview:large","max-video-preview":"max-video-preview:-1"},"canonical":"https:\/\/mivoot.com\/gt\/producto\/video-portero-y-control-de-acceso-con-teclado-tarjeta-ip65-k1t502-hikvision\/","og_locale":"es_ES","og_type":"article","og_title":"Video Portero y Control de Acceso con Teclado Tarjeta IP65 K1T502 Hikvision","og_description":"- Control de acceso con c\u00e1mara - Soporta 10,000 Huellas - Soporta 100,000 Tarjetas Mifare - 300,000 eventos - C\u00e1mara de 2 MP. - Comunicaci\u00f3n de 2 v\u00edas - TCP\/IP, WiFi, RS485 y Wiegand | IP65 y IK09 - Vista en vivo a trav\u00e9s de HikConnect - iVMS-4200 - Grabaci\u00f3n de video en NVR - Aperturas remotas desde Hik-Connect - Control de acceso por Huella, Tarjeta, C\u00f3digo QR, Pin, Tarjeta Virtual (Smartphone Bluetooth), o App.","og_url":"https:\/\/mivoot.com\/gt\/producto\/video-portero-y-control-de-acceso-con-teclado-tarjeta-ip65-k1t502-hikvision\/","og_site_name":"Mivoot","article_publisher":"https:\/\/www.facebook.com\/mivootgt","article_modified_time":"2024-04-08T20:40:22+00:00","og_image":[{"width":1000,"height":1000,"url":"https:\/\/mivoot.com\/gt\/wp-content\/uploads\/2024\/04\/DS-K1T502DBWX-C.png","type":"image\/png"}],"twitter_card":"summary_large_image","twitter_misc":{"Est. reading time":"1 minuto"},"schema":{"@context":"https:\/\/schema.org","@graph":[{"@type":"WebPage","@id":"https:\/\/mivoot.com\/gt\/producto\/video-portero-y-control-de-acceso-con-teclado-tarjeta-ip65-k1t502-hikvision\/","url":"https:\/\/mivoot.com\/gt\/producto\/video-portero-y-control-de-acceso-con-teclado-tarjeta-ip65-k1t502-hikvision\/","name":"Video Portero y Control de Acceso con Teclado Tarjeta IP65 K1T502 Hikvision - Mivoot","isPartOf":{"@id":"https:\/\/mivoot.com\/gt\/#website"},"primaryImageOfPage":{"@id":"https:\/\/mivoot.com\/gt\/producto\/video-portero-y-control-de-acceso-con-teclado-tarjeta-ip65-k1t502-hikvision\/#primaryimage"},"image":{"@id":"https:\/\/mivoot.com\/gt\/producto\/video-portero-y-control-de-acceso-con-teclado-tarjeta-ip65-k1t502-hikvision\/#primaryimage"},"thumbnailUrl":"https:\/\/mivoot.com\/gt\/wp-content\/uploads\/2024\/04\/DS-K1T502DBWX-C.png","datePublished":"2024-04-06T20:41:18+00:00","dateModified":"2024-04-08T20:40:22+00:00","breadcrumb":{"@id":"https:\/\/mivoot.com\/gt\/producto\/video-portero-y-control-de-acceso-con-teclado-tarjeta-ip65-k1t502-hikvision\/#breadcrumb"},"inLanguage":"es","potentialAction":[{"@type":"ReadAction","target":["https:\/\/mivoot.com\/gt\/producto\/video-portero-y-control-de-acceso-con-teclado-tarjeta-ip65-k1t502-hikvision\/"]}]},{"@type":"ImageObject","inLanguage":"es","@id":"https:\/\/mivoot.com\/gt\/producto\/video-portero-y-control-de-acceso-con-teclado-tarjeta-ip65-k1t502-hikvision\/#primaryimage","url":"https:\/\/mivoot.com\/gt\/wp-content\/uploads\/2024\/04\/DS-K1T502DBWX-C.png","contentUrl":"https:\/\/mivoot.com\/gt\/wp-content\/uploads\/2024\/04\/DS-K1T502DBWX-C.png","width":1000,"height":1000},{"@type":"BreadcrumbList","@id":"https:\/\/mivoot.com\/gt\/producto\/video-portero-y-control-de-acceso-con-teclado-tarjeta-ip65-k1t502-hikvision\/#breadcrumb","itemListElement":[{"@type":"ListItem","position":1,"name":"Inicio","item":"https:\/\/mivoot.com\/gt\/"},{"@type":"ListItem","position":2,"name":"Productos","item":"https:\/\/mivoot.com\/gt\/producto\/"},{"@type":"ListItem","position":3,"name":"Hikvision","item":"https:\/\/mivoot.com\/gt\/marca\/hikvision\/"},{"@type":"ListItem","position":4,"name":"Video Portero y Control de Acceso con Teclado Tarjeta IP65 K1T502 Hikvision"}]},{"@type":"WebSite","@id":"https:\/\/mivoot.com\/gt\/#website","url":"https:\/\/mivoot.com\/gt\/","name":"Mivoot","description":"Mivoot Guatemala | Tienda Online","publisher":{"@id":"https:\/\/mivoot.com\/gt\/#organization"},"alternateName":"mivoot","potentialAction":[{"@type":"SearchAction","target":{"@type":"EntryPoint","urlTemplate":"https:\/\/mivoot.com\/gt\/?s={search_term_string}"},"query-input":{"@type":"PropertyValueSpecification","valueRequired":true,"valueName":"search_term_string"}}],"inLanguage":"es"},{"@type":"Organization","@id":"https:\/\/mivoot.com\/gt\/#organization","name":"Mivoot Guatemala","alternateName":"mivoot.com","url":"https:\/\/mivoot.com\/gt\/","logo":{"@type":"ImageObject","inLanguage":"es","@id":"https:\/\/mivoot.com\/gt\/#\/schema\/logo\/image\/","url":"https:\/\/mivoot.com\/gt\/wp-content\/uploads\/2023\/03\/cropped-icon.png","contentUrl":"https:\/\/mivoot.com\/gt\/wp-content\/uploads\/2023\/03\/cropped-icon.png","width":512,"height":512,"caption":"Mivoot Guatemala"},"image":{"@id":"https:\/\/mivoot.com\/gt\/#\/schema\/logo\/image\/"},"sameAs":["https:\/\/www.facebook.com\/mivootgt","https:\/\/instagram.com\/mivoot"]}]}},"jetpack_publicize_connections":[],"jetpack_sharing_enabled":true,"brands":[{"id":113,"name":"Hikvision","slug":"hikvision"}],"_links":{"self":[{"href":"https:\/\/mivoot.com\/gt\/wp-json\/wp\/v2\/product\/18598","targetHints":{"allow":["GET"]}}],"collection":[{"href":"https:\/\/mivoot.com\/gt\/wp-json\/wp\/v2\/product"}],"about":[{"href":"https:\/\/mivoot.com\/gt\/wp-json\/wp\/v2\/types\/product"}],"replies":[{"embeddable":true,"href":"https:\/\/mivoot.com\/gt\/wp-json\/wp\/v2\/comments?post=18598"}],"version-history":[{"count":2,"href":"https:\/\/mivoot.com\/gt\/wp-json\/wp\/v2\/product\/18598\/revisions"}],"predecessor-version":[{"id":20622,"href":"https:\/\/mivoot.com\/gt\/wp-json\/wp\/v2\/product\/18598\/revisions\/20622"}],"wp:featuredmedia":[{"embeddable":true,"href":"https:\/\/mivoot.com\/gt\/wp-json\/wp\/v2\/media\/18604"}],"wp:attachment":[{"href":"https:\/\/mivoot.com\/gt\/wp-json\/wp\/v2\/media?parent=18598"}],"wp:term":[{"taxonomy":"pwb-brand","embeddable":true,"href":"https:\/\/mivoot.com\/gt\/wp-json\/wp\/v2\/pwb-brand?post=18598"},{"taxonomy":"product_brand","embeddable":true,"href":"https:\/\/mivoot.com\/gt\/wp-json\/wp\/v2\/product_brand?post=18598"},{"taxonomy":"product_cat","embeddable":true,"href":"https:\/\/mivoot.com\/gt\/wp-json\/wp\/v2\/product_cat?post=18598"},{"taxonomy":"product_tag","embeddable":true,"href":"https:\/\/mivoot.com\/gt\/wp-json\/wp\/v2\/product_tag?post=18598"}],"curies":[{"name":"wp","href":"https:\/\/api.w.org\/{rel}","templated":true}]}}