{"id":18670,"date":"2024-04-08T19:58:46","date_gmt":"2024-04-09T01:58:46","guid":{"rendered":"https:\/\/mivoot.com\/gt\/?post_type=product&#038;p=18670"},"modified":"2024-04-08T20:00:00","modified_gmt":"2024-04-09T02:00:00","slug":"televisor-50-a-pro-50-xiaomi","status":"publish","type":"product","link":"https:\/\/mivoot.com\/gt\/producto\/televisor-50-a-pro-50-xiaomi\/","title":{"rendered":"Televisor 50&#8243; A Pro 50 Xiaomi"},"content":{"rendered":"<div class=\"div5\"><\/div>\n<p><img decoding=\"async\" class=\"aligncenter\" style=\"color: #333333; font-size: 14.4px;\" src=\"https:\/\/xiaomioficial.pe\/media\/catalog\/product\/3\/_\/3_2_.jpeg?optimize=medium&amp;bg-color=255,255,255&amp;fit=bounds&amp;height=&amp;width=&amp;canvas=:\" alt=\"Xiaomi TV 55&quot; A Pro-Google TV 4K L55M8-A2LA\" \/><\/p>\n<h2 style=\"text-align: center;\">Dise\u00f1o de pantalla completa Pantalla de alta resoluci\u00f3n<\/h2>\n<p style=\"text-align: center;\">El dise\u00f1o de bisel ultraestrecho proporciona una relaci\u00f3n pantalla-cuerpo muy superior a la de los televisores est\u00e1ndar. Desde el momento en que enciendes el televisor, im\u00e1genes de alta resoluci\u00f3n en colores impresionantes cubren la pantalla para brindar una experiencia inmersiva.<\/p>\n<h2 style=\"text-align: center;\">Dise\u00f1o met\u00e1lico de calidad exquisita.<\/h2>\n<p style=\"text-align: center;\">Con un exquisito marco met\u00e1lico con un dise\u00f1o unibody, la Serie Xiaomi A Pro hace una verdadera declaraci\u00f3n en cualquier hogar.<\/p>\n<h2 style=\"text-align: center;\">Altavoz de calidad cinematogr\u00e1fica Audio premium<\/h2>\n<p style=\"text-align: center;\">Los altavoces est\u00e9reo de alta potencia de 2 \u00d7 10 W llenan la habitaci\u00f3n con ricos tonos altos y graves y brindan una experiencia de sonido envolvente.<\/p>\n<h2 style=\"text-align: center;\">Haz m\u00e1s en tu televisor con tu voz<\/h2>\n<p style=\"text-align: center;\">Tu televisor es m\u00e1s \u00fatil que nunca. P\u00eddele a Google que busque pel\u00edculas, transmita aplicaciones, reproduzca m\u00fasica y controle el televisor, todo con tu voz. Incluso obtenga respuestas, controle dispositivos dom\u00e9sticos inteligentes y m\u00e1s. Simplemente diga \u201cOk Google\u201d o presione el bot\u00f3n Asistente de Google en el control remoto para comenzar.<\/p>\n<p>&nbsp;<\/p>\n<p><img decoding=\"async\" class=\"aligncenter\" src=\"https:\/\/xiaomioficial.pe\/media\/catalog\/product\/1\/_\/1_11_.jpg?optimize=medium&amp;bg-color=255,255,255&amp;fit=bounds&amp;height=&amp;width=&amp;canvas=:\" alt=\"Xiaomi TV 55&quot; A Pro-Google TV 4K L55M8-A2LA\" \/><\/p>\n<h2>Especificaciones<\/h2>\n<h3>Visualizaci\u00f3n<\/h3>\n<ul>\n<li>Tipo de pantalla: 4K UHD<\/li>\n<li>Resoluci\u00f3n: 3840 \u00d7 2160<\/li>\n<li>Gama de colores: DCI-P3 90% (t\u00edpico)<\/li>\n<li>Profundidad de color: 1070 millones<\/li>\n<li>Frecuencia de actualizaci\u00f3n: 60Hz<\/li>\n<li>MEMC: hasta UHD 60Hz<\/li>\n<li>\u00c1ngulo de visi\u00f3n: 178\u00b0(H)\/ 178\u00b0(V)<\/li>\n<li>Admite Dolby Vision\u00ae, HDR10, HLG<\/li>\n<\/ul>\n<h3>\u00a0Altavoces<\/h3>\n<ul>\n<li>Altavoz (salida de sonido): 2 \u00d7 12 W<\/li>\n<li>Compatible con Dolby Audio\u2122, DTS-X y DTS\u00ae Virtual:X Sound<\/li>\n<\/ul>\n<h3>Sistema operativo: Google TV\u2122<\/h3>\n<ul>\n<li>CPU: Cu\u00e1druple A55<\/li>\n<li>GPU: Mal\u00ed G52 MP2<\/li>\n<li>RAM: 2GB<\/li>\n<li>ROM: 16GB<\/li>\n<\/ul>\n<h3>Contenidos<\/h3>\n<ul>\n<li>Netflix, Amazon Prime Video y Youtube preinstalados<\/li>\n<li>Miles de aplicaciones disponibles en Google Play<\/li>\n<li>Smart Home<\/li>\n<li>Asistente de Google integrado<\/li>\n<li>Centro de control del hogar inteligente<\/li>\n<li>Chromecast integrado<\/li>\n<li>Compatible con Miracast.<\/li>\n<\/ul>\n<h3>Dise\u00f1o<\/h3>\n<ul>\n<li>Tama\u00f1o: 50&#8221;<\/li>\n<li>Pantalla ilimitada sin bisel<\/li>\n<li>De color negro<\/li>\n<li>Soporte: Individual<\/li>\n<li>Bot\u00f3n de encendido<\/li>\n<\/ul>\n<h3>Dimensiones<\/h3>\n<ul>\n<li>Dimensiones incluida la base (L \u00d7 W \u00d7 H): 1111,2 \u00d7 279,9 \u00d7 708,9 mm<\/li>\n<li>Dimensiones sin incluir la base (L \u00d7 W \u00d7 H): 1111,2 \u00d7 82,6 \u00d7 644,5 mm<\/li>\n<li>Tama\u00f1o del embalaje (L \u00d7 W \u00d7 H): 1250 \u00d7 144 \u00d7 760 mm<\/li>\n<\/ul>\n<h3>Peso<\/h3>\n<ul>\n<li>Peso incluida la base: 9,4 kg<\/li>\n<li>Peso sin base: 9,2 kg<\/li>\n<li>Peso del embalaje: 12,1 kg<\/li>\n<\/ul>\n<h3>Material<\/h3>\n<ul>\n<li>Montura: Metal<\/li>\n<li>Soporte: Pl\u00e1stico<\/li>\n<li>Montaje en pared: 300 \u00d7 300 mm<\/li>\n<\/ul>\n<h3>Conectividad<\/h3>\n<ul>\n<li>Bluetooth 5.0<\/li>\n<li>Wifi 2,4 GHz\/5 GHz<\/li>\n<li>HDMI \u00d7 3 (1 puerto con eARC)<\/li>\n<li>USB 2.0 \u00d7 2<\/li>\n<li>Entrada compuesta (AV): S\u00ed<\/li>\n<li>Ethernet (Lan): S\u00ed<\/li>\n<li>Salida de audio digital \u00f3ptica: S\u00ed<\/li>\n<li>Toma de auriculares de 3,5 mm: S\u00ed<\/li>\n<li>Ranura CI+: S\u00ed<\/li>\n<li>Sistema de transmisi\u00f3n: DVB-T2\/C, DVB-S2* (*Var\u00eda seg\u00fan los mercados)<\/li>\n<\/ul>\n<h3>Alimentaci\u00f3n y entorno operativo<\/h3>\n<ul>\n<li>Potencia: 95W<\/li>\n<li>Voltaje: 100-240V ~ 50\/60Hz<\/li>\n<li>Temperatura de funcionamiento: 0 \u2103 ~ 40 \u2103, humedad 20% ~ 80%<\/li>\n<li>Temperatura de almacenamiento: -15 \u2103 ~ 45 \u2103, humedad relativa &lt; 80%<\/li>\n<\/ul>\n","protected":false},"excerpt":{"rendered":"<p>&#8211; Tama\u00f1o de Pantalla: 50\u2033<br \/>\n&#8211; Procesador: MediaTek MT9611<br \/>\n&#8211; Sistema operativo: Android<br \/>\n&#8211; Celular a TV: Duplicaci\u00f3n DLNA<br \/>\n&#8211; Dimensiones (AxALxP): 1117.2 x 652.5 x 83.6 mm<br \/>\n&#8211; Tipo de visualizaci\u00f3n 4K UHD<br \/>\n&#8211; Resoluci\u00f3n 3.840 \u00d7 2.160<br \/>\n&#8211; Gama de colores DCI-P3 90% (t\u00edpico)<br \/>\n&#8211; Profundidad del color 1,07 mil millones<br \/>\n&#8211; Frecuencia de actualizaci\u00f3n 60Hz<br \/>\n&#8211; MEMC hasta UHD 60Hz<br \/>\n&#8211; \u00c1ngulo de visi\u00f3n 178\u00b0(H)\/ 178\u00b0(V)<br \/>\n&#8211; Compatible con Dolby Vision\u00ae, HDR10, HLG<\/p>\n","protected":false},"featured_media":18667,"comment_status":"open","ping_status":"closed","template":"","meta":{"jetpack_publicize_message":"","jetpack_publicize_feature_enabled":true,"jetpack_social_post_already_shared":true,"jetpack_social_options":{"image_generator_settings":{"template":"highway","default_image_id":0,"font":"","enabled":false},"version":2}},"pwb-brand":[94],"product_brand":[],"product_cat":[284],"product_tag":[],"class_list":{"0":"post-18670","1":"product","2":"type-product","3":"status-publish","4":"has-post-thumbnail","6":"pwb-brand-xiaomi","7":"product_cat-televisores","9":"first","10":"instock","11":"taxable","12":"shipping-taxable","13":"purchasable","14":"product-type-simple"},"yoast_head":"<!-- This site is optimized with the Yoast SEO Premium plugin v25.7.1 (Yoast SEO v26.8) - https:\/\/yoast.com\/product\/yoast-seo-premium-wordpress\/ -->\n<title>Televisor 50&quot; A Pro 50 Xiaomi - Mivoot<\/title>\n<meta name=\"robots\" content=\"index, follow, max-snippet:-1, max-image-preview:large, max-video-preview:-1\" \/>\n<link rel=\"canonical\" href=\"https:\/\/mivoot.com\/gt\/producto\/televisor-50-a-pro-50-xiaomi\/\" \/>\n<meta property=\"og:locale\" content=\"es_ES\" \/>\n<meta property=\"og:type\" content=\"article\" \/>\n<meta property=\"og:title\" content=\"Televisor 50&quot; A Pro 50 Xiaomi\" \/>\n<meta property=\"og:description\" content=\"- Tama\u00f1o de Pantalla: 50\u2033 - Procesador: MediaTek MT9611 - Sistema operativo: Android - Celular a TV: Duplicaci\u00f3n DLNA - Dimensiones (AxALxP): 1117.2 x 652.5 x 83.6 mm - Tipo de visualizaci\u00f3n 4K UHD - Resoluci\u00f3n 3.840 \u00d7 2.160 - Gama de colores DCI-P3 90% (t\u00edpico) - Profundidad del color 1,07 mil millones - Frecuencia de actualizaci\u00f3n 60Hz - MEMC hasta UHD 60Hz - \u00c1ngulo de visi\u00f3n 178\u00b0(H)\/ 178\u00b0(V) - Compatible con Dolby Vision\u00ae, HDR10, HLG\" \/>\n<meta property=\"og:url\" content=\"https:\/\/mivoot.com\/gt\/producto\/televisor-50-a-pro-50-xiaomi\/\" \/>\n<meta property=\"og:site_name\" content=\"Mivoot\" \/>\n<meta property=\"article:publisher\" content=\"https:\/\/www.facebook.com\/mivootgt\" \/>\n<meta property=\"article:modified_time\" content=\"2024-04-09T02:00:00+00:00\" \/>\n<meta property=\"og:image\" content=\"https:\/\/mivoot.com\/gt\/wp-content\/uploads\/2024\/04\/45631-XIAOMI-1200x1200-01.-700x700-1.jpg\" \/>\n\t<meta property=\"og:image:width\" content=\"700\" \/>\n\t<meta property=\"og:image:height\" content=\"700\" \/>\n\t<meta property=\"og:image:type\" content=\"image\/jpeg\" \/>\n<meta name=\"twitter:card\" content=\"summary_large_image\" \/>\n<meta name=\"twitter:label1\" content=\"Est. reading time\" \/>\n\t<meta name=\"twitter:data1\" content=\"3 minutos\" \/>\n<script type=\"application\/ld+json\" class=\"yoast-schema-graph\">{\"@context\":\"https:\/\/schema.org\",\"@graph\":[{\"@type\":\"WebPage\",\"@id\":\"https:\/\/mivoot.com\/gt\/producto\/televisor-50-a-pro-50-xiaomi\/\",\"url\":\"https:\/\/mivoot.com\/gt\/producto\/televisor-50-a-pro-50-xiaomi\/\",\"name\":\"Televisor 50\\\" A Pro 50 Xiaomi - Mivoot\",\"isPartOf\":{\"@id\":\"https:\/\/mivoot.com\/gt\/#website\"},\"primaryImageOfPage\":{\"@id\":\"https:\/\/mivoot.com\/gt\/producto\/televisor-50-a-pro-50-xiaomi\/#primaryimage\"},\"image\":{\"@id\":\"https:\/\/mivoot.com\/gt\/producto\/televisor-50-a-pro-50-xiaomi\/#primaryimage\"},\"thumbnailUrl\":\"https:\/\/mivoot.com\/gt\/wp-content\/uploads\/2024\/04\/45631-XIAOMI-1200x1200-01.-700x700-1.jpg\",\"datePublished\":\"2024-04-09T01:58:46+00:00\",\"dateModified\":\"2024-04-09T02:00:00+00:00\",\"breadcrumb\":{\"@id\":\"https:\/\/mivoot.com\/gt\/producto\/televisor-50-a-pro-50-xiaomi\/#breadcrumb\"},\"inLanguage\":\"es\",\"potentialAction\":[{\"@type\":\"ReadAction\",\"target\":[\"https:\/\/mivoot.com\/gt\/producto\/televisor-50-a-pro-50-xiaomi\/\"]}]},{\"@type\":\"ImageObject\",\"inLanguage\":\"es\",\"@id\":\"https:\/\/mivoot.com\/gt\/producto\/televisor-50-a-pro-50-xiaomi\/#primaryimage\",\"url\":\"https:\/\/mivoot.com\/gt\/wp-content\/uploads\/2024\/04\/45631-XIAOMI-1200x1200-01.-700x700-1.jpg\",\"contentUrl\":\"https:\/\/mivoot.com\/gt\/wp-content\/uploads\/2024\/04\/45631-XIAOMI-1200x1200-01.-700x700-1.jpg\",\"width\":700,\"height\":700},{\"@type\":\"BreadcrumbList\",\"@id\":\"https:\/\/mivoot.com\/gt\/producto\/televisor-50-a-pro-50-xiaomi\/#breadcrumb\",\"itemListElement\":[{\"@type\":\"ListItem\",\"position\":1,\"name\":\"Inicio\",\"item\":\"https:\/\/mivoot.com\/gt\/\"},{\"@type\":\"ListItem\",\"position\":2,\"name\":\"Productos\",\"item\":\"https:\/\/mivoot.com\/gt\/producto\/\"},{\"@type\":\"ListItem\",\"position\":3,\"name\":\"Xiaomi\",\"item\":\"https:\/\/mivoot.com\/gt\/marca\/xiaomi\/\"},{\"@type\":\"ListItem\",\"position\":4,\"name\":\"Televisor 50&#8243; A Pro 50 Xiaomi\"}]},{\"@type\":\"WebSite\",\"@id\":\"https:\/\/mivoot.com\/gt\/#website\",\"url\":\"https:\/\/mivoot.com\/gt\/\",\"name\":\"Mivoot\",\"description\":\"Mivoot Guatemala | Tienda Online\",\"publisher\":{\"@id\":\"https:\/\/mivoot.com\/gt\/#organization\"},\"alternateName\":\"mivoot\",\"potentialAction\":[{\"@type\":\"SearchAction\",\"target\":{\"@type\":\"EntryPoint\",\"urlTemplate\":\"https:\/\/mivoot.com\/gt\/?s={search_term_string}\"},\"query-input\":{\"@type\":\"PropertyValueSpecification\",\"valueRequired\":true,\"valueName\":\"search_term_string\"}}],\"inLanguage\":\"es\"},{\"@type\":\"Organization\",\"@id\":\"https:\/\/mivoot.com\/gt\/#organization\",\"name\":\"Mivoot Guatemala\",\"alternateName\":\"mivoot.com\",\"url\":\"https:\/\/mivoot.com\/gt\/\",\"logo\":{\"@type\":\"ImageObject\",\"inLanguage\":\"es\",\"@id\":\"https:\/\/mivoot.com\/gt\/#\/schema\/logo\/image\/\",\"url\":\"https:\/\/mivoot.com\/gt\/wp-content\/uploads\/2023\/03\/cropped-icon.png\",\"contentUrl\":\"https:\/\/mivoot.com\/gt\/wp-content\/uploads\/2023\/03\/cropped-icon.png\",\"width\":512,\"height\":512,\"caption\":\"Mivoot Guatemala\"},\"image\":{\"@id\":\"https:\/\/mivoot.com\/gt\/#\/schema\/logo\/image\/\"},\"sameAs\":[\"https:\/\/www.facebook.com\/mivootgt\",\"https:\/\/instagram.com\/mivoot\"]}]}<\/script>\n<!-- \/ Yoast SEO Premium plugin. -->","yoast_head_json":{"title":"Televisor 50\" A Pro 50 Xiaomi - Mivoot","robots":{"index":"index","follow":"follow","max-snippet":"max-snippet:-1","max-image-preview":"max-image-preview:large","max-video-preview":"max-video-preview:-1"},"canonical":"https:\/\/mivoot.com\/gt\/producto\/televisor-50-a-pro-50-xiaomi\/","og_locale":"es_ES","og_type":"article","og_title":"Televisor 50\" A Pro 50 Xiaomi","og_description":"- Tama\u00f1o de Pantalla: 50\u2033 - Procesador: MediaTek MT9611 - Sistema operativo: Android - Celular a TV: Duplicaci\u00f3n DLNA - Dimensiones (AxALxP): 1117.2 x 652.5 x 83.6 mm - Tipo de visualizaci\u00f3n 4K UHD - Resoluci\u00f3n 3.840 \u00d7 2.160 - Gama de colores DCI-P3 90% (t\u00edpico) - Profundidad del color 1,07 mil millones - Frecuencia de actualizaci\u00f3n 60Hz - MEMC hasta UHD 60Hz - \u00c1ngulo de visi\u00f3n 178\u00b0(H)\/ 178\u00b0(V) - Compatible con Dolby Vision\u00ae, HDR10, HLG","og_url":"https:\/\/mivoot.com\/gt\/producto\/televisor-50-a-pro-50-xiaomi\/","og_site_name":"Mivoot","article_publisher":"https:\/\/www.facebook.com\/mivootgt","article_modified_time":"2024-04-09T02:00:00+00:00","og_image":[{"width":700,"height":700,"url":"https:\/\/mivoot.com\/gt\/wp-content\/uploads\/2024\/04\/45631-XIAOMI-1200x1200-01.-700x700-1.jpg","type":"image\/jpeg"}],"twitter_card":"summary_large_image","twitter_misc":{"Est. reading time":"3 minutos"},"schema":{"@context":"https:\/\/schema.org","@graph":[{"@type":"WebPage","@id":"https:\/\/mivoot.com\/gt\/producto\/televisor-50-a-pro-50-xiaomi\/","url":"https:\/\/mivoot.com\/gt\/producto\/televisor-50-a-pro-50-xiaomi\/","name":"Televisor 50\" A Pro 50 Xiaomi - Mivoot","isPartOf":{"@id":"https:\/\/mivoot.com\/gt\/#website"},"primaryImageOfPage":{"@id":"https:\/\/mivoot.com\/gt\/producto\/televisor-50-a-pro-50-xiaomi\/#primaryimage"},"image":{"@id":"https:\/\/mivoot.com\/gt\/producto\/televisor-50-a-pro-50-xiaomi\/#primaryimage"},"thumbnailUrl":"https:\/\/mivoot.com\/gt\/wp-content\/uploads\/2024\/04\/45631-XIAOMI-1200x1200-01.-700x700-1.jpg","datePublished":"2024-04-09T01:58:46+00:00","dateModified":"2024-04-09T02:00:00+00:00","breadcrumb":{"@id":"https:\/\/mivoot.com\/gt\/producto\/televisor-50-a-pro-50-xiaomi\/#breadcrumb"},"inLanguage":"es","potentialAction":[{"@type":"ReadAction","target":["https:\/\/mivoot.com\/gt\/producto\/televisor-50-a-pro-50-xiaomi\/"]}]},{"@type":"ImageObject","inLanguage":"es","@id":"https:\/\/mivoot.com\/gt\/producto\/televisor-50-a-pro-50-xiaomi\/#primaryimage","url":"https:\/\/mivoot.com\/gt\/wp-content\/uploads\/2024\/04\/45631-XIAOMI-1200x1200-01.-700x700-1.jpg","contentUrl":"https:\/\/mivoot.com\/gt\/wp-content\/uploads\/2024\/04\/45631-XIAOMI-1200x1200-01.-700x700-1.jpg","width":700,"height":700},{"@type":"BreadcrumbList","@id":"https:\/\/mivoot.com\/gt\/producto\/televisor-50-a-pro-50-xiaomi\/#breadcrumb","itemListElement":[{"@type":"ListItem","position":1,"name":"Inicio","item":"https:\/\/mivoot.com\/gt\/"},{"@type":"ListItem","position":2,"name":"Productos","item":"https:\/\/mivoot.com\/gt\/producto\/"},{"@type":"ListItem","position":3,"name":"Xiaomi","item":"https:\/\/mivoot.com\/gt\/marca\/xiaomi\/"},{"@type":"ListItem","position":4,"name":"Televisor 50&#8243; A Pro 50 Xiaomi"}]},{"@type":"WebSite","@id":"https:\/\/mivoot.com\/gt\/#website","url":"https:\/\/mivoot.com\/gt\/","name":"Mivoot","description":"Mivoot Guatemala | Tienda Online","publisher":{"@id":"https:\/\/mivoot.com\/gt\/#organization"},"alternateName":"mivoot","potentialAction":[{"@type":"SearchAction","target":{"@type":"EntryPoint","urlTemplate":"https:\/\/mivoot.com\/gt\/?s={search_term_string}"},"query-input":{"@type":"PropertyValueSpecification","valueRequired":true,"valueName":"search_term_string"}}],"inLanguage":"es"},{"@type":"Organization","@id":"https:\/\/mivoot.com\/gt\/#organization","name":"Mivoot Guatemala","alternateName":"mivoot.com","url":"https:\/\/mivoot.com\/gt\/","logo":{"@type":"ImageObject","inLanguage":"es","@id":"https:\/\/mivoot.com\/gt\/#\/schema\/logo\/image\/","url":"https:\/\/mivoot.com\/gt\/wp-content\/uploads\/2023\/03\/cropped-icon.png","contentUrl":"https:\/\/mivoot.com\/gt\/wp-content\/uploads\/2023\/03\/cropped-icon.png","width":512,"height":512,"caption":"Mivoot Guatemala"},"image":{"@id":"https:\/\/mivoot.com\/gt\/#\/schema\/logo\/image\/"},"sameAs":["https:\/\/www.facebook.com\/mivootgt","https:\/\/instagram.com\/mivoot"]}]}},"jetpack_publicize_connections":[],"jetpack_sharing_enabled":true,"brands":[{"id":94,"name":"Xiaomi","slug":"xiaomi"}],"_links":{"self":[{"href":"https:\/\/mivoot.com\/gt\/wp-json\/wp\/v2\/product\/18670","targetHints":{"allow":["GET"]}}],"collection":[{"href":"https:\/\/mivoot.com\/gt\/wp-json\/wp\/v2\/product"}],"about":[{"href":"https:\/\/mivoot.com\/gt\/wp-json\/wp\/v2\/types\/product"}],"replies":[{"embeddable":true,"href":"https:\/\/mivoot.com\/gt\/wp-json\/wp\/v2\/comments?post=18670"}],"version-history":[{"count":1,"href":"https:\/\/mivoot.com\/gt\/wp-json\/wp\/v2\/product\/18670\/revisions"}],"predecessor-version":[{"id":18680,"href":"https:\/\/mivoot.com\/gt\/wp-json\/wp\/v2\/product\/18670\/revisions\/18680"}],"wp:featuredmedia":[{"embeddable":true,"href":"https:\/\/mivoot.com\/gt\/wp-json\/wp\/v2\/media\/18667"}],"wp:attachment":[{"href":"https:\/\/mivoot.com\/gt\/wp-json\/wp\/v2\/media?parent=18670"}],"wp:term":[{"taxonomy":"pwb-brand","embeddable":true,"href":"https:\/\/mivoot.com\/gt\/wp-json\/wp\/v2\/pwb-brand?post=18670"},{"taxonomy":"product_brand","embeddable":true,"href":"https:\/\/mivoot.com\/gt\/wp-json\/wp\/v2\/product_brand?post=18670"},{"taxonomy":"product_cat","embeddable":true,"href":"https:\/\/mivoot.com\/gt\/wp-json\/wp\/v2\/product_cat?post=18670"},{"taxonomy":"product_tag","embeddable":true,"href":"https:\/\/mivoot.com\/gt\/wp-json\/wp\/v2\/product_tag?post=18670"}],"curies":[{"name":"wp","href":"https:\/\/api.w.org\/{rel}","templated":true}]}}