{"id":18683,"date":"2024-04-08T20:16:35","date_gmt":"2024-04-09T02:16:35","guid":{"rendered":"https:\/\/mivoot.com\/gt\/?post_type=product&#038;p=18683"},"modified":"2024-07-30T08:04:54","modified_gmt":"2024-07-30T14:04:54","slug":"televisor-55-q2-tv-xiaomi","status":"publish","type":"product","link":"https:\/\/mivoot.com\/gt\/producto\/televisor-55-q2-tv-xiaomi\/","title":{"rendered":"Televisor 55&#8243; Q2 TV Xiaomi"},"content":{"rendered":"<h3><img decoding=\"async\" class=\"aligncenter\" src=\"https:\/\/i02.appmifile.com\/mi-com-product\/fly-birds\/xiaomi-tv-q2-55\/pc\/77923094fb6a9999b7ac31d3776f6506.png\" alt=\"Xiaomi Tv Q2 55\" \/><\/h3>\n<h3><\/h3>\n<h3>Tecnolog\u00eda de visualizaci\u00f3n de puntos cu\u00e1nticos<\/h3>\n<p>Equipado con la innovadora\u00a0<em><strong>tecnolog\u00eda de visualizaci\u00f3n de puntos cu\u00e1nticos<\/strong><\/em>, la Xiaomi TV Q2 da vida a los colores. Con una\u00a0<strong>mayor cobertura de la gama de colores<\/strong>\u00a0y una pantalla de m\u00e1s de\u00a0<strong>mil millones de colores<\/strong>, podr\u00e1s disfrutar de una calidad de imagen asombrosa desde la comodidad de tu sal\u00f3n.<\/p>\n<h3>Calidad de imagen de ultraalta resoluci\u00f3n 4K<\/h3>\n<p>Con una resoluci\u00f3n\u00a0<em><strong>4K UHD<\/strong><\/em>\u00a0de\u00a0<strong>3840 x 2160 p\u00edxeles<\/strong>, en la Xiaomi TV Q2 incluso los detalles m\u00e1s peque\u00f1os se ven ultra-n\u00edtidos.<\/p>\n<h3><img decoding=\"async\" class=\"aligncenter\" src=\"https:\/\/topesdegama.com\/app\/uploads-topesdegama.com\/2024\/03\/Xiaomi-Q2.jpg\" alt=\"Televisor Xiaomi Q2\" \/><\/h3>\n<h3>Tecnolog\u00eda MEMC para una transici\u00f3n fluida de fotogramas<\/h3>\n<p>Por si fuera poco, la\u00a0<em><strong>tecnolog\u00eda MEMC<\/strong><\/em>\u00a0de hasta\u00a0<strong>60 Hz<\/strong>\u00a0a\u00f1ade de forma autom\u00e1tica\u00a0<strong>fotogramas artificiales<\/strong>\u00a0en el contenido con baja velocidad de fotogramas para ofrecer una\u00a0<strong>transici\u00f3n de im\u00e1genes m\u00e1s fluida y natural<\/strong>, independientemente de lo que est\u00e9s viendo, ya sea una pel\u00edcula de acci\u00f3n, un partido o un juego de carreras.<\/p>\n<h3>Imagen perfecta en todo momento con Dolby Vision IQ<\/h3>\n<p><em><strong>Dolby Vision IQ<\/strong><\/em>\u00a0utiliza metadatos de Dolby Vision y el\u00a0<strong>sensor de luz ambiental<\/strong>\u00a0de la Xiaomi TV Q2 para mostrar de forma inteligente cada detalle y\u00a0<strong>ajustarse din\u00e1micamente a la luz<\/strong>\u00a0cambiante de la habitaci\u00f3n\u00a0<strong>y al tipo de contenido<\/strong>\u00a0que se reproduce, y maximizar, al mismo tiempo, todas las capacidades del dispositivo. As\u00ed podr\u00e1s disfrutar de un brillo, contraste y color incre\u00edbles, perfectamente optimizados para cada momento.<\/p>\n<h3>Dos altavoces de 15W con Dolby Audio y DTS:X<\/h3>\n<p>Los potentes\u00a0<em><strong>altavoces de 15 W y rango completo<\/strong><\/em>\u00a0de la Xiaomi TV Q2 ofrecen un rendimiento excelente en frecuencias altas y bajas, lo que proporciona un\u00a0<strong>sonido m\u00e1s n\u00edtido y completo<\/strong>.<\/p>\n<p>Adem\u00e1s, gracias a la compatibilidad con la tecnolog\u00eda\u00a0<strong>Dolby Atmos\u00ae<\/strong>\u00a0y\u00a0<strong>DTS:X\u00ae<\/strong>, podr\u00e1s disfrutar de una experiencia de audio envolvente y cinematogr\u00e1fico desde la comodidad de tu sal\u00f3n.<\/p>\n<p>No obstante, si esta experiencia de sonido se te queda corta, no dudes en a\u00f1adir a tu compra la\u00a0Barra de Sonido Xiaomi Soundbar 3.1 canales.<\/p>\n<h3>El entretenimiento que te gusta, con un poco de ayuda de Google<\/h3>\n<p><em><strong>Google TV\u2122<\/strong><\/em>\u00a0re\u00fane pel\u00edculas, programas y mucho m\u00e1s de\u00a0<strong>todas tus aplicaciones y suscripciones<\/strong>, y los organiza para ti. Descubre las novedades que ver con\u00a0<strong>recomendaciones basadas en lo que ves<\/strong>\u00a0y en lo que te interesa, de todas tus suscripciones y contenidos disponibles.<\/p>\n<div><img decoding=\"async\" class=\"aligncenter\" src=\"https:\/\/coolboxpe.vtexassets.com\/arquivos\/ids\/357572-800-auto?v=638478686127470000&amp;width=800&amp;height=auto&amp;aspect=true\" alt=\"image-3894bd19557b4c32ab9cd82a8b84ecd2\" \/><\/div>\n<h3>Control inteligente del hogar y Asistente de Google<\/h3>\n<p>Mediante el\u00a0<em><strong>Asistente de Google<\/strong><\/em>, la Mi TV Q2 te permite realizar operaciones complejas con simples\u00a0<strong>comandos de voz<\/strong>. Di: \u201cOk Google, y p\u00eddele que busque un t\u00edtulo en alguna APP de streaming, que responda tus preguntas o que abra el calendario.<\/p>\n<p>Incluso podr\u00e1s\u00a0<strong>utilizar tu voz<\/strong>\u00a0para crear el entorno de vida perfecto\u00a0<strong>controlando los dispositivos dom\u00e9sticos inteligentes<\/strong>\u00a0en toda tu casa: ajusta la temperatura e iluminaci\u00f3n de una habitaci\u00f3n o controla otros aparatos Smart Home conectados, como purificadores de aire, robots aspiradores, etc.<\/p>\n<h3>Mando a distancia Bluetooth de 360\u00ba<\/h3>\n<p>El\u00a0<em><strong>mando a distancia Bluetooth<\/strong><\/em>\u00a0del Xiaomi TV Q2 funciona a una distancia de hasta\u00a0<strong>10 metros<\/strong>\u00a0en casi\u00a0<strong>cualquier direcci\u00f3n<\/strong>, sin \u00e1ngulos muertos. Los\u00a0<strong>botones de acceso directo<\/strong>\u00a0te permiten acceder a tu contenido favorito al instante.<\/p>\n<h3>Dise\u00f1o casi sin biseles con marco de aluminio<\/h3>\n<p>Con un\u00a0<strong>marco de aluminio arenado<\/strong>, un panel trasero de un solo cuerpo y una\u00a0<strong>base de metal<\/strong>\u00a0que equilibra la carga, este televisor Xiaomi Q2 no solo es elegante, sino que nunca te cansar\u00e1s de verlo.<\/p>\n<p>El\u00a0<em><strong>dise\u00f1o sin biseles<\/strong><\/em>\u00a0tiene una\u00a0<strong>relaci\u00f3n pantalla-cuerpo ultraalta<\/strong>. Cuando la pantalla est\u00e1 encendida, apenas se pueden percibir los l\u00edmites de la imagen, y el \u00e1rea de visualizaci\u00f3n m\u00e1s amplia permite una visualizaci\u00f3n m\u00e1s envolvente.<\/p>\n<h3>CPU A55 Quad-Core con memoria de 2 GB + 16 GB<\/h3>\n<p>La\u00a0<em><strong>CPU A55<\/strong><\/em>\u00a0de\u00a0<strong>cuatro n\u00facleos<\/strong>\u00a0de la tele Xiaomi Q2 ofrece un rendimiento inform\u00e1tico m\u00e1s flexible, y la amplia memoria de\u00a0<strong>2 GB + 16 GB<\/strong>\u00a0te permite descargar todas tus aplicaciones favoritas y disfrutar de una experiencia m\u00e1s fluida. Equipado con\u00a0<strong>Wi-Fi de doble banda<\/strong>\u00a0y tecnolog\u00eda\u00a0<strong>Bluetooth 5.0<\/strong>\u00a0para transferir datos m\u00e1s r\u00e1pidamente y disfrutar de una conexi\u00f3n m\u00e1s estable.<\/p>\n<p><img decoding=\"async\" class=\"aligncenter\" src=\"https:\/\/coolboxpe.vtexassets.com\/arquivos\/ids\/357571-800-auto?v=638478686127300000&amp;width=800&amp;height=auto&amp;aspect=true\" alt=\"image-ffd32f91d8f847f6abd1eec38d5a85c6\" \/><\/p>\n<h3>Chromecast integrado para transmitir desde tu dispositivo<\/h3>\n<p>La Xiaomi TV Q2 incluye\u00a0<strong>Chromecast Built-In\u2122<\/strong>\u00a0y\u00a0<strong>Miracast<\/strong>. Proyecta f\u00e1cilmente pel\u00edculas, programas, fotos y mucho m\u00e1s desde tu tel\u00e9fono directamente a tu televisor.<\/p>\n<p><img decoding=\"async\" class=\"aligncenter\" src=\"https:\/\/hiraoka.com.pe\/media\/catalog\/product\/1\/2\/129685_1.jpg?quality=80&amp;bg-color=255,255,255&amp;fit=bounds&amp;height=560&amp;width=700&amp;canvas=700:560\" alt=\"Televisor Xiaomi QLED 4K UHD Smart 55&quot; TV Q2\" \/><\/p>\n<p>&nbsp;<\/p>\n<ul>\n<li><strong>Par\u00e1metros generales<\/strong>\n<ul>\n<li>Marca: Xiaomi<\/li>\n<li>Producto: Televisi\u00f3n Inteligente<\/li>\n<li>Nombre: Q2<\/li>\n<li>Modelo: ELA4993EU<\/li>\n<\/ul>\n<\/li>\n<li><strong>Pantalla<\/strong>\n<ul>\n<li>Tama\u00f1o: 55 pulgadas<\/li>\n<li>Resoluci\u00f3n 3840 x 2160 (4K UHD)<\/li>\n<li>Gama de colores: 92 % DCI-P3 (typ)<\/li>\n<li>Profundidad de color: 1070 millones (8 bits + FRC)<\/li>\n<li>Frecuencia de actualizaci\u00f3n: 60 Hz<\/li>\n<li>MEMC: 60 Hz<\/li>\n<li>\u00c1ngulo de visi\u00f3n: 178\u00b0(H)\/178\u00b0(V)<\/li>\n<li>Dolby Vision IQ<\/li>\n<li>HDR10<\/li>\n<li>HLG<\/li>\n<\/ul>\n<\/li>\n<li><strong>Altavoces<\/strong>\n<ul>\n<li>N\u00famero de altavoces: 2<\/li>\n<li>Potencia: 30 W (2x 15 W)<\/li>\n<li>Compatible con Dolby Audio y DTS:X<\/li>\n<\/ul>\n<\/li>\n<li><strong>Sistema operativo<\/strong>\n<ul>\n<li>Google TV<\/li>\n<\/ul>\n<\/li>\n<li><strong>Procesador y almacenamiento<\/strong>\n<ul>\n<li>Procesador: MTK 9611<\/li>\n<li>CPU: A55 de 4 n\u00facleos, hasta 1.5 GHz<\/li>\n<li>GPU: Mali G52<\/li>\n<li>RAM: 2 GB<\/li>\n<li>Capacidad de almacenamiento: 16 GB eMMC<\/li>\n<\/ul>\n<\/li>\n<li><strong>Conectividad<\/strong>\n<ul>\n<li>Bluetooth 5.0<\/li>\n<li>WiFi 2.4GHz\/5GHz<\/li>\n<li>3x HDMI (1 puerto con eARC)<\/li>\n<li>2x USB 2.0<\/li>\n<li>Entrada compuesta<\/li>\n<li>Ranura CI<\/li>\n<li>Ethernet (LAN)<\/li>\n<li>Salida de audio digital \u00f3ptica<\/li>\n<li>Conector para auriculares de 3,5 mm<\/li>\n<li>AV<\/li>\n<li>Sistema de retransmisi\u00f3n: DVB-T2\/C, DVB-S2<\/li>\n<\/ul>\n<\/li>\n<li><strong>Dise\u00f1o<\/strong>\n<ul>\n<li>Dise\u00f1o sin bisel<\/li>\n<li>Color: Gris<\/li>\n<li>Soporte: Soporte doble met\u00e1lico<\/li>\n<\/ul>\n<\/li>\n<li><strong>Dimensiones<\/strong>\n<ul>\n<li>Dimensiones (incluyendo la base): 1229.7 x 262.8 x 765.7 mm<\/li>\n<li>Dimensiones (sin la base): 1229.7 x 71.3 x 719.3 mm<\/li>\n<li>Dimensiones (embalaje): 1350 x 152 x 837 mm<\/li>\n<\/ul>\n<\/li>\n<li><strong>Peso<\/strong>\n<ul>\n<li>Peso (incluyendo la base): 13.69 kg<\/li>\n<li>Peso (sin la base): 13.43 kg<\/li>\n<li>Peso (embalaje): 16.99 kg<\/li>\n<\/ul>\n<\/li>\n<li><strong>Material<\/strong>\n<ul>\n<li>Estructura: Aleaci\u00f3n de aluminio<\/li>\n<li>Cubierta trasera: Pl\u00e1stico<\/li>\n<li>Soporte: Metal<\/li>\n<\/ul>\n<\/li>\n<li><strong>Montaje en la pared<\/strong>\n<ul>\n<li>Compatible con est\u00e1ndar de montaje VESA (200 x 200 mm)<\/li>\n<\/ul>\n<\/li>\n<li><strong>Potencia y entorno de funcionamiento<\/strong>\n<ul>\n<li>Potencia: 160 W<\/li>\n<li>Violtaje: 100-240 V ~ 50\/60 Hz<\/li>\n<li>Temperatura de funcionamiento: 0\u2103\uff5e40\u2103<\/li>\n<li>Humedad: 20%\uff5e80%<\/li>\n<li>Temperatura de almacenamiento -15\u2103 a 45\u2103<\/li>\n<li>Humedad relativa: &lt; 80%<\/li>\n<\/ul>\n<\/li>\n<li><strong>Contenido del paquete<\/strong>\n<ul>\n<li>1 x Xiaomi TV Q2 55<\/li>\n<li>1 x Mando a distancia Bluetooth 360\u00b0<\/li>\n<li>1 x Bolsa con tornillos<\/li>\n<li>2 x Piezas de soporte<\/li>\n<li>1 x Cable de alimentaci\u00f3n<\/li>\n<li>1 x Manual de usuario<\/li>\n<\/ul>\n<\/li>\n<\/ul>\n","protected":false},"excerpt":{"rendered":"<p>&#8211; Tipo de pantalla: QLED<br \/>\n&#8211; Resoluci\u00f3n: 4K (3840 \u00d7 2160)<br \/>\n&#8211; Gama de colores: 92 % de DCI-P3 (t\u00edp.)<br \/>\n&#8211; Profundidad de color: 1070 millones (8 bits + FRC)<br \/>\n&#8211; Tasa de refresco: 60 Hz<br \/>\n&#8211; Procesador: MTK 9611<br \/>\n&#8211; CPU: A55 de 4 n\u00facleos, hasta 1,5 GHz<br \/>\n&#8211; Potencia Audio: 30 W (2x 15 W)<\/p>\n","protected":false},"featured_media":18689,"comment_status":"open","ping_status":"closed","template":"","meta":{"jetpack_publicize_message":"","jetpack_publicize_feature_enabled":true,"jetpack_social_post_already_shared":true,"jetpack_social_options":{"image_generator_settings":{"template":"highway","default_image_id":0,"font":"","enabled":false},"version":2}},"pwb-brand":[94],"product_brand":[],"product_cat":[284],"product_tag":[],"class_list":{"0":"post-18683","1":"product","2":"type-product","3":"status-publish","4":"has-post-thumbnail","6":"pwb-brand-xiaomi","7":"product_cat-televisores","9":"first","10":"onbackorder","11":"taxable","12":"shipping-taxable","13":"purchasable","14":"product-type-simple"},"yoast_head":"<!-- This site is optimized with the Yoast SEO Premium plugin v25.7.1 (Yoast SEO v26.8) - https:\/\/yoast.com\/product\/yoast-seo-premium-wordpress\/ -->\n<title>Televisor 55&quot; Q2 TV Xiaomi - Mivoot<\/title>\n<meta name=\"robots\" content=\"index, follow, max-snippet:-1, max-image-preview:large, max-video-preview:-1\" \/>\n<link rel=\"canonical\" href=\"https:\/\/mivoot.com\/gt\/producto\/televisor-55-q2-tv-xiaomi\/\" \/>\n<meta property=\"og:locale\" content=\"es_ES\" \/>\n<meta property=\"og:type\" content=\"article\" \/>\n<meta property=\"og:title\" content=\"Televisor 55&quot; Q2 TV Xiaomi\" \/>\n<meta property=\"og:description\" content=\"- Tipo de pantalla: QLED - Resoluci\u00f3n: 4K (3840 \u00d7 2160) - Gama de colores: 92 % de DCI-P3 (t\u00edp.) - Profundidad de color: 1070 millones (8 bits + FRC) - Tasa de refresco: 60 Hz - Procesador: MTK 9611 - CPU: A55 de 4 n\u00facleos, hasta 1,5 GHz - Potencia Audio: 30 W (2x 15 W)\" \/>\n<meta property=\"og:url\" content=\"https:\/\/mivoot.com\/gt\/producto\/televisor-55-q2-tv-xiaomi\/\" \/>\n<meta property=\"og:site_name\" content=\"Mivoot\" \/>\n<meta property=\"article:publisher\" content=\"https:\/\/www.facebook.com\/mivootgt\" \/>\n<meta property=\"article:modified_time\" content=\"2024-07-30T14:04:54+00:00\" \/>\n<meta property=\"og:image\" content=\"https:\/\/mivoot.com\/gt\/wp-content\/uploads\/2024\/04\/X.jpg\" \/>\n\t<meta property=\"og:image:width\" content=\"1200\" \/>\n\t<meta property=\"og:image:height\" content=\"1200\" \/>\n\t<meta property=\"og:image:type\" content=\"image\/jpeg\" \/>\n<meta name=\"twitter:card\" content=\"summary_large_image\" \/>\n<meta name=\"twitter:label1\" content=\"Est. reading time\" \/>\n\t<meta name=\"twitter:data1\" content=\"6 minutos\" \/>\n<script type=\"application\/ld+json\" class=\"yoast-schema-graph\">{\"@context\":\"https:\/\/schema.org\",\"@graph\":[{\"@type\":\"WebPage\",\"@id\":\"https:\/\/mivoot.com\/gt\/producto\/televisor-55-q2-tv-xiaomi\/\",\"url\":\"https:\/\/mivoot.com\/gt\/producto\/televisor-55-q2-tv-xiaomi\/\",\"name\":\"Televisor 55\\\" Q2 TV Xiaomi - Mivoot\",\"isPartOf\":{\"@id\":\"https:\/\/mivoot.com\/gt\/#website\"},\"primaryImageOfPage\":{\"@id\":\"https:\/\/mivoot.com\/gt\/producto\/televisor-55-q2-tv-xiaomi\/#primaryimage\"},\"image\":{\"@id\":\"https:\/\/mivoot.com\/gt\/producto\/televisor-55-q2-tv-xiaomi\/#primaryimage\"},\"thumbnailUrl\":\"https:\/\/mivoot.com\/gt\/wp-content\/uploads\/2024\/04\/X.jpg\",\"datePublished\":\"2024-04-09T02:16:35+00:00\",\"dateModified\":\"2024-07-30T14:04:54+00:00\",\"breadcrumb\":{\"@id\":\"https:\/\/mivoot.com\/gt\/producto\/televisor-55-q2-tv-xiaomi\/#breadcrumb\"},\"inLanguage\":\"es\",\"potentialAction\":[{\"@type\":\"ReadAction\",\"target\":[\"https:\/\/mivoot.com\/gt\/producto\/televisor-55-q2-tv-xiaomi\/\"]}]},{\"@type\":\"ImageObject\",\"inLanguage\":\"es\",\"@id\":\"https:\/\/mivoot.com\/gt\/producto\/televisor-55-q2-tv-xiaomi\/#primaryimage\",\"url\":\"https:\/\/mivoot.com\/gt\/wp-content\/uploads\/2024\/04\/X.jpg\",\"contentUrl\":\"https:\/\/mivoot.com\/gt\/wp-content\/uploads\/2024\/04\/X.jpg\",\"width\":1200,\"height\":1200},{\"@type\":\"BreadcrumbList\",\"@id\":\"https:\/\/mivoot.com\/gt\/producto\/televisor-55-q2-tv-xiaomi\/#breadcrumb\",\"itemListElement\":[{\"@type\":\"ListItem\",\"position\":1,\"name\":\"Inicio\",\"item\":\"https:\/\/mivoot.com\/gt\/\"},{\"@type\":\"ListItem\",\"position\":2,\"name\":\"Productos\",\"item\":\"https:\/\/mivoot.com\/gt\/producto\/\"},{\"@type\":\"ListItem\",\"position\":3,\"name\":\"Xiaomi\",\"item\":\"https:\/\/mivoot.com\/gt\/marca\/xiaomi\/\"},{\"@type\":\"ListItem\",\"position\":4,\"name\":\"Televisor 55&#8243; Q2 TV Xiaomi\"}]},{\"@type\":\"WebSite\",\"@id\":\"https:\/\/mivoot.com\/gt\/#website\",\"url\":\"https:\/\/mivoot.com\/gt\/\",\"name\":\"Mivoot\",\"description\":\"Mivoot Guatemala | Tienda Online\",\"publisher\":{\"@id\":\"https:\/\/mivoot.com\/gt\/#organization\"},\"alternateName\":\"mivoot\",\"potentialAction\":[{\"@type\":\"SearchAction\",\"target\":{\"@type\":\"EntryPoint\",\"urlTemplate\":\"https:\/\/mivoot.com\/gt\/?s={search_term_string}\"},\"query-input\":{\"@type\":\"PropertyValueSpecification\",\"valueRequired\":true,\"valueName\":\"search_term_string\"}}],\"inLanguage\":\"es\"},{\"@type\":\"Organization\",\"@id\":\"https:\/\/mivoot.com\/gt\/#organization\",\"name\":\"Mivoot Guatemala\",\"alternateName\":\"mivoot.com\",\"url\":\"https:\/\/mivoot.com\/gt\/\",\"logo\":{\"@type\":\"ImageObject\",\"inLanguage\":\"es\",\"@id\":\"https:\/\/mivoot.com\/gt\/#\/schema\/logo\/image\/\",\"url\":\"https:\/\/mivoot.com\/gt\/wp-content\/uploads\/2023\/03\/cropped-icon.png\",\"contentUrl\":\"https:\/\/mivoot.com\/gt\/wp-content\/uploads\/2023\/03\/cropped-icon.png\",\"width\":512,\"height\":512,\"caption\":\"Mivoot Guatemala\"},\"image\":{\"@id\":\"https:\/\/mivoot.com\/gt\/#\/schema\/logo\/image\/\"},\"sameAs\":[\"https:\/\/www.facebook.com\/mivootgt\",\"https:\/\/instagram.com\/mivoot\"]}]}<\/script>\n<!-- \/ Yoast SEO Premium plugin. -->","yoast_head_json":{"title":"Televisor 55\" Q2 TV Xiaomi - Mivoot","robots":{"index":"index","follow":"follow","max-snippet":"max-snippet:-1","max-image-preview":"max-image-preview:large","max-video-preview":"max-video-preview:-1"},"canonical":"https:\/\/mivoot.com\/gt\/producto\/televisor-55-q2-tv-xiaomi\/","og_locale":"es_ES","og_type":"article","og_title":"Televisor 55\" Q2 TV Xiaomi","og_description":"- Tipo de pantalla: QLED - Resoluci\u00f3n: 4K (3840 \u00d7 2160) - Gama de colores: 92 % de DCI-P3 (t\u00edp.) - Profundidad de color: 1070 millones (8 bits + FRC) - Tasa de refresco: 60 Hz - Procesador: MTK 9611 - CPU: A55 de 4 n\u00facleos, hasta 1,5 GHz - Potencia Audio: 30 W (2x 15 W)","og_url":"https:\/\/mivoot.com\/gt\/producto\/televisor-55-q2-tv-xiaomi\/","og_site_name":"Mivoot","article_publisher":"https:\/\/www.facebook.com\/mivootgt","article_modified_time":"2024-07-30T14:04:54+00:00","og_image":[{"width":1200,"height":1200,"url":"https:\/\/mivoot.com\/gt\/wp-content\/uploads\/2024\/04\/X.jpg","type":"image\/jpeg"}],"twitter_card":"summary_large_image","twitter_misc":{"Est. reading time":"6 minutos"},"schema":{"@context":"https:\/\/schema.org","@graph":[{"@type":"WebPage","@id":"https:\/\/mivoot.com\/gt\/producto\/televisor-55-q2-tv-xiaomi\/","url":"https:\/\/mivoot.com\/gt\/producto\/televisor-55-q2-tv-xiaomi\/","name":"Televisor 55\" Q2 TV Xiaomi - Mivoot","isPartOf":{"@id":"https:\/\/mivoot.com\/gt\/#website"},"primaryImageOfPage":{"@id":"https:\/\/mivoot.com\/gt\/producto\/televisor-55-q2-tv-xiaomi\/#primaryimage"},"image":{"@id":"https:\/\/mivoot.com\/gt\/producto\/televisor-55-q2-tv-xiaomi\/#primaryimage"},"thumbnailUrl":"https:\/\/mivoot.com\/gt\/wp-content\/uploads\/2024\/04\/X.jpg","datePublished":"2024-04-09T02:16:35+00:00","dateModified":"2024-07-30T14:04:54+00:00","breadcrumb":{"@id":"https:\/\/mivoot.com\/gt\/producto\/televisor-55-q2-tv-xiaomi\/#breadcrumb"},"inLanguage":"es","potentialAction":[{"@type":"ReadAction","target":["https:\/\/mivoot.com\/gt\/producto\/televisor-55-q2-tv-xiaomi\/"]}]},{"@type":"ImageObject","inLanguage":"es","@id":"https:\/\/mivoot.com\/gt\/producto\/televisor-55-q2-tv-xiaomi\/#primaryimage","url":"https:\/\/mivoot.com\/gt\/wp-content\/uploads\/2024\/04\/X.jpg","contentUrl":"https:\/\/mivoot.com\/gt\/wp-content\/uploads\/2024\/04\/X.jpg","width":1200,"height":1200},{"@type":"BreadcrumbList","@id":"https:\/\/mivoot.com\/gt\/producto\/televisor-55-q2-tv-xiaomi\/#breadcrumb","itemListElement":[{"@type":"ListItem","position":1,"name":"Inicio","item":"https:\/\/mivoot.com\/gt\/"},{"@type":"ListItem","position":2,"name":"Productos","item":"https:\/\/mivoot.com\/gt\/producto\/"},{"@type":"ListItem","position":3,"name":"Xiaomi","item":"https:\/\/mivoot.com\/gt\/marca\/xiaomi\/"},{"@type":"ListItem","position":4,"name":"Televisor 55&#8243; Q2 TV Xiaomi"}]},{"@type":"WebSite","@id":"https:\/\/mivoot.com\/gt\/#website","url":"https:\/\/mivoot.com\/gt\/","name":"Mivoot","description":"Mivoot Guatemala | Tienda Online","publisher":{"@id":"https:\/\/mivoot.com\/gt\/#organization"},"alternateName":"mivoot","potentialAction":[{"@type":"SearchAction","target":{"@type":"EntryPoint","urlTemplate":"https:\/\/mivoot.com\/gt\/?s={search_term_string}"},"query-input":{"@type":"PropertyValueSpecification","valueRequired":true,"valueName":"search_term_string"}}],"inLanguage":"es"},{"@type":"Organization","@id":"https:\/\/mivoot.com\/gt\/#organization","name":"Mivoot Guatemala","alternateName":"mivoot.com","url":"https:\/\/mivoot.com\/gt\/","logo":{"@type":"ImageObject","inLanguage":"es","@id":"https:\/\/mivoot.com\/gt\/#\/schema\/logo\/image\/","url":"https:\/\/mivoot.com\/gt\/wp-content\/uploads\/2023\/03\/cropped-icon.png","contentUrl":"https:\/\/mivoot.com\/gt\/wp-content\/uploads\/2023\/03\/cropped-icon.png","width":512,"height":512,"caption":"Mivoot Guatemala"},"image":{"@id":"https:\/\/mivoot.com\/gt\/#\/schema\/logo\/image\/"},"sameAs":["https:\/\/www.facebook.com\/mivootgt","https:\/\/instagram.com\/mivoot"]}]}},"jetpack_publicize_connections":[],"jetpack_sharing_enabled":true,"brands":[{"id":94,"name":"Xiaomi","slug":"xiaomi"}],"_links":{"self":[{"href":"https:\/\/mivoot.com\/gt\/wp-json\/wp\/v2\/product\/18683","targetHints":{"allow":["GET"]}}],"collection":[{"href":"https:\/\/mivoot.com\/gt\/wp-json\/wp\/v2\/product"}],"about":[{"href":"https:\/\/mivoot.com\/gt\/wp-json\/wp\/v2\/types\/product"}],"replies":[{"embeddable":true,"href":"https:\/\/mivoot.com\/gt\/wp-json\/wp\/v2\/comments?post=18683"}],"version-history":[{"count":1,"href":"https:\/\/mivoot.com\/gt\/wp-json\/wp\/v2\/product\/18683\/revisions"}],"predecessor-version":[{"id":18690,"href":"https:\/\/mivoot.com\/gt\/wp-json\/wp\/v2\/product\/18683\/revisions\/18690"}],"wp:featuredmedia":[{"embeddable":true,"href":"https:\/\/mivoot.com\/gt\/wp-json\/wp\/v2\/media\/18689"}],"wp:attachment":[{"href":"https:\/\/mivoot.com\/gt\/wp-json\/wp\/v2\/media?parent=18683"}],"wp:term":[{"taxonomy":"pwb-brand","embeddable":true,"href":"https:\/\/mivoot.com\/gt\/wp-json\/wp\/v2\/pwb-brand?post=18683"},{"taxonomy":"product_brand","embeddable":true,"href":"https:\/\/mivoot.com\/gt\/wp-json\/wp\/v2\/product_brand?post=18683"},{"taxonomy":"product_cat","embeddable":true,"href":"https:\/\/mivoot.com\/gt\/wp-json\/wp\/v2\/product_cat?post=18683"},{"taxonomy":"product_tag","embeddable":true,"href":"https:\/\/mivoot.com\/gt\/wp-json\/wp\/v2\/product_tag?post=18683"}],"curies":[{"name":"wp","href":"https:\/\/api.w.org\/{rel}","templated":true}]}}