{"id":18729,"date":"2024-04-11T12:14:06","date_gmt":"2024-04-11T18:14:06","guid":{"rendered":"https:\/\/mivoot.com\/gt\/?post_type=product&#038;p=18729"},"modified":"2024-04-20T14:37:06","modified_gmt":"2024-04-20T20:37:06","slug":"microfono-inalambrico-dji","status":"publish","type":"product","link":"https:\/\/mivoot.com\/gt\/producto\/microfono-inalambrico-dji\/","title":{"rendered":"Micr\u00f3fono Transmisor Inal\u00e1mbrico para Osmo Pocket DJI"},"content":{"rendered":"<div class=\"temp-specs-tr\">\n<div class=\"temp-specs-td value\">\n<p><span>Un transmisor de audio que se conecta a un micr\u00f3fono externo para enviar se\u00f1al de audio al DJI Pocket 2 de forma inal\u00e1mbrica, liberando a los usuarios de cableado adicional. El parabrisas del micr\u00f3fono inal\u00e1mbrico DJI cubre el micr\u00f3fono para eliminar el ruido generado por el viento. Cuando se utiliza con el mango DJI Pocket 2 Do-It-All, el bot\u00f3n de enlace puede controlar el obturador.<\/span><\/p>\n<\/div>\n<\/div>\n<div class=\"temp-specs-tr\">\n<div class=\"temp-specs-td name\"><span>Reflejos<\/span><\/div>\n<div class=\"temp-specs-td value\">\n<p><span>Transmisi\u00f3n de sonido inal\u00e1mbrica para un uso c\u00f3modo<\/span><\/p>\n<p><span>Port\u00e1til<\/span><\/p>\n<p><span>\u00daselo con el micr\u00f3fono inal\u00e1mbrico DJI Windscreen para eliminar el ruido generado por el viento<\/span><\/p>\n<p><span>Bater\u00eda de larga duraci\u00f3n de hasta seis horas<\/span><\/p>\n<p><span>Control remoto del obturador (requiere DJI Pocket 2 Do-It-All Handle y DJI Pocket 2)<\/span><\/p>\n<\/div>\n<\/div>\n<div class=\"temp-specs-tr\">\n<div class=\"temp-specs-td name\"><span>En el cuadro<\/span><\/div>\n<div class=\"temp-specs-td value\">\n<p><span>Transmisor de micr\u00f3fono inal\u00e1mbrico DJI \u00d7 1<\/span><\/p>\n<p><span>Parabrisas de micr\u00f3fono inal\u00e1mbrico DJI \u00d7 1<\/span><\/p>\n<\/div>\n<\/div>\n<div class=\"temp-specs-tr\">\n<div class=\"temp-specs-td name\"><span>Especificaciones<\/span><\/div>\n<div class=\"temp-specs-td value\">\n<p><span>Dimensiones: 50\u00d728,6\u00d722,8 mm<\/span><\/p>\n<p><span>Peso: 21,4 gramos<\/span><\/p>\n<p><span>Tipo de bater\u00eda: Li-Po<\/span><\/p>\n<p><span>Capacidad de la bater\u00eda: 320 mAh<\/span><\/p>\n<p><span>Principio de la ac\u00fastica: transductor de presi\u00f3n prepolarizado.<\/span><\/p>\n<p><span>Captaci\u00f3n de audio: omnidireccional<\/span><\/p>\n<p><span>Rango de frecuencia: 50 Hz -20 kHz<\/span><\/p>\n<p><span>Entrada de micr\u00f3fono externo: 20 Hz &#8211; 20 kHz<\/span><\/p>\n<p><span>SPL m\u00e1ximo: 116dBSPL (1kHz@1% THD)<\/span><\/p>\n<p><span>Entrada anal\u00f3gica: entrada de 3,5 mm<\/span><\/p>\n<p><span>Adaptador: 5 V\/2 A, 5 V\/1 A, 5 V\/0,5 A<\/span><\/p>\n<p><span>Temperatura de funcionamiento: 0\u00b0 a 40\u00b0C (3\u00b0 a 104\u00b0F)<\/span><\/p>\n<p><span>Frecuencia: 2.400-2.4835GHZ<\/span><\/p>\n<p><span>Potencia: 2,4 GHz &lt;13 dBm (FCC); &lt;10dBm(CE); &lt;12dBm(SRRC); &lt;10dBm(MIC)<\/span><\/p>\n<p><span>Tiempo de carga: 60 minutos<\/span><\/p>\n<\/div>\n<\/div>\n","protected":false},"excerpt":{"rendered":"<p>\u2013 Alcance de 250 m (820 pies)<br \/>\n\u2013 Compacto y ultraligero<br \/>\n\u2013 Accesorio magn\u00e9tico<br \/>\n\u2013 Pantalla t\u00e1ctil OLED<br \/>\n\u2013 Grabaci\u00f3n de 14 horas<br \/>\n\u2013 Conveniente para operadores individuales<br \/>\n\u2013 Capacidad de la bater\u00eda: 320 mAh<br \/>\n\u2013 Principio de la ac\u00fastica: transductor de presi\u00f3n prepolarizado.<br \/>\n\u2013 Captaci\u00f3n de audio: omnidireccional<br \/>\n\u2013 Rango de frecuencia: 50 Hz -20 kHz<br \/>\n&#8211; DJI Wireless Microphone Transmitter \u00d7 1<br \/>\n&#8211; DJI Wireless Microphone Windscreen \u00d7 1<\/p>\n","protected":false},"featured_media":18798,"comment_status":"open","ping_status":"closed","template":"","meta":{"jetpack_publicize_message":"","jetpack_publicize_feature_enabled":true,"jetpack_social_post_already_shared":true,"jetpack_social_options":{"image_generator_settings":{"template":"highway","default_image_id":0,"font":"","enabled":false},"version":2}},"pwb-brand":[],"product_brand":[],"product_cat":[162],"product_tag":[],"class_list":{"0":"post-18729","1":"product","2":"type-product","3":"status-publish","4":"has-post-thumbnail","6":"product_cat-microfonos","8":"first","9":"instock","10":"taxable","11":"shipping-taxable","12":"purchasable","13":"product-type-simple"},"yoast_head":"<!-- This site is optimized with the Yoast SEO Premium plugin v25.7.1 (Yoast SEO v26.8) - https:\/\/yoast.com\/product\/yoast-seo-premium-wordpress\/ -->\n<title>Micr\u00f3fono Transmisor Inal\u00e1mbrico para Osmo Pocket DJI - Mivoot<\/title>\n<meta name=\"robots\" content=\"index, follow, max-snippet:-1, max-image-preview:large, max-video-preview:-1\" \/>\n<link rel=\"canonical\" href=\"https:\/\/mivoot.com\/gt\/producto\/microfono-inalambrico-dji\/\" \/>\n<meta property=\"og:locale\" content=\"es_ES\" \/>\n<meta property=\"og:type\" content=\"article\" \/>\n<meta property=\"og:title\" content=\"Micr\u00f3fono Transmisor Inal\u00e1mbrico para Osmo Pocket DJI\" \/>\n<meta property=\"og:description\" content=\"\u2013 Alcance de 250 m (820 pies) \u2013 Compacto y ultraligero \u2013 Accesorio magn\u00e9tico \u2013 Pantalla t\u00e1ctil OLED \u2013 Grabaci\u00f3n de 14 horas \u2013 Conveniente para operadores individuales \u2013 Capacidad de la bater\u00eda: 320 mAh \u2013 Principio de la ac\u00fastica: transductor de presi\u00f3n prepolarizado. \u2013 Captaci\u00f3n de audio: omnidireccional \u2013 Rango de frecuencia: 50 Hz -20 kHz - DJI Wireless Microphone Transmitter \u00d7 1 - DJI Wireless Microphone Windscreen \u00d7 1\" \/>\n<meta property=\"og:url\" content=\"https:\/\/mivoot.com\/gt\/producto\/microfono-inalambrico-dji\/\" \/>\n<meta property=\"og:site_name\" content=\"Mivoot\" \/>\n<meta property=\"article:publisher\" content=\"https:\/\/www.facebook.com\/mivootgt\" \/>\n<meta property=\"article:modified_time\" content=\"2024-04-20T20:37:06+00:00\" \/>\n<meta property=\"og:image\" content=\"https:\/\/mivoot.com\/gt\/wp-content\/uploads\/2024\/04\/1000003690.jpg\" \/>\n\t<meta property=\"og:image:width\" content=\"1200\" \/>\n\t<meta property=\"og:image:height\" content=\"800\" \/>\n\t<meta property=\"og:image:type\" content=\"image\/jpeg\" \/>\n<meta name=\"twitter:card\" content=\"summary_large_image\" \/>\n<meta name=\"twitter:label1\" content=\"Est. reading time\" \/>\n\t<meta name=\"twitter:data1\" content=\"1 minuto\" \/>\n<script type=\"application\/ld+json\" class=\"yoast-schema-graph\">{\"@context\":\"https:\/\/schema.org\",\"@graph\":[{\"@type\":\"WebPage\",\"@id\":\"https:\/\/mivoot.com\/gt\/producto\/microfono-inalambrico-dji\/\",\"url\":\"https:\/\/mivoot.com\/gt\/producto\/microfono-inalambrico-dji\/\",\"name\":\"Micr\u00f3fono Transmisor Inal\u00e1mbrico para Osmo Pocket DJI - Mivoot\",\"isPartOf\":{\"@id\":\"https:\/\/mivoot.com\/gt\/#website\"},\"primaryImageOfPage\":{\"@id\":\"https:\/\/mivoot.com\/gt\/producto\/microfono-inalambrico-dji\/#primaryimage\"},\"image\":{\"@id\":\"https:\/\/mivoot.com\/gt\/producto\/microfono-inalambrico-dji\/#primaryimage\"},\"thumbnailUrl\":\"https:\/\/mivoot.com\/gt\/wp-content\/uploads\/2024\/04\/1000003690.jpg\",\"datePublished\":\"2024-04-11T18:14:06+00:00\",\"dateModified\":\"2024-04-20T20:37:06+00:00\",\"breadcrumb\":{\"@id\":\"https:\/\/mivoot.com\/gt\/producto\/microfono-inalambrico-dji\/#breadcrumb\"},\"inLanguage\":\"es\",\"potentialAction\":[{\"@type\":\"ReadAction\",\"target\":[\"https:\/\/mivoot.com\/gt\/producto\/microfono-inalambrico-dji\/\"]}]},{\"@type\":\"ImageObject\",\"inLanguage\":\"es\",\"@id\":\"https:\/\/mivoot.com\/gt\/producto\/microfono-inalambrico-dji\/#primaryimage\",\"url\":\"https:\/\/mivoot.com\/gt\/wp-content\/uploads\/2024\/04\/1000003690.jpg\",\"contentUrl\":\"https:\/\/mivoot.com\/gt\/wp-content\/uploads\/2024\/04\/1000003690.jpg\",\"width\":1200,\"height\":800},{\"@type\":\"BreadcrumbList\",\"@id\":\"https:\/\/mivoot.com\/gt\/producto\/microfono-inalambrico-dji\/#breadcrumb\",\"itemListElement\":[{\"@type\":\"ListItem\",\"position\":1,\"name\":\"Inicio\",\"item\":\"https:\/\/mivoot.com\/gt\/\"},{\"@type\":\"ListItem\",\"position\":2,\"name\":\"Productos\",\"item\":\"https:\/\/mivoot.com\/gt\/producto\/\"},{\"@type\":\"ListItem\",\"position\":3,\"name\":\"Micr\u00f3fono Transmisor Inal\u00e1mbrico para Osmo Pocket DJI\"}]},{\"@type\":\"WebSite\",\"@id\":\"https:\/\/mivoot.com\/gt\/#website\",\"url\":\"https:\/\/mivoot.com\/gt\/\",\"name\":\"Mivoot\",\"description\":\"Mivoot Guatemala | Tienda Online\",\"publisher\":{\"@id\":\"https:\/\/mivoot.com\/gt\/#organization\"},\"alternateName\":\"mivoot\",\"potentialAction\":[{\"@type\":\"SearchAction\",\"target\":{\"@type\":\"EntryPoint\",\"urlTemplate\":\"https:\/\/mivoot.com\/gt\/?s={search_term_string}\"},\"query-input\":{\"@type\":\"PropertyValueSpecification\",\"valueRequired\":true,\"valueName\":\"search_term_string\"}}],\"inLanguage\":\"es\"},{\"@type\":\"Organization\",\"@id\":\"https:\/\/mivoot.com\/gt\/#organization\",\"name\":\"Mivoot Guatemala\",\"alternateName\":\"mivoot.com\",\"url\":\"https:\/\/mivoot.com\/gt\/\",\"logo\":{\"@type\":\"ImageObject\",\"inLanguage\":\"es\",\"@id\":\"https:\/\/mivoot.com\/gt\/#\/schema\/logo\/image\/\",\"url\":\"https:\/\/mivoot.com\/gt\/wp-content\/uploads\/2023\/03\/cropped-icon.png\",\"contentUrl\":\"https:\/\/mivoot.com\/gt\/wp-content\/uploads\/2023\/03\/cropped-icon.png\",\"width\":512,\"height\":512,\"caption\":\"Mivoot Guatemala\"},\"image\":{\"@id\":\"https:\/\/mivoot.com\/gt\/#\/schema\/logo\/image\/\"},\"sameAs\":[\"https:\/\/www.facebook.com\/mivootgt\",\"https:\/\/instagram.com\/mivoot\"]}]}<\/script>\n<!-- \/ Yoast SEO Premium plugin. -->","yoast_head_json":{"title":"Micr\u00f3fono Transmisor Inal\u00e1mbrico para Osmo Pocket DJI - Mivoot","robots":{"index":"index","follow":"follow","max-snippet":"max-snippet:-1","max-image-preview":"max-image-preview:large","max-video-preview":"max-video-preview:-1"},"canonical":"https:\/\/mivoot.com\/gt\/producto\/microfono-inalambrico-dji\/","og_locale":"es_ES","og_type":"article","og_title":"Micr\u00f3fono Transmisor Inal\u00e1mbrico para Osmo Pocket DJI","og_description":"\u2013 Alcance de 250 m (820 pies) \u2013 Compacto y ultraligero \u2013 Accesorio magn\u00e9tico \u2013 Pantalla t\u00e1ctil OLED \u2013 Grabaci\u00f3n de 14 horas \u2013 Conveniente para operadores individuales \u2013 Capacidad de la bater\u00eda: 320 mAh \u2013 Principio de la ac\u00fastica: transductor de presi\u00f3n prepolarizado. \u2013 Captaci\u00f3n de audio: omnidireccional \u2013 Rango de frecuencia: 50 Hz -20 kHz - DJI Wireless Microphone Transmitter \u00d7 1 - DJI Wireless Microphone Windscreen \u00d7 1","og_url":"https:\/\/mivoot.com\/gt\/producto\/microfono-inalambrico-dji\/","og_site_name":"Mivoot","article_publisher":"https:\/\/www.facebook.com\/mivootgt","article_modified_time":"2024-04-20T20:37:06+00:00","og_image":[{"width":1200,"height":800,"url":"https:\/\/mivoot.com\/gt\/wp-content\/uploads\/2024\/04\/1000003690.jpg","type":"image\/jpeg"}],"twitter_card":"summary_large_image","twitter_misc":{"Est. reading time":"1 minuto"},"schema":{"@context":"https:\/\/schema.org","@graph":[{"@type":"WebPage","@id":"https:\/\/mivoot.com\/gt\/producto\/microfono-inalambrico-dji\/","url":"https:\/\/mivoot.com\/gt\/producto\/microfono-inalambrico-dji\/","name":"Micr\u00f3fono Transmisor Inal\u00e1mbrico para Osmo Pocket DJI - Mivoot","isPartOf":{"@id":"https:\/\/mivoot.com\/gt\/#website"},"primaryImageOfPage":{"@id":"https:\/\/mivoot.com\/gt\/producto\/microfono-inalambrico-dji\/#primaryimage"},"image":{"@id":"https:\/\/mivoot.com\/gt\/producto\/microfono-inalambrico-dji\/#primaryimage"},"thumbnailUrl":"https:\/\/mivoot.com\/gt\/wp-content\/uploads\/2024\/04\/1000003690.jpg","datePublished":"2024-04-11T18:14:06+00:00","dateModified":"2024-04-20T20:37:06+00:00","breadcrumb":{"@id":"https:\/\/mivoot.com\/gt\/producto\/microfono-inalambrico-dji\/#breadcrumb"},"inLanguage":"es","potentialAction":[{"@type":"ReadAction","target":["https:\/\/mivoot.com\/gt\/producto\/microfono-inalambrico-dji\/"]}]},{"@type":"ImageObject","inLanguage":"es","@id":"https:\/\/mivoot.com\/gt\/producto\/microfono-inalambrico-dji\/#primaryimage","url":"https:\/\/mivoot.com\/gt\/wp-content\/uploads\/2024\/04\/1000003690.jpg","contentUrl":"https:\/\/mivoot.com\/gt\/wp-content\/uploads\/2024\/04\/1000003690.jpg","width":1200,"height":800},{"@type":"BreadcrumbList","@id":"https:\/\/mivoot.com\/gt\/producto\/microfono-inalambrico-dji\/#breadcrumb","itemListElement":[{"@type":"ListItem","position":1,"name":"Inicio","item":"https:\/\/mivoot.com\/gt\/"},{"@type":"ListItem","position":2,"name":"Productos","item":"https:\/\/mivoot.com\/gt\/producto\/"},{"@type":"ListItem","position":3,"name":"Micr\u00f3fono Transmisor Inal\u00e1mbrico para Osmo Pocket DJI"}]},{"@type":"WebSite","@id":"https:\/\/mivoot.com\/gt\/#website","url":"https:\/\/mivoot.com\/gt\/","name":"Mivoot","description":"Mivoot Guatemala | Tienda Online","publisher":{"@id":"https:\/\/mivoot.com\/gt\/#organization"},"alternateName":"mivoot","potentialAction":[{"@type":"SearchAction","target":{"@type":"EntryPoint","urlTemplate":"https:\/\/mivoot.com\/gt\/?s={search_term_string}"},"query-input":{"@type":"PropertyValueSpecification","valueRequired":true,"valueName":"search_term_string"}}],"inLanguage":"es"},{"@type":"Organization","@id":"https:\/\/mivoot.com\/gt\/#organization","name":"Mivoot Guatemala","alternateName":"mivoot.com","url":"https:\/\/mivoot.com\/gt\/","logo":{"@type":"ImageObject","inLanguage":"es","@id":"https:\/\/mivoot.com\/gt\/#\/schema\/logo\/image\/","url":"https:\/\/mivoot.com\/gt\/wp-content\/uploads\/2023\/03\/cropped-icon.png","contentUrl":"https:\/\/mivoot.com\/gt\/wp-content\/uploads\/2023\/03\/cropped-icon.png","width":512,"height":512,"caption":"Mivoot Guatemala"},"image":{"@id":"https:\/\/mivoot.com\/gt\/#\/schema\/logo\/image\/"},"sameAs":["https:\/\/www.facebook.com\/mivootgt","https:\/\/instagram.com\/mivoot"]}]}},"jetpack_publicize_connections":[],"jetpack_sharing_enabled":true,"brands":[],"_links":{"self":[{"href":"https:\/\/mivoot.com\/gt\/wp-json\/wp\/v2\/product\/18729","targetHints":{"allow":["GET"]}}],"collection":[{"href":"https:\/\/mivoot.com\/gt\/wp-json\/wp\/v2\/product"}],"about":[{"href":"https:\/\/mivoot.com\/gt\/wp-json\/wp\/v2\/types\/product"}],"replies":[{"embeddable":true,"href":"https:\/\/mivoot.com\/gt\/wp-json\/wp\/v2\/comments?post=18729"}],"version-history":[{"count":6,"href":"https:\/\/mivoot.com\/gt\/wp-json\/wp\/v2\/product\/18729\/revisions"}],"predecessor-version":[{"id":18807,"href":"https:\/\/mivoot.com\/gt\/wp-json\/wp\/v2\/product\/18729\/revisions\/18807"}],"wp:featuredmedia":[{"embeddable":true,"href":"https:\/\/mivoot.com\/gt\/wp-json\/wp\/v2\/media\/18798"}],"wp:attachment":[{"href":"https:\/\/mivoot.com\/gt\/wp-json\/wp\/v2\/media?parent=18729"}],"wp:term":[{"taxonomy":"pwb-brand","embeddable":true,"href":"https:\/\/mivoot.com\/gt\/wp-json\/wp\/v2\/pwb-brand?post=18729"},{"taxonomy":"product_brand","embeddable":true,"href":"https:\/\/mivoot.com\/gt\/wp-json\/wp\/v2\/product_brand?post=18729"},{"taxonomy":"product_cat","embeddable":true,"href":"https:\/\/mivoot.com\/gt\/wp-json\/wp\/v2\/product_cat?post=18729"},{"taxonomy":"product_tag","embeddable":true,"href":"https:\/\/mivoot.com\/gt\/wp-json\/wp\/v2\/product_tag?post=18729"}],"curies":[{"name":"wp","href":"https:\/\/api.w.org\/{rel}","templated":true}]}}