{"id":18762,"date":"2024-04-11T16:20:32","date_gmt":"2024-04-11T22:20:32","guid":{"rendered":"https:\/\/mivoot.com\/gt\/?post_type=product&#038;p=18762"},"modified":"2024-04-11T16:22:52","modified_gmt":"2024-04-11T22:22:52","slug":"bocina-inteligente-echo-pop-alexa-lavanda-amazon","status":"publish","type":"product","link":"https:\/\/mivoot.com\/gt\/producto\/bocina-inteligente-echo-pop-alexa-lavanda-amazon\/","title":{"rendered":"Bocina Inteligente Echo Pop Alexa Lavanda Amazon"},"content":{"rendered":"<h2 style=\"text-align: center;\">M\u00fasica y Alexa, la combinaci\u00f3n perfecta<\/h2>\n<p style=\"text-align: center;\">Selecciona el color que se adapte a tu estilo, encuentra un lugar donde ponerlo (ocupa poco espacio) y reproduce esa canci\u00f3n que tanto te gusta solo usando tu voz.<\/p>\n<p><img decoding=\"async\" src=\"https:\/\/m.media-amazon.com\/images\/I\/410yNQHjoaL._AC_SY1000_.jpg\" alt=\"Alexa Echo Pop Smart Speaker Blanco AMAZON 1ra Generaci\u00f3n | Nuevas Funciones Alexa | awhspecialcollege.info\" \/><img decoding=\"async\" src=\"https:\/\/http2.mlstatic.com\/D_NQ_NP_785997-MLU72761232446_112023-O.webp\" alt=\"Amazon Echo Pop C2H4R9 con asistente virtual Alexa color glacier white 110V\/220V\" \/><\/p>\n<p>Conecta dispositivos Echo compatibles para llenar tu espacio con m\u00fasica Multi-room o crea un intercomunicador para hablar con las personas que viven contigo sin tener que gritar. Extiende el alcance de tu wifi y desp\u00eddete de las desconexiones, as\u00ed como del tiempo de espera de carga con eero integrado en una red wifi eero compatible.<\/p>\n<ul class=\"a-unordered-list a-vertical a-spacing-mini\">\n<li class=\"a-spacing-mini\"><span class=\"a-list-item\">ECHO POP \u2013 Este parlante inteligente y compacto con sonido definido y funcionalidades de Alexa es ideal para dormitorios y espacios peque\u00f1os. Gracias a su tama\u00f1o, se integra muy bien a sus alrededores sin dejar de destacar.<\/span><\/li>\n<li class=\"a-spacing-mini\"><span class=\"a-list-item\">CONTROLA LA M\u00daSICA CON LA VOZ \u2013 P\u00eddele a Alexa que ponga m\u00fasica, audiolibros y p\u00f3dcast en tus proveedores favoritos como Amazon Music, Apple Music, Spotify, Pandora, Sirius XM y m\u00e1s. Conecta el Echo Pop por Bluetooth para reproducir contenido.<\/span><\/li>\n<li class=\"a-spacing-mini\"><span class=\"a-list-item\">CUALQUIER ESPACIO PUEDE SER INTELIGENTE \u2013 Controla f\u00e1cilmente dispositivos de Smart Home compatibles, como enchufes o luces inteligentes, con tu voz o a trav\u00e9s de la app de Alexa.<\/span><\/li>\n<li class=\"a-spacing-mini\"><span class=\"a-list-item\">TU VIDA ES M\u00c1S F\u00c1CIL CON ALEXA \u2013 P\u00eddele que ponga timers, que revise el estado del clima, que te ponga las noticias, que agregue leche a la lista de la compra, que haga llamadas, que responda preguntas y m\u00e1s.<\/span><\/li>\n<\/ul>\n<p><img fetchpriority=\"high\" decoding=\"async\" class=\"\" src=\"https:\/\/m.media-amazon.com\/images\/I\/61QIOmgHPBL._AC_SL1000_.jpg\" width=\"357\" height=\"345\" \/><img decoding=\"async\" class=\"\" src=\"https:\/\/m.media-amazon.com\/images\/I\/51BZYfCLNtL._AC_SL1000_.jpg\" width=\"358\" height=\"346\" \/><img decoding=\"async\" class=\"\" src=\"https:\/\/m.media-amazon.com\/images\/I\/61qZF4dMh1L._AC_SL1000_.jpg\" width=\"359\" height=\"347\" \/><\/p>\n<div class=\"content-grid-row-wrapper \" data-lazy-loading-background-image=\"\">\n<div class=\"a-row\">\n<div class=\"content-grid-col-wrapper override-column-spacing\">\n<div class=\"a-column a-span12 block-content block-type-container textalign-left\">\n<div class=\"content-grid-block\">\n<div class=\"content-grid-row-wrapper \" data-lazy-loading-background-image=\"\">\n<div class=\"a-row\">\n<div class=\"content-grid-col-wrapper override-column-spacing\">\n<div class=\"a-column a-span12 block-content block-type-text textalign-center\">\n<div class=\"content-grid-block\">\n<h2><strong>F\u00e1cil de configurar y de usar<\/strong><\/h2>\n<div class=\"row\"  id=\"row-80500150\">\n\n\t<div id=\"col-1096230217\" class=\"col medium-1\/3 large-4\"  >\n\t\t<div class=\"col-inner\"  >\n\t\t\t\n\t\t\t\n<div class=\"content-grid-col-wrapper override-column-spacing\">\n<div class=\"a-column a-span4 block-content block-type-container textalign-left\">\n<div class=\"content-grid-block\">\n<div class=\"content-grid-row-wrapper \" data-lazy-loading-background-image=\"\">\n<div class=\"a-row\">\n<div class=\"content-grid-col-wrapper override-column-spacing\">\n<div class=\"a-column a-span12 block-content block-type-image textalign-center\">\n<div class=\"content-grid-block\"><img decoding=\"async\" class=\"\" src=\"https:\/\/m.media-amazon.com\/images\/G\/01\/kindle\/journeys\/4lhYvS4HHBW7GONHNPfWLIX6hI91wzvMyzJfdCXcNlc3D\/ZDNhNGM2N2Mt._CB588266350_.png\" alt=\"\" data-a-hires=\"https:\/\/m.media-amazon.com\/images\/G\/01\/kindle\/journeys\/4lhYvS4HHBW7GONHNPfWLIX6hI91wzvMyzJfdCXcNlc3D\/ZDNhNGM2N2Mt._CB588266350_.png\" \/><\/div>\n<\/div>\n<\/div>\n<\/div>\n<\/div>\n<div class=\"content-grid-row-wrapper \" data-lazy-loading-background-image=\"\">\n<div class=\"a-row\">\n<div class=\"content-grid-col-wrapper override-column-spacing\">\n<div class=\"a-column a-span12 block-content block-type-text textalign-center\">\n<div class=\"content-grid-block\">\n<h3>Paso 1<\/h3>\n<\/div>\n<\/div>\n<\/div>\n<\/div>\n<\/div>\n<div class=\"content-grid-row-wrapper \" data-lazy-loading-background-image=\"\">\n<div class=\"a-row\">\n<div class=\"content-grid-col-wrapper override-column-spacing\">\n<div class=\"a-column a-span12 block-content block-type-text textalign-center\">\n<div class=\"content-grid-block\">\n<p>Enchufa el Echo Pop.<\/p>\n<\/div>\n<\/div>\n<\/div>\n<\/div>\n<\/div>\n<\/div>\n<\/div>\n<\/div>\n<div class=\"content-grid-col-wrapper override-column-spacing\">\n<div class=\"a-column a-span4 block-content block-type-container textalign-left\">\n<div class=\"content-grid-block\">\n<div class=\"content-grid-row-wrapper \" data-lazy-loading-background-image=\"\">\n<div class=\"a-row\">\n<div class=\"content-grid-col-wrapper override-column-spacing\">\n<div class=\"a-column a-span12 block-content block-type-image textalign-center\"><\/div>\n<\/div>\n<\/div>\n<\/div>\n<\/div>\n<\/div>\n<\/div>\n\t\t<\/div>\n\t\t\t<\/div>\n\n\t\n\n\t<div id=\"col-2018641515\" class=\"col medium-1\/3 large-4\"  >\n\t\t<div class=\"col-inner\"  >\n\t\t\t\n\t\t\t\n<div class=\"content-grid-row-wrapper \" data-lazy-loading-background-image=\"\">\n<div class=\"a-row\">\n<div class=\"content-grid-col-wrapper override-column-spacing\">\n<div class=\"a-column a-span12 block-content block-type-image textalign-center\">\n<div class=\"content-grid-block\"><img decoding=\"async\" class=\"\" src=\"https:\/\/m.media-amazon.com\/images\/G\/01\/kindle\/journeys\/4lhYvS4HHBW7GONHNPfWLIX6hI91wzvMyzJfdCXcNlc3D\/NTFhMDRmZmYt._CB588266350_.png\" alt=\"\" data-a-hires=\"https:\/\/m.media-amazon.com\/images\/G\/01\/kindle\/journeys\/4lhYvS4HHBW7GONHNPfWLIX6hI91wzvMyzJfdCXcNlc3D\/NTFhMDRmZmYt._CB588266350_.png\" \/><\/div>\n<\/div>\n<\/div>\n<\/div>\n<\/div>\n<div class=\"content-grid-row-wrapper \" data-lazy-loading-background-image=\"\">\n<div class=\"a-row\">\n<div class=\"content-grid-col-wrapper override-column-spacing\">\n<div class=\"a-column a-span12 block-content block-type-text textalign-center\">\n<div class=\"content-grid-block\">\n<h3>Paso 2<\/h3>\n<\/div>\n<\/div>\n<\/div>\n<\/div>\n<\/div>\n<div class=\"content-grid-row-wrapper \" data-lazy-loading-background-image=\"\">\n<div class=\"a-row\">\n<div class=\"content-grid-col-wrapper override-column-spacing\">\n<div class=\"a-column a-span12 block-content block-type-text textalign-center\">\n<div class=\"content-grid-block\">\n<p>Con\u00e9ctalo a Internet a trav\u00e9s de la app de Alexa.<\/p>\n<\/div>\n<\/div>\n<\/div>\n<\/div>\n<\/div>\n\t\t<\/div>\n\t\t\t<\/div>\n\n\t\n\n\t<div id=\"col-162843716\" class=\"col medium-1\/3 large-4\"  >\n\t\t<div class=\"col-inner\"  >\n\t\t\t\n\t\t\t\n<div class=\"content-grid-row-wrapper \" data-lazy-loading-background-image=\"\">\n<div class=\"a-row\">\n<div class=\"content-grid-col-wrapper override-column-spacing\">\n<div class=\"a-column a-span12 block-content block-type-image textalign-center\">\n<div class=\"content-grid-block\"><img decoding=\"async\" class=\"\" src=\"https:\/\/m.media-amazon.com\/images\/G\/01\/kindle\/journeys\/4lhYvS4HHBW7GONHNPfWLIX6hI91wzvMyzJfdCXcNlc3D\/ODU4N2JiMDkt._CB588266350_.png\" alt=\"\" data-a-hires=\"https:\/\/m.media-amazon.com\/images\/G\/01\/kindle\/journeys\/4lhYvS4HHBW7GONHNPfWLIX6hI91wzvMyzJfdCXcNlc3D\/ODU4N2JiMDkt._CB588266350_.png\" \/><\/div>\n<\/div>\n<\/div>\n<\/div>\n<\/div>\n<div class=\"content-grid-row-wrapper \" data-lazy-loading-background-image=\"\">\n<div class=\"a-row\">\n<div class=\"content-grid-col-wrapper override-column-spacing\">\n<div class=\"a-column a-span12 block-content block-type-text textalign-center\">\n<div class=\"content-grid-block\">\n<h3>Paso 3<\/h3>\n<\/div>\n<\/div>\n<\/div>\n<\/div>\n<\/div>\n<div class=\"content-grid-row-wrapper \" data-lazy-loading-background-image=\"\">\n<div class=\"a-row\">\n<div class=\"content-grid-col-wrapper override-column-spacing\">\n<div class=\"a-column a-span12 block-content block-type-text textalign-center\">\n<div class=\"content-grid-block\">\n<p>P\u00eddele a Alexa que ponga m\u00fasica, que te diga el estado del clima, cu\u00e1les son las noticas y mucho m\u00e1s.<\/p>\n<\/div>\n<\/div>\n<\/div>\n<\/div>\n<\/div>\n\t\t<\/div>\n\t\t\t<\/div>\n\n\t\n<\/div>\n<\/div>\n<\/div>\n<\/div>\n<\/div>\n<\/div>\n<\/div>\n<\/div>\n<\/div>\n<\/div>\n<\/div>\n<div class=\"content-grid-row-wrapper \" data-lazy-loading-background-image=\"\">\n<div class=\"a-row\">\n<div class=\"content-grid-col-wrapper override-column-spacing\">\n<div class=\"a-column a-span12 block-content block-type-container textalign-left\">\n<div class=\"content-grid-block\">\n<div class=\"content-grid-row-wrapper \" data-lazy-loading-background-image=\"\">\n<div class=\"a-row\">\n<div class=\"content-grid-col-wrapper override-column-spacing\">\n<div class=\"a-column a-span4 block-content block-type-container textalign-left\">\n<div class=\"content-grid-block\">\n<div class=\"content-grid-row-wrapper \" data-lazy-loading-background-image=\"\">\n<div class=\"a-row\">\n<div class=\"content-grid-col-wrapper override-column-spacing\">\n<div class=\"a-column a-span12 block-content block-type-image textalign-center\"><\/div>\n<\/div>\n<\/div>\n<\/div>\n<\/div>\n<\/div>\n<\/div>\n<div class=\"content-grid-col-wrapper override-column-spacing\">\n<div class=\"a-column a-span4 block-content block-type-container textalign-left\">\n<div class=\"content-grid-block\">\n<div class=\"content-grid-row-wrapper \" data-lazy-loading-background-image=\"\">\n<div class=\"a-row\">\n<div class=\"content-grid-col-wrapper override-column-spacing\">\n<div class=\"a-column a-span12 block-content block-type-image textalign-center\"><\/div>\n<\/div>\n<\/div>\n<\/div>\n<div class=\"content-grid-row-wrapper \" data-lazy-loading-background-image=\"\">\n<div class=\"a-row\">\n<div class=\"content-grid-col-wrapper override-column-spacing\">\n<div class=\"a-column a-span12 block-content block-type-text textalign-center\">\n<div class=\"content-grid-block\">\n<p><img decoding=\"async\" src=\"https:\/\/m.media-amazon.com\/images\/G\/01\/kindle\/journeys\/4lhYvS4HHBW7GONHNPfWLIX6hI91wzvMyzJfdCXcNlc3D\/MDY1NDkyZGYt._CB588266060_.jpg\" alt=\"Echo Pop\" \/><\/p>\n<\/div>\n<\/div>\n<\/div>\n<\/div>\n<\/div>\n<\/div>\n<\/div>\n<\/div>\n<div class=\"content-grid-col-wrapper override-column-spacing\">\n<div class=\"a-column a-span4 block-content block-type-container textalign-left\">\n<div class=\"content-grid-block\">\n<div class=\"content-grid-row-wrapper \" data-lazy-loading-background-image=\"\">\n<div class=\"a-row\">\n<div class=\"content-grid-col-wrapper override-column-spacing\">\n<div class=\"a-column a-span12 block-content block-type-image textalign-center\"><\/div>\n<\/div>\n<\/div>\n<\/div>\n<div class=\"content-grid-row-wrapper \" data-lazy-loading-background-image=\"\">\n<div class=\"a-row\">\n<div class=\"content-grid-col-wrapper override-column-spacing\">\n<div class=\"a-column a-span12 block-content block-type-text textalign-center\">\n<div class=\"content-grid-block\">\n<p>&nbsp;<\/p>\n<\/div>\n<\/div>\n<\/div>\n<\/div>\n<\/div>\n<\/div>\n<\/div>\n<\/div>\n<\/div>\n<\/div>\n<\/div>\n<\/div>\n<\/div>\n<\/div>\n<\/div>\n<div class=\"content-grid-row-wrapper \" data-lazy-loading-background-image=\"\">\n<div class=\"a-row\">\n<div class=\"content-grid-col-wrapper override-column-spacing\">\n<div class=\"a-column a-span12 block-content block-type-container textalign-left\">\n<div class=\"content-grid-block\">\n<div class=\"content-grid-row-wrapper \" data-lazy-loading-background-image=\"\">\n<div class=\"a-row\">\n<div class=\"content-grid-col-wrapper override-column-spacing\">\n<div class=\"a-column a-span12 block-content block-type-text textalign-center\">\n<div class=\"content-grid-block\"><\/div>\n<\/div>\n<\/div>\n<\/div>\n<\/div>\n<\/div>\n<\/div>\n<\/div>\n<\/div>\n<\/div>\n","protected":false},"excerpt":{"rendered":"<p>&#8211; Panel frontal de tela perdurable<br \/>\n&#8211; Audio Parlante con proyecci\u00f3n frontal de 1.95\u201d (49.5 mm)<br \/>\n&#8211; Wi-Fi 802.11b\/g\/n\/ac (2.4 y 5 GHz)<br \/>\n&#8211; Bluetooth A2DP<br \/>\n&#8211; Compatibilidad con Dispotivos de Smart Home<br \/>\n&#8211; Wifi, Bluetooth Low Energy Mesh y Matter.<br \/>\n&#8211; Adaptador de corriente blanco (15 W)<br \/>\n&#8211; Controlador Amazon Matter<br \/>\n&#8211; Compatible con Fire OS, Android y iOS<br \/>\n&#8211; Incluye Asistente Virtual Alexa<br \/>\n&#8211; Idioma Ingl\u00e9s y Espa\u00f1ol<br \/>\n&#8211; Tama\u00f1o 3.9\u201d x 3.3\u201d x 3.6\u201d (99 mm x 83 mm x 91 mm)<\/p>\n","protected":false},"featured_media":18751,"comment_status":"open","ping_status":"closed","template":"","meta":{"jetpack_publicize_message":"","jetpack_publicize_feature_enabled":true,"jetpack_social_post_already_shared":true,"jetpack_social_options":{"image_generator_settings":{"template":"highway","default_image_id":0,"font":"","enabled":false},"version":2}},"pwb-brand":[80],"product_brand":[],"product_cat":[26,28],"product_tag":[],"class_list":{"0":"post-18762","1":"product","2":"type-product","3":"status-publish","4":"has-post-thumbnail","6":"pwb-brand-amazon","7":"product_cat-bocinas","8":"product_cat-smart-home","10":"first","11":"instock","12":"taxable","13":"shipping-taxable","14":"purchasable","15":"product-type-simple"},"yoast_head":"<!-- This site is optimized with the Yoast SEO Premium plugin v25.7.1 (Yoast SEO v26.8) - https:\/\/yoast.com\/product\/yoast-seo-premium-wordpress\/ -->\n<title>Bocina Inteligente Echo Pop Alexa Lavanda Amazon - Mivoot<\/title>\n<meta name=\"robots\" content=\"index, follow, max-snippet:-1, max-image-preview:large, max-video-preview:-1\" \/>\n<link rel=\"canonical\" href=\"https:\/\/mivoot.com\/gt\/producto\/bocina-inteligente-echo-pop-alexa-lavanda-amazon\/\" \/>\n<meta property=\"og:locale\" content=\"es_ES\" \/>\n<meta property=\"og:type\" content=\"article\" \/>\n<meta property=\"og:title\" content=\"Bocina Inteligente Echo Pop Alexa Lavanda Amazon\" \/>\n<meta property=\"og:description\" content=\"- Panel frontal de tela perdurable - Audio Parlante con proyecci\u00f3n frontal de 1.95\u201d (49.5 mm) - Wi-Fi 802.11b\/g\/n\/ac (2.4 y 5 GHz) - Bluetooth A2DP - Compatibilidad con Dispotivos de Smart Home - Wifi, Bluetooth Low Energy Mesh y Matter. - Adaptador de corriente blanco (15 W) - Controlador Amazon Matter - Compatible con Fire OS, Android y iOS - Incluye Asistente Virtual Alexa - Idioma Ingl\u00e9s y Espa\u00f1ol - Tama\u00f1o 3.9\u201d x 3.3\u201d x 3.6\u201d (99 mm x 83 mm x 91 mm)\" \/>\n<meta property=\"og:url\" content=\"https:\/\/mivoot.com\/gt\/producto\/bocina-inteligente-echo-pop-alexa-lavanda-amazon\/\" \/>\n<meta property=\"og:site_name\" content=\"Mivoot\" \/>\n<meta property=\"article:publisher\" content=\"https:\/\/www.facebook.com\/mivootgt\" \/>\n<meta property=\"article:modified_time\" content=\"2024-04-11T22:22:52+00:00\" \/>\n<meta property=\"og:image\" content=\"https:\/\/mivoot.com\/gt\/wp-content\/uploads\/2024\/04\/lavanda.jpg\" \/>\n\t<meta property=\"og:image:width\" content=\"800\" \/>\n\t<meta property=\"og:image:height\" content=\"800\" \/>\n\t<meta property=\"og:image:type\" content=\"image\/jpeg\" \/>\n<meta name=\"twitter:card\" content=\"summary_large_image\" \/>\n<meta name=\"twitter:label1\" content=\"Est. reading time\" \/>\n\t<meta name=\"twitter:data1\" content=\"4 minutos\" \/>\n<script type=\"application\/ld+json\" class=\"yoast-schema-graph\">{\"@context\":\"https:\/\/schema.org\",\"@graph\":[{\"@type\":\"WebPage\",\"@id\":\"https:\/\/mivoot.com\/gt\/producto\/bocina-inteligente-echo-pop-alexa-lavanda-amazon\/\",\"url\":\"https:\/\/mivoot.com\/gt\/producto\/bocina-inteligente-echo-pop-alexa-lavanda-amazon\/\",\"name\":\"Bocina Inteligente Echo Pop Alexa Lavanda Amazon - Mivoot\",\"isPartOf\":{\"@id\":\"https:\/\/mivoot.com\/gt\/#website\"},\"primaryImageOfPage\":{\"@id\":\"https:\/\/mivoot.com\/gt\/producto\/bocina-inteligente-echo-pop-alexa-lavanda-amazon\/#primaryimage\"},\"image\":{\"@id\":\"https:\/\/mivoot.com\/gt\/producto\/bocina-inteligente-echo-pop-alexa-lavanda-amazon\/#primaryimage\"},\"thumbnailUrl\":\"https:\/\/mivoot.com\/gt\/wp-content\/uploads\/2024\/04\/lavanda.jpg\",\"datePublished\":\"2024-04-11T22:20:32+00:00\",\"dateModified\":\"2024-04-11T22:22:52+00:00\",\"breadcrumb\":{\"@id\":\"https:\/\/mivoot.com\/gt\/producto\/bocina-inteligente-echo-pop-alexa-lavanda-amazon\/#breadcrumb\"},\"inLanguage\":\"es\",\"potentialAction\":[{\"@type\":\"ReadAction\",\"target\":[\"https:\/\/mivoot.com\/gt\/producto\/bocina-inteligente-echo-pop-alexa-lavanda-amazon\/\"]}]},{\"@type\":\"ImageObject\",\"inLanguage\":\"es\",\"@id\":\"https:\/\/mivoot.com\/gt\/producto\/bocina-inteligente-echo-pop-alexa-lavanda-amazon\/#primaryimage\",\"url\":\"https:\/\/mivoot.com\/gt\/wp-content\/uploads\/2024\/04\/lavanda.jpg\",\"contentUrl\":\"https:\/\/mivoot.com\/gt\/wp-content\/uploads\/2024\/04\/lavanda.jpg\",\"width\":800,\"height\":800},{\"@type\":\"BreadcrumbList\",\"@id\":\"https:\/\/mivoot.com\/gt\/producto\/bocina-inteligente-echo-pop-alexa-lavanda-amazon\/#breadcrumb\",\"itemListElement\":[{\"@type\":\"ListItem\",\"position\":1,\"name\":\"Inicio\",\"item\":\"https:\/\/mivoot.com\/gt\/\"},{\"@type\":\"ListItem\",\"position\":2,\"name\":\"Productos\",\"item\":\"https:\/\/mivoot.com\/gt\/producto\/\"},{\"@type\":\"ListItem\",\"position\":3,\"name\":\"Amazon\",\"item\":\"https:\/\/mivoot.com\/gt\/marca\/amazon\/\"},{\"@type\":\"ListItem\",\"position\":4,\"name\":\"Bocina Inteligente Echo Pop Alexa Lavanda Amazon\"}]},{\"@type\":\"WebSite\",\"@id\":\"https:\/\/mivoot.com\/gt\/#website\",\"url\":\"https:\/\/mivoot.com\/gt\/\",\"name\":\"Mivoot\",\"description\":\"Mivoot Guatemala | Tienda Online\",\"publisher\":{\"@id\":\"https:\/\/mivoot.com\/gt\/#organization\"},\"alternateName\":\"mivoot\",\"potentialAction\":[{\"@type\":\"SearchAction\",\"target\":{\"@type\":\"EntryPoint\",\"urlTemplate\":\"https:\/\/mivoot.com\/gt\/?s={search_term_string}\"},\"query-input\":{\"@type\":\"PropertyValueSpecification\",\"valueRequired\":true,\"valueName\":\"search_term_string\"}}],\"inLanguage\":\"es\"},{\"@type\":\"Organization\",\"@id\":\"https:\/\/mivoot.com\/gt\/#organization\",\"name\":\"Mivoot Guatemala\",\"alternateName\":\"mivoot.com\",\"url\":\"https:\/\/mivoot.com\/gt\/\",\"logo\":{\"@type\":\"ImageObject\",\"inLanguage\":\"es\",\"@id\":\"https:\/\/mivoot.com\/gt\/#\/schema\/logo\/image\/\",\"url\":\"https:\/\/mivoot.com\/gt\/wp-content\/uploads\/2023\/03\/cropped-icon.png\",\"contentUrl\":\"https:\/\/mivoot.com\/gt\/wp-content\/uploads\/2023\/03\/cropped-icon.png\",\"width\":512,\"height\":512,\"caption\":\"Mivoot Guatemala\"},\"image\":{\"@id\":\"https:\/\/mivoot.com\/gt\/#\/schema\/logo\/image\/\"},\"sameAs\":[\"https:\/\/www.facebook.com\/mivootgt\",\"https:\/\/instagram.com\/mivoot\"]}]}<\/script>\n<!-- \/ Yoast SEO Premium plugin. -->","yoast_head_json":{"title":"Bocina Inteligente Echo Pop Alexa Lavanda Amazon - Mivoot","robots":{"index":"index","follow":"follow","max-snippet":"max-snippet:-1","max-image-preview":"max-image-preview:large","max-video-preview":"max-video-preview:-1"},"canonical":"https:\/\/mivoot.com\/gt\/producto\/bocina-inteligente-echo-pop-alexa-lavanda-amazon\/","og_locale":"es_ES","og_type":"article","og_title":"Bocina Inteligente Echo Pop Alexa Lavanda Amazon","og_description":"- Panel frontal de tela perdurable - Audio Parlante con proyecci\u00f3n frontal de 1.95\u201d (49.5 mm) - Wi-Fi 802.11b\/g\/n\/ac (2.4 y 5 GHz) - Bluetooth A2DP - Compatibilidad con Dispotivos de Smart Home - Wifi, Bluetooth Low Energy Mesh y Matter. - Adaptador de corriente blanco (15 W) - Controlador Amazon Matter - Compatible con Fire OS, Android y iOS - Incluye Asistente Virtual Alexa - Idioma Ingl\u00e9s y Espa\u00f1ol - Tama\u00f1o 3.9\u201d x 3.3\u201d x 3.6\u201d (99 mm x 83 mm x 91 mm)","og_url":"https:\/\/mivoot.com\/gt\/producto\/bocina-inteligente-echo-pop-alexa-lavanda-amazon\/","og_site_name":"Mivoot","article_publisher":"https:\/\/www.facebook.com\/mivootgt","article_modified_time":"2024-04-11T22:22:52+00:00","og_image":[{"width":800,"height":800,"url":"https:\/\/mivoot.com\/gt\/wp-content\/uploads\/2024\/04\/lavanda.jpg","type":"image\/jpeg"}],"twitter_card":"summary_large_image","twitter_misc":{"Est. reading time":"4 minutos"},"schema":{"@context":"https:\/\/schema.org","@graph":[{"@type":"WebPage","@id":"https:\/\/mivoot.com\/gt\/producto\/bocina-inteligente-echo-pop-alexa-lavanda-amazon\/","url":"https:\/\/mivoot.com\/gt\/producto\/bocina-inteligente-echo-pop-alexa-lavanda-amazon\/","name":"Bocina Inteligente Echo Pop Alexa Lavanda Amazon - Mivoot","isPartOf":{"@id":"https:\/\/mivoot.com\/gt\/#website"},"primaryImageOfPage":{"@id":"https:\/\/mivoot.com\/gt\/producto\/bocina-inteligente-echo-pop-alexa-lavanda-amazon\/#primaryimage"},"image":{"@id":"https:\/\/mivoot.com\/gt\/producto\/bocina-inteligente-echo-pop-alexa-lavanda-amazon\/#primaryimage"},"thumbnailUrl":"https:\/\/mivoot.com\/gt\/wp-content\/uploads\/2024\/04\/lavanda.jpg","datePublished":"2024-04-11T22:20:32+00:00","dateModified":"2024-04-11T22:22:52+00:00","breadcrumb":{"@id":"https:\/\/mivoot.com\/gt\/producto\/bocina-inteligente-echo-pop-alexa-lavanda-amazon\/#breadcrumb"},"inLanguage":"es","potentialAction":[{"@type":"ReadAction","target":["https:\/\/mivoot.com\/gt\/producto\/bocina-inteligente-echo-pop-alexa-lavanda-amazon\/"]}]},{"@type":"ImageObject","inLanguage":"es","@id":"https:\/\/mivoot.com\/gt\/producto\/bocina-inteligente-echo-pop-alexa-lavanda-amazon\/#primaryimage","url":"https:\/\/mivoot.com\/gt\/wp-content\/uploads\/2024\/04\/lavanda.jpg","contentUrl":"https:\/\/mivoot.com\/gt\/wp-content\/uploads\/2024\/04\/lavanda.jpg","width":800,"height":800},{"@type":"BreadcrumbList","@id":"https:\/\/mivoot.com\/gt\/producto\/bocina-inteligente-echo-pop-alexa-lavanda-amazon\/#breadcrumb","itemListElement":[{"@type":"ListItem","position":1,"name":"Inicio","item":"https:\/\/mivoot.com\/gt\/"},{"@type":"ListItem","position":2,"name":"Productos","item":"https:\/\/mivoot.com\/gt\/producto\/"},{"@type":"ListItem","position":3,"name":"Amazon","item":"https:\/\/mivoot.com\/gt\/marca\/amazon\/"},{"@type":"ListItem","position":4,"name":"Bocina Inteligente Echo Pop Alexa Lavanda Amazon"}]},{"@type":"WebSite","@id":"https:\/\/mivoot.com\/gt\/#website","url":"https:\/\/mivoot.com\/gt\/","name":"Mivoot","description":"Mivoot Guatemala | Tienda Online","publisher":{"@id":"https:\/\/mivoot.com\/gt\/#organization"},"alternateName":"mivoot","potentialAction":[{"@type":"SearchAction","target":{"@type":"EntryPoint","urlTemplate":"https:\/\/mivoot.com\/gt\/?s={search_term_string}"},"query-input":{"@type":"PropertyValueSpecification","valueRequired":true,"valueName":"search_term_string"}}],"inLanguage":"es"},{"@type":"Organization","@id":"https:\/\/mivoot.com\/gt\/#organization","name":"Mivoot Guatemala","alternateName":"mivoot.com","url":"https:\/\/mivoot.com\/gt\/","logo":{"@type":"ImageObject","inLanguage":"es","@id":"https:\/\/mivoot.com\/gt\/#\/schema\/logo\/image\/","url":"https:\/\/mivoot.com\/gt\/wp-content\/uploads\/2023\/03\/cropped-icon.png","contentUrl":"https:\/\/mivoot.com\/gt\/wp-content\/uploads\/2023\/03\/cropped-icon.png","width":512,"height":512,"caption":"Mivoot Guatemala"},"image":{"@id":"https:\/\/mivoot.com\/gt\/#\/schema\/logo\/image\/"},"sameAs":["https:\/\/www.facebook.com\/mivootgt","https:\/\/instagram.com\/mivoot"]}]}},"jetpack_publicize_connections":[],"jetpack_sharing_enabled":true,"brands":[{"id":80,"name":"Amazon","slug":"amazon"}],"_links":{"self":[{"href":"https:\/\/mivoot.com\/gt\/wp-json\/wp\/v2\/product\/18762","targetHints":{"allow":["GET"]}}],"collection":[{"href":"https:\/\/mivoot.com\/gt\/wp-json\/wp\/v2\/product"}],"about":[{"href":"https:\/\/mivoot.com\/gt\/wp-json\/wp\/v2\/types\/product"}],"replies":[{"embeddable":true,"href":"https:\/\/mivoot.com\/gt\/wp-json\/wp\/v2\/comments?post=18762"}],"version-history":[{"count":1,"href":"https:\/\/mivoot.com\/gt\/wp-json\/wp\/v2\/product\/18762\/revisions"}],"predecessor-version":[{"id":18763,"href":"https:\/\/mivoot.com\/gt\/wp-json\/wp\/v2\/product\/18762\/revisions\/18763"}],"wp:featuredmedia":[{"embeddable":true,"href":"https:\/\/mivoot.com\/gt\/wp-json\/wp\/v2\/media\/18751"}],"wp:attachment":[{"href":"https:\/\/mivoot.com\/gt\/wp-json\/wp\/v2\/media?parent=18762"}],"wp:term":[{"taxonomy":"pwb-brand","embeddable":true,"href":"https:\/\/mivoot.com\/gt\/wp-json\/wp\/v2\/pwb-brand?post=18762"},{"taxonomy":"product_brand","embeddable":true,"href":"https:\/\/mivoot.com\/gt\/wp-json\/wp\/v2\/product_brand?post=18762"},{"taxonomy":"product_cat","embeddable":true,"href":"https:\/\/mivoot.com\/gt\/wp-json\/wp\/v2\/product_cat?post=18762"},{"taxonomy":"product_tag","embeddable":true,"href":"https:\/\/mivoot.com\/gt\/wp-json\/wp\/v2\/product_tag?post=18762"}],"curies":[{"name":"wp","href":"https:\/\/api.w.org\/{rel}","templated":true}]}}