{"id":18946,"date":"2024-05-02T13:22:59","date_gmt":"2024-05-02T19:22:59","guid":{"rendered":"https:\/\/mivoot.com\/gt\/?post_type=product&#038;p=18946"},"modified":"2025-06-04T10:32:31","modified_gmt":"2025-06-04T16:32:31","slug":"bocina-partybox-stage-320-jbl","status":"publish","type":"product","link":"https:\/\/mivoot.com\/gt\/producto\/bocina-partybox-stage-320-jbl\/","title":{"rendered":"Bocina PartyBox Stage 320 JBL"},"content":{"rendered":"<h1><strong>Lleva tu fiesta a cualquier lugar<\/strong><\/h1>\n<p>Con JBL PartyBox Stage 320, puedes comenzar la fiesta en cualquier momento y en cualquier lugar. Transforma cualquier espacio, interior o exterior, en una pista de baile. El potente sonido JBL Pro y unos graves potentes llenan un amplio escenario sonoro y hacen que la multitud se mueva, mientras sus ojos se deleitan con un espect\u00e1culo de luces adaptable de luces estrelladas arremolinadas, estelas de luces frescas y sorprendentes efectos estrobosc\u00f3picos sincronizados con tu ritmo. Utilice las entradas de micr\u00f3fono y guitarra para mostrar su presencia en el escenario.<\/p>\n<p>Puedes dirigir el flujo de la fiesta durante toda la noche con divertidos efectos interactivos. El s\u00f3lido mango telesc\u00f3pico y las ruedas anchas y resistentes te permiten llevar el JBL PartyBox Stage 320 a casi cualquier lugar y, una vez all\u00ed, la construcci\u00f3n a prueba de salpicaduras significa que un poco de lluvia no arruinar\u00e1 la diversi\u00f3n. Lo mejor de todo es que ofrece hasta 18 horas de reproducci\u00f3n y, si los buenos tiempos a\u00fan contin\u00faan, simplemente cambia la bater\u00eda reemplazable y contin\u00faa. Para una fiesta a\u00fan m\u00e1s grande, es f\u00e1cil conectar o usar la aplicaci\u00f3n JBL PartyBox para conectar varios altavoces compatibles con JBL Auracast de forma inal\u00e1mbrica. Re\u00fane a las personas y mejora la experiencia con JBL PartyBox Stage 320.<\/p>\n<ul class=\"a-unordered-list a-vertical a-spacing-mini\">\n<li class=\"a-spacing-mini\"><span class=\"a-list-item\">Mango telesc\u00f3pico y ruedas anchas y resistentes: Enr\u00f3llate a la fiesta con ruedas anchas y resistentes y un mango f\u00e1cil de agarrar que se eleva cuando lo necesites y hacia abajo cuando no lo necesites.<\/span><\/li>\n<li class=\"a-spacing-mini\"><span class=\"a-list-item\">A prueba de salpicaduras: ya sea que est\u00e9s de fiesta con amigos en el parque o junto al mar, el JBL PartyBox Stage 320 es IPX4 a prueba de salpicaduras, lo que significa que un poco de lluvia no detendr\u00e1 la diversi\u00f3n. <\/span><\/li>\n<\/ul>\n<p><img decoding=\"async\" class=\"aligncenter\" src=\"https:\/\/m.media-amazon.com\/images\/I\/91fBC8FXeZL._AC_UF894,1000_QL80_.jpg\" alt=\"JBL Partybox Stage 320, Altavoz port\u00e1til para Fiestas, con asa telesc\u00f3pica y Ruedas, Bluetooth, espect\u00e1culo de Luces, Resistente a Salpicaduras (IPX4), hasta 18h de reproducci\u00f3n, Negro : Amazon.es: Electr\u00f3nica\" \/><\/p>\n<p><img decoding=\"async\" class=\"aligncenter\" src=\"https:\/\/gameone.ph\/media\/catalog\/product\/cache\/7a2235b416a1900151232a782f707140\/j\/b\/jbl_partybox_stage_320_box_image_sideview_sku_1605x1605px.jpg\" alt=\"Game One - JBL PartyBox Stage 320 Portable Party Speaker - Game One PH\" \/><\/p>\n<p><img fetchpriority=\"high\" decoding=\"async\" class=\"alignnone size-full wp-image-19238\" src=\"https:\/\/mivoot.com\/gt\/wp-content\/uploads\/2024\/05\/bocinas.png\" alt=\"\" width=\"1423\" height=\"625\" srcset=\"https:\/\/mivoot.com\/gt\/wp-content\/uploads\/2024\/05\/bocinas.png 1423w, https:\/\/mivoot.com\/gt\/wp-content\/uploads\/2024\/05\/bocinas-410x180.png 410w, https:\/\/mivoot.com\/gt\/wp-content\/uploads\/2024\/05\/bocinas-64x28.png 64w, https:\/\/mivoot.com\/gt\/wp-content\/uploads\/2024\/05\/bocinas-300x132.png 300w, https:\/\/mivoot.com\/gt\/wp-content\/uploads\/2024\/05\/bocinas-768x337.png 768w, https:\/\/mivoot.com\/gt\/wp-content\/uploads\/2024\/05\/bocinas-600x264.png 600w\" sizes=\"(max-width: 1423px) 100vw, 1423px\" \/><\/p>\n","protected":false},"excerpt":{"rendered":"<p>&#8211; Potente sonido JBL Pro<br \/>\n&#8211; Potencia de salida (W) 240<br \/>\n&#8211; Rango de respuesta de frecuencia din\u00e1mica (Hz) 40 Hz &#8211; 20 kHz (-6 dB)<br \/>\n&#8211; Espect\u00e1culo de luces futurista<br \/>\n&#8211; Hasta 18 horas de reproducci\u00f3n<br \/>\n&#8211; Tiempo de carga (horas) 3<br \/>\n&#8211; Tiempo m\u00e1ximo de reproducci\u00f3n de m\u00fasica (horas) 18<br \/>\n&#8211; Mango telesc\u00f3pico y ruedas anchas y resistentes.<br \/>\n&#8211; A prueba de salpicaduras<br \/>\n&#8211; Aumento de sonido de IA<br \/>\n&#8211; Conexi\u00f3n de varios altavoces mediante Auracast\u2122<br \/>\n&#8211; Entradas duales de micr\u00f3fono y guitarra<br \/>\n&#8211; Aplicaci\u00f3n JBL Party Box<br \/>\n&#8211; Fabricado en parte con materiales reciclados.<\/p>\n","protected":false},"featured_media":19243,"comment_status":"open","ping_status":"closed","template":"","meta":{"jetpack_publicize_message":"","jetpack_publicize_feature_enabled":true,"jetpack_social_post_already_shared":true,"jetpack_social_options":{"image_generator_settings":{"template":"highway","default_image_id":0,"font":"","enabled":false},"version":2}},"pwb-brand":[75],"product_brand":[],"product_cat":[26],"product_tag":[349],"class_list":{"0":"post-18946","1":"product","2":"type-product","3":"status-publish","4":"has-post-thumbnail","6":"pwb-brand-jbl","7":"product_cat-bocinas","8":"product_tag-jbl-party-box","10":"first","11":"instock","12":"sale","13":"taxable","14":"shipping-taxable","15":"purchasable","16":"product-type-simple"},"yoast_head":"<!-- This site is optimized with the Yoast SEO Premium plugin v25.7.1 (Yoast SEO v26.8) - https:\/\/yoast.com\/product\/yoast-seo-premium-wordpress\/ -->\n<title>Bocina PartyBox Stage 320 JBL - Mivoot<\/title>\n<meta name=\"robots\" content=\"index, follow, max-snippet:-1, max-image-preview:large, max-video-preview:-1\" \/>\n<link rel=\"canonical\" href=\"https:\/\/mivoot.com\/gt\/producto\/bocina-partybox-stage-320-jbl\/\" \/>\n<meta property=\"og:locale\" content=\"es_ES\" \/>\n<meta property=\"og:type\" content=\"article\" \/>\n<meta property=\"og:title\" content=\"Bocina PartyBox Stage 320 JBL\" \/>\n<meta property=\"og:description\" content=\"- Potente sonido JBL Pro - Potencia de salida (W) 240 - Rango de respuesta de frecuencia din\u00e1mica (Hz) 40 Hz - 20 kHz (-6 dB) - Espect\u00e1culo de luces futurista - Hasta 18 horas de reproducci\u00f3n - Tiempo de carga (horas) 3 - Tiempo m\u00e1ximo de reproducci\u00f3n de m\u00fasica (horas) 18 - Mango telesc\u00f3pico y ruedas anchas y resistentes. - A prueba de salpicaduras - Aumento de sonido de IA - Conexi\u00f3n de varios altavoces mediante Auracast\u2122 - Entradas duales de micr\u00f3fono y guitarra - Aplicaci\u00f3n JBL Party Box - Fabricado en parte con materiales reciclados.\" \/>\n<meta property=\"og:url\" content=\"https:\/\/mivoot.com\/gt\/producto\/bocina-partybox-stage-320-jbl\/\" \/>\n<meta property=\"og:site_name\" content=\"Mivoot\" \/>\n<meta property=\"article:publisher\" content=\"https:\/\/www.facebook.com\/mivootgt\" \/>\n<meta property=\"article:modified_time\" content=\"2025-06-04T16:32:31+00:00\" \/>\n<meta property=\"og:image\" content=\"https:\/\/mivoot.com\/gt\/wp-content\/uploads\/2024\/05\/stage320jbl.jpg\" \/>\n\t<meta property=\"og:image:width\" content=\"1000\" \/>\n\t<meta property=\"og:image:height\" content=\"1000\" \/>\n\t<meta property=\"og:image:type\" content=\"image\/jpeg\" \/>\n<meta name=\"twitter:card\" content=\"summary_large_image\" \/>\n<meta name=\"twitter:label1\" content=\"Est. reading time\" \/>\n\t<meta name=\"twitter:data1\" content=\"2 minutos\" \/>\n<script type=\"application\/ld+json\" class=\"yoast-schema-graph\">{\"@context\":\"https:\/\/schema.org\",\"@graph\":[{\"@type\":\"WebPage\",\"@id\":\"https:\/\/mivoot.com\/gt\/producto\/bocina-partybox-stage-320-jbl\/\",\"url\":\"https:\/\/mivoot.com\/gt\/producto\/bocina-partybox-stage-320-jbl\/\",\"name\":\"Bocina PartyBox Stage 320 JBL - Mivoot\",\"isPartOf\":{\"@id\":\"https:\/\/mivoot.com\/gt\/#website\"},\"primaryImageOfPage\":{\"@id\":\"https:\/\/mivoot.com\/gt\/producto\/bocina-partybox-stage-320-jbl\/#primaryimage\"},\"image\":{\"@id\":\"https:\/\/mivoot.com\/gt\/producto\/bocina-partybox-stage-320-jbl\/#primaryimage\"},\"thumbnailUrl\":\"https:\/\/mivoot.com\/gt\/wp-content\/uploads\/2024\/05\/stage320jbl.jpg\",\"datePublished\":\"2024-05-02T19:22:59+00:00\",\"dateModified\":\"2025-06-04T16:32:31+00:00\",\"breadcrumb\":{\"@id\":\"https:\/\/mivoot.com\/gt\/producto\/bocina-partybox-stage-320-jbl\/#breadcrumb\"},\"inLanguage\":\"es\",\"potentialAction\":[{\"@type\":\"ReadAction\",\"target\":[\"https:\/\/mivoot.com\/gt\/producto\/bocina-partybox-stage-320-jbl\/\"]}]},{\"@type\":\"ImageObject\",\"inLanguage\":\"es\",\"@id\":\"https:\/\/mivoot.com\/gt\/producto\/bocina-partybox-stage-320-jbl\/#primaryimage\",\"url\":\"https:\/\/mivoot.com\/gt\/wp-content\/uploads\/2024\/05\/stage320jbl.jpg\",\"contentUrl\":\"https:\/\/mivoot.com\/gt\/wp-content\/uploads\/2024\/05\/stage320jbl.jpg\",\"width\":1000,\"height\":1000},{\"@type\":\"BreadcrumbList\",\"@id\":\"https:\/\/mivoot.com\/gt\/producto\/bocina-partybox-stage-320-jbl\/#breadcrumb\",\"itemListElement\":[{\"@type\":\"ListItem\",\"position\":1,\"name\":\"Inicio\",\"item\":\"https:\/\/mivoot.com\/gt\/\"},{\"@type\":\"ListItem\",\"position\":2,\"name\":\"Productos\",\"item\":\"https:\/\/mivoot.com\/gt\/producto\/\"},{\"@type\":\"ListItem\",\"position\":3,\"name\":\"JBL\",\"item\":\"https:\/\/mivoot.com\/gt\/marca\/jbl\/\"},{\"@type\":\"ListItem\",\"position\":4,\"name\":\"Bocina PartyBox Stage 320 JBL\"}]},{\"@type\":\"WebSite\",\"@id\":\"https:\/\/mivoot.com\/gt\/#website\",\"url\":\"https:\/\/mivoot.com\/gt\/\",\"name\":\"Mivoot\",\"description\":\"Mivoot Guatemala | Tienda Online\",\"publisher\":{\"@id\":\"https:\/\/mivoot.com\/gt\/#organization\"},\"alternateName\":\"mivoot\",\"potentialAction\":[{\"@type\":\"SearchAction\",\"target\":{\"@type\":\"EntryPoint\",\"urlTemplate\":\"https:\/\/mivoot.com\/gt\/?s={search_term_string}\"},\"query-input\":{\"@type\":\"PropertyValueSpecification\",\"valueRequired\":true,\"valueName\":\"search_term_string\"}}],\"inLanguage\":\"es\"},{\"@type\":\"Organization\",\"@id\":\"https:\/\/mivoot.com\/gt\/#organization\",\"name\":\"Mivoot Guatemala\",\"alternateName\":\"mivoot.com\",\"url\":\"https:\/\/mivoot.com\/gt\/\",\"logo\":{\"@type\":\"ImageObject\",\"inLanguage\":\"es\",\"@id\":\"https:\/\/mivoot.com\/gt\/#\/schema\/logo\/image\/\",\"url\":\"https:\/\/mivoot.com\/gt\/wp-content\/uploads\/2023\/03\/cropped-icon.png\",\"contentUrl\":\"https:\/\/mivoot.com\/gt\/wp-content\/uploads\/2023\/03\/cropped-icon.png\",\"width\":512,\"height\":512,\"caption\":\"Mivoot Guatemala\"},\"image\":{\"@id\":\"https:\/\/mivoot.com\/gt\/#\/schema\/logo\/image\/\"},\"sameAs\":[\"https:\/\/www.facebook.com\/mivootgt\",\"https:\/\/instagram.com\/mivoot\"]}]}<\/script>\n<!-- \/ Yoast SEO Premium plugin. -->","yoast_head_json":{"title":"Bocina PartyBox Stage 320 JBL - Mivoot","robots":{"index":"index","follow":"follow","max-snippet":"max-snippet:-1","max-image-preview":"max-image-preview:large","max-video-preview":"max-video-preview:-1"},"canonical":"https:\/\/mivoot.com\/gt\/producto\/bocina-partybox-stage-320-jbl\/","og_locale":"es_ES","og_type":"article","og_title":"Bocina PartyBox Stage 320 JBL","og_description":"- Potente sonido JBL Pro - Potencia de salida (W) 240 - Rango de respuesta de frecuencia din\u00e1mica (Hz) 40 Hz - 20 kHz (-6 dB) - Espect\u00e1culo de luces futurista - Hasta 18 horas de reproducci\u00f3n - Tiempo de carga (horas) 3 - Tiempo m\u00e1ximo de reproducci\u00f3n de m\u00fasica (horas) 18 - Mango telesc\u00f3pico y ruedas anchas y resistentes. - A prueba de salpicaduras - Aumento de sonido de IA - Conexi\u00f3n de varios altavoces mediante Auracast\u2122 - Entradas duales de micr\u00f3fono y guitarra - Aplicaci\u00f3n JBL Party Box - Fabricado en parte con materiales reciclados.","og_url":"https:\/\/mivoot.com\/gt\/producto\/bocina-partybox-stage-320-jbl\/","og_site_name":"Mivoot","article_publisher":"https:\/\/www.facebook.com\/mivootgt","article_modified_time":"2025-06-04T16:32:31+00:00","og_image":[{"width":1000,"height":1000,"url":"https:\/\/mivoot.com\/gt\/wp-content\/uploads\/2024\/05\/stage320jbl.jpg","type":"image\/jpeg"}],"twitter_card":"summary_large_image","twitter_misc":{"Est. reading time":"2 minutos"},"schema":{"@context":"https:\/\/schema.org","@graph":[{"@type":"WebPage","@id":"https:\/\/mivoot.com\/gt\/producto\/bocina-partybox-stage-320-jbl\/","url":"https:\/\/mivoot.com\/gt\/producto\/bocina-partybox-stage-320-jbl\/","name":"Bocina PartyBox Stage 320 JBL - Mivoot","isPartOf":{"@id":"https:\/\/mivoot.com\/gt\/#website"},"primaryImageOfPage":{"@id":"https:\/\/mivoot.com\/gt\/producto\/bocina-partybox-stage-320-jbl\/#primaryimage"},"image":{"@id":"https:\/\/mivoot.com\/gt\/producto\/bocina-partybox-stage-320-jbl\/#primaryimage"},"thumbnailUrl":"https:\/\/mivoot.com\/gt\/wp-content\/uploads\/2024\/05\/stage320jbl.jpg","datePublished":"2024-05-02T19:22:59+00:00","dateModified":"2025-06-04T16:32:31+00:00","breadcrumb":{"@id":"https:\/\/mivoot.com\/gt\/producto\/bocina-partybox-stage-320-jbl\/#breadcrumb"},"inLanguage":"es","potentialAction":[{"@type":"ReadAction","target":["https:\/\/mivoot.com\/gt\/producto\/bocina-partybox-stage-320-jbl\/"]}]},{"@type":"ImageObject","inLanguage":"es","@id":"https:\/\/mivoot.com\/gt\/producto\/bocina-partybox-stage-320-jbl\/#primaryimage","url":"https:\/\/mivoot.com\/gt\/wp-content\/uploads\/2024\/05\/stage320jbl.jpg","contentUrl":"https:\/\/mivoot.com\/gt\/wp-content\/uploads\/2024\/05\/stage320jbl.jpg","width":1000,"height":1000},{"@type":"BreadcrumbList","@id":"https:\/\/mivoot.com\/gt\/producto\/bocina-partybox-stage-320-jbl\/#breadcrumb","itemListElement":[{"@type":"ListItem","position":1,"name":"Inicio","item":"https:\/\/mivoot.com\/gt\/"},{"@type":"ListItem","position":2,"name":"Productos","item":"https:\/\/mivoot.com\/gt\/producto\/"},{"@type":"ListItem","position":3,"name":"JBL","item":"https:\/\/mivoot.com\/gt\/marca\/jbl\/"},{"@type":"ListItem","position":4,"name":"Bocina PartyBox Stage 320 JBL"}]},{"@type":"WebSite","@id":"https:\/\/mivoot.com\/gt\/#website","url":"https:\/\/mivoot.com\/gt\/","name":"Mivoot","description":"Mivoot Guatemala | Tienda Online","publisher":{"@id":"https:\/\/mivoot.com\/gt\/#organization"},"alternateName":"mivoot","potentialAction":[{"@type":"SearchAction","target":{"@type":"EntryPoint","urlTemplate":"https:\/\/mivoot.com\/gt\/?s={search_term_string}"},"query-input":{"@type":"PropertyValueSpecification","valueRequired":true,"valueName":"search_term_string"}}],"inLanguage":"es"},{"@type":"Organization","@id":"https:\/\/mivoot.com\/gt\/#organization","name":"Mivoot Guatemala","alternateName":"mivoot.com","url":"https:\/\/mivoot.com\/gt\/","logo":{"@type":"ImageObject","inLanguage":"es","@id":"https:\/\/mivoot.com\/gt\/#\/schema\/logo\/image\/","url":"https:\/\/mivoot.com\/gt\/wp-content\/uploads\/2023\/03\/cropped-icon.png","contentUrl":"https:\/\/mivoot.com\/gt\/wp-content\/uploads\/2023\/03\/cropped-icon.png","width":512,"height":512,"caption":"Mivoot Guatemala"},"image":{"@id":"https:\/\/mivoot.com\/gt\/#\/schema\/logo\/image\/"},"sameAs":["https:\/\/www.facebook.com\/mivootgt","https:\/\/instagram.com\/mivoot"]}]}},"jetpack_publicize_connections":[],"jetpack_sharing_enabled":true,"brands":[{"id":75,"name":"JBL","slug":"jbl"}],"_links":{"self":[{"href":"https:\/\/mivoot.com\/gt\/wp-json\/wp\/v2\/product\/18946","targetHints":{"allow":["GET"]}}],"collection":[{"href":"https:\/\/mivoot.com\/gt\/wp-json\/wp\/v2\/product"}],"about":[{"href":"https:\/\/mivoot.com\/gt\/wp-json\/wp\/v2\/types\/product"}],"replies":[{"embeddable":true,"href":"https:\/\/mivoot.com\/gt\/wp-json\/wp\/v2\/comments?post=18946"}],"version-history":[{"count":3,"href":"https:\/\/mivoot.com\/gt\/wp-json\/wp\/v2\/product\/18946\/revisions"}],"predecessor-version":[{"id":19245,"href":"https:\/\/mivoot.com\/gt\/wp-json\/wp\/v2\/product\/18946\/revisions\/19245"}],"wp:featuredmedia":[{"embeddable":true,"href":"https:\/\/mivoot.com\/gt\/wp-json\/wp\/v2\/media\/19243"}],"wp:attachment":[{"href":"https:\/\/mivoot.com\/gt\/wp-json\/wp\/v2\/media?parent=18946"}],"wp:term":[{"taxonomy":"pwb-brand","embeddable":true,"href":"https:\/\/mivoot.com\/gt\/wp-json\/wp\/v2\/pwb-brand?post=18946"},{"taxonomy":"product_brand","embeddable":true,"href":"https:\/\/mivoot.com\/gt\/wp-json\/wp\/v2\/product_brand?post=18946"},{"taxonomy":"product_cat","embeddable":true,"href":"https:\/\/mivoot.com\/gt\/wp-json\/wp\/v2\/product_cat?post=18946"},{"taxonomy":"product_tag","embeddable":true,"href":"https:\/\/mivoot.com\/gt\/wp-json\/wp\/v2\/product_tag?post=18946"}],"curies":[{"name":"wp","href":"https:\/\/api.w.org\/{rel}","templated":true}]}}