{"id":19008,"date":"2024-05-04T12:37:45","date_gmt":"2024-05-04T18:37:45","guid":{"rendered":"https:\/\/mivoot.com\/gt\/?post_type=product&#038;p=19008"},"modified":"2024-05-04T14:02:03","modified_gmt":"2024-05-04T20:02:03","slug":"laptop-laptop-14-14-dq5009la-hp","status":"publish","type":"product","link":"https:\/\/mivoot.com\/gt\/producto\/laptop-laptop-14-14-dq5009la-hp\/","title":{"rendered":"Laptop Notebook 14&#8243; Intel i3-1215U 8GB RAM 256GB SSD dq5009la HP"},"content":{"rendered":"<h2>Laptop HP 14-dq5009la (8W6D3LA)<\/h2>\n<p>Mantente productivo y entretenido desde cualquier lugar gracias a la larga duraci\u00f3n de la bater\u00eda y la pantalla con microbordes.<\/p>\n<p>Sistema operativo: Windows 11 Home Single Language<br \/>\nMarca del procesador: Intel\u00ae Core\u2122 i3 1215U 12.\u00aa\u00a0generaci\u00f3n12<br \/>\nTama\u00f1o de la memoria: 8 GB DDR4<br \/>\nDuraci\u00f3n de la bater\u00eda: Dura hasta 8 horas y 30\u00a0minutos3<br \/>\nEsta laptop, que ofrece tama\u00f1o compacto y liviano, incluye pantalla con microbordes<\/p>\n<p>Ultraport\u00e1til con dise\u00f1o ligero y vista m\u00e1s c\u00f3moda en la pantalla sin\u00a0parpadeo\u00a04\u00a0y con microbordes.<\/p>\n<h4>Desempe\u00f1o confiable todos los d\u00edas<\/h4>\n<p>Realiza tareas diarias con facilidad con el procesador Intel\u00ae\u00a0Core\u2122\u00a05\u00a0de tu laptop y la gran capacidad de almacenamiento.<\/p>\n<h4>Mantente conectado gracias a la bater\u00eda de larga duraci\u00f3n<\/h4>\n<p>La larga duraci\u00f3n de la\u00a0bater\u00eda\u00a03\u00a0y la tecnolog\u00eda HP Fast\u00a0Charge\u00a06\u00a0te permiten trabajar, ver videos y permanecer conectado durante todo el d\u00eda.<\/p>\n<p>Una laptop delgada y confiable para satisfacer tus necesidades diarias<\/p>\n<div>\n<div class=\"m-bg-laptops c-product-details__title-wrapper\"><img decoding=\"async\" class=\"inner-image\" style=\"font-size: 14.4px;\" src=\"https:\/\/ssl-product-images.www8-hp.com\/digmedialib\/prodimg\/lowres\/c07972206.jpg\" alt=\"19C2 - HP 14 Laptop PC (14, Touch, Natural Silver\/Ash Silver, HD cam, no ODD, no FPR, (4) Type A USB\" \/><\/div>\n<div class=\"c-default-container c-product-details__main\">\n<div class=\"c-product-details__overview m-bg-laptops-type-2 c-default-container\">\n<div class=\"c-default-container\">\n<div class=\"c-column-module__content\">\n<div class=\"c-column-module__features\">\n<div class=\"c-column-module-feature\">\n<ul>\n<li class=\"c-column-module-feature__title h4\">Obt\u00e9n una nueva perspectiva<\/li>\n<li class=\"c-column-module-feature__description h5\">Desde un men\u00fa de inicio renovado hasta nuevas formas de conectarte con tus contactos favoritos, noticias, juegos y contenido preferente: Windows 11 es el lugar para pensar, expresar y crear de forma natural.<\/li>\n<li class=\"c-column-module-feature__description h5\"><span style=\"color: #333333; font-size: 14.4px;\">Un procesador din\u00e1mico que se adapta a ti para ofrecerte un desempe\u00f1o superior para multitareas<\/span><\/li>\n<li class=\"c-column-module-feature__description h5\"><span style=\"font-size: 14.4px;\">Los procesadores Intel\u00ae Core\u2122 de 12.\u00aa generaci\u00f3n distribuyen el desempe\u00f1o donde m\u00e1s lo necesites. De este modo, ahorras tiempo y aumentas la capacidad para hacer lo que realmente quieres.<\/span><\/li>\n<li class=\"c-column-module-feature__description h5\"><span style=\"color: #333333; font-size: 14.4px;\">Gr\u00e1ficos Intel\u00ae UHD<\/span><\/li>\n<li class=\"c-column-module-feature__description h5\"><span style=\"font-size: 14.4px;\">Transmite contenido 4K de manera fluida y juega a tus juegos favoritos en 720p sin necesidad de una tarjeta gr\u00e1fica independiente. Con el excelente rendimiento de los gr\u00e1ficos Intel\u00ae UHD notar\u00e1s la diferencia en todo lo que hagas.<\/span><\/li>\n<li class=\"c-column-module-feature__description h5\"><span style=\"color: #333333; font-size: 14.4px;\">Sin oscilaciones<\/span><\/li>\n<li class=\"c-column-module-feature__description h5\"><span style=\"font-size: 14.4px;\">Con la tecnolog\u00eda de atenuaci\u00f3n DC Dimming la cual controla el brillo ajustando la corriente continua en lugar de ciclar la luz de fondo, podemos eliminar el parpadeo de la pantalla para una visualizaci\u00f3n m\u00e1s c\u00f3moda.<\/span><\/li>\n<\/ul>\n<\/div>\n<\/div>\n<\/div>\n<\/div>\n<\/div>\n<\/div>\n<\/div>\n<h2 class=\"element\">Especificaciones t\u00e9cnicas<\/h2>\n<div class=\"element\">\n<section id=\"tableSpec\">\n<table class=\"tableSpec\">\n<tbody>\n<tr>\n<td>Rendimiento<\/td>\n<td><\/td>\n<\/tr>\n<tr>\n<td>Sistema operativo<\/td>\n<td>Windows 11 Home Single Language<\/td>\n<\/tr>\n<tr>\n<td>Procesador<\/td>\n<td>Intel\u00ae Core\u2122 i3-1215U (hasta 4,4 GHz con tecnolog\u00eda Intel\u00ae Turbo Boost, 10 MB de cach\u00e9 L3, 6 n\u00facleos y 8 subprocesos)<\/td>\n<\/tr>\n<tr>\n<td>Memoria ram<\/td>\n<td>8 GB de RAM DDR4-3200 MHz (1 x 8 GB)<\/td>\n<\/tr>\n<tr>\n<td>Almacenamiento<\/td>\n<td>Unidad de estado s\u00f3lido PCIe\u00ae NVMe\u2122 M.2 de 256 GB<\/td>\n<\/tr>\n<tr>\n<td>Tarjeta gr\u00e1fica<\/td>\n<td>Integradas<\/td>\n<\/tr>\n<tr>\n<td>C\u00e1mara web<\/td>\n<td>C\u00e1mara HP True Vision 720p HD con reducci\u00f3n de ruido temporal y micr\u00f3fonos digitales de matriz dual integrados<\/td>\n<\/tr>\n<\/tbody>\n<\/table>\n<\/section>\n<\/div>\n<div class=\"element\">\n<section id=\"tableSpec\">\n<table class=\"tableSpec\">\n<tbody>\n<tr>\n<td>Pantalla<\/td>\n<td><\/td>\n<\/tr>\n<tr>\n<td>Tipo de pantalla<\/td>\n<td>Pantalla HD (1366 x 768), de 14&#8243; (35,6 cm) en diagonal, BrightView, con microbordes, 250 nits y 45 % de NTSC<\/td>\n<\/tr>\n<tr>\n<td>Pantalla touch<\/td>\n<td><\/td>\n<\/tr>\n<\/tbody>\n<\/table>\n<\/section>\n<\/div>\n<div class=\"element\">\n<section id=\"tableSpec\">\n<table class=\"tableSpec\">\n<tbody>\n<tr>\n<td>Dise\u00f1o<\/td>\n<td><\/td>\n<\/tr>\n<tr>\n<td>Color<\/td>\n<td>Plateado natural<\/td>\n<\/tr>\n<tr>\n<td>Peso<\/td>\n<td><\/td>\n<\/tr>\n<tr>\n<td>Dimensiones<\/td>\n<td><\/td>\n<\/tr>\n<\/tbody>\n<\/table>\n<\/section>\n<\/div>\n<div class=\"element\">\n<section id=\"tableSpec\">\n<table class=\"tableSpec\">\n<tbody>\n<tr>\n<td>Otros<\/td>\n<td><\/td>\n<\/tr>\n<tr>\n<td>Conectividad<\/td>\n<td>Combinaci\u00f3n de Realtek Wi-Fi\u00ae RTL8821CE-M 802.11a\/b\/g\/n\/ac (1&#215;1) y tarjeta inal\u00e1mbrica Bluetooth\u00ae 4.2<\/td>\n<\/tr>\n<tr>\n<td>Teclado<\/td>\n<td>Teclado de tama\u00f1o completo color plata natural<\/td>\n<\/tr>\n<\/tbody>\n<\/table>\n<\/section>\n<\/div>\n","protected":false},"excerpt":{"rendered":"<p>&#8211; Procesador Intel\u00ae Core\u2122 i3 de 12.\u00aa generaci\u00f3n<br \/>\n&#8211; Unidad de estado s\u00f3lido PCIe\u00ae NVMe\u2122 M.2 de 256 GB<br \/>\n&#8211; Pantalla 14&#8243;<br \/>\n&#8211; C\u00e1mara HD HP TrueVision de 720p Micr\u00f3fono incorporado<br \/>\n&#8211; 8GB Memoria RAM (1 x 4GB) 3200MHz<br \/>\n&#8211; Gr\u00e1ficos integrados Intel\u00ae UHD<br \/>\n&#8211; Wi-Fi 802.11a\/b\/g\/n\/ac (1&#215;1)<br \/>\n&#8211; Bluetooth 4.2<br \/>\n&#8211; 1 x Puerto USB-C\u00ae 5 Gb\/s<br \/>\n&#8211; 2 x Puertos USB 5 Gb\/s<br \/>\n&#8211; 1 x Puerto HDMI 1.4b<br \/>\n&#8211; 1 x Pin de CA inteligente<br \/>\n&#8211; 1 x Conexi\u00f3n 3.5mm Audio\/Micr\u00f3fono<br \/>\n&#8211; 1 x Lector de tarjeta SD multiformato<br \/>\n&#8211; Bater\u00eda Iones de litio de 3 celdas y 41 Wh<br \/>\n&#8211; Teclado Espa\u00f1ol<br \/>\n&#8211; Windows 11 Home Single Language<\/p>\n","protected":false},"featured_media":19069,"comment_status":"open","ping_status":"closed","template":"","meta":{"jetpack_publicize_message":"","jetpack_publicize_feature_enabled":true,"jetpack_social_post_already_shared":true,"jetpack_social_options":{"image_generator_settings":{"template":"highway","default_image_id":0,"font":"","enabled":false},"version":2}},"pwb-brand":[121],"product_brand":[],"product_cat":[167],"product_tag":[],"class_list":{"0":"post-19008","1":"product","2":"type-product","3":"status-publish","4":"has-post-thumbnail","6":"pwb-brand-hp","7":"product_cat-laptop","9":"first","10":"instock","11":"taxable","12":"shipping-taxable","13":"purchasable","14":"product-type-simple"},"yoast_head":"<!-- This site is optimized with the Yoast SEO Premium plugin v25.7.1 (Yoast SEO v26.8) - https:\/\/yoast.com\/product\/yoast-seo-premium-wordpress\/ -->\n<title>Laptop Notebook 14&quot; Intel i3-1215U 8GB RAM 256GB SSD dq5009la HP - Mivoot<\/title>\n<meta name=\"robots\" content=\"index, follow, max-snippet:-1, max-image-preview:large, max-video-preview:-1\" \/>\n<link rel=\"canonical\" href=\"https:\/\/mivoot.com\/gt\/producto\/laptop-laptop-14-14-dq5009la-hp\/\" \/>\n<meta property=\"og:locale\" content=\"es_ES\" \/>\n<meta property=\"og:type\" content=\"article\" \/>\n<meta property=\"og:title\" content=\"Laptop Notebook 14&quot; Intel i3-1215U 8GB RAM 256GB SSD dq5009la HP\" \/>\n<meta property=\"og:description\" content=\"- Procesador Intel\u00ae Core\u2122 i3 de 12.\u00aa generaci\u00f3n - Unidad de estado s\u00f3lido PCIe\u00ae NVMe\u2122 M.2 de 256 GB - Pantalla 14&quot; - C\u00e1mara HD HP TrueVision de 720p Micr\u00f3fono incorporado - 8GB Memoria RAM (1 x 4GB) 3200MHz - Gr\u00e1ficos integrados Intel\u00ae UHD - Wi-Fi 802.11a\/b\/g\/n\/ac (1x1) - Bluetooth 4.2 - 1 x Puerto USB-C\u00ae 5 Gb\/s - 2 x Puertos USB 5 Gb\/s - 1 x Puerto HDMI 1.4b - 1 x Pin de CA inteligente - 1 x Conexi\u00f3n 3.5mm Audio\/Micr\u00f3fono - 1 x Lector de tarjeta SD multiformato - Bater\u00eda Iones de litio de 3 celdas y 41 Wh - Teclado Espa\u00f1ol - Windows 11 Home Single Language\" \/>\n<meta property=\"og:url\" content=\"https:\/\/mivoot.com\/gt\/producto\/laptop-laptop-14-14-dq5009la-hp\/\" \/>\n<meta property=\"og:site_name\" content=\"Mivoot\" \/>\n<meta property=\"article:publisher\" content=\"https:\/\/www.facebook.com\/mivootgt\" \/>\n<meta property=\"article:modified_time\" content=\"2024-05-04T20:02:03+00:00\" \/>\n<meta property=\"og:image\" content=\"https:\/\/mivoot.com\/gt\/wp-content\/uploads\/2024\/05\/14-dq5009la-00.jpg\" \/>\n\t<meta property=\"og:image:width\" content=\"800\" \/>\n\t<meta property=\"og:image:height\" content=\"800\" \/>\n\t<meta property=\"og:image:type\" content=\"image\/jpeg\" \/>\n<meta name=\"twitter:card\" content=\"summary_large_image\" \/>\n<meta name=\"twitter:label1\" content=\"Est. reading time\" \/>\n\t<meta name=\"twitter:data1\" content=\"3 minutos\" \/>\n<script type=\"application\/ld+json\" class=\"yoast-schema-graph\">{\"@context\":\"https:\/\/schema.org\",\"@graph\":[{\"@type\":\"WebPage\",\"@id\":\"https:\/\/mivoot.com\/gt\/producto\/laptop-laptop-14-14-dq5009la-hp\/\",\"url\":\"https:\/\/mivoot.com\/gt\/producto\/laptop-laptop-14-14-dq5009la-hp\/\",\"name\":\"Laptop Notebook 14\\\" Intel i3-1215U 8GB RAM 256GB SSD dq5009la HP - Mivoot\",\"isPartOf\":{\"@id\":\"https:\/\/mivoot.com\/gt\/#website\"},\"primaryImageOfPage\":{\"@id\":\"https:\/\/mivoot.com\/gt\/producto\/laptop-laptop-14-14-dq5009la-hp\/#primaryimage\"},\"image\":{\"@id\":\"https:\/\/mivoot.com\/gt\/producto\/laptop-laptop-14-14-dq5009la-hp\/#primaryimage\"},\"thumbnailUrl\":\"https:\/\/mivoot.com\/gt\/wp-content\/uploads\/2024\/05\/14-dq5009la-00.jpg\",\"datePublished\":\"2024-05-04T18:37:45+00:00\",\"dateModified\":\"2024-05-04T20:02:03+00:00\",\"breadcrumb\":{\"@id\":\"https:\/\/mivoot.com\/gt\/producto\/laptop-laptop-14-14-dq5009la-hp\/#breadcrumb\"},\"inLanguage\":\"es\",\"potentialAction\":[{\"@type\":\"ReadAction\",\"target\":[\"https:\/\/mivoot.com\/gt\/producto\/laptop-laptop-14-14-dq5009la-hp\/\"]}]},{\"@type\":\"ImageObject\",\"inLanguage\":\"es\",\"@id\":\"https:\/\/mivoot.com\/gt\/producto\/laptop-laptop-14-14-dq5009la-hp\/#primaryimage\",\"url\":\"https:\/\/mivoot.com\/gt\/wp-content\/uploads\/2024\/05\/14-dq5009la-00.jpg\",\"contentUrl\":\"https:\/\/mivoot.com\/gt\/wp-content\/uploads\/2024\/05\/14-dq5009la-00.jpg\",\"width\":800,\"height\":800},{\"@type\":\"BreadcrumbList\",\"@id\":\"https:\/\/mivoot.com\/gt\/producto\/laptop-laptop-14-14-dq5009la-hp\/#breadcrumb\",\"itemListElement\":[{\"@type\":\"ListItem\",\"position\":1,\"name\":\"Inicio\",\"item\":\"https:\/\/mivoot.com\/gt\/\"},{\"@type\":\"ListItem\",\"position\":2,\"name\":\"Productos\",\"item\":\"https:\/\/mivoot.com\/gt\/producto\/\"},{\"@type\":\"ListItem\",\"position\":3,\"name\":\"HP\",\"item\":\"https:\/\/mivoot.com\/gt\/marca\/hp\/\"},{\"@type\":\"ListItem\",\"position\":4,\"name\":\"Laptop Notebook 14&#8243; Intel i3-1215U 8GB RAM 256GB SSD dq5009la HP\"}]},{\"@type\":\"WebSite\",\"@id\":\"https:\/\/mivoot.com\/gt\/#website\",\"url\":\"https:\/\/mivoot.com\/gt\/\",\"name\":\"Mivoot\",\"description\":\"Mivoot Guatemala | Tienda Online\",\"publisher\":{\"@id\":\"https:\/\/mivoot.com\/gt\/#organization\"},\"alternateName\":\"mivoot\",\"potentialAction\":[{\"@type\":\"SearchAction\",\"target\":{\"@type\":\"EntryPoint\",\"urlTemplate\":\"https:\/\/mivoot.com\/gt\/?s={search_term_string}\"},\"query-input\":{\"@type\":\"PropertyValueSpecification\",\"valueRequired\":true,\"valueName\":\"search_term_string\"}}],\"inLanguage\":\"es\"},{\"@type\":\"Organization\",\"@id\":\"https:\/\/mivoot.com\/gt\/#organization\",\"name\":\"Mivoot Guatemala\",\"alternateName\":\"mivoot.com\",\"url\":\"https:\/\/mivoot.com\/gt\/\",\"logo\":{\"@type\":\"ImageObject\",\"inLanguage\":\"es\",\"@id\":\"https:\/\/mivoot.com\/gt\/#\/schema\/logo\/image\/\",\"url\":\"https:\/\/mivoot.com\/gt\/wp-content\/uploads\/2023\/03\/cropped-icon.png\",\"contentUrl\":\"https:\/\/mivoot.com\/gt\/wp-content\/uploads\/2023\/03\/cropped-icon.png\",\"width\":512,\"height\":512,\"caption\":\"Mivoot Guatemala\"},\"image\":{\"@id\":\"https:\/\/mivoot.com\/gt\/#\/schema\/logo\/image\/\"},\"sameAs\":[\"https:\/\/www.facebook.com\/mivootgt\",\"https:\/\/instagram.com\/mivoot\"]}]}<\/script>\n<!-- \/ Yoast SEO Premium plugin. -->","yoast_head_json":{"title":"Laptop Notebook 14\" Intel i3-1215U 8GB RAM 256GB SSD dq5009la HP - Mivoot","robots":{"index":"index","follow":"follow","max-snippet":"max-snippet:-1","max-image-preview":"max-image-preview:large","max-video-preview":"max-video-preview:-1"},"canonical":"https:\/\/mivoot.com\/gt\/producto\/laptop-laptop-14-14-dq5009la-hp\/","og_locale":"es_ES","og_type":"article","og_title":"Laptop Notebook 14\" Intel i3-1215U 8GB RAM 256GB SSD dq5009la HP","og_description":"- Procesador Intel\u00ae Core\u2122 i3 de 12.\u00aa generaci\u00f3n - Unidad de estado s\u00f3lido PCIe\u00ae NVMe\u2122 M.2 de 256 GB - Pantalla 14\" - C\u00e1mara HD HP TrueVision de 720p Micr\u00f3fono incorporado - 8GB Memoria RAM (1 x 4GB) 3200MHz - Gr\u00e1ficos integrados Intel\u00ae UHD - Wi-Fi 802.11a\/b\/g\/n\/ac (1x1) - Bluetooth 4.2 - 1 x Puerto USB-C\u00ae 5 Gb\/s - 2 x Puertos USB 5 Gb\/s - 1 x Puerto HDMI 1.4b - 1 x Pin de CA inteligente - 1 x Conexi\u00f3n 3.5mm Audio\/Micr\u00f3fono - 1 x Lector de tarjeta SD multiformato - Bater\u00eda Iones de litio de 3 celdas y 41 Wh - Teclado Espa\u00f1ol - Windows 11 Home Single Language","og_url":"https:\/\/mivoot.com\/gt\/producto\/laptop-laptop-14-14-dq5009la-hp\/","og_site_name":"Mivoot","article_publisher":"https:\/\/www.facebook.com\/mivootgt","article_modified_time":"2024-05-04T20:02:03+00:00","og_image":[{"width":800,"height":800,"url":"https:\/\/mivoot.com\/gt\/wp-content\/uploads\/2024\/05\/14-dq5009la-00.jpg","type":"image\/jpeg"}],"twitter_card":"summary_large_image","twitter_misc":{"Est. reading time":"3 minutos"},"schema":{"@context":"https:\/\/schema.org","@graph":[{"@type":"WebPage","@id":"https:\/\/mivoot.com\/gt\/producto\/laptop-laptop-14-14-dq5009la-hp\/","url":"https:\/\/mivoot.com\/gt\/producto\/laptop-laptop-14-14-dq5009la-hp\/","name":"Laptop Notebook 14\" Intel i3-1215U 8GB RAM 256GB SSD dq5009la HP - Mivoot","isPartOf":{"@id":"https:\/\/mivoot.com\/gt\/#website"},"primaryImageOfPage":{"@id":"https:\/\/mivoot.com\/gt\/producto\/laptop-laptop-14-14-dq5009la-hp\/#primaryimage"},"image":{"@id":"https:\/\/mivoot.com\/gt\/producto\/laptop-laptop-14-14-dq5009la-hp\/#primaryimage"},"thumbnailUrl":"https:\/\/mivoot.com\/gt\/wp-content\/uploads\/2024\/05\/14-dq5009la-00.jpg","datePublished":"2024-05-04T18:37:45+00:00","dateModified":"2024-05-04T20:02:03+00:00","breadcrumb":{"@id":"https:\/\/mivoot.com\/gt\/producto\/laptop-laptop-14-14-dq5009la-hp\/#breadcrumb"},"inLanguage":"es","potentialAction":[{"@type":"ReadAction","target":["https:\/\/mivoot.com\/gt\/producto\/laptop-laptop-14-14-dq5009la-hp\/"]}]},{"@type":"ImageObject","inLanguage":"es","@id":"https:\/\/mivoot.com\/gt\/producto\/laptop-laptop-14-14-dq5009la-hp\/#primaryimage","url":"https:\/\/mivoot.com\/gt\/wp-content\/uploads\/2024\/05\/14-dq5009la-00.jpg","contentUrl":"https:\/\/mivoot.com\/gt\/wp-content\/uploads\/2024\/05\/14-dq5009la-00.jpg","width":800,"height":800},{"@type":"BreadcrumbList","@id":"https:\/\/mivoot.com\/gt\/producto\/laptop-laptop-14-14-dq5009la-hp\/#breadcrumb","itemListElement":[{"@type":"ListItem","position":1,"name":"Inicio","item":"https:\/\/mivoot.com\/gt\/"},{"@type":"ListItem","position":2,"name":"Productos","item":"https:\/\/mivoot.com\/gt\/producto\/"},{"@type":"ListItem","position":3,"name":"HP","item":"https:\/\/mivoot.com\/gt\/marca\/hp\/"},{"@type":"ListItem","position":4,"name":"Laptop Notebook 14&#8243; Intel i3-1215U 8GB RAM 256GB SSD dq5009la HP"}]},{"@type":"WebSite","@id":"https:\/\/mivoot.com\/gt\/#website","url":"https:\/\/mivoot.com\/gt\/","name":"Mivoot","description":"Mivoot Guatemala | Tienda Online","publisher":{"@id":"https:\/\/mivoot.com\/gt\/#organization"},"alternateName":"mivoot","potentialAction":[{"@type":"SearchAction","target":{"@type":"EntryPoint","urlTemplate":"https:\/\/mivoot.com\/gt\/?s={search_term_string}"},"query-input":{"@type":"PropertyValueSpecification","valueRequired":true,"valueName":"search_term_string"}}],"inLanguage":"es"},{"@type":"Organization","@id":"https:\/\/mivoot.com\/gt\/#organization","name":"Mivoot Guatemala","alternateName":"mivoot.com","url":"https:\/\/mivoot.com\/gt\/","logo":{"@type":"ImageObject","inLanguage":"es","@id":"https:\/\/mivoot.com\/gt\/#\/schema\/logo\/image\/","url":"https:\/\/mivoot.com\/gt\/wp-content\/uploads\/2023\/03\/cropped-icon.png","contentUrl":"https:\/\/mivoot.com\/gt\/wp-content\/uploads\/2023\/03\/cropped-icon.png","width":512,"height":512,"caption":"Mivoot Guatemala"},"image":{"@id":"https:\/\/mivoot.com\/gt\/#\/schema\/logo\/image\/"},"sameAs":["https:\/\/www.facebook.com\/mivootgt","https:\/\/instagram.com\/mivoot"]}]}},"jetpack_publicize_connections":[],"jetpack_sharing_enabled":true,"brands":[{"id":121,"name":"HP","slug":"hp"}],"_links":{"self":[{"href":"https:\/\/mivoot.com\/gt\/wp-json\/wp\/v2\/product\/19008","targetHints":{"allow":["GET"]}}],"collection":[{"href":"https:\/\/mivoot.com\/gt\/wp-json\/wp\/v2\/product"}],"about":[{"href":"https:\/\/mivoot.com\/gt\/wp-json\/wp\/v2\/types\/product"}],"replies":[{"embeddable":true,"href":"https:\/\/mivoot.com\/gt\/wp-json\/wp\/v2\/comments?post=19008"}],"version-history":[{"count":6,"href":"https:\/\/mivoot.com\/gt\/wp-json\/wp\/v2\/product\/19008\/revisions"}],"predecessor-version":[{"id":19071,"href":"https:\/\/mivoot.com\/gt\/wp-json\/wp\/v2\/product\/19008\/revisions\/19071"}],"wp:featuredmedia":[{"embeddable":true,"href":"https:\/\/mivoot.com\/gt\/wp-json\/wp\/v2\/media\/19069"}],"wp:attachment":[{"href":"https:\/\/mivoot.com\/gt\/wp-json\/wp\/v2\/media?parent=19008"}],"wp:term":[{"taxonomy":"pwb-brand","embeddable":true,"href":"https:\/\/mivoot.com\/gt\/wp-json\/wp\/v2\/pwb-brand?post=19008"},{"taxonomy":"product_brand","embeddable":true,"href":"https:\/\/mivoot.com\/gt\/wp-json\/wp\/v2\/product_brand?post=19008"},{"taxonomy":"product_cat","embeddable":true,"href":"https:\/\/mivoot.com\/gt\/wp-json\/wp\/v2\/product_cat?post=19008"},{"taxonomy":"product_tag","embeddable":true,"href":"https:\/\/mivoot.com\/gt\/wp-json\/wp\/v2\/product_tag?post=19008"}],"curies":[{"name":"wp","href":"https:\/\/api.w.org\/{rel}","templated":true}]}}