{"id":19100,"date":"2024-05-07T20:00:04","date_gmt":"2024-05-08T02:00:04","guid":{"rendered":"https:\/\/mivoot.com\/gt\/?post_type=product&#038;p=19100"},"modified":"2024-05-08T14:11:36","modified_gmt":"2024-05-08T20:11:36","slug":"ventilador-industrial-bluedri-lasko","status":"publish","type":"product","link":"https:\/\/mivoot.com\/gt\/producto\/ventilador-industrial-bluedri-lasko\/","title":{"rendered":"Ventilador Industrial BlueDri Lasko"},"content":{"rendered":"<div class=\"celwidget aplus-module module-7 aplus-standard\" data-csa-c-id=\"s47b34-gq3gz9-refref-bi3h1t\" data-cel-widget=\"aplus-module-7\">\n<div class=\"aplus-module-wrapper apm-fixed-width\">\n<div class=\"apm-spacing apm-wrap\">\n<div class=\"apm-floatleft apm-wrap\">\n<div class=\"apm-centerthirdcol\">\n<h1 class=\"a-spacing-mini\" style=\"text-align: center;\"><span>BlueDri by Lasko Ventilador port\u00e1til de 1\/8 HP Mini multiusos para el hogar, secado de alfombras y pisos, negro, BD-VP-15-BK<\/span><\/h1>\n<p class=\"a-spacing-base\"><span>El Mini Air Mover BD-VP-15-BK BlueDri tiene 2 velocidades, 3 \u00e1ngulos de secado y un potente motor de 1\/8 HP. El amperaje m\u00e1ximo de 1,3 amperios en potencia alta, combinado con su peque\u00f1o tama\u00f1o, hace de este transportador de aire un verdadero compa\u00f1ero de secado. Ideal para secado, ventilaci\u00f3n, circulaci\u00f3n de aire y secado de zonas de dif\u00edcil acceso.<\/span><\/p>\n<p>Cuando necesitas que tu ambiente est\u00e9 fresco por un tiempo prolongado el ventilador BlueDri es la mejor opci\u00f3n, su modelo tipo generador de aire profesional con manija superior para transportarlo f\u00e1cilmente permite que cualquier habitaci\u00f3n enfr\u00ede r\u00e1pidamente y es ideal para grandes \u00e1reas. Su turbina de salida inferior dirige el aire donde m\u00e1s se necesita. Cuenta con 2 velocidades de alta potencia.<\/p>\n<ul>\n<li>Viene con cable de 3 metros que facilita la conexi\u00f3n a la toma de corriente m\u00e1s cercana.<\/li>\n<li>Es perfecto para espacios de trabajo, garajes, s\u00f3tanos y mucho m\u00e1s.<\/li>\n<li>Las dimensiones son 28, 5 cm x 24 cm x 32,5 cm.<\/li>\n<li>Tiene un peso de 3,8 kilos.<\/li>\n<\/ul>\n<\/div>\n<\/div>\n<\/div>\n<\/div>\n<div><\/div>\n<\/div>\n<div class=\"celwidget aplus-module module-9 aplus-standard\" data-csa-c-id=\"2lg22i-j3qv2-uj2ofm-wq1c5n\" data-cel-widget=\"aplus-module-9\">\n<div class=\"aplus-module-wrapper apm-fixed-width\">\n<div class=\"apm-spacing apm-fixed-width\">\n<table class=\"apm-fixed-width apm-eventhirdcol-table\">\n<tbody>\n<tr>\n<th class=\"apm-center\">\n<div class=\"apm-eventhirdcol apm-floatleft\">\n<p><img decoding=\"async\" class=\"a-spacing-mini\" src=\"https:\/\/m.media-amazon.com\/images\/S\/aplus-media\/vc\/5e4d6630-6dcd-4100-8575-53df30419351.__CR0,0,300,300_PT0_SX300_V1___.png\" alt=\"imagen\" data-src=\"https:\/\/m.media-amazon.com\/images\/S\/aplus-media\/vc\/5e4d6630-6dcd-4100-8575-53df30419351.__CR0,0,300,300_PT0_SX300_V1___.png\" \/><\/p>\n<\/div>\n<\/th>\n<th class=\"apm-center\">\n<div class=\"apm-eventhirdcol apm-floatleft\">\n<p><img decoding=\"async\" class=\"a-spacing-mini\" src=\"https:\/\/m.media-amazon.com\/images\/S\/aplus-media\/vc\/ea854c2a-52ba-4b9c-9400-4252450e3ddb.__CR0,0,300,300_PT0_SX300_V1___.png\" alt=\"imagen\" data-src=\"https:\/\/m.media-amazon.com\/images\/S\/aplus-media\/vc\/ea854c2a-52ba-4b9c-9400-4252450e3ddb.__CR0,0,300,300_PT0_SX300_V1___.png\" \/><\/p>\n<\/div>\n<\/th>\n<th class=\"apm-center\">\n<div class=\"apm-eventhirdcol apm-floatleft\">\n<p><img decoding=\"async\" class=\"a-spacing-mini\" src=\"https:\/\/m.media-amazon.com\/images\/S\/aplus-media\/vc\/ce3e4e9a-0293-431b-9a44-4c2001ef6a05.__CR0,0,300,300_PT0_SX300_V1___.png\" alt=\"imagen\" data-src=\"https:\/\/m.media-amazon.com\/images\/S\/aplus-media\/vc\/ce3e4e9a-0293-431b-9a44-4c2001ef6a05.__CR0,0,300,300_PT0_SX300_V1___.png\" \/><\/p>\n<\/div>\n<\/th>\n<\/tr>\n<tr>\n<td class=\"apm-top\">\n<div class=\"apm-eventhirdcol apm-floatleft\">\n<h4 class=\"a-spacing-mini\"><span>2 velocidades potentes<\/span><\/h4>\n<p><span>Con 2 potentes velocidades y 3 \u00e1ngulos, este motor de aire le ofrece muchas opciones. El ventilador de piso tiene 3 \u00e1ngulos de funcionamiento que le permiten soplar aire por el suelo en \u00e1ngulos de 0, 45 y 90 grados. Perfecto para el hogar, el garaje o una tienda.<\/span><\/p>\n<\/div>\n<\/td>\n<td class=\"apm-top\">\n<div class=\"apm-eventhirdcol apm-floatleft\">\n<h4 class=\"a-spacing-mini\"><span>Construcci\u00f3n duradera<\/span><\/h4>\n<p><span>Este ventilador de piso est\u00e1 dise\u00f1ado para durar. Cuenta con una carcasa rotomoldeada resistente a impactos para que pueda soportar trabajos dif\u00edciles.<\/span><\/p>\n<\/div>\n<\/td>\n<td class=\"apm-top\">\n<div class=\"apm-eventhirdcol apm-floatleft\">\n<h4 class=\"a-spacing-mini\"><span>Compacto y port\u00e1til<\/span><\/h4>\n<p><span>Este motor de aire de BlueDri presenta un dise\u00f1o compacto por lo que cabe en espacios peque\u00f1os. Es liviano, lo que lo hace f\u00e1cilmente port\u00e1til y conveniente para moverlo de una habitaci\u00f3n a otra para realizar el trabajo.<\/span><\/p>\n<\/div>\n<\/td>\n<\/tr>\n<\/tbody>\n<\/table>\n<\/div>\n<\/div>\n<div><\/div>\n<\/div>\n<div class=\"celwidget aplus-module module-9 aplus-standard\" data-csa-c-id=\"crgxv0-nz75ss-liyp9p-9dczv1\" data-cel-widget=\"aplus-module-9\">\n<div class=\"aplus-module-wrapper apm-fixed-width\">\n<div class=\"apm-spacing apm-fixed-width\">\n<table class=\"apm-fixed-width apm-eventhirdcol-table\">\n<tbody>\n<tr>\n<th class=\"apm-center\">\n<div class=\"apm-eventhirdcol apm-floatleft\">\n<p><img decoding=\"async\" class=\"a-spacing-mini\" src=\"https:\/\/m.media-amazon.com\/images\/S\/aplus-media\/vc\/2f58f3d2-b3c1-425d-8286-99cf19159a29.__CR0,0,300,300_PT0_SX300_V1___.png\" alt=\"imagen\" data-src=\"https:\/\/m.media-amazon.com\/images\/S\/aplus-media\/vc\/2f58f3d2-b3c1-425d-8286-99cf19159a29.__CR0,0,300,300_PT0_SX300_V1___.png\" \/><\/p>\n<\/div>\n<\/th>\n<th class=\"apm-center\">\n<div class=\"apm-eventhirdcol apm-floatleft\">\n<p><img decoding=\"async\" class=\"a-spacing-mini\" src=\"https:\/\/m.media-amazon.com\/images\/S\/aplus-media\/vc\/9082e7b6-5960-485e-87c4-55d54b14e7d5.__CR0,0,300,300_PT0_SX300_V1___.png\" alt=\"imagen\" data-src=\"https:\/\/m.media-amazon.com\/images\/S\/aplus-media\/vc\/9082e7b6-5960-485e-87c4-55d54b14e7d5.__CR0,0,300,300_PT0_SX300_V1___.png\" \/><\/p>\n<\/div>\n<\/th>\n<th class=\"apm-center\">\n<div class=\"apm-eventhirdcol apm-floatleft\">\n<p><img decoding=\"async\" class=\"a-spacing-mini\" src=\"https:\/\/m.media-amazon.com\/images\/S\/aplus-media\/vc\/59dd20f6-f6fa-4cd8-b0a5-856db252b2c9.__CR0,0,300,300_PT0_SX300_V1___.png\" alt=\"imagen\" data-src=\"https:\/\/m.media-amazon.com\/images\/S\/aplus-media\/vc\/59dd20f6-f6fa-4cd8-b0a5-856db252b2c9.__CR0,0,300,300_PT0_SX300_V1___.png\" \/><\/p>\n<\/div>\n<\/th>\n<\/tr>\n<tr>\n<td class=\"apm-top\">\n<div class=\"apm-eventhirdcol apm-floatleft\">\n<h4 class=\"a-spacing-mini\"><span>Asa de transporte incorporada<\/span><\/h4>\n<p><span>Este ventilador incluye un asa de transporte para un c\u00f3modo movimiento entre ubicaciones. El mango equilibrado tambi\u00e9n act\u00faa como un conjunto \u00f3ptimo para enrollar el cable, liberando el BD-VP-15-BK de obstrucciones.<\/span><\/p>\n<\/div>\n<\/td>\n<td class=\"apm-top\">\n<div class=\"apm-eventhirdcol apm-floatleft\">\n<h4 class=\"a-spacing-mini\"><span>Motor de 1\/8 caballos de fuerza<\/span><\/h4>\n<p><span>Este ventilador de piso de alta velocidad tiene un potente flujo de aire de 1\/3 HP. Contiene un consumo bajo de 1,3 amperios a la velocidad m\u00e1s alta. El CFM en altura es 600.<\/span><\/p>\n<\/div>\n<\/td>\n<td class=\"apm-top\">\n<div class=\"apm-eventhirdcol apm-floatleft\">\n<h4 class=\"a-spacing-mini\"><span>Cable de alimentaci\u00f3n de 6 pies<\/span><\/h4>\n<p><span>Este ventilador de piso cuenta con un cable de alimentaci\u00f3n de 6 pies con un enchufe a tierra de 18 AWG. El motor de aire est\u00e1 listado por ETL por motivos de seguridad.<\/span><\/p>\n<\/div>\n<\/td>\n<\/tr>\n<\/tbody>\n<\/table>\n<\/div>\n<\/div>\n<\/div>\n","protected":false},"excerpt":{"rendered":"<p>&#8211; Potente motor de 1\/8 HP<br \/>\n&#8211; 2 velocidades<br \/>\n&#8211; 3 \u00e1ngulos de giro<br \/>\n&#8211; Capacidad de flujo de aire 600 pies c\u00fabicos por minuto<br \/>\n&#8211; Color Negro<br \/>\n&#8211; Dise\u00f1o de ventilador el\u00e9ctrico y Soplador portatil<br \/>\n&#8211; Dimensiones del producto 11,4&#8243; de profundidad x 9,7&#8243; de ancho x 12,7&#8243; de alto<br \/>\n&#8211; Dimensiones CM 28, 95 cm x 24.64 cm x 32,5 cm.<br \/>\n&#8211; Peso de 3,8 kilos \/ 8,4 libras<br \/>\n&#8211; Tipo de habitaci\u00f3n Garaje, s\u00f3tano, taller, hogar.<br \/>\n&#8211; Potencia 150 vatios<br \/>\n&#8211; Voltaje 120 voltios<br \/>\n&#8211; Tipo de interruptor Controles manuales<br \/>\n&#8211; Uso interior\/exterior\tInterior<\/p>\n","protected":false},"featured_media":19108,"comment_status":"open","ping_status":"closed","template":"","meta":{"jetpack_publicize_message":"","jetpack_publicize_feature_enabled":true,"jetpack_social_post_already_shared":true,"jetpack_social_options":{"image_generator_settings":{"template":"highway","default_image_id":0,"font":"","enabled":false},"version":2}},"pwb-brand":[293],"product_brand":[],"product_cat":[289],"product_tag":[],"class_list":{"0":"post-19100","1":"product","2":"type-product","3":"status-publish","4":"has-post-thumbnail","6":"pwb-brand-lasko","7":"product_cat-ventiladores-2","9":"first","10":"instock","11":"sale","12":"taxable","13":"shipping-taxable","14":"purchasable","15":"product-type-simple"},"yoast_head":"<!-- This site is optimized with the Yoast SEO Premium plugin v25.7.1 (Yoast SEO v26.8) - https:\/\/yoast.com\/product\/yoast-seo-premium-wordpress\/ -->\n<title>Ventilador Industrial BlueDri Lasko - Mivoot<\/title>\n<meta name=\"robots\" content=\"index, follow, max-snippet:-1, max-image-preview:large, max-video-preview:-1\" \/>\n<link rel=\"canonical\" href=\"https:\/\/mivoot.com\/gt\/producto\/ventilador-industrial-bluedri-lasko\/\" \/>\n<meta property=\"og:locale\" content=\"es_ES\" \/>\n<meta property=\"og:type\" content=\"article\" \/>\n<meta property=\"og:title\" content=\"Ventilador Industrial BlueDri Lasko\" \/>\n<meta property=\"og:description\" content=\"- Potente motor de 1\/8 HP - 2 velocidades - 3 \u00e1ngulos de giro - Capacidad de flujo de aire 600 pies c\u00fabicos por minuto - Color Negro - Dise\u00f1o de ventilador el\u00e9ctrico y Soplador portatil - Dimensiones del producto 11,4&quot; de profundidad x 9,7&quot; de ancho x 12,7&quot; de alto  - Dimensiones CM 28, 95 cm x 24.64 cm x 32,5 cm. - Peso de 3,8 kilos \/ 8,4 libras - Tipo de habitaci\u00f3n Garaje, s\u00f3tano, taller, hogar. - Potencia 150 vatios - Voltaje 120 voltios - Tipo de interruptor Controles manuales - Uso interior\/exterior Interior\" \/>\n<meta property=\"og:url\" content=\"https:\/\/mivoot.com\/gt\/producto\/ventilador-industrial-bluedri-lasko\/\" \/>\n<meta property=\"og:site_name\" content=\"Mivoot\" \/>\n<meta property=\"article:publisher\" content=\"https:\/\/www.facebook.com\/mivootgt\" \/>\n<meta property=\"article:modified_time\" content=\"2024-05-08T20:11:36+00:00\" \/>\n<meta property=\"og:image\" content=\"https:\/\/mivoot.com\/gt\/wp-content\/uploads\/2024\/05\/fanbluedrie03.jpg\" \/>\n\t<meta property=\"og:image:width\" content=\"500\" \/>\n\t<meta property=\"og:image:height\" content=\"500\" \/>\n\t<meta property=\"og:image:type\" content=\"image\/jpeg\" \/>\n<meta name=\"twitter:card\" content=\"summary_large_image\" \/>\n<meta name=\"twitter:label1\" content=\"Est. reading time\" \/>\n\t<meta name=\"twitter:data1\" content=\"4 minutos\" \/>\n<script type=\"application\/ld+json\" class=\"yoast-schema-graph\">{\"@context\":\"https:\/\/schema.org\",\"@graph\":[{\"@type\":\"WebPage\",\"@id\":\"https:\/\/mivoot.com\/gt\/producto\/ventilador-industrial-bluedri-lasko\/\",\"url\":\"https:\/\/mivoot.com\/gt\/producto\/ventilador-industrial-bluedri-lasko\/\",\"name\":\"Ventilador Industrial BlueDri Lasko - Mivoot\",\"isPartOf\":{\"@id\":\"https:\/\/mivoot.com\/gt\/#website\"},\"primaryImageOfPage\":{\"@id\":\"https:\/\/mivoot.com\/gt\/producto\/ventilador-industrial-bluedri-lasko\/#primaryimage\"},\"image\":{\"@id\":\"https:\/\/mivoot.com\/gt\/producto\/ventilador-industrial-bluedri-lasko\/#primaryimage\"},\"thumbnailUrl\":\"https:\/\/mivoot.com\/gt\/wp-content\/uploads\/2024\/05\/fanbluedrie03.jpg\",\"datePublished\":\"2024-05-08T02:00:04+00:00\",\"dateModified\":\"2024-05-08T20:11:36+00:00\",\"breadcrumb\":{\"@id\":\"https:\/\/mivoot.com\/gt\/producto\/ventilador-industrial-bluedri-lasko\/#breadcrumb\"},\"inLanguage\":\"es\",\"potentialAction\":[{\"@type\":\"ReadAction\",\"target\":[\"https:\/\/mivoot.com\/gt\/producto\/ventilador-industrial-bluedri-lasko\/\"]}]},{\"@type\":\"ImageObject\",\"inLanguage\":\"es\",\"@id\":\"https:\/\/mivoot.com\/gt\/producto\/ventilador-industrial-bluedri-lasko\/#primaryimage\",\"url\":\"https:\/\/mivoot.com\/gt\/wp-content\/uploads\/2024\/05\/fanbluedrie03.jpg\",\"contentUrl\":\"https:\/\/mivoot.com\/gt\/wp-content\/uploads\/2024\/05\/fanbluedrie03.jpg\",\"width\":500,\"height\":500},{\"@type\":\"BreadcrumbList\",\"@id\":\"https:\/\/mivoot.com\/gt\/producto\/ventilador-industrial-bluedri-lasko\/#breadcrumb\",\"itemListElement\":[{\"@type\":\"ListItem\",\"position\":1,\"name\":\"Inicio\",\"item\":\"https:\/\/mivoot.com\/gt\/\"},{\"@type\":\"ListItem\",\"position\":2,\"name\":\"Productos\",\"item\":\"https:\/\/mivoot.com\/gt\/producto\/\"},{\"@type\":\"ListItem\",\"position\":3,\"name\":\"Lasko\",\"item\":\"https:\/\/mivoot.com\/gt\/marca\/lasko\/\"},{\"@type\":\"ListItem\",\"position\":4,\"name\":\"Ventilador Industrial BlueDri Lasko\"}]},{\"@type\":\"WebSite\",\"@id\":\"https:\/\/mivoot.com\/gt\/#website\",\"url\":\"https:\/\/mivoot.com\/gt\/\",\"name\":\"Mivoot\",\"description\":\"Mivoot Guatemala | Tienda Online\",\"publisher\":{\"@id\":\"https:\/\/mivoot.com\/gt\/#organization\"},\"alternateName\":\"mivoot\",\"potentialAction\":[{\"@type\":\"SearchAction\",\"target\":{\"@type\":\"EntryPoint\",\"urlTemplate\":\"https:\/\/mivoot.com\/gt\/?s={search_term_string}\"},\"query-input\":{\"@type\":\"PropertyValueSpecification\",\"valueRequired\":true,\"valueName\":\"search_term_string\"}}],\"inLanguage\":\"es\"},{\"@type\":\"Organization\",\"@id\":\"https:\/\/mivoot.com\/gt\/#organization\",\"name\":\"Mivoot Guatemala\",\"alternateName\":\"mivoot.com\",\"url\":\"https:\/\/mivoot.com\/gt\/\",\"logo\":{\"@type\":\"ImageObject\",\"inLanguage\":\"es\",\"@id\":\"https:\/\/mivoot.com\/gt\/#\/schema\/logo\/image\/\",\"url\":\"https:\/\/mivoot.com\/gt\/wp-content\/uploads\/2023\/03\/cropped-icon.png\",\"contentUrl\":\"https:\/\/mivoot.com\/gt\/wp-content\/uploads\/2023\/03\/cropped-icon.png\",\"width\":512,\"height\":512,\"caption\":\"Mivoot Guatemala\"},\"image\":{\"@id\":\"https:\/\/mivoot.com\/gt\/#\/schema\/logo\/image\/\"},\"sameAs\":[\"https:\/\/www.facebook.com\/mivootgt\",\"https:\/\/instagram.com\/mivoot\"]}]}<\/script>\n<!-- \/ Yoast SEO Premium plugin. -->","yoast_head_json":{"title":"Ventilador Industrial BlueDri Lasko - Mivoot","robots":{"index":"index","follow":"follow","max-snippet":"max-snippet:-1","max-image-preview":"max-image-preview:large","max-video-preview":"max-video-preview:-1"},"canonical":"https:\/\/mivoot.com\/gt\/producto\/ventilador-industrial-bluedri-lasko\/","og_locale":"es_ES","og_type":"article","og_title":"Ventilador Industrial BlueDri Lasko","og_description":"- Potente motor de 1\/8 HP - 2 velocidades - 3 \u00e1ngulos de giro - Capacidad de flujo de aire 600 pies c\u00fabicos por minuto - Color Negro - Dise\u00f1o de ventilador el\u00e9ctrico y Soplador portatil - Dimensiones del producto 11,4\" de profundidad x 9,7\" de ancho x 12,7\" de alto  - Dimensiones CM 28, 95 cm x 24.64 cm x 32,5 cm. - Peso de 3,8 kilos \/ 8,4 libras - Tipo de habitaci\u00f3n Garaje, s\u00f3tano, taller, hogar. - Potencia 150 vatios - Voltaje 120 voltios - Tipo de interruptor Controles manuales - Uso interior\/exterior Interior","og_url":"https:\/\/mivoot.com\/gt\/producto\/ventilador-industrial-bluedri-lasko\/","og_site_name":"Mivoot","article_publisher":"https:\/\/www.facebook.com\/mivootgt","article_modified_time":"2024-05-08T20:11:36+00:00","og_image":[{"width":500,"height":500,"url":"https:\/\/mivoot.com\/gt\/wp-content\/uploads\/2024\/05\/fanbluedrie03.jpg","type":"image\/jpeg"}],"twitter_card":"summary_large_image","twitter_misc":{"Est. reading time":"4 minutos"},"schema":{"@context":"https:\/\/schema.org","@graph":[{"@type":"WebPage","@id":"https:\/\/mivoot.com\/gt\/producto\/ventilador-industrial-bluedri-lasko\/","url":"https:\/\/mivoot.com\/gt\/producto\/ventilador-industrial-bluedri-lasko\/","name":"Ventilador Industrial BlueDri Lasko - Mivoot","isPartOf":{"@id":"https:\/\/mivoot.com\/gt\/#website"},"primaryImageOfPage":{"@id":"https:\/\/mivoot.com\/gt\/producto\/ventilador-industrial-bluedri-lasko\/#primaryimage"},"image":{"@id":"https:\/\/mivoot.com\/gt\/producto\/ventilador-industrial-bluedri-lasko\/#primaryimage"},"thumbnailUrl":"https:\/\/mivoot.com\/gt\/wp-content\/uploads\/2024\/05\/fanbluedrie03.jpg","datePublished":"2024-05-08T02:00:04+00:00","dateModified":"2024-05-08T20:11:36+00:00","breadcrumb":{"@id":"https:\/\/mivoot.com\/gt\/producto\/ventilador-industrial-bluedri-lasko\/#breadcrumb"},"inLanguage":"es","potentialAction":[{"@type":"ReadAction","target":["https:\/\/mivoot.com\/gt\/producto\/ventilador-industrial-bluedri-lasko\/"]}]},{"@type":"ImageObject","inLanguage":"es","@id":"https:\/\/mivoot.com\/gt\/producto\/ventilador-industrial-bluedri-lasko\/#primaryimage","url":"https:\/\/mivoot.com\/gt\/wp-content\/uploads\/2024\/05\/fanbluedrie03.jpg","contentUrl":"https:\/\/mivoot.com\/gt\/wp-content\/uploads\/2024\/05\/fanbluedrie03.jpg","width":500,"height":500},{"@type":"BreadcrumbList","@id":"https:\/\/mivoot.com\/gt\/producto\/ventilador-industrial-bluedri-lasko\/#breadcrumb","itemListElement":[{"@type":"ListItem","position":1,"name":"Inicio","item":"https:\/\/mivoot.com\/gt\/"},{"@type":"ListItem","position":2,"name":"Productos","item":"https:\/\/mivoot.com\/gt\/producto\/"},{"@type":"ListItem","position":3,"name":"Lasko","item":"https:\/\/mivoot.com\/gt\/marca\/lasko\/"},{"@type":"ListItem","position":4,"name":"Ventilador Industrial BlueDri Lasko"}]},{"@type":"WebSite","@id":"https:\/\/mivoot.com\/gt\/#website","url":"https:\/\/mivoot.com\/gt\/","name":"Mivoot","description":"Mivoot Guatemala | Tienda Online","publisher":{"@id":"https:\/\/mivoot.com\/gt\/#organization"},"alternateName":"mivoot","potentialAction":[{"@type":"SearchAction","target":{"@type":"EntryPoint","urlTemplate":"https:\/\/mivoot.com\/gt\/?s={search_term_string}"},"query-input":{"@type":"PropertyValueSpecification","valueRequired":true,"valueName":"search_term_string"}}],"inLanguage":"es"},{"@type":"Organization","@id":"https:\/\/mivoot.com\/gt\/#organization","name":"Mivoot Guatemala","alternateName":"mivoot.com","url":"https:\/\/mivoot.com\/gt\/","logo":{"@type":"ImageObject","inLanguage":"es","@id":"https:\/\/mivoot.com\/gt\/#\/schema\/logo\/image\/","url":"https:\/\/mivoot.com\/gt\/wp-content\/uploads\/2023\/03\/cropped-icon.png","contentUrl":"https:\/\/mivoot.com\/gt\/wp-content\/uploads\/2023\/03\/cropped-icon.png","width":512,"height":512,"caption":"Mivoot Guatemala"},"image":{"@id":"https:\/\/mivoot.com\/gt\/#\/schema\/logo\/image\/"},"sameAs":["https:\/\/www.facebook.com\/mivootgt","https:\/\/instagram.com\/mivoot"]}]}},"jetpack_publicize_connections":[],"jetpack_sharing_enabled":true,"brands":[{"id":293,"name":"Lasko","slug":"lasko"}],"_links":{"self":[{"href":"https:\/\/mivoot.com\/gt\/wp-json\/wp\/v2\/product\/19100","targetHints":{"allow":["GET"]}}],"collection":[{"href":"https:\/\/mivoot.com\/gt\/wp-json\/wp\/v2\/product"}],"about":[{"href":"https:\/\/mivoot.com\/gt\/wp-json\/wp\/v2\/types\/product"}],"replies":[{"embeddable":true,"href":"https:\/\/mivoot.com\/gt\/wp-json\/wp\/v2\/comments?post=19100"}],"version-history":[{"count":1,"href":"https:\/\/mivoot.com\/gt\/wp-json\/wp\/v2\/product\/19100\/revisions"}],"predecessor-version":[{"id":19109,"href":"https:\/\/mivoot.com\/gt\/wp-json\/wp\/v2\/product\/19100\/revisions\/19109"}],"wp:featuredmedia":[{"embeddable":true,"href":"https:\/\/mivoot.com\/gt\/wp-json\/wp\/v2\/media\/19108"}],"wp:attachment":[{"href":"https:\/\/mivoot.com\/gt\/wp-json\/wp\/v2\/media?parent=19100"}],"wp:term":[{"taxonomy":"pwb-brand","embeddable":true,"href":"https:\/\/mivoot.com\/gt\/wp-json\/wp\/v2\/pwb-brand?post=19100"},{"taxonomy":"product_brand","embeddable":true,"href":"https:\/\/mivoot.com\/gt\/wp-json\/wp\/v2\/product_brand?post=19100"},{"taxonomy":"product_cat","embeddable":true,"href":"https:\/\/mivoot.com\/gt\/wp-json\/wp\/v2\/product_cat?post=19100"},{"taxonomy":"product_tag","embeddable":true,"href":"https:\/\/mivoot.com\/gt\/wp-json\/wp\/v2\/product_tag?post=19100"}],"curies":[{"name":"wp","href":"https:\/\/api.w.org\/{rel}","templated":true}]}}