{"id":19230,"date":"2024-05-10T12:48:59","date_gmt":"2024-05-10T18:48:59","guid":{"rendered":"https:\/\/mivoot.com\/gt\/?post_type=product&#038;p=19230"},"modified":"2026-02-06T15:19:37","modified_gmt":"2026-02-06T21:19:37","slug":"bocina-partybox-stage-120","status":"publish","type":"product","link":"https:\/\/mivoot.com\/gt\/producto\/bocina-partybox-stage-120\/","title":{"rendered":"Bocina Partybox Club 120 JBL"},"content":{"rendered":"<h1 class=\"headline\" data-productname=\"JBL PartyBox Club 120\">JBL PartyBox Club 120<\/h1>\n<p class=\"teaser\">Altavoz port\u00e1til para fiestas con potente JBL Pro Sound, un emocionante espect\u00e1culo de luces, a prueba de salpicaduras, con mango plegable y bater\u00eda reemplazable<\/p>\n<h3>Potente sonido JBL Pro Sound<\/h3>\n<p>Rockea con el JBL Pro Sound que ofrece sonidos claros y din\u00e1micos y graves m\u00e1s profundos incluso a todo volumen.<\/p>\n<h3>Espect\u00e1culo de luces futurista<\/h3>\n<p>Combina ese sorprendente sonido con un emocionante espect\u00e1culo de luces estelares futurista, geniales estelas de luz y efectos de luz estrobosc\u00f3pica, todo sincronizado con tu ritmo.<\/p>\n<h3>Hasta 12 horas de reproducci\u00f3n continua<\/h3>\n<p>Baila desde el mediod\u00eda hasta la medianoche con hasta 12 horas de tiempo de reproducci\u00f3n, con una sola carga. Y si apenas est\u00e1s entrando en calor, simplemente cambia la bater\u00eda reemplazable* y sigue adelante. Adem\u00e1s, la carga r\u00e1pida de 10 minutos te brinda 80 minutos adicionales de tiempo de reproducci\u00f3n. * La bater\u00eda reemplazable se vende por separado<\/p>\n<p><img decoding=\"async\" src=\"https:\/\/m.media-amazon.com\/images\/S\/aplus-media-library-service-media\/eabb5e45-d10f-46db-9d89-66d0854930cb.__CR0,190,1480,607_PT0_SX1464_V1___.jpg\" alt=\"Partybox club 120 sound\" \/><\/p>\n<h2>Especificaciones<\/h2>\n<ul>\n<li>&#8211; Entrada auxiliar 370mV RMS (conector de 3.5 mm)<\/li>\n<li>&#8211; Entrada de micr\u00f3fono 20mV RMS<\/li>\n<li>&#8211; Entrada de guitarra 100mV RMS<\/li>\n<li>&#8211; Entrada Bluetooth\/USB -9dBFS<\/li>\n<li>&#8211; Dimensiones del producto (ancho x alto x profundidad)<\/li>\n<li>&#8211; 288.4 mm x 570 mm x 297 mm \/ 11.35 in x 22.44 in x 11.69 in<\/li>\n<li>&#8211; Peso neto 11.05 kg\/24.35 lb<\/li>\n<li>&#8211; Formato USB FAT16, FAT32<\/li>\n<li>&#8211; Versi\u00f3n de Bluetooth\u00ae 5.4<\/li>\n<li>&#8211; Tipo de bater\u00eda:JBL BATTERY200 Pol\u00edmero de iones de litio de 34 Wh (equivalentes a 7.2V\/4277mAh)<\/li>\n<li>&#8211; Tiempo de carga de la bater\u00eda 3.5 horas (modo de apagado del altavoz)<\/li>\n<li>&#8211; Tiempo de reproducci\u00f3n de m\u00fasica hasta 12 horas (seg\u00fan el nivel de volumen y el contenido del audio)<\/li>\n<\/ul>\n<p><img fetchpriority=\"high\" decoding=\"async\" class=\"alignnone size-full wp-image-19238\" src=\"https:\/\/mivoot.com\/gt\/wp-content\/uploads\/2024\/05\/bocinas.png\" alt=\"\" width=\"1423\" height=\"625\" srcset=\"https:\/\/mivoot.com\/gt\/wp-content\/uploads\/2024\/05\/bocinas.png 1423w, https:\/\/mivoot.com\/gt\/wp-content\/uploads\/2024\/05\/bocinas-410x180.png 410w, https:\/\/mivoot.com\/gt\/wp-content\/uploads\/2024\/05\/bocinas-64x28.png 64w, https:\/\/mivoot.com\/gt\/wp-content\/uploads\/2024\/05\/bocinas-300x132.png 300w, https:\/\/mivoot.com\/gt\/wp-content\/uploads\/2024\/05\/bocinas-768x337.png 768w, https:\/\/mivoot.com\/gt\/wp-content\/uploads\/2024\/05\/bocinas-600x264.png 600w\" sizes=\"(max-width: 1423px) 100vw, 1423px\" \/><\/p>\n","protected":false},"excerpt":{"rendered":"<p>&#8211; Potencia de salida 160 W<br \/>\n&#8211; Entrada auxiliar 370mV RMS (conector de 3.5 mm)<br \/>\n&#8211; Entrada de micr\u00f3fono 20mV RMS<br \/>\n&#8211; Entrada de guitarra 100mV RMS<br \/>\n&#8211; Entrada Bluetooth\/USB -9dBFS<br \/>\n&#8211; Peso neto 11.05 kg\/24.35 lb<br \/>\n&#8211; Formato USB FAT16, FAT32<br \/>\n&#8211; Versi\u00f3n de Bluetooth\u00ae 5.4<br \/>\n&#8211; Tipo de bater\u00eda:JBL BATTERY200 Pol\u00edmero de iones de litio de 34 Wh (equivalentes a 7.2V\/4277mAh)<br \/>\n&#8211; Tiempo de carga de la bater\u00eda 3.5 horas (modo de apagado del altavoz)<br \/>\n&#8211; Tiempo de reproducci\u00f3n de m\u00fasica hasta 12 horas (seg\u00fan el nivel de volumen y el contenido del audio)<br \/>\n&#8211; Dimensiones del producto (ancho x alto x profundidad)<br \/>\n&#8211; 288.4 mm x 570 mm x 297 mm \/ 11.35 in x 22.44 in x 11.69 in<\/p>\n","protected":false},"featured_media":19239,"comment_status":"open","ping_status":"closed","template":"","meta":{"jetpack_publicize_message":"","jetpack_publicize_feature_enabled":true,"jetpack_social_post_already_shared":true,"jetpack_social_options":{"image_generator_settings":{"template":"highway","default_image_id":0,"font":"","enabled":false},"version":2}},"pwb-brand":[75],"product_brand":[],"product_cat":[26],"product_tag":[349],"class_list":{"0":"post-19230","1":"product","2":"type-product","3":"status-publish","4":"has-post-thumbnail","6":"pwb-brand-jbl","7":"product_cat-bocinas","8":"product_tag-jbl-party-box","10":"first","11":"instock","12":"taxable","13":"shipping-taxable","14":"purchasable","15":"product-type-simple"},"yoast_head":"<!-- This site is optimized with the Yoast SEO Premium plugin v25.7.1 (Yoast SEO v26.8) - https:\/\/yoast.com\/product\/yoast-seo-premium-wordpress\/ -->\n<title>Bocina Partybox Club 120 JBL - Mivoot<\/title>\n<meta name=\"robots\" content=\"index, follow, max-snippet:-1, max-image-preview:large, max-video-preview:-1\" \/>\n<link rel=\"canonical\" href=\"https:\/\/mivoot.com\/gt\/producto\/bocina-partybox-stage-120\/\" \/>\n<meta property=\"og:locale\" content=\"es_ES\" \/>\n<meta property=\"og:type\" content=\"article\" \/>\n<meta property=\"og:title\" content=\"Bocina Partybox Club 120 JBL\" \/>\n<meta property=\"og:description\" content=\"- Potencia de salida 160 W - Entrada auxiliar 370mV RMS (conector de 3.5 mm) - Entrada de micr\u00f3fono 20mV RMS - Entrada de guitarra 100mV RMS - Entrada Bluetooth\/USB -9dBFS - Peso neto 11.05 kg\/24.35 lb - Formato USB FAT16, FAT32 - Versi\u00f3n de Bluetooth\u00ae 5.4 - Tipo de bater\u00eda:JBL BATTERY200 Pol\u00edmero de iones de litio de 34 Wh (equivalentes a 7.2V\/4277mAh) - Tiempo de carga de la bater\u00eda 3.5 horas (modo de apagado del altavoz) - Tiempo de reproducci\u00f3n de m\u00fasica hasta 12 horas (seg\u00fan el nivel de volumen y el contenido del audio) - Dimensiones del producto (ancho x alto x profundidad) - 288.4 mm x 570 mm x 297 mm \/ 11.35 in x 22.44 in x 11.69 in\" \/>\n<meta property=\"og:url\" content=\"https:\/\/mivoot.com\/gt\/producto\/bocina-partybox-stage-120\/\" \/>\n<meta property=\"og:site_name\" content=\"Mivoot\" \/>\n<meta property=\"article:publisher\" content=\"https:\/\/www.facebook.com\/mivootgt\" \/>\n<meta property=\"article:modified_time\" content=\"2026-02-06T21:19:37+00:00\" \/>\n<meta property=\"og:image\" content=\"https:\/\/mivoot.com\/gt\/wp-content\/uploads\/2024\/05\/partyboxclu120.png\" \/>\n\t<meta property=\"og:image:width\" content=\"1020\" \/>\n\t<meta property=\"og:image:height\" content=\"1020\" \/>\n\t<meta property=\"og:image:type\" content=\"image\/png\" \/>\n<meta name=\"twitter:card\" content=\"summary_large_image\" \/>\n<meta name=\"twitter:label1\" content=\"Est. reading time\" \/>\n\t<meta name=\"twitter:data1\" content=\"2 minutos\" \/>\n<script type=\"application\/ld+json\" class=\"yoast-schema-graph\">{\"@context\":\"https:\/\/schema.org\",\"@graph\":[{\"@type\":\"WebPage\",\"@id\":\"https:\/\/mivoot.com\/gt\/producto\/bocina-partybox-stage-120\/\",\"url\":\"https:\/\/mivoot.com\/gt\/producto\/bocina-partybox-stage-120\/\",\"name\":\"Bocina Partybox Club 120 JBL - Mivoot\",\"isPartOf\":{\"@id\":\"https:\/\/mivoot.com\/gt\/#website\"},\"primaryImageOfPage\":{\"@id\":\"https:\/\/mivoot.com\/gt\/producto\/bocina-partybox-stage-120\/#primaryimage\"},\"image\":{\"@id\":\"https:\/\/mivoot.com\/gt\/producto\/bocina-partybox-stage-120\/#primaryimage\"},\"thumbnailUrl\":\"https:\/\/mivoot.com\/gt\/wp-content\/uploads\/2024\/05\/partyboxclu120.png\",\"datePublished\":\"2024-05-10T18:48:59+00:00\",\"dateModified\":\"2026-02-06T21:19:37+00:00\",\"breadcrumb\":{\"@id\":\"https:\/\/mivoot.com\/gt\/producto\/bocina-partybox-stage-120\/#breadcrumb\"},\"inLanguage\":\"es\",\"potentialAction\":[{\"@type\":\"ReadAction\",\"target\":[\"https:\/\/mivoot.com\/gt\/producto\/bocina-partybox-stage-120\/\"]}]},{\"@type\":\"ImageObject\",\"inLanguage\":\"es\",\"@id\":\"https:\/\/mivoot.com\/gt\/producto\/bocina-partybox-stage-120\/#primaryimage\",\"url\":\"https:\/\/mivoot.com\/gt\/wp-content\/uploads\/2024\/05\/partyboxclu120.png\",\"contentUrl\":\"https:\/\/mivoot.com\/gt\/wp-content\/uploads\/2024\/05\/partyboxclu120.png\",\"width\":1605,\"height\":1605},{\"@type\":\"BreadcrumbList\",\"@id\":\"https:\/\/mivoot.com\/gt\/producto\/bocina-partybox-stage-120\/#breadcrumb\",\"itemListElement\":[{\"@type\":\"ListItem\",\"position\":1,\"name\":\"Inicio\",\"item\":\"https:\/\/mivoot.com\/gt\/\"},{\"@type\":\"ListItem\",\"position\":2,\"name\":\"Productos\",\"item\":\"https:\/\/mivoot.com\/gt\/producto\/\"},{\"@type\":\"ListItem\",\"position\":3,\"name\":\"JBL\",\"item\":\"https:\/\/mivoot.com\/gt\/marca\/jbl\/\"},{\"@type\":\"ListItem\",\"position\":4,\"name\":\"Bocina Partybox Club 120 JBL\"}]},{\"@type\":\"WebSite\",\"@id\":\"https:\/\/mivoot.com\/gt\/#website\",\"url\":\"https:\/\/mivoot.com\/gt\/\",\"name\":\"Mivoot\",\"description\":\"Mivoot Guatemala | Tienda Online\",\"publisher\":{\"@id\":\"https:\/\/mivoot.com\/gt\/#organization\"},\"alternateName\":\"mivoot\",\"potentialAction\":[{\"@type\":\"SearchAction\",\"target\":{\"@type\":\"EntryPoint\",\"urlTemplate\":\"https:\/\/mivoot.com\/gt\/?s={search_term_string}\"},\"query-input\":{\"@type\":\"PropertyValueSpecification\",\"valueRequired\":true,\"valueName\":\"search_term_string\"}}],\"inLanguage\":\"es\"},{\"@type\":\"Organization\",\"@id\":\"https:\/\/mivoot.com\/gt\/#organization\",\"name\":\"Mivoot Guatemala\",\"alternateName\":\"mivoot.com\",\"url\":\"https:\/\/mivoot.com\/gt\/\",\"logo\":{\"@type\":\"ImageObject\",\"inLanguage\":\"es\",\"@id\":\"https:\/\/mivoot.com\/gt\/#\/schema\/logo\/image\/\",\"url\":\"https:\/\/mivoot.com\/gt\/wp-content\/uploads\/2023\/03\/cropped-icon.png\",\"contentUrl\":\"https:\/\/mivoot.com\/gt\/wp-content\/uploads\/2023\/03\/cropped-icon.png\",\"width\":512,\"height\":512,\"caption\":\"Mivoot Guatemala\"},\"image\":{\"@id\":\"https:\/\/mivoot.com\/gt\/#\/schema\/logo\/image\/\"},\"sameAs\":[\"https:\/\/www.facebook.com\/mivootgt\",\"https:\/\/instagram.com\/mivoot\"]}]}<\/script>\n<!-- \/ Yoast SEO Premium plugin. -->","yoast_head_json":{"title":"Bocina Partybox Club 120 JBL - Mivoot","robots":{"index":"index","follow":"follow","max-snippet":"max-snippet:-1","max-image-preview":"max-image-preview:large","max-video-preview":"max-video-preview:-1"},"canonical":"https:\/\/mivoot.com\/gt\/producto\/bocina-partybox-stage-120\/","og_locale":"es_ES","og_type":"article","og_title":"Bocina Partybox Club 120 JBL","og_description":"- Potencia de salida 160 W - Entrada auxiliar 370mV RMS (conector de 3.5 mm) - Entrada de micr\u00f3fono 20mV RMS - Entrada de guitarra 100mV RMS - Entrada Bluetooth\/USB -9dBFS - Peso neto 11.05 kg\/24.35 lb - Formato USB FAT16, FAT32 - Versi\u00f3n de Bluetooth\u00ae 5.4 - Tipo de bater\u00eda:JBL BATTERY200 Pol\u00edmero de iones de litio de 34 Wh (equivalentes a 7.2V\/4277mAh) - Tiempo de carga de la bater\u00eda 3.5 horas (modo de apagado del altavoz) - Tiempo de reproducci\u00f3n de m\u00fasica hasta 12 horas (seg\u00fan el nivel de volumen y el contenido del audio) - Dimensiones del producto (ancho x alto x profundidad) - 288.4 mm x 570 mm x 297 mm \/ 11.35 in x 22.44 in x 11.69 in","og_url":"https:\/\/mivoot.com\/gt\/producto\/bocina-partybox-stage-120\/","og_site_name":"Mivoot","article_publisher":"https:\/\/www.facebook.com\/mivootgt","article_modified_time":"2026-02-06T21:19:37+00:00","og_image":[{"url":"https:\/\/mivoot.com\/gt\/wp-content\/uploads\/2024\/05\/partyboxclu120.png","width":1020,"height":1020,"type":"image\/png"}],"twitter_card":"summary_large_image","twitter_misc":{"Est. reading time":"2 minutos"},"schema":{"@context":"https:\/\/schema.org","@graph":[{"@type":"WebPage","@id":"https:\/\/mivoot.com\/gt\/producto\/bocina-partybox-stage-120\/","url":"https:\/\/mivoot.com\/gt\/producto\/bocina-partybox-stage-120\/","name":"Bocina Partybox Club 120 JBL - Mivoot","isPartOf":{"@id":"https:\/\/mivoot.com\/gt\/#website"},"primaryImageOfPage":{"@id":"https:\/\/mivoot.com\/gt\/producto\/bocina-partybox-stage-120\/#primaryimage"},"image":{"@id":"https:\/\/mivoot.com\/gt\/producto\/bocina-partybox-stage-120\/#primaryimage"},"thumbnailUrl":"https:\/\/mivoot.com\/gt\/wp-content\/uploads\/2024\/05\/partyboxclu120.png","datePublished":"2024-05-10T18:48:59+00:00","dateModified":"2026-02-06T21:19:37+00:00","breadcrumb":{"@id":"https:\/\/mivoot.com\/gt\/producto\/bocina-partybox-stage-120\/#breadcrumb"},"inLanguage":"es","potentialAction":[{"@type":"ReadAction","target":["https:\/\/mivoot.com\/gt\/producto\/bocina-partybox-stage-120\/"]}]},{"@type":"ImageObject","inLanguage":"es","@id":"https:\/\/mivoot.com\/gt\/producto\/bocina-partybox-stage-120\/#primaryimage","url":"https:\/\/mivoot.com\/gt\/wp-content\/uploads\/2024\/05\/partyboxclu120.png","contentUrl":"https:\/\/mivoot.com\/gt\/wp-content\/uploads\/2024\/05\/partyboxclu120.png","width":1605,"height":1605},{"@type":"BreadcrumbList","@id":"https:\/\/mivoot.com\/gt\/producto\/bocina-partybox-stage-120\/#breadcrumb","itemListElement":[{"@type":"ListItem","position":1,"name":"Inicio","item":"https:\/\/mivoot.com\/gt\/"},{"@type":"ListItem","position":2,"name":"Productos","item":"https:\/\/mivoot.com\/gt\/producto\/"},{"@type":"ListItem","position":3,"name":"JBL","item":"https:\/\/mivoot.com\/gt\/marca\/jbl\/"},{"@type":"ListItem","position":4,"name":"Bocina Partybox Club 120 JBL"}]},{"@type":"WebSite","@id":"https:\/\/mivoot.com\/gt\/#website","url":"https:\/\/mivoot.com\/gt\/","name":"Mivoot","description":"Mivoot Guatemala | Tienda Online","publisher":{"@id":"https:\/\/mivoot.com\/gt\/#organization"},"alternateName":"mivoot","potentialAction":[{"@type":"SearchAction","target":{"@type":"EntryPoint","urlTemplate":"https:\/\/mivoot.com\/gt\/?s={search_term_string}"},"query-input":{"@type":"PropertyValueSpecification","valueRequired":true,"valueName":"search_term_string"}}],"inLanguage":"es"},{"@type":"Organization","@id":"https:\/\/mivoot.com\/gt\/#organization","name":"Mivoot Guatemala","alternateName":"mivoot.com","url":"https:\/\/mivoot.com\/gt\/","logo":{"@type":"ImageObject","inLanguage":"es","@id":"https:\/\/mivoot.com\/gt\/#\/schema\/logo\/image\/","url":"https:\/\/mivoot.com\/gt\/wp-content\/uploads\/2023\/03\/cropped-icon.png","contentUrl":"https:\/\/mivoot.com\/gt\/wp-content\/uploads\/2023\/03\/cropped-icon.png","width":512,"height":512,"caption":"Mivoot Guatemala"},"image":{"@id":"https:\/\/mivoot.com\/gt\/#\/schema\/logo\/image\/"},"sameAs":["https:\/\/www.facebook.com\/mivootgt","https:\/\/instagram.com\/mivoot"]}]}},"jetpack_publicize_connections":[],"jetpack_sharing_enabled":true,"brands":[{"id":75,"name":"JBL","slug":"jbl"}],"_links":{"self":[{"href":"https:\/\/mivoot.com\/gt\/wp-json\/wp\/v2\/product\/19230","targetHints":{"allow":["GET"]}}],"collection":[{"href":"https:\/\/mivoot.com\/gt\/wp-json\/wp\/v2\/product"}],"about":[{"href":"https:\/\/mivoot.com\/gt\/wp-json\/wp\/v2\/types\/product"}],"replies":[{"embeddable":true,"href":"https:\/\/mivoot.com\/gt\/wp-json\/wp\/v2\/comments?post=19230"}],"version-history":[{"count":5,"href":"https:\/\/mivoot.com\/gt\/wp-json\/wp\/v2\/product\/19230\/revisions"}],"predecessor-version":[{"id":21177,"href":"https:\/\/mivoot.com\/gt\/wp-json\/wp\/v2\/product\/19230\/revisions\/21177"}],"wp:featuredmedia":[{"embeddable":true,"href":"https:\/\/mivoot.com\/gt\/wp-json\/wp\/v2\/media\/19239"}],"wp:attachment":[{"href":"https:\/\/mivoot.com\/gt\/wp-json\/wp\/v2\/media?parent=19230"}],"wp:term":[{"taxonomy":"pwb-brand","embeddable":true,"href":"https:\/\/mivoot.com\/gt\/wp-json\/wp\/v2\/pwb-brand?post=19230"},{"taxonomy":"product_brand","embeddable":true,"href":"https:\/\/mivoot.com\/gt\/wp-json\/wp\/v2\/product_brand?post=19230"},{"taxonomy":"product_cat","embeddable":true,"href":"https:\/\/mivoot.com\/gt\/wp-json\/wp\/v2\/product_cat?post=19230"},{"taxonomy":"product_tag","embeddable":true,"href":"https:\/\/mivoot.com\/gt\/wp-json\/wp\/v2\/product_tag?post=19230"}],"curies":[{"name":"wp","href":"https:\/\/api.w.org\/{rel}","templated":true}]}}